{"id":671267,"date":"2023-03-14T14:48:08","date_gmt":"2023-03-14T12:48:08","guid":{"rendered":"https:\/\/mmkserviss.lv\/?post_type=product&#038;p=671267"},"modified":"2025-02-13T00:01:43","modified_gmt":"2025-02-12T22:01:43","slug":"205-65r16c-antares-nt3000-101-98s","status":"publish","type":"product","link":"https:\/\/mmkriepas.lv\/en\/p\/205-65r16c-antares-nt3000-101-98s\/","title":{"rendered":"205\/65R16C Antares NT 3000 101\/98S DOT"},"content":{"rendered":"<p><strong>Antares NT 3000<\/strong> ir komerctransporta vasaras riepu modelis. \u0160is modelis b\u016bs labi piem\u0113rots transportam kas p\u0101rvietojas gan pa asfalt\u0113tiem ce\u013ciem, gan pa zemes ce\u013ciem. Atrodoties kust\u012bb\u0101 \u0161\u012b riepa izce\u013cas ar lielisku taisnvirziena <em>stabilit\u0101ti<\/em> uz <em>s<\/em><em>lapj\u0101m virsm\u0101m<\/em> un stabilit\u0101ti, manevr\u0113jot <em>iev\u0113rojamas svara slodzes gad\u012bjum\u0101<\/em>.<\/p>\n<p><strong>NT 3000 mode\u013ca iez\u012bmes:<\/strong><\/p>\n<p>+ Optimiz\u0113ts gumijas sast\u0101vs un protektora dizains uzlabo nodilumiztur\u012bbu.<\/p>\n<p>+ Nep\u0101rtrauktas plecu zonas nov\u0113r\u0161 nevienm\u0113r\u012bgu nodilumu un palielina stabilit\u0101ti manevr\u0113\u0161anas laik\u0101;<\/p>\n<p>+ Tr\u012bs lielas un l\u012bkumotas raksta rievas nodro\u0161ina izcilu \u016bdens novad\u012b\u0161anas veiktsp\u0113ju.<\/p>\n<p>+ Lielu bloku protektora dizains uzlabo bremz\u0113\u0161anas un vad\u0101m\u012bbas veiktsp\u0113ju un sa\u0137eri ar slapju ce\u013ca segumu.<\/p>\n<p><strong>NT 3000 raksturojums:<\/strong><\/p>\n<p>Protektora z\u012bm\u0113jums izce\u013cas ar lielu elementu izm\u0113ru. Tas palielina saskares laukumu, un apvienojum\u0101 ar optimiz\u0113to protektora rakstu tas saglab\u0101 to manevr\u0113\u0161anas laik\u0101 un samazina nevienm\u0113r\u012bgu nodilumu. Plecu zonas ir nep\u0101rtrauktas. Tas palielina taisnvirziena stabilit\u0101ti un vad\u012bbas precizit\u0101ti liel\u0101 \u0101trum\u0101, k\u0101 ar\u012b stabilit\u0101ti manevr\u0113\u0161anas laik\u0101.<\/p>\n<p><strong>*Uzman\u012bbu<\/strong>: vasaras riepas, kas ir ra\u017eotas \u0136\u012bn\u0101, var b\u016bt apz\u012bm\u0113tas ar apz\u012bm\u0113jumu M + S. J\u0101\u0146em ver\u0101, ka \u0136\u012bnas teritorija sniedzas da\u017e\u0101d\u0101s klimatiskaj\u0101s zon\u0101s, kur da\u017eviet metereolo\u0123isk\u0101 ziema t\u0101 ar\u012b neiest\u0101jas. L\u012bdz ar to, tur \u0161\u012bs riepas var izmantot visu gadu, kam\u0113r\u00a0<strong>Latvij\u0101 tas nestr\u0101d\u0101<\/strong>!<\/p>\n","protected":false},"excerpt":{"rendered":"<p><strong><span style=\"font-family: 'Arial',sans-serif;\">Antares NT 3000<\/span><\/strong><span style=\"font-family: 'Arial',sans-serif;\"> ir komerctransporta vasaras riepu modelis. \u0160is modelis b\u016bs labi piem\u0113rots transportam kas p\u0101rvietojas gan pa asfalt\u0113tiem ce\u013ciem, gan pa zemes ce\u013ciem. Atrodoties kust\u012bb\u0101 \u0161\u012b riepa izce\u013cas ar lielisku taisnvirziena <em><span style=\"font-family: 'Arial',sans-serif; font-style: normal;\">stabilit\u0101ti<\/span><\/em><i> <\/i>uz <i>s<\/i><em><span style=\"font-family: 'Arial',sans-serif; font-style: normal;\">lapj\u0101m virsm\u0101m<\/span><\/em> un stabilit\u0101ti, manevr\u0113jot <em><span style=\"font-family: 'Arial',sans-serif; font-style: normal;\">iev\u0113rojamas svara slodzes gad\u012bjum\u0101<\/span><\/em>.<o:p><\/o:p><\/span><\/p>\n","protected":false},"featured_media":733526,"template":"","meta":{"_acf_changed":false,"ngg_post_thumbnail":0},"product_brand":[],"product_cat":[46],"product_tag":[22820],"class_list":{"0":"post-671267","1":"product","2":"type-product","3":"status-publish","4":"has-post-thumbnail","6":"product_cat-vasaras-riepas","7":"product_tag-64636efdd2e27","9":"first","10":"outofstock","11":"sale","12":"taxable","13":"shipping-taxable","14":"product-type-simple"},"acf":[],"yoast_head":"<!-- This site is optimized with the Yoast SEO Premium plugin v22.6 (Yoast SEO v27.3) - https:\/\/yoast.com\/product\/yoast-seo-premium-wordpress\/ -->\n<title>205\/65R16C Antares NT 3000 101\/98S DOT &#8226; MMK Riepas<\/title>\n<meta name=\"robots\" content=\"index, follow, max-snippet:-1, max-image-preview:large, max-video-preview:-1\" \/>\n<link rel=\"canonical\" href=\"https:\/\/mmkriepas.lv\/en\/p\/205-65r16c-antares-nt3000-101-98s\/\" \/>\n<meta property=\"og:locale\" content=\"en_US\" \/>\n<meta property=\"og:type\" content=\"article\" \/>\n<meta property=\"og:title\" content=\"205\/65R16C Antares NT 3000 101\/98S DOT\" \/>\n<meta property=\"og:description\" content=\"Antares NT 3000 ir komerctransporta vasaras riepu modelis. \u0160is modelis b\u016bs labi piem\u0113rots transportam kas p\u0101rvietojas gan pa asfalt\u0113tiem ce\u013ciem, gan pa zemes ce\u013ciem. Atrodoties kust\u012bb\u0101 \u0161\u012b riepa izce\u013cas ar lielisku taisnvirziena stabilit\u0101ti uz slapj\u0101m virsm\u0101m un stabilit\u0101ti, manevr\u0113jot iev\u0113rojamas svara slodzes gad\u012bjum\u0101.\" \/>\n<meta property=\"og:url\" content=\"https:\/\/mmkriepas.lv\/en\/p\/205-65r16c-antares-nt3000-101-98s\/\" \/>\n<meta property=\"og:site_name\" content=\"MMK Riepas\" \/>\n<meta property=\"article:publisher\" content=\"https:\/\/www.facebook.com\/mmkserviss\/\" \/>\n<meta property=\"article:modified_time\" content=\"2025-02-12T22:01:43+00:00\" \/>\n<meta property=\"og:image\" content=\"https:\/\/mmkriepas.lv\/wp-content\/uploads\/2023\/05\/20565r16c-antares-nt-3000-10198s-dot20-vasaras-riepas.jpeg\" \/>\n\t<meta property=\"og:image:width\" content=\"1920\" \/>\n\t<meta property=\"og:image:height\" content=\"1440\" \/>\n\t<meta property=\"og:image:type\" content=\"image\/jpeg\" \/>\n<meta name=\"twitter:card\" content=\"summary_large_image\" \/>\n<meta name=\"twitter:label1\" content=\"Price\" \/>\n\t<meta name=\"twitter:data1\" content=\"&euro;54.00\" \/>\n\t<meta name=\"twitter:label2\" content=\"Availability\" \/>\n\t<meta name=\"twitter:data2\" content=\"Out of stock\" \/>\n<script type=\"application\/ld+json\" class=\"yoast-schema-graph\">{\"@context\":\"https:\\\/\\\/schema.org\",\"@graph\":[{\"@type\":\"WebPage\",\"@id\":\"https:\\\/\\\/mmkriepas.lv\\\/en\\\/p\\\/205-65r16c-antares-nt3000-101-98s\\\/\",\"url\":\"https:\\\/\\\/mmkriepas.lv\\\/en\\\/p\\\/205-65r16c-antares-nt3000-101-98s\\\/\",\"name\":\"205\\\/65R16C Antares NT 3000 101\\\/98S DOT &#8226; MMK Riepas\",\"isPartOf\":{\"@id\":\"https:\\\/\\\/mmkriepas.lv\\\/en\\\/#website\"},\"primaryImageOfPage\":{\"@id\":\"https:\\\/\\\/mmkriepas.lv\\\/en\\\/p\\\/205-65r16c-antares-nt3000-101-98s\\\/#primaryimage\"},\"image\":{\"@id\":\"https:\\\/\\\/mmkriepas.lv\\\/en\\\/p\\\/205-65r16c-antares-nt3000-101-98s\\\/#primaryimage\"},\"thumbnailUrl\":\"https:\\\/\\\/mmkriepas.lv\\\/wp-content\\\/uploads\\\/2023\\\/05\\\/20565r16c-antares-nt-3000-10198s-dot20-vasaras-riepas.jpeg\",\"datePublished\":\"2023-03-14T12:48:08+00:00\",\"dateModified\":\"2025-02-12T22:01:43+00:00\",\"breadcrumb\":{\"@id\":\"https:\\\/\\\/mmkriepas.lv\\\/en\\\/p\\\/205-65r16c-antares-nt3000-101-98s\\\/#breadcrumb\"},\"inLanguage\":\"en-US\",\"potentialAction\":[{\"@type\":\"ReadAction\",\"target\":[\"https:\\\/\\\/mmkriepas.lv\\\/en\\\/p\\\/205-65r16c-antares-nt3000-101-98s\\\/\"]}]},{\"@type\":\"ImageObject\",\"inLanguage\":\"en-US\",\"@id\":\"https:\\\/\\\/mmkriepas.lv\\\/en\\\/p\\\/205-65r16c-antares-nt3000-101-98s\\\/#primaryimage\",\"url\":\"https:\\\/\\\/mmkriepas.lv\\\/wp-content\\\/uploads\\\/2023\\\/05\\\/20565r16c-antares-nt-3000-10198s-dot20-vasaras-riepas.jpeg\",\"contentUrl\":\"https:\\\/\\\/mmkriepas.lv\\\/wp-content\\\/uploads\\\/2023\\\/05\\\/20565r16c-antares-nt-3000-10198s-dot20-vasaras-riepas.jpeg\",\"width\":1920,\"height\":1440,\"caption\":\"205\\\/65R16C Antares NT 3000 101\\\/98S DOT20 - Vasaras riepas\"},{\"@type\":\"BreadcrumbList\",\"@id\":\"https:\\\/\\\/mmkriepas.lv\\\/en\\\/p\\\/205-65r16c-antares-nt3000-101-98s\\\/#breadcrumb\",\"itemListElement\":[{\"@type\":\"ListItem\",\"position\":1,\"name\":\"S\u0101kums\",\"item\":\"https:\\\/\\\/mmkriepas.lv\\\/en\\\/\"},{\"@type\":\"ListItem\",\"position\":2,\"name\":\"205\\\/65R16C Antares NT 3000 101\\\/98S DOT\"}]},{\"@type\":\"WebSite\",\"@id\":\"https:\\\/\\\/mmkriepas.lv\\\/en\\\/#website\",\"url\":\"https:\\\/\\\/mmkriepas.lv\\\/en\\\/\",\"name\":\"MMK Riepas\",\"description\":\"MMK Riepas\",\"alternateName\":\"MMK Riepu Serviss\",\"potentialAction\":[{\"@type\":\"SearchAction\",\"target\":{\"@type\":\"EntryPoint\",\"urlTemplate\":\"https:\\\/\\\/mmkriepas.lv\\\/en\\\/?s={search_term_string}\"},\"query-input\":{\"@type\":\"PropertyValueSpecification\",\"valueRequired\":true,\"valueName\":\"search_term_string\"}}],\"inLanguage\":\"en-US\"},{\"@type\":\"ImageObject\",\"inLanguage\":\"en-US\",\"@id\":\"https:\\\/\\\/mmkriepas.lv\\\/en\\\/p\\\/205-65r16c-antares-nt3000-101-98s\\\/#local-main-organization-logo\",\"url\":\"\",\"contentUrl\":\"\",\"caption\":\"MMK Riepas\"}]}<\/script>\n<meta property=\"product:brand\" content=\"Antares NT 3000\" \/>\n<meta property=\"product:price:amount\" content=\"54.00\" \/>\n<meta property=\"product:price:currency\" content=\"EUR\" \/>\n<meta property=\"og:availability\" content=\"out of stock\" \/>\n<meta property=\"product:availability\" content=\"out of stock\" \/>\n<meta property=\"product:retailer_item_id\" content=\"TS2056516CANTAR-22114\" \/>\n<meta property=\"product:condition\" content=\"new\" \/>\n<!-- \/ Yoast SEO Premium plugin. -->","yoast_head_json":{"title":"205\/65R16C Antares NT 3000 101\/98S DOT &#8226; MMK Riepas","robots":{"index":"index","follow":"follow","max-snippet":"max-snippet:-1","max-image-preview":"max-image-preview:large","max-video-preview":"max-video-preview:-1"},"canonical":"https:\/\/mmkriepas.lv\/en\/p\/205-65r16c-antares-nt3000-101-98s\/","og_locale":"en_US","og_type":"article","og_title":"205\/65R16C Antares NT 3000 101\/98S DOT","og_description":"Antares NT 3000 ir komerctransporta vasaras riepu modelis. \u0160is modelis b\u016bs labi piem\u0113rots transportam kas p\u0101rvietojas gan pa asfalt\u0113tiem ce\u013ciem, gan pa zemes ce\u013ciem. Atrodoties kust\u012bb\u0101 \u0161\u012b riepa izce\u013cas ar lielisku taisnvirziena stabilit\u0101ti uz slapj\u0101m virsm\u0101m un stabilit\u0101ti, manevr\u0113jot iev\u0113rojamas svara slodzes gad\u012bjum\u0101.","og_url":"https:\/\/mmkriepas.lv\/en\/p\/205-65r16c-antares-nt3000-101-98s\/","og_site_name":"MMK Riepas","article_publisher":"https:\/\/www.facebook.com\/mmkserviss\/","article_modified_time":"2025-02-12T22:01:43+00:00","og_image":[{"width":1920,"height":1440,"url":"https:\/\/mmkriepas.lv\/wp-content\/uploads\/2023\/05\/20565r16c-antares-nt-3000-10198s-dot20-vasaras-riepas.jpeg","type":"image\/jpeg"}],"twitter_card":"summary_large_image","twitter_misc":{"Price":"&euro;54.00","Availability":"Out of stock"},"schema":{"@context":"https:\/\/schema.org","@graph":[{"@type":"WebPage","@id":"https:\/\/mmkriepas.lv\/en\/p\/205-65r16c-antares-nt3000-101-98s\/","url":"https:\/\/mmkriepas.lv\/en\/p\/205-65r16c-antares-nt3000-101-98s\/","name":"205\/65R16C Antares NT 3000 101\/98S DOT &#8226; MMK Riepas","isPartOf":{"@id":"https:\/\/mmkriepas.lv\/en\/#website"},"primaryImageOfPage":{"@id":"https:\/\/mmkriepas.lv\/en\/p\/205-65r16c-antares-nt3000-101-98s\/#primaryimage"},"image":{"@id":"https:\/\/mmkriepas.lv\/en\/p\/205-65r16c-antares-nt3000-101-98s\/#primaryimage"},"thumbnailUrl":"https:\/\/mmkriepas.lv\/wp-content\/uploads\/2023\/05\/20565r16c-antares-nt-3000-10198s-dot20-vasaras-riepas.jpeg","datePublished":"2023-03-14T12:48:08+00:00","dateModified":"2025-02-12T22:01:43+00:00","breadcrumb":{"@id":"https:\/\/mmkriepas.lv\/en\/p\/205-65r16c-antares-nt3000-101-98s\/#breadcrumb"},"inLanguage":"en-US","potentialAction":[{"@type":"ReadAction","target":["https:\/\/mmkriepas.lv\/en\/p\/205-65r16c-antares-nt3000-101-98s\/"]}]},{"@type":"ImageObject","inLanguage":"en-US","@id":"https:\/\/mmkriepas.lv\/en\/p\/205-65r16c-antares-nt3000-101-98s\/#primaryimage","url":"https:\/\/mmkriepas.lv\/wp-content\/uploads\/2023\/05\/20565r16c-antares-nt-3000-10198s-dot20-vasaras-riepas.jpeg","contentUrl":"https:\/\/mmkriepas.lv\/wp-content\/uploads\/2023\/05\/20565r16c-antares-nt-3000-10198s-dot20-vasaras-riepas.jpeg","width":1920,"height":1440,"caption":"205\/65R16C Antares NT 3000 101\/98S DOT20 - Vasaras riepas"},{"@type":"BreadcrumbList","@id":"https:\/\/mmkriepas.lv\/en\/p\/205-65r16c-antares-nt3000-101-98s\/#breadcrumb","itemListElement":[{"@type":"ListItem","position":1,"name":"S\u0101kums","item":"https:\/\/mmkriepas.lv\/en\/"},{"@type":"ListItem","position":2,"name":"205\/65R16C Antares NT 3000 101\/98S DOT"}]},{"@type":"WebSite","@id":"https:\/\/mmkriepas.lv\/en\/#website","url":"https:\/\/mmkriepas.lv\/en\/","name":"MMK Riepas","description":"MMK Riepas","alternateName":"MMK Riepu Serviss","potentialAction":[{"@type":"SearchAction","target":{"@type":"EntryPoint","urlTemplate":"https:\/\/mmkriepas.lv\/en\/?s={search_term_string}"},"query-input":{"@type":"PropertyValueSpecification","valueRequired":true,"valueName":"search_term_string"}}],"inLanguage":"en-US"},{"@type":"ImageObject","inLanguage":"en-US","@id":"https:\/\/mmkriepas.lv\/en\/p\/205-65r16c-antares-nt3000-101-98s\/#local-main-organization-logo","url":"","contentUrl":"","caption":"MMK Riepas"}]},"product_brand":"Antares NT 3000","product_price_amount":"54.00","product_price_currency":"EUR","og_availability":"out of stock","product_availability":"out of stock","product_retailer_item_id":"TS2056516CANTAR-22114","product_condition":"new"},"_links":{"self":[{"href":"https:\/\/mmkriepas.lv\/en\/wp-json\/wp\/v2\/product\/671267","targetHints":{"allow":["GET"]}}],"collection":[{"href":"https:\/\/mmkriepas.lv\/en\/wp-json\/wp\/v2\/product"}],"about":[{"href":"https:\/\/mmkriepas.lv\/en\/wp-json\/wp\/v2\/types\/product"}],"wp:featuredmedia":[{"embeddable":true,"href":"https:\/\/mmkriepas.lv\/en\/wp-json\/wp\/v2\/media\/733526"}],"wp:attachment":[{"href":"https:\/\/mmkriepas.lv\/en\/wp-json\/wp\/v2\/media?parent=671267"}],"wp:term":[{"taxonomy":"product_brand","embeddable":true,"href":"https:\/\/mmkriepas.lv\/en\/wp-json\/wp\/v2\/product_brand?post=671267"},{"taxonomy":"product_cat","embeddable":true,"href":"https:\/\/mmkriepas.lv\/en\/wp-json\/wp\/v2\/product_cat?post=671267"},{"taxonomy":"product_tag","embeddable":true,"href":"https:\/\/mmkriepas.lv\/en\/wp-json\/wp\/v2\/product_tag?post=671267"}],"curies":[{"name":"wp","href":"https:\/\/api.w.org\/{rel}","templated":true}]}}