{"id":670996,"date":"2023-03-13T18:18:58","date_gmt":"2023-03-13T16:18:58","guid":{"rendered":"https:\/\/mmkserviss.lv\/?post_type=product&#038;p=670996"},"modified":"2024-08-22T23:36:13","modified_gmt":"2024-08-22T20:36:13","slug":"195-70r15c-toyo-celsius-cargo-104-102s","status":"publish","type":"product","link":"https:\/\/mmkriepas.lv\/en\/p\/195-70r15c-toyo-celsius-cargo-104-102s\/","title":{"rendered":"195\/70R15C Toyo Celsius Cargo 104\/102S"},"content":{"rendered":"<p style=\"margin: 12.0pt 0cm 12.0pt 0cm;\"><b><span style=\"font-size: 11.0pt; font-family: 'Arial',sans-serif; color: black;\">Toyo Celsius Cargo <\/span><\/b><span style=\"white-space: pre-wrap;\"><span style=\"font-size: 11.0pt; font-family: 'Arial',sans-serif; color: black;\">ir augstas kvalit\u0101tes, jap\u0101\u0146u premium klases vissezonas\/ziemas komerctransporta riepu modelis. Tas izce\u013cas ar augstiem kravnes\u012bbas, nodilumiztur\u012bbas, degvielas ekonomijas un sa\u0137eres r\u0101d\u012bt\u0101jiem gan vasar\u0101, gan ziemas brauk\u0161anas apst\u0101k\u013cos.<\/span><\/span><o:p><\/o:p><\/p>\n<h3 style=\"margin: 14.0pt 0cm 4.0pt 0cm;\"><span style=\"white-space: pre-wrap;\"><span style=\"font-size: 13.0pt; font-family: 'Arial',sans-serif; color: black;\">Toyo Celsius Cargo galven\u0101s iez\u012bmes:<\/span><\/span><o:p><\/o:p><\/h3>\n<p style=\"margin: 12.0pt 0cm 12.0pt 0cm;\"><span style=\"white-space: pre-wrap;\"><span style=\"font-size: 11.0pt; font-family: 'Arial',sans-serif; color: black;\">+ Palielin\u0101ti slodzes indeksi \u013caus p\u0101rvad\u0101t smagas kravas pat intens\u012bvas ekspluat\u0101cijas apst\u0101k\u013cos.<\/span><br \/>+ Zems degvielas pat\u0113ri\u0146\u0161!<br \/>+ \u012apa\u0161i augsta nodilumiztur\u012bba, pateicoties jap\u0101\u0146u riepu giganta &#8211; Toyo tehnolo\u0123ij\u0101m.<br \/>+ Labas sa\u0137eres \u012bpa\u0161\u012bbas gan vasar\u0101, gan ar\u012b sal\u012bdzino\u0161i skarbas ziemas apst\u0101k\u013cos.<br \/>+ Pastiprin\u0101ts karkass!<\/span><o:p><\/o:p><\/p>\n<h3 style=\"margin: 14.0pt 0cm 4.0pt 0cm;\"><span style=\"white-space: pre-wrap;\"><span style=\"font-size: 13.0pt; font-family: 'Arial',sans-serif; color: black;\">Celsius Cargo apr\u012bkojums<\/span><\/span><o:p><\/o:p><\/h3>\n<p style=\"margin: 12.0pt 0cm 12.0pt 0cm;\"><span style=\"white-space: pre-wrap;\"><b><span style=\"font-size: 11.0pt; font-family: 'Arial',sans-serif; color: black;\">Toyo Celsius Cargo <\/span><\/b><\/span><span style=\"white-space: pre-wrap;\"><span style=\"font-size: 11.0pt; font-family: 'Arial',sans-serif; color: black;\">komerctransporta jeb busu riepu modelis apr\u012bkots ar asimetrisko protektora rakstu. \u0160\u0101ds dizains izv\u0113l\u0113ts, jo tas sev\u012b apvieno gan optim\u0101las veiktsp\u0113jas \u012bpa\u0161\u012bbas vasaras apst\u0101k\u013cos, gan ar\u012b ziem\u0101.\u00a0<\/span><\/span><o:p><\/o:p><\/p>\n<p style=\"margin: 12.0pt 0cm 12.0pt 0cm;\"><span style=\"white-space: pre-wrap;\"><span style=\"font-size: 11.0pt; font-family: 'Arial',sans-serif; color: black;\">Mas\u012bvie, asimetriski izvietotie protektora bloki apr\u012bkoti ar t\u016bksto\u0161iem s\u012bku iegriezumu jeb lame\u013cu. T\u0101s darbojas l\u012bdz\u012bgi radz\u0113m, ar as\u0101m kant\u0113m iec\u0113rtoties sabliet\u0113t\u0101 snieg\u0101 un led\u016b, ar slidenaj\u0101m virsm\u0101m veidojot cie\u0161u sa\u0137eri.<\/span><\/span><o:p><\/o:p><\/p>\n<p style=\"margin: 12.0pt 0cm 12.0pt 0cm;\"><span style=\"white-space: pre-wrap;\"><span style=\"font-size: 11.0pt; font-family: 'Arial',sans-serif; color: black;\">Protektora pamatn\u0113 atrodams ar vair\u0101kiem kordu jeb brekera sl\u0101\u0146iem pastiprin\u0101ts karkass. Iztur\u012bgais karkass palielina riepu kravnes\u012bbu un uzlabo to triecieniztur\u012bbu, at\u013caujot smagas kravas p\u0101rvad\u0101t pat intens\u012bvas ekspluat\u0101cijas apst\u0101k\u013cos.<\/span><\/span><o:p><\/o:p><\/p>\n<p style=\"margin: 12.0pt 0cm 12.0pt 0cm;\"><span style=\"white-space: pre-wrap;\"><span style=\"font-size: 11.0pt; font-family: 'Arial',sans-serif; color: black;\">Riepu gumijas sast\u0101vs papildin\u0101ts ar veselu virkni elastrom\u0113ru. Tie uzlabo riepu sp\u0113ju piel\u0101goties pla\u0161am temperat\u016bru diapazonam, nezaud\u0113jot elast\u012bbu. K\u0101 zin\u0101ms, elast\u012bga riepa daudz lab\u0101k veido sa\u0137eri ar ce\u013cu, k\u0101 ar\u012b dilst vienm\u0113r\u012bg\u0101k.<\/span><\/span><o:p><\/o:p><\/p>\n","protected":false},"excerpt":{"rendered":"<p style=\"margin: 12.0pt 0cm 12.0pt 0cm;\"><b><span style=\"font-size: 11.0pt; font-family: 'Arial',sans-serif; color: black;\">Toyo Celsius Cargo <\/span><\/b><span style=\"white-space: pre-wrap;\"><span style=\"font-size: 11.0pt; font-family: 'Arial',sans-serif; color: black;\">ir augstas kvalit\u0101tes, jap\u0101\u0146u premium klases vissezonas\/ziemas komerctransporta riepu modelis. Tas izce\u013cas ar augstiem kravnes\u012bbas, nodilumiztur\u012bbas, degvielas ekonomijas un sa\u0137eres r\u0101d\u012bt\u0101jiem gan vasar\u0101, gan ziemas brauk\u0161anas apst\u0101k\u013cos.<\/span><\/span><o:p><\/o:p><\/p><\/p>\n","protected":false},"featured_media":670995,"template":"","meta":{"_acf_changed":false,"ngg_post_thumbnail":0},"product_brand":[],"product_cat":[47,45],"product_tag":[],"class_list":{"0":"post-670996","1":"product","2":"type-product","3":"status-publish","4":"has-post-thumbnail","6":"product_cat-vissezonas-riepas","7":"product_cat-ziemas-riepas","9":"first","10":"instock","11":"taxable","12":"shipping-taxable","13":"product-type-simple"},"acf":[],"yoast_head":"<!-- This site is optimized with the Yoast SEO Premium plugin v22.6 (Yoast SEO v27.3) - https:\/\/yoast.com\/product\/yoast-seo-premium-wordpress\/ -->\n<title>195\/70R15C Toyo Celsius Cargo 104\/102S &#8226; MMK Riepas<\/title>\n<meta name=\"robots\" content=\"index, follow, max-snippet:-1, max-image-preview:large, max-video-preview:-1\" \/>\n<link rel=\"canonical\" href=\"https:\/\/mmkriepas.lv\/en\/p\/195-70r15c-toyo-celsius-cargo-104-102s\/\" \/>\n<meta property=\"og:locale\" content=\"en_US\" \/>\n<meta property=\"og:type\" content=\"article\" \/>\n<meta property=\"og:title\" content=\"195\/70R15C Toyo Celsius Cargo 104\/102S\" \/>\n<meta property=\"og:description\" content=\"Toyo Celsius Cargo ir augstas kvalit\u0101tes, jap\u0101\u0146u premium klases vissezonas\/ziemas komerctransporta riepu modelis. Tas izce\u013cas ar augstiem kravnes\u012bbas, nodilumiztur\u012bbas, degvielas ekonomijas un sa\u0137eres r\u0101d\u012bt\u0101jiem gan vasar\u0101, gan ziemas brauk\u0161anas apst\u0101k\u013cos.\" \/>\n<meta property=\"og:url\" content=\"https:\/\/mmkriepas.lv\/en\/p\/195-70r15c-toyo-celsius-cargo-104-102s\/\" \/>\n<meta property=\"og:site_name\" content=\"MMK Riepas\" \/>\n<meta property=\"article:publisher\" content=\"https:\/\/www.facebook.com\/mmkserviss\/\" \/>\n<meta property=\"article:modified_time\" content=\"2024-08-22T20:36:13+00:00\" \/>\n<meta property=\"og:image\" content=\"https:\/\/mmkriepas.lv\/wp-content\/uploads\/2023\/03\/19570r15c-toyo-celsius-cargo-104102s-ziemas-riepas.jpg\" \/>\n\t<meta property=\"og:image:width\" content=\"800\" \/>\n\t<meta property=\"og:image:height\" content=\"800\" \/>\n\t<meta property=\"og:image:type\" content=\"image\/jpeg\" \/>\n<meta name=\"twitter:card\" content=\"summary_large_image\" \/>\n<meta name=\"twitter:label1\" content=\"Price\" \/>\n\t<meta name=\"twitter:data1\" content=\"&euro;81.00\" \/>\n\t<meta name=\"twitter:label2\" content=\"Availability\" \/>\n\t<meta name=\"twitter:data2\" content=\"In stock\" \/>\n<script type=\"application\/ld+json\" class=\"yoast-schema-graph\">{\"@context\":\"https:\\\/\\\/schema.org\",\"@graph\":[{\"@type\":\"WebPage\",\"@id\":\"https:\\\/\\\/mmkriepas.lv\\\/en\\\/p\\\/195-70r15c-toyo-celsius-cargo-104-102s\\\/\",\"url\":\"https:\\\/\\\/mmkriepas.lv\\\/en\\\/p\\\/195-70r15c-toyo-celsius-cargo-104-102s\\\/\",\"name\":\"195\\\/70R15C Toyo Celsius Cargo 104\\\/102S &#8226; MMK Riepas\",\"isPartOf\":{\"@id\":\"https:\\\/\\\/mmkriepas.lv\\\/en\\\/#website\"},\"primaryImageOfPage\":{\"@id\":\"https:\\\/\\\/mmkriepas.lv\\\/en\\\/p\\\/195-70r15c-toyo-celsius-cargo-104-102s\\\/#primaryimage\"},\"image\":{\"@id\":\"https:\\\/\\\/mmkriepas.lv\\\/en\\\/p\\\/195-70r15c-toyo-celsius-cargo-104-102s\\\/#primaryimage\"},\"thumbnailUrl\":\"https:\\\/\\\/mmkriepas.lv\\\/wp-content\\\/uploads\\\/2023\\\/03\\\/19570r15c-toyo-celsius-cargo-104102s-ziemas-riepas.jpg\",\"datePublished\":\"2023-03-13T16:18:58+00:00\",\"dateModified\":\"2024-08-22T20:36:13+00:00\",\"breadcrumb\":{\"@id\":\"https:\\\/\\\/mmkriepas.lv\\\/en\\\/p\\\/195-70r15c-toyo-celsius-cargo-104-102s\\\/#breadcrumb\"},\"inLanguage\":\"en-US\",\"potentialAction\":[{\"@type\":\"ReadAction\",\"target\":[\"https:\\\/\\\/mmkriepas.lv\\\/en\\\/p\\\/195-70r15c-toyo-celsius-cargo-104-102s\\\/\"]}]},{\"@type\":\"ImageObject\",\"inLanguage\":\"en-US\",\"@id\":\"https:\\\/\\\/mmkriepas.lv\\\/en\\\/p\\\/195-70r15c-toyo-celsius-cargo-104-102s\\\/#primaryimage\",\"url\":\"https:\\\/\\\/mmkriepas.lv\\\/wp-content\\\/uploads\\\/2023\\\/03\\\/19570r15c-toyo-celsius-cargo-104102s-ziemas-riepas.jpg\",\"contentUrl\":\"https:\\\/\\\/mmkriepas.lv\\\/wp-content\\\/uploads\\\/2023\\\/03\\\/19570r15c-toyo-celsius-cargo-104102s-ziemas-riepas.jpg\",\"width\":800,\"height\":800,\"caption\":\"195\\\/70R15C TOYO CELSIUS CARGO 104\\\/102S - Ziemas riepas\"},{\"@type\":\"BreadcrumbList\",\"@id\":\"https:\\\/\\\/mmkriepas.lv\\\/en\\\/p\\\/195-70r15c-toyo-celsius-cargo-104-102s\\\/#breadcrumb\",\"itemListElement\":[{\"@type\":\"ListItem\",\"position\":1,\"name\":\"S\u0101kums\",\"item\":\"https:\\\/\\\/mmkriepas.lv\\\/en\\\/\"},{\"@type\":\"ListItem\",\"position\":2,\"name\":\"195\\\/70R15C Toyo Celsius Cargo 104\\\/102S\"}]},{\"@type\":\"WebSite\",\"@id\":\"https:\\\/\\\/mmkriepas.lv\\\/en\\\/#website\",\"url\":\"https:\\\/\\\/mmkriepas.lv\\\/en\\\/\",\"name\":\"MMK Riepas\",\"description\":\"MMK Riepas\",\"alternateName\":\"MMK Riepu Serviss\",\"potentialAction\":[{\"@type\":\"SearchAction\",\"target\":{\"@type\":\"EntryPoint\",\"urlTemplate\":\"https:\\\/\\\/mmkriepas.lv\\\/en\\\/?s={search_term_string}\"},\"query-input\":{\"@type\":\"PropertyValueSpecification\",\"valueRequired\":true,\"valueName\":\"search_term_string\"}}],\"inLanguage\":\"en-US\"},{\"@type\":\"ImageObject\",\"inLanguage\":\"en-US\",\"@id\":\"https:\\\/\\\/mmkriepas.lv\\\/en\\\/p\\\/195-70r15c-toyo-celsius-cargo-104-102s\\\/#local-main-organization-logo\",\"url\":\"\",\"contentUrl\":\"\",\"caption\":\"MMK Riepas\"}]}<\/script>\n<meta property=\"product:brand\" content=\"Toyo Celsius Cargo\" \/>\n<meta property=\"product:price:amount\" content=\"81.00\" \/>\n<meta property=\"product:price:currency\" content=\"EUR\" \/>\n<meta property=\"og:availability\" content=\"instock\" \/>\n<meta property=\"product:availability\" content=\"instock\" \/>\n<meta property=\"product:retailer_item_id\" content=\"TW1957015TOYO-L22075\" \/>\n<meta property=\"product:condition\" content=\"new\" \/>\n<!-- \/ Yoast SEO Premium plugin. -->","yoast_head_json":{"title":"195\/70R15C Toyo Celsius Cargo 104\/102S &#8226; MMK Riepas","robots":{"index":"index","follow":"follow","max-snippet":"max-snippet:-1","max-image-preview":"max-image-preview:large","max-video-preview":"max-video-preview:-1"},"canonical":"https:\/\/mmkriepas.lv\/en\/p\/195-70r15c-toyo-celsius-cargo-104-102s\/","og_locale":"en_US","og_type":"article","og_title":"195\/70R15C Toyo Celsius Cargo 104\/102S","og_description":"Toyo Celsius Cargo ir augstas kvalit\u0101tes, jap\u0101\u0146u premium klases vissezonas\/ziemas komerctransporta riepu modelis. Tas izce\u013cas ar augstiem kravnes\u012bbas, nodilumiztur\u012bbas, degvielas ekonomijas un sa\u0137eres r\u0101d\u012bt\u0101jiem gan vasar\u0101, gan ziemas brauk\u0161anas apst\u0101k\u013cos.","og_url":"https:\/\/mmkriepas.lv\/en\/p\/195-70r15c-toyo-celsius-cargo-104-102s\/","og_site_name":"MMK Riepas","article_publisher":"https:\/\/www.facebook.com\/mmkserviss\/","article_modified_time":"2024-08-22T20:36:13+00:00","og_image":[{"width":800,"height":800,"url":"https:\/\/mmkriepas.lv\/wp-content\/uploads\/2023\/03\/19570r15c-toyo-celsius-cargo-104102s-ziemas-riepas.jpg","type":"image\/jpeg"}],"twitter_card":"summary_large_image","twitter_misc":{"Price":"&euro;81.00","Availability":"In stock"},"schema":{"@context":"https:\/\/schema.org","@graph":[{"@type":"WebPage","@id":"https:\/\/mmkriepas.lv\/en\/p\/195-70r15c-toyo-celsius-cargo-104-102s\/","url":"https:\/\/mmkriepas.lv\/en\/p\/195-70r15c-toyo-celsius-cargo-104-102s\/","name":"195\/70R15C Toyo Celsius Cargo 104\/102S &#8226; MMK Riepas","isPartOf":{"@id":"https:\/\/mmkriepas.lv\/en\/#website"},"primaryImageOfPage":{"@id":"https:\/\/mmkriepas.lv\/en\/p\/195-70r15c-toyo-celsius-cargo-104-102s\/#primaryimage"},"image":{"@id":"https:\/\/mmkriepas.lv\/en\/p\/195-70r15c-toyo-celsius-cargo-104-102s\/#primaryimage"},"thumbnailUrl":"https:\/\/mmkriepas.lv\/wp-content\/uploads\/2023\/03\/19570r15c-toyo-celsius-cargo-104102s-ziemas-riepas.jpg","datePublished":"2023-03-13T16:18:58+00:00","dateModified":"2024-08-22T20:36:13+00:00","breadcrumb":{"@id":"https:\/\/mmkriepas.lv\/en\/p\/195-70r15c-toyo-celsius-cargo-104-102s\/#breadcrumb"},"inLanguage":"en-US","potentialAction":[{"@type":"ReadAction","target":["https:\/\/mmkriepas.lv\/en\/p\/195-70r15c-toyo-celsius-cargo-104-102s\/"]}]},{"@type":"ImageObject","inLanguage":"en-US","@id":"https:\/\/mmkriepas.lv\/en\/p\/195-70r15c-toyo-celsius-cargo-104-102s\/#primaryimage","url":"https:\/\/mmkriepas.lv\/wp-content\/uploads\/2023\/03\/19570r15c-toyo-celsius-cargo-104102s-ziemas-riepas.jpg","contentUrl":"https:\/\/mmkriepas.lv\/wp-content\/uploads\/2023\/03\/19570r15c-toyo-celsius-cargo-104102s-ziemas-riepas.jpg","width":800,"height":800,"caption":"195\/70R15C TOYO CELSIUS CARGO 104\/102S - Ziemas riepas"},{"@type":"BreadcrumbList","@id":"https:\/\/mmkriepas.lv\/en\/p\/195-70r15c-toyo-celsius-cargo-104-102s\/#breadcrumb","itemListElement":[{"@type":"ListItem","position":1,"name":"S\u0101kums","item":"https:\/\/mmkriepas.lv\/en\/"},{"@type":"ListItem","position":2,"name":"195\/70R15C Toyo Celsius Cargo 104\/102S"}]},{"@type":"WebSite","@id":"https:\/\/mmkriepas.lv\/en\/#website","url":"https:\/\/mmkriepas.lv\/en\/","name":"MMK Riepas","description":"MMK Riepas","alternateName":"MMK Riepu Serviss","potentialAction":[{"@type":"SearchAction","target":{"@type":"EntryPoint","urlTemplate":"https:\/\/mmkriepas.lv\/en\/?s={search_term_string}"},"query-input":{"@type":"PropertyValueSpecification","valueRequired":true,"valueName":"search_term_string"}}],"inLanguage":"en-US"},{"@type":"ImageObject","inLanguage":"en-US","@id":"https:\/\/mmkriepas.lv\/en\/p\/195-70r15c-toyo-celsius-cargo-104-102s\/#local-main-organization-logo","url":"","contentUrl":"","caption":"MMK Riepas"}]},"product_brand":"Toyo Celsius Cargo","product_price_amount":"81.00","product_price_currency":"EUR","og_availability":"instock","product_availability":"instock","product_retailer_item_id":"TW1957015TOYO-L22075","product_condition":"new"},"_links":{"self":[{"href":"https:\/\/mmkriepas.lv\/en\/wp-json\/wp\/v2\/product\/670996","targetHints":{"allow":["GET"]}}],"collection":[{"href":"https:\/\/mmkriepas.lv\/en\/wp-json\/wp\/v2\/product"}],"about":[{"href":"https:\/\/mmkriepas.lv\/en\/wp-json\/wp\/v2\/types\/product"}],"wp:featuredmedia":[{"embeddable":true,"href":"https:\/\/mmkriepas.lv\/en\/wp-json\/wp\/v2\/media\/670995"}],"wp:attachment":[{"href":"https:\/\/mmkriepas.lv\/en\/wp-json\/wp\/v2\/media?parent=670996"}],"wp:term":[{"taxonomy":"product_brand","embeddable":true,"href":"https:\/\/mmkriepas.lv\/en\/wp-json\/wp\/v2\/product_brand?post=670996"},{"taxonomy":"product_cat","embeddable":true,"href":"https:\/\/mmkriepas.lv\/en\/wp-json\/wp\/v2\/product_cat?post=670996"},{"taxonomy":"product_tag","embeddable":true,"href":"https:\/\/mmkriepas.lv\/en\/wp-json\/wp\/v2\/product_tag?post=670996"}],"curies":[{"name":"wp","href":"https:\/\/api.w.org\/{rel}","templated":true}]}}