{"id":669893,"date":"2023-03-09T23:57:11","date_gmt":"2023-03-09T21:57:11","guid":{"rendered":"https:\/\/mmkserviss.lv\/?post_type=product&#038;p=669893"},"modified":"2024-11-21T16:36:05","modified_gmt":"2024-11-21T14:36:05","slug":"235-55r19-leao-winter-defender-uhp-105v-xl","status":"publish","type":"product","link":"https:\/\/mmkriepas.lv\/en\/p\/235-55r19-leao-winter-defender-uhp-105v-xl\/","title":{"rendered":"235\/55R19 Leao Winter Defender UHP 105V XL"},"content":{"rendered":"<p><strong><span style=\"font-family: 'Arial',sans-serif;\">Leao Winter Defender UHP<\/span><\/strong><span style=\"font-family: 'Arial',sans-serif;\"> ir labas kvalit\u0101tes, bud\u017eeta klases vissezonas\/ziemas riepu modelis. Tas izce\u013cas ar labiem sa\u0137eres, manevr\u0113tsp\u0113jas, degvielas ekonomijas un brauk\u0161anas komforta r\u0101d\u012bt\u0101jiem pla\u0161\u0101 brauk\u0161anas apst\u0101k\u013cu spektr\u0101. Paredz\u0113ts gan vieglaj\u0101m automa\u0161\u012bn\u0101m, gan apvidus auto jeb SUV, \u0161is riepu modelis pieejams izm\u0113ru kl\u0101st\u0101 no R15, l\u012bdz R20. <o:p><\/o:p><\/span><\/p>\n<h3><strong><span style=\"font-family: 'Arial',sans-serif;\">Winter Defender UHP galven\u0101s iez\u012bmes<\/span><\/strong><span style=\"font-family: 'Arial',sans-serif;\"><o:p><\/o:p><\/span><\/h3>\n<p><span style=\"font-family: 'Arial',sans-serif;\">+ Labas sa\u0137eres \u012bpa\u0161\u012bbas gan uz sausa un slapja asfalta, gan ar\u012b snieg\u0101.<o:p><\/o:p><\/span><\/p>\n<p><span style=\"font-family: 'Arial',sans-serif;\">+ Zems akvaplan\u0113\u0161anas risks.<o:p><\/o:p><\/span><\/p>\n<p><span style=\"font-family: 'Arial',sans-serif;\">+ Degvielas ekonomija.<o:p><\/o:p><\/span><\/p>\n<p><span style=\"font-family: 'Arial',sans-serif;\">+ Laba nodilumiztur\u012bba.<o:p><\/o:p><\/span><\/p>\n<p><span style=\"font-family: 'Arial',sans-serif;\">+ Cena atbilst kvalit\u0101tei.<o:p><\/o:p><\/span><\/p>\n<h3><strong><span style=\"font-family: 'Arial',sans-serif;\">Winter Defender UHP apr\u012bkojums<\/span><\/strong><span style=\"font-family: 'Arial',sans-serif;\"><o:p><\/o:p><\/span><\/h3>\n<p><strong><span style=\"font-family: 'Arial',sans-serif;\">Leao Winter Defender UHP\u00a0<\/span><\/strong><span style=\"font-family: 'Arial',sans-serif;\">vissezonas jeb m+s riepas apr\u012bkotas ar uzlabotu asimetrisko protektora rakstu. \u0160\u0101ds dizains izv\u0113l\u0113ts, jo tas sev\u012b apvieno optim\u0101lus veiktsp\u0113jas r\u0101d\u012bt\u0101jus gan vasarai, gan ziemai.<o:p><\/o:p><\/span><\/p>\n<p><span style=\"font-family: 'Arial',sans-serif;\">Asimetriski izvietotajos protektora blokos bl\u012bvi iestr\u0101d\u0101ti vair\u0101ki t\u016bksto\u0161i divu veidu lame\u013cu. T\u0101s, darojoties l\u012bdz\u012bgi radz\u0113m, ar as\u0101m kant\u0113m iec\u0113rtas sabliet\u0113t\u0101 snieg\u0101 un led\u016b, ar slidenaj\u0101m virsm\u0101m veidojot cie\u0161u sa\u0137eri.<o:p><\/o:p><\/span><\/p>\n<p><span style=\"font-family: 'Arial',sans-serif;\">Asimetrisk\u0101 protekrtora pamat\u0101 atrodams \u012bpa\u0161i iztur\u012bgs karkass. T\u0101 izgatavo\u0161anai izmantots t\u0113rauda kordu jeb brekera kl\u0101jums, nodro\u0161inot augstu triecieniztur\u012bbu un uzlabojot ilgtsp\u0113j\u012bbu.<\/span><\/p>\n","protected":false},"excerpt":{"rendered":"<p><strong><span style=\"font-family: 'Arial',sans-serif;\">Leao Winter Defender UHP<\/span><\/strong><span style=\"font-family: 'Arial',sans-serif;\"> ir labas kvalit\u0101tes, bud\u017eeta klases vissezonas\/ziemas riepu modelis. Tas izce\u013cas ar labiem sa\u0137eres, manevr\u0113tsp\u0113jas, degvielas ekonomijas un brauk\u0161anas komforta r\u0101d\u012bt\u0101jiem pla\u0161\u0101 brauk\u0161anas apst\u0101k\u013cu spektr\u0101. Paredz\u0113ts gan vieglaj\u0101m automa\u0161\u012bn\u0101m, gan apvidus auto jeb SUV, \u0161is riepu modelis pieejams izm\u0113ru kl\u0101st\u0101 no R15, l\u012bdz R20. <\/span><\/p>\n","protected":false},"featured_media":634832,"template":"","meta":{"_acf_changed":false,"ngg_post_thumbnail":0},"product_brand":[],"product_cat":[47,45],"product_tag":[],"class_list":{"0":"post-669893","1":"product","2":"type-product","3":"status-publish","4":"has-post-thumbnail","6":"product_cat-vissezonas-riepas","7":"product_cat-ziemas-riepas","9":"first","10":"instock","11":"taxable","12":"shipping-taxable","13":"product-type-simple"},"acf":[],"yoast_head":"<!-- This site is optimized with the Yoast SEO Premium plugin v22.6 (Yoast SEO v27.3) - https:\/\/yoast.com\/product\/yoast-seo-premium-wordpress\/ -->\n<title>235\/55R19 Leao Winter Defender UHP 105V XL &#8226; MMK Riepas<\/title>\n<meta name=\"robots\" content=\"index, follow, max-snippet:-1, max-image-preview:large, max-video-preview:-1\" \/>\n<link rel=\"canonical\" href=\"https:\/\/mmkriepas.lv\/en\/p\/235-55r19-leao-winter-defender-uhp-105v-xl\/\" \/>\n<meta property=\"og:locale\" content=\"en_US\" \/>\n<meta property=\"og:type\" content=\"article\" \/>\n<meta property=\"og:title\" content=\"235\/55R19 Leao Winter Defender UHP 105V XL\" \/>\n<meta property=\"og:description\" content=\"Leao Winter Defender UHP ir labas kvalit\u0101tes, bud\u017eeta klases vissezonas\/ziemas riepu modelis. Tas izce\u013cas ar labiem sa\u0137eres, manevr\u0113tsp\u0113jas, degvielas ekonomijas un brauk\u0161anas komforta r\u0101d\u012bt\u0101jiem pla\u0161\u0101 brauk\u0161anas apst\u0101k\u013cu spektr\u0101. Paredz\u0113ts gan vieglaj\u0101m automa\u0161\u012bn\u0101m, gan apvidus auto jeb SUV, \u0161is riepu modelis pieejams izm\u0113ru kl\u0101st\u0101 no R15, l\u012bdz R20.\" \/>\n<meta property=\"og:url\" content=\"https:\/\/mmkriepas.lv\/en\/p\/235-55r19-leao-winter-defender-uhp-105v-xl\/\" \/>\n<meta property=\"og:site_name\" content=\"MMK Riepas\" \/>\n<meta property=\"article:publisher\" content=\"https:\/\/www.facebook.com\/mmkserviss\/\" \/>\n<meta property=\"article:modified_time\" content=\"2024-11-21T14:36:05+00:00\" \/>\n<meta property=\"og:image\" content=\"https:\/\/mmkriepas.lv\/wp-content\/uploads\/2023\/02\/23555r19-leao-winter-defender-uhp-105v-xl-ziemas-riepas.jpeg\" \/>\n\t<meta property=\"og:image:width\" content=\"1920\" \/>\n\t<meta property=\"og:image:height\" content=\"1440\" \/>\n\t<meta property=\"og:image:type\" content=\"image\/jpeg\" \/>\n<meta name=\"twitter:card\" content=\"summary_large_image\" \/>\n<meta name=\"twitter:label1\" content=\"Price\" \/>\n\t<meta name=\"twitter:data1\" content=\"&euro;79.00\" \/>\n\t<meta name=\"twitter:label2\" content=\"Availability\" \/>\n\t<meta name=\"twitter:data2\" content=\"In stock\" \/>\n<script type=\"application\/ld+json\" class=\"yoast-schema-graph\">{\"@context\":\"https:\\\/\\\/schema.org\",\"@graph\":[{\"@type\":\"WebPage\",\"@id\":\"https:\\\/\\\/mmkriepas.lv\\\/en\\\/p\\\/235-55r19-leao-winter-defender-uhp-105v-xl\\\/\",\"url\":\"https:\\\/\\\/mmkriepas.lv\\\/en\\\/p\\\/235-55r19-leao-winter-defender-uhp-105v-xl\\\/\",\"name\":\"235\\\/55R19 Leao Winter Defender UHP 105V XL &#8226; MMK Riepas\",\"isPartOf\":{\"@id\":\"https:\\\/\\\/mmkriepas.lv\\\/en\\\/#website\"},\"primaryImageOfPage\":{\"@id\":\"https:\\\/\\\/mmkriepas.lv\\\/en\\\/p\\\/235-55r19-leao-winter-defender-uhp-105v-xl\\\/#primaryimage\"},\"image\":{\"@id\":\"https:\\\/\\\/mmkriepas.lv\\\/en\\\/p\\\/235-55r19-leao-winter-defender-uhp-105v-xl\\\/#primaryimage\"},\"thumbnailUrl\":\"https:\\\/\\\/mmkriepas.lv\\\/wp-content\\\/uploads\\\/2023\\\/02\\\/23555r19-leao-winter-defender-uhp-105v-xl-ziemas-riepas.jpeg\",\"datePublished\":\"2023-03-09T21:57:11+00:00\",\"dateModified\":\"2024-11-21T14:36:05+00:00\",\"breadcrumb\":{\"@id\":\"https:\\\/\\\/mmkriepas.lv\\\/en\\\/p\\\/235-55r19-leao-winter-defender-uhp-105v-xl\\\/#breadcrumb\"},\"inLanguage\":\"en-US\",\"potentialAction\":[{\"@type\":\"ReadAction\",\"target\":[\"https:\\\/\\\/mmkriepas.lv\\\/en\\\/p\\\/235-55r19-leao-winter-defender-uhp-105v-xl\\\/\"]}]},{\"@type\":\"ImageObject\",\"inLanguage\":\"en-US\",\"@id\":\"https:\\\/\\\/mmkriepas.lv\\\/en\\\/p\\\/235-55r19-leao-winter-defender-uhp-105v-xl\\\/#primaryimage\",\"url\":\"https:\\\/\\\/mmkriepas.lv\\\/wp-content\\\/uploads\\\/2023\\\/02\\\/23555r19-leao-winter-defender-uhp-105v-xl-ziemas-riepas.jpeg\",\"contentUrl\":\"https:\\\/\\\/mmkriepas.lv\\\/wp-content\\\/uploads\\\/2023\\\/02\\\/23555r19-leao-winter-defender-uhp-105v-xl-ziemas-riepas.jpeg\",\"width\":1920,\"height\":1440,\"caption\":\"235\\\/55R19 Leao WINTER DEFENDER UHP 105V XL - Ziemas riepas\"},{\"@type\":\"BreadcrumbList\",\"@id\":\"https:\\\/\\\/mmkriepas.lv\\\/en\\\/p\\\/235-55r19-leao-winter-defender-uhp-105v-xl\\\/#breadcrumb\",\"itemListElement\":[{\"@type\":\"ListItem\",\"position\":1,\"name\":\"S\u0101kums\",\"item\":\"https:\\\/\\\/mmkriepas.lv\\\/en\\\/\"},{\"@type\":\"ListItem\",\"position\":2,\"name\":\"235\\\/55R19 Leao Winter Defender UHP 105V XL\"}]},{\"@type\":\"WebSite\",\"@id\":\"https:\\\/\\\/mmkriepas.lv\\\/en\\\/#website\",\"url\":\"https:\\\/\\\/mmkriepas.lv\\\/en\\\/\",\"name\":\"MMK Riepas\",\"description\":\"MMK Riepas\",\"alternateName\":\"MMK Riepu Serviss\",\"potentialAction\":[{\"@type\":\"SearchAction\",\"target\":{\"@type\":\"EntryPoint\",\"urlTemplate\":\"https:\\\/\\\/mmkriepas.lv\\\/en\\\/?s={search_term_string}\"},\"query-input\":{\"@type\":\"PropertyValueSpecification\",\"valueRequired\":true,\"valueName\":\"search_term_string\"}}],\"inLanguage\":\"en-US\"},{\"@type\":\"ImageObject\",\"inLanguage\":\"en-US\",\"@id\":\"https:\\\/\\\/mmkriepas.lv\\\/en\\\/p\\\/235-55r19-leao-winter-defender-uhp-105v-xl\\\/#local-main-organization-logo\",\"url\":\"\",\"contentUrl\":\"\",\"caption\":\"MMK Riepas\"}]}<\/script>\n<meta property=\"product:brand\" content=\"Leao Winter Defender UHP\" \/>\n<meta property=\"product:price:amount\" content=\"79.00\" \/>\n<meta property=\"product:price:currency\" content=\"EUR\" \/>\n<meta property=\"og:availability\" content=\"instock\" \/>\n<meta property=\"product:availability\" content=\"instock\" \/>\n<meta property=\"product:retailer_item_id\" content=\"TW2355519Leao-E21930\" \/>\n<meta property=\"product:condition\" content=\"new\" \/>\n<!-- \/ Yoast SEO Premium plugin. -->","yoast_head_json":{"title":"235\/55R19 Leao Winter Defender UHP 105V XL &#8226; MMK Riepas","robots":{"index":"index","follow":"follow","max-snippet":"max-snippet:-1","max-image-preview":"max-image-preview:large","max-video-preview":"max-video-preview:-1"},"canonical":"https:\/\/mmkriepas.lv\/en\/p\/235-55r19-leao-winter-defender-uhp-105v-xl\/","og_locale":"en_US","og_type":"article","og_title":"235\/55R19 Leao Winter Defender UHP 105V XL","og_description":"Leao Winter Defender UHP ir labas kvalit\u0101tes, bud\u017eeta klases vissezonas\/ziemas riepu modelis. Tas izce\u013cas ar labiem sa\u0137eres, manevr\u0113tsp\u0113jas, degvielas ekonomijas un brauk\u0161anas komforta r\u0101d\u012bt\u0101jiem pla\u0161\u0101 brauk\u0161anas apst\u0101k\u013cu spektr\u0101. Paredz\u0113ts gan vieglaj\u0101m automa\u0161\u012bn\u0101m, gan apvidus auto jeb SUV, \u0161is riepu modelis pieejams izm\u0113ru kl\u0101st\u0101 no R15, l\u012bdz R20.","og_url":"https:\/\/mmkriepas.lv\/en\/p\/235-55r19-leao-winter-defender-uhp-105v-xl\/","og_site_name":"MMK Riepas","article_publisher":"https:\/\/www.facebook.com\/mmkserviss\/","article_modified_time":"2024-11-21T14:36:05+00:00","og_image":[{"width":1920,"height":1440,"url":"https:\/\/mmkriepas.lv\/wp-content\/uploads\/2023\/02\/23555r19-leao-winter-defender-uhp-105v-xl-ziemas-riepas.jpeg","type":"image\/jpeg"}],"twitter_card":"summary_large_image","twitter_misc":{"Price":"&euro;79.00","Availability":"In stock"},"schema":{"@context":"https:\/\/schema.org","@graph":[{"@type":"WebPage","@id":"https:\/\/mmkriepas.lv\/en\/p\/235-55r19-leao-winter-defender-uhp-105v-xl\/","url":"https:\/\/mmkriepas.lv\/en\/p\/235-55r19-leao-winter-defender-uhp-105v-xl\/","name":"235\/55R19 Leao Winter Defender UHP 105V XL &#8226; MMK Riepas","isPartOf":{"@id":"https:\/\/mmkriepas.lv\/en\/#website"},"primaryImageOfPage":{"@id":"https:\/\/mmkriepas.lv\/en\/p\/235-55r19-leao-winter-defender-uhp-105v-xl\/#primaryimage"},"image":{"@id":"https:\/\/mmkriepas.lv\/en\/p\/235-55r19-leao-winter-defender-uhp-105v-xl\/#primaryimage"},"thumbnailUrl":"https:\/\/mmkriepas.lv\/wp-content\/uploads\/2023\/02\/23555r19-leao-winter-defender-uhp-105v-xl-ziemas-riepas.jpeg","datePublished":"2023-03-09T21:57:11+00:00","dateModified":"2024-11-21T14:36:05+00:00","breadcrumb":{"@id":"https:\/\/mmkriepas.lv\/en\/p\/235-55r19-leao-winter-defender-uhp-105v-xl\/#breadcrumb"},"inLanguage":"en-US","potentialAction":[{"@type":"ReadAction","target":["https:\/\/mmkriepas.lv\/en\/p\/235-55r19-leao-winter-defender-uhp-105v-xl\/"]}]},{"@type":"ImageObject","inLanguage":"en-US","@id":"https:\/\/mmkriepas.lv\/en\/p\/235-55r19-leao-winter-defender-uhp-105v-xl\/#primaryimage","url":"https:\/\/mmkriepas.lv\/wp-content\/uploads\/2023\/02\/23555r19-leao-winter-defender-uhp-105v-xl-ziemas-riepas.jpeg","contentUrl":"https:\/\/mmkriepas.lv\/wp-content\/uploads\/2023\/02\/23555r19-leao-winter-defender-uhp-105v-xl-ziemas-riepas.jpeg","width":1920,"height":1440,"caption":"235\/55R19 Leao WINTER DEFENDER UHP 105V XL - Ziemas riepas"},{"@type":"BreadcrumbList","@id":"https:\/\/mmkriepas.lv\/en\/p\/235-55r19-leao-winter-defender-uhp-105v-xl\/#breadcrumb","itemListElement":[{"@type":"ListItem","position":1,"name":"S\u0101kums","item":"https:\/\/mmkriepas.lv\/en\/"},{"@type":"ListItem","position":2,"name":"235\/55R19 Leao Winter Defender UHP 105V XL"}]},{"@type":"WebSite","@id":"https:\/\/mmkriepas.lv\/en\/#website","url":"https:\/\/mmkriepas.lv\/en\/","name":"MMK Riepas","description":"MMK Riepas","alternateName":"MMK Riepu Serviss","potentialAction":[{"@type":"SearchAction","target":{"@type":"EntryPoint","urlTemplate":"https:\/\/mmkriepas.lv\/en\/?s={search_term_string}"},"query-input":{"@type":"PropertyValueSpecification","valueRequired":true,"valueName":"search_term_string"}}],"inLanguage":"en-US"},{"@type":"ImageObject","inLanguage":"en-US","@id":"https:\/\/mmkriepas.lv\/en\/p\/235-55r19-leao-winter-defender-uhp-105v-xl\/#local-main-organization-logo","url":"","contentUrl":"","caption":"MMK Riepas"}]},"product_brand":"Leao Winter Defender UHP","product_price_amount":"79.00","product_price_currency":"EUR","og_availability":"instock","product_availability":"instock","product_retailer_item_id":"TW2355519Leao-E21930","product_condition":"new"},"_links":{"self":[{"href":"https:\/\/mmkriepas.lv\/en\/wp-json\/wp\/v2\/product\/669893","targetHints":{"allow":["GET"]}}],"collection":[{"href":"https:\/\/mmkriepas.lv\/en\/wp-json\/wp\/v2\/product"}],"about":[{"href":"https:\/\/mmkriepas.lv\/en\/wp-json\/wp\/v2\/types\/product"}],"wp:featuredmedia":[{"embeddable":true,"href":"https:\/\/mmkriepas.lv\/en\/wp-json\/wp\/v2\/media\/634832"}],"wp:attachment":[{"href":"https:\/\/mmkriepas.lv\/en\/wp-json\/wp\/v2\/media?parent=669893"}],"wp:term":[{"taxonomy":"product_brand","embeddable":true,"href":"https:\/\/mmkriepas.lv\/en\/wp-json\/wp\/v2\/product_brand?post=669893"},{"taxonomy":"product_cat","embeddable":true,"href":"https:\/\/mmkriepas.lv\/en\/wp-json\/wp\/v2\/product_cat?post=669893"},{"taxonomy":"product_tag","embeddable":true,"href":"https:\/\/mmkriepas.lv\/en\/wp-json\/wp\/v2\/product_tag?post=669893"}],"curies":[{"name":"wp","href":"https:\/\/api.w.org\/{rel}","templated":true}]}}