{"id":669641,"date":"2023-03-09T23:44:58","date_gmt":"2023-03-09T21:44:58","guid":{"rendered":"https:\/\/mmkserviss.lv\/?post_type=product&#038;p=669641"},"modified":"2026-03-27T13:23:04","modified_gmt":"2026-03-27T11:23:04","slug":"275-45r21-michelin-latitude-sport-3-107y","status":"publish","type":"product","link":"https:\/\/mmkriepas.lv\/en\/p\/275-45r21-michelin-latitude-sport-3-107y\/","title":{"rendered":"275\/45R21 Michelin Latitude Sport 3 107Y MO-S NCS"},"content":{"rendered":"<p style=\"margin: 12.0pt 0cm 12.0pt 0cm;\"><b><span style=\"font-size: 11.0pt; font-family: 'Arial',sans-serif; color: black;\">Michelin Latitude Sport 3 &#8211; <\/span><\/b><span style=\"white-space: pre-wrap;\"><span style=\"font-size: 11.0pt; font-family: 'Arial',sans-serif; color: black;\">Augstas kvalit\u0101tes, premium klases vasaras riepu modelis, kas paredz\u0113ts jaud\u012bgiem sporta krosoveriem, kuru maksim\u0101lais \u0101trums nereti p\u0101rsniedz 200 km\/h. Izce\u013cas ne tikai ar teicam\u0101m sa\u0137eres \u012bpa\u0161\u012bb\u0101m, bet ar\u012b ar zemu degvielas pat\u0113ri\u0146u un palielin\u0101tu nodilumiztur\u012bbu.\u00a0<\/span><\/span><o:p><\/o:p><\/p>\n<h3 style=\"margin: 14.0pt 0cm 4.0pt 0cm;\"><span style=\"white-space: pre-wrap;\"><span style=\"font-size: 13.0pt; font-family: 'Arial',sans-serif; color: black;\">Michelin Latitude Sport 3 galven\u0101s \u012bpa\u0161\u012bbas<\/span><\/span><o:p><\/o:p><\/h3>\n<p style=\"margin: 12.0pt 0cm 12.0pt 0cm;\"><span style=\"white-space: pre-wrap;\"><span style=\"font-size: 11.0pt; font-family: 'Arial',sans-serif; color: black;\">+ Riepas rad\u012btas jaud\u012bgiem krosoveriem un kompaktajiem SUV.<\/span><\/span><o:p><\/o:p><\/p>\n<p style=\"margin: 12.0pt 0cm 12.0pt 0cm;\"><span style=\"white-space: pre-wrap;\"><span style=\"font-size: 11.0pt; font-family: 'Arial',sans-serif; color: black;\">+ Simetrisks protektora raksts, kas maksim\u0101lai veiktsp\u0113jai uz sausa un slapja asfalta.<\/span><\/span><o:p><\/o:p><\/p>\n<p style=\"margin: 12.0pt 0cm 12.0pt 0cm;\"><span style=\"white-space: pre-wrap;\"><span style=\"font-size: 11.0pt; font-family: 'Arial',sans-serif; color: black;\">+ Tr\u012bs mas\u012bvas un \u013coti stingras garenisk\u0101s ribas protektora raksta centr\u0101laj\u0101 da\u013c\u0101 nodro\u0161ina izcilu virziena stabilit\u0101ti un teicamu manevr\u0113tsp\u0113ju pat liel\u0101 brauk\u0161anas \u0101trum\u0101.<\/span><\/span><o:p><\/o:p><\/p>\n<p style=\"margin: 12.0pt 0cm 12.0pt 0cm;\"><span style=\"white-space: pre-wrap;\"><span style=\"font-size: 11.0pt; font-family: 'Arial',sans-serif; color: black;\">+ Platas plecu zonas ar nogludin\u0101t\u0101m bloku mal\u0101m nodro\u0161ina izcilu sa\u0137eri l\u012bkumos.<\/span><\/span><o:p><\/o:p><\/p>\n<p style=\"margin: 12.0pt 0cm 12.0pt 0cm;\"><span style=\"white-space: pre-wrap;\"><span style=\"font-size: 11.0pt; font-family: 'Arial',sans-serif; color: black;\">+ Jauns gumijas mais\u012bjums, kas pal\u012bdz uzlabot sa\u0137eri, manevr\u0113tsp\u0113ju un brauk\u0161anas komfortu.<\/span><\/span><o:p><\/o:p><\/p>\n<h3 style=\"margin: 14.0pt 0cm 4.0pt 0cm;\"><span style=\"white-space: pre-wrap;\"><span style=\"font-size: 13.0pt; font-family: 'Arial',sans-serif; color: black;\">Latitude Sport 3 jaunin\u0101jumi<\/span><\/span><o:p><\/o:p><\/h3>\n<p style=\"margin: 12.0pt 0cm 12.0pt 0cm;\"><span style=\"white-space: pre-wrap;\"><span style=\"font-size: 11.0pt; font-family: 'Arial',sans-serif; color: black;\">Visvair\u0101k p\u0101rveidota Michelin Latitude Sport 3 vidusda\u013ca. Tr\u012bs to veidojo\u0161\u0101s garenisk\u0101s protektora joslas ir man\u0101mi palielin\u0101tas, k\u0101 rezult\u0101t\u0101 iev\u0113rojami uzlabojusies virziena stabilit\u0101te un sa\u012bsin\u0101ts bremz\u0113\u0161anas ce\u013c\u0161.<\/span><\/span><o:p><\/o:p><\/p>\n<p style=\"margin: 12.0pt 0cm 12.0pt 0cm;\"><span style=\"white-space: pre-wrap;\"><span style=\"font-size: 11.0pt; font-family: 'Arial',sans-serif; color: black;\">Gumijas sast\u0101vs ir piedz\u012bvojis ne maz\u0101k b\u016btiskas izmai\u0146as. Taj\u0101 pa\u0161\u0101 laik\u0101 ir jaunin\u0101jumi ne tikai t\u0101 sast\u0101v\u0101, bet ar\u012b ra\u017eo\u0161anas tehnolo\u0123ij\u0101, kas nodro\u0161ina vienm\u0113r\u012bg\u0101ku nodilumu un sa\u0137eres \u012bpa\u0161\u012bbas. Gumijas sast\u0101vam pievienoti jaunas paaudzes sil\u012bciju saturo\u0161i komponenti, kas absorb\u0113 mitrumu, palielina sa\u0137eri un pat sl\u0101p\u0113 ska\u0146u. <\/span><\/span><o:p><\/o:p><\/p>\n","protected":false},"excerpt":{"rendered":"<p><b><span style=\"font-size: 11.0pt; font-family: 'Arial',sans-serif; color: black;\">Michelin Latitude Sport 3 &#8211; <\/span><\/b><span style=\"white-space: pre-wrap;\"><span style=\"font-size: 11.0pt; font-family: 'Arial',sans-serif; color: black;\">Augstas kvalit\u0101tes, premium klases vasaras riepu modelis, kas paredz\u0113ts jaud\u012bgiem sporta krosoveriem, kuru maksim\u0101lais \u0101trums nereti p\u0101rsniedz 200 km\/h. Izce\u013cas ne tikai ar teicam\u0101m sa\u0137eres \u012bpa\u0161\u012bb\u0101m, bet ar\u012b ar zemu degvielas pat\u0113ri\u0146u un palielin\u0101tu nodilumiztur\u012bbu. <\/span><\/span><\/p>\n","protected":false},"featured_media":894920,"template":"","meta":{"_acf_changed":false,"ngg_post_thumbnail":0},"product_brand":[],"product_cat":[46],"product_tag":[],"class_list":{"0":"post-669641","1":"product","2":"type-product","3":"status-publish","4":"has-post-thumbnail","6":"product_cat-vasaras-riepas","8":"first","9":"instock","10":"sale","11":"taxable","12":"shipping-taxable","13":"purchasable","14":"product-type-simple"},"acf":[],"yoast_head":"<!-- This site is optimized with the Yoast SEO Premium plugin v22.6 (Yoast SEO v27.3) - https:\/\/yoast.com\/product\/yoast-seo-premium-wordpress\/ -->\n<title>275\/45R21 Michelin Latitude Sport 3 107Y MO-S NCS &#8226; MMK Riepas<\/title>\n<meta name=\"robots\" content=\"index, follow, max-snippet:-1, max-image-preview:large, max-video-preview:-1\" \/>\n<link rel=\"canonical\" href=\"https:\/\/mmkriepas.lv\/en\/p\/275-45r21-michelin-latitude-sport-3-107y\/\" \/>\n<meta property=\"og:locale\" content=\"en_US\" \/>\n<meta property=\"og:type\" content=\"article\" \/>\n<meta property=\"og:title\" content=\"275\/45R21 Michelin Latitude Sport 3 107Y MO-S NCS\" \/>\n<meta property=\"og:description\" content=\"Michelin Latitude Sport 3 - Augstas kvalit\u0101tes, premium klases vasaras riepu modelis, kas paredz\u0113ts jaud\u012bgiem sporta krosoveriem, kuru maksim\u0101lais \u0101trums nereti p\u0101rsniedz 200 km\/h. Izce\u013cas ne tikai ar teicam\u0101m sa\u0137eres \u012bpa\u0161\u012bb\u0101m, bet ar\u012b ar zemu degvielas pat\u0113ri\u0146u un palielin\u0101tu nodilumiztur\u012bbu.\" \/>\n<meta property=\"og:url\" content=\"https:\/\/mmkriepas.lv\/en\/p\/275-45r21-michelin-latitude-sport-3-107y\/\" \/>\n<meta property=\"og:site_name\" content=\"MMK Riepas\" \/>\n<meta property=\"article:publisher\" content=\"https:\/\/www.facebook.com\/mmkserviss\/\" \/>\n<meta property=\"article:modified_time\" content=\"2026-03-27T11:23:04+00:00\" \/>\n<meta property=\"og:image\" content=\"https:\/\/mmkriepas.lv\/wp-content\/uploads\/2024\/04\/23550r19-michelin-latitude-sport-3-103v-xl-vasaras-riepas.jpg\" \/>\n\t<meta property=\"og:image:width\" content=\"1000\" \/>\n\t<meta property=\"og:image:height\" content=\"749\" \/>\n\t<meta property=\"og:image:type\" content=\"image\/jpeg\" \/>\n<meta name=\"twitter:card\" content=\"summary_large_image\" \/>\n<meta name=\"twitter:label1\" content=\"Price\" \/>\n\t<meta name=\"twitter:data1\" content=\"&euro;329.00\" \/>\n\t<meta name=\"twitter:label2\" content=\"Availability\" \/>\n\t<meta name=\"twitter:data2\" content=\"In stock\" \/>\n<script type=\"application\/ld+json\" class=\"yoast-schema-graph\">{\"@context\":\"https:\\\/\\\/schema.org\",\"@graph\":[{\"@type\":\"WebPage\",\"@id\":\"https:\\\/\\\/mmkriepas.lv\\\/en\\\/p\\\/275-45r21-michelin-latitude-sport-3-107y\\\/\",\"url\":\"https:\\\/\\\/mmkriepas.lv\\\/en\\\/p\\\/275-45r21-michelin-latitude-sport-3-107y\\\/\",\"name\":\"275\\\/45R21 Michelin Latitude Sport 3 107Y MO-S NCS &#8226; MMK Riepas\",\"isPartOf\":{\"@id\":\"https:\\\/\\\/mmkriepas.lv\\\/en\\\/#website\"},\"primaryImageOfPage\":{\"@id\":\"https:\\\/\\\/mmkriepas.lv\\\/en\\\/p\\\/275-45r21-michelin-latitude-sport-3-107y\\\/#primaryimage\"},\"image\":{\"@id\":\"https:\\\/\\\/mmkriepas.lv\\\/en\\\/p\\\/275-45r21-michelin-latitude-sport-3-107y\\\/#primaryimage\"},\"thumbnailUrl\":\"https:\\\/\\\/mmkriepas.lv\\\/wp-content\\\/uploads\\\/2024\\\/04\\\/23550r19-michelin-latitude-sport-3-103v-xl-vasaras-riepas.jpg\",\"datePublished\":\"2023-03-09T21:44:58+00:00\",\"dateModified\":\"2026-03-27T11:23:04+00:00\",\"breadcrumb\":{\"@id\":\"https:\\\/\\\/mmkriepas.lv\\\/en\\\/p\\\/275-45r21-michelin-latitude-sport-3-107y\\\/#breadcrumb\"},\"inLanguage\":\"en-US\",\"potentialAction\":[{\"@type\":\"ReadAction\",\"target\":[\"https:\\\/\\\/mmkriepas.lv\\\/en\\\/p\\\/275-45r21-michelin-latitude-sport-3-107y\\\/\"]}]},{\"@type\":\"ImageObject\",\"inLanguage\":\"en-US\",\"@id\":\"https:\\\/\\\/mmkriepas.lv\\\/en\\\/p\\\/275-45r21-michelin-latitude-sport-3-107y\\\/#primaryimage\",\"url\":\"https:\\\/\\\/mmkriepas.lv\\\/wp-content\\\/uploads\\\/2024\\\/04\\\/23550r19-michelin-latitude-sport-3-103v-xl-vasaras-riepas.jpg\",\"contentUrl\":\"https:\\\/\\\/mmkriepas.lv\\\/wp-content\\\/uploads\\\/2024\\\/04\\\/23550r19-michelin-latitude-sport-3-103v-xl-vasaras-riepas.jpg\",\"width\":1000,\"height\":749,\"caption\":\"MAIN\"},{\"@type\":\"BreadcrumbList\",\"@id\":\"https:\\\/\\\/mmkriepas.lv\\\/en\\\/p\\\/275-45r21-michelin-latitude-sport-3-107y\\\/#breadcrumb\",\"itemListElement\":[{\"@type\":\"ListItem\",\"position\":1,\"name\":\"S\u0101kums\",\"item\":\"https:\\\/\\\/mmkriepas.lv\\\/en\\\/\"},{\"@type\":\"ListItem\",\"position\":2,\"name\":\"275\\\/45R21 Michelin Latitude Sport 3 107Y MO-S NCS\"}]},{\"@type\":\"WebSite\",\"@id\":\"https:\\\/\\\/mmkriepas.lv\\\/en\\\/#website\",\"url\":\"https:\\\/\\\/mmkriepas.lv\\\/en\\\/\",\"name\":\"MMK Riepas\",\"description\":\"MMK Riepas\",\"alternateName\":\"MMK Riepu Serviss\",\"potentialAction\":[{\"@type\":\"SearchAction\",\"target\":{\"@type\":\"EntryPoint\",\"urlTemplate\":\"https:\\\/\\\/mmkriepas.lv\\\/en\\\/?s={search_term_string}\"},\"query-input\":{\"@type\":\"PropertyValueSpecification\",\"valueRequired\":true,\"valueName\":\"search_term_string\"}}],\"inLanguage\":\"en-US\"},{\"@type\":\"ImageObject\",\"inLanguage\":\"en-US\",\"@id\":\"https:\\\/\\\/mmkriepas.lv\\\/en\\\/p\\\/275-45r21-michelin-latitude-sport-3-107y\\\/#local-main-organization-logo\",\"url\":\"\",\"contentUrl\":\"\",\"caption\":\"MMK Riepas\"}]}<\/script>\n<meta property=\"product:brand\" content=\"Michelin Latitude Sport 3\" \/>\n<meta property=\"product:price:amount\" content=\"329.00\" \/>\n<meta property=\"product:price:currency\" content=\"EUR\" \/>\n<meta property=\"og:availability\" content=\"instock\" \/>\n<meta property=\"product:availability\" content=\"instock\" \/>\n<meta property=\"product:retailer_item_id\" content=\"TS2754521MICHE-L21841\" \/>\n<meta property=\"product:condition\" content=\"new\" \/>\n<!-- \/ Yoast SEO Premium plugin. -->","yoast_head_json":{"title":"275\/45R21 Michelin Latitude Sport 3 107Y MO-S NCS &#8226; MMK Riepas","robots":{"index":"index","follow":"follow","max-snippet":"max-snippet:-1","max-image-preview":"max-image-preview:large","max-video-preview":"max-video-preview:-1"},"canonical":"https:\/\/mmkriepas.lv\/en\/p\/275-45r21-michelin-latitude-sport-3-107y\/","og_locale":"en_US","og_type":"article","og_title":"275\/45R21 Michelin Latitude Sport 3 107Y MO-S NCS","og_description":"Michelin Latitude Sport 3 - Augstas kvalit\u0101tes, premium klases vasaras riepu modelis, kas paredz\u0113ts jaud\u012bgiem sporta krosoveriem, kuru maksim\u0101lais \u0101trums nereti p\u0101rsniedz 200 km\/h. Izce\u013cas ne tikai ar teicam\u0101m sa\u0137eres \u012bpa\u0161\u012bb\u0101m, bet ar\u012b ar zemu degvielas pat\u0113ri\u0146u un palielin\u0101tu nodilumiztur\u012bbu.","og_url":"https:\/\/mmkriepas.lv\/en\/p\/275-45r21-michelin-latitude-sport-3-107y\/","og_site_name":"MMK Riepas","article_publisher":"https:\/\/www.facebook.com\/mmkserviss\/","article_modified_time":"2026-03-27T11:23:04+00:00","og_image":[{"width":1000,"height":749,"url":"https:\/\/mmkriepas.lv\/wp-content\/uploads\/2024\/04\/23550r19-michelin-latitude-sport-3-103v-xl-vasaras-riepas.jpg","type":"image\/jpeg"}],"twitter_card":"summary_large_image","twitter_misc":{"Price":"&euro;329.00","Availability":"In stock"},"schema":{"@context":"https:\/\/schema.org","@graph":[{"@type":"WebPage","@id":"https:\/\/mmkriepas.lv\/en\/p\/275-45r21-michelin-latitude-sport-3-107y\/","url":"https:\/\/mmkriepas.lv\/en\/p\/275-45r21-michelin-latitude-sport-3-107y\/","name":"275\/45R21 Michelin Latitude Sport 3 107Y MO-S NCS &#8226; MMK Riepas","isPartOf":{"@id":"https:\/\/mmkriepas.lv\/en\/#website"},"primaryImageOfPage":{"@id":"https:\/\/mmkriepas.lv\/en\/p\/275-45r21-michelin-latitude-sport-3-107y\/#primaryimage"},"image":{"@id":"https:\/\/mmkriepas.lv\/en\/p\/275-45r21-michelin-latitude-sport-3-107y\/#primaryimage"},"thumbnailUrl":"https:\/\/mmkriepas.lv\/wp-content\/uploads\/2024\/04\/23550r19-michelin-latitude-sport-3-103v-xl-vasaras-riepas.jpg","datePublished":"2023-03-09T21:44:58+00:00","dateModified":"2026-03-27T11:23:04+00:00","breadcrumb":{"@id":"https:\/\/mmkriepas.lv\/en\/p\/275-45r21-michelin-latitude-sport-3-107y\/#breadcrumb"},"inLanguage":"en-US","potentialAction":[{"@type":"ReadAction","target":["https:\/\/mmkriepas.lv\/en\/p\/275-45r21-michelin-latitude-sport-3-107y\/"]}]},{"@type":"ImageObject","inLanguage":"en-US","@id":"https:\/\/mmkriepas.lv\/en\/p\/275-45r21-michelin-latitude-sport-3-107y\/#primaryimage","url":"https:\/\/mmkriepas.lv\/wp-content\/uploads\/2024\/04\/23550r19-michelin-latitude-sport-3-103v-xl-vasaras-riepas.jpg","contentUrl":"https:\/\/mmkriepas.lv\/wp-content\/uploads\/2024\/04\/23550r19-michelin-latitude-sport-3-103v-xl-vasaras-riepas.jpg","width":1000,"height":749,"caption":"MAIN"},{"@type":"BreadcrumbList","@id":"https:\/\/mmkriepas.lv\/en\/p\/275-45r21-michelin-latitude-sport-3-107y\/#breadcrumb","itemListElement":[{"@type":"ListItem","position":1,"name":"S\u0101kums","item":"https:\/\/mmkriepas.lv\/en\/"},{"@type":"ListItem","position":2,"name":"275\/45R21 Michelin Latitude Sport 3 107Y MO-S NCS"}]},{"@type":"WebSite","@id":"https:\/\/mmkriepas.lv\/en\/#website","url":"https:\/\/mmkriepas.lv\/en\/","name":"MMK Riepas","description":"MMK Riepas","alternateName":"MMK Riepu Serviss","potentialAction":[{"@type":"SearchAction","target":{"@type":"EntryPoint","urlTemplate":"https:\/\/mmkriepas.lv\/en\/?s={search_term_string}"},"query-input":{"@type":"PropertyValueSpecification","valueRequired":true,"valueName":"search_term_string"}}],"inLanguage":"en-US"},{"@type":"ImageObject","inLanguage":"en-US","@id":"https:\/\/mmkriepas.lv\/en\/p\/275-45r21-michelin-latitude-sport-3-107y\/#local-main-organization-logo","url":"","contentUrl":"","caption":"MMK Riepas"}]},"product_brand":"Michelin Latitude Sport 3","product_price_amount":"329.00","product_price_currency":"EUR","og_availability":"instock","product_availability":"instock","product_retailer_item_id":"TS2754521MICHE-L21841","product_condition":"new"},"_links":{"self":[{"href":"https:\/\/mmkriepas.lv\/en\/wp-json\/wp\/v2\/product\/669641","targetHints":{"allow":["GET"]}}],"collection":[{"href":"https:\/\/mmkriepas.lv\/en\/wp-json\/wp\/v2\/product"}],"about":[{"href":"https:\/\/mmkriepas.lv\/en\/wp-json\/wp\/v2\/types\/product"}],"wp:featuredmedia":[{"embeddable":true,"href":"https:\/\/mmkriepas.lv\/en\/wp-json\/wp\/v2\/media\/894920"}],"wp:attachment":[{"href":"https:\/\/mmkriepas.lv\/en\/wp-json\/wp\/v2\/media?parent=669641"}],"wp:term":[{"taxonomy":"product_brand","embeddable":true,"href":"https:\/\/mmkriepas.lv\/en\/wp-json\/wp\/v2\/product_brand?post=669641"},{"taxonomy":"product_cat","embeddable":true,"href":"https:\/\/mmkriepas.lv\/en\/wp-json\/wp\/v2\/product_cat?post=669641"},{"taxonomy":"product_tag","embeddable":true,"href":"https:\/\/mmkriepas.lv\/en\/wp-json\/wp\/v2\/product_tag?post=669641"}],"curies":[{"name":"wp","href":"https:\/\/api.w.org\/{rel}","templated":true}]}}