{"id":668619,"date":"2023-03-08T14:53:11","date_gmt":"2023-03-08T12:53:11","guid":{"rendered":"https:\/\/mmkserviss.lv\/?post_type=product&#038;p=668619"},"modified":"2026-03-27T13:22:08","modified_gmt":"2026-03-27T11:22:08","slug":"225-55r18-pirelli-cinturato-p7-102y-xl-ao","status":"publish","type":"product","link":"https:\/\/mmkriepas.lv\/en\/p\/225-55r18-pirelli-cinturato-p7-102y-xl-ao\/","title":{"rendered":"225\/55R18 Pirelli CINTURATO P7 102Y XL AO FSL"},"content":{"rendered":"<p><strong>Pirelli CINTURATO P7 &#8211; <\/strong>premium klases vasaras riepu modelis, kas paredz\u0113ts vieglaj\u0101m automa\u0161\u012bn\u0101m. Izce\u013cas ar izcilu sa\u0137eri, nodilumiztur\u012bbu, brauk\u0161anas komfortu un dro\u0161\u012bbu uz visiem ce\u013ca segumiem.<\/p>\n<h3>CINTURATO P7 galven\u0101s \u012bpa\u0161\u012bbas<\/h3>\n<p>+ Izcila sa\u0137ere gan ar sausu, gan slapju asfaltu, k\u0101 ar\u012b samazin\u0101ts akvaplan\u0113\u0161anas risks.<\/p>\n<p>+ Samazin\u0101ts degvielas pat\u0113ri\u0146\u0161, pateicoties \u012bpa\u0161ai riepas konstrukcijai.<\/p>\n<p>+ Palielin\u0101ta nodilumiztur\u012bba<\/p>\n<p>+ Akustiskais komforts.<\/p>\n<p><strong>CINTURATO P7 raksturojums<\/strong><\/p>\n<p><strong>Pirelli CINTURATO P7 <\/strong>&#8211; Pirelli pirm\u0101 \u201cGreen Performance\u201d riepa ir rad\u012bta, lai piln\u012bb\u0101 izmantotu jaun\u0101ko materi\u0101lu, konstrukciju un protektora raksta dizaina priek\u0161roc\u012bbas.<\/p>\n<p>Starp asimetriski izvietotaj\u0101m protektora josl\u0101m iestr\u0101d\u0101ta ar jaun\u0101kaj\u0101m tehnolo\u0123ij\u0101m bru\u0146ota dren\u0101\u017eas kan\u0101lu sist\u0113ma. T\u0101 lieliski izvada \u016bdeni no riepu kontakta virsmas ar ce\u013cu, b\u016btiski samazinot akvaplan\u0113\u0161anas risku.<\/p>\n<p><strong>CINTURATO P7 <\/strong>konstrukcijai izmantoti atviegloti, bet iztur\u012bgi sint\u0113tiskie materi\u0101li, padarot riepu viegl\u0101ku un likumsakar\u012bgi &#8211; samazinot rites pretest\u012bbu un degvielas pat\u0113ri\u0146u. Savuk\u0101rt, riepu gumijas sast\u0101vs papildin\u0101ts ar elastrom\u0113riem, kas \u013cauj saglab\u0101t sa\u0137eres \u012bpa\u0161\u012bbas pat intens\u012bvos ekspluat\u0101cijas apst\u0101k\u013cos, k\u0101 ar\u012b sl\u0101p\u0113 ska\u0146u.<\/p>\n","protected":false},"excerpt":{"rendered":"<p style=\"margin: 12.0pt 0cm 12.0pt 0cm;\"><b><span style=\"font-family: 'Arial',sans-serif; color: black;\">Pirelli CINTURATO P7 &#8211; <\/span><\/b><span style=\"font-family: 'Arial',sans-serif; color: black;\">premium klases vasaras riepu modelis, kas paredz\u0113ts vieglaj\u0101m automa\u0161\u012bn\u0101m. Izce\u013cas ar izcilu sa\u0137eri, nodilumiztur\u012bbu, brauk\u0161anas <\/span><span style=\"font-family: 'Arial',sans-serif;\">komfortu un dro\u0161\u012bbu uz visiem ce\u013ca segumiem.<\/span><u1:p><\/u1:p><o:p><\/o:p><\/p>\n","protected":false},"featured_media":870783,"template":"","meta":{"_acf_changed":false,"ngg_post_thumbnail":0},"product_brand":[],"product_cat":[46],"product_tag":[],"class_list":{"0":"post-668619","1":"product","2":"type-product","3":"status-publish","4":"has-post-thumbnail","6":"product_cat-vasaras-riepas","8":"first","9":"instock","10":"sale","11":"taxable","12":"shipping-taxable","13":"purchasable","14":"product-type-simple"},"acf":[],"yoast_head":"<!-- This site is optimized with the Yoast SEO Premium plugin v22.6 (Yoast SEO v27.3) - https:\/\/yoast.com\/product\/yoast-seo-premium-wordpress\/ -->\n<title>225\/55R18 Pirelli CINTURATO P7 102Y XL AO FSL &#8226; MMK Riepas<\/title>\n<meta name=\"robots\" content=\"index, follow, max-snippet:-1, max-image-preview:large, max-video-preview:-1\" \/>\n<link rel=\"canonical\" href=\"https:\/\/mmkriepas.lv\/en\/p\/225-55r18-pirelli-cinturato-p7-102y-xl-ao\/\" \/>\n<meta property=\"og:locale\" content=\"en_US\" \/>\n<meta property=\"og:type\" content=\"article\" \/>\n<meta property=\"og:title\" content=\"225\/55R18 Pirelli CINTURATO P7 102Y XL AO FSL\" \/>\n<meta property=\"og:description\" content=\"Pirelli CINTURATO P7 - premium klases vasaras riepu modelis, kas paredz\u0113ts vieglaj\u0101m automa\u0161\u012bn\u0101m. Izce\u013cas ar izcilu sa\u0137eri, nodilumiztur\u012bbu, brauk\u0161anas komfortu un dro\u0161\u012bbu uz visiem ce\u013ca segumiem.\" \/>\n<meta property=\"og:url\" content=\"https:\/\/mmkriepas.lv\/en\/p\/225-55r18-pirelli-cinturato-p7-102y-xl-ao\/\" \/>\n<meta property=\"og:site_name\" content=\"MMK Riepas\" \/>\n<meta property=\"article:publisher\" content=\"https:\/\/www.facebook.com\/mmkserviss\/\" \/>\n<meta property=\"article:modified_time\" content=\"2026-03-27T11:22:08+00:00\" \/>\n<meta property=\"og:image\" content=\"https:\/\/mmkriepas.lv\/wp-content\/uploads\/2024\/03\/20555r17-pirelli-cinturato-p7-91v-runflat-fsl-vasaras-riepas.jpg\" \/>\n\t<meta property=\"og:image:width\" content=\"1920\" \/>\n\t<meta property=\"og:image:height\" content=\"1440\" \/>\n\t<meta property=\"og:image:type\" content=\"image\/jpeg\" \/>\n<meta name=\"twitter:card\" content=\"summary_large_image\" \/>\n<meta name=\"twitter:label1\" content=\"Price\" \/>\n\t<meta name=\"twitter:data1\" content=\"&euro;158.00\" \/>\n\t<meta name=\"twitter:label2\" content=\"Availability\" \/>\n\t<meta name=\"twitter:data2\" content=\"In stock\" \/>\n<script type=\"application\/ld+json\" class=\"yoast-schema-graph\">{\"@context\":\"https:\\\/\\\/schema.org\",\"@graph\":[{\"@type\":\"WebPage\",\"@id\":\"https:\\\/\\\/mmkriepas.lv\\\/en\\\/p\\\/225-55r18-pirelli-cinturato-p7-102y-xl-ao\\\/\",\"url\":\"https:\\\/\\\/mmkriepas.lv\\\/en\\\/p\\\/225-55r18-pirelli-cinturato-p7-102y-xl-ao\\\/\",\"name\":\"225\\\/55R18 Pirelli CINTURATO P7 102Y XL AO FSL &#8226; MMK Riepas\",\"isPartOf\":{\"@id\":\"https:\\\/\\\/mmkriepas.lv\\\/en\\\/#website\"},\"primaryImageOfPage\":{\"@id\":\"https:\\\/\\\/mmkriepas.lv\\\/en\\\/p\\\/225-55r18-pirelli-cinturato-p7-102y-xl-ao\\\/#primaryimage\"},\"image\":{\"@id\":\"https:\\\/\\\/mmkriepas.lv\\\/en\\\/p\\\/225-55r18-pirelli-cinturato-p7-102y-xl-ao\\\/#primaryimage\"},\"thumbnailUrl\":\"https:\\\/\\\/mmkriepas.lv\\\/wp-content\\\/uploads\\\/2024\\\/03\\\/20555r17-pirelli-cinturato-p7-91v-runflat-fsl-vasaras-riepas.jpg\",\"datePublished\":\"2023-03-08T12:53:11+00:00\",\"dateModified\":\"2026-03-27T11:22:08+00:00\",\"breadcrumb\":{\"@id\":\"https:\\\/\\\/mmkriepas.lv\\\/en\\\/p\\\/225-55r18-pirelli-cinturato-p7-102y-xl-ao\\\/#breadcrumb\"},\"inLanguage\":\"en-US\",\"potentialAction\":[{\"@type\":\"ReadAction\",\"target\":[\"https:\\\/\\\/mmkriepas.lv\\\/en\\\/p\\\/225-55r18-pirelli-cinturato-p7-102y-xl-ao\\\/\"]}]},{\"@type\":\"ImageObject\",\"inLanguage\":\"en-US\",\"@id\":\"https:\\\/\\\/mmkriepas.lv\\\/en\\\/p\\\/225-55r18-pirelli-cinturato-p7-102y-xl-ao\\\/#primaryimage\",\"url\":\"https:\\\/\\\/mmkriepas.lv\\\/wp-content\\\/uploads\\\/2024\\\/03\\\/20555r17-pirelli-cinturato-p7-91v-runflat-fsl-vasaras-riepas.jpg\",\"contentUrl\":\"https:\\\/\\\/mmkriepas.lv\\\/wp-content\\\/uploads\\\/2024\\\/03\\\/20555r17-pirelli-cinturato-p7-91v-runflat-fsl-vasaras-riepas.jpg\",\"width\":1920,\"height\":1440,\"caption\":\"MAIN\"},{\"@type\":\"BreadcrumbList\",\"@id\":\"https:\\\/\\\/mmkriepas.lv\\\/en\\\/p\\\/225-55r18-pirelli-cinturato-p7-102y-xl-ao\\\/#breadcrumb\",\"itemListElement\":[{\"@type\":\"ListItem\",\"position\":1,\"name\":\"S\u0101kums\",\"item\":\"https:\\\/\\\/mmkriepas.lv\\\/en\\\/\"},{\"@type\":\"ListItem\",\"position\":2,\"name\":\"225\\\/55R18 Pirelli CINTURATO P7 102Y XL AO FSL\"}]},{\"@type\":\"WebSite\",\"@id\":\"https:\\\/\\\/mmkriepas.lv\\\/en\\\/#website\",\"url\":\"https:\\\/\\\/mmkriepas.lv\\\/en\\\/\",\"name\":\"MMK Riepas\",\"description\":\"MMK Riepas\",\"alternateName\":\"MMK Riepu Serviss\",\"potentialAction\":[{\"@type\":\"SearchAction\",\"target\":{\"@type\":\"EntryPoint\",\"urlTemplate\":\"https:\\\/\\\/mmkriepas.lv\\\/en\\\/?s={search_term_string}\"},\"query-input\":{\"@type\":\"PropertyValueSpecification\",\"valueRequired\":true,\"valueName\":\"search_term_string\"}}],\"inLanguage\":\"en-US\"},{\"@type\":\"ImageObject\",\"inLanguage\":\"en-US\",\"@id\":\"https:\\\/\\\/mmkriepas.lv\\\/en\\\/p\\\/225-55r18-pirelli-cinturato-p7-102y-xl-ao\\\/#local-main-organization-logo\",\"url\":\"\",\"contentUrl\":\"\",\"caption\":\"MMK Riepas\"}]}<\/script>\n<meta property=\"product:brand\" content=\"Pirelli CINTURATO P7\" \/>\n<meta property=\"product:price:amount\" content=\"158.00\" \/>\n<meta property=\"product:price:currency\" content=\"EUR\" \/>\n<meta property=\"og:availability\" content=\"instock\" \/>\n<meta property=\"product:availability\" content=\"instock\" \/>\n<meta property=\"product:retailer_item_id\" content=\"TS2255518PIREL-L21736\" \/>\n<meta property=\"product:condition\" content=\"new\" \/>\n<!-- \/ Yoast SEO Premium plugin. -->","yoast_head_json":{"title":"225\/55R18 Pirelli CINTURATO P7 102Y XL AO FSL &#8226; MMK Riepas","robots":{"index":"index","follow":"follow","max-snippet":"max-snippet:-1","max-image-preview":"max-image-preview:large","max-video-preview":"max-video-preview:-1"},"canonical":"https:\/\/mmkriepas.lv\/en\/p\/225-55r18-pirelli-cinturato-p7-102y-xl-ao\/","og_locale":"en_US","og_type":"article","og_title":"225\/55R18 Pirelli CINTURATO P7 102Y XL AO FSL","og_description":"Pirelli CINTURATO P7 - premium klases vasaras riepu modelis, kas paredz\u0113ts vieglaj\u0101m automa\u0161\u012bn\u0101m. Izce\u013cas ar izcilu sa\u0137eri, nodilumiztur\u012bbu, brauk\u0161anas komfortu un dro\u0161\u012bbu uz visiem ce\u013ca segumiem.","og_url":"https:\/\/mmkriepas.lv\/en\/p\/225-55r18-pirelli-cinturato-p7-102y-xl-ao\/","og_site_name":"MMK Riepas","article_publisher":"https:\/\/www.facebook.com\/mmkserviss\/","article_modified_time":"2026-03-27T11:22:08+00:00","og_image":[{"width":1920,"height":1440,"url":"https:\/\/mmkriepas.lv\/wp-content\/uploads\/2024\/03\/20555r17-pirelli-cinturato-p7-91v-runflat-fsl-vasaras-riepas.jpg","type":"image\/jpeg"}],"twitter_card":"summary_large_image","twitter_misc":{"Price":"&euro;158.00","Availability":"In stock"},"schema":{"@context":"https:\/\/schema.org","@graph":[{"@type":"WebPage","@id":"https:\/\/mmkriepas.lv\/en\/p\/225-55r18-pirelli-cinturato-p7-102y-xl-ao\/","url":"https:\/\/mmkriepas.lv\/en\/p\/225-55r18-pirelli-cinturato-p7-102y-xl-ao\/","name":"225\/55R18 Pirelli CINTURATO P7 102Y XL AO FSL &#8226; MMK Riepas","isPartOf":{"@id":"https:\/\/mmkriepas.lv\/en\/#website"},"primaryImageOfPage":{"@id":"https:\/\/mmkriepas.lv\/en\/p\/225-55r18-pirelli-cinturato-p7-102y-xl-ao\/#primaryimage"},"image":{"@id":"https:\/\/mmkriepas.lv\/en\/p\/225-55r18-pirelli-cinturato-p7-102y-xl-ao\/#primaryimage"},"thumbnailUrl":"https:\/\/mmkriepas.lv\/wp-content\/uploads\/2024\/03\/20555r17-pirelli-cinturato-p7-91v-runflat-fsl-vasaras-riepas.jpg","datePublished":"2023-03-08T12:53:11+00:00","dateModified":"2026-03-27T11:22:08+00:00","breadcrumb":{"@id":"https:\/\/mmkriepas.lv\/en\/p\/225-55r18-pirelli-cinturato-p7-102y-xl-ao\/#breadcrumb"},"inLanguage":"en-US","potentialAction":[{"@type":"ReadAction","target":["https:\/\/mmkriepas.lv\/en\/p\/225-55r18-pirelli-cinturato-p7-102y-xl-ao\/"]}]},{"@type":"ImageObject","inLanguage":"en-US","@id":"https:\/\/mmkriepas.lv\/en\/p\/225-55r18-pirelli-cinturato-p7-102y-xl-ao\/#primaryimage","url":"https:\/\/mmkriepas.lv\/wp-content\/uploads\/2024\/03\/20555r17-pirelli-cinturato-p7-91v-runflat-fsl-vasaras-riepas.jpg","contentUrl":"https:\/\/mmkriepas.lv\/wp-content\/uploads\/2024\/03\/20555r17-pirelli-cinturato-p7-91v-runflat-fsl-vasaras-riepas.jpg","width":1920,"height":1440,"caption":"MAIN"},{"@type":"BreadcrumbList","@id":"https:\/\/mmkriepas.lv\/en\/p\/225-55r18-pirelli-cinturato-p7-102y-xl-ao\/#breadcrumb","itemListElement":[{"@type":"ListItem","position":1,"name":"S\u0101kums","item":"https:\/\/mmkriepas.lv\/en\/"},{"@type":"ListItem","position":2,"name":"225\/55R18 Pirelli CINTURATO P7 102Y XL AO FSL"}]},{"@type":"WebSite","@id":"https:\/\/mmkriepas.lv\/en\/#website","url":"https:\/\/mmkriepas.lv\/en\/","name":"MMK Riepas","description":"MMK Riepas","alternateName":"MMK Riepu Serviss","potentialAction":[{"@type":"SearchAction","target":{"@type":"EntryPoint","urlTemplate":"https:\/\/mmkriepas.lv\/en\/?s={search_term_string}"},"query-input":{"@type":"PropertyValueSpecification","valueRequired":true,"valueName":"search_term_string"}}],"inLanguage":"en-US"},{"@type":"ImageObject","inLanguage":"en-US","@id":"https:\/\/mmkriepas.lv\/en\/p\/225-55r18-pirelli-cinturato-p7-102y-xl-ao\/#local-main-organization-logo","url":"","contentUrl":"","caption":"MMK Riepas"}]},"product_brand":"Pirelli CINTURATO P7","product_price_amount":"158.00","product_price_currency":"EUR","og_availability":"instock","product_availability":"instock","product_retailer_item_id":"TS2255518PIREL-L21736","product_condition":"new"},"_links":{"self":[{"href":"https:\/\/mmkriepas.lv\/en\/wp-json\/wp\/v2\/product\/668619","targetHints":{"allow":["GET"]}}],"collection":[{"href":"https:\/\/mmkriepas.lv\/en\/wp-json\/wp\/v2\/product"}],"about":[{"href":"https:\/\/mmkriepas.lv\/en\/wp-json\/wp\/v2\/types\/product"}],"wp:featuredmedia":[{"embeddable":true,"href":"https:\/\/mmkriepas.lv\/en\/wp-json\/wp\/v2\/media\/870783"}],"wp:attachment":[{"href":"https:\/\/mmkriepas.lv\/en\/wp-json\/wp\/v2\/media?parent=668619"}],"wp:term":[{"taxonomy":"product_brand","embeddable":true,"href":"https:\/\/mmkriepas.lv\/en\/wp-json\/wp\/v2\/product_brand?post=668619"},{"taxonomy":"product_cat","embeddable":true,"href":"https:\/\/mmkriepas.lv\/en\/wp-json\/wp\/v2\/product_cat?post=668619"},{"taxonomy":"product_tag","embeddable":true,"href":"https:\/\/mmkriepas.lv\/en\/wp-json\/wp\/v2\/product_tag?post=668619"}],"curies":[{"name":"wp","href":"https:\/\/api.w.org\/{rel}","templated":true}]}}