{"id":667273,"date":"2023-03-06T00:45:15","date_gmt":"2023-03-05T22:45:15","guid":{"rendered":"https:\/\/mmkserviss.lv\/?post_type=product&#038;p=667273"},"modified":"2025-04-28T13:47:48","modified_gmt":"2025-04-28T10:47:48","slug":"205-80r16-maxxis-worm-drive-at-980e-110-108q","status":"publish","type":"product","link":"https:\/\/mmkriepas.lv\/en\/p\/205-80r16-maxxis-worm-drive-at-980e-110-108q\/","title":{"rendered":"205\/80R16 Maxxis Wormdrive AT-980E 110\/108Q"},"content":{"rendered":"<p class=\"western\"><span style=\"font-family: Arial, serif;\"><strong><span style=\"font-family: Arial, sans-serif;\">Maxxis Wormdrive AT-980E<\/span><\/strong><span style=\"font-family: Arial, sans-serif;\"> vasaras riepu modelis ir paredz\u0113ts SUV autom\u0101\u0161\u012bn\u0101m un pikapiem, kurus to \u012bpa\u0161nieki izmanto uz \u0161osejas un bezce\u013ca. Modelis ir univers\u0101ls, demonstr\u0113jot augstu veiktsp\u0113ju uz jebkuras virsmas.<\/span><\/span><\/p>\n<p class=\"western\"><strong><span style=\"font-family: Arial, sans-serif;\">Maxxis <\/span><\/strong><strong><span style=\"font-family: Arial, sans-serif;\">Wormdrive <\/span><\/strong><strong><span style=\"font-family: Arial, sans-serif;\">AT-980E<\/span><\/strong><span style=\"font-family: Arial, sans-serif;\"> <\/span><strong><span style=\"font-family: Arial, sans-serif;\">galven\u0101s iez\u012bmes<\/span><\/strong><\/p>\n<p class=\"western\"><span style=\"font-family: Arial, sans-serif;\">&#8211; Univers\u0101ls SUV un pikapu modelis, kas vienl\u012bdz labi piem\u0113rots lielce\u013ciem un nesegt\u0101m virsm\u0101m;<br \/>&#8211; Gumijas mais\u012bjums, kas iztur\u012bgs pret triecienu, griezumiem un nodilumu;<br \/>&#8211; R\u0101mis ar pastiprin\u0101t\u0101m s\u0101nu sien\u0101m nodro\u0161ina augstu uzticam\u012bbu uz ce\u013ca.<\/span><\/p>\n<p class=\"western\"><span style=\"font-family: Arial, sans-serif;\"><b>Optimiz\u0113ts protektora dizains jebkuram p\u0101rkl\u0101jumam<\/b><\/span><\/p>\n<p class=\"western\"><span style=\"font-family: Arial, sans-serif;\">Riepu efektivit\u0101ti gan uz \u0161osejas, gan \u0101rpus t\u0101s liel\u0101koties nodro\u0161ina protektora z\u012bm\u0113juma iez\u012bmes. Galvenais no tiem ir liela skaita bloku kl\u0101tb\u016btne. Vi\u0146iem ir sare\u017e\u0123\u012bta daudzst\u016bra forma un tie atrodas le\u0146\u0137\u012b pret kust\u012bbas virzienu. Rezult\u0101ts ir uzticama sa\u0137ere gan ar asfalta, gan net\u012brumu virsm\u0101m. Bloki nodro\u0161ina kontakta vietu ar iev\u0113rojama garuma un augstuma savienojuma virsm\u0101m. Tas \u013cauj riepai efekt\u012bvi pie\u0137erties jebkurai virsmai. \u0160o bezce\u013ca \u012bpa\u0161\u012bbu v\u0113l vair\u0101k palielina lielais att\u0101lums starp plecu zonu blokiem, kas darbojas t\u0101dos apst\u0101k\u013cos k\u0101 pilnas cilpas.<\/span><\/p>\n<p class=\"western\"><span style=\"font-family: Arial, sans-serif;\"><b>\u012apa\u0161s gumijas mais\u012bjums<\/b><\/span><\/p>\n<p class=\"western\"><span style=\"font-family: Arial, sans-serif;\">Savienojuma sast\u0101vs tika izv\u0113l\u0113ts, pamatojoties uz SUV un pikapu lieto\u0161anas \u012bpa\u0161\u012bb\u0101m pie asfalt\u0113tiem ce\u013ciem. Sakar\u0101 ar to protektoru raksturo augsta stingr\u012bba un meh\u0101nisk\u0101 iztur\u012bba. Tas samazina riepu saboj\u0101\u0161anas risku uz ce\u013ciem un turkl\u0101t uzlabo t\u0101 iztur\u012bbu pret nodilumu.<\/span><\/p>\n<p class=\"western\"><span style=\"font-family: Arial, sans-serif;\"><b>Pastiprin\u0101ts r\u0101mis<\/b><\/span><\/p>\n<p class=\"western\"><span style=\"font-family: Arial, sans-serif;\">R\u0101mis tika izstr\u0101d\u0101ts ar\u012b, \u0146emot v\u0113r\u0101 riepu izmanto\u0161anu, \u012bpa\u0161i uz ce\u013ciem. T\u0101 elementi, kas ir visjut\u012bg\u0101kie pret meh\u0101nisko spriegumu, tika iev\u0113rojami nostiprin\u0101ti. P\u0101rrauj\u0101 un s\u0101nu sien\u0101s par\u0101d\u012bj\u0101s papildu t\u0113rauda auklas. P\u0113d\u0113jiem taj\u0101 pa\u0161\u0101 laik\u0101 ir stingr\u012bba, kas ar lielu rezervi nodro\u0161ina aizsardz\u012bbu pret boj\u0101jumiem gan pa\u0161\u0101m riep\u0101m, gan automa\u0161\u012bnas balstiek\u0101rtas deta\u013c\u0101m<\/span><\/p>\n","protected":false},"excerpt":{"rendered":"<p class=\"western\"><span style=\"font-family: Arial, serif;\"><strong><span style=\"font-family: Arial, sans-serif;\">Maxxis Wormdrive AT-980E<\/span><\/strong><span style=\"font-family: Arial, sans-serif;\"> vasaras riepu modelis ir paredz\u0113ts SUV autom\u0101\u0161\u012bn\u0101m un pikapiem, kurus to \u012bpa\u0161nieki izmanto uz \u0161osejas un bezce\u013ca. Modelis ir univers\u0101ls, demonstr\u0113jot augstu veiktsp\u0113ju uz jebkuras virsmas.<\/span><\/span><\/p>\n","protected":false},"featured_media":1254452,"template":"","meta":{"_acf_changed":false,"ngg_post_thumbnail":0},"product_brand":[],"product_cat":[46],"product_tag":[],"class_list":{"0":"post-667273","1":"product","2":"type-product","3":"status-publish","4":"has-post-thumbnail","6":"product_cat-vasaras-riepas","8":"first","9":"instock","10":"taxable","11":"shipping-taxable","12":"product-type-simple"},"acf":[],"yoast_head":"<!-- This site is optimized with the Yoast SEO Premium plugin v22.6 (Yoast SEO v27.3) - https:\/\/yoast.com\/product\/yoast-seo-premium-wordpress\/ -->\n<title>205\/80R16 Maxxis Wormdrive AT-980E 110\/108Q &#8226; MMK Riepas<\/title>\n<meta name=\"robots\" content=\"index, follow, max-snippet:-1, max-image-preview:large, max-video-preview:-1\" \/>\n<link rel=\"canonical\" href=\"https:\/\/mmkriepas.lv\/en\/p\/205-80r16-maxxis-worm-drive-at-980e-110-108q\/\" \/>\n<meta property=\"og:locale\" content=\"en_US\" \/>\n<meta property=\"og:type\" content=\"article\" \/>\n<meta property=\"og:title\" content=\"205\/80R16 Maxxis Wormdrive AT-980E 110\/108Q\" \/>\n<meta property=\"og:description\" content=\"Maxxis Wormdrive AT-980E vasaras riepu modelis ir paredz\u0113ts SUV autom\u0101\u0161\u012bn\u0101m un pikapiem, kurus to \u012bpa\u0161nieki izmanto uz \u0161osejas un bezce\u013ca. Modelis ir univers\u0101ls, demonstr\u0113jot augstu veiktsp\u0113ju uz jebkuras virsmas.\" \/>\n<meta property=\"og:url\" content=\"https:\/\/mmkriepas.lv\/en\/p\/205-80r16-maxxis-worm-drive-at-980e-110-108q\/\" \/>\n<meta property=\"og:site_name\" content=\"MMK Riepas\" \/>\n<meta property=\"article:publisher\" content=\"https:\/\/www.facebook.com\/mmkserviss\/\" \/>\n<meta property=\"article:modified_time\" content=\"2025-04-28T10:47:48+00:00\" \/>\n<meta property=\"og:image\" content=\"https:\/\/mmkriepas.lv\/wp-content\/uploads\/2025\/07\/23575r15-maxxis-wormdrive-at-980e-104101q-owl-por-all-terrain-riepas-vasaras-riepas.jpg\" \/>\n\t<meta property=\"og:image:width\" content=\"900\" \/>\n\t<meta property=\"og:image:height\" content=\"720\" \/>\n\t<meta property=\"og:image:type\" content=\"image\/jpeg\" \/>\n<meta name=\"twitter:card\" content=\"summary_large_image\" \/>\n<meta name=\"twitter:label1\" content=\"Price\" \/>\n\t<meta name=\"twitter:data1\" content=\"&euro;119.00\" \/>\n\t<meta name=\"twitter:label2\" content=\"Availability\" \/>\n\t<meta name=\"twitter:data2\" content=\"In stock\" \/>\n<script type=\"application\/ld+json\" class=\"yoast-schema-graph\">{\"@context\":\"https:\\\/\\\/schema.org\",\"@graph\":[{\"@type\":\"WebPage\",\"@id\":\"https:\\\/\\\/mmkriepas.lv\\\/en\\\/p\\\/205-80r16-maxxis-worm-drive-at-980e-110-108q\\\/\",\"url\":\"https:\\\/\\\/mmkriepas.lv\\\/en\\\/p\\\/205-80r16-maxxis-worm-drive-at-980e-110-108q\\\/\",\"name\":\"205\\\/80R16 Maxxis Wormdrive AT-980E 110\\\/108Q &#8226; MMK Riepas\",\"isPartOf\":{\"@id\":\"https:\\\/\\\/mmkriepas.lv\\\/en\\\/#website\"},\"primaryImageOfPage\":{\"@id\":\"https:\\\/\\\/mmkriepas.lv\\\/en\\\/p\\\/205-80r16-maxxis-worm-drive-at-980e-110-108q\\\/#primaryimage\"},\"image\":{\"@id\":\"https:\\\/\\\/mmkriepas.lv\\\/en\\\/p\\\/205-80r16-maxxis-worm-drive-at-980e-110-108q\\\/#primaryimage\"},\"thumbnailUrl\":\"https:\\\/\\\/mmkriepas.lv\\\/wp-content\\\/uploads\\\/2025\\\/07\\\/23575r15-maxxis-wormdrive-at-980e-104101q-owl-por-all-terrain-riepas-vasaras-riepas.jpg\",\"datePublished\":\"2023-03-05T22:45:15+00:00\",\"dateModified\":\"2025-04-28T10:47:48+00:00\",\"breadcrumb\":{\"@id\":\"https:\\\/\\\/mmkriepas.lv\\\/en\\\/p\\\/205-80r16-maxxis-worm-drive-at-980e-110-108q\\\/#breadcrumb\"},\"inLanguage\":\"en-US\",\"potentialAction\":[{\"@type\":\"ReadAction\",\"target\":[\"https:\\\/\\\/mmkriepas.lv\\\/en\\\/p\\\/205-80r16-maxxis-worm-drive-at-980e-110-108q\\\/\"]}]},{\"@type\":\"ImageObject\",\"inLanguage\":\"en-US\",\"@id\":\"https:\\\/\\\/mmkriepas.lv\\\/en\\\/p\\\/205-80r16-maxxis-worm-drive-at-980e-110-108q\\\/#primaryimage\",\"url\":\"https:\\\/\\\/mmkriepas.lv\\\/wp-content\\\/uploads\\\/2025\\\/07\\\/23575r15-maxxis-wormdrive-at-980e-104101q-owl-por-all-terrain-riepas-vasaras-riepas.jpg\",\"contentUrl\":\"https:\\\/\\\/mmkriepas.lv\\\/wp-content\\\/uploads\\\/2025\\\/07\\\/23575r15-maxxis-wormdrive-at-980e-104101q-owl-por-all-terrain-riepas-vasaras-riepas.jpg\",\"width\":900,\"height\":720,\"caption\":\"MAIN\"},{\"@type\":\"BreadcrumbList\",\"@id\":\"https:\\\/\\\/mmkriepas.lv\\\/en\\\/p\\\/205-80r16-maxxis-worm-drive-at-980e-110-108q\\\/#breadcrumb\",\"itemListElement\":[{\"@type\":\"ListItem\",\"position\":1,\"name\":\"S\u0101kums\",\"item\":\"https:\\\/\\\/mmkriepas.lv\\\/en\\\/\"},{\"@type\":\"ListItem\",\"position\":2,\"name\":\"205\\\/80R16 Maxxis Wormdrive AT-980E 110\\\/108Q\"}]},{\"@type\":\"WebSite\",\"@id\":\"https:\\\/\\\/mmkriepas.lv\\\/en\\\/#website\",\"url\":\"https:\\\/\\\/mmkriepas.lv\\\/en\\\/\",\"name\":\"MMK Riepas\",\"description\":\"MMK Riepas\",\"alternateName\":\"MMK Riepu Serviss\",\"potentialAction\":[{\"@type\":\"SearchAction\",\"target\":{\"@type\":\"EntryPoint\",\"urlTemplate\":\"https:\\\/\\\/mmkriepas.lv\\\/en\\\/?s={search_term_string}\"},\"query-input\":{\"@type\":\"PropertyValueSpecification\",\"valueRequired\":true,\"valueName\":\"search_term_string\"}}],\"inLanguage\":\"en-US\"},{\"@type\":\"ImageObject\",\"inLanguage\":\"en-US\",\"@id\":\"https:\\\/\\\/mmkriepas.lv\\\/en\\\/p\\\/205-80r16-maxxis-worm-drive-at-980e-110-108q\\\/#local-main-organization-logo\",\"url\":\"\",\"contentUrl\":\"\",\"caption\":\"MMK Riepas\"}]}<\/script>\n<meta property=\"product:brand\" content=\"Maxxis Wormdrive AT-980E\" \/>\n<meta property=\"product:price:amount\" content=\"119.00\" \/>\n<meta property=\"product:price:currency\" content=\"EUR\" \/>\n<meta property=\"og:availability\" content=\"instock\" \/>\n<meta property=\"product:availability\" content=\"instock\" \/>\n<meta property=\"product:retailer_item_id\" content=\"TS2058016MAXXI-L21572\" \/>\n<meta property=\"product:condition\" content=\"new\" \/>\n<!-- \/ Yoast SEO Premium plugin. -->","yoast_head_json":{"title":"205\/80R16 Maxxis Wormdrive AT-980E 110\/108Q &#8226; MMK Riepas","robots":{"index":"index","follow":"follow","max-snippet":"max-snippet:-1","max-image-preview":"max-image-preview:large","max-video-preview":"max-video-preview:-1"},"canonical":"https:\/\/mmkriepas.lv\/en\/p\/205-80r16-maxxis-worm-drive-at-980e-110-108q\/","og_locale":"en_US","og_type":"article","og_title":"205\/80R16 Maxxis Wormdrive AT-980E 110\/108Q","og_description":"Maxxis Wormdrive AT-980E vasaras riepu modelis ir paredz\u0113ts SUV autom\u0101\u0161\u012bn\u0101m un pikapiem, kurus to \u012bpa\u0161nieki izmanto uz \u0161osejas un bezce\u013ca. Modelis ir univers\u0101ls, demonstr\u0113jot augstu veiktsp\u0113ju uz jebkuras virsmas.","og_url":"https:\/\/mmkriepas.lv\/en\/p\/205-80r16-maxxis-worm-drive-at-980e-110-108q\/","og_site_name":"MMK Riepas","article_publisher":"https:\/\/www.facebook.com\/mmkserviss\/","article_modified_time":"2025-04-28T10:47:48+00:00","og_image":[{"width":900,"height":720,"url":"https:\/\/mmkriepas.lv\/wp-content\/uploads\/2025\/07\/23575r15-maxxis-wormdrive-at-980e-104101q-owl-por-all-terrain-riepas-vasaras-riepas.jpg","type":"image\/jpeg"}],"twitter_card":"summary_large_image","twitter_misc":{"Price":"&euro;119.00","Availability":"In stock"},"schema":{"@context":"https:\/\/schema.org","@graph":[{"@type":"WebPage","@id":"https:\/\/mmkriepas.lv\/en\/p\/205-80r16-maxxis-worm-drive-at-980e-110-108q\/","url":"https:\/\/mmkriepas.lv\/en\/p\/205-80r16-maxxis-worm-drive-at-980e-110-108q\/","name":"205\/80R16 Maxxis Wormdrive AT-980E 110\/108Q &#8226; MMK Riepas","isPartOf":{"@id":"https:\/\/mmkriepas.lv\/en\/#website"},"primaryImageOfPage":{"@id":"https:\/\/mmkriepas.lv\/en\/p\/205-80r16-maxxis-worm-drive-at-980e-110-108q\/#primaryimage"},"image":{"@id":"https:\/\/mmkriepas.lv\/en\/p\/205-80r16-maxxis-worm-drive-at-980e-110-108q\/#primaryimage"},"thumbnailUrl":"https:\/\/mmkriepas.lv\/wp-content\/uploads\/2025\/07\/23575r15-maxxis-wormdrive-at-980e-104101q-owl-por-all-terrain-riepas-vasaras-riepas.jpg","datePublished":"2023-03-05T22:45:15+00:00","dateModified":"2025-04-28T10:47:48+00:00","breadcrumb":{"@id":"https:\/\/mmkriepas.lv\/en\/p\/205-80r16-maxxis-worm-drive-at-980e-110-108q\/#breadcrumb"},"inLanguage":"en-US","potentialAction":[{"@type":"ReadAction","target":["https:\/\/mmkriepas.lv\/en\/p\/205-80r16-maxxis-worm-drive-at-980e-110-108q\/"]}]},{"@type":"ImageObject","inLanguage":"en-US","@id":"https:\/\/mmkriepas.lv\/en\/p\/205-80r16-maxxis-worm-drive-at-980e-110-108q\/#primaryimage","url":"https:\/\/mmkriepas.lv\/wp-content\/uploads\/2025\/07\/23575r15-maxxis-wormdrive-at-980e-104101q-owl-por-all-terrain-riepas-vasaras-riepas.jpg","contentUrl":"https:\/\/mmkriepas.lv\/wp-content\/uploads\/2025\/07\/23575r15-maxxis-wormdrive-at-980e-104101q-owl-por-all-terrain-riepas-vasaras-riepas.jpg","width":900,"height":720,"caption":"MAIN"},{"@type":"BreadcrumbList","@id":"https:\/\/mmkriepas.lv\/en\/p\/205-80r16-maxxis-worm-drive-at-980e-110-108q\/#breadcrumb","itemListElement":[{"@type":"ListItem","position":1,"name":"S\u0101kums","item":"https:\/\/mmkriepas.lv\/en\/"},{"@type":"ListItem","position":2,"name":"205\/80R16 Maxxis Wormdrive AT-980E 110\/108Q"}]},{"@type":"WebSite","@id":"https:\/\/mmkriepas.lv\/en\/#website","url":"https:\/\/mmkriepas.lv\/en\/","name":"MMK Riepas","description":"MMK Riepas","alternateName":"MMK Riepu Serviss","potentialAction":[{"@type":"SearchAction","target":{"@type":"EntryPoint","urlTemplate":"https:\/\/mmkriepas.lv\/en\/?s={search_term_string}"},"query-input":{"@type":"PropertyValueSpecification","valueRequired":true,"valueName":"search_term_string"}}],"inLanguage":"en-US"},{"@type":"ImageObject","inLanguage":"en-US","@id":"https:\/\/mmkriepas.lv\/en\/p\/205-80r16-maxxis-worm-drive-at-980e-110-108q\/#local-main-organization-logo","url":"","contentUrl":"","caption":"MMK Riepas"}]},"product_brand":"Maxxis Wormdrive AT-980E","product_price_amount":"119.00","product_price_currency":"EUR","og_availability":"instock","product_availability":"instock","product_retailer_item_id":"TS2058016MAXXI-L21572","product_condition":"new"},"_links":{"self":[{"href":"https:\/\/mmkriepas.lv\/en\/wp-json\/wp\/v2\/product\/667273","targetHints":{"allow":["GET"]}}],"collection":[{"href":"https:\/\/mmkriepas.lv\/en\/wp-json\/wp\/v2\/product"}],"about":[{"href":"https:\/\/mmkriepas.lv\/en\/wp-json\/wp\/v2\/types\/product"}],"wp:featuredmedia":[{"embeddable":true,"href":"https:\/\/mmkriepas.lv\/en\/wp-json\/wp\/v2\/media\/1254452"}],"wp:attachment":[{"href":"https:\/\/mmkriepas.lv\/en\/wp-json\/wp\/v2\/media?parent=667273"}],"wp:term":[{"taxonomy":"product_brand","embeddable":true,"href":"https:\/\/mmkriepas.lv\/en\/wp-json\/wp\/v2\/product_brand?post=667273"},{"taxonomy":"product_cat","embeddable":true,"href":"https:\/\/mmkriepas.lv\/en\/wp-json\/wp\/v2\/product_cat?post=667273"},{"taxonomy":"product_tag","embeddable":true,"href":"https:\/\/mmkriepas.lv\/en\/wp-json\/wp\/v2\/product_tag?post=667273"}],"curies":[{"name":"wp","href":"https:\/\/api.w.org\/{rel}","templated":true}]}}