{"id":665386,"date":"2023-03-01T14:42:31","date_gmt":"2023-03-01T12:42:31","guid":{"rendered":"https:\/\/mmkserviss.lv\/?post_type=product&#038;p=665386"},"modified":"2026-03-27T13:20:11","modified_gmt":"2026-03-27T11:20:11","slug":"235-60r17-michelin-primacy-4-102v-3","status":"publish","type":"product","link":"https:\/\/mmkriepas.lv\/en\/p\/235-60r17-michelin-primacy-4-102v-3\/","title":{"rendered":"235\/60R17 Michelin Primacy 4+ 102V RP"},"content":{"rendered":"<p class=\"western\"><span style=\"font-family: Arial, serif;\"><span style=\"font-size: small;\"><b><span>Michelin Primacy 4+<\/span><\/b><\/span><\/span><span style=\"font-family: Arial, serif;\"><span style=\"font-size: small;\"><span> ir Augst\u0101k\u0101s kvalit\u0101tes, premium klases vasaras riepas. Paredz\u0113tas sportiska rakstura vieglaj\u0101m automa\u0161\u012bn\u0101m, dro\u0161ai un komfortablai brauk\u0161anai ar \u0101trumu l\u012bdz pat 300km\/h. \u0160is riepu modelis izce\u013cas ar teicam\u0101m sa\u0137eres, nodilumiztur\u012bbas un brauk\u0161anas komforta \u012bpa\u0161\u012bb\u0101m. Tas pieejams pla\u0161\u0101 izm\u0113ru kl\u0101st\u0101 no R15 l\u012bdz R21 un piem\u0113rots gan kompaktklases un vid\u0113ja izm\u0113ra vieglaj\u0101m, gan ar\u012b apvidus automa\u0161\u012bn\u0101m jeb SUV.<\/span><\/span><\/span><\/p>\n<h3 class=\"western\"><span style=\"font-family: Arial, serif;\"><span style=\"font-size: medium;\"><span>Michelin Primacy 4+ galven\u0101s \u012bpa\u0161\u012bbas<\/span><\/span><\/span><\/h3>\n<p class=\"western\"><span style=\"font-family: Arial, serif;\"><span style=\"font-size: small;\"><span>+ Pasaules liel\u0101k\u0101 riepu ra\u017eot\u0101ja augst\u0101k\u0101s kvalit\u0101tes premium klases vasaras riepas.<br \/>+\u00a0 Optimiz\u0113tas bremz\u0113\u0161anas un sa\u0137eres \u012bpa\u0161\u012bbas, kas pan\u0101ktas, izmantojot jaunu gumijas sast\u0101vu un protektora dizainu.<br \/>+ Palielin\u0101ts brauk\u0161anas resurss jeb nodilumiztur\u012bba.<br \/>+ Divpak\u0101pju nodiluma indikatora sist\u0113ma.<br \/>+ Uzlabota notur\u012bba pret akvaplan\u0113\u0161anu, pateicoties att\u012bst\u012btai dren\u0101\u017eas sist\u0113mai.<br \/>+ Asimetrisks protektora dizains, kas garant\u0113 sa\u0137eri gan uz sausas, gan slapjas virsmas vasar\u0101.<br \/>+ Palielin\u0101ts akustiskais un brauk\u0161anas gaitas komforts.<br \/>+ Vado\u0161\u0101s Michelin tehnolo\u0123ijas.<\/span><\/span><\/span><\/p>\n<h3 class=\"western\"><span style=\"font-family: Arial, serif;\"><span style=\"font-size: medium;\"><span>Primacy 4+ apr\u012bkojums<\/span><\/span><\/span><\/h3>\n<p class=\"western\"><span style=\"font-family: Arial, serif;\"><span style=\"font-size: small;\"><span>Michelin Primacy 4+ vasaras riepas apr\u012bkotas ar klasisku asimetrisko protektora rakstu. Tam, l\u012bdz\u012bgi k\u0101 \u0161\u012b riepu mode\u013ca priek\u0161tecim &#8211; Michelin Primacy 3, protektor\u0101 iestr\u0101d\u0101ts palielin\u0101ts protektora bloku skaits. \u0160\u0101ds dizains vienlaikus b\u016btiski uzlabo gan sa\u0137eri uz sausa, gan ar\u012b slapja asfalta.<\/span><\/span><\/span><\/p>\n<p class=\"western\"><span style=\"font-family: Arial, serif;\"><span style=\"font-size: small;\"><span>Taisnst\u016brveida protektora virsmas forma \u013cauj palielin\u0101t riepas kontakta virsmu ar ce\u013cu. Respekt\u012bvi &#8211; jo liel\u0101ks sa\u0137eres laukums ar ce\u013cu, jo lab\u0101ka sa\u0137ere. Turkl\u0101t, lielais protektora bloku skaits \u013cauj saglab\u0101t palielin\u0101tu sa\u0137eres laukumu pat uz nel\u012bdzen\u0101m ce\u013ca virsm\u0101m.<\/span><\/span><\/span><\/p>\n<p class=\"western\"><span style=\"font-family: Arial, serif;\"><span style=\"font-size: small;\"><span>Galven\u0101 at\u0161\u0137ir\u012bba starp mode\u013ciem ar 4+ indeksu un parastajiem, ir gumijas mais\u012bjuma sast\u0101vs. Tas papildin\u0101ts ar jaun\u0101kaj\u0101m Michelin tehnolo\u0123ij\u0101m, kas \u013c\u0101vis uzlabot riepas vad\u012bbas \u012bpa\u0161\u012bbas uz slapja seguma un paildzin\u0101t riepas kalpo\u0161anas m\u016b\u017eu.\u00a0<\/span><\/span><\/span><\/p>\n<p class=\"western\"><span style=\"font-family: Arial, serif;\"><span style=\"font-size: small;\"><span>Protektora biezums satur \u012bpa\u0161us indikatorus, kas \u013cauj diezgan prec\u012bzi noteikt br\u012bdi, kad riepas pien\u0101cis laiks main\u012bt. At\u0161\u0137ir\u012bba no l\u012bdz\u012bgiem citu z\u012bmolu risin\u0101jumiem ir tas, ka tie atrodas ne tikai centr\u0101laj\u0101 da\u013c\u0101, bet ar\u012b protektora s\u0101nos.<\/span><\/span><\/span><\/p>\n","protected":false},"excerpt":{"rendered":"<p class=\"western\"><span style=\"font-family: Arial, serif;\"><span style=\"font-size: small;\"><b><span>Michelin Primacy 4+<\/span><\/b><\/span><\/span><span style=\"font-family: Arial, serif;\"><span style=\"font-size: small;\"><span> ir Augst\u0101k\u0101s kvalit\u0101tes, premium klases vasaras riepas. Paredz\u0113tas sportiska rakstura vieglaj\u0101m automa\u0161\u012bn\u0101m, dro\u0161ai un komfortablai brauk\u0161anai ar \u0101trumu l\u012bdz pat 300km\/h. \u0160is riepu modelis izce\u013cas ar teicam\u0101m sa\u0137eres, nodilumiztur\u012bbas un brauk\u0161anas komforta \u012bpa\u0161\u012bb\u0101m. Tas pieejams pla\u0161\u0101 izm\u0113ru kl\u0101st\u0101 no R15 l\u012bdz R21 un piem\u0113rots gan kompaktklases un vid\u0113ja izm\u0113ra vieglaj\u0101m, gan ar\u012b apvidus automa\u0161\u012bn\u0101m jeb SUV.<\/span><\/span><\/span><\/p>\n","protected":false},"featured_media":890398,"template":"","meta":{"_acf_changed":false,"ngg_post_thumbnail":0},"product_brand":[],"product_cat":[46],"product_tag":[],"class_list":{"0":"post-665386","1":"product","2":"type-product","3":"status-publish","4":"has-post-thumbnail","6":"product_cat-vasaras-riepas","8":"first","9":"instock","10":"sale","11":"taxable","12":"shipping-taxable","13":"purchasable","14":"product-type-simple"},"acf":[],"yoast_head":"<!-- This site is optimized with the Yoast SEO Premium plugin v22.6 (Yoast SEO v27.3) - https:\/\/yoast.com\/product\/yoast-seo-premium-wordpress\/ -->\n<title>235\/60R17 Michelin Primacy 4+ 102V RP &#8226; MMK Riepas<\/title>\n<meta name=\"robots\" content=\"index, follow, max-snippet:-1, max-image-preview:large, max-video-preview:-1\" \/>\n<link rel=\"canonical\" href=\"https:\/\/mmkriepas.lv\/en\/p\/235-60r17-michelin-primacy-4-102v-3\/\" \/>\n<meta property=\"og:locale\" content=\"en_US\" \/>\n<meta property=\"og:type\" content=\"article\" \/>\n<meta property=\"og:title\" content=\"235\/60R17 Michelin Primacy 4+ 102V RP\" \/>\n<meta property=\"og:description\" content=\"Michelin Primacy 4+ ir Augst\u0101k\u0101s kvalit\u0101tes, premium klases vasaras riepas. Paredz\u0113tas sportiska rakstura vieglaj\u0101m automa\u0161\u012bn\u0101m, dro\u0161ai un komfortablai brauk\u0161anai ar \u0101trumu l\u012bdz pat 300km\/h. \u0160is riepu modelis izce\u013cas ar teicam\u0101m sa\u0137eres, nodilumiztur\u012bbas un brauk\u0161anas komforta \u012bpa\u0161\u012bb\u0101m. Tas pieejams pla\u0161\u0101 izm\u0113ru kl\u0101st\u0101 no R15 l\u012bdz R21 un piem\u0113rots gan kompaktklases un vid\u0113ja izm\u0113ra vieglaj\u0101m, gan ar\u012b apvidus automa\u0161\u012bn\u0101m jeb SUV.\" \/>\n<meta property=\"og:url\" content=\"https:\/\/mmkriepas.lv\/en\/p\/235-60r17-michelin-primacy-4-102v-3\/\" \/>\n<meta property=\"og:site_name\" content=\"MMK Riepas\" \/>\n<meta property=\"article:publisher\" content=\"https:\/\/www.facebook.com\/mmkserviss\/\" \/>\n<meta property=\"article:modified_time\" content=\"2026-03-27T11:20:11+00:00\" \/>\n<meta property=\"og:image\" content=\"https:\/\/mmkriepas.lv\/wp-content\/uploads\/2024\/04\/22550r17-michelin-primacy-4-98v-xl-rp-vasaras-riepas.jpg\" \/>\n\t<meta property=\"og:image:width\" content=\"1000\" \/>\n\t<meta property=\"og:image:height\" content=\"818\" \/>\n\t<meta property=\"og:image:type\" content=\"image\/jpeg\" \/>\n<meta name=\"twitter:card\" content=\"summary_large_image\" \/>\n<meta name=\"twitter:label1\" content=\"Price\" \/>\n\t<meta name=\"twitter:data1\" content=\"&euro;178.00\" \/>\n\t<meta name=\"twitter:label2\" content=\"Availability\" \/>\n\t<meta name=\"twitter:data2\" content=\"In stock\" \/>\n<script type=\"application\/ld+json\" class=\"yoast-schema-graph\">{\"@context\":\"https:\\\/\\\/schema.org\",\"@graph\":[{\"@type\":\"WebPage\",\"@id\":\"https:\\\/\\\/mmkriepas.lv\\\/en\\\/p\\\/235-60r17-michelin-primacy-4-102v-3\\\/\",\"url\":\"https:\\\/\\\/mmkriepas.lv\\\/en\\\/p\\\/235-60r17-michelin-primacy-4-102v-3\\\/\",\"name\":\"235\\\/60R17 Michelin Primacy 4+ 102V RP &#8226; MMK Riepas\",\"isPartOf\":{\"@id\":\"https:\\\/\\\/mmkriepas.lv\\\/en\\\/#website\"},\"primaryImageOfPage\":{\"@id\":\"https:\\\/\\\/mmkriepas.lv\\\/en\\\/p\\\/235-60r17-michelin-primacy-4-102v-3\\\/#primaryimage\"},\"image\":{\"@id\":\"https:\\\/\\\/mmkriepas.lv\\\/en\\\/p\\\/235-60r17-michelin-primacy-4-102v-3\\\/#primaryimage\"},\"thumbnailUrl\":\"https:\\\/\\\/mmkriepas.lv\\\/wp-content\\\/uploads\\\/2024\\\/04\\\/22550r17-michelin-primacy-4-98v-xl-rp-vasaras-riepas.jpg\",\"datePublished\":\"2023-03-01T12:42:31+00:00\",\"dateModified\":\"2026-03-27T11:20:11+00:00\",\"breadcrumb\":{\"@id\":\"https:\\\/\\\/mmkriepas.lv\\\/en\\\/p\\\/235-60r17-michelin-primacy-4-102v-3\\\/#breadcrumb\"},\"inLanguage\":\"en-US\",\"potentialAction\":[{\"@type\":\"ReadAction\",\"target\":[\"https:\\\/\\\/mmkriepas.lv\\\/en\\\/p\\\/235-60r17-michelin-primacy-4-102v-3\\\/\"]}]},{\"@type\":\"ImageObject\",\"inLanguage\":\"en-US\",\"@id\":\"https:\\\/\\\/mmkriepas.lv\\\/en\\\/p\\\/235-60r17-michelin-primacy-4-102v-3\\\/#primaryimage\",\"url\":\"https:\\\/\\\/mmkriepas.lv\\\/wp-content\\\/uploads\\\/2024\\\/04\\\/22550r17-michelin-primacy-4-98v-xl-rp-vasaras-riepas.jpg\",\"contentUrl\":\"https:\\\/\\\/mmkriepas.lv\\\/wp-content\\\/uploads\\\/2024\\\/04\\\/22550r17-michelin-primacy-4-98v-xl-rp-vasaras-riepas.jpg\",\"width\":1000,\"height\":818,\"caption\":\"MAIN\"},{\"@type\":\"BreadcrumbList\",\"@id\":\"https:\\\/\\\/mmkriepas.lv\\\/en\\\/p\\\/235-60r17-michelin-primacy-4-102v-3\\\/#breadcrumb\",\"itemListElement\":[{\"@type\":\"ListItem\",\"position\":1,\"name\":\"S\u0101kums\",\"item\":\"https:\\\/\\\/mmkriepas.lv\\\/en\\\/\"},{\"@type\":\"ListItem\",\"position\":2,\"name\":\"235\\\/60R17 Michelin Primacy 4+ 102V RP\"}]},{\"@type\":\"WebSite\",\"@id\":\"https:\\\/\\\/mmkriepas.lv\\\/en\\\/#website\",\"url\":\"https:\\\/\\\/mmkriepas.lv\\\/en\\\/\",\"name\":\"MMK Riepas\",\"description\":\"MMK Riepas\",\"alternateName\":\"MMK Riepu Serviss\",\"potentialAction\":[{\"@type\":\"SearchAction\",\"target\":{\"@type\":\"EntryPoint\",\"urlTemplate\":\"https:\\\/\\\/mmkriepas.lv\\\/en\\\/?s={search_term_string}\"},\"query-input\":{\"@type\":\"PropertyValueSpecification\",\"valueRequired\":true,\"valueName\":\"search_term_string\"}}],\"inLanguage\":\"en-US\"},{\"@type\":\"ImageObject\",\"inLanguage\":\"en-US\",\"@id\":\"https:\\\/\\\/mmkriepas.lv\\\/en\\\/p\\\/235-60r17-michelin-primacy-4-102v-3\\\/#local-main-organization-logo\",\"url\":\"\",\"contentUrl\":\"\",\"caption\":\"MMK Riepas\"}]}<\/script>\n<meta property=\"product:brand\" content=\"Michelin Primacy 4+\" \/>\n<meta property=\"product:price:amount\" content=\"178.00\" \/>\n<meta property=\"product:price:currency\" content=\"EUR\" \/>\n<meta property=\"og:availability\" content=\"instock\" \/>\n<meta property=\"product:availability\" content=\"instock\" \/>\n<meta property=\"product:retailer_item_id\" content=\"TS2356017MICHE-L21435\" \/>\n<meta property=\"product:condition\" content=\"new\" \/>\n<!-- \/ Yoast SEO Premium plugin. -->","yoast_head_json":{"title":"235\/60R17 Michelin Primacy 4+ 102V RP &#8226; MMK Riepas","robots":{"index":"index","follow":"follow","max-snippet":"max-snippet:-1","max-image-preview":"max-image-preview:large","max-video-preview":"max-video-preview:-1"},"canonical":"https:\/\/mmkriepas.lv\/en\/p\/235-60r17-michelin-primacy-4-102v-3\/","og_locale":"en_US","og_type":"article","og_title":"235\/60R17 Michelin Primacy 4+ 102V RP","og_description":"Michelin Primacy 4+ ir Augst\u0101k\u0101s kvalit\u0101tes, premium klases vasaras riepas. Paredz\u0113tas sportiska rakstura vieglaj\u0101m automa\u0161\u012bn\u0101m, dro\u0161ai un komfortablai brauk\u0161anai ar \u0101trumu l\u012bdz pat 300km\/h. \u0160is riepu modelis izce\u013cas ar teicam\u0101m sa\u0137eres, nodilumiztur\u012bbas un brauk\u0161anas komforta \u012bpa\u0161\u012bb\u0101m. Tas pieejams pla\u0161\u0101 izm\u0113ru kl\u0101st\u0101 no R15 l\u012bdz R21 un piem\u0113rots gan kompaktklases un vid\u0113ja izm\u0113ra vieglaj\u0101m, gan ar\u012b apvidus automa\u0161\u012bn\u0101m jeb SUV.","og_url":"https:\/\/mmkriepas.lv\/en\/p\/235-60r17-michelin-primacy-4-102v-3\/","og_site_name":"MMK Riepas","article_publisher":"https:\/\/www.facebook.com\/mmkserviss\/","article_modified_time":"2026-03-27T11:20:11+00:00","og_image":[{"width":1000,"height":818,"url":"https:\/\/mmkriepas.lv\/wp-content\/uploads\/2024\/04\/22550r17-michelin-primacy-4-98v-xl-rp-vasaras-riepas.jpg","type":"image\/jpeg"}],"twitter_card":"summary_large_image","twitter_misc":{"Price":"&euro;178.00","Availability":"In stock"},"schema":{"@context":"https:\/\/schema.org","@graph":[{"@type":"WebPage","@id":"https:\/\/mmkriepas.lv\/en\/p\/235-60r17-michelin-primacy-4-102v-3\/","url":"https:\/\/mmkriepas.lv\/en\/p\/235-60r17-michelin-primacy-4-102v-3\/","name":"235\/60R17 Michelin Primacy 4+ 102V RP &#8226; MMK Riepas","isPartOf":{"@id":"https:\/\/mmkriepas.lv\/en\/#website"},"primaryImageOfPage":{"@id":"https:\/\/mmkriepas.lv\/en\/p\/235-60r17-michelin-primacy-4-102v-3\/#primaryimage"},"image":{"@id":"https:\/\/mmkriepas.lv\/en\/p\/235-60r17-michelin-primacy-4-102v-3\/#primaryimage"},"thumbnailUrl":"https:\/\/mmkriepas.lv\/wp-content\/uploads\/2024\/04\/22550r17-michelin-primacy-4-98v-xl-rp-vasaras-riepas.jpg","datePublished":"2023-03-01T12:42:31+00:00","dateModified":"2026-03-27T11:20:11+00:00","breadcrumb":{"@id":"https:\/\/mmkriepas.lv\/en\/p\/235-60r17-michelin-primacy-4-102v-3\/#breadcrumb"},"inLanguage":"en-US","potentialAction":[{"@type":"ReadAction","target":["https:\/\/mmkriepas.lv\/en\/p\/235-60r17-michelin-primacy-4-102v-3\/"]}]},{"@type":"ImageObject","inLanguage":"en-US","@id":"https:\/\/mmkriepas.lv\/en\/p\/235-60r17-michelin-primacy-4-102v-3\/#primaryimage","url":"https:\/\/mmkriepas.lv\/wp-content\/uploads\/2024\/04\/22550r17-michelin-primacy-4-98v-xl-rp-vasaras-riepas.jpg","contentUrl":"https:\/\/mmkriepas.lv\/wp-content\/uploads\/2024\/04\/22550r17-michelin-primacy-4-98v-xl-rp-vasaras-riepas.jpg","width":1000,"height":818,"caption":"MAIN"},{"@type":"BreadcrumbList","@id":"https:\/\/mmkriepas.lv\/en\/p\/235-60r17-michelin-primacy-4-102v-3\/#breadcrumb","itemListElement":[{"@type":"ListItem","position":1,"name":"S\u0101kums","item":"https:\/\/mmkriepas.lv\/en\/"},{"@type":"ListItem","position":2,"name":"235\/60R17 Michelin Primacy 4+ 102V RP"}]},{"@type":"WebSite","@id":"https:\/\/mmkriepas.lv\/en\/#website","url":"https:\/\/mmkriepas.lv\/en\/","name":"MMK Riepas","description":"MMK Riepas","alternateName":"MMK Riepu Serviss","potentialAction":[{"@type":"SearchAction","target":{"@type":"EntryPoint","urlTemplate":"https:\/\/mmkriepas.lv\/en\/?s={search_term_string}"},"query-input":{"@type":"PropertyValueSpecification","valueRequired":true,"valueName":"search_term_string"}}],"inLanguage":"en-US"},{"@type":"ImageObject","inLanguage":"en-US","@id":"https:\/\/mmkriepas.lv\/en\/p\/235-60r17-michelin-primacy-4-102v-3\/#local-main-organization-logo","url":"","contentUrl":"","caption":"MMK Riepas"}]},"product_brand":"Michelin Primacy 4+","product_price_amount":"178.00","product_price_currency":"EUR","og_availability":"instock","product_availability":"instock","product_retailer_item_id":"TS2356017MICHE-L21435","product_condition":"new"},"_links":{"self":[{"href":"https:\/\/mmkriepas.lv\/en\/wp-json\/wp\/v2\/product\/665386","targetHints":{"allow":["GET"]}}],"collection":[{"href":"https:\/\/mmkriepas.lv\/en\/wp-json\/wp\/v2\/product"}],"about":[{"href":"https:\/\/mmkriepas.lv\/en\/wp-json\/wp\/v2\/types\/product"}],"wp:featuredmedia":[{"embeddable":true,"href":"https:\/\/mmkriepas.lv\/en\/wp-json\/wp\/v2\/media\/890398"}],"wp:attachment":[{"href":"https:\/\/mmkriepas.lv\/en\/wp-json\/wp\/v2\/media?parent=665386"}],"wp:term":[{"taxonomy":"product_brand","embeddable":true,"href":"https:\/\/mmkriepas.lv\/en\/wp-json\/wp\/v2\/product_brand?post=665386"},{"taxonomy":"product_cat","embeddable":true,"href":"https:\/\/mmkriepas.lv\/en\/wp-json\/wp\/v2\/product_cat?post=665386"},{"taxonomy":"product_tag","embeddable":true,"href":"https:\/\/mmkriepas.lv\/en\/wp-json\/wp\/v2\/product_tag?post=665386"}],"curies":[{"name":"wp","href":"https:\/\/api.w.org\/{rel}","templated":true}]}}