{"id":665091,"date":"2023-03-01T14:26:17","date_gmt":"2023-03-01T12:26:17","guid":{"rendered":"https:\/\/mmkserviss.lv\/?post_type=product&#038;p=665091"},"modified":"2026-03-27T13:19:03","modified_gmt":"2026-03-27T11:19:03","slug":"235-65r18-yokohama-bluearth-xt-ae61-106v","status":"publish","type":"product","link":"https:\/\/mmkriepas.lv\/en\/p\/235-65r18-yokohama-bluearth-xt-ae61-106v\/","title":{"rendered":"235\/65R18 Yokohama BluEarth-XT AE61 106V"},"content":{"rendered":"<p class=\"western\"><span style=\"font-family: Arial, sans-serif;\"><span><strong>Yokohama BluEarth-XT AE61<\/strong> ir izcilas kvalit\u0101tes, Jap\u0101\u0146u premium klases vasaras riepu modelis. Tas izce\u013cas ar teicamiem degvielas ekonomijas, akustisk\u0101 komforta un sa\u0137eres r\u0101d\u012bt\u0101jiem gan uz sausa, gan slapja asfalta pat lielos brauk\u0161anas \u0101trumos. \u0160is riepu modelis pieejams pla\u0161\u0101 izm\u0113ru kl\u0101st\u0101 no R16 l\u012bdz pat R20 un paredz\u0113ts uzst\u0101d\u012b\u0161anai luksus klases krosoveriem un apvidus auto jeb SUV.\u00a0<\/span><\/span><\/p>\n<h3 class=\"western\"><span style=\"font-family: Arial, sans-serif;\"><span>Yokohama BluEarth-XT AE61 galven\u0101s \u012bpa\u0161\u012bbas<\/span><\/span><\/h3>\n<p class=\"western\"><span style=\"font-family: Arial, sans-serif;\"><span>+ Izcila sa\u0137ere un manevr\u0113tsp\u0113ja uz sausa un slapja asfalta pat lielos brauk\u0161anas \u0101trumos.<br \/>+ Zems akvaplan\u0113\u0161anas risks.<br \/>+ Degvielas ekonomija!<br \/>+ Palielin\u0101ta nodilumiztur\u012bba, pateicoties \u012bpa\u0161am gumijas sast\u0101vam.<br \/>+ Jaun\u0101k\u0101s riepu giganta Yokohama tehnolo\u0123ijas.<\/span><\/span><\/p>\n<h3 class=\"western\"><span style=\"font-family: Arial, sans-serif;\"><span>BluEarth-XT AE61 apr\u012bkojums<\/span><\/span><\/h3>\n<p class=\"western\"><span style=\"font-family: Arial, sans-serif;\"><span>Yokohama BluEarth-XT AE61 vasaras riepas apr\u012bkotas ar unik\u0101lu asimetrisko protektora dizainu. Tas veidots maksim\u0101li gluds, lai samazin\u0101tu rites pretest\u012bbu, ne tikai samazinot degvielas pat\u0113ri\u0146u un trok\u0161\u0146a l\u012bmeni, bet ar\u012b uzlabojot veiktsp\u0113jas \u012bpa\u0161\u012bbas uz sausa asfalta.\u00a0<\/span><\/span><\/p>\n<p class=\"western\"><span style=\"font-family: Arial, sans-serif;\"><span>\u0160\u012b riepu mode\u013ca protektors veidots, izmantojot vado\u0161\u0101s riepu giganta Yokohama tehnolo\u0123ijas. Vienlaikus palielin\u0101ta riepas kontakta virsma ar ce\u013cu un uzlabota protektora joslu stabilit\u0101te. Tas nodro\u0161ina gan lab\u0101ku sa\u0137eri un nodilumiztur\u012bbu, gan ar\u012b nov\u0113r\u0161 nevienm\u0113r\u012bgu nodilumu.<\/span><\/span><\/p>\n<p class=\"western\"><span style=\"font-family: Arial, sans-serif;\"><span><strong>BluEarth-XT AE61<\/strong> riepas darin\u0101tas no augstv\u0113rt\u012bga kompoz\u012btmateri\u0101la. To gumijas sast\u0101vs veidots p\u0113c A.R.T Mixing tehnolo\u0123ijas. Taj\u0101 atrodama liels Sil\u012bcija dioks\u012bda koncentr\u0101cija un \u0161ie \u0137\u012bmiskie elementi savienoti ar \u012bpa\u0161\u0101m sait\u0113m, uzlabojot ne tikai riepu nodilumiztur\u012bbu, bet ar\u012b sa\u0137eres \u012bpa\u0161\u012bbas uz sausa un slapja asfalta.<\/span><\/span><\/p>\n","protected":false},"excerpt":{"rendered":"<p class=\"western\"><span style=\"font-family: Arial, sans-serif;\"><span><strong>Yokohama BluEarth-XT AE61<\/strong> ir izcilas kvalit\u0101tes, Jap\u0101\u0146u premium klases vasaras riepu modelis. Tas izce\u013cas ar teicamiem degvielas ekonomijas, akustisk\u0101 komforta un sa\u0137eres r\u0101d\u012bt\u0101jiem gan uz sausa, gan slapja asfalta pat lielos brauk\u0161anas \u0101trumos. \u0160is riepu modelis pieejams pla\u0161\u0101 izm\u0113ru kl\u0101st\u0101 no R16 l\u012bdz pat R20 un paredz\u0113ts uzst\u0101d\u012b\u0161anai luksus klases krosoveriem un apvidus auto jeb SUV.\u00a0<\/span><\/span><\/p>\n","protected":false},"featured_media":1457841,"template":"","meta":{"_acf_changed":false,"ngg_post_thumbnail":0},"product_brand":[],"product_cat":[23641],"product_tag":[],"class_list":{"0":"post-665091","1":"product","2":"type-product","3":"status-publish","4":"has-post-thumbnail","6":"product_cat-summer-tyres","8":"first","9":"instock","10":"sale","11":"taxable","12":"shipping-taxable","13":"purchasable","14":"product-type-simple"},"acf":[],"yoast_head":"<!-- This site is optimized with the Yoast SEO Premium plugin v22.6 (Yoast SEO v27.3) - https:\/\/yoast.com\/product\/yoast-seo-premium-wordpress\/ -->\n<title>235\/65R18 Yokohama BluEarth-XT AE61 106V &#8226; MMK Riepas<\/title>\n<meta name=\"robots\" content=\"index, follow, max-snippet:-1, max-image-preview:large, max-video-preview:-1\" \/>\n<link rel=\"canonical\" href=\"https:\/\/mmkriepas.lv\/en\/p\/235-65r18-yokohama-bluearth-xt-ae61-106v\/\" \/>\n<meta property=\"og:locale\" content=\"en_US\" \/>\n<meta property=\"og:type\" content=\"article\" \/>\n<meta property=\"og:title\" content=\"235\/65R18 Yokohama BluEarth-XT AE61 106V\" \/>\n<meta property=\"og:description\" content=\"Yokohama BluEarth-XT AE61 ir izcilas kvalit\u0101tes, Jap\u0101\u0146u premium klases vasaras riepu modelis. Tas izce\u013cas ar teicamiem degvielas ekonomijas, akustisk\u0101 komforta un sa\u0137eres r\u0101d\u012bt\u0101jiem gan uz sausa, gan slapja asfalta pat lielos brauk\u0161anas \u0101trumos. \u0160is riepu modelis pieejams pla\u0161\u0101 izm\u0113ru kl\u0101st\u0101 no R16 l\u012bdz pat R20 un paredz\u0113ts uzst\u0101d\u012b\u0161anai luksus klases krosoveriem un apvidus auto jeb SUV.\u00a0\" \/>\n<meta property=\"og:url\" content=\"https:\/\/mmkriepas.lv\/en\/p\/235-65r18-yokohama-bluearth-xt-ae61-106v\/\" \/>\n<meta property=\"og:site_name\" content=\"MMK Riepas\" \/>\n<meta property=\"article:publisher\" content=\"https:\/\/www.facebook.com\/mmkserviss\/\" \/>\n<meta property=\"article:modified_time\" content=\"2026-03-27T11:19:03+00:00\" \/>\n<meta property=\"og:image\" content=\"https:\/\/mmkriepas.lv\/wp-content\/uploads\/2026\/03\/21565r17-yokohama-bluearth-xt-ae61-99v-vasaras-riepas.jpg\" \/>\n\t<meta property=\"og:image:width\" content=\"900\" \/>\n\t<meta property=\"og:image:height\" content=\"720\" \/>\n\t<meta property=\"og:image:type\" content=\"image\/jpeg\" \/>\n<meta name=\"twitter:card\" content=\"summary_large_image\" \/>\n<meta name=\"twitter:label1\" content=\"Price\" \/>\n\t<meta name=\"twitter:data1\" content=\"&euro;164.00\" \/>\n\t<meta name=\"twitter:label2\" content=\"Availability\" \/>\n\t<meta name=\"twitter:data2\" content=\"In stock\" \/>\n<script type=\"application\/ld+json\" class=\"yoast-schema-graph\">{\"@context\":\"https:\\\/\\\/schema.org\",\"@graph\":[{\"@type\":\"WebPage\",\"@id\":\"https:\\\/\\\/mmkriepas.lv\\\/en\\\/p\\\/235-65r18-yokohama-bluearth-xt-ae61-106v\\\/\",\"url\":\"https:\\\/\\\/mmkriepas.lv\\\/en\\\/p\\\/235-65r18-yokohama-bluearth-xt-ae61-106v\\\/\",\"name\":\"235\\\/65R18 Yokohama BluEarth-XT AE61 106V &#8226; MMK Riepas\",\"isPartOf\":{\"@id\":\"https:\\\/\\\/mmkriepas.lv\\\/en\\\/#website\"},\"primaryImageOfPage\":{\"@id\":\"https:\\\/\\\/mmkriepas.lv\\\/en\\\/p\\\/235-65r18-yokohama-bluearth-xt-ae61-106v\\\/#primaryimage\"},\"image\":{\"@id\":\"https:\\\/\\\/mmkriepas.lv\\\/en\\\/p\\\/235-65r18-yokohama-bluearth-xt-ae61-106v\\\/#primaryimage\"},\"thumbnailUrl\":\"https:\\\/\\\/mmkriepas.lv\\\/wp-content\\\/uploads\\\/2026\\\/03\\\/21565r17-yokohama-bluearth-xt-ae61-99v-vasaras-riepas.jpg\",\"datePublished\":\"2023-03-01T12:26:17+00:00\",\"dateModified\":\"2026-03-27T11:19:03+00:00\",\"breadcrumb\":{\"@id\":\"https:\\\/\\\/mmkriepas.lv\\\/en\\\/p\\\/235-65r18-yokohama-bluearth-xt-ae61-106v\\\/#breadcrumb\"},\"inLanguage\":\"en-US\",\"potentialAction\":[{\"@type\":\"ReadAction\",\"target\":[\"https:\\\/\\\/mmkriepas.lv\\\/en\\\/p\\\/235-65r18-yokohama-bluearth-xt-ae61-106v\\\/\"]}]},{\"@type\":\"ImageObject\",\"inLanguage\":\"en-US\",\"@id\":\"https:\\\/\\\/mmkriepas.lv\\\/en\\\/p\\\/235-65r18-yokohama-bluearth-xt-ae61-106v\\\/#primaryimage\",\"url\":\"https:\\\/\\\/mmkriepas.lv\\\/wp-content\\\/uploads\\\/2026\\\/03\\\/21565r17-yokohama-bluearth-xt-ae61-99v-vasaras-riepas.jpg\",\"contentUrl\":\"https:\\\/\\\/mmkriepas.lv\\\/wp-content\\\/uploads\\\/2026\\\/03\\\/21565r17-yokohama-bluearth-xt-ae61-99v-vasaras-riepas.jpg\",\"width\":900,\"height\":720,\"caption\":\"MAIN\"},{\"@type\":\"BreadcrumbList\",\"@id\":\"https:\\\/\\\/mmkriepas.lv\\\/en\\\/p\\\/235-65r18-yokohama-bluearth-xt-ae61-106v\\\/#breadcrumb\",\"itemListElement\":[{\"@type\":\"ListItem\",\"position\":1,\"name\":\"S\u0101kums\",\"item\":\"https:\\\/\\\/mmkriepas.lv\\\/en\\\/\"},{\"@type\":\"ListItem\",\"position\":2,\"name\":\"235\\\/65R18 Yokohama BluEarth-XT AE61 106V\"}]},{\"@type\":\"WebSite\",\"@id\":\"https:\\\/\\\/mmkriepas.lv\\\/en\\\/#website\",\"url\":\"https:\\\/\\\/mmkriepas.lv\\\/en\\\/\",\"name\":\"MMK Riepas\",\"description\":\"MMK Riepas\",\"alternateName\":\"MMK Riepu Serviss\",\"potentialAction\":[{\"@type\":\"SearchAction\",\"target\":{\"@type\":\"EntryPoint\",\"urlTemplate\":\"https:\\\/\\\/mmkriepas.lv\\\/en\\\/?s={search_term_string}\"},\"query-input\":{\"@type\":\"PropertyValueSpecification\",\"valueRequired\":true,\"valueName\":\"search_term_string\"}}],\"inLanguage\":\"en-US\"},{\"@type\":\"ImageObject\",\"inLanguage\":\"en-US\",\"@id\":\"https:\\\/\\\/mmkriepas.lv\\\/en\\\/p\\\/235-65r18-yokohama-bluearth-xt-ae61-106v\\\/#local-main-organization-logo\",\"url\":\"\",\"contentUrl\":\"\",\"caption\":\"MMK Riepas\"}]}<\/script>\n<meta property=\"product:brand\" content=\"Yokohama BluEarth-XT AE61\" \/>\n<meta property=\"product:price:amount\" content=\"164.00\" \/>\n<meta property=\"product:price:currency\" content=\"EUR\" \/>\n<meta property=\"og:availability\" content=\"instock\" \/>\n<meta property=\"product:availability\" content=\"instock\" \/>\n<meta property=\"product:retailer_item_id\" content=\"TS2356518YOKOH-L21296\" \/>\n<meta property=\"product:condition\" content=\"new\" \/>\n<!-- \/ Yoast SEO Premium plugin. -->","yoast_head_json":{"title":"235\/65R18 Yokohama BluEarth-XT AE61 106V &#8226; MMK Riepas","robots":{"index":"index","follow":"follow","max-snippet":"max-snippet:-1","max-image-preview":"max-image-preview:large","max-video-preview":"max-video-preview:-1"},"canonical":"https:\/\/mmkriepas.lv\/en\/p\/235-65r18-yokohama-bluearth-xt-ae61-106v\/","og_locale":"en_US","og_type":"article","og_title":"235\/65R18 Yokohama BluEarth-XT AE61 106V","og_description":"Yokohama BluEarth-XT AE61 ir izcilas kvalit\u0101tes, Jap\u0101\u0146u premium klases vasaras riepu modelis. Tas izce\u013cas ar teicamiem degvielas ekonomijas, akustisk\u0101 komforta un sa\u0137eres r\u0101d\u012bt\u0101jiem gan uz sausa, gan slapja asfalta pat lielos brauk\u0161anas \u0101trumos. \u0160is riepu modelis pieejams pla\u0161\u0101 izm\u0113ru kl\u0101st\u0101 no R16 l\u012bdz pat R20 un paredz\u0113ts uzst\u0101d\u012b\u0161anai luksus klases krosoveriem un apvidus auto jeb SUV.\u00a0","og_url":"https:\/\/mmkriepas.lv\/en\/p\/235-65r18-yokohama-bluearth-xt-ae61-106v\/","og_site_name":"MMK Riepas","article_publisher":"https:\/\/www.facebook.com\/mmkserviss\/","article_modified_time":"2026-03-27T11:19:03+00:00","og_image":[{"width":900,"height":720,"url":"https:\/\/mmkriepas.lv\/wp-content\/uploads\/2026\/03\/21565r17-yokohama-bluearth-xt-ae61-99v-vasaras-riepas.jpg","type":"image\/jpeg"}],"twitter_card":"summary_large_image","twitter_misc":{"Price":"&euro;164.00","Availability":"In stock"},"schema":{"@context":"https:\/\/schema.org","@graph":[{"@type":"WebPage","@id":"https:\/\/mmkriepas.lv\/en\/p\/235-65r18-yokohama-bluearth-xt-ae61-106v\/","url":"https:\/\/mmkriepas.lv\/en\/p\/235-65r18-yokohama-bluearth-xt-ae61-106v\/","name":"235\/65R18 Yokohama BluEarth-XT AE61 106V &#8226; MMK Riepas","isPartOf":{"@id":"https:\/\/mmkriepas.lv\/en\/#website"},"primaryImageOfPage":{"@id":"https:\/\/mmkriepas.lv\/en\/p\/235-65r18-yokohama-bluearth-xt-ae61-106v\/#primaryimage"},"image":{"@id":"https:\/\/mmkriepas.lv\/en\/p\/235-65r18-yokohama-bluearth-xt-ae61-106v\/#primaryimage"},"thumbnailUrl":"https:\/\/mmkriepas.lv\/wp-content\/uploads\/2026\/03\/21565r17-yokohama-bluearth-xt-ae61-99v-vasaras-riepas.jpg","datePublished":"2023-03-01T12:26:17+00:00","dateModified":"2026-03-27T11:19:03+00:00","breadcrumb":{"@id":"https:\/\/mmkriepas.lv\/en\/p\/235-65r18-yokohama-bluearth-xt-ae61-106v\/#breadcrumb"},"inLanguage":"en-US","potentialAction":[{"@type":"ReadAction","target":["https:\/\/mmkriepas.lv\/en\/p\/235-65r18-yokohama-bluearth-xt-ae61-106v\/"]}]},{"@type":"ImageObject","inLanguage":"en-US","@id":"https:\/\/mmkriepas.lv\/en\/p\/235-65r18-yokohama-bluearth-xt-ae61-106v\/#primaryimage","url":"https:\/\/mmkriepas.lv\/wp-content\/uploads\/2026\/03\/21565r17-yokohama-bluearth-xt-ae61-99v-vasaras-riepas.jpg","contentUrl":"https:\/\/mmkriepas.lv\/wp-content\/uploads\/2026\/03\/21565r17-yokohama-bluearth-xt-ae61-99v-vasaras-riepas.jpg","width":900,"height":720,"caption":"MAIN"},{"@type":"BreadcrumbList","@id":"https:\/\/mmkriepas.lv\/en\/p\/235-65r18-yokohama-bluearth-xt-ae61-106v\/#breadcrumb","itemListElement":[{"@type":"ListItem","position":1,"name":"S\u0101kums","item":"https:\/\/mmkriepas.lv\/en\/"},{"@type":"ListItem","position":2,"name":"235\/65R18 Yokohama BluEarth-XT AE61 106V"}]},{"@type":"WebSite","@id":"https:\/\/mmkriepas.lv\/en\/#website","url":"https:\/\/mmkriepas.lv\/en\/","name":"MMK Riepas","description":"MMK Riepas","alternateName":"MMK Riepu Serviss","potentialAction":[{"@type":"SearchAction","target":{"@type":"EntryPoint","urlTemplate":"https:\/\/mmkriepas.lv\/en\/?s={search_term_string}"},"query-input":{"@type":"PropertyValueSpecification","valueRequired":true,"valueName":"search_term_string"}}],"inLanguage":"en-US"},{"@type":"ImageObject","inLanguage":"en-US","@id":"https:\/\/mmkriepas.lv\/en\/p\/235-65r18-yokohama-bluearth-xt-ae61-106v\/#local-main-organization-logo","url":"","contentUrl":"","caption":"MMK Riepas"}]},"product_brand":"Yokohama BluEarth-XT AE61","product_price_amount":"164.00","product_price_currency":"EUR","og_availability":"instock","product_availability":"instock","product_retailer_item_id":"TS2356518YOKOH-L21296","product_condition":"new"},"_links":{"self":[{"href":"https:\/\/mmkriepas.lv\/en\/wp-json\/wp\/v2\/product\/665091","targetHints":{"allow":["GET"]}}],"collection":[{"href":"https:\/\/mmkriepas.lv\/en\/wp-json\/wp\/v2\/product"}],"about":[{"href":"https:\/\/mmkriepas.lv\/en\/wp-json\/wp\/v2\/types\/product"}],"wp:featuredmedia":[{"embeddable":true,"href":"https:\/\/mmkriepas.lv\/en\/wp-json\/wp\/v2\/media\/1457841"}],"wp:attachment":[{"href":"https:\/\/mmkriepas.lv\/en\/wp-json\/wp\/v2\/media?parent=665091"}],"wp:term":[{"taxonomy":"product_brand","embeddable":true,"href":"https:\/\/mmkriepas.lv\/en\/wp-json\/wp\/v2\/product_brand?post=665091"},{"taxonomy":"product_cat","embeddable":true,"href":"https:\/\/mmkriepas.lv\/en\/wp-json\/wp\/v2\/product_cat?post=665091"},{"taxonomy":"product_tag","embeddable":true,"href":"https:\/\/mmkriepas.lv\/en\/wp-json\/wp\/v2\/product_tag?post=665091"}],"curies":[{"name":"wp","href":"https:\/\/api.w.org\/{rel}","templated":true}]}}