{"id":665028,"date":"2023-03-01T14:22:41","date_gmt":"2023-03-01T12:22:41","guid":{"rendered":"https:\/\/mmkserviss.lv\/?post_type=product&#038;p=665028"},"modified":"2026-03-27T13:18:51","modified_gmt":"2026-03-27T11:18:51","slug":"235-45r18-dunlop-sport-maxx-rt-2-98y-xl","status":"publish","type":"product","link":"https:\/\/mmkriepas.lv\/en\/p\/235-45r18-dunlop-sport-maxx-rt-2-98y-xl\/","title":{"rendered":"235\/45R18 Dunlop Sport Maxx RT 2 (98Y) XL MFS"},"content":{"rendered":"<p class=\"western\" align=\"left\"><span style=\"font-family: Arial, serif;\"><span style=\"font-size: small;\"><strong><span style=\"font-family: Arial, sans-serif;\">Dunlop Sport Maxx RT 2\u00a0<\/span><\/strong><span style=\"font-family: Arial, sans-serif;\">ir augst\u0101k\u0101s kvalit\u0101tes, premium klases UHP vasaras riepu modelis. Tas izce\u013cas ar izcilu sa\u0137eri, manevr\u0113tsp\u0113ju un komforta l\u012bmeni pat \u012bpa\u0161i lielos brauk\u0161anas \u0101trumos. \u0160is riepu modelis pieejams pla\u0161\u0101 izm\u0113ru kl\u0101st\u0101 no R16 l\u012bdz pat R22. Tas piem\u0113rots sportiksa tipa, luksus klases vieglaj\u0101m automa\u0161\u012bn\u0101m un SUV jeb apvidus auto.<\/span><\/span><\/span><\/p>\n<h3 class=\"western\"><strong><span style=\"font-family: Arial, sans-serif;\">Dunlop Sport Maxx RT 2 galven\u0101s iez\u012bmes<\/span><\/strong><\/h3>\n<p class=\"western\"><span style=\"font-family: Arial, sans-serif;\">+ Izcila sa\u0137ere un manevr\u0113tsp\u0113ja pat lielos brauk\u0161anas \u0101trumos.<br \/>+ Zems akvaplan\u0113\u0161anas risks, pateicoties augsti att\u012bst\u012btai dren\u0101\u017eas jeb \u016bdens novadkan\u0101lu sist\u0113mai.<br \/>+ Vado\u0161\u0101s riepu giganta <\/span><em><span style=\"font-family: Arial, sans-serif;\">Dunlop<\/span><\/em><span style=\"font-family: Arial, sans-serif;\"> tehnolo\u0123ijas.<br \/>+ Izteikts akustiskais un brauk\u0161anas gaitas komforts.<br \/>+ Zems degvielas pat\u0113ri\u0146\u0161.<br \/>+ Augsta nodilumiztur\u012bba.<\/span><\/p>\n<h3 class=\"western\" align=\"left\"><span style=\"font-family: Arial, serif;\"><span style=\"font-size: small;\"><strong><span style=\"font-family: Arial, sans-serif;\">Sport Maxx RT 2 apr\u012bkojums<\/span><\/strong><\/span><\/span><\/h3>\n<p class=\"western\"><strong><span style=\"font-family: Arial, sans-serif;\">Dunlop Sport Maxx RT 2\u00a0<\/span><\/strong><span style=\"font-family: Arial, sans-serif;\">UHP jeb augstas veiktsp\u0113jas vasaras riepu modelis apr\u012bkots ar uzlabotu asimetrisko protektora rakstu. \u0160\u0101ds dizains, apvienojum\u0101 ar Dunlop tehnolo\u0123iskajiem risin\u0101jumiem, nodro\u0161ina izcilu dro\u0161\u012bbas un komforta l\u012bmeni, braucot dinamiski un lielos brauk\u0161anas \u0101trumos.<\/span><\/p>\n<p class=\"western\"><span style=\"font-family: Arial, sans-serif;\">Asimetriski izvietot\u0101s protektora bloku virknes darin\u0101tas no nodilumiztur\u012bga, bet m\u012bksta gumijas sakaus\u0113juma. Tam pievienotie \u0137\u012bmiskie elementi nodro\u0161ina sp\u0113ju riepai piel\u0101goties augst\u0101m gaisa temperat\u016br\u0101m, nezaud\u0113jot formu un nodilumiztur\u012bbu.<\/span><\/p>\n<p class=\"western\"><span style=\"font-family: Arial, sans-serif;\">Protektora plecu bloki veidoti p\u0113c <\/span><em><span style=\"font-family: Arial, sans-serif;\">Short Braking<\/span><\/em><span style=\"font-family: Arial, sans-serif;\"> tehnolo\u0123ijas. \u0160is tehnolo\u0123iskais risin\u0101jums palielina sa\u0137eres laukumu ar ce\u013cu, b\u016btiski sa\u012bsinot bremz\u0113\u0161anas ce\u013cu.<\/span><\/p>\n","protected":false},"excerpt":{"rendered":"<p class=\"western\" align=\"left\"><span style=\"font-family: Arial, serif;\"><span style=\"font-size: small;\"><strong><span style=\"font-family: Arial, sans-serif;\">Dunlop Sport Maxx RT 2\u00a0<\/span><\/strong><span style=\"font-family: Arial, sans-serif;\">ir augst\u0101k\u0101s kvalit\u0101tes, premium klases UHP vasaras riepu modelis. Tas izce\u013cas ar izcilu sa\u0137eri, manevr\u0113tsp\u0113ju un komforta l\u012bmeni pat \u012bpa\u0161i lielos brauk\u0161anas \u0101trumos. \u0160is riepu modelis pieejams pla\u0161\u0101 izm\u0113ru kl\u0101st\u0101 no R16 l\u012bdz pat R22. Tas piem\u0113rots sportiksa tipa, luksus klases vieglaj\u0101m automa\u0161\u012bn\u0101m un SUV jeb apvidus auto.<\/span><\/span><\/span><\/p>\n","protected":false},"featured_media":902320,"template":"","meta":{"_acf_changed":false,"ngg_post_thumbnail":0},"product_brand":[],"product_cat":[46],"product_tag":[],"class_list":{"0":"post-665028","1":"product","2":"type-product","3":"status-publish","4":"has-post-thumbnail","6":"product_cat-vasaras-riepas","8":"first","9":"instock","10":"sale","11":"taxable","12":"shipping-taxable","13":"purchasable","14":"product-type-simple"},"acf":[],"yoast_head":"<!-- This site is optimized with the Yoast SEO Premium plugin v22.6 (Yoast SEO v27.3) - https:\/\/yoast.com\/product\/yoast-seo-premium-wordpress\/ -->\n<title>235\/45R18 Dunlop Sport Maxx RT 2 (98Y) XL MFS &#8226; MMK Riepas<\/title>\n<meta name=\"robots\" content=\"index, follow, max-snippet:-1, max-image-preview:large, max-video-preview:-1\" \/>\n<link rel=\"canonical\" href=\"https:\/\/mmkriepas.lv\/en\/p\/235-45r18-dunlop-sport-maxx-rt-2-98y-xl\/\" \/>\n<meta property=\"og:locale\" content=\"en_US\" \/>\n<meta property=\"og:type\" content=\"article\" \/>\n<meta property=\"og:title\" content=\"235\/45R18 Dunlop Sport Maxx RT 2 (98Y) XL MFS\" \/>\n<meta property=\"og:description\" content=\"Dunlop Sport Maxx RT 2\u00a0ir augst\u0101k\u0101s kvalit\u0101tes, premium klases UHP vasaras riepu modelis. Tas izce\u013cas ar izcilu sa\u0137eri, manevr\u0113tsp\u0113ju un komforta l\u012bmeni pat \u012bpa\u0161i lielos brauk\u0161anas \u0101trumos. \u0160is riepu modelis pieejams pla\u0161\u0101 izm\u0113ru kl\u0101st\u0101 no R16 l\u012bdz pat R22. Tas piem\u0113rots sportiksa tipa, luksus klases vieglaj\u0101m automa\u0161\u012bn\u0101m un SUV jeb apvidus auto.\" \/>\n<meta property=\"og:url\" content=\"https:\/\/mmkriepas.lv\/en\/p\/235-45r18-dunlop-sport-maxx-rt-2-98y-xl\/\" \/>\n<meta property=\"og:site_name\" content=\"MMK Riepas\" \/>\n<meta property=\"article:publisher\" content=\"https:\/\/www.facebook.com\/mmkserviss\/\" \/>\n<meta property=\"article:modified_time\" content=\"2026-03-27T11:18:51+00:00\" \/>\n<meta property=\"og:image\" content=\"https:\/\/mmkriepas.lv\/wp-content\/uploads\/2024\/05\/dunlop-sport-maxx-rt-2.jpg\" \/>\n\t<meta property=\"og:image:width\" content=\"900\" \/>\n\t<meta property=\"og:image:height\" content=\"720\" \/>\n\t<meta property=\"og:image:type\" content=\"image\/jpeg\" \/>\n<meta name=\"twitter:card\" content=\"summary_large_image\" \/>\n<meta name=\"twitter:label1\" content=\"Price\" \/>\n\t<meta name=\"twitter:data1\" content=\"&euro;167.00\" \/>\n\t<meta name=\"twitter:label2\" content=\"Availability\" \/>\n\t<meta name=\"twitter:data2\" content=\"In stock\" \/>\n<script type=\"application\/ld+json\" class=\"yoast-schema-graph\">{\"@context\":\"https:\\\/\\\/schema.org\",\"@graph\":[{\"@type\":\"WebPage\",\"@id\":\"https:\\\/\\\/mmkriepas.lv\\\/en\\\/p\\\/235-45r18-dunlop-sport-maxx-rt-2-98y-xl\\\/\",\"url\":\"https:\\\/\\\/mmkriepas.lv\\\/en\\\/p\\\/235-45r18-dunlop-sport-maxx-rt-2-98y-xl\\\/\",\"name\":\"235\\\/45R18 Dunlop Sport Maxx RT 2 (98Y) XL MFS &#8226; MMK Riepas\",\"isPartOf\":{\"@id\":\"https:\\\/\\\/mmkriepas.lv\\\/en\\\/#website\"},\"primaryImageOfPage\":{\"@id\":\"https:\\\/\\\/mmkriepas.lv\\\/en\\\/p\\\/235-45r18-dunlop-sport-maxx-rt-2-98y-xl\\\/#primaryimage\"},\"image\":{\"@id\":\"https:\\\/\\\/mmkriepas.lv\\\/en\\\/p\\\/235-45r18-dunlop-sport-maxx-rt-2-98y-xl\\\/#primaryimage\"},\"thumbnailUrl\":\"https:\\\/\\\/mmkriepas.lv\\\/wp-content\\\/uploads\\\/2024\\\/05\\\/dunlop-sport-maxx-rt-2.jpg\",\"datePublished\":\"2023-03-01T12:22:41+00:00\",\"dateModified\":\"2026-03-27T11:18:51+00:00\",\"breadcrumb\":{\"@id\":\"https:\\\/\\\/mmkriepas.lv\\\/en\\\/p\\\/235-45r18-dunlop-sport-maxx-rt-2-98y-xl\\\/#breadcrumb\"},\"inLanguage\":\"en-US\",\"potentialAction\":[{\"@type\":\"ReadAction\",\"target\":[\"https:\\\/\\\/mmkriepas.lv\\\/en\\\/p\\\/235-45r18-dunlop-sport-maxx-rt-2-98y-xl\\\/\"]}]},{\"@type\":\"ImageObject\",\"inLanguage\":\"en-US\",\"@id\":\"https:\\\/\\\/mmkriepas.lv\\\/en\\\/p\\\/235-45r18-dunlop-sport-maxx-rt-2-98y-xl\\\/#primaryimage\",\"url\":\"https:\\\/\\\/mmkriepas.lv\\\/wp-content\\\/uploads\\\/2024\\\/05\\\/dunlop-sport-maxx-rt-2.jpg\",\"contentUrl\":\"https:\\\/\\\/mmkriepas.lv\\\/wp-content\\\/uploads\\\/2024\\\/05\\\/dunlop-sport-maxx-rt-2.jpg\",\"width\":900,\"height\":720,\"caption\":\"MAIN\"},{\"@type\":\"BreadcrumbList\",\"@id\":\"https:\\\/\\\/mmkriepas.lv\\\/en\\\/p\\\/235-45r18-dunlop-sport-maxx-rt-2-98y-xl\\\/#breadcrumb\",\"itemListElement\":[{\"@type\":\"ListItem\",\"position\":1,\"name\":\"S\u0101kums\",\"item\":\"https:\\\/\\\/mmkriepas.lv\\\/en\\\/\"},{\"@type\":\"ListItem\",\"position\":2,\"name\":\"235\\\/45R18 Dunlop Sport Maxx RT 2 (98Y) XL MFS\"}]},{\"@type\":\"WebSite\",\"@id\":\"https:\\\/\\\/mmkriepas.lv\\\/en\\\/#website\",\"url\":\"https:\\\/\\\/mmkriepas.lv\\\/en\\\/\",\"name\":\"MMK Riepas\",\"description\":\"MMK Riepas\",\"alternateName\":\"MMK Riepu Serviss\",\"potentialAction\":[{\"@type\":\"SearchAction\",\"target\":{\"@type\":\"EntryPoint\",\"urlTemplate\":\"https:\\\/\\\/mmkriepas.lv\\\/en\\\/?s={search_term_string}\"},\"query-input\":{\"@type\":\"PropertyValueSpecification\",\"valueRequired\":true,\"valueName\":\"search_term_string\"}}],\"inLanguage\":\"en-US\"},{\"@type\":\"ImageObject\",\"inLanguage\":\"en-US\",\"@id\":\"https:\\\/\\\/mmkriepas.lv\\\/en\\\/p\\\/235-45r18-dunlop-sport-maxx-rt-2-98y-xl\\\/#local-main-organization-logo\",\"url\":\"\",\"contentUrl\":\"\",\"caption\":\"MMK Riepas\"}]}<\/script>\n<meta property=\"product:brand\" content=\"Dunlop Sport Maxx RT 2\" \/>\n<meta property=\"product:price:amount\" content=\"167.00\" \/>\n<meta property=\"product:price:currency\" content=\"EUR\" \/>\n<meta property=\"og:availability\" content=\"instock\" \/>\n<meta property=\"product:availability\" content=\"instock\" \/>\n<meta property=\"product:retailer_item_id\" content=\"TS2354518DUNLO-L21282\" \/>\n<meta property=\"product:condition\" content=\"new\" \/>\n<!-- \/ Yoast SEO Premium plugin. -->","yoast_head_json":{"title":"235\/45R18 Dunlop Sport Maxx RT 2 (98Y) XL MFS &#8226; MMK Riepas","robots":{"index":"index","follow":"follow","max-snippet":"max-snippet:-1","max-image-preview":"max-image-preview:large","max-video-preview":"max-video-preview:-1"},"canonical":"https:\/\/mmkriepas.lv\/en\/p\/235-45r18-dunlop-sport-maxx-rt-2-98y-xl\/","og_locale":"en_US","og_type":"article","og_title":"235\/45R18 Dunlop Sport Maxx RT 2 (98Y) XL MFS","og_description":"Dunlop Sport Maxx RT 2\u00a0ir augst\u0101k\u0101s kvalit\u0101tes, premium klases UHP vasaras riepu modelis. Tas izce\u013cas ar izcilu sa\u0137eri, manevr\u0113tsp\u0113ju un komforta l\u012bmeni pat \u012bpa\u0161i lielos brauk\u0161anas \u0101trumos. \u0160is riepu modelis pieejams pla\u0161\u0101 izm\u0113ru kl\u0101st\u0101 no R16 l\u012bdz pat R22. Tas piem\u0113rots sportiksa tipa, luksus klases vieglaj\u0101m automa\u0161\u012bn\u0101m un SUV jeb apvidus auto.","og_url":"https:\/\/mmkriepas.lv\/en\/p\/235-45r18-dunlop-sport-maxx-rt-2-98y-xl\/","og_site_name":"MMK Riepas","article_publisher":"https:\/\/www.facebook.com\/mmkserviss\/","article_modified_time":"2026-03-27T11:18:51+00:00","og_image":[{"width":900,"height":720,"url":"https:\/\/mmkriepas.lv\/wp-content\/uploads\/2024\/05\/dunlop-sport-maxx-rt-2.jpg","type":"image\/jpeg"}],"twitter_card":"summary_large_image","twitter_misc":{"Price":"&euro;167.00","Availability":"In stock"},"schema":{"@context":"https:\/\/schema.org","@graph":[{"@type":"WebPage","@id":"https:\/\/mmkriepas.lv\/en\/p\/235-45r18-dunlop-sport-maxx-rt-2-98y-xl\/","url":"https:\/\/mmkriepas.lv\/en\/p\/235-45r18-dunlop-sport-maxx-rt-2-98y-xl\/","name":"235\/45R18 Dunlop Sport Maxx RT 2 (98Y) XL MFS &#8226; MMK Riepas","isPartOf":{"@id":"https:\/\/mmkriepas.lv\/en\/#website"},"primaryImageOfPage":{"@id":"https:\/\/mmkriepas.lv\/en\/p\/235-45r18-dunlop-sport-maxx-rt-2-98y-xl\/#primaryimage"},"image":{"@id":"https:\/\/mmkriepas.lv\/en\/p\/235-45r18-dunlop-sport-maxx-rt-2-98y-xl\/#primaryimage"},"thumbnailUrl":"https:\/\/mmkriepas.lv\/wp-content\/uploads\/2024\/05\/dunlop-sport-maxx-rt-2.jpg","datePublished":"2023-03-01T12:22:41+00:00","dateModified":"2026-03-27T11:18:51+00:00","breadcrumb":{"@id":"https:\/\/mmkriepas.lv\/en\/p\/235-45r18-dunlop-sport-maxx-rt-2-98y-xl\/#breadcrumb"},"inLanguage":"en-US","potentialAction":[{"@type":"ReadAction","target":["https:\/\/mmkriepas.lv\/en\/p\/235-45r18-dunlop-sport-maxx-rt-2-98y-xl\/"]}]},{"@type":"ImageObject","inLanguage":"en-US","@id":"https:\/\/mmkriepas.lv\/en\/p\/235-45r18-dunlop-sport-maxx-rt-2-98y-xl\/#primaryimage","url":"https:\/\/mmkriepas.lv\/wp-content\/uploads\/2024\/05\/dunlop-sport-maxx-rt-2.jpg","contentUrl":"https:\/\/mmkriepas.lv\/wp-content\/uploads\/2024\/05\/dunlop-sport-maxx-rt-2.jpg","width":900,"height":720,"caption":"MAIN"},{"@type":"BreadcrumbList","@id":"https:\/\/mmkriepas.lv\/en\/p\/235-45r18-dunlop-sport-maxx-rt-2-98y-xl\/#breadcrumb","itemListElement":[{"@type":"ListItem","position":1,"name":"S\u0101kums","item":"https:\/\/mmkriepas.lv\/en\/"},{"@type":"ListItem","position":2,"name":"235\/45R18 Dunlop Sport Maxx RT 2 (98Y) XL MFS"}]},{"@type":"WebSite","@id":"https:\/\/mmkriepas.lv\/en\/#website","url":"https:\/\/mmkriepas.lv\/en\/","name":"MMK Riepas","description":"MMK Riepas","alternateName":"MMK Riepu Serviss","potentialAction":[{"@type":"SearchAction","target":{"@type":"EntryPoint","urlTemplate":"https:\/\/mmkriepas.lv\/en\/?s={search_term_string}"},"query-input":{"@type":"PropertyValueSpecification","valueRequired":true,"valueName":"search_term_string"}}],"inLanguage":"en-US"},{"@type":"ImageObject","inLanguage":"en-US","@id":"https:\/\/mmkriepas.lv\/en\/p\/235-45r18-dunlop-sport-maxx-rt-2-98y-xl\/#local-main-organization-logo","url":"","contentUrl":"","caption":"MMK Riepas"}]},"product_brand":"Dunlop Sport Maxx RT 2","product_price_amount":"167.00","product_price_currency":"EUR","og_availability":"instock","product_availability":"instock","product_retailer_item_id":"TS2354518DUNLO-L21282","product_condition":"new"},"_links":{"self":[{"href":"https:\/\/mmkriepas.lv\/en\/wp-json\/wp\/v2\/product\/665028","targetHints":{"allow":["GET"]}}],"collection":[{"href":"https:\/\/mmkriepas.lv\/en\/wp-json\/wp\/v2\/product"}],"about":[{"href":"https:\/\/mmkriepas.lv\/en\/wp-json\/wp\/v2\/types\/product"}],"wp:featuredmedia":[{"embeddable":true,"href":"https:\/\/mmkriepas.lv\/en\/wp-json\/wp\/v2\/media\/902320"}],"wp:attachment":[{"href":"https:\/\/mmkriepas.lv\/en\/wp-json\/wp\/v2\/media?parent=665028"}],"wp:term":[{"taxonomy":"product_brand","embeddable":true,"href":"https:\/\/mmkriepas.lv\/en\/wp-json\/wp\/v2\/product_brand?post=665028"},{"taxonomy":"product_cat","embeddable":true,"href":"https:\/\/mmkriepas.lv\/en\/wp-json\/wp\/v2\/product_cat?post=665028"},{"taxonomy":"product_tag","embeddable":true,"href":"https:\/\/mmkriepas.lv\/en\/wp-json\/wp\/v2\/product_tag?post=665028"}],"curies":[{"name":"wp","href":"https:\/\/api.w.org\/{rel}","templated":true}]}}