{"id":6622,"date":"2017-02-10T11:29:30","date_gmt":"2017-02-10T09:29:30","guid":{"rendered":"https:\/\/mmkserviss.lv\/katalogs\/vasaras-riepas\/vasaras-riepas-21565r16-sunfull-sf688-102h-xl\/"},"modified":"2025-08-08T19:45:05","modified_gmt":"2025-08-08T16:45:05","slug":"215-65r16-sunfull-sf688-98h","status":"publish","type":"product","link":"https:\/\/mmkriepas.lv\/en\/p\/215-65r16-sunfull-sf688-98h\/","title":{"rendered":"215\/65R16 Sunfull SF-688 98H DOT19"},"content":{"rendered":"<p><strong><span style=\"font-family: 'Arial',sans-serif;\">Sunfull SF-688<\/span><\/strong><span style=\"font-family: 'Arial',sans-serif;\"> ir piem\u0113rota pla\u0161am vieglo automa\u0161\u012bnu kl\u0101stam, ieskaitot ar\u012b viskompakt\u0101k\u0101s. Riepas rakstur\u012bpa\u0161\u012bbas tiku\u0161as izv\u0113l\u0113tas, \u0146emot v\u0113r\u0101 darb\u012bbas \u012bpatn\u012bbas pils\u0113tas apst\u0101k\u013cos, kur \u0161is modelis demonstr\u0113 izcilu stabilit\u0101ti uz slapj\u0101m virsm\u0101m, nodilumiztur\u012bbu, degvielas ekonomiju un paaugstin\u0101tu brauk\u0161anas komfortu.<o:p><\/o:p><\/span><\/p>\n<h3><span style=\"font-family: 'Arial',sans-serif;\">SF-688 galven\u0101s iez\u012bmes<o:p><\/o:p><\/span><\/h3>\n<p><span style=\"font-family: 'Arial',sans-serif;\">+ Bloku izvietojums, kas p\u0101rvietoti attiec\u012bb\u0101 pret otru, samazina troksni!<o:p><\/o:p><\/span><\/p>\n<p><span style=\"font-family: 'Arial',sans-serif;\">+ \u201cMini bloki\u201d plecu zon\u0101s palielina stabilit\u0101ti pagriezienos!<o:p><\/o:p><\/span><\/p>\n<p><span style=\"font-family: 'Arial',sans-serif;\">+ Bez\u0161uvju tehnolo\u0123ijas izmanto\u0161ana riepas uzb\u016bv\u0113 uzlabo komfortu un vad\u0101m\u012bbu!<o:p><\/o:p><\/span><\/p>\n<p><span style=\"font-family: 'Arial',sans-serif;\">+ Gumijas mais\u012bjums ar paaugstin\u0101tu termonotur\u012bbu samazina rites pretest\u012bbu!<o:p><\/o:p><\/span><\/p>\n<h3><span style=\"font-family: 'Arial',sans-serif;\">SF-688 apr\u012bkojums<o:p><\/o:p><\/span><\/h3>\n<p><span style=\"font-family: 'Arial',sans-serif;\">Protektora z\u012bm\u0113jums ar simetriski sak\u0101rtotiem elementiem tika izstr\u0101d\u0101ts, izmantojot modern\u0101kos datormodel\u0113\u0161anas r\u012bkus. \u010cetras garenisk\u0101s rievas palielina efektivit\u0101ti uz slapj\u0101m virsm\u0101m, samazinot akvaplan\u0113\u0161anas risku. Elementu izvietojums ar nob\u012bdi attiec\u012bb\u0101 pret otru samazina troksni, un \u201cmini bloki\u201d plecu zon\u0101s palielina stabilit\u0101ti pagriezienos. R\u0101mja aukla ir izgatavota, izmantojot \u201cbez\u0161uvju\u201d tehnolo\u0123iju, kas vienlaikus uzlabo akustisko komfortu un vad\u0101m\u012bbu, atrodoties ce\u013c\u0101.<o:p><\/o:p><\/span><\/p>\n<p><strong><span style=\"font-family: 'Arial',sans-serif; color: red;\">Uzman\u012bbu:<\/span><\/strong><span style=\"font-family: 'Arial',sans-serif;\"> Uz vasaras riepu s\u0101nu bortiem var b\u016bt apz\u012bm\u0113jums M+S. \u0160is apz\u012bm\u0113jums nenoz\u012bm\u0113, ka t\u0101s ir M+S riepas un nav paredz\u0113ts ekspluat\u0113t Latvijas ziemas apst\u0101k\u013cos! S\u012bk\u0101k par \u0161o un citiem apz\u012bm\u0113jumu dro\u0161i jaut\u0101jiet MMK Riepu Serviss speci\u0101listiem.<o:p><\/o:p><\/span><\/p>\n","protected":false},"excerpt":{"rendered":"<p><strong><span style=\"font-family: 'Arial',sans-serif;\">Sunfull SF-688<\/span><\/strong><span style=\"font-family: 'Arial',sans-serif;\"> ir piem\u0113rota pla\u0161am vieglo automa\u0161\u012bnu kl\u0101stam, ieskaitot ar\u012b viskompakt\u0101k\u0101s. Riepas rakstur\u012bpa\u0161\u012bbas tiku\u0161as izv\u0113l\u0113tas, \u0146emot v\u0113r\u0101 darb\u012bbas \u012bpatn\u012bbas pils\u0113tas apst\u0101k\u013cos, kur \u0161is modelis demonstr\u0113 izcilu stabilit\u0101ti uz slapj\u0101m virsm\u0101m, nodilumiztur\u012bbu, degvielas ekonomiju un paaugstin\u0101tu brauk\u0161anas komfortu.<o:p><\/o:p><\/span><\/p>\n","protected":false},"featured_media":121597,"template":"","meta":{"_acf_changed":false,"ngg_post_thumbnail":0},"product_brand":[],"product_cat":[46],"product_tag":[22820],"class_list":{"0":"post-6622","1":"product","2":"type-product","3":"status-publish","4":"has-post-thumbnail","6":"product_cat-vasaras-riepas","7":"product_tag-64636efdd2e27","9":"first","10":"outofstock","11":"sale","12":"taxable","13":"shipping-taxable","14":"product-type-simple"},"acf":[],"yoast_head":"<!-- This site is optimized with the Yoast SEO Premium plugin v22.6 (Yoast SEO v27.3) - https:\/\/yoast.com\/product\/yoast-seo-premium-wordpress\/ -->\n<title>215\/65R16 Sunfull SF-688 98H DOT19 &#8226; MMK Riepas<\/title>\n<meta name=\"robots\" content=\"index, follow, max-snippet:-1, max-image-preview:large, max-video-preview:-1\" \/>\n<link rel=\"canonical\" href=\"https:\/\/mmkriepas.lv\/en\/p\/215-65r16-sunfull-sf688-98h\/\" \/>\n<meta property=\"og:locale\" content=\"en_US\" \/>\n<meta property=\"og:type\" content=\"article\" \/>\n<meta property=\"og:title\" content=\"215\/65R16 Sunfull SF-688 98H DOT19\" \/>\n<meta property=\"og:description\" content=\"Sunfull SF-688 ir piem\u0113rota pla\u0161am vieglo automa\u0161\u012bnu kl\u0101stam, ieskaitot ar\u012b viskompakt\u0101k\u0101s. Riepas rakstur\u012bpa\u0161\u012bbas tiku\u0161as izv\u0113l\u0113tas, \u0146emot v\u0113r\u0101 darb\u012bbas \u012bpatn\u012bbas pils\u0113tas apst\u0101k\u013cos, kur \u0161is modelis demonstr\u0113 izcilu stabilit\u0101ti uz slapj\u0101m virsm\u0101m, nodilumiztur\u012bbu, degvielas ekonomiju un paaugstin\u0101tu brauk\u0161anas komfortu.\" \/>\n<meta property=\"og:url\" content=\"https:\/\/mmkriepas.lv\/en\/p\/215-65r16-sunfull-sf688-98h\/\" \/>\n<meta property=\"og:site_name\" content=\"MMK Riepas\" \/>\n<meta property=\"article:publisher\" content=\"https:\/\/www.facebook.com\/mmkserviss\/\" \/>\n<meta property=\"article:modified_time\" content=\"2025-08-08T16:45:05+00:00\" \/>\n<meta property=\"og:image\" content=\"https:\/\/mmkriepas.lv\/wp-content\/uploads\/2020\/04\/21565r16-sunfull-sf-688-98h-vasaras-riepas.jpg\" \/>\n\t<meta property=\"og:image:width\" content=\"1920\" \/>\n\t<meta property=\"og:image:height\" content=\"1862\" \/>\n\t<meta property=\"og:image:type\" content=\"image\/jpeg\" \/>\n<meta name=\"twitter:card\" content=\"summary_large_image\" \/>\n<meta name=\"twitter:label1\" content=\"Price\" \/>\n\t<meta name=\"twitter:data1\" content=\"&euro;39.00\" \/>\n\t<meta name=\"twitter:label2\" content=\"Availability\" \/>\n\t<meta name=\"twitter:data2\" content=\"Out of stock\" \/>\n<script type=\"application\/ld+json\" class=\"yoast-schema-graph\">{\"@context\":\"https:\\\/\\\/schema.org\",\"@graph\":[{\"@type\":\"WebPage\",\"@id\":\"https:\\\/\\\/mmkriepas.lv\\\/en\\\/p\\\/215-65r16-sunfull-sf688-98h\\\/\",\"url\":\"https:\\\/\\\/mmkriepas.lv\\\/en\\\/p\\\/215-65r16-sunfull-sf688-98h\\\/\",\"name\":\"215\\\/65R16 Sunfull SF-688 98H DOT19 &#8226; MMK Riepas\",\"isPartOf\":{\"@id\":\"https:\\\/\\\/mmkriepas.lv\\\/en\\\/#website\"},\"primaryImageOfPage\":{\"@id\":\"https:\\\/\\\/mmkriepas.lv\\\/en\\\/p\\\/215-65r16-sunfull-sf688-98h\\\/#primaryimage\"},\"image\":{\"@id\":\"https:\\\/\\\/mmkriepas.lv\\\/en\\\/p\\\/215-65r16-sunfull-sf688-98h\\\/#primaryimage\"},\"thumbnailUrl\":\"https:\\\/\\\/mmkriepas.lv\\\/wp-content\\\/uploads\\\/2020\\\/04\\\/21565r16-sunfull-sf-688-98h-vasaras-riepas.jpg\",\"datePublished\":\"2017-02-10T09:29:30+00:00\",\"dateModified\":\"2025-08-08T16:45:05+00:00\",\"breadcrumb\":{\"@id\":\"https:\\\/\\\/mmkriepas.lv\\\/en\\\/p\\\/215-65r16-sunfull-sf688-98h\\\/#breadcrumb\"},\"inLanguage\":\"en-US\",\"potentialAction\":[{\"@type\":\"ReadAction\",\"target\":[\"https:\\\/\\\/mmkriepas.lv\\\/en\\\/p\\\/215-65r16-sunfull-sf688-98h\\\/\"]}]},{\"@type\":\"ImageObject\",\"inLanguage\":\"en-US\",\"@id\":\"https:\\\/\\\/mmkriepas.lv\\\/en\\\/p\\\/215-65r16-sunfull-sf688-98h\\\/#primaryimage\",\"url\":\"https:\\\/\\\/mmkriepas.lv\\\/wp-content\\\/uploads\\\/2020\\\/04\\\/21565r16-sunfull-sf-688-98h-vasaras-riepas.jpg\",\"contentUrl\":\"https:\\\/\\\/mmkriepas.lv\\\/wp-content\\\/uploads\\\/2020\\\/04\\\/21565r16-sunfull-sf-688-98h-vasaras-riepas.jpg\",\"width\":1920,\"height\":1862,\"caption\":\"215\\\/65R16 Sunfull SF-688 98H - Vasaras riepas\"},{\"@type\":\"BreadcrumbList\",\"@id\":\"https:\\\/\\\/mmkriepas.lv\\\/en\\\/p\\\/215-65r16-sunfull-sf688-98h\\\/#breadcrumb\",\"itemListElement\":[{\"@type\":\"ListItem\",\"position\":1,\"name\":\"S\u0101kums\",\"item\":\"https:\\\/\\\/mmkriepas.lv\\\/en\\\/\"},{\"@type\":\"ListItem\",\"position\":2,\"name\":\"215\\\/65R16 Sunfull SF-688 98H DOT19\"}]},{\"@type\":\"WebSite\",\"@id\":\"https:\\\/\\\/mmkriepas.lv\\\/en\\\/#website\",\"url\":\"https:\\\/\\\/mmkriepas.lv\\\/en\\\/\",\"name\":\"MMK Riepas\",\"description\":\"MMK Riepas\",\"alternateName\":\"MMK Riepu Serviss\",\"potentialAction\":[{\"@type\":\"SearchAction\",\"target\":{\"@type\":\"EntryPoint\",\"urlTemplate\":\"https:\\\/\\\/mmkriepas.lv\\\/en\\\/?s={search_term_string}\"},\"query-input\":{\"@type\":\"PropertyValueSpecification\",\"valueRequired\":true,\"valueName\":\"search_term_string\"}}],\"inLanguage\":\"en-US\"},{\"@type\":\"ImageObject\",\"inLanguage\":\"en-US\",\"@id\":\"https:\\\/\\\/mmkriepas.lv\\\/en\\\/p\\\/215-65r16-sunfull-sf688-98h\\\/#local-main-organization-logo\",\"url\":\"\",\"contentUrl\":\"\",\"caption\":\"MMK Riepas\"}]}<\/script>\n<meta property=\"product:brand\" content=\"Sunfull SF-688\" \/>\n<meta property=\"product:price:amount\" content=\"39.00\" \/>\n<meta property=\"product:price:currency\" content=\"EUR\" \/>\n<meta property=\"og:availability\" content=\"out of stock\" \/>\n<meta property=\"product:availability\" content=\"out of stock\" \/>\n<meta property=\"product:retailer_item_id\" content=\"TS2156516SUNFU-383\" \/>\n<meta property=\"product:condition\" content=\"new\" \/>\n<!-- \/ Yoast SEO Premium plugin. -->","yoast_head_json":{"title":"215\/65R16 Sunfull SF-688 98H DOT19 &#8226; MMK Riepas","robots":{"index":"index","follow":"follow","max-snippet":"max-snippet:-1","max-image-preview":"max-image-preview:large","max-video-preview":"max-video-preview:-1"},"canonical":"https:\/\/mmkriepas.lv\/en\/p\/215-65r16-sunfull-sf688-98h\/","og_locale":"en_US","og_type":"article","og_title":"215\/65R16 Sunfull SF-688 98H DOT19","og_description":"Sunfull SF-688 ir piem\u0113rota pla\u0161am vieglo automa\u0161\u012bnu kl\u0101stam, ieskaitot ar\u012b viskompakt\u0101k\u0101s. Riepas rakstur\u012bpa\u0161\u012bbas tiku\u0161as izv\u0113l\u0113tas, \u0146emot v\u0113r\u0101 darb\u012bbas \u012bpatn\u012bbas pils\u0113tas apst\u0101k\u013cos, kur \u0161is modelis demonstr\u0113 izcilu stabilit\u0101ti uz slapj\u0101m virsm\u0101m, nodilumiztur\u012bbu, degvielas ekonomiju un paaugstin\u0101tu brauk\u0161anas komfortu.","og_url":"https:\/\/mmkriepas.lv\/en\/p\/215-65r16-sunfull-sf688-98h\/","og_site_name":"MMK Riepas","article_publisher":"https:\/\/www.facebook.com\/mmkserviss\/","article_modified_time":"2025-08-08T16:45:05+00:00","og_image":[{"width":1920,"height":1862,"url":"https:\/\/mmkriepas.lv\/wp-content\/uploads\/2020\/04\/21565r16-sunfull-sf-688-98h-vasaras-riepas.jpg","type":"image\/jpeg"}],"twitter_card":"summary_large_image","twitter_misc":{"Price":"&euro;39.00","Availability":"Out of stock"},"schema":{"@context":"https:\/\/schema.org","@graph":[{"@type":"WebPage","@id":"https:\/\/mmkriepas.lv\/en\/p\/215-65r16-sunfull-sf688-98h\/","url":"https:\/\/mmkriepas.lv\/en\/p\/215-65r16-sunfull-sf688-98h\/","name":"215\/65R16 Sunfull SF-688 98H DOT19 &#8226; MMK Riepas","isPartOf":{"@id":"https:\/\/mmkriepas.lv\/en\/#website"},"primaryImageOfPage":{"@id":"https:\/\/mmkriepas.lv\/en\/p\/215-65r16-sunfull-sf688-98h\/#primaryimage"},"image":{"@id":"https:\/\/mmkriepas.lv\/en\/p\/215-65r16-sunfull-sf688-98h\/#primaryimage"},"thumbnailUrl":"https:\/\/mmkriepas.lv\/wp-content\/uploads\/2020\/04\/21565r16-sunfull-sf-688-98h-vasaras-riepas.jpg","datePublished":"2017-02-10T09:29:30+00:00","dateModified":"2025-08-08T16:45:05+00:00","breadcrumb":{"@id":"https:\/\/mmkriepas.lv\/en\/p\/215-65r16-sunfull-sf688-98h\/#breadcrumb"},"inLanguage":"en-US","potentialAction":[{"@type":"ReadAction","target":["https:\/\/mmkriepas.lv\/en\/p\/215-65r16-sunfull-sf688-98h\/"]}]},{"@type":"ImageObject","inLanguage":"en-US","@id":"https:\/\/mmkriepas.lv\/en\/p\/215-65r16-sunfull-sf688-98h\/#primaryimage","url":"https:\/\/mmkriepas.lv\/wp-content\/uploads\/2020\/04\/21565r16-sunfull-sf-688-98h-vasaras-riepas.jpg","contentUrl":"https:\/\/mmkriepas.lv\/wp-content\/uploads\/2020\/04\/21565r16-sunfull-sf-688-98h-vasaras-riepas.jpg","width":1920,"height":1862,"caption":"215\/65R16 Sunfull SF-688 98H - Vasaras riepas"},{"@type":"BreadcrumbList","@id":"https:\/\/mmkriepas.lv\/en\/p\/215-65r16-sunfull-sf688-98h\/#breadcrumb","itemListElement":[{"@type":"ListItem","position":1,"name":"S\u0101kums","item":"https:\/\/mmkriepas.lv\/en\/"},{"@type":"ListItem","position":2,"name":"215\/65R16 Sunfull SF-688 98H DOT19"}]},{"@type":"WebSite","@id":"https:\/\/mmkriepas.lv\/en\/#website","url":"https:\/\/mmkriepas.lv\/en\/","name":"MMK Riepas","description":"MMK Riepas","alternateName":"MMK Riepu Serviss","potentialAction":[{"@type":"SearchAction","target":{"@type":"EntryPoint","urlTemplate":"https:\/\/mmkriepas.lv\/en\/?s={search_term_string}"},"query-input":{"@type":"PropertyValueSpecification","valueRequired":true,"valueName":"search_term_string"}}],"inLanguage":"en-US"},{"@type":"ImageObject","inLanguage":"en-US","@id":"https:\/\/mmkriepas.lv\/en\/p\/215-65r16-sunfull-sf688-98h\/#local-main-organization-logo","url":"","contentUrl":"","caption":"MMK Riepas"}]},"product_brand":"Sunfull SF-688","product_price_amount":"39.00","product_price_currency":"EUR","og_availability":"out of stock","product_availability":"out of stock","product_retailer_item_id":"TS2156516SUNFU-383","product_condition":"new"},"_links":{"self":[{"href":"https:\/\/mmkriepas.lv\/en\/wp-json\/wp\/v2\/product\/6622","targetHints":{"allow":["GET"]}}],"collection":[{"href":"https:\/\/mmkriepas.lv\/en\/wp-json\/wp\/v2\/product"}],"about":[{"href":"https:\/\/mmkriepas.lv\/en\/wp-json\/wp\/v2\/types\/product"}],"wp:featuredmedia":[{"embeddable":true,"href":"https:\/\/mmkriepas.lv\/en\/wp-json\/wp\/v2\/media\/121597"}],"wp:attachment":[{"href":"https:\/\/mmkriepas.lv\/en\/wp-json\/wp\/v2\/media?parent=6622"}],"wp:term":[{"taxonomy":"product_brand","embeddable":true,"href":"https:\/\/mmkriepas.lv\/en\/wp-json\/wp\/v2\/product_brand?post=6622"},{"taxonomy":"product_cat","embeddable":true,"href":"https:\/\/mmkriepas.lv\/en\/wp-json\/wp\/v2\/product_cat?post=6622"},{"taxonomy":"product_tag","embeddable":true,"href":"https:\/\/mmkriepas.lv\/en\/wp-json\/wp\/v2\/product_tag?post=6622"}],"curies":[{"name":"wp","href":"https:\/\/api.w.org\/{rel}","templated":true}]}}