{"id":65517,"date":"2018-08-01T18:00:40","date_gmt":"2018-08-01T15:00:40","guid":{"rendered":"https:\/\/mmkserviss.lv\/?post_type=product&#038;p=65517"},"modified":"2025-11-17T14:29:47","modified_gmt":"2025-11-17T12:29:47","slug":"21560r16-comforser-cf-930-99h-xl","status":"publish","type":"product","link":"https:\/\/mmkriepas.lv\/en\/p\/21560r16-comforser-cf-930-99h-xl\/","title":{"rendered":"215\/60R16 Comforser CF930 99H XL"},"content":{"rendered":"<p><b>Comforser CF930<\/b><span style=\"font-weight: 400;\"> ir ziemas riepa, kas sava pla\u0161\u0101 izm\u0113ru kl\u0101sta d\u0113\u013c, ir uzst\u0101d\u0101ma praktiski jebkuram m\u016bsdienu auto. \u0160is modelis izce\u013cas ar stabilit\u0101ti uz praktiski jebk\u0101diem ce\u013ca apst\u0101k\u013ciem, m\u012bkstu gaitu un zemu trok\u0161\u0146u l\u012bmeni.<\/span><\/p>\n<h3><b>Comforser CF930 galven\u0101s iez\u012bmes<\/b><\/h3>\n<p><span style=\"font-weight: 400;\">+Plata Y-tipa centr\u0101l\u0101 riba uzlabo vilktni, manevr\u0113tsp\u0113ju un stabilit\u0101ti.<\/span> <span style=\"font-weight: 400;\">+Pastiprin\u0101ti plecu zonas protektora bloki palielina kontakta virsmu, efektivit\u0101ti bremz\u0113jot un samazina iesp\u0113ju sasl\u012bd\u0113t.<\/span> <span style=\"font-weight: 400;\">+S\u012bnusveida lameles palielina sa\u0137eri ar apledoju\u0161\u0101m virsm\u0101m.<\/span><\/p>\n<h3><b>Comforser CF930 unik\u0101lais protektora raksts<\/b><\/h3>\n<p><span style=\"font-weight: 400;\">Comforser CF930 protektora rakstu unik\u0101lu padara <\/span><b>Y-tipa centr\u0101l\u0101 riba<\/b><span style=\"font-weight: 400;\">. \u0160\u012b elementa lielie izm\u0113ri padara to iztur\u012bg\u0101ku un l\u012bdz ar to- kalpotsp\u0113j\u012bg\u0101ku, bet tas nav viss! \u0160\u012b centr\u0101l\u0101 riba uzlabo ar\u012b stabilit\u0101ti un manevr\u0113tsp\u0113ju, samazinot slodzi uz citiem protektora elementiem.<\/span> <b>Comforser CF930<\/b><span style=\"font-weight: 400;\"> mode\u013ca lieto\u0161anas dro\u0161\u012bbu ziemas laika apst\u0101k\u013cos un t\u0101 atbilst\u012bbu valst\u012bm ar oblig\u0101tu sezon\u0101lo riepu mai\u0146u apstiprina mar\u0137\u0113jums sniegp\u0101rslas form\u0101 uz kalna fona ar trim virsotn\u0113m (3PMSF).<\/span><\/p>\n<p><span style=\"font-weight: 400;\"><\/span><span style=\"font-weight: 400;\">\u00a0<\/span> <b>Comforser CF930-<\/b><span style=\"font-weight: 400;\"> ziemas riepa, kas gatava st\u0101ties pret\u012b bargiem apst\u0101k\u013ciem. Pieejama abos MMK Riepu Centros par vislab\u0101kaj\u0101m cen\u0101m.<\/span><\/p>\n","protected":false},"excerpt":{"rendered":"<p><b>Comforser CF930<\/b><span style=\"font-weight: 400;\"> ir ziemas riepa, kas sava pla\u0161\u0101 izm\u0113ru kl\u0101sta d\u0113\u013c, ir uzst\u0101d\u0101ma praktiski jebkuram m\u016bsdienu auto. \u0160is modelis izce\u013cas ar stabilit\u0101ti uz praktiski jebk\u0101diem ce\u013ca apst\u0101k\u013ciem, m\u012bkstu gaitu un zemu trok\u0161\u0146u l\u012bmeni.<\/span><\/p>\n","protected":false},"featured_media":1396576,"template":"","meta":{"_acf_changed":false,"ngg_post_thumbnail":0},"product_brand":[],"product_cat":[47,45],"product_tag":[],"class_list":{"0":"post-65517","1":"product","2":"type-product","3":"status-publish","4":"has-post-thumbnail","6":"product_cat-vissezonas-riepas","7":"product_cat-ziemas-riepas","9":"first","10":"outofstock","11":"sale","12":"taxable","13":"shipping-taxable","14":"product-type-simple"},"acf":[],"yoast_head":"<!-- This site is optimized with the Yoast SEO Premium plugin v22.6 (Yoast SEO v27.3) - https:\/\/yoast.com\/product\/yoast-seo-premium-wordpress\/ -->\n<title>215\/60R16 Comforser CF930 99H XL &#8226; MMK Riepas<\/title>\n<meta name=\"description\" content=\"Comforser CF930- ziemas riepa, kas gatava st\u0101ties pret\u012b bargiem apst\u0101k\u013ciem. Pieejama abos MMK Riepu Centros par vislab\u0101kaj\u0101m cen\u0101m.\" \/>\n<meta name=\"robots\" content=\"index, follow, max-snippet:-1, max-image-preview:large, max-video-preview:-1\" \/>\n<link rel=\"canonical\" href=\"https:\/\/mmkriepas.lv\/en\/p\/21560r16-comforser-cf-930-99h-xl\/\" \/>\n<meta property=\"og:locale\" content=\"en_US\" \/>\n<meta property=\"og:type\" content=\"article\" \/>\n<meta property=\"og:title\" content=\"215\/60R16 Comforser CF930 99H XL\" \/>\n<meta property=\"og:description\" content=\"Comforser CF930- ziemas riepa, kas gatava st\u0101ties pret\u012b bargiem apst\u0101k\u013ciem. Pieejama abos MMK Riepu Centros par vislab\u0101kaj\u0101m cen\u0101m.\" \/>\n<meta property=\"og:url\" content=\"https:\/\/mmkriepas.lv\/en\/p\/21560r16-comforser-cf-930-99h-xl\/\" \/>\n<meta property=\"og:site_name\" content=\"MMK Riepas\" \/>\n<meta property=\"article:publisher\" content=\"https:\/\/www.facebook.com\/mmkserviss\/\" \/>\n<meta property=\"article:modified_time\" content=\"2025-11-17T12:29:47+00:00\" \/>\n<meta property=\"og:image\" content=\"https:\/\/mmkriepas.lv\/wp-content\/uploads\/2025\/11\/21560r16-comforser-cf930-99h-xl-ziemas-riepas.jpg\" \/>\n\t<meta property=\"og:image:width\" content=\"900\" \/>\n\t<meta property=\"og:image:height\" content=\"720\" \/>\n\t<meta property=\"og:image:type\" content=\"image\/jpeg\" \/>\n<meta name=\"twitter:card\" content=\"summary_large_image\" \/>\n<meta name=\"twitter:label1\" content=\"Price\" \/>\n\t<meta name=\"twitter:data1\" content=\"&euro;55.00\" \/>\n\t<meta name=\"twitter:label2\" content=\"Availability\" \/>\n\t<meta name=\"twitter:data2\" content=\"Out of stock\" \/>\n<script type=\"application\/ld+json\" class=\"yoast-schema-graph\">{\"@context\":\"https:\\\/\\\/schema.org\",\"@graph\":[{\"@type\":\"WebPage\",\"@id\":\"https:\\\/\\\/mmkriepas.lv\\\/en\\\/p\\\/21560r16-comforser-cf-930-99h-xl\\\/\",\"url\":\"https:\\\/\\\/mmkriepas.lv\\\/en\\\/p\\\/21560r16-comforser-cf-930-99h-xl\\\/\",\"name\":\"215\\\/60R16 Comforser CF930 99H XL &#8226; MMK Riepas\",\"isPartOf\":{\"@id\":\"https:\\\/\\\/mmkriepas.lv\\\/en\\\/#website\"},\"primaryImageOfPage\":{\"@id\":\"https:\\\/\\\/mmkriepas.lv\\\/en\\\/p\\\/21560r16-comforser-cf-930-99h-xl\\\/#primaryimage\"},\"image\":{\"@id\":\"https:\\\/\\\/mmkriepas.lv\\\/en\\\/p\\\/21560r16-comforser-cf-930-99h-xl\\\/#primaryimage\"},\"thumbnailUrl\":\"https:\\\/\\\/mmkriepas.lv\\\/wp-content\\\/uploads\\\/2025\\\/11\\\/21560r16-comforser-cf930-99h-xl-ziemas-riepas.jpg\",\"datePublished\":\"2018-08-01T15:00:40+00:00\",\"dateModified\":\"2025-11-17T12:29:47+00:00\",\"description\":\"Comforser CF930- ziemas riepa, kas gatava st\u0101ties pret\u012b bargiem apst\u0101k\u013ciem. Pieejama abos MMK Riepu Centros par vislab\u0101kaj\u0101m cen\u0101m.\",\"breadcrumb\":{\"@id\":\"https:\\\/\\\/mmkriepas.lv\\\/en\\\/p\\\/21560r16-comforser-cf-930-99h-xl\\\/#breadcrumb\"},\"inLanguage\":\"en-US\",\"potentialAction\":[{\"@type\":\"ReadAction\",\"target\":[\"https:\\\/\\\/mmkriepas.lv\\\/en\\\/p\\\/21560r16-comforser-cf-930-99h-xl\\\/\"]}]},{\"@type\":\"ImageObject\",\"inLanguage\":\"en-US\",\"@id\":\"https:\\\/\\\/mmkriepas.lv\\\/en\\\/p\\\/21560r16-comforser-cf-930-99h-xl\\\/#primaryimage\",\"url\":\"https:\\\/\\\/mmkriepas.lv\\\/wp-content\\\/uploads\\\/2025\\\/11\\\/21560r16-comforser-cf930-99h-xl-ziemas-riepas.jpg\",\"contentUrl\":\"https:\\\/\\\/mmkriepas.lv\\\/wp-content\\\/uploads\\\/2025\\\/11\\\/21560r16-comforser-cf930-99h-xl-ziemas-riepas.jpg\",\"width\":900,\"height\":720,\"caption\":\"215\\\/60R16 Comforser CF930 99H XL - Vissezonas riepas \\\/ Ziemas riepas\"},{\"@type\":\"BreadcrumbList\",\"@id\":\"https:\\\/\\\/mmkriepas.lv\\\/en\\\/p\\\/21560r16-comforser-cf-930-99h-xl\\\/#breadcrumb\",\"itemListElement\":[{\"@type\":\"ListItem\",\"position\":1,\"name\":\"S\u0101kums\",\"item\":\"https:\\\/\\\/mmkriepas.lv\\\/en\\\/\"},{\"@type\":\"ListItem\",\"position\":2,\"name\":\"215\\\/60R16 Comforser CF930 99H XL\"}]},{\"@type\":\"WebSite\",\"@id\":\"https:\\\/\\\/mmkriepas.lv\\\/en\\\/#website\",\"url\":\"https:\\\/\\\/mmkriepas.lv\\\/en\\\/\",\"name\":\"MMK Riepas\",\"description\":\"MMK Riepas\",\"alternateName\":\"MMK Riepu Serviss\",\"potentialAction\":[{\"@type\":\"SearchAction\",\"target\":{\"@type\":\"EntryPoint\",\"urlTemplate\":\"https:\\\/\\\/mmkriepas.lv\\\/en\\\/?s={search_term_string}\"},\"query-input\":{\"@type\":\"PropertyValueSpecification\",\"valueRequired\":true,\"valueName\":\"search_term_string\"}}],\"inLanguage\":\"en-US\"},{\"@type\":\"ImageObject\",\"inLanguage\":\"en-US\",\"@id\":\"https:\\\/\\\/mmkriepas.lv\\\/en\\\/p\\\/21560r16-comforser-cf-930-99h-xl\\\/#local-main-organization-logo\",\"url\":\"\",\"contentUrl\":\"\",\"caption\":\"MMK Riepas\"}]}<\/script>\n<meta property=\"product:brand\" content=\"Comforser CF930\" \/>\n<meta property=\"product:price:amount\" content=\"55.00\" \/>\n<meta property=\"product:price:currency\" content=\"EUR\" \/>\n<meta property=\"og:availability\" content=\"out of stock\" \/>\n<meta property=\"product:availability\" content=\"out of stock\" \/>\n<meta property=\"product:retailer_item_id\" content=\"TW2156016COMFO-2643\" \/>\n<meta property=\"product:condition\" content=\"new\" \/>\n<!-- \/ Yoast SEO Premium plugin. -->","yoast_head_json":{"title":"215\/60R16 Comforser CF930 99H XL &#8226; MMK Riepas","description":"Comforser CF930- ziemas riepa, kas gatava st\u0101ties pret\u012b bargiem apst\u0101k\u013ciem. Pieejama abos MMK Riepu Centros par vislab\u0101kaj\u0101m cen\u0101m.","robots":{"index":"index","follow":"follow","max-snippet":"max-snippet:-1","max-image-preview":"max-image-preview:large","max-video-preview":"max-video-preview:-1"},"canonical":"https:\/\/mmkriepas.lv\/en\/p\/21560r16-comforser-cf-930-99h-xl\/","og_locale":"en_US","og_type":"article","og_title":"215\/60R16 Comforser CF930 99H XL","og_description":"Comforser CF930- ziemas riepa, kas gatava st\u0101ties pret\u012b bargiem apst\u0101k\u013ciem. Pieejama abos MMK Riepu Centros par vislab\u0101kaj\u0101m cen\u0101m.","og_url":"https:\/\/mmkriepas.lv\/en\/p\/21560r16-comforser-cf-930-99h-xl\/","og_site_name":"MMK Riepas","article_publisher":"https:\/\/www.facebook.com\/mmkserviss\/","article_modified_time":"2025-11-17T12:29:47+00:00","og_image":[{"width":900,"height":720,"url":"https:\/\/mmkriepas.lv\/wp-content\/uploads\/2025\/11\/21560r16-comforser-cf930-99h-xl-ziemas-riepas.jpg","type":"image\/jpeg"}],"twitter_card":"summary_large_image","twitter_misc":{"Price":"&euro;55.00","Availability":"Out of stock"},"schema":{"@context":"https:\/\/schema.org","@graph":[{"@type":"WebPage","@id":"https:\/\/mmkriepas.lv\/en\/p\/21560r16-comforser-cf-930-99h-xl\/","url":"https:\/\/mmkriepas.lv\/en\/p\/21560r16-comforser-cf-930-99h-xl\/","name":"215\/60R16 Comforser CF930 99H XL &#8226; MMK Riepas","isPartOf":{"@id":"https:\/\/mmkriepas.lv\/en\/#website"},"primaryImageOfPage":{"@id":"https:\/\/mmkriepas.lv\/en\/p\/21560r16-comforser-cf-930-99h-xl\/#primaryimage"},"image":{"@id":"https:\/\/mmkriepas.lv\/en\/p\/21560r16-comforser-cf-930-99h-xl\/#primaryimage"},"thumbnailUrl":"https:\/\/mmkriepas.lv\/wp-content\/uploads\/2025\/11\/21560r16-comforser-cf930-99h-xl-ziemas-riepas.jpg","datePublished":"2018-08-01T15:00:40+00:00","dateModified":"2025-11-17T12:29:47+00:00","description":"Comforser CF930- ziemas riepa, kas gatava st\u0101ties pret\u012b bargiem apst\u0101k\u013ciem. Pieejama abos MMK Riepu Centros par vislab\u0101kaj\u0101m cen\u0101m.","breadcrumb":{"@id":"https:\/\/mmkriepas.lv\/en\/p\/21560r16-comforser-cf-930-99h-xl\/#breadcrumb"},"inLanguage":"en-US","potentialAction":[{"@type":"ReadAction","target":["https:\/\/mmkriepas.lv\/en\/p\/21560r16-comforser-cf-930-99h-xl\/"]}]},{"@type":"ImageObject","inLanguage":"en-US","@id":"https:\/\/mmkriepas.lv\/en\/p\/21560r16-comforser-cf-930-99h-xl\/#primaryimage","url":"https:\/\/mmkriepas.lv\/wp-content\/uploads\/2025\/11\/21560r16-comforser-cf930-99h-xl-ziemas-riepas.jpg","contentUrl":"https:\/\/mmkriepas.lv\/wp-content\/uploads\/2025\/11\/21560r16-comforser-cf930-99h-xl-ziemas-riepas.jpg","width":900,"height":720,"caption":"215\/60R16 Comforser CF930 99H XL - Vissezonas riepas \/ Ziemas riepas"},{"@type":"BreadcrumbList","@id":"https:\/\/mmkriepas.lv\/en\/p\/21560r16-comforser-cf-930-99h-xl\/#breadcrumb","itemListElement":[{"@type":"ListItem","position":1,"name":"S\u0101kums","item":"https:\/\/mmkriepas.lv\/en\/"},{"@type":"ListItem","position":2,"name":"215\/60R16 Comforser CF930 99H XL"}]},{"@type":"WebSite","@id":"https:\/\/mmkriepas.lv\/en\/#website","url":"https:\/\/mmkriepas.lv\/en\/","name":"MMK Riepas","description":"MMK Riepas","alternateName":"MMK Riepu Serviss","potentialAction":[{"@type":"SearchAction","target":{"@type":"EntryPoint","urlTemplate":"https:\/\/mmkriepas.lv\/en\/?s={search_term_string}"},"query-input":{"@type":"PropertyValueSpecification","valueRequired":true,"valueName":"search_term_string"}}],"inLanguage":"en-US"},{"@type":"ImageObject","inLanguage":"en-US","@id":"https:\/\/mmkriepas.lv\/en\/p\/21560r16-comforser-cf-930-99h-xl\/#local-main-organization-logo","url":"","contentUrl":"","caption":"MMK Riepas"}]},"product_brand":"Comforser CF930","product_price_amount":"55.00","product_price_currency":"EUR","og_availability":"out of stock","product_availability":"out of stock","product_retailer_item_id":"TW2156016COMFO-2643","product_condition":"new"},"_links":{"self":[{"href":"https:\/\/mmkriepas.lv\/en\/wp-json\/wp\/v2\/product\/65517","targetHints":{"allow":["GET"]}}],"collection":[{"href":"https:\/\/mmkriepas.lv\/en\/wp-json\/wp\/v2\/product"}],"about":[{"href":"https:\/\/mmkriepas.lv\/en\/wp-json\/wp\/v2\/types\/product"}],"wp:featuredmedia":[{"embeddable":true,"href":"https:\/\/mmkriepas.lv\/en\/wp-json\/wp\/v2\/media\/1396576"}],"wp:attachment":[{"href":"https:\/\/mmkriepas.lv\/en\/wp-json\/wp\/v2\/media?parent=65517"}],"wp:term":[{"taxonomy":"product_brand","embeddable":true,"href":"https:\/\/mmkriepas.lv\/en\/wp-json\/wp\/v2\/product_brand?post=65517"},{"taxonomy":"product_cat","embeddable":true,"href":"https:\/\/mmkriepas.lv\/en\/wp-json\/wp\/v2\/product_cat?post=65517"},{"taxonomy":"product_tag","embeddable":true,"href":"https:\/\/mmkriepas.lv\/en\/wp-json\/wp\/v2\/product_tag?post=65517"}],"curies":[{"name":"wp","href":"https:\/\/api.w.org\/{rel}","templated":true}]}}