{"id":654307,"date":"2023-02-22T18:43:21","date_gmt":"2023-02-22T16:43:21","guid":{"rendered":"https:\/\/mmkserviss.lv\/?post_type=product&#038;p=654307"},"modified":"2026-03-27T13:18:40","modified_gmt":"2026-03-27T11:18:40","slug":"275-40r22-michelin-pilot-sport-4-suv-108y-xl-2","status":"publish","type":"product","link":"https:\/\/mmkriepas.lv\/en\/p\/275-40r22-michelin-pilot-sport-4-suv-108y-xl-2\/","title":{"rendered":"275\/40R22 Michelin Pilot Sport 4 SUV 108Y XL RP"},"content":{"rendered":"<p class=\"western\"><span style=\"font-family: Arial, sans-serif;\"><b><span>Michelin Pilot Sport 4 SUV<\/span><\/b><span> ir premium klases augstas veiktsp\u0113jas jeb UHP vasaras riepu modelis. Paredz\u0113ts dinamiskai un dro\u0161ai brauk\u0161anai ar jaud\u012bg\u0101m apvidus klasesautoma\u0161\u012bn\u0101m jeb SUV \u0101trumos l\u012bdz pat 300km\/h. Izce\u013cas ar augst\u0101kaj\u0101m sa\u0137eres, nodilumiztur\u012bbas un brauk\u0161anas komforta \u012bpa\u0161\u012bb\u0101m sav\u0101 klas\u0113.<\/span><\/span><\/p>\n<h3 class=\"western\"><span style=\"font-family: Arial, sans-serif;\"><span>Michelin Pilot Sport 4 SUV galven\u0101s \u012bpa\u0161\u012bbas<\/span><\/span><\/h3>\n<p class=\"western\"><span style=\"font-family: Arial, sans-serif;\"><span>+ Dynamic Response tehnolo\u0123ija nodro\u0161ina sportisku vad\u0101m\u012bbu un ziben\u012bgu reakciju uz vad\u012bt\u0101ja darb\u012bb\u0101m.<br \/>+ Speci\u0101li apvidus automa\u0161\u012bn\u0101m jeb SUV izstr\u0101d\u0101ts riepu modelis.<br \/>+ Uzlabota sa\u0137ere lietus apst\u0101k\u013cos, pateicoties \u012bpa\u0161iem &#8220;funkcion\u0101lajiem elastom\u0113riem&#8221; gumijas mais\u012bjum\u0101 un augsti att\u012bst\u012btai dren\u0101\u017eas sist\u0113mai.<br \/>+ Ilgu kalpo\u0161anas laiku nodro\u0161ina optimiz\u0113ta protektora profila forma un nodilumiztur\u012bgs gumijas sakaus\u0113jums.<br \/>+ Modern\u0101k\u0101s Michelin tehnolo\u0123ijas.<\/span><\/span><\/p>\n<h3 class=\"western\"><span style=\"font-family: Arial, sans-serif;\"><span>Pilot Sport 4 SUV apr\u012bkojums<\/span><\/span><\/h3>\n<p class=\"western\"><span style=\"font-family: Arial, sans-serif;\"><span>Michelin Pilot Sport 4 SUV vasaras riepas apr\u012bkotas Dynamic Response Technology &#8211; veselu tehnisko risin\u0101jumu kompleksu, kura m\u0113r\u0137is ir nodro\u0161in\u0101t perfektu vad\u0101m\u012bbu un \u0101rk\u0101rt\u012bgi \u0101tru reakciju uz st\u016bres pagriezieniem.<\/span><\/span><\/p>\n<p class=\"western\"><span style=\"font-family: Arial, sans-serif;\"><span>Riepas konstrukcijas izmantots &#8220;hibr\u012bda&#8221; karkass, kura daudzsl\u0101\u0146u konstrukcija ir izgatavota no da\u017e\u0101diem materi\u0101liem &#8211; aram\u012bda un neilona \u0161\u0137iedr\u0101m. Tas pie\u0161\u0137ir riepai paaugstin\u0101tu iztur\u012bbu pret dinamisk\u0101m deform\u0101cij\u0101m, k\u0101 ar\u012b v\u0113l vair\u0101k uzlabo manevr\u0113tsp\u0113ju un palielina ilgtsp\u0113j\u012bbu.<\/span><\/span><\/p>\n<p class=\"western\"><span style=\"font-family: Arial, sans-serif;\"><span>Protektora dizains ir veidots t\u0101, lai daudzvirzienu pa\u0101trin\u0101juma sp\u0113ku ietekm\u0113 nemain\u012btos kontakta lukuma izm\u0113rs un forma. Rezult\u0101t\u0101 tiek nodro\u0161in\u0101ta sa\u0137eres \u012bpa\u0161\u012bbu stabilit\u0101te, pozit\u012bvi ietekm\u0113jot vad\u0101m\u012bbu pat lielos brauk\u0161anas \u0101trumos.<\/span><\/span><\/p>\n<p class=\"western\"><span style=\"font-family: Arial, sans-serif;\"><span>Michelin Pilot Sport 4 SUV protektora gumijas mais\u012bjuma sast\u0101vam pievienoti funkcion\u0101lie elastom\u0113ri. \u0160ie polim\u0113ru savienojumi protektoru padara elast\u012bg\u0101ku, kas, apvienojum\u0101 ar paaugstin\u0101tu sil\u012bcija dioks\u012bda saturu, nodro\u0161ina riepai lielisku sa\u0137eri uz slapja asfalta. Turkl\u0101t, augsti att\u012bst\u012bta dren\u0101\u017eas kan\u0101lu sist\u0113ma nov\u0113r\u0161 akvaplan\u0113\u0161anu pat liel\u0101 brauk\u0161anas \u0101trum\u0101.<\/span><\/span><\/p>\n","protected":false},"excerpt":{"rendered":"<p class=\"western\"><span style=\"font-family: Arial, sans-serif;\"><b><span>Michelin Pilot Sport 4 SUV<\/span><\/b><span> ir premium klases augstas veiktsp\u0113jas jeb UHP vasaras riepu modelis. Paredz\u0113ts dinamiskai un dro\u0161ai brauk\u0161anai ar jaud\u012bg\u0101m apvidus klasesautoma\u0161\u012bn\u0101m jeb SUV \u0101trumos l\u012bdz pat 300km\/h. Izce\u013cas ar augst\u0101kaj\u0101m sa\u0137eres, nodilumiztur\u012bbas un brauk\u0161anas komforta \u012bpa\u0161\u012bb\u0101m sav\u0101 klas\u0113.<\/span><\/span><\/p>\n","protected":false},"featured_media":896920,"template":"","meta":{"_acf_changed":false,"ngg_post_thumbnail":0},"product_brand":[],"product_cat":[46],"product_tag":[],"class_list":{"0":"post-654307","1":"product","2":"type-product","3":"status-publish","4":"has-post-thumbnail","6":"product_cat-vasaras-riepas","8":"first","9":"instock","10":"sale","11":"taxable","12":"shipping-taxable","13":"purchasable","14":"product-type-simple"},"acf":[],"yoast_head":"<!-- This site is optimized with the Yoast SEO Premium plugin v22.6 (Yoast SEO v27.3) - https:\/\/yoast.com\/product\/yoast-seo-premium-wordpress\/ -->\n<title>275\/40R22 Michelin Pilot Sport 4 SUV 108Y XL RP &#8226; MMK Riepas<\/title>\n<meta name=\"robots\" content=\"index, follow, max-snippet:-1, max-image-preview:large, max-video-preview:-1\" \/>\n<link rel=\"canonical\" href=\"https:\/\/mmkriepas.lv\/en\/p\/275-40r22-michelin-pilot-sport-4-suv-108y-xl-2\/\" \/>\n<meta property=\"og:locale\" content=\"en_US\" \/>\n<meta property=\"og:type\" content=\"article\" \/>\n<meta property=\"og:title\" content=\"275\/40R22 Michelin Pilot Sport 4 SUV 108Y XL RP\" \/>\n<meta property=\"og:description\" content=\"Michelin Pilot Sport 4 SUV ir premium klases augstas veiktsp\u0113jas jeb UHP vasaras riepu modelis. Paredz\u0113ts dinamiskai un dro\u0161ai brauk\u0161anai ar jaud\u012bg\u0101m apvidus klasesautoma\u0161\u012bn\u0101m jeb SUV \u0101trumos l\u012bdz pat 300km\/h. Izce\u013cas ar augst\u0101kaj\u0101m sa\u0137eres, nodilumiztur\u012bbas un brauk\u0161anas komforta \u012bpa\u0161\u012bb\u0101m sav\u0101 klas\u0113.\" \/>\n<meta property=\"og:url\" content=\"https:\/\/mmkriepas.lv\/en\/p\/275-40r22-michelin-pilot-sport-4-suv-108y-xl-2\/\" \/>\n<meta property=\"og:site_name\" content=\"MMK Riepas\" \/>\n<meta property=\"article:publisher\" content=\"https:\/\/www.facebook.com\/mmkserviss\/\" \/>\n<meta property=\"article:modified_time\" content=\"2026-03-27T11:18:40+00:00\" \/>\n<meta property=\"og:image\" content=\"https:\/\/mmkriepas.lv\/wp-content\/uploads\/2024\/05\/22560r18-michelin-pilot-sport-4-suv-100v-vasaras-riepas.jpg\" \/>\n\t<meta property=\"og:image:width\" content=\"1000\" \/>\n\t<meta property=\"og:image:height\" content=\"714\" \/>\n\t<meta property=\"og:image:type\" content=\"image\/jpeg\" \/>\n<meta name=\"twitter:card\" content=\"summary_large_image\" \/>\n<meta name=\"twitter:label1\" content=\"Price\" \/>\n\t<meta name=\"twitter:data1\" content=\"&euro;328.00\" \/>\n\t<meta name=\"twitter:label2\" content=\"Availability\" \/>\n\t<meta name=\"twitter:data2\" content=\"In stock\" \/>\n<script type=\"application\/ld+json\" class=\"yoast-schema-graph\">{\"@context\":\"https:\\\/\\\/schema.org\",\"@graph\":[{\"@type\":\"WebPage\",\"@id\":\"https:\\\/\\\/mmkriepas.lv\\\/en\\\/p\\\/275-40r22-michelin-pilot-sport-4-suv-108y-xl-2\\\/\",\"url\":\"https:\\\/\\\/mmkriepas.lv\\\/en\\\/p\\\/275-40r22-michelin-pilot-sport-4-suv-108y-xl-2\\\/\",\"name\":\"275\\\/40R22 Michelin Pilot Sport 4 SUV 108Y XL RP &#8226; MMK Riepas\",\"isPartOf\":{\"@id\":\"https:\\\/\\\/mmkriepas.lv\\\/en\\\/#website\"},\"primaryImageOfPage\":{\"@id\":\"https:\\\/\\\/mmkriepas.lv\\\/en\\\/p\\\/275-40r22-michelin-pilot-sport-4-suv-108y-xl-2\\\/#primaryimage\"},\"image\":{\"@id\":\"https:\\\/\\\/mmkriepas.lv\\\/en\\\/p\\\/275-40r22-michelin-pilot-sport-4-suv-108y-xl-2\\\/#primaryimage\"},\"thumbnailUrl\":\"https:\\\/\\\/mmkriepas.lv\\\/wp-content\\\/uploads\\\/2024\\\/05\\\/22560r18-michelin-pilot-sport-4-suv-100v-vasaras-riepas.jpg\",\"datePublished\":\"2023-02-22T16:43:21+00:00\",\"dateModified\":\"2026-03-27T11:18:40+00:00\",\"breadcrumb\":{\"@id\":\"https:\\\/\\\/mmkriepas.lv\\\/en\\\/p\\\/275-40r22-michelin-pilot-sport-4-suv-108y-xl-2\\\/#breadcrumb\"},\"inLanguage\":\"en-US\",\"potentialAction\":[{\"@type\":\"ReadAction\",\"target\":[\"https:\\\/\\\/mmkriepas.lv\\\/en\\\/p\\\/275-40r22-michelin-pilot-sport-4-suv-108y-xl-2\\\/\"]}]},{\"@type\":\"ImageObject\",\"inLanguage\":\"en-US\",\"@id\":\"https:\\\/\\\/mmkriepas.lv\\\/en\\\/p\\\/275-40r22-michelin-pilot-sport-4-suv-108y-xl-2\\\/#primaryimage\",\"url\":\"https:\\\/\\\/mmkriepas.lv\\\/wp-content\\\/uploads\\\/2024\\\/05\\\/22560r18-michelin-pilot-sport-4-suv-100v-vasaras-riepas.jpg\",\"contentUrl\":\"https:\\\/\\\/mmkriepas.lv\\\/wp-content\\\/uploads\\\/2024\\\/05\\\/22560r18-michelin-pilot-sport-4-suv-100v-vasaras-riepas.jpg\",\"width\":1000,\"height\":714,\"caption\":\"MAIN\"},{\"@type\":\"BreadcrumbList\",\"@id\":\"https:\\\/\\\/mmkriepas.lv\\\/en\\\/p\\\/275-40r22-michelin-pilot-sport-4-suv-108y-xl-2\\\/#breadcrumb\",\"itemListElement\":[{\"@type\":\"ListItem\",\"position\":1,\"name\":\"S\u0101kums\",\"item\":\"https:\\\/\\\/mmkriepas.lv\\\/en\\\/\"},{\"@type\":\"ListItem\",\"position\":2,\"name\":\"275\\\/40R22 Michelin Pilot Sport 4 SUV 108Y XL RP\"}]},{\"@type\":\"WebSite\",\"@id\":\"https:\\\/\\\/mmkriepas.lv\\\/en\\\/#website\",\"url\":\"https:\\\/\\\/mmkriepas.lv\\\/en\\\/\",\"name\":\"MMK Riepas\",\"description\":\"MMK Riepas\",\"alternateName\":\"MMK Riepu Serviss\",\"potentialAction\":[{\"@type\":\"SearchAction\",\"target\":{\"@type\":\"EntryPoint\",\"urlTemplate\":\"https:\\\/\\\/mmkriepas.lv\\\/en\\\/?s={search_term_string}\"},\"query-input\":{\"@type\":\"PropertyValueSpecification\",\"valueRequired\":true,\"valueName\":\"search_term_string\"}}],\"inLanguage\":\"en-US\"},{\"@type\":\"ImageObject\",\"inLanguage\":\"en-US\",\"@id\":\"https:\\\/\\\/mmkriepas.lv\\\/en\\\/p\\\/275-40r22-michelin-pilot-sport-4-suv-108y-xl-2\\\/#local-main-organization-logo\",\"url\":\"\",\"contentUrl\":\"\",\"caption\":\"MMK Riepas\"}]}<\/script>\n<meta property=\"product:brand\" content=\"Michelin Pilot Sport 4 SUV\" \/>\n<meta property=\"product:price:amount\" content=\"328.00\" \/>\n<meta property=\"product:price:currency\" content=\"EUR\" \/>\n<meta property=\"og:availability\" content=\"instock\" \/>\n<meta property=\"product:availability\" content=\"instock\" \/>\n<meta property=\"product:retailer_item_id\" content=\"TS2754022MICHE-L21056\" \/>\n<meta property=\"product:condition\" content=\"new\" \/>\n<!-- \/ Yoast SEO Premium plugin. -->","yoast_head_json":{"title":"275\/40R22 Michelin Pilot Sport 4 SUV 108Y XL RP &#8226; MMK Riepas","robots":{"index":"index","follow":"follow","max-snippet":"max-snippet:-1","max-image-preview":"max-image-preview:large","max-video-preview":"max-video-preview:-1"},"canonical":"https:\/\/mmkriepas.lv\/en\/p\/275-40r22-michelin-pilot-sport-4-suv-108y-xl-2\/","og_locale":"en_US","og_type":"article","og_title":"275\/40R22 Michelin Pilot Sport 4 SUV 108Y XL RP","og_description":"Michelin Pilot Sport 4 SUV ir premium klases augstas veiktsp\u0113jas jeb UHP vasaras riepu modelis. Paredz\u0113ts dinamiskai un dro\u0161ai brauk\u0161anai ar jaud\u012bg\u0101m apvidus klasesautoma\u0161\u012bn\u0101m jeb SUV \u0101trumos l\u012bdz pat 300km\/h. Izce\u013cas ar augst\u0101kaj\u0101m sa\u0137eres, nodilumiztur\u012bbas un brauk\u0161anas komforta \u012bpa\u0161\u012bb\u0101m sav\u0101 klas\u0113.","og_url":"https:\/\/mmkriepas.lv\/en\/p\/275-40r22-michelin-pilot-sport-4-suv-108y-xl-2\/","og_site_name":"MMK Riepas","article_publisher":"https:\/\/www.facebook.com\/mmkserviss\/","article_modified_time":"2026-03-27T11:18:40+00:00","og_image":[{"width":1000,"height":714,"url":"https:\/\/mmkriepas.lv\/wp-content\/uploads\/2024\/05\/22560r18-michelin-pilot-sport-4-suv-100v-vasaras-riepas.jpg","type":"image\/jpeg"}],"twitter_card":"summary_large_image","twitter_misc":{"Price":"&euro;328.00","Availability":"In stock"},"schema":{"@context":"https:\/\/schema.org","@graph":[{"@type":"WebPage","@id":"https:\/\/mmkriepas.lv\/en\/p\/275-40r22-michelin-pilot-sport-4-suv-108y-xl-2\/","url":"https:\/\/mmkriepas.lv\/en\/p\/275-40r22-michelin-pilot-sport-4-suv-108y-xl-2\/","name":"275\/40R22 Michelin Pilot Sport 4 SUV 108Y XL RP &#8226; MMK Riepas","isPartOf":{"@id":"https:\/\/mmkriepas.lv\/en\/#website"},"primaryImageOfPage":{"@id":"https:\/\/mmkriepas.lv\/en\/p\/275-40r22-michelin-pilot-sport-4-suv-108y-xl-2\/#primaryimage"},"image":{"@id":"https:\/\/mmkriepas.lv\/en\/p\/275-40r22-michelin-pilot-sport-4-suv-108y-xl-2\/#primaryimage"},"thumbnailUrl":"https:\/\/mmkriepas.lv\/wp-content\/uploads\/2024\/05\/22560r18-michelin-pilot-sport-4-suv-100v-vasaras-riepas.jpg","datePublished":"2023-02-22T16:43:21+00:00","dateModified":"2026-03-27T11:18:40+00:00","breadcrumb":{"@id":"https:\/\/mmkriepas.lv\/en\/p\/275-40r22-michelin-pilot-sport-4-suv-108y-xl-2\/#breadcrumb"},"inLanguage":"en-US","potentialAction":[{"@type":"ReadAction","target":["https:\/\/mmkriepas.lv\/en\/p\/275-40r22-michelin-pilot-sport-4-suv-108y-xl-2\/"]}]},{"@type":"ImageObject","inLanguage":"en-US","@id":"https:\/\/mmkriepas.lv\/en\/p\/275-40r22-michelin-pilot-sport-4-suv-108y-xl-2\/#primaryimage","url":"https:\/\/mmkriepas.lv\/wp-content\/uploads\/2024\/05\/22560r18-michelin-pilot-sport-4-suv-100v-vasaras-riepas.jpg","contentUrl":"https:\/\/mmkriepas.lv\/wp-content\/uploads\/2024\/05\/22560r18-michelin-pilot-sport-4-suv-100v-vasaras-riepas.jpg","width":1000,"height":714,"caption":"MAIN"},{"@type":"BreadcrumbList","@id":"https:\/\/mmkriepas.lv\/en\/p\/275-40r22-michelin-pilot-sport-4-suv-108y-xl-2\/#breadcrumb","itemListElement":[{"@type":"ListItem","position":1,"name":"S\u0101kums","item":"https:\/\/mmkriepas.lv\/en\/"},{"@type":"ListItem","position":2,"name":"275\/40R22 Michelin Pilot Sport 4 SUV 108Y XL RP"}]},{"@type":"WebSite","@id":"https:\/\/mmkriepas.lv\/en\/#website","url":"https:\/\/mmkriepas.lv\/en\/","name":"MMK Riepas","description":"MMK Riepas","alternateName":"MMK Riepu Serviss","potentialAction":[{"@type":"SearchAction","target":{"@type":"EntryPoint","urlTemplate":"https:\/\/mmkriepas.lv\/en\/?s={search_term_string}"},"query-input":{"@type":"PropertyValueSpecification","valueRequired":true,"valueName":"search_term_string"}}],"inLanguage":"en-US"},{"@type":"ImageObject","inLanguage":"en-US","@id":"https:\/\/mmkriepas.lv\/en\/p\/275-40r22-michelin-pilot-sport-4-suv-108y-xl-2\/#local-main-organization-logo","url":"","contentUrl":"","caption":"MMK Riepas"}]},"product_brand":"Michelin Pilot Sport 4 SUV","product_price_amount":"328.00","product_price_currency":"EUR","og_availability":"instock","product_availability":"instock","product_retailer_item_id":"TS2754022MICHE-L21056","product_condition":"new"},"_links":{"self":[{"href":"https:\/\/mmkriepas.lv\/en\/wp-json\/wp\/v2\/product\/654307","targetHints":{"allow":["GET"]}}],"collection":[{"href":"https:\/\/mmkriepas.lv\/en\/wp-json\/wp\/v2\/product"}],"about":[{"href":"https:\/\/mmkriepas.lv\/en\/wp-json\/wp\/v2\/types\/product"}],"wp:featuredmedia":[{"embeddable":true,"href":"https:\/\/mmkriepas.lv\/en\/wp-json\/wp\/v2\/media\/896920"}],"wp:attachment":[{"href":"https:\/\/mmkriepas.lv\/en\/wp-json\/wp\/v2\/media?parent=654307"}],"wp:term":[{"taxonomy":"product_brand","embeddable":true,"href":"https:\/\/mmkriepas.lv\/en\/wp-json\/wp\/v2\/product_brand?post=654307"},{"taxonomy":"product_cat","embeddable":true,"href":"https:\/\/mmkriepas.lv\/en\/wp-json\/wp\/v2\/product_cat?post=654307"},{"taxonomy":"product_tag","embeddable":true,"href":"https:\/\/mmkriepas.lv\/en\/wp-json\/wp\/v2\/product_tag?post=654307"}],"curies":[{"name":"wp","href":"https:\/\/api.w.org\/{rel}","templated":true}]}}