{"id":654101,"date":"2023-02-22T18:33:22","date_gmt":"2023-02-22T16:33:22","guid":{"rendered":"https:\/\/mmkserviss.lv\/?post_type=product&#038;p=654101"},"modified":"2026-03-27T13:17:49","modified_gmt":"2026-03-27T11:17:49","slug":"255-40r20-michelin-pilot-sportev-101w-xl-t0","status":"publish","type":"product","link":"https:\/\/mmkriepas.lv\/en\/p\/255-40r20-michelin-pilot-sportev-101w-xl-t0\/","title":{"rendered":"255\/40R20 Michelin Pilot Sport EV 101W XL T0 NCS Elect RP DOT21"},"content":{"rendered":"<p class=\"western\"><span style=\"font-family: Arial, sans-serif;\"><b><span>Michelin Pilot Sport EV<\/span><\/b><span> ir augst\u0101k\u0101s kvalit\u0101tes, Premium klases UHP jeb augstas veiktsp\u0113jas riepu modelis. Tas izce\u013cas ar izcilu sa\u0137eri, manevr\u0113tsp\u0113ju, brauk\u0161anas komfortu un degvielas\/baterijas ekonomiju ar\u012b lielos brauk\u0161anas \u0101trumos uz sausa un slapja asfalta. \u0160is riepu modelis paredz\u0113ts uzstr\u0101d\u012b\u0161anai Elektroauto un automa\u0161\u012bn\u0101m ar hibr\u012bd-dzin\u0113jiem. Tas pieejams pla\u0161\u0101 izm\u0113ru kl\u0101st\u0101 no R19 l\u012bdz pat R23.<\/span><\/span><\/p>\n<h3 class=\"western\"><span style=\"font-family: Arial, sans-serif;\"><span>Michelin Pilot Sport EV galven\u0101s \u012bpa\u0161\u012bbas<\/span><\/span><\/h3>\n<p class=\"western\"><span style=\"font-family: Arial, sans-serif;\"><span>+ <\/span><\/span><span style=\"font-family: Arial, sans-serif;\"><span>Divi kompoz\u012btmateri\u0101li palielina nobraukumu ar vienu akumulatora uzl\u0101di, uzlabo griezes momenta p\u0101rnesi un ener\u0123ijas rekuper\u0101cijas procesu.<\/span><\/span><\/p>\n<p class=\"western\"><span style=\"font-family: Arial, sans-serif;\"><span>+ Optimiz\u0113tais protektora profils samazina nodilumu, uzlabo sa\u0137eri un vad\u0101m\u012bbu.<\/span><\/span><\/p>\n<p class=\"western\"><span style=\"font-family: Arial, sans-serif;\"><span>+ Asimetriskais protektora raksts nodro\u0161ina sabalans\u0113tas brauk\u0161anas \u012bpa\u0161\u012bbas.<\/span><\/span><\/p>\n<h3 class=\"western\"><span style=\"font-family: Arial, sans-serif;\"><span>Pilot Sport EV apr\u012bkojums<\/span><\/span><\/h3>\n<p class=\"western\"><span style=\"font-family: Arial, sans-serif;\"><span>Michelin Pilot Sport EV riepas ir apr\u012bkotas ar protektoru, kas izgatavots no diviem da\u017e\u0101diem gumijas mais\u012bjumiem ar at\u0161\u0137ir\u012bg\u0101m \u012bpa\u0161\u012bb\u0101m. Plecu zon\u0101s izmantots kompoz\u012bts ar paaugstin\u0101tu siltumvad\u012btsp\u0113ju, kas samazina riepas uzkar\u0161anu, ilgsto\u0161i braucot liel\u0101 \u0101trum\u0101, t\u0101d\u0113j\u0101di samazinot rites pretest\u012bbu un degvielas\/baterijas pat\u0113ri\u0146u. Protektora centr\u0101l\u0101 da\u013ca ir izgatavota no stingr\u0101ka kompoz\u012bta, kas \u013cauj lab\u0101k realiz\u0113t palielin\u0101tu dzin\u0113ja griezes momentu, uzlabojot ener\u0123ijas rekuper\u0101cijas efektivit\u0101ti.<\/span><\/span><\/p>\n<p class=\"western\"><span style=\"font-family: Arial, sans-serif;\"><span>Riepas protektora profils ir optimiz\u0113ts \u012bpa\u0161\u0101 veid\u0101. T\u0101s forma ir izstr\u0101d\u0101ta t\u0101, lai palielin\u0101tu kontakta laukumu, padarot to gandr\u012bz taisnst\u016brveida. \u0160\u0101ds risin\u0101jums nodro\u0161ina vienm\u0113r\u012bg\u0101ku automa\u0161\u012bnas svara sadal\u012bjumu uz ce\u013ca virsmas, kas pozit\u012bvi ietekm\u0113 gan sa\u0137eri un vad\u0101m\u012bbu, gan ar\u012b uzlabo \u0161\u012b riepu mode\u013ca nodilumiztur\u012bbu. Abraz\u012bv\u0101 iedarb\u012bba ir iev\u0113rojami samazin\u0101ta, pagarinot riepas kalpo\u0161anas m\u016b\u017eu.<\/span><\/span><\/p>\n<p class=\"western\"><span style=\"font-family: Arial, sans-serif;\"><span>Protektora raksts ir izstr\u0101d\u0101ts asimetrisks, kas nodro\u0161ina sabalans\u0113tas brauk\u0161anas \u012bpa\u0161\u012bbas. Mas\u012bvie plecu bloki palielina vad\u012bbas precizit\u0101ti un stabilit\u0101ti manevr\u0113jot. Ciet\u0101s, garenisk\u0101s protektora virknes riepas centr\u0101laj\u0101 da\u013c\u0101 nodro\u0161ina stabilu sa\u0137eri liel\u0101 \u0101trum\u0101, samazina rites pretest\u012bbu un nodilumu.<\/span><\/span><\/p>\n","protected":false},"excerpt":{"rendered":"<p class=\"western\"><span style=\"font-family: Arial, sans-serif;\"><b><span>Michelin Pilot Sport EV<\/span><\/b><span> ir augst\u0101k\u0101s kvalit\u0101tes, Premium klases UHP jeb augstas veiktsp\u0113jas riepu modelis. Tas izce\u013cas ar izcilu sa\u0137eri, manevr\u0113tsp\u0113ju, brauk\u0161anas komfortu un degvielas\/baterijas ekonomiju ar\u012b lielos brauk\u0161anas \u0101trumos uz sausa un slapja asfalta. \u0160is riepu modelis paredz\u0113ts uzstr\u0101d\u012b\u0161anai Elektroauto un automa\u0161\u012bn\u0101m ar hibr\u012bd-dzin\u0113jiem. Tas pieejams pla\u0161\u0101 izm\u0113ru kl\u0101st\u0101 no R19 l\u012bdz pat R23.<\/span><\/span><\/p>\n","protected":false},"featured_media":909124,"template":"","meta":{"_acf_changed":false,"ngg_post_thumbnail":0},"product_brand":[],"product_cat":[23641],"product_tag":[],"class_list":{"0":"post-654101","1":"product","2":"type-product","3":"status-publish","4":"has-post-thumbnail","6":"product_cat-summer-tyres","8":"first","9":"instock","10":"sale","11":"taxable","12":"shipping-taxable","13":"purchasable","14":"product-type-simple"},"acf":[],"yoast_head":"<!-- This site is optimized with the Yoast SEO Premium plugin v22.6 (Yoast SEO v27.3) - https:\/\/yoast.com\/product\/yoast-seo-premium-wordpress\/ -->\n<title>255\/40R20 Michelin Pilot Sport EV 101W XL T0 NCS Elect RP DOT21 &#8226; MMK Riepas<\/title>\n<meta name=\"robots\" content=\"index, follow, max-snippet:-1, max-image-preview:large, max-video-preview:-1\" \/>\n<link rel=\"canonical\" href=\"https:\/\/mmkriepas.lv\/en\/p\/255-40r20-michelin-pilot-sportev-101w-xl-t0\/\" \/>\n<meta property=\"og:locale\" content=\"en_US\" \/>\n<meta property=\"og:type\" content=\"article\" \/>\n<meta property=\"og:title\" content=\"255\/40R20 Michelin Pilot Sport EV 101W XL T0 NCS Elect RP DOT21\" \/>\n<meta property=\"og:description\" content=\"Michelin Pilot Sport EV ir augst\u0101k\u0101s kvalit\u0101tes, Premium klases UHP jeb augstas veiktsp\u0113jas riepu modelis. Tas izce\u013cas ar izcilu sa\u0137eri, manevr\u0113tsp\u0113ju, brauk\u0161anas komfortu un degvielas\/baterijas ekonomiju ar\u012b lielos brauk\u0161anas \u0101trumos uz sausa un slapja asfalta. \u0160is riepu modelis paredz\u0113ts uzstr\u0101d\u012b\u0161anai Elektroauto un automa\u0161\u012bn\u0101m ar hibr\u012bd-dzin\u0113jiem. Tas pieejams pla\u0161\u0101 izm\u0113ru kl\u0101st\u0101 no R19 l\u012bdz pat R23.\" \/>\n<meta property=\"og:url\" content=\"https:\/\/mmkriepas.lv\/en\/p\/255-40r20-michelin-pilot-sportev-101w-xl-t0\/\" \/>\n<meta property=\"og:site_name\" content=\"MMK Riepas\" \/>\n<meta property=\"article:publisher\" content=\"https:\/\/www.facebook.com\/mmkserviss\/\" \/>\n<meta property=\"article:modified_time\" content=\"2026-03-27T11:17:49+00:00\" \/>\n<meta property=\"og:image\" content=\"https:\/\/mmkriepas.lv\/wp-content\/uploads\/2024\/06\/michelin-pilot-sport-ev.jpg\" \/>\n\t<meta property=\"og:image:width\" content=\"900\" \/>\n\t<meta property=\"og:image:height\" content=\"720\" \/>\n\t<meta property=\"og:image:type\" content=\"image\/jpeg\" \/>\n<meta name=\"twitter:card\" content=\"summary_large_image\" \/>\n<meta name=\"twitter:label1\" content=\"Price\" \/>\n\t<meta name=\"twitter:data1\" content=\"&euro;295.00\" \/>\n\t<meta name=\"twitter:label2\" content=\"Availability\" \/>\n\t<meta name=\"twitter:data2\" content=\"In stock\" \/>\n<script type=\"application\/ld+json\" class=\"yoast-schema-graph\">{\"@context\":\"https:\\\/\\\/schema.org\",\"@graph\":[{\"@type\":\"WebPage\",\"@id\":\"https:\\\/\\\/mmkriepas.lv\\\/en\\\/p\\\/255-40r20-michelin-pilot-sportev-101w-xl-t0\\\/\",\"url\":\"https:\\\/\\\/mmkriepas.lv\\\/en\\\/p\\\/255-40r20-michelin-pilot-sportev-101w-xl-t0\\\/\",\"name\":\"255\\\/40R20 Michelin Pilot Sport EV 101W XL T0 NCS Elect RP DOT21 &#8226; MMK Riepas\",\"isPartOf\":{\"@id\":\"https:\\\/\\\/mmkriepas.lv\\\/en\\\/#website\"},\"primaryImageOfPage\":{\"@id\":\"https:\\\/\\\/mmkriepas.lv\\\/en\\\/p\\\/255-40r20-michelin-pilot-sportev-101w-xl-t0\\\/#primaryimage\"},\"image\":{\"@id\":\"https:\\\/\\\/mmkriepas.lv\\\/en\\\/p\\\/255-40r20-michelin-pilot-sportev-101w-xl-t0\\\/#primaryimage\"},\"thumbnailUrl\":\"https:\\\/\\\/mmkriepas.lv\\\/wp-content\\\/uploads\\\/2024\\\/06\\\/michelin-pilot-sport-ev.jpg\",\"datePublished\":\"2023-02-22T16:33:22+00:00\",\"dateModified\":\"2026-03-27T11:17:49+00:00\",\"breadcrumb\":{\"@id\":\"https:\\\/\\\/mmkriepas.lv\\\/en\\\/p\\\/255-40r20-michelin-pilot-sportev-101w-xl-t0\\\/#breadcrumb\"},\"inLanguage\":\"en-US\",\"potentialAction\":[{\"@type\":\"ReadAction\",\"target\":[\"https:\\\/\\\/mmkriepas.lv\\\/en\\\/p\\\/255-40r20-michelin-pilot-sportev-101w-xl-t0\\\/\"]}]},{\"@type\":\"ImageObject\",\"inLanguage\":\"en-US\",\"@id\":\"https:\\\/\\\/mmkriepas.lv\\\/en\\\/p\\\/255-40r20-michelin-pilot-sportev-101w-xl-t0\\\/#primaryimage\",\"url\":\"https:\\\/\\\/mmkriepas.lv\\\/wp-content\\\/uploads\\\/2024\\\/06\\\/michelin-pilot-sport-ev.jpg\",\"contentUrl\":\"https:\\\/\\\/mmkriepas.lv\\\/wp-content\\\/uploads\\\/2024\\\/06\\\/michelin-pilot-sport-ev.jpg\",\"width\":900,\"height\":720,\"caption\":\"MAIN\"},{\"@type\":\"BreadcrumbList\",\"@id\":\"https:\\\/\\\/mmkriepas.lv\\\/en\\\/p\\\/255-40r20-michelin-pilot-sportev-101w-xl-t0\\\/#breadcrumb\",\"itemListElement\":[{\"@type\":\"ListItem\",\"position\":1,\"name\":\"S\u0101kums\",\"item\":\"https:\\\/\\\/mmkriepas.lv\\\/en\\\/\"},{\"@type\":\"ListItem\",\"position\":2,\"name\":\"255\\\/40R20 Michelin Pilot Sport EV 101W XL T0 NCS Elect RP DOT21\"}]},{\"@type\":\"WebSite\",\"@id\":\"https:\\\/\\\/mmkriepas.lv\\\/en\\\/#website\",\"url\":\"https:\\\/\\\/mmkriepas.lv\\\/en\\\/\",\"name\":\"MMK Riepas\",\"description\":\"MMK Riepas\",\"alternateName\":\"MMK Riepu Serviss\",\"potentialAction\":[{\"@type\":\"SearchAction\",\"target\":{\"@type\":\"EntryPoint\",\"urlTemplate\":\"https:\\\/\\\/mmkriepas.lv\\\/en\\\/?s={search_term_string}\"},\"query-input\":{\"@type\":\"PropertyValueSpecification\",\"valueRequired\":true,\"valueName\":\"search_term_string\"}}],\"inLanguage\":\"en-US\"},{\"@type\":\"ImageObject\",\"inLanguage\":\"en-US\",\"@id\":\"https:\\\/\\\/mmkriepas.lv\\\/en\\\/p\\\/255-40r20-michelin-pilot-sportev-101w-xl-t0\\\/#local-main-organization-logo\",\"url\":\"\",\"contentUrl\":\"\",\"caption\":\"MMK Riepas\"}]}<\/script>\n<meta property=\"product:brand\" content=\"Michelin Pilot Sport EV\" \/>\n<meta property=\"product:price:amount\" content=\"295.00\" \/>\n<meta property=\"product:price:currency\" content=\"EUR\" \/>\n<meta property=\"og:availability\" content=\"instock\" \/>\n<meta property=\"product:availability\" content=\"instock\" \/>\n<meta property=\"product:retailer_item_id\" content=\"TS2554020MICHE-L20998\" \/>\n<meta property=\"product:condition\" content=\"new\" \/>\n<!-- \/ Yoast SEO Premium plugin. -->","yoast_head_json":{"title":"255\/40R20 Michelin Pilot Sport EV 101W XL T0 NCS Elect RP DOT21 &#8226; MMK Riepas","robots":{"index":"index","follow":"follow","max-snippet":"max-snippet:-1","max-image-preview":"max-image-preview:large","max-video-preview":"max-video-preview:-1"},"canonical":"https:\/\/mmkriepas.lv\/en\/p\/255-40r20-michelin-pilot-sportev-101w-xl-t0\/","og_locale":"en_US","og_type":"article","og_title":"255\/40R20 Michelin Pilot Sport EV 101W XL T0 NCS Elect RP DOT21","og_description":"Michelin Pilot Sport EV ir augst\u0101k\u0101s kvalit\u0101tes, Premium klases UHP jeb augstas veiktsp\u0113jas riepu modelis. Tas izce\u013cas ar izcilu sa\u0137eri, manevr\u0113tsp\u0113ju, brauk\u0161anas komfortu un degvielas\/baterijas ekonomiju ar\u012b lielos brauk\u0161anas \u0101trumos uz sausa un slapja asfalta. \u0160is riepu modelis paredz\u0113ts uzstr\u0101d\u012b\u0161anai Elektroauto un automa\u0161\u012bn\u0101m ar hibr\u012bd-dzin\u0113jiem. Tas pieejams pla\u0161\u0101 izm\u0113ru kl\u0101st\u0101 no R19 l\u012bdz pat R23.","og_url":"https:\/\/mmkriepas.lv\/en\/p\/255-40r20-michelin-pilot-sportev-101w-xl-t0\/","og_site_name":"MMK Riepas","article_publisher":"https:\/\/www.facebook.com\/mmkserviss\/","article_modified_time":"2026-03-27T11:17:49+00:00","og_image":[{"width":900,"height":720,"url":"https:\/\/mmkriepas.lv\/wp-content\/uploads\/2024\/06\/michelin-pilot-sport-ev.jpg","type":"image\/jpeg"}],"twitter_card":"summary_large_image","twitter_misc":{"Price":"&euro;295.00","Availability":"In stock"},"schema":{"@context":"https:\/\/schema.org","@graph":[{"@type":"WebPage","@id":"https:\/\/mmkriepas.lv\/en\/p\/255-40r20-michelin-pilot-sportev-101w-xl-t0\/","url":"https:\/\/mmkriepas.lv\/en\/p\/255-40r20-michelin-pilot-sportev-101w-xl-t0\/","name":"255\/40R20 Michelin Pilot Sport EV 101W XL T0 NCS Elect RP DOT21 &#8226; MMK Riepas","isPartOf":{"@id":"https:\/\/mmkriepas.lv\/en\/#website"},"primaryImageOfPage":{"@id":"https:\/\/mmkriepas.lv\/en\/p\/255-40r20-michelin-pilot-sportev-101w-xl-t0\/#primaryimage"},"image":{"@id":"https:\/\/mmkriepas.lv\/en\/p\/255-40r20-michelin-pilot-sportev-101w-xl-t0\/#primaryimage"},"thumbnailUrl":"https:\/\/mmkriepas.lv\/wp-content\/uploads\/2024\/06\/michelin-pilot-sport-ev.jpg","datePublished":"2023-02-22T16:33:22+00:00","dateModified":"2026-03-27T11:17:49+00:00","breadcrumb":{"@id":"https:\/\/mmkriepas.lv\/en\/p\/255-40r20-michelin-pilot-sportev-101w-xl-t0\/#breadcrumb"},"inLanguage":"en-US","potentialAction":[{"@type":"ReadAction","target":["https:\/\/mmkriepas.lv\/en\/p\/255-40r20-michelin-pilot-sportev-101w-xl-t0\/"]}]},{"@type":"ImageObject","inLanguage":"en-US","@id":"https:\/\/mmkriepas.lv\/en\/p\/255-40r20-michelin-pilot-sportev-101w-xl-t0\/#primaryimage","url":"https:\/\/mmkriepas.lv\/wp-content\/uploads\/2024\/06\/michelin-pilot-sport-ev.jpg","contentUrl":"https:\/\/mmkriepas.lv\/wp-content\/uploads\/2024\/06\/michelin-pilot-sport-ev.jpg","width":900,"height":720,"caption":"MAIN"},{"@type":"BreadcrumbList","@id":"https:\/\/mmkriepas.lv\/en\/p\/255-40r20-michelin-pilot-sportev-101w-xl-t0\/#breadcrumb","itemListElement":[{"@type":"ListItem","position":1,"name":"S\u0101kums","item":"https:\/\/mmkriepas.lv\/en\/"},{"@type":"ListItem","position":2,"name":"255\/40R20 Michelin Pilot Sport EV 101W XL T0 NCS Elect RP DOT21"}]},{"@type":"WebSite","@id":"https:\/\/mmkriepas.lv\/en\/#website","url":"https:\/\/mmkriepas.lv\/en\/","name":"MMK Riepas","description":"MMK Riepas","alternateName":"MMK Riepu Serviss","potentialAction":[{"@type":"SearchAction","target":{"@type":"EntryPoint","urlTemplate":"https:\/\/mmkriepas.lv\/en\/?s={search_term_string}"},"query-input":{"@type":"PropertyValueSpecification","valueRequired":true,"valueName":"search_term_string"}}],"inLanguage":"en-US"},{"@type":"ImageObject","inLanguage":"en-US","@id":"https:\/\/mmkriepas.lv\/en\/p\/255-40r20-michelin-pilot-sportev-101w-xl-t0\/#local-main-organization-logo","url":"","contentUrl":"","caption":"MMK Riepas"}]},"product_brand":"Michelin Pilot Sport EV","product_price_amount":"295.00","product_price_currency":"EUR","og_availability":"instock","product_availability":"instock","product_retailer_item_id":"TS2554020MICHE-L20998","product_condition":"new"},"_links":{"self":[{"href":"https:\/\/mmkriepas.lv\/en\/wp-json\/wp\/v2\/product\/654101","targetHints":{"allow":["GET"]}}],"collection":[{"href":"https:\/\/mmkriepas.lv\/en\/wp-json\/wp\/v2\/product"}],"about":[{"href":"https:\/\/mmkriepas.lv\/en\/wp-json\/wp\/v2\/types\/product"}],"wp:featuredmedia":[{"embeddable":true,"href":"https:\/\/mmkriepas.lv\/en\/wp-json\/wp\/v2\/media\/909124"}],"wp:attachment":[{"href":"https:\/\/mmkriepas.lv\/en\/wp-json\/wp\/v2\/media?parent=654101"}],"wp:term":[{"taxonomy":"product_brand","embeddable":true,"href":"https:\/\/mmkriepas.lv\/en\/wp-json\/wp\/v2\/product_brand?post=654101"},{"taxonomy":"product_cat","embeddable":true,"href":"https:\/\/mmkriepas.lv\/en\/wp-json\/wp\/v2\/product_cat?post=654101"},{"taxonomy":"product_tag","embeddable":true,"href":"https:\/\/mmkriepas.lv\/en\/wp-json\/wp\/v2\/product_tag?post=654101"}],"curies":[{"name":"wp","href":"https:\/\/api.w.org\/{rel}","templated":true}]}}