{"id":653883,"date":"2023-02-22T18:22:13","date_gmt":"2023-02-22T16:22:13","guid":{"rendered":"https:\/\/mmkserviss.lv\/?post_type=product&#038;p=653883"},"modified":"2026-03-28T00:12:19","modified_gmt":"2026-03-27T22:12:19","slug":"235-65r16c-imperial-snowdragon-van-115-113r","status":"publish","type":"product","link":"https:\/\/mmkriepas.lv\/en\/p\/235-65r16c-imperial-snowdragon-van-115-113r\/","title":{"rendered":"235\/65R16C Imperial Snowdragon VAN 115\/113R"},"content":{"rendered":"<p><strong><span style=\"font-family: 'Arial',sans-serif;\">Imperial Snowdragon Van <\/span><\/strong><span style=\"font-family: 'Arial',sans-serif;\">ir vissezonas\/ziemas komerctransporta jeb c indeksa riepu modelis. Tas izce\u013cas ar paaugstin\u0101tu kravnes\u012bbu, nodilumiztur\u012bbu un dro\u0161\u012bbas l\u012bmeni visda\u017e\u0101d\u0101kajos brauk\u0161anas apst\u0101k\u013cos.<o:p><\/o:p><\/span><\/p>\n<h3><strong><span style=\"font-family: 'Arial',sans-serif;\">Snowdragon Van galven\u0101s iez\u012bmes<\/span><\/strong><span style=\"font-family: 'Arial',sans-serif;\"><o:p><\/o:p><\/span><\/h3>\n<p><span style=\"font-family: 'Arial',sans-serif;\">+ Paaugstin\u0101ti kravnes\u012bbas indeksi \u013cauj p\u0101rvad\u0101t smag\u0101kas kravas intens\u012bvos ekspluat\u0101cijas apst\u0101k\u013cos,<o:p><\/o:p><\/span><\/p>\n<p><span style=\"font-family: 'Arial',sans-serif;\">+ Degvielas ekonomija,<o:p><\/o:p><\/span><\/p>\n<p><span style=\"font-family: 'Arial',sans-serif;\">+ Palielin\u0101ta nodilumiztur\u012bba,<o:p><\/o:p><\/span><\/p>\n<p><span style=\"font-family: 'Arial',sans-serif;\">+ Asas s\u0101nu kantes un lamel\u0113ti, mas\u012bvi protektora bloki uzlabo sa\u0137eres \u012bpa\u0161\u012bbas skarbos ziemas apst\u0101k\u013cos, un braucot pa grants vai me\u017ea ce\u013ciem.<o:p><\/o:p><\/span><\/p>\n<p><span style=\"font-family: 'Arial',sans-serif;\">+ Izcila cenas un veiktsp\u0113jas attiec\u012bba.<o:p><\/o:p><\/span><\/p>\n<h3><strong><span style=\"font-family: 'Arial',sans-serif;\">Snowdragon Van apr\u012bkojums<\/span><\/strong><span style=\"font-family: 'Arial',sans-serif;\"><o:p><\/o:p><\/span><\/h3>\n<p><strong><span style=\"font-family: 'Arial',sans-serif;\">Imperial Snowdragon Van <\/span><\/strong><span style=\"font-family: 'Arial',sans-serif;\">komerctransporta riepas apr\u012bkotas ar c indeksa riep\u0101m rakstur\u012bgo un desmitgad\u0113m ilgi p\u0101rbaud\u012bto simetrisko protektora rakstu.<o:p><\/o:p><\/span><\/p>\n<p><span style=\"font-family: 'Arial',sans-serif;\">Mas\u012bvajos, simetriski izvietotajos protektora blokos, da\u017e\u0101dos virzienos bl\u012bvi izvietotas lameles. T\u0101s, tand\u0113m\u0101 ar as\u0101m s\u0101nu kant\u0113m, izcili veido sa\u0137eri un uzlabo manevr\u0113tsp\u0113ju, c\u012b\u0146\u0101 ar skarbiem ziemas apst\u0101k\u013ciem &#8211; net\u012br\u012btiem vai apledoju\u0161iem ce\u013ca posmiem.<\/span><\/p>\n","protected":false},"excerpt":{"rendered":"<p><strong><span style=\"font-family: 'Arial',sans-serif;\">Imperial Snowdragon Van <\/span><\/strong><span style=\"font-family: 'Arial',sans-serif;\">ir vissezonas\/ziemas komerctransporta jeb c indeksa riepu modelis. Tas izce\u013cas ar paaugstin\u0101tu kravnes\u012bbu, nodilumiztur\u012bbu un dro\u0161\u012bbas l\u012bmeni visda\u017e\u0101d\u0101kajos brauk\u0161anas apst\u0101k\u013cos.<\/span><\/p>\n","protected":false},"featured_media":837668,"template":"","meta":{"_acf_changed":false,"ngg_post_thumbnail":0},"product_brand":[],"product_cat":[23644,23643],"product_tag":[],"class_list":{"0":"post-653883","1":"product","2":"type-product","3":"status-publish","4":"has-post-thumbnail","6":"product_cat-all-season-tyres","7":"product_cat-winter-tyres","9":"first","10":"instock","11":"sale","12":"taxable","13":"shipping-taxable","14":"purchasable","15":"product-type-simple"},"acf":[],"yoast_head":"<!-- This site is optimized with the Yoast SEO Premium plugin v22.6 (Yoast SEO v27.3) - https:\/\/yoast.com\/product\/yoast-seo-premium-wordpress\/ -->\n<title>235\/65R16C Imperial Snowdragon VAN 115\/113R &#8226; MMK Riepas<\/title>\n<meta name=\"robots\" content=\"index, follow, max-snippet:-1, max-image-preview:large, max-video-preview:-1\" \/>\n<link rel=\"canonical\" href=\"https:\/\/mmkriepas.lv\/en\/p\/235-65r16c-imperial-snowdragon-van-115-113r\/\" \/>\n<meta property=\"og:locale\" content=\"en_US\" \/>\n<meta property=\"og:type\" content=\"article\" \/>\n<meta property=\"og:title\" content=\"235\/65R16C Imperial Snowdragon VAN 115\/113R\" \/>\n<meta property=\"og:description\" content=\"Imperial Snowdragon Van ir vissezonas\/ziemas komerctransporta jeb c indeksa riepu modelis. Tas izce\u013cas ar paaugstin\u0101tu kravnes\u012bbu, nodilumiztur\u012bbu un dro\u0161\u012bbas l\u012bmeni visda\u017e\u0101d\u0101kajos brauk\u0161anas apst\u0101k\u013cos.\" \/>\n<meta property=\"og:url\" content=\"https:\/\/mmkriepas.lv\/en\/p\/235-65r16c-imperial-snowdragon-van-115-113r\/\" \/>\n<meta property=\"og:site_name\" content=\"MMK Riepas\" \/>\n<meta property=\"article:publisher\" content=\"https:\/\/www.facebook.com\/mmkserviss\/\" \/>\n<meta property=\"article:modified_time\" content=\"2026-03-27T22:12:19+00:00\" \/>\n<meta property=\"og:image\" content=\"https:\/\/mmkriepas.lv\/wp-content\/uploads\/2023\/12\/21575r16c-imperial-snowdragon-van-113111r-ziemas-riepas.jpeg\" \/>\n\t<meta property=\"og:image:width\" content=\"924\" \/>\n\t<meta property=\"og:image:height\" content=\"927\" \/>\n\t<meta property=\"og:image:type\" content=\"image\/jpeg\" \/>\n<meta name=\"twitter:card\" content=\"summary_large_image\" \/>\n<meta name=\"twitter:label1\" content=\"Price\" \/>\n\t<meta name=\"twitter:data1\" content=\"&euro;74.00\" \/>\n\t<meta name=\"twitter:label2\" content=\"Availability\" \/>\n\t<meta name=\"twitter:data2\" content=\"In stock\" \/>\n<script type=\"application\/ld+json\" class=\"yoast-schema-graph\">{\"@context\":\"https:\\\/\\\/schema.org\",\"@graph\":[{\"@type\":\"WebPage\",\"@id\":\"https:\\\/\\\/mmkriepas.lv\\\/en\\\/p\\\/235-65r16c-imperial-snowdragon-van-115-113r\\\/\",\"url\":\"https:\\\/\\\/mmkriepas.lv\\\/en\\\/p\\\/235-65r16c-imperial-snowdragon-van-115-113r\\\/\",\"name\":\"235\\\/65R16C Imperial Snowdragon VAN 115\\\/113R &#8226; MMK Riepas\",\"isPartOf\":{\"@id\":\"https:\\\/\\\/mmkriepas.lv\\\/en\\\/#website\"},\"primaryImageOfPage\":{\"@id\":\"https:\\\/\\\/mmkriepas.lv\\\/en\\\/p\\\/235-65r16c-imperial-snowdragon-van-115-113r\\\/#primaryimage\"},\"image\":{\"@id\":\"https:\\\/\\\/mmkriepas.lv\\\/en\\\/p\\\/235-65r16c-imperial-snowdragon-van-115-113r\\\/#primaryimage\"},\"thumbnailUrl\":\"https:\\\/\\\/mmkriepas.lv\\\/wp-content\\\/uploads\\\/2023\\\/12\\\/21575r16c-imperial-snowdragon-van-113111r-ziemas-riepas.jpeg\",\"datePublished\":\"2023-02-22T16:22:13+00:00\",\"dateModified\":\"2026-03-27T22:12:19+00:00\",\"breadcrumb\":{\"@id\":\"https:\\\/\\\/mmkriepas.lv\\\/en\\\/p\\\/235-65r16c-imperial-snowdragon-van-115-113r\\\/#breadcrumb\"},\"inLanguage\":\"en-US\",\"potentialAction\":[{\"@type\":\"ReadAction\",\"target\":[\"https:\\\/\\\/mmkriepas.lv\\\/en\\\/p\\\/235-65r16c-imperial-snowdragon-van-115-113r\\\/\"]}]},{\"@type\":\"ImageObject\",\"inLanguage\":\"en-US\",\"@id\":\"https:\\\/\\\/mmkriepas.lv\\\/en\\\/p\\\/235-65r16c-imperial-snowdragon-van-115-113r\\\/#primaryimage\",\"url\":\"https:\\\/\\\/mmkriepas.lv\\\/wp-content\\\/uploads\\\/2023\\\/12\\\/21575r16c-imperial-snowdragon-van-113111r-ziemas-riepas.jpeg\",\"contentUrl\":\"https:\\\/\\\/mmkriepas.lv\\\/wp-content\\\/uploads\\\/2023\\\/12\\\/21575r16c-imperial-snowdragon-van-113111r-ziemas-riepas.jpeg\",\"width\":924,\"height\":927,\"caption\":\"215\\\/75R16C Imperial Snowdragon VAN 113\\\/111R - Vissezonas riepas \\\/ Ziemas riepas\"},{\"@type\":\"BreadcrumbList\",\"@id\":\"https:\\\/\\\/mmkriepas.lv\\\/en\\\/p\\\/235-65r16c-imperial-snowdragon-van-115-113r\\\/#breadcrumb\",\"itemListElement\":[{\"@type\":\"ListItem\",\"position\":1,\"name\":\"S\u0101kums\",\"item\":\"https:\\\/\\\/mmkriepas.lv\\\/en\\\/\"},{\"@type\":\"ListItem\",\"position\":2,\"name\":\"235\\\/65R16C Imperial Snowdragon VAN 115\\\/113R\"}]},{\"@type\":\"WebSite\",\"@id\":\"https:\\\/\\\/mmkriepas.lv\\\/en\\\/#website\",\"url\":\"https:\\\/\\\/mmkriepas.lv\\\/en\\\/\",\"name\":\"MMK Riepas\",\"description\":\"MMK Riepas\",\"alternateName\":\"MMK Riepu Serviss\",\"potentialAction\":[{\"@type\":\"SearchAction\",\"target\":{\"@type\":\"EntryPoint\",\"urlTemplate\":\"https:\\\/\\\/mmkriepas.lv\\\/en\\\/?s={search_term_string}\"},\"query-input\":{\"@type\":\"PropertyValueSpecification\",\"valueRequired\":true,\"valueName\":\"search_term_string\"}}],\"inLanguage\":\"en-US\"},{\"@type\":\"ImageObject\",\"inLanguage\":\"en-US\",\"@id\":\"https:\\\/\\\/mmkriepas.lv\\\/en\\\/p\\\/235-65r16c-imperial-snowdragon-van-115-113r\\\/#local-main-organization-logo\",\"url\":\"\",\"contentUrl\":\"\",\"caption\":\"MMK Riepas\"}]}<\/script>\n<meta property=\"product:brand\" content=\"Imperial Snowdragon VAN\" \/>\n<meta property=\"product:price:amount\" content=\"74.00\" \/>\n<meta property=\"product:price:currency\" content=\"EUR\" \/>\n<meta property=\"og:availability\" content=\"instock\" \/>\n<meta property=\"product:availability\" content=\"instock\" \/>\n<meta property=\"product:retailer_item_id\" content=\"TW2356516CIMPER-20927\" \/>\n<meta property=\"product:condition\" content=\"new\" \/>\n<!-- \/ Yoast SEO Premium plugin. -->","yoast_head_json":{"title":"235\/65R16C Imperial Snowdragon VAN 115\/113R &#8226; MMK Riepas","robots":{"index":"index","follow":"follow","max-snippet":"max-snippet:-1","max-image-preview":"max-image-preview:large","max-video-preview":"max-video-preview:-1"},"canonical":"https:\/\/mmkriepas.lv\/en\/p\/235-65r16c-imperial-snowdragon-van-115-113r\/","og_locale":"en_US","og_type":"article","og_title":"235\/65R16C Imperial Snowdragon VAN 115\/113R","og_description":"Imperial Snowdragon Van ir vissezonas\/ziemas komerctransporta jeb c indeksa riepu modelis. Tas izce\u013cas ar paaugstin\u0101tu kravnes\u012bbu, nodilumiztur\u012bbu un dro\u0161\u012bbas l\u012bmeni visda\u017e\u0101d\u0101kajos brauk\u0161anas apst\u0101k\u013cos.","og_url":"https:\/\/mmkriepas.lv\/en\/p\/235-65r16c-imperial-snowdragon-van-115-113r\/","og_site_name":"MMK Riepas","article_publisher":"https:\/\/www.facebook.com\/mmkserviss\/","article_modified_time":"2026-03-27T22:12:19+00:00","og_image":[{"width":924,"height":927,"url":"https:\/\/mmkriepas.lv\/wp-content\/uploads\/2023\/12\/21575r16c-imperial-snowdragon-van-113111r-ziemas-riepas.jpeg","type":"image\/jpeg"}],"twitter_card":"summary_large_image","twitter_misc":{"Price":"&euro;74.00","Availability":"In stock"},"schema":{"@context":"https:\/\/schema.org","@graph":[{"@type":"WebPage","@id":"https:\/\/mmkriepas.lv\/en\/p\/235-65r16c-imperial-snowdragon-van-115-113r\/","url":"https:\/\/mmkriepas.lv\/en\/p\/235-65r16c-imperial-snowdragon-van-115-113r\/","name":"235\/65R16C Imperial Snowdragon VAN 115\/113R &#8226; MMK Riepas","isPartOf":{"@id":"https:\/\/mmkriepas.lv\/en\/#website"},"primaryImageOfPage":{"@id":"https:\/\/mmkriepas.lv\/en\/p\/235-65r16c-imperial-snowdragon-van-115-113r\/#primaryimage"},"image":{"@id":"https:\/\/mmkriepas.lv\/en\/p\/235-65r16c-imperial-snowdragon-van-115-113r\/#primaryimage"},"thumbnailUrl":"https:\/\/mmkriepas.lv\/wp-content\/uploads\/2023\/12\/21575r16c-imperial-snowdragon-van-113111r-ziemas-riepas.jpeg","datePublished":"2023-02-22T16:22:13+00:00","dateModified":"2026-03-27T22:12:19+00:00","breadcrumb":{"@id":"https:\/\/mmkriepas.lv\/en\/p\/235-65r16c-imperial-snowdragon-van-115-113r\/#breadcrumb"},"inLanguage":"en-US","potentialAction":[{"@type":"ReadAction","target":["https:\/\/mmkriepas.lv\/en\/p\/235-65r16c-imperial-snowdragon-van-115-113r\/"]}]},{"@type":"ImageObject","inLanguage":"en-US","@id":"https:\/\/mmkriepas.lv\/en\/p\/235-65r16c-imperial-snowdragon-van-115-113r\/#primaryimage","url":"https:\/\/mmkriepas.lv\/wp-content\/uploads\/2023\/12\/21575r16c-imperial-snowdragon-van-113111r-ziemas-riepas.jpeg","contentUrl":"https:\/\/mmkriepas.lv\/wp-content\/uploads\/2023\/12\/21575r16c-imperial-snowdragon-van-113111r-ziemas-riepas.jpeg","width":924,"height":927,"caption":"215\/75R16C Imperial Snowdragon VAN 113\/111R - Vissezonas riepas \/ Ziemas riepas"},{"@type":"BreadcrumbList","@id":"https:\/\/mmkriepas.lv\/en\/p\/235-65r16c-imperial-snowdragon-van-115-113r\/#breadcrumb","itemListElement":[{"@type":"ListItem","position":1,"name":"S\u0101kums","item":"https:\/\/mmkriepas.lv\/en\/"},{"@type":"ListItem","position":2,"name":"235\/65R16C Imperial Snowdragon VAN 115\/113R"}]},{"@type":"WebSite","@id":"https:\/\/mmkriepas.lv\/en\/#website","url":"https:\/\/mmkriepas.lv\/en\/","name":"MMK Riepas","description":"MMK Riepas","alternateName":"MMK Riepu Serviss","potentialAction":[{"@type":"SearchAction","target":{"@type":"EntryPoint","urlTemplate":"https:\/\/mmkriepas.lv\/en\/?s={search_term_string}"},"query-input":{"@type":"PropertyValueSpecification","valueRequired":true,"valueName":"search_term_string"}}],"inLanguage":"en-US"},{"@type":"ImageObject","inLanguage":"en-US","@id":"https:\/\/mmkriepas.lv\/en\/p\/235-65r16c-imperial-snowdragon-van-115-113r\/#local-main-organization-logo","url":"","contentUrl":"","caption":"MMK Riepas"}]},"product_brand":"Imperial Snowdragon VAN","product_price_amount":"74.00","product_price_currency":"EUR","og_availability":"instock","product_availability":"instock","product_retailer_item_id":"TW2356516CIMPER-20927","product_condition":"new"},"_links":{"self":[{"href":"https:\/\/mmkriepas.lv\/en\/wp-json\/wp\/v2\/product\/653883","targetHints":{"allow":["GET"]}}],"collection":[{"href":"https:\/\/mmkriepas.lv\/en\/wp-json\/wp\/v2\/product"}],"about":[{"href":"https:\/\/mmkriepas.lv\/en\/wp-json\/wp\/v2\/types\/product"}],"wp:featuredmedia":[{"embeddable":true,"href":"https:\/\/mmkriepas.lv\/en\/wp-json\/wp\/v2\/media\/837668"}],"wp:attachment":[{"href":"https:\/\/mmkriepas.lv\/en\/wp-json\/wp\/v2\/media?parent=653883"}],"wp:term":[{"taxonomy":"product_brand","embeddable":true,"href":"https:\/\/mmkriepas.lv\/en\/wp-json\/wp\/v2\/product_brand?post=653883"},{"taxonomy":"product_cat","embeddable":true,"href":"https:\/\/mmkriepas.lv\/en\/wp-json\/wp\/v2\/product_cat?post=653883"},{"taxonomy":"product_tag","embeddable":true,"href":"https:\/\/mmkriepas.lv\/en\/wp-json\/wp\/v2\/product_tag?post=653883"}],"curies":[{"name":"wp","href":"https:\/\/api.w.org\/{rel}","templated":true}]}}