{"id":64556,"date":"2018-05-23T03:35:55","date_gmt":"2018-05-23T00:35:55","guid":{"rendered":"https:\/\/mmkserviss.lv\/katalogs\/uncategorized\/23555r17-mich-crossclsuv-riepa-103v-xl\/"},"modified":"2024-09-03T18:27:11","modified_gmt":"2024-09-03T15:27:11","slug":"23555r17-mich-crossclsuv-riepa-103v-xl","status":"publish","type":"product","link":"https:\/\/mmkriepas.lv\/en\/p\/23555r17-mich-crossclsuv-riepa-103v-xl\/","title":{"rendered":"235\/55R17 Michelin CrossClimate SUV 103V XL"},"content":{"rendered":"<p><strong>Michelin CrossClimate<\/strong> ir augst\u0101k\u0101s kvalit\u0101tes jeb Premium klases vissezonas jeb All-Season riepu modelis. Tas izce\u013cas ar izciliem sa\u0137eres un manevr\u0113tsp\u0113jas r\u0101d\u012bt\u0101jiem gan uz sausa un slapja asfalta, gan m\u0113renas ziemas apst\u0101k\u013cos. Modelis paredz\u0113ts gan kompaktklases vieglaj\u0101m, gan apvidus automa\u0161\u012bn\u0101m jeb SUV un pieejams izm\u0113ru kl\u0101st\u0101 no R14, l\u012bdz R19.<\/p>\n<h3><strong>Michelin CrossClimate galven\u0101s iez\u012bmes<\/strong><\/h3>\n<p>+ Izcili sa\u0137eres un manevr\u0113tsp\u0113jas r\u0101d\u012bt\u0101ji gan uz sausa un slapja asfalta, gan m\u0113renas ziemas brauk\u0161anas apst\u0101k\u013cos.<br \/>+ Izteikts akustiskais un brauk\u0161anas gaitas komforts<br \/>+ Zems akvaplan\u0113\u0161anas risks.<br \/>+ \u013boti augsta nodilumiztur\u012bba.<br \/>+ Vado\u0161\u0101s riepu giganta Michelin tehnolo\u0123ijas.<br \/>+ Zems degvielas pat\u0113ri\u0146\u0161.<\/p>\n<h3><strong>CrossClimate apr\u012bkojums<\/strong><\/h3>\n<p><strong>Michelin CrossClimate <\/strong>vissezonas jeb M+S riepas apr\u012bkotas ar uzlabotu virzienveida protektora rakstu. \u0160\u0101ds dizains izv\u0113l\u0113ts, lai uzlabotu riepu veiktsp\u0113ju uz sausa un slapja asfalta, k\u0101 ar\u012b snieg\u0101, vienlaikus samazinot ar\u012b akvaplan\u0113\u0161anas risku.<\/p>\n<p>\u0160is riepu modelis izce\u013cas ar augst\u0101kaj\u0101m sa\u0137eres \u012bpa\u0161\u012bb\u0101m sav\u0101 klas\u0113. Tas pan\u0101kts, pateicoties jau iepriek\u0161 min\u0113tajam, unik\u0101lajam virzienveida protektoram. Unik\u0101lu to padara mas\u012bvie bloki protektora centr\u0101laj\u0101 da\u013c\u0101, k\u0101 ar\u012b to novietojums le\u0146\u0137\u012b pret riepu kontakta virsmu ar ce\u013cu.<\/p>\n<p>Mas\u012bvie V-veid\u0101 izvietotie protektora bloki darin\u0101ti no augstv\u0113rt\u012bga gumijas sakaus\u0113juma. Tas ne tikai izcili veido sa\u0137eri ar sausu un slapju asfaltu, bet ir ar\u012b nodilumiztur\u012bgs.<\/p>\n","protected":false},"excerpt":{"rendered":"<p><strong>Michelin CrossClimate<\/strong> ir augst\u0101k\u0101s kvalit\u0101tes jeb Premium klases vissezonas jeb All-Season riepu modelis. Tas izce\u013cas ar izciliem sa\u0137eres un manevr\u0113tsp\u0113jas r\u0101d\u012bt\u0101jiem gan uz sausa un slapja asfalta, gan m\u0113renas ziemas apst\u0101k\u013cos. Modelis paredz\u0113ts gan kompaktklases vieglaj\u0101m, gan apvidus automa\u0161\u012bn\u0101m jeb SUV un pieejams izm\u0113ru kl\u0101st\u0101 no R14, l\u012bdz R19.<\/p>\n","protected":false},"featured_media":76097,"template":"","meta":{"_acf_changed":false,"ngg_post_thumbnail":0},"product_brand":[],"product_cat":[47,45],"product_tag":[15572],"class_list":{"0":"post-64556","1":"product","2":"type-product","3":"status-publish","4":"has-post-thumbnail","6":"product_cat-vissezonas-riepas","7":"product_cat-ziemas-riepas","8":"product_tag-latakko","10":"first","11":"instock","12":"taxable","13":"shipping-taxable","14":"product-type-simple"},"acf":[],"yoast_head":"<!-- This site is optimized with the Yoast SEO Premium plugin v22.6 (Yoast SEO v27.3) - https:\/\/yoast.com\/product\/yoast-seo-premium-wordpress\/ -->\n<title>235\/55R17 Michelin CrossClimate SUV 103V XL &#8226; MMK Riepas<\/title>\n<meta name=\"robots\" content=\"index, follow, max-snippet:-1, max-image-preview:large, max-video-preview:-1\" \/>\n<link rel=\"canonical\" href=\"https:\/\/mmkriepas.lv\/en\/p\/23555r17-mich-crossclsuv-riepa-103v-xl\/\" \/>\n<meta property=\"og:locale\" content=\"en_US\" \/>\n<meta property=\"og:type\" content=\"article\" \/>\n<meta property=\"og:title\" content=\"235\/55R17 Michelin CrossClimate SUV 103V XL\" \/>\n<meta property=\"og:description\" content=\"Michelin CrossClimate ir augst\u0101k\u0101s kvalit\u0101tes jeb Premium klases vissezonas jeb All-Season riepu modelis. Tas izce\u013cas ar izciliem sa\u0137eres un manevr\u0113tsp\u0113jas r\u0101d\u012bt\u0101jiem gan uz sausa un slapja asfalta, gan m\u0113renas ziemas apst\u0101k\u013cos. Modelis paredz\u0113ts gan kompaktklases vieglaj\u0101m, gan apvidus automa\u0161\u012bn\u0101m jeb SUV un pieejams izm\u0113ru kl\u0101st\u0101 no R14, l\u012bdz R19.\" \/>\n<meta property=\"og:url\" content=\"https:\/\/mmkriepas.lv\/en\/p\/23555r17-mich-crossclsuv-riepa-103v-xl\/\" \/>\n<meta property=\"og:site_name\" content=\"MMK Riepas\" \/>\n<meta property=\"article:publisher\" content=\"https:\/\/www.facebook.com\/mmkserviss\/\" \/>\n<meta property=\"article:modified_time\" content=\"2024-09-03T15:27:11+00:00\" \/>\n<meta property=\"og:image\" content=\"https:\/\/mmkriepas.lv\/wp-content\/uploads\/2018\/10\/21555r16-michelin-crossclimate-97v-xl-ms-vissezonas-riepas-2.jpg\" \/>\n\t<meta property=\"og:image:width\" content=\"1000\" \/>\n\t<meta property=\"og:image:height\" content=\"1000\" \/>\n\t<meta property=\"og:image:type\" content=\"image\/jpeg\" \/>\n<meta name=\"twitter:card\" content=\"summary_large_image\" \/>\n<meta name=\"twitter:label1\" content=\"Price\" \/>\n\t<meta name=\"twitter:data1\" content=\"&euro;173.00\" \/>\n\t<meta name=\"twitter:label2\" content=\"Availability\" \/>\n\t<meta name=\"twitter:data2\" content=\"In stock\" \/>\n<script type=\"application\/ld+json\" class=\"yoast-schema-graph\">{\"@context\":\"https:\\\/\\\/schema.org\",\"@graph\":[{\"@type\":\"WebPage\",\"@id\":\"https:\\\/\\\/mmkriepas.lv\\\/en\\\/p\\\/23555r17-mich-crossclsuv-riepa-103v-xl\\\/\",\"url\":\"https:\\\/\\\/mmkriepas.lv\\\/en\\\/p\\\/23555r17-mich-crossclsuv-riepa-103v-xl\\\/\",\"name\":\"235\\\/55R17 Michelin CrossClimate SUV 103V XL &#8226; MMK Riepas\",\"isPartOf\":{\"@id\":\"https:\\\/\\\/mmkriepas.lv\\\/en\\\/#website\"},\"primaryImageOfPage\":{\"@id\":\"https:\\\/\\\/mmkriepas.lv\\\/en\\\/p\\\/23555r17-mich-crossclsuv-riepa-103v-xl\\\/#primaryimage\"},\"image\":{\"@id\":\"https:\\\/\\\/mmkriepas.lv\\\/en\\\/p\\\/23555r17-mich-crossclsuv-riepa-103v-xl\\\/#primaryimage\"},\"thumbnailUrl\":\"https:\\\/\\\/mmkriepas.lv\\\/wp-content\\\/uploads\\\/2018\\\/10\\\/21555r16-michelin-crossclimate-97v-xl-ms-vissezonas-riepas-2.jpg\",\"datePublished\":\"2018-05-23T00:35:55+00:00\",\"dateModified\":\"2024-09-03T15:27:11+00:00\",\"breadcrumb\":{\"@id\":\"https:\\\/\\\/mmkriepas.lv\\\/en\\\/p\\\/23555r17-mich-crossclsuv-riepa-103v-xl\\\/#breadcrumb\"},\"inLanguage\":\"en-US\",\"potentialAction\":[{\"@type\":\"ReadAction\",\"target\":[\"https:\\\/\\\/mmkriepas.lv\\\/en\\\/p\\\/23555r17-mich-crossclsuv-riepa-103v-xl\\\/\"]}]},{\"@type\":\"ImageObject\",\"inLanguage\":\"en-US\",\"@id\":\"https:\\\/\\\/mmkriepas.lv\\\/en\\\/p\\\/23555r17-mich-crossclsuv-riepa-103v-xl\\\/#primaryimage\",\"url\":\"https:\\\/\\\/mmkriepas.lv\\\/wp-content\\\/uploads\\\/2018\\\/10\\\/21555r16-michelin-crossclimate-97v-xl-ms-vissezonas-riepas-2.jpg\",\"contentUrl\":\"https:\\\/\\\/mmkriepas.lv\\\/wp-content\\\/uploads\\\/2018\\\/10\\\/21555r16-michelin-crossclimate-97v-xl-ms-vissezonas-riepas-2.jpg\",\"width\":1000,\"height\":1000,\"caption\":\"215\\\/55R16 MICHELIN CrossClimate+ 97V XL M+S - Vissezonas riepas\"},{\"@type\":\"BreadcrumbList\",\"@id\":\"https:\\\/\\\/mmkriepas.lv\\\/en\\\/p\\\/23555r17-mich-crossclsuv-riepa-103v-xl\\\/#breadcrumb\",\"itemListElement\":[{\"@type\":\"ListItem\",\"position\":1,\"name\":\"S\u0101kums\",\"item\":\"https:\\\/\\\/mmkriepas.lv\\\/en\\\/\"},{\"@type\":\"ListItem\",\"position\":2,\"name\":\"235\\\/55R17 Michelin CrossClimate SUV 103V XL\"}]},{\"@type\":\"WebSite\",\"@id\":\"https:\\\/\\\/mmkriepas.lv\\\/en\\\/#website\",\"url\":\"https:\\\/\\\/mmkriepas.lv\\\/en\\\/\",\"name\":\"MMK Riepas\",\"description\":\"MMK Riepas\",\"alternateName\":\"MMK Riepu Serviss\",\"potentialAction\":[{\"@type\":\"SearchAction\",\"target\":{\"@type\":\"EntryPoint\",\"urlTemplate\":\"https:\\\/\\\/mmkriepas.lv\\\/en\\\/?s={search_term_string}\"},\"query-input\":{\"@type\":\"PropertyValueSpecification\",\"valueRequired\":true,\"valueName\":\"search_term_string\"}}],\"inLanguage\":\"en-US\"},{\"@type\":\"ImageObject\",\"inLanguage\":\"en-US\",\"@id\":\"https:\\\/\\\/mmkriepas.lv\\\/en\\\/p\\\/23555r17-mich-crossclsuv-riepa-103v-xl\\\/#local-main-organization-logo\",\"url\":\"\",\"contentUrl\":\"\",\"caption\":\"MMK Riepas\"}]}<\/script>\n<meta property=\"product:brand\" content=\"Michelin CrossClimate\" \/>\n<meta property=\"product:price:amount\" content=\"173.00\" \/>\n<meta property=\"product:price:currency\" content=\"EUR\" \/>\n<meta property=\"og:availability\" content=\"instock\" \/>\n<meta property=\"product:availability\" content=\"instock\" \/>\n<meta property=\"product:condition\" content=\"new\" \/>\n<!-- \/ Yoast SEO Premium plugin. -->","yoast_head_json":{"title":"235\/55R17 Michelin CrossClimate SUV 103V XL &#8226; MMK Riepas","robots":{"index":"index","follow":"follow","max-snippet":"max-snippet:-1","max-image-preview":"max-image-preview:large","max-video-preview":"max-video-preview:-1"},"canonical":"https:\/\/mmkriepas.lv\/en\/p\/23555r17-mich-crossclsuv-riepa-103v-xl\/","og_locale":"en_US","og_type":"article","og_title":"235\/55R17 Michelin CrossClimate SUV 103V XL","og_description":"Michelin CrossClimate ir augst\u0101k\u0101s kvalit\u0101tes jeb Premium klases vissezonas jeb All-Season riepu modelis. Tas izce\u013cas ar izciliem sa\u0137eres un manevr\u0113tsp\u0113jas r\u0101d\u012bt\u0101jiem gan uz sausa un slapja asfalta, gan m\u0113renas ziemas apst\u0101k\u013cos. Modelis paredz\u0113ts gan kompaktklases vieglaj\u0101m, gan apvidus automa\u0161\u012bn\u0101m jeb SUV un pieejams izm\u0113ru kl\u0101st\u0101 no R14, l\u012bdz R19.","og_url":"https:\/\/mmkriepas.lv\/en\/p\/23555r17-mich-crossclsuv-riepa-103v-xl\/","og_site_name":"MMK Riepas","article_publisher":"https:\/\/www.facebook.com\/mmkserviss\/","article_modified_time":"2024-09-03T15:27:11+00:00","og_image":[{"width":1000,"height":1000,"url":"https:\/\/mmkriepas.lv\/wp-content\/uploads\/2018\/10\/21555r16-michelin-crossclimate-97v-xl-ms-vissezonas-riepas-2.jpg","type":"image\/jpeg"}],"twitter_card":"summary_large_image","twitter_misc":{"Price":"&euro;173.00","Availability":"In stock"},"schema":{"@context":"https:\/\/schema.org","@graph":[{"@type":"WebPage","@id":"https:\/\/mmkriepas.lv\/en\/p\/23555r17-mich-crossclsuv-riepa-103v-xl\/","url":"https:\/\/mmkriepas.lv\/en\/p\/23555r17-mich-crossclsuv-riepa-103v-xl\/","name":"235\/55R17 Michelin CrossClimate SUV 103V XL &#8226; MMK Riepas","isPartOf":{"@id":"https:\/\/mmkriepas.lv\/en\/#website"},"primaryImageOfPage":{"@id":"https:\/\/mmkriepas.lv\/en\/p\/23555r17-mich-crossclsuv-riepa-103v-xl\/#primaryimage"},"image":{"@id":"https:\/\/mmkriepas.lv\/en\/p\/23555r17-mich-crossclsuv-riepa-103v-xl\/#primaryimage"},"thumbnailUrl":"https:\/\/mmkriepas.lv\/wp-content\/uploads\/2018\/10\/21555r16-michelin-crossclimate-97v-xl-ms-vissezonas-riepas-2.jpg","datePublished":"2018-05-23T00:35:55+00:00","dateModified":"2024-09-03T15:27:11+00:00","breadcrumb":{"@id":"https:\/\/mmkriepas.lv\/en\/p\/23555r17-mich-crossclsuv-riepa-103v-xl\/#breadcrumb"},"inLanguage":"en-US","potentialAction":[{"@type":"ReadAction","target":["https:\/\/mmkriepas.lv\/en\/p\/23555r17-mich-crossclsuv-riepa-103v-xl\/"]}]},{"@type":"ImageObject","inLanguage":"en-US","@id":"https:\/\/mmkriepas.lv\/en\/p\/23555r17-mich-crossclsuv-riepa-103v-xl\/#primaryimage","url":"https:\/\/mmkriepas.lv\/wp-content\/uploads\/2018\/10\/21555r16-michelin-crossclimate-97v-xl-ms-vissezonas-riepas-2.jpg","contentUrl":"https:\/\/mmkriepas.lv\/wp-content\/uploads\/2018\/10\/21555r16-michelin-crossclimate-97v-xl-ms-vissezonas-riepas-2.jpg","width":1000,"height":1000,"caption":"215\/55R16 MICHELIN CrossClimate+ 97V XL M+S - Vissezonas riepas"},{"@type":"BreadcrumbList","@id":"https:\/\/mmkriepas.lv\/en\/p\/23555r17-mich-crossclsuv-riepa-103v-xl\/#breadcrumb","itemListElement":[{"@type":"ListItem","position":1,"name":"S\u0101kums","item":"https:\/\/mmkriepas.lv\/en\/"},{"@type":"ListItem","position":2,"name":"235\/55R17 Michelin CrossClimate SUV 103V XL"}]},{"@type":"WebSite","@id":"https:\/\/mmkriepas.lv\/en\/#website","url":"https:\/\/mmkriepas.lv\/en\/","name":"MMK Riepas","description":"MMK Riepas","alternateName":"MMK Riepu Serviss","potentialAction":[{"@type":"SearchAction","target":{"@type":"EntryPoint","urlTemplate":"https:\/\/mmkriepas.lv\/en\/?s={search_term_string}"},"query-input":{"@type":"PropertyValueSpecification","valueRequired":true,"valueName":"search_term_string"}}],"inLanguage":"en-US"},{"@type":"ImageObject","inLanguage":"en-US","@id":"https:\/\/mmkriepas.lv\/en\/p\/23555r17-mich-crossclsuv-riepa-103v-xl\/#local-main-organization-logo","url":"","contentUrl":"","caption":"MMK Riepas"}]},"product_brand":"Michelin CrossClimate","product_price_amount":"173.00","product_price_currency":"EUR","og_availability":"instock","product_availability":"instock","product_condition":"new"},"_links":{"self":[{"href":"https:\/\/mmkriepas.lv\/en\/wp-json\/wp\/v2\/product\/64556","targetHints":{"allow":["GET"]}}],"collection":[{"href":"https:\/\/mmkriepas.lv\/en\/wp-json\/wp\/v2\/product"}],"about":[{"href":"https:\/\/mmkriepas.lv\/en\/wp-json\/wp\/v2\/types\/product"}],"wp:featuredmedia":[{"embeddable":true,"href":"https:\/\/mmkriepas.lv\/en\/wp-json\/wp\/v2\/media\/76097"}],"wp:attachment":[{"href":"https:\/\/mmkriepas.lv\/en\/wp-json\/wp\/v2\/media?parent=64556"}],"wp:term":[{"taxonomy":"product_brand","embeddable":true,"href":"https:\/\/mmkriepas.lv\/en\/wp-json\/wp\/v2\/product_brand?post=64556"},{"taxonomy":"product_cat","embeddable":true,"href":"https:\/\/mmkriepas.lv\/en\/wp-json\/wp\/v2\/product_cat?post=64556"},{"taxonomy":"product_tag","embeddable":true,"href":"https:\/\/mmkriepas.lv\/en\/wp-json\/wp\/v2\/product_tag?post=64556"}],"curies":[{"name":"wp","href":"https:\/\/api.w.org\/{rel}","templated":true}]}}