{"id":64473,"date":"2018-05-23T03:30:16","date_gmt":"2018-05-23T00:30:16","guid":{"rendered":"https:\/\/mmkserviss.lv\/katalogs\/uncategorized\/21565r16-mich-latcross-riepa-102h-xl-ms\/"},"modified":"2023-06-20T10:25:04","modified_gmt":"2023-06-20T07:25:04","slug":"21565r16-mich-latcross-riepa-102h-xl-ms","status":"publish","type":"product","link":"https:\/\/mmkriepas.lv\/en\/p\/21565r16-mich-latcross-riepa-102h-xl-ms\/","title":{"rendered":"215\/65R16 Michelin Latitude Cross 102H XL"},"content":{"rendered":"<p><strong><span style=\"font-family: 'Arial',sans-serif;\">Michelin Latitude Cross<\/span><\/strong><span style=\"font-family: 'Arial',sans-serif;\"> ir augst\u0101k\u0101s kvalit\u0101tes jeb premium klases vasaras apvidus jeb All-Terrain riepu modelis. Tas izce\u013cas ar izciliem iztur\u012bbas un sa\u0137eres r\u0101d\u012bt\u0101jiem, braucot m\u0113renu bezce\u013cu apst\u0101k\u013cos, k\u0101 ar\u012b ar labiem komforta r\u0101d\u012bt\u0101jiem, braucot pa asfaltu. \u0160is riepu modelis paredz\u0113ts tiem apvidus auto vad\u012bt\u0101jiem, kas nereti met izaicin\u0101jumu gr\u016bti izbraucamiem me\u017ea ce\u013ciem, bet nev\u0113las zaud\u0113t komforta \u012bpa\u0161\u012bbas uz asfalta.<o:p><\/o:p><\/span><\/p>\n<h3><strong><span style=\"font-family: 'Arial',sans-serif;\">Michelin Latitude Cross galven\u0101s iez\u012bmes<\/span><\/strong><span style=\"font-family: 'Arial',sans-serif;\"><o:p><\/o:p><\/span><\/h3>\n<p><span style=\"font-family: 'Arial',sans-serif;\">+ Izcilas caurg\u0101jam\u012bbas \u012bpa\u0161\u012bbas, braucot m\u0113renu bezce\u013cu apst\u0101k\u013cos &#8211; pa me\u017ea ce\u013ciem, dub\u013ciem, granti un smilti.<o:p><\/o:p><\/span><\/p>\n<p><span style=\"font-family: 'Arial',sans-serif;\">+ Vado\u0161\u0101s Michelin tehnolo\u0123ijas.<o:p><\/o:p><\/span><\/p>\n<p><span style=\"font-family: 'Arial',sans-serif;\">+ Sal\u012bdzino\u0161i labs akustiskais un brauk\u0161anas gaitas komforts.<o:p><\/o:p><\/span><\/p>\n<p><span style=\"font-family: 'Arial',sans-serif;\">+ Palielin\u0101ta nodilumiztur\u012bba.<o:p><\/o:p><\/span><\/p>\n<p><span style=\"font-family: 'Arial',sans-serif;\">+ Zems akvplan\u0113\u0161anas risks pat liel\u0101 brauk\u0161anas \u0101trum\u0101.<o:p><\/o:p><\/span><\/p>\n<p><span style=\"font-family: 'Arial',sans-serif;\">+ Degvielas ekonomija.<o:p><\/o:p><\/span><\/p>\n<h3><strong><span style=\"font-family: 'Arial',sans-serif;\">Latitude Cross apr\u012bkojums<\/span><\/strong><span style=\"font-family: 'Arial',sans-serif;\"><o:p><\/o:p><\/span><\/h3>\n<p><strong><span style=\"font-family: 'Arial',sans-serif;\">Michelin Latitude Cross <\/span><\/strong><span style=\"font-family: 'Arial',sans-serif;\">All-Terrain jeb apvidus riepu modelis apr\u012bkots ar rupju, dzi\u013cu asimetrisko protektora rakstu. \u0160\u0101ds dizains izv\u0113l\u0113ts, jo tas sev\u012b apvieno optim\u0101lus veiktsp\u0113jas r\u0101d\u012bt\u0101jus gan uz asfalta, gan bezce\u013cos.<o:p><\/o:p><\/span><\/p>\n<p><span style=\"font-family: 'Arial',sans-serif;\">Asimetrisk\u0101 protektora pamat\u0101 izmantots \u012bpa\u0161i iztur\u012bgs, pastiprin\u0101ts karkass. \u0160is aspekts nodro\u0161ina izcilu iztur\u012bbu pret da\u017e\u0101da veida triecieniem, paildzinot riepu m\u016b\u017eu.<o:p><\/o:p><\/span><\/p>\n<p><span style=\"font-family: 'Arial',sans-serif;\">Iztur\u012bgais karkass iet\u0113rpts ar neskait\u0101miem tehnolo\u0123iskajiem risin\u0101jumiem papildin\u0101t\u0101 gumijas sakaus\u0113jum\u0101. Gumijai pievienotie elementi ne tikai uzlabo sa\u0137eri un nodilumiztur\u012bbu, bet ar\u012b sl\u0101p\u0113 ska\u0146u.<o:p><\/o:p><\/span><\/p>\n","protected":false},"excerpt":{"rendered":"<p><strong><span style=\"font-family: 'Arial',sans-serif;\">Michelin Latitude Cross<\/span><\/strong><span style=\"font-family: 'Arial',sans-serif;\"> ir augst\u0101k\u0101s kvalit\u0101tes jeb premium klases vasaras apvidus jeb All-Terrain riepu modelis. Tas izce\u013cas ar izciliem iztur\u012bbas un sa\u0137eres r\u0101d\u012bt\u0101jiem, braucot m\u0113renu bezce\u013cu apst\u0101k\u013cos, k\u0101 ar\u012b ar labiem komforta r\u0101d\u012bt\u0101jiem, braucot pa asfaltu. \u0160is riepu modelis paredz\u0113ts tiem apvidus auto vad\u012bt\u0101jiem, kas nereti met izaicin\u0101jumu gr\u016bti izbraucamiem me\u017ea ce\u013ciem, bet nev\u0113las zaud\u0113t komforta \u012bpa\u0161\u012bbas uz asfalta.<o:p><\/o:p><\/span><\/p>\n","protected":false},"featured_media":53305,"template":"","meta":{"_acf_changed":false,"ngg_post_thumbnail":0},"product_brand":[],"product_cat":[46],"product_tag":[15572],"class_list":{"0":"post-64473","1":"product","2":"type-product","3":"status-publish","4":"has-post-thumbnail","6":"product_cat-vasaras-riepas","7":"product_tag-latakko","9":"first","10":"instock","11":"taxable","12":"shipping-taxable","13":"product-type-simple"},"acf":[],"yoast_head":"<!-- This site is optimized with the Yoast SEO Premium plugin v22.6 (Yoast SEO v27.3) - https:\/\/yoast.com\/product\/yoast-seo-premium-wordpress\/ -->\n<title>215\/65R16 Michelin Latitude Cross 102H XL &#8226; MMK Riepas<\/title>\n<meta name=\"robots\" content=\"index, follow, max-snippet:-1, max-image-preview:large, max-video-preview:-1\" \/>\n<link rel=\"canonical\" href=\"https:\/\/mmkriepas.lv\/en\/p\/21565r16-mich-latcross-riepa-102h-xl-ms\/\" \/>\n<meta property=\"og:locale\" content=\"en_US\" \/>\n<meta property=\"og:type\" content=\"article\" \/>\n<meta property=\"og:title\" content=\"215\/65R16 Michelin Latitude Cross 102H XL\" \/>\n<meta property=\"og:description\" content=\"Michelin Latitude Cross ir augst\u0101k\u0101s kvalit\u0101tes jeb premium klases vasaras apvidus jeb All-Terrain riepu modelis. Tas izce\u013cas ar izciliem iztur\u012bbas un sa\u0137eres r\u0101d\u012bt\u0101jiem, braucot m\u0113renu bezce\u013cu apst\u0101k\u013cos, k\u0101 ar\u012b ar labiem komforta r\u0101d\u012bt\u0101jiem, braucot pa asfaltu. \u0160is riepu modelis paredz\u0113ts tiem apvidus auto vad\u012bt\u0101jiem, kas nereti met izaicin\u0101jumu gr\u016bti izbraucamiem me\u017ea ce\u013ciem, bet nev\u0113las zaud\u0113t komforta \u012bpa\u0161\u012bbas uz asfalta.\" \/>\n<meta property=\"og:url\" content=\"https:\/\/mmkriepas.lv\/en\/p\/21565r16-mich-latcross-riepa-102h-xl-ms\/\" \/>\n<meta property=\"og:site_name\" content=\"MMK Riepas\" \/>\n<meta property=\"article:publisher\" content=\"https:\/\/www.facebook.com\/mmkserviss\/\" \/>\n<meta property=\"article:modified_time\" content=\"2023-06-20T07:25:04+00:00\" \/>\n<meta property=\"og:image\" content=\"https:\/\/mmkriepas.lv\/wp-content\/uploads\/2018\/04\/20570r15-michelin-latitude-cross-100h-xl-vasaras-riepas.jpg\" \/>\n\t<meta property=\"og:image:width\" content=\"1000\" \/>\n\t<meta property=\"og:image:height\" content=\"1000\" \/>\n\t<meta property=\"og:image:type\" content=\"image\/jpeg\" \/>\n<meta name=\"twitter:card\" content=\"summary_large_image\" \/>\n<meta name=\"twitter:label1\" content=\"Price\" \/>\n\t<meta name=\"twitter:data1\" content=\"&euro;147.00\" \/>\n\t<meta name=\"twitter:label2\" content=\"Availability\" \/>\n\t<meta name=\"twitter:data2\" content=\"In stock\" \/>\n<script type=\"application\/ld+json\" class=\"yoast-schema-graph\">{\"@context\":\"https:\\\/\\\/schema.org\",\"@graph\":[{\"@type\":\"WebPage\",\"@id\":\"https:\\\/\\\/mmkriepas.lv\\\/en\\\/p\\\/21565r16-mich-latcross-riepa-102h-xl-ms\\\/\",\"url\":\"https:\\\/\\\/mmkriepas.lv\\\/en\\\/p\\\/21565r16-mich-latcross-riepa-102h-xl-ms\\\/\",\"name\":\"215\\\/65R16 Michelin Latitude Cross 102H XL &#8226; MMK Riepas\",\"isPartOf\":{\"@id\":\"https:\\\/\\\/mmkriepas.lv\\\/en\\\/#website\"},\"primaryImageOfPage\":{\"@id\":\"https:\\\/\\\/mmkriepas.lv\\\/en\\\/p\\\/21565r16-mich-latcross-riepa-102h-xl-ms\\\/#primaryimage\"},\"image\":{\"@id\":\"https:\\\/\\\/mmkriepas.lv\\\/en\\\/p\\\/21565r16-mich-latcross-riepa-102h-xl-ms\\\/#primaryimage\"},\"thumbnailUrl\":\"https:\\\/\\\/mmkriepas.lv\\\/wp-content\\\/uploads\\\/2018\\\/04\\\/20570r15-michelin-latitude-cross-100h-xl-vasaras-riepas.jpg\",\"datePublished\":\"2018-05-23T00:30:16+00:00\",\"dateModified\":\"2023-06-20T07:25:04+00:00\",\"breadcrumb\":{\"@id\":\"https:\\\/\\\/mmkriepas.lv\\\/en\\\/p\\\/21565r16-mich-latcross-riepa-102h-xl-ms\\\/#breadcrumb\"},\"inLanguage\":\"en-US\",\"potentialAction\":[{\"@type\":\"ReadAction\",\"target\":[\"https:\\\/\\\/mmkriepas.lv\\\/en\\\/p\\\/21565r16-mich-latcross-riepa-102h-xl-ms\\\/\"]}]},{\"@type\":\"ImageObject\",\"inLanguage\":\"en-US\",\"@id\":\"https:\\\/\\\/mmkriepas.lv\\\/en\\\/p\\\/21565r16-mich-latcross-riepa-102h-xl-ms\\\/#primaryimage\",\"url\":\"https:\\\/\\\/mmkriepas.lv\\\/wp-content\\\/uploads\\\/2018\\\/04\\\/20570r15-michelin-latitude-cross-100h-xl-vasaras-riepas.jpg\",\"contentUrl\":\"https:\\\/\\\/mmkriepas.lv\\\/wp-content\\\/uploads\\\/2018\\\/04\\\/20570r15-michelin-latitude-cross-100h-xl-vasaras-riepas.jpg\",\"width\":1000,\"height\":1000,\"caption\":\"205\\\/70R15 Michelin LATITUDE CROSS 100H XL - Vasaras riepas\"},{\"@type\":\"BreadcrumbList\",\"@id\":\"https:\\\/\\\/mmkriepas.lv\\\/en\\\/p\\\/21565r16-mich-latcross-riepa-102h-xl-ms\\\/#breadcrumb\",\"itemListElement\":[{\"@type\":\"ListItem\",\"position\":1,\"name\":\"S\u0101kums\",\"item\":\"https:\\\/\\\/mmkriepas.lv\\\/en\\\/\"},{\"@type\":\"ListItem\",\"position\":2,\"name\":\"215\\\/65R16 Michelin Latitude Cross 102H XL\"}]},{\"@type\":\"WebSite\",\"@id\":\"https:\\\/\\\/mmkriepas.lv\\\/en\\\/#website\",\"url\":\"https:\\\/\\\/mmkriepas.lv\\\/en\\\/\",\"name\":\"MMK Riepas\",\"description\":\"MMK Riepas\",\"alternateName\":\"MMK Riepu Serviss\",\"potentialAction\":[{\"@type\":\"SearchAction\",\"target\":{\"@type\":\"EntryPoint\",\"urlTemplate\":\"https:\\\/\\\/mmkriepas.lv\\\/en\\\/?s={search_term_string}\"},\"query-input\":{\"@type\":\"PropertyValueSpecification\",\"valueRequired\":true,\"valueName\":\"search_term_string\"}}],\"inLanguage\":\"en-US\"},{\"@type\":\"ImageObject\",\"inLanguage\":\"en-US\",\"@id\":\"https:\\\/\\\/mmkriepas.lv\\\/en\\\/p\\\/21565r16-mich-latcross-riepa-102h-xl-ms\\\/#local-main-organization-logo\",\"url\":\"\",\"contentUrl\":\"\",\"caption\":\"MMK Riepas\"}]}<\/script>\n<meta property=\"product:brand\" content=\"Michelin Latitude Cross\" \/>\n<meta property=\"product:price:amount\" content=\"147.00\" \/>\n<meta property=\"product:price:currency\" content=\"EUR\" \/>\n<meta property=\"og:availability\" content=\"instock\" \/>\n<meta property=\"product:availability\" content=\"instock\" \/>\n<meta property=\"product:condition\" content=\"new\" \/>\n<!-- \/ Yoast SEO Premium plugin. -->","yoast_head_json":{"title":"215\/65R16 Michelin Latitude Cross 102H XL &#8226; MMK Riepas","robots":{"index":"index","follow":"follow","max-snippet":"max-snippet:-1","max-image-preview":"max-image-preview:large","max-video-preview":"max-video-preview:-1"},"canonical":"https:\/\/mmkriepas.lv\/en\/p\/21565r16-mich-latcross-riepa-102h-xl-ms\/","og_locale":"en_US","og_type":"article","og_title":"215\/65R16 Michelin Latitude Cross 102H XL","og_description":"Michelin Latitude Cross ir augst\u0101k\u0101s kvalit\u0101tes jeb premium klases vasaras apvidus jeb All-Terrain riepu modelis. Tas izce\u013cas ar izciliem iztur\u012bbas un sa\u0137eres r\u0101d\u012bt\u0101jiem, braucot m\u0113renu bezce\u013cu apst\u0101k\u013cos, k\u0101 ar\u012b ar labiem komforta r\u0101d\u012bt\u0101jiem, braucot pa asfaltu. \u0160is riepu modelis paredz\u0113ts tiem apvidus auto vad\u012bt\u0101jiem, kas nereti met izaicin\u0101jumu gr\u016bti izbraucamiem me\u017ea ce\u013ciem, bet nev\u0113las zaud\u0113t komforta \u012bpa\u0161\u012bbas uz asfalta.","og_url":"https:\/\/mmkriepas.lv\/en\/p\/21565r16-mich-latcross-riepa-102h-xl-ms\/","og_site_name":"MMK Riepas","article_publisher":"https:\/\/www.facebook.com\/mmkserviss\/","article_modified_time":"2023-06-20T07:25:04+00:00","og_image":[{"width":1000,"height":1000,"url":"https:\/\/mmkriepas.lv\/wp-content\/uploads\/2018\/04\/20570r15-michelin-latitude-cross-100h-xl-vasaras-riepas.jpg","type":"image\/jpeg"}],"twitter_card":"summary_large_image","twitter_misc":{"Price":"&euro;147.00","Availability":"In stock"},"schema":{"@context":"https:\/\/schema.org","@graph":[{"@type":"WebPage","@id":"https:\/\/mmkriepas.lv\/en\/p\/21565r16-mich-latcross-riepa-102h-xl-ms\/","url":"https:\/\/mmkriepas.lv\/en\/p\/21565r16-mich-latcross-riepa-102h-xl-ms\/","name":"215\/65R16 Michelin Latitude Cross 102H XL &#8226; MMK Riepas","isPartOf":{"@id":"https:\/\/mmkriepas.lv\/en\/#website"},"primaryImageOfPage":{"@id":"https:\/\/mmkriepas.lv\/en\/p\/21565r16-mich-latcross-riepa-102h-xl-ms\/#primaryimage"},"image":{"@id":"https:\/\/mmkriepas.lv\/en\/p\/21565r16-mich-latcross-riepa-102h-xl-ms\/#primaryimage"},"thumbnailUrl":"https:\/\/mmkriepas.lv\/wp-content\/uploads\/2018\/04\/20570r15-michelin-latitude-cross-100h-xl-vasaras-riepas.jpg","datePublished":"2018-05-23T00:30:16+00:00","dateModified":"2023-06-20T07:25:04+00:00","breadcrumb":{"@id":"https:\/\/mmkriepas.lv\/en\/p\/21565r16-mich-latcross-riepa-102h-xl-ms\/#breadcrumb"},"inLanguage":"en-US","potentialAction":[{"@type":"ReadAction","target":["https:\/\/mmkriepas.lv\/en\/p\/21565r16-mich-latcross-riepa-102h-xl-ms\/"]}]},{"@type":"ImageObject","inLanguage":"en-US","@id":"https:\/\/mmkriepas.lv\/en\/p\/21565r16-mich-latcross-riepa-102h-xl-ms\/#primaryimage","url":"https:\/\/mmkriepas.lv\/wp-content\/uploads\/2018\/04\/20570r15-michelin-latitude-cross-100h-xl-vasaras-riepas.jpg","contentUrl":"https:\/\/mmkriepas.lv\/wp-content\/uploads\/2018\/04\/20570r15-michelin-latitude-cross-100h-xl-vasaras-riepas.jpg","width":1000,"height":1000,"caption":"205\/70R15 Michelin LATITUDE CROSS 100H XL - Vasaras riepas"},{"@type":"BreadcrumbList","@id":"https:\/\/mmkriepas.lv\/en\/p\/21565r16-mich-latcross-riepa-102h-xl-ms\/#breadcrumb","itemListElement":[{"@type":"ListItem","position":1,"name":"S\u0101kums","item":"https:\/\/mmkriepas.lv\/en\/"},{"@type":"ListItem","position":2,"name":"215\/65R16 Michelin Latitude Cross 102H XL"}]},{"@type":"WebSite","@id":"https:\/\/mmkriepas.lv\/en\/#website","url":"https:\/\/mmkriepas.lv\/en\/","name":"MMK Riepas","description":"MMK Riepas","alternateName":"MMK Riepu Serviss","potentialAction":[{"@type":"SearchAction","target":{"@type":"EntryPoint","urlTemplate":"https:\/\/mmkriepas.lv\/en\/?s={search_term_string}"},"query-input":{"@type":"PropertyValueSpecification","valueRequired":true,"valueName":"search_term_string"}}],"inLanguage":"en-US"},{"@type":"ImageObject","inLanguage":"en-US","@id":"https:\/\/mmkriepas.lv\/en\/p\/21565r16-mich-latcross-riepa-102h-xl-ms\/#local-main-organization-logo","url":"","contentUrl":"","caption":"MMK Riepas"}]},"product_brand":"Michelin Latitude Cross","product_price_amount":"147.00","product_price_currency":"EUR","og_availability":"instock","product_availability":"instock","product_condition":"new"},"_links":{"self":[{"href":"https:\/\/mmkriepas.lv\/en\/wp-json\/wp\/v2\/product\/64473","targetHints":{"allow":["GET"]}}],"collection":[{"href":"https:\/\/mmkriepas.lv\/en\/wp-json\/wp\/v2\/product"}],"about":[{"href":"https:\/\/mmkriepas.lv\/en\/wp-json\/wp\/v2\/types\/product"}],"wp:featuredmedia":[{"embeddable":true,"href":"https:\/\/mmkriepas.lv\/en\/wp-json\/wp\/v2\/media\/53305"}],"wp:attachment":[{"href":"https:\/\/mmkriepas.lv\/en\/wp-json\/wp\/v2\/media?parent=64473"}],"wp:term":[{"taxonomy":"product_brand","embeddable":true,"href":"https:\/\/mmkriepas.lv\/en\/wp-json\/wp\/v2\/product_brand?post=64473"},{"taxonomy":"product_cat","embeddable":true,"href":"https:\/\/mmkriepas.lv\/en\/wp-json\/wp\/v2\/product_cat?post=64473"},{"taxonomy":"product_tag","embeddable":true,"href":"https:\/\/mmkriepas.lv\/en\/wp-json\/wp\/v2\/product_tag?post=64473"}],"curies":[{"name":"wp","href":"https:\/\/api.w.org\/{rel}","templated":true}]}}