{"id":643136,"date":"2023-02-20T13:21:46","date_gmt":"2023-02-20T11:21:46","guid":{"rendered":"https:\/\/mmkserviss.lv\/?post_type=product&#038;p=643136"},"modified":"2024-06-01T16:39:32","modified_gmt":"2024-06-01T13:39:32","slug":"235-50r19-pirelli-cinturato-all-season-sf2-103w-xl","status":"publish","type":"product","link":"https:\/\/mmkriepas.lv\/en\/p\/235-50r19-pirelli-cinturato-all-season-sf2-103w-xl\/","title":{"rendered":"235\/50R19 Pirelli Cinturato All season SF2 103W XL"},"content":{"rendered":"<p align=\"left\"><span style=\"color: #ff0000;\"><span style=\"font-family: Arial, serif;\"><span style=\"font-size: large;\"><strong><span style=\"color: #000000;\"><span style=\"font-family: Arial, sans-serif;\"><span style=\"font-size: medium;\">Pirelli Cinturato All Season SF 2\u00a0<\/span><\/span><\/span><\/strong><span style=\"color: #000000;\"><span style=\"font-family: Arial, sans-serif;\"><span style=\"font-size: medium;\">ir augst\u0101k\u0101s kvalit\u0101tes jeb Premium klases vissezonas riepu modelis. Tas izce\u013cas ar izciliem sa\u0137eres un manevr\u0113tsp\u0113jas r\u0101d\u012bt\u0101jiem pat lielos brauk\u0161anas \u0101trumos, k\u0101 ar\u012b ar palielin\u0101tu nodilumiztur\u012bbu, un izteiktu brauk\u0161anas komforta l\u012bmeni. Modelis pieejams pla\u0161\u0101 izm\u0113ru kl\u0101st\u0101 no R15 l\u012bdz R20 un paredz\u0113ts sportiska tipa luksus klases vieglaj\u0101m automa\u0161\u012bn\u0101m.<\/span><\/span><\/span><\/span><\/span><\/span><\/p>\n<h3 class=\"western\" align=\"left\"><strong><span style=\"font-family: Arial, sans-serif;\">Pirelli Cinturato All Season SF 2 galven\u0101s iez\u012bmes<\/span><\/strong><\/h3>\n<p align=\"left\"><span style=\"font-family: Arial, sans-serif;\">+ Izcila sa\u0137ere un manevr\u0113tsp\u0113ja uz sausa un slapja asfalta pat lielos brauk\u0161anas \u0101trumos.<\/span><\/p>\n<p align=\"left\"><span style=\"font-family: Arial, sans-serif;\">+ Vado\u0161\u0101s riepu giganta Pirelli tehnolo\u0123ijas.<\/span><\/p>\n<p align=\"left\"><span style=\"font-family: Arial, sans-serif;\">+ Zems akvaplan\u0113\u0161anas risks.<\/span><\/p>\n<p align=\"left\"><span style=\"font-family: Arial, sans-serif;\">+ Degvielas ekonomija.<\/span><\/p>\n<p align=\"left\"><span style=\"font-family: Arial, sans-serif;\">+ Izteikts akustiskais un brauk\u0161anas gaitas komforts.<\/span><\/p>\n<h3 class=\"western\" align=\"left\"><span style=\"color: #ff0000;\"><span style=\"font-family: Arial, sans-serif;\"><span style=\"font-size: large;\"><strong><span style=\"color: #000000;\">Cinturato All Season SF 2 apr\u012bkojums<\/span><\/strong><\/span><\/span><\/span><\/h3>\n<p align=\"left\"><strong><span style=\"font-family: Arial, sans-serif;\">Pirelli Cinturato All Season SF 2\u00a0<\/span><\/strong><span style=\"font-family: Arial, sans-serif;\">vissezonas jeb M+S riepas apr\u012bkotas ar unik\u0101lu virzienveida protektora rakstu. \u0160\u0101ds dizains izv\u0113l\u0113ts, lai uzlabotu riepu veiktsp\u0113ju snieg\u0101, k\u0101 ar\u012b samazin\u0101tu akvaplan\u0113\u0161anas risku.<\/span><\/p>\n<p align=\"left\"><span style=\"font-family: Arial, sans-serif;\">\u0160\u012b riepu mode\u013ca protektors veidots piln\u012bgi no nulles. Tas at\u013c\u0101vis izstr\u0101d\u0101t jaunu, efekt\u012bvu dren\u0101\u017eas jeb \u016bdens novadkan\u0101lu sist\u0113mu, kas \u0101tri un efekt\u012bvi atbr\u012bvo riepu kontakta virsmu ar ce\u013cu no \u016bdens, samazinot akvaplan\u0113\u0161anas risku.<\/span><\/p>\n<p align=\"left\"><span style=\"font-family: Arial, sans-serif;\">Virzienveida protektors veidots p\u0113c jaun\u0101kaj\u0101m riepu tirgus tendenc\u0113m. Tam ir daudz neliela izm\u0113ra protektora bloku, kas noz\u012bm\u0113 vair\u0101k sa\u0137eres kan\u0161u uzlabotai veiktsp\u0113jai snieg\u0101 un uz grants ce\u013ciam.<\/span><\/p>\n<p align=\"left\"><span style=\"font-family: Arial, sans-serif;\">Palielin\u0101tu riepu ilgtsp\u0113j\u012bbu nodro\u0161ina ne tikai uzlabotais riepu gumijas sast\u0101vs. To nodro\u0161ina ar\u012b neliel\u0101s atstarpes starp protektora blokiem, padarot sa\u0137eres laukumu vienveid\u012bg\u0101ku un samazinot rites pretest\u012bbu.<\/span><\/p>\n","protected":false},"excerpt":{"rendered":"<p align=\"left\"><span style=\"color: #ff0000;\"><span style=\"font-family: Arial, serif;\"><span style=\"font-size: large;\"><strong><span style=\"color: #000000;\"><span style=\"font-family: Arial, sans-serif;\"><span style=\"font-size: medium;\">Pirelli Cinturato All Season SF 2\u00a0<\/span><\/span><\/span><\/strong><span style=\"color: #000000;\"><span style=\"font-family: Arial, sans-serif;\"><span style=\"font-size: medium;\">ir augst\u0101k\u0101s kvalit\u0101tes jeb Premium klases vissezonas riepu modelis. Tas izce\u013cas ar izciliem sa\u0137eres un manevr\u0113tsp\u0113jas r\u0101d\u012bt\u0101jiem pat lielos brauk\u0161anas \u0101trumos, k\u0101 ar\u012b ar palielin\u0101tu nodilumiztur\u012bbu, un izteiktu brauk\u0161anas komforta l\u012bmeni. Modelis pieejams pla\u0161\u0101 izm\u0113ru kl\u0101st\u0101 no R15 l\u012bdz R20 un paredz\u0113ts sportiska tipa luksus klases vieglaj\u0101m automa\u0161\u012bn\u0101m.<\/span><\/span><\/span><\/span><\/span><\/span><\/p>\n","protected":false},"featured_media":798686,"template":"","meta":{"_acf_changed":false,"ngg_post_thumbnail":0},"product_brand":[],"product_cat":[47,45],"product_tag":[],"class_list":{"0":"post-643136","1":"product","2":"type-product","3":"status-publish","4":"has-post-thumbnail","6":"product_cat-vissezonas-riepas","7":"product_cat-ziemas-riepas","9":"first","10":"instock","11":"taxable","12":"shipping-taxable","13":"product-type-simple"},"acf":[],"yoast_head":"<!-- This site is optimized with the Yoast SEO Premium plugin v22.6 (Yoast SEO v27.3) - https:\/\/yoast.com\/product\/yoast-seo-premium-wordpress\/ -->\n<title>235\/50R19 Pirelli Cinturato All season SF2 103W XL &#8226; MMK Riepas<\/title>\n<meta name=\"robots\" content=\"index, follow, max-snippet:-1, max-image-preview:large, max-video-preview:-1\" \/>\n<link rel=\"canonical\" href=\"https:\/\/mmkriepas.lv\/en\/p\/235-50r19-pirelli-cinturato-all-season-sf2-103w-xl\/\" \/>\n<meta property=\"og:locale\" content=\"en_US\" \/>\n<meta property=\"og:type\" content=\"article\" \/>\n<meta property=\"og:title\" content=\"235\/50R19 Pirelli Cinturato All season SF2 103W XL\" \/>\n<meta property=\"og:description\" content=\"Pirelli Cinturato All Season SF 2\u00a0ir augst\u0101k\u0101s kvalit\u0101tes jeb Premium klases vissezonas riepu modelis. Tas izce\u013cas ar izciliem sa\u0137eres un manevr\u0113tsp\u0113jas r\u0101d\u012bt\u0101jiem pat lielos brauk\u0161anas \u0101trumos, k\u0101 ar\u012b ar palielin\u0101tu nodilumiztur\u012bbu, un izteiktu brauk\u0161anas komforta l\u012bmeni. Modelis pieejams pla\u0161\u0101 izm\u0113ru kl\u0101st\u0101 no R15 l\u012bdz R20 un paredz\u0113ts sportiska tipa luksus klases vieglaj\u0101m automa\u0161\u012bn\u0101m.\" \/>\n<meta property=\"og:url\" content=\"https:\/\/mmkriepas.lv\/en\/p\/235-50r19-pirelli-cinturato-all-season-sf2-103w-xl\/\" \/>\n<meta property=\"og:site_name\" content=\"MMK Riepas\" \/>\n<meta property=\"article:publisher\" content=\"https:\/\/www.facebook.com\/mmkserviss\/\" \/>\n<meta property=\"article:modified_time\" content=\"2024-06-01T13:39:32+00:00\" \/>\n<meta property=\"og:image\" content=\"https:\/\/mmkriepas.lv\/wp-content\/uploads\/2023\/10\/21565r17-pirelli-cinturato-all-season-sf2-103v-xl-ziemas-riepas.jpeg\" \/>\n\t<meta property=\"og:image:width\" content=\"1905\" \/>\n\t<meta property=\"og:image:height\" content=\"1920\" \/>\n\t<meta property=\"og:image:type\" content=\"image\/jpeg\" \/>\n<meta name=\"twitter:card\" content=\"summary_large_image\" \/>\n<meta name=\"twitter:label1\" content=\"Price\" \/>\n\t<meta name=\"twitter:data1\" content=\"&euro;179.00\" \/>\n\t<meta name=\"twitter:label2\" content=\"Availability\" \/>\n\t<meta name=\"twitter:data2\" content=\"In stock\" \/>\n<script type=\"application\/ld+json\" class=\"yoast-schema-graph\">{\"@context\":\"https:\\\/\\\/schema.org\",\"@graph\":[{\"@type\":\"WebPage\",\"@id\":\"https:\\\/\\\/mmkriepas.lv\\\/en\\\/p\\\/235-50r19-pirelli-cinturato-all-season-sf2-103w-xl\\\/\",\"url\":\"https:\\\/\\\/mmkriepas.lv\\\/en\\\/p\\\/235-50r19-pirelli-cinturato-all-season-sf2-103w-xl\\\/\",\"name\":\"235\\\/50R19 Pirelli Cinturato All season SF2 103W XL &#8226; MMK Riepas\",\"isPartOf\":{\"@id\":\"https:\\\/\\\/mmkriepas.lv\\\/en\\\/#website\"},\"primaryImageOfPage\":{\"@id\":\"https:\\\/\\\/mmkriepas.lv\\\/en\\\/p\\\/235-50r19-pirelli-cinturato-all-season-sf2-103w-xl\\\/#primaryimage\"},\"image\":{\"@id\":\"https:\\\/\\\/mmkriepas.lv\\\/en\\\/p\\\/235-50r19-pirelli-cinturato-all-season-sf2-103w-xl\\\/#primaryimage\"},\"thumbnailUrl\":\"https:\\\/\\\/mmkriepas.lv\\\/wp-content\\\/uploads\\\/2023\\\/10\\\/21565r17-pirelli-cinturato-all-season-sf2-103v-xl-ziemas-riepas.jpeg\",\"datePublished\":\"2023-02-20T11:21:46+00:00\",\"dateModified\":\"2024-06-01T13:39:32+00:00\",\"breadcrumb\":{\"@id\":\"https:\\\/\\\/mmkriepas.lv\\\/en\\\/p\\\/235-50r19-pirelli-cinturato-all-season-sf2-103w-xl\\\/#breadcrumb\"},\"inLanguage\":\"en-US\",\"potentialAction\":[{\"@type\":\"ReadAction\",\"target\":[\"https:\\\/\\\/mmkriepas.lv\\\/en\\\/p\\\/235-50r19-pirelli-cinturato-all-season-sf2-103w-xl\\\/\"]}]},{\"@type\":\"ImageObject\",\"inLanguage\":\"en-US\",\"@id\":\"https:\\\/\\\/mmkriepas.lv\\\/en\\\/p\\\/235-50r19-pirelli-cinturato-all-season-sf2-103w-xl\\\/#primaryimage\",\"url\":\"https:\\\/\\\/mmkriepas.lv\\\/wp-content\\\/uploads\\\/2023\\\/10\\\/21565r17-pirelli-cinturato-all-season-sf2-103v-xl-ziemas-riepas.jpeg\",\"contentUrl\":\"https:\\\/\\\/mmkriepas.lv\\\/wp-content\\\/uploads\\\/2023\\\/10\\\/21565r17-pirelli-cinturato-all-season-sf2-103v-xl-ziemas-riepas.jpeg\",\"width\":1905,\"height\":1920,\"caption\":\"215\\\/65R17 Pirelli Cinturato All Season SF2 103V XL - Vissezonas riepas \\\/ Ziemas riepas\"},{\"@type\":\"BreadcrumbList\",\"@id\":\"https:\\\/\\\/mmkriepas.lv\\\/en\\\/p\\\/235-50r19-pirelli-cinturato-all-season-sf2-103w-xl\\\/#breadcrumb\",\"itemListElement\":[{\"@type\":\"ListItem\",\"position\":1,\"name\":\"S\u0101kums\",\"item\":\"https:\\\/\\\/mmkriepas.lv\\\/en\\\/\"},{\"@type\":\"ListItem\",\"position\":2,\"name\":\"235\\\/50R19 Pirelli Cinturato All season SF2 103W XL\"}]},{\"@type\":\"WebSite\",\"@id\":\"https:\\\/\\\/mmkriepas.lv\\\/en\\\/#website\",\"url\":\"https:\\\/\\\/mmkriepas.lv\\\/en\\\/\",\"name\":\"MMK Riepas\",\"description\":\"MMK Riepas\",\"alternateName\":\"MMK Riepu Serviss\",\"potentialAction\":[{\"@type\":\"SearchAction\",\"target\":{\"@type\":\"EntryPoint\",\"urlTemplate\":\"https:\\\/\\\/mmkriepas.lv\\\/en\\\/?s={search_term_string}\"},\"query-input\":{\"@type\":\"PropertyValueSpecification\",\"valueRequired\":true,\"valueName\":\"search_term_string\"}}],\"inLanguage\":\"en-US\"},{\"@type\":\"ImageObject\",\"inLanguage\":\"en-US\",\"@id\":\"https:\\\/\\\/mmkriepas.lv\\\/en\\\/p\\\/235-50r19-pirelli-cinturato-all-season-sf2-103w-xl\\\/#local-main-organization-logo\",\"url\":\"\",\"contentUrl\":\"\",\"caption\":\"MMK Riepas\"}]}<\/script>\n<meta property=\"product:brand\" content=\"Pirelli CINTURATO All Season SF2\" \/>\n<meta property=\"product:price:amount\" content=\"179.00\" \/>\n<meta property=\"product:price:currency\" content=\"EUR\" \/>\n<meta property=\"og:availability\" content=\"instock\" \/>\n<meta property=\"product:availability\" content=\"instock\" \/>\n<meta property=\"product:retailer_item_id\" content=\"TW2355019PIREL-L20811\" \/>\n<meta property=\"product:condition\" content=\"new\" \/>\n<!-- \/ Yoast SEO Premium plugin. -->","yoast_head_json":{"title":"235\/50R19 Pirelli Cinturato All season SF2 103W XL &#8226; MMK Riepas","robots":{"index":"index","follow":"follow","max-snippet":"max-snippet:-1","max-image-preview":"max-image-preview:large","max-video-preview":"max-video-preview:-1"},"canonical":"https:\/\/mmkriepas.lv\/en\/p\/235-50r19-pirelli-cinturato-all-season-sf2-103w-xl\/","og_locale":"en_US","og_type":"article","og_title":"235\/50R19 Pirelli Cinturato All season SF2 103W XL","og_description":"Pirelli Cinturato All Season SF 2\u00a0ir augst\u0101k\u0101s kvalit\u0101tes jeb Premium klases vissezonas riepu modelis. Tas izce\u013cas ar izciliem sa\u0137eres un manevr\u0113tsp\u0113jas r\u0101d\u012bt\u0101jiem pat lielos brauk\u0161anas \u0101trumos, k\u0101 ar\u012b ar palielin\u0101tu nodilumiztur\u012bbu, un izteiktu brauk\u0161anas komforta l\u012bmeni. Modelis pieejams pla\u0161\u0101 izm\u0113ru kl\u0101st\u0101 no R15 l\u012bdz R20 un paredz\u0113ts sportiska tipa luksus klases vieglaj\u0101m automa\u0161\u012bn\u0101m.","og_url":"https:\/\/mmkriepas.lv\/en\/p\/235-50r19-pirelli-cinturato-all-season-sf2-103w-xl\/","og_site_name":"MMK Riepas","article_publisher":"https:\/\/www.facebook.com\/mmkserviss\/","article_modified_time":"2024-06-01T13:39:32+00:00","og_image":[{"width":1905,"height":1920,"url":"https:\/\/mmkriepas.lv\/wp-content\/uploads\/2023\/10\/21565r17-pirelli-cinturato-all-season-sf2-103v-xl-ziemas-riepas.jpeg","type":"image\/jpeg"}],"twitter_card":"summary_large_image","twitter_misc":{"Price":"&euro;179.00","Availability":"In stock"},"schema":{"@context":"https:\/\/schema.org","@graph":[{"@type":"WebPage","@id":"https:\/\/mmkriepas.lv\/en\/p\/235-50r19-pirelli-cinturato-all-season-sf2-103w-xl\/","url":"https:\/\/mmkriepas.lv\/en\/p\/235-50r19-pirelli-cinturato-all-season-sf2-103w-xl\/","name":"235\/50R19 Pirelli Cinturato All season SF2 103W XL &#8226; MMK Riepas","isPartOf":{"@id":"https:\/\/mmkriepas.lv\/en\/#website"},"primaryImageOfPage":{"@id":"https:\/\/mmkriepas.lv\/en\/p\/235-50r19-pirelli-cinturato-all-season-sf2-103w-xl\/#primaryimage"},"image":{"@id":"https:\/\/mmkriepas.lv\/en\/p\/235-50r19-pirelli-cinturato-all-season-sf2-103w-xl\/#primaryimage"},"thumbnailUrl":"https:\/\/mmkriepas.lv\/wp-content\/uploads\/2023\/10\/21565r17-pirelli-cinturato-all-season-sf2-103v-xl-ziemas-riepas.jpeg","datePublished":"2023-02-20T11:21:46+00:00","dateModified":"2024-06-01T13:39:32+00:00","breadcrumb":{"@id":"https:\/\/mmkriepas.lv\/en\/p\/235-50r19-pirelli-cinturato-all-season-sf2-103w-xl\/#breadcrumb"},"inLanguage":"en-US","potentialAction":[{"@type":"ReadAction","target":["https:\/\/mmkriepas.lv\/en\/p\/235-50r19-pirelli-cinturato-all-season-sf2-103w-xl\/"]}]},{"@type":"ImageObject","inLanguage":"en-US","@id":"https:\/\/mmkriepas.lv\/en\/p\/235-50r19-pirelli-cinturato-all-season-sf2-103w-xl\/#primaryimage","url":"https:\/\/mmkriepas.lv\/wp-content\/uploads\/2023\/10\/21565r17-pirelli-cinturato-all-season-sf2-103v-xl-ziemas-riepas.jpeg","contentUrl":"https:\/\/mmkriepas.lv\/wp-content\/uploads\/2023\/10\/21565r17-pirelli-cinturato-all-season-sf2-103v-xl-ziemas-riepas.jpeg","width":1905,"height":1920,"caption":"215\/65R17 Pirelli Cinturato All Season SF2 103V XL - Vissezonas riepas \/ Ziemas riepas"},{"@type":"BreadcrumbList","@id":"https:\/\/mmkriepas.lv\/en\/p\/235-50r19-pirelli-cinturato-all-season-sf2-103w-xl\/#breadcrumb","itemListElement":[{"@type":"ListItem","position":1,"name":"S\u0101kums","item":"https:\/\/mmkriepas.lv\/en\/"},{"@type":"ListItem","position":2,"name":"235\/50R19 Pirelli Cinturato All season SF2 103W XL"}]},{"@type":"WebSite","@id":"https:\/\/mmkriepas.lv\/en\/#website","url":"https:\/\/mmkriepas.lv\/en\/","name":"MMK Riepas","description":"MMK Riepas","alternateName":"MMK Riepu Serviss","potentialAction":[{"@type":"SearchAction","target":{"@type":"EntryPoint","urlTemplate":"https:\/\/mmkriepas.lv\/en\/?s={search_term_string}"},"query-input":{"@type":"PropertyValueSpecification","valueRequired":true,"valueName":"search_term_string"}}],"inLanguage":"en-US"},{"@type":"ImageObject","inLanguage":"en-US","@id":"https:\/\/mmkriepas.lv\/en\/p\/235-50r19-pirelli-cinturato-all-season-sf2-103w-xl\/#local-main-organization-logo","url":"","contentUrl":"","caption":"MMK Riepas"}]},"product_brand":"Pirelli CINTURATO All Season SF2","product_price_amount":"179.00","product_price_currency":"EUR","og_availability":"instock","product_availability":"instock","product_retailer_item_id":"TW2355019PIREL-L20811","product_condition":"new"},"_links":{"self":[{"href":"https:\/\/mmkriepas.lv\/en\/wp-json\/wp\/v2\/product\/643136","targetHints":{"allow":["GET"]}}],"collection":[{"href":"https:\/\/mmkriepas.lv\/en\/wp-json\/wp\/v2\/product"}],"about":[{"href":"https:\/\/mmkriepas.lv\/en\/wp-json\/wp\/v2\/types\/product"}],"wp:featuredmedia":[{"embeddable":true,"href":"https:\/\/mmkriepas.lv\/en\/wp-json\/wp\/v2\/media\/798686"}],"wp:attachment":[{"href":"https:\/\/mmkriepas.lv\/en\/wp-json\/wp\/v2\/media?parent=643136"}],"wp:term":[{"taxonomy":"product_brand","embeddable":true,"href":"https:\/\/mmkriepas.lv\/en\/wp-json\/wp\/v2\/product_brand?post=643136"},{"taxonomy":"product_cat","embeddable":true,"href":"https:\/\/mmkriepas.lv\/en\/wp-json\/wp\/v2\/product_cat?post=643136"},{"taxonomy":"product_tag","embeddable":true,"href":"https:\/\/mmkriepas.lv\/en\/wp-json\/wp\/v2\/product_tag?post=643136"}],"curies":[{"name":"wp","href":"https:\/\/api.w.org\/{rel}","templated":true}]}}