{"id":623100,"date":"2023-02-15T15:29:42","date_gmt":"2023-02-15T13:29:42","guid":{"rendered":"https:\/\/mmkserviss.lv\/?post_type=product&#038;p=623100"},"modified":"2026-03-27T13:15:13","modified_gmt":"2026-03-27T11:15:13","slug":"205-50r17-nankang-as-2-93v-xl","status":"publish","type":"product","link":"https:\/\/mmkriepas.lv\/en\/p\/205-50r17-nankang-as-2-93v-xl\/","title":{"rendered":"205\/50R17 Nankang Sportnex AS-2+ 93V XL"},"content":{"rendered":"<p><span style=\"font-family: Arial, sans-serif;\"><strong><span style=\"color: #000000;\"><span style=\"font-size: medium;\">Nankang Sportnex AS-2+<\/span><\/span><\/strong><span style=\"color: #000000;\"><span style=\"font-size: medium;\"> ir sportiska tipa vasaras riepu modelis, kas izce\u013cas ar teicamu veiktsp\u0113ju gan uz slapja, gan sausa asfalta. Pieejamas pla\u0161\u0101 izm\u0113ru kl\u0101st\u0101 un piem\u0113rotas gan vieglaj\u0101m, gan apvidus jeb SUV automa\u0161\u012bn\u0101m.<\/span><\/span><\/span><\/p>\n<h3 class=\"western\"><strong><span style=\"color: #000000;\"><span style=\"font-family: Arial, sans-serif;\">Nankang Sportnex AS-2+ galven\u0101s \u012bpa\u0161\u012bbas<\/span><\/span><\/strong><\/h3>\n<p><span style=\"color: #000000;\"><span style=\"font-family: Arial, sans-serif;\">+ Augsts cenas un veiktsp\u0113jas koeficents.<br \/>+ Sa\u012bsin\u0101ts bremz\u0113\u0161anas ce\u013c\u0161 gan uz sauca, gan slapja asfalta.<br \/>+ Degvielas ekonomija.<br \/>+ Akustiskais komforts.<br \/>+ Att\u012bst\u012bta dren\u0101\u017eas jeb \u016bdens novadkan\u0101lu sist\u0113ma, kas b\u016btiski samazina akvaplan\u0113\u0161anas risku pat lielos brauk\u0161anas \u0101trumos.<\/span><\/span><\/p>\n<h3 class=\"western\"><span style=\"font-family: Arial, sans-serif;\"><strong><span style=\"color: #000000;\"><span style=\"font-size: medium;\">Sportnex AS-2+ apr\u012bkojums<\/span><\/span><\/strong><\/span><\/h3>\n<p><strong><span style=\"color: #000000;\"><span style=\"font-family: Arial, sans-serif;\">Nankang Sportnex AS-2+ <\/span><\/span><\/strong><span style=\"color: #000000;\"><span style=\"font-family: Arial, sans-serif;\">vasaras riepas apr\u012bkotas ar unik\u0101la dizaina asimetrisku protektora rakstu. Starp gareniskaj\u0101m protektora virkn\u0113m izvietotas pla\u0161as \u016bdens novadrievas, kas b\u016btiski uzlabo dro\u0161\u012bbu uz slapja asfalta.<\/span><\/span><\/p>\n<p><span style=\"color: #000000;\"><span style=\"font-family: Arial, sans-serif;\">Protektors veidots no ausgtas kvalit\u0101tes gumijas un sil\u012bcija sajaukuma. Tam pievienota virkne elementu, kuri vienlaikus uzlabo nodilumiztur\u012bbu, sa\u0137eres \u012bpa\u0161\u012bbas un ar\u012b sl\u0101p\u0113 ska\u0146u.<\/span><\/span><\/p>\n","protected":false},"excerpt":{"rendered":"<p><span style=\"font-family: Arial, sans-serif;\"><strong><span style=\"color: #000000;\"><span style=\"font-size: medium;\">Nankang Sportnex AS-2+<\/span><\/span><\/strong><span style=\"color: #000000;\"><span style=\"font-size: medium;\"> ir sportiska tipa vasaras riepu modelis, kas izce\u013cas ar teicamu veiktsp\u0113ju gan uz slapja, gan sausa asfalta. Pieejamas pla\u0161\u0101 izm\u0113ru kl\u0101st\u0101 un piem\u0113rotas gan vieglaj\u0101m, gan apvidus jeb SUV automa\u0161\u012bn\u0101m.<\/span><\/span><\/span><\/p>\n","protected":false},"featured_media":901393,"template":"","meta":{"_acf_changed":false,"ngg_post_thumbnail":0},"product_brand":[],"product_cat":[46],"product_tag":[],"class_list":{"0":"post-623100","1":"product","2":"type-product","3":"status-publish","4":"has-post-thumbnail","6":"product_cat-vasaras-riepas","8":"first","9":"instock","10":"sale","11":"taxable","12":"shipping-taxable","13":"purchasable","14":"product-type-simple"},"acf":[],"yoast_head":"<!-- This site is optimized with the Yoast SEO Premium plugin v22.6 (Yoast SEO v27.3) - https:\/\/yoast.com\/product\/yoast-seo-premium-wordpress\/ -->\n<title>205\/50R17 Nankang Sportnex AS-2+ 93V XL &#8226; MMK Riepas<\/title>\n<meta name=\"robots\" content=\"index, follow, max-snippet:-1, max-image-preview:large, max-video-preview:-1\" \/>\n<link rel=\"canonical\" href=\"https:\/\/mmkriepas.lv\/en\/p\/205-50r17-nankang-as-2-93v-xl\/\" \/>\n<meta property=\"og:locale\" content=\"en_US\" \/>\n<meta property=\"og:type\" content=\"article\" \/>\n<meta property=\"og:title\" content=\"205\/50R17 Nankang Sportnex AS-2+ 93V XL\" \/>\n<meta property=\"og:description\" content=\"Nankang Sportnex AS-2+ ir sportiska tipa vasaras riepu modelis, kas izce\u013cas ar teicamu veiktsp\u0113ju gan uz slapja, gan sausa asfalta. Pieejamas pla\u0161\u0101 izm\u0113ru kl\u0101st\u0101 un piem\u0113rotas gan vieglaj\u0101m, gan apvidus jeb SUV automa\u0161\u012bn\u0101m.\" \/>\n<meta property=\"og:url\" content=\"https:\/\/mmkriepas.lv\/en\/p\/205-50r17-nankang-as-2-93v-xl\/\" \/>\n<meta property=\"og:site_name\" content=\"MMK Riepas\" \/>\n<meta property=\"article:publisher\" content=\"https:\/\/www.facebook.com\/mmkserviss\/\" \/>\n<meta property=\"article:modified_time\" content=\"2026-03-27T11:15:13+00:00\" \/>\n<meta property=\"og:image\" content=\"https:\/\/mmkriepas.lv\/wp-content\/uploads\/2024\/05\/nankang-sportnex-as-2.jpg\" \/>\n\t<meta property=\"og:image:width\" content=\"900\" \/>\n\t<meta property=\"og:image:height\" content=\"720\" \/>\n\t<meta property=\"og:image:type\" content=\"image\/jpeg\" \/>\n<meta name=\"twitter:card\" content=\"summary_large_image\" \/>\n<meta name=\"twitter:label1\" content=\"Price\" \/>\n\t<meta name=\"twitter:data1\" content=\"&euro;71.00\" \/>\n\t<meta name=\"twitter:label2\" content=\"Availability\" \/>\n\t<meta name=\"twitter:data2\" content=\"In stock\" \/>\n<script type=\"application\/ld+json\" class=\"yoast-schema-graph\">{\"@context\":\"https:\\\/\\\/schema.org\",\"@graph\":[{\"@type\":\"WebPage\",\"@id\":\"https:\\\/\\\/mmkriepas.lv\\\/en\\\/p\\\/205-50r17-nankang-as-2-93v-xl\\\/\",\"url\":\"https:\\\/\\\/mmkriepas.lv\\\/en\\\/p\\\/205-50r17-nankang-as-2-93v-xl\\\/\",\"name\":\"205\\\/50R17 Nankang Sportnex AS-2+ 93V XL &#8226; MMK Riepas\",\"isPartOf\":{\"@id\":\"https:\\\/\\\/mmkriepas.lv\\\/en\\\/#website\"},\"primaryImageOfPage\":{\"@id\":\"https:\\\/\\\/mmkriepas.lv\\\/en\\\/p\\\/205-50r17-nankang-as-2-93v-xl\\\/#primaryimage\"},\"image\":{\"@id\":\"https:\\\/\\\/mmkriepas.lv\\\/en\\\/p\\\/205-50r17-nankang-as-2-93v-xl\\\/#primaryimage\"},\"thumbnailUrl\":\"https:\\\/\\\/mmkriepas.lv\\\/wp-content\\\/uploads\\\/2024\\\/05\\\/nankang-sportnex-as-2.jpg\",\"datePublished\":\"2023-02-15T13:29:42+00:00\",\"dateModified\":\"2026-03-27T11:15:13+00:00\",\"breadcrumb\":{\"@id\":\"https:\\\/\\\/mmkriepas.lv\\\/en\\\/p\\\/205-50r17-nankang-as-2-93v-xl\\\/#breadcrumb\"},\"inLanguage\":\"en-US\",\"potentialAction\":[{\"@type\":\"ReadAction\",\"target\":[\"https:\\\/\\\/mmkriepas.lv\\\/en\\\/p\\\/205-50r17-nankang-as-2-93v-xl\\\/\"]}]},{\"@type\":\"ImageObject\",\"inLanguage\":\"en-US\",\"@id\":\"https:\\\/\\\/mmkriepas.lv\\\/en\\\/p\\\/205-50r17-nankang-as-2-93v-xl\\\/#primaryimage\",\"url\":\"https:\\\/\\\/mmkriepas.lv\\\/wp-content\\\/uploads\\\/2024\\\/05\\\/nankang-sportnex-as-2.jpg\",\"contentUrl\":\"https:\\\/\\\/mmkriepas.lv\\\/wp-content\\\/uploads\\\/2024\\\/05\\\/nankang-sportnex-as-2.jpg\",\"width\":900,\"height\":720,\"caption\":\"MAIN\"},{\"@type\":\"BreadcrumbList\",\"@id\":\"https:\\\/\\\/mmkriepas.lv\\\/en\\\/p\\\/205-50r17-nankang-as-2-93v-xl\\\/#breadcrumb\",\"itemListElement\":[{\"@type\":\"ListItem\",\"position\":1,\"name\":\"S\u0101kums\",\"item\":\"https:\\\/\\\/mmkriepas.lv\\\/en\\\/\"},{\"@type\":\"ListItem\",\"position\":2,\"name\":\"205\\\/50R17 Nankang Sportnex AS-2+ 93V XL\"}]},{\"@type\":\"WebSite\",\"@id\":\"https:\\\/\\\/mmkriepas.lv\\\/en\\\/#website\",\"url\":\"https:\\\/\\\/mmkriepas.lv\\\/en\\\/\",\"name\":\"MMK Riepas\",\"description\":\"MMK Riepas\",\"alternateName\":\"MMK Riepu Serviss\",\"potentialAction\":[{\"@type\":\"SearchAction\",\"target\":{\"@type\":\"EntryPoint\",\"urlTemplate\":\"https:\\\/\\\/mmkriepas.lv\\\/en\\\/?s={search_term_string}\"},\"query-input\":{\"@type\":\"PropertyValueSpecification\",\"valueRequired\":true,\"valueName\":\"search_term_string\"}}],\"inLanguage\":\"en-US\"},{\"@type\":\"ImageObject\",\"inLanguage\":\"en-US\",\"@id\":\"https:\\\/\\\/mmkriepas.lv\\\/en\\\/p\\\/205-50r17-nankang-as-2-93v-xl\\\/#local-main-organization-logo\",\"url\":\"\",\"contentUrl\":\"\",\"caption\":\"MMK Riepas\"}]}<\/script>\n<meta property=\"product:brand\" content=\"Nankang Sportnex AS-2+\" \/>\n<meta property=\"product:price:amount\" content=\"71.00\" \/>\n<meta property=\"product:price:currency\" content=\"EUR\" \/>\n<meta property=\"og:availability\" content=\"instock\" \/>\n<meta property=\"product:availability\" content=\"instock\" \/>\n<meta property=\"product:retailer_item_id\" content=\"TS2055017NANKA-L20592\" \/>\n<meta property=\"product:condition\" content=\"new\" \/>\n<!-- \/ Yoast SEO Premium plugin. -->","yoast_head_json":{"title":"205\/50R17 Nankang Sportnex AS-2+ 93V XL &#8226; MMK Riepas","robots":{"index":"index","follow":"follow","max-snippet":"max-snippet:-1","max-image-preview":"max-image-preview:large","max-video-preview":"max-video-preview:-1"},"canonical":"https:\/\/mmkriepas.lv\/en\/p\/205-50r17-nankang-as-2-93v-xl\/","og_locale":"en_US","og_type":"article","og_title":"205\/50R17 Nankang Sportnex AS-2+ 93V XL","og_description":"Nankang Sportnex AS-2+ ir sportiska tipa vasaras riepu modelis, kas izce\u013cas ar teicamu veiktsp\u0113ju gan uz slapja, gan sausa asfalta. Pieejamas pla\u0161\u0101 izm\u0113ru kl\u0101st\u0101 un piem\u0113rotas gan vieglaj\u0101m, gan apvidus jeb SUV automa\u0161\u012bn\u0101m.","og_url":"https:\/\/mmkriepas.lv\/en\/p\/205-50r17-nankang-as-2-93v-xl\/","og_site_name":"MMK Riepas","article_publisher":"https:\/\/www.facebook.com\/mmkserviss\/","article_modified_time":"2026-03-27T11:15:13+00:00","og_image":[{"width":900,"height":720,"url":"https:\/\/mmkriepas.lv\/wp-content\/uploads\/2024\/05\/nankang-sportnex-as-2.jpg","type":"image\/jpeg"}],"twitter_card":"summary_large_image","twitter_misc":{"Price":"&euro;71.00","Availability":"In stock"},"schema":{"@context":"https:\/\/schema.org","@graph":[{"@type":"WebPage","@id":"https:\/\/mmkriepas.lv\/en\/p\/205-50r17-nankang-as-2-93v-xl\/","url":"https:\/\/mmkriepas.lv\/en\/p\/205-50r17-nankang-as-2-93v-xl\/","name":"205\/50R17 Nankang Sportnex AS-2+ 93V XL &#8226; MMK Riepas","isPartOf":{"@id":"https:\/\/mmkriepas.lv\/en\/#website"},"primaryImageOfPage":{"@id":"https:\/\/mmkriepas.lv\/en\/p\/205-50r17-nankang-as-2-93v-xl\/#primaryimage"},"image":{"@id":"https:\/\/mmkriepas.lv\/en\/p\/205-50r17-nankang-as-2-93v-xl\/#primaryimage"},"thumbnailUrl":"https:\/\/mmkriepas.lv\/wp-content\/uploads\/2024\/05\/nankang-sportnex-as-2.jpg","datePublished":"2023-02-15T13:29:42+00:00","dateModified":"2026-03-27T11:15:13+00:00","breadcrumb":{"@id":"https:\/\/mmkriepas.lv\/en\/p\/205-50r17-nankang-as-2-93v-xl\/#breadcrumb"},"inLanguage":"en-US","potentialAction":[{"@type":"ReadAction","target":["https:\/\/mmkriepas.lv\/en\/p\/205-50r17-nankang-as-2-93v-xl\/"]}]},{"@type":"ImageObject","inLanguage":"en-US","@id":"https:\/\/mmkriepas.lv\/en\/p\/205-50r17-nankang-as-2-93v-xl\/#primaryimage","url":"https:\/\/mmkriepas.lv\/wp-content\/uploads\/2024\/05\/nankang-sportnex-as-2.jpg","contentUrl":"https:\/\/mmkriepas.lv\/wp-content\/uploads\/2024\/05\/nankang-sportnex-as-2.jpg","width":900,"height":720,"caption":"MAIN"},{"@type":"BreadcrumbList","@id":"https:\/\/mmkriepas.lv\/en\/p\/205-50r17-nankang-as-2-93v-xl\/#breadcrumb","itemListElement":[{"@type":"ListItem","position":1,"name":"S\u0101kums","item":"https:\/\/mmkriepas.lv\/en\/"},{"@type":"ListItem","position":2,"name":"205\/50R17 Nankang Sportnex AS-2+ 93V XL"}]},{"@type":"WebSite","@id":"https:\/\/mmkriepas.lv\/en\/#website","url":"https:\/\/mmkriepas.lv\/en\/","name":"MMK Riepas","description":"MMK Riepas","alternateName":"MMK Riepu Serviss","potentialAction":[{"@type":"SearchAction","target":{"@type":"EntryPoint","urlTemplate":"https:\/\/mmkriepas.lv\/en\/?s={search_term_string}"},"query-input":{"@type":"PropertyValueSpecification","valueRequired":true,"valueName":"search_term_string"}}],"inLanguage":"en-US"},{"@type":"ImageObject","inLanguage":"en-US","@id":"https:\/\/mmkriepas.lv\/en\/p\/205-50r17-nankang-as-2-93v-xl\/#local-main-organization-logo","url":"","contentUrl":"","caption":"MMK Riepas"}]},"product_brand":"Nankang Sportnex AS-2+","product_price_amount":"71.00","product_price_currency":"EUR","og_availability":"instock","product_availability":"instock","product_retailer_item_id":"TS2055017NANKA-L20592","product_condition":"new"},"_links":{"self":[{"href":"https:\/\/mmkriepas.lv\/en\/wp-json\/wp\/v2\/product\/623100","targetHints":{"allow":["GET"]}}],"collection":[{"href":"https:\/\/mmkriepas.lv\/en\/wp-json\/wp\/v2\/product"}],"about":[{"href":"https:\/\/mmkriepas.lv\/en\/wp-json\/wp\/v2\/types\/product"}],"wp:featuredmedia":[{"embeddable":true,"href":"https:\/\/mmkriepas.lv\/en\/wp-json\/wp\/v2\/media\/901393"}],"wp:attachment":[{"href":"https:\/\/mmkriepas.lv\/en\/wp-json\/wp\/v2\/media?parent=623100"}],"wp:term":[{"taxonomy":"product_brand","embeddable":true,"href":"https:\/\/mmkriepas.lv\/en\/wp-json\/wp\/v2\/product_brand?post=623100"},{"taxonomy":"product_cat","embeddable":true,"href":"https:\/\/mmkriepas.lv\/en\/wp-json\/wp\/v2\/product_cat?post=623100"},{"taxonomy":"product_tag","embeddable":true,"href":"https:\/\/mmkriepas.lv\/en\/wp-json\/wp\/v2\/product_tag?post=623100"}],"curies":[{"name":"wp","href":"https:\/\/api.w.org\/{rel}","templated":true}]}}