{"id":623082,"date":"2023-02-15T15:29:09","date_gmt":"2023-02-15T13:29:09","guid":{"rendered":"https:\/\/mmkserviss.lv\/?post_type=product&#038;p=623082"},"modified":"2026-03-27T13:15:04","modified_gmt":"2026-03-27T11:15:04","slug":"205-55r16-nankang-na-1-94v-xl","status":"publish","type":"product","link":"https:\/\/mmkriepas.lv\/en\/p\/205-55r16-nankang-na-1-94v-xl\/","title":{"rendered":"205\/55R16 Nankang Econex NA-1 94V XL"},"content":{"rendered":"<p><strong><span style=\"color: #000000;\"><span style=\"font-family: Arial, sans-serif;\"><span style=\"font-size: small;\">Nankang Econex NA-1<\/span><\/span><\/span><\/strong><strong><span style=\"color: #000000;\"><span style=\"font-family: Arial, sans-serif;\"><span style=\"font-size: small;\"><span> labas kvalit\u0101tes, bud\u017eeta klases vasaras riepu modelis. Tas izce\u013cas ar \u013coti labu veiktsp\u0113ju gan uz slapja, gan sausa asfalta. Pieejamas pla\u0161\u0101 izm\u0113ru kl\u0101st\u0101 no R12 l\u012bdz pat R19. \u0160is riepu modelis paredz\u0113ts uzst\u0101d\u012b\u0161anai kompaktklases vieglaj\u0101m automa\u0161\u012bn\u0101m.<\/span><\/span><\/span><\/span><\/strong><\/p>\n<p><span style=\"font-family: Arial, sans-serif;\"><b>Nankang Econex NA-1 galven\u0101s \u012bpa\u0161\u012bbas<\/b><\/span><\/p>\n<p><span style=\"font-family: Arial, sans-serif;\">+ Augsts cenas un veiktsp\u0113jas koeficents.<br \/>+ Sa\u012bsin\u0101ts bremz\u0113\u0161anas ce\u013c\u0161 gan uz sauca, gan slapja asfalta.<br \/>+ Degvielas ekonomija.<br \/>+ Akustiskais komforts.<br \/>+ Att\u012bst\u012bta dren\u0101\u017eas jeb \u016bdens novadkan\u0101lu sist\u0113ma, kas b\u016btiski samazina akvaplan\u0113\u0161anas risku pat lielos brauk\u0161anas \u0101trumos.<\/span><\/p>\n<p><strong><span style=\"font-family: Arial, sans-serif;\">Econex NA-1 apr\u012bkojums<\/span><\/strong><\/p>\n<p><strong><span style=\"font-family: Arial, sans-serif;\"><span style=\"font-size: small;\">Nankang Econex NA-1<\/span><\/span><\/strong><span style=\"font-family: Arial, sans-serif;\"><span style=\"font-size: small;\"> vasaras riepas apr\u012bkotas ar unik\u0101la dizaina asimetrisku protektora rakstu. Starp gareniskaj\u0101m protektora virkn\u0113m izvietotas pla\u0161as \u016bdens novadrievas, kas b\u016btiski uzlabo dro\u0161\u012bbu uz slapja asfalta.<\/span><\/span><\/p>\n<p><span style=\"font-family: Arial, sans-serif;\">Protektors veidots no ausgtas kvalit\u0101tes gumijas un sil\u012bcija sajaukuma. Tam pievienota virkne elementu, kuri vienlaikus uzlabo nodilumiztur\u012bbu, sa\u0137eres \u012bpa\u0161\u012bbas un ar\u012b sl\u0101p\u0113 ska\u0146u.<\/span><\/p>\n","protected":false},"excerpt":{"rendered":"<p><strong><span style=\"color: #000000;\"><span style=\"font-family: Arial, sans-serif;\"><span style=\"font-size: small;\">Nankang Econex NA-1<\/span><\/span><\/span><\/strong><span style=\"color: #000000;\"><span style=\"font-family: Arial, sans-serif;\"><span style=\"font-size: small;\"> labas kvalit\u0101tes, bud\u017eeta klases vasaras riepu modelis. Tas izce\u013cas ar \u013coti labu veiktsp\u0113ju gan uz slapja, gan sausa asfalta. Pieejamas pla\u0161\u0101 izm\u0113ru kl\u0101st\u0101 no R12 l\u012bdz pat R19. \u0160is riepu modelis paredz\u0113ts uzst\u0101d\u012b\u0161anai kompaktklases vieglaj\u0101m automa\u0161\u012bn\u0101m.<\/span><\/span><\/span><\/p>\n","protected":false},"featured_media":1251560,"template":"","meta":{"_acf_changed":false,"ngg_post_thumbnail":0},"product_brand":[],"product_cat":[46],"product_tag":[],"class_list":{"0":"post-623082","1":"product","2":"type-product","3":"status-publish","4":"has-post-thumbnail","6":"product_cat-vasaras-riepas","8":"first","9":"instock","10":"sale","11":"taxable","12":"shipping-taxable","13":"purchasable","14":"product-type-simple"},"acf":[],"yoast_head":"<!-- This site is optimized with the Yoast SEO Premium plugin v22.6 (Yoast SEO v27.3) - https:\/\/yoast.com\/product\/yoast-seo-premium-wordpress\/ -->\n<title>205\/55R16 Nankang Econex NA-1 94V XL &#8226; MMK Riepas<\/title>\n<meta name=\"robots\" content=\"index, follow, max-snippet:-1, max-image-preview:large, max-video-preview:-1\" \/>\n<link rel=\"canonical\" href=\"https:\/\/mmkriepas.lv\/en\/p\/205-55r16-nankang-na-1-94v-xl\/\" \/>\n<meta property=\"og:locale\" content=\"en_US\" \/>\n<meta property=\"og:type\" content=\"article\" \/>\n<meta property=\"og:title\" content=\"205\/55R16 Nankang Econex NA-1 94V XL\" \/>\n<meta property=\"og:description\" content=\"Nankang Econex NA-1 labas kvalit\u0101tes, bud\u017eeta klases vasaras riepu modelis. Tas izce\u013cas ar \u013coti labu veiktsp\u0113ju gan uz slapja, gan sausa asfalta. Pieejamas pla\u0161\u0101 izm\u0113ru kl\u0101st\u0101 no R12 l\u012bdz pat R19. \u0160is riepu modelis paredz\u0113ts uzst\u0101d\u012b\u0161anai kompaktklases vieglaj\u0101m automa\u0161\u012bn\u0101m.\" \/>\n<meta property=\"og:url\" content=\"https:\/\/mmkriepas.lv\/en\/p\/205-55r16-nankang-na-1-94v-xl\/\" \/>\n<meta property=\"og:site_name\" content=\"MMK Riepas\" \/>\n<meta property=\"article:publisher\" content=\"https:\/\/www.facebook.com\/mmkserviss\/\" \/>\n<meta property=\"article:modified_time\" content=\"2026-03-27T11:15:04+00:00\" \/>\n<meta property=\"og:image\" content=\"https:\/\/mmkriepas.lv\/wp-content\/uploads\/2025\/06\/18560r15-nankang-econex-na-1-88h-xl-vasaras-riepas.jpg\" \/>\n\t<meta property=\"og:image:width\" content=\"900\" \/>\n\t<meta property=\"og:image:height\" content=\"720\" \/>\n\t<meta property=\"og:image:type\" content=\"image\/jpeg\" \/>\n<meta name=\"twitter:card\" content=\"summary_large_image\" \/>\n<meta name=\"twitter:label1\" content=\"Price\" \/>\n\t<meta name=\"twitter:data1\" content=\"&euro;55.00\" \/>\n\t<meta name=\"twitter:label2\" content=\"Availability\" \/>\n\t<meta name=\"twitter:data2\" content=\"In stock\" \/>\n<script type=\"application\/ld+json\" class=\"yoast-schema-graph\">{\"@context\":\"https:\\\/\\\/schema.org\",\"@graph\":[{\"@type\":\"WebPage\",\"@id\":\"https:\\\/\\\/mmkriepas.lv\\\/en\\\/p\\\/205-55r16-nankang-na-1-94v-xl\\\/\",\"url\":\"https:\\\/\\\/mmkriepas.lv\\\/en\\\/p\\\/205-55r16-nankang-na-1-94v-xl\\\/\",\"name\":\"205\\\/55R16 Nankang Econex NA-1 94V XL &#8226; MMK Riepas\",\"isPartOf\":{\"@id\":\"https:\\\/\\\/mmkriepas.lv\\\/en\\\/#website\"},\"primaryImageOfPage\":{\"@id\":\"https:\\\/\\\/mmkriepas.lv\\\/en\\\/p\\\/205-55r16-nankang-na-1-94v-xl\\\/#primaryimage\"},\"image\":{\"@id\":\"https:\\\/\\\/mmkriepas.lv\\\/en\\\/p\\\/205-55r16-nankang-na-1-94v-xl\\\/#primaryimage\"},\"thumbnailUrl\":\"https:\\\/\\\/mmkriepas.lv\\\/wp-content\\\/uploads\\\/2025\\\/06\\\/18560r15-nankang-econex-na-1-88h-xl-vasaras-riepas.jpg\",\"datePublished\":\"2023-02-15T13:29:09+00:00\",\"dateModified\":\"2026-03-27T11:15:04+00:00\",\"breadcrumb\":{\"@id\":\"https:\\\/\\\/mmkriepas.lv\\\/en\\\/p\\\/205-55r16-nankang-na-1-94v-xl\\\/#breadcrumb\"},\"inLanguage\":\"en-US\",\"potentialAction\":[{\"@type\":\"ReadAction\",\"target\":[\"https:\\\/\\\/mmkriepas.lv\\\/en\\\/p\\\/205-55r16-nankang-na-1-94v-xl\\\/\"]}]},{\"@type\":\"ImageObject\",\"inLanguage\":\"en-US\",\"@id\":\"https:\\\/\\\/mmkriepas.lv\\\/en\\\/p\\\/205-55r16-nankang-na-1-94v-xl\\\/#primaryimage\",\"url\":\"https:\\\/\\\/mmkriepas.lv\\\/wp-content\\\/uploads\\\/2025\\\/06\\\/18560r15-nankang-econex-na-1-88h-xl-vasaras-riepas.jpg\",\"contentUrl\":\"https:\\\/\\\/mmkriepas.lv\\\/wp-content\\\/uploads\\\/2025\\\/06\\\/18560r15-nankang-econex-na-1-88h-xl-vasaras-riepas.jpg\",\"width\":900,\"height\":720,\"caption\":\"MAIN\"},{\"@type\":\"BreadcrumbList\",\"@id\":\"https:\\\/\\\/mmkriepas.lv\\\/en\\\/p\\\/205-55r16-nankang-na-1-94v-xl\\\/#breadcrumb\",\"itemListElement\":[{\"@type\":\"ListItem\",\"position\":1,\"name\":\"S\u0101kums\",\"item\":\"https:\\\/\\\/mmkriepas.lv\\\/en\\\/\"},{\"@type\":\"ListItem\",\"position\":2,\"name\":\"205\\\/55R16 Nankang Econex NA-1 94V XL\"}]},{\"@type\":\"WebSite\",\"@id\":\"https:\\\/\\\/mmkriepas.lv\\\/en\\\/#website\",\"url\":\"https:\\\/\\\/mmkriepas.lv\\\/en\\\/\",\"name\":\"MMK Riepas\",\"description\":\"MMK Riepas\",\"alternateName\":\"MMK Riepu Serviss\",\"potentialAction\":[{\"@type\":\"SearchAction\",\"target\":{\"@type\":\"EntryPoint\",\"urlTemplate\":\"https:\\\/\\\/mmkriepas.lv\\\/en\\\/?s={search_term_string}\"},\"query-input\":{\"@type\":\"PropertyValueSpecification\",\"valueRequired\":true,\"valueName\":\"search_term_string\"}}],\"inLanguage\":\"en-US\"},{\"@type\":\"ImageObject\",\"inLanguage\":\"en-US\",\"@id\":\"https:\\\/\\\/mmkriepas.lv\\\/en\\\/p\\\/205-55r16-nankang-na-1-94v-xl\\\/#local-main-organization-logo\",\"url\":\"\",\"contentUrl\":\"\",\"caption\":\"MMK Riepas\"}]}<\/script>\n<meta property=\"product:brand\" content=\"Nankang Econex NA-1\" \/>\n<meta property=\"product:price:amount\" content=\"55.00\" \/>\n<meta property=\"product:price:currency\" content=\"EUR\" \/>\n<meta property=\"og:availability\" content=\"instock\" \/>\n<meta property=\"product:availability\" content=\"instock\" \/>\n<meta property=\"product:retailer_item_id\" content=\"TS2055516NANKA-L20586\" \/>\n<meta property=\"product:condition\" content=\"new\" \/>\n<!-- \/ Yoast SEO Premium plugin. -->","yoast_head_json":{"title":"205\/55R16 Nankang Econex NA-1 94V XL &#8226; MMK Riepas","robots":{"index":"index","follow":"follow","max-snippet":"max-snippet:-1","max-image-preview":"max-image-preview:large","max-video-preview":"max-video-preview:-1"},"canonical":"https:\/\/mmkriepas.lv\/en\/p\/205-55r16-nankang-na-1-94v-xl\/","og_locale":"en_US","og_type":"article","og_title":"205\/55R16 Nankang Econex NA-1 94V XL","og_description":"Nankang Econex NA-1 labas kvalit\u0101tes, bud\u017eeta klases vasaras riepu modelis. Tas izce\u013cas ar \u013coti labu veiktsp\u0113ju gan uz slapja, gan sausa asfalta. Pieejamas pla\u0161\u0101 izm\u0113ru kl\u0101st\u0101 no R12 l\u012bdz pat R19. \u0160is riepu modelis paredz\u0113ts uzst\u0101d\u012b\u0161anai kompaktklases vieglaj\u0101m automa\u0161\u012bn\u0101m.","og_url":"https:\/\/mmkriepas.lv\/en\/p\/205-55r16-nankang-na-1-94v-xl\/","og_site_name":"MMK Riepas","article_publisher":"https:\/\/www.facebook.com\/mmkserviss\/","article_modified_time":"2026-03-27T11:15:04+00:00","og_image":[{"width":900,"height":720,"url":"https:\/\/mmkriepas.lv\/wp-content\/uploads\/2025\/06\/18560r15-nankang-econex-na-1-88h-xl-vasaras-riepas.jpg","type":"image\/jpeg"}],"twitter_card":"summary_large_image","twitter_misc":{"Price":"&euro;55.00","Availability":"In stock"},"schema":{"@context":"https:\/\/schema.org","@graph":[{"@type":"WebPage","@id":"https:\/\/mmkriepas.lv\/en\/p\/205-55r16-nankang-na-1-94v-xl\/","url":"https:\/\/mmkriepas.lv\/en\/p\/205-55r16-nankang-na-1-94v-xl\/","name":"205\/55R16 Nankang Econex NA-1 94V XL &#8226; MMK Riepas","isPartOf":{"@id":"https:\/\/mmkriepas.lv\/en\/#website"},"primaryImageOfPage":{"@id":"https:\/\/mmkriepas.lv\/en\/p\/205-55r16-nankang-na-1-94v-xl\/#primaryimage"},"image":{"@id":"https:\/\/mmkriepas.lv\/en\/p\/205-55r16-nankang-na-1-94v-xl\/#primaryimage"},"thumbnailUrl":"https:\/\/mmkriepas.lv\/wp-content\/uploads\/2025\/06\/18560r15-nankang-econex-na-1-88h-xl-vasaras-riepas.jpg","datePublished":"2023-02-15T13:29:09+00:00","dateModified":"2026-03-27T11:15:04+00:00","breadcrumb":{"@id":"https:\/\/mmkriepas.lv\/en\/p\/205-55r16-nankang-na-1-94v-xl\/#breadcrumb"},"inLanguage":"en-US","potentialAction":[{"@type":"ReadAction","target":["https:\/\/mmkriepas.lv\/en\/p\/205-55r16-nankang-na-1-94v-xl\/"]}]},{"@type":"ImageObject","inLanguage":"en-US","@id":"https:\/\/mmkriepas.lv\/en\/p\/205-55r16-nankang-na-1-94v-xl\/#primaryimage","url":"https:\/\/mmkriepas.lv\/wp-content\/uploads\/2025\/06\/18560r15-nankang-econex-na-1-88h-xl-vasaras-riepas.jpg","contentUrl":"https:\/\/mmkriepas.lv\/wp-content\/uploads\/2025\/06\/18560r15-nankang-econex-na-1-88h-xl-vasaras-riepas.jpg","width":900,"height":720,"caption":"MAIN"},{"@type":"BreadcrumbList","@id":"https:\/\/mmkriepas.lv\/en\/p\/205-55r16-nankang-na-1-94v-xl\/#breadcrumb","itemListElement":[{"@type":"ListItem","position":1,"name":"S\u0101kums","item":"https:\/\/mmkriepas.lv\/en\/"},{"@type":"ListItem","position":2,"name":"205\/55R16 Nankang Econex NA-1 94V XL"}]},{"@type":"WebSite","@id":"https:\/\/mmkriepas.lv\/en\/#website","url":"https:\/\/mmkriepas.lv\/en\/","name":"MMK Riepas","description":"MMK Riepas","alternateName":"MMK Riepu Serviss","potentialAction":[{"@type":"SearchAction","target":{"@type":"EntryPoint","urlTemplate":"https:\/\/mmkriepas.lv\/en\/?s={search_term_string}"},"query-input":{"@type":"PropertyValueSpecification","valueRequired":true,"valueName":"search_term_string"}}],"inLanguage":"en-US"},{"@type":"ImageObject","inLanguage":"en-US","@id":"https:\/\/mmkriepas.lv\/en\/p\/205-55r16-nankang-na-1-94v-xl\/#local-main-organization-logo","url":"","contentUrl":"","caption":"MMK Riepas"}]},"product_brand":"Nankang Econex NA-1","product_price_amount":"55.00","product_price_currency":"EUR","og_availability":"instock","product_availability":"instock","product_retailer_item_id":"TS2055516NANKA-L20586","product_condition":"new"},"_links":{"self":[{"href":"https:\/\/mmkriepas.lv\/en\/wp-json\/wp\/v2\/product\/623082","targetHints":{"allow":["GET"]}}],"collection":[{"href":"https:\/\/mmkriepas.lv\/en\/wp-json\/wp\/v2\/product"}],"about":[{"href":"https:\/\/mmkriepas.lv\/en\/wp-json\/wp\/v2\/types\/product"}],"wp:featuredmedia":[{"embeddable":true,"href":"https:\/\/mmkriepas.lv\/en\/wp-json\/wp\/v2\/media\/1251560"}],"wp:attachment":[{"href":"https:\/\/mmkriepas.lv\/en\/wp-json\/wp\/v2\/media?parent=623082"}],"wp:term":[{"taxonomy":"product_brand","embeddable":true,"href":"https:\/\/mmkriepas.lv\/en\/wp-json\/wp\/v2\/product_brand?post=623082"},{"taxonomy":"product_cat","embeddable":true,"href":"https:\/\/mmkriepas.lv\/en\/wp-json\/wp\/v2\/product_cat?post=623082"},{"taxonomy":"product_tag","embeddable":true,"href":"https:\/\/mmkriepas.lv\/en\/wp-json\/wp\/v2\/product_tag?post=623082"}],"curies":[{"name":"wp","href":"https:\/\/api.w.org\/{rel}","templated":true}]}}