{"id":622813,"date":"2023-02-15T15:20:36","date_gmt":"2023-02-15T13:20:36","guid":{"rendered":"https:\/\/mmkserviss.lv\/?post_type=product&#038;p=622813"},"modified":"2026-03-27T13:14:11","modified_gmt":"2026-03-27T11:14:11","slug":"255-40r19-michelin-pilot-sport-5-100y-xl-2","status":"publish","type":"product","link":"https:\/\/mmkriepas.lv\/en\/p\/255-40r19-michelin-pilot-sport-5-100y-xl-2\/","title":{"rendered":"255\/40R19 Michelin Pilot Sport 5 100Y XL RP"},"content":{"rendered":"<p><b><span>Michelin Pilot Sport 5 \u2013\u00a0<\/span><\/b><span>jaun\u0101kais augstas veiktsp\u0113jas vasaras Michelin riepu modelis. Paredz\u0113ts sportiskai un dinamiskai brauk\u0161anai ar jaud\u012bg\u0101m automa\u0161\u012bn\u0101m lielos brauk\u0161anas \u0101trumos. Izce\u013cas ar augst\u0101kaj\u0101m sa\u0137eres, nodilumiztur\u012bbas un brauk\u0161anas komforta \u012bpa\u0161\u012bb\u0101m sav\u0101 klas\u0113.<\/span><o:p><\/o:p><\/p>\n<h3><span>Michelin Pilot Sport 5 galven\u0101s \u012bpa\u0161\u012bbas<\/span><o:p><\/o:p><\/h3>\n<p><span>+ Paaugstin\u0101tas manevr\u0113tsp\u0113jas \u012bpa\u0161\u012bbas, braucot uz sausa un slapja asfalta, pateicoties asimetriskam protektora rakstam, kas sadal\u012bts vair\u0101k\u0101s funkcion\u0101laj\u0101s zon\u0101s.<\/span><o:p><\/o:p><\/p>\n<p><span>+ Pastiprin\u0101ta, sint\u0113tiska konstrukcija un \u012bpa\u0161s gumijas mais\u012bjums nodro\u0161ina izcilu nodilumiztur\u012bbu.<\/span><o:p><\/o:p><\/p>\n<p><span>+ Optimiz\u0113ts protektora dizains uzlabo vad\u0101m\u012bbu un stabilit\u0101ti l\u012bkumos pat liel\u0101 brauk\u0161anas \u0101trum\u0101.<\/span><o:p><\/o:p><\/p>\n<h3><span>Pilot Sport 5 apr\u012bkojums<\/span><o:p><\/o:p><\/h3>\n<p><b><span>Michelin Pilot Sport 5\u00a0<\/span><\/b><span>vasaras riepas apr\u012bkotas ar asimetrisku protektora rakstu, kas sadal\u012bds div\u0101s funkcion\u0101laj\u0101s zon\u0101s. Riepu \u0101rmala apr\u012bkota ar mas\u012bviem, stingriem protektora blokiem, kas b\u016btiski uzlabo sa\u0137eres un vilkmes \u012bpa\u0161\u012bbas, k\u0101 ar\u012b manevr\u0113tsp\u0113ju. Savuk\u0101rt, riepu centr\u0101laj\u0101 da\u013c\u0101 izvietota augsti att\u012bst\u012bta dren\u0101\u017eas kan\u0101lu sist\u0113ma, kas efekt\u012bvi atbr\u012bvo riepu kontakta virsmu ar ce\u013cu, samazinot akvaplan\u0113\u0161anas risku.<\/span><o:p><\/o:p><\/p>\n<p><b><span>Pilot Sport 5<\/span><\/b><span> karkass izgatavots no viegla un iztur\u012bga sint\u0113tisk\u0101 savienojuma un iet\u0113rpts nodilumiztur\u012bg\u0101 un elast\u012bg\u0101 gumijas mais\u012bjum\u0101. Pat sal\u012bdzinot ar nodilumiztur\u012bgo priek\u0161teci, \u0161is riepu modelis izce\u013cas ar pat l\u012bdz 50\u2019000km liel\u0101ku ilgtsp\u0113j\u012bbu, sal\u012bdzinot ar konkurentiem.\u00a0<\/span><\/p>\n","protected":false},"excerpt":{"rendered":"<p><b><span>Michelin Pilot Sport 5 \u2013\u00a0<\/span><\/b><span>jaun\u0101kais augstas veiktsp\u0113jas vasaras Michelin riepu modelis. Paredz\u0113ts sportiskai un dinamiskai brauk\u0161anai ar jaud\u012bg\u0101m automa\u0161\u012bn\u0101m lielos brauk\u0161anas \u0101trumos. Izce\u013cas ar augst\u0101kaj\u0101m sa\u0137eres, nodilumiztur\u012bbas un brauk\u0161anas komforta \u012bpa\u0161\u012bb\u0101m sav\u0101 klas\u0113.\u00a0\u00a0<\/span><\/p>\n","protected":false},"featured_media":891247,"template":"","meta":{"_acf_changed":false,"ngg_post_thumbnail":0},"product_brand":[],"product_cat":[46],"product_tag":[],"class_list":{"0":"post-622813","1":"product","2":"type-product","3":"status-publish","4":"has-post-thumbnail","6":"product_cat-vasaras-riepas","8":"first","9":"instock","10":"sale","11":"taxable","12":"shipping-taxable","13":"purchasable","14":"product-type-simple"},"acf":[],"yoast_head":"<!-- This site is optimized with the Yoast SEO Premium plugin v22.6 (Yoast SEO v27.3) - https:\/\/yoast.com\/product\/yoast-seo-premium-wordpress\/ -->\n<title>255\/40R19 Michelin Pilot Sport 5 100Y XL RP &#8226; MMK Riepas<\/title>\n<meta name=\"robots\" content=\"index, follow, max-snippet:-1, max-image-preview:large, max-video-preview:-1\" \/>\n<link rel=\"canonical\" href=\"https:\/\/mmkriepas.lv\/en\/p\/255-40r19-michelin-pilot-sport-5-100y-xl-2\/\" \/>\n<meta property=\"og:locale\" content=\"en_US\" \/>\n<meta property=\"og:type\" content=\"article\" \/>\n<meta property=\"og:title\" content=\"255\/40R19 Michelin Pilot Sport 5 100Y XL RP\" \/>\n<meta property=\"og:description\" content=\"Michelin Pilot Sport 5 \u2013\u00a0jaun\u0101kais augstas veiktsp\u0113jas vasaras Michelin riepu modelis. Paredz\u0113ts sportiskai un dinamiskai brauk\u0161anai ar jaud\u012bg\u0101m automa\u0161\u012bn\u0101m lielos brauk\u0161anas \u0101trumos. Izce\u013cas ar augst\u0101kaj\u0101m sa\u0137eres, nodilumiztur\u012bbas un brauk\u0161anas komforta \u012bpa\u0161\u012bb\u0101m sav\u0101 klas\u0113.\u00a0\u00a0\" \/>\n<meta property=\"og:url\" content=\"https:\/\/mmkriepas.lv\/en\/p\/255-40r19-michelin-pilot-sport-5-100y-xl-2\/\" \/>\n<meta property=\"og:site_name\" content=\"MMK Riepas\" \/>\n<meta property=\"article:publisher\" content=\"https:\/\/www.facebook.com\/mmkserviss\/\" \/>\n<meta property=\"article:modified_time\" content=\"2026-03-27T11:14:11+00:00\" \/>\n<meta property=\"og:image\" content=\"https:\/\/mmkriepas.lv\/wp-content\/uploads\/2024\/04\/21550r17-michelin-pilot-sport-5-95y-xl-vasaras-riepas.jpg\" \/>\n\t<meta property=\"og:image:width\" content=\"1000\" \/>\n\t<meta property=\"og:image:height\" content=\"750\" \/>\n\t<meta property=\"og:image:type\" content=\"image\/jpeg\" \/>\n<meta name=\"twitter:card\" content=\"summary_large_image\" \/>\n<meta name=\"twitter:label1\" content=\"Price\" \/>\n\t<meta name=\"twitter:data1\" content=\"&euro;207.00\" \/>\n\t<meta name=\"twitter:label2\" content=\"Availability\" \/>\n\t<meta name=\"twitter:data2\" content=\"In stock\" \/>\n<script type=\"application\/ld+json\" class=\"yoast-schema-graph\">{\"@context\":\"https:\\\/\\\/schema.org\",\"@graph\":[{\"@type\":\"WebPage\",\"@id\":\"https:\\\/\\\/mmkriepas.lv\\\/en\\\/p\\\/255-40r19-michelin-pilot-sport-5-100y-xl-2\\\/\",\"url\":\"https:\\\/\\\/mmkriepas.lv\\\/en\\\/p\\\/255-40r19-michelin-pilot-sport-5-100y-xl-2\\\/\",\"name\":\"255\\\/40R19 Michelin Pilot Sport 5 100Y XL RP &#8226; MMK Riepas\",\"isPartOf\":{\"@id\":\"https:\\\/\\\/mmkriepas.lv\\\/en\\\/#website\"},\"primaryImageOfPage\":{\"@id\":\"https:\\\/\\\/mmkriepas.lv\\\/en\\\/p\\\/255-40r19-michelin-pilot-sport-5-100y-xl-2\\\/#primaryimage\"},\"image\":{\"@id\":\"https:\\\/\\\/mmkriepas.lv\\\/en\\\/p\\\/255-40r19-michelin-pilot-sport-5-100y-xl-2\\\/#primaryimage\"},\"thumbnailUrl\":\"https:\\\/\\\/mmkriepas.lv\\\/wp-content\\\/uploads\\\/2024\\\/04\\\/21550r17-michelin-pilot-sport-5-95y-xl-vasaras-riepas.jpg\",\"datePublished\":\"2023-02-15T13:20:36+00:00\",\"dateModified\":\"2026-03-27T11:14:11+00:00\",\"breadcrumb\":{\"@id\":\"https:\\\/\\\/mmkriepas.lv\\\/en\\\/p\\\/255-40r19-michelin-pilot-sport-5-100y-xl-2\\\/#breadcrumb\"},\"inLanguage\":\"en-US\",\"potentialAction\":[{\"@type\":\"ReadAction\",\"target\":[\"https:\\\/\\\/mmkriepas.lv\\\/en\\\/p\\\/255-40r19-michelin-pilot-sport-5-100y-xl-2\\\/\"]}]},{\"@type\":\"ImageObject\",\"inLanguage\":\"en-US\",\"@id\":\"https:\\\/\\\/mmkriepas.lv\\\/en\\\/p\\\/255-40r19-michelin-pilot-sport-5-100y-xl-2\\\/#primaryimage\",\"url\":\"https:\\\/\\\/mmkriepas.lv\\\/wp-content\\\/uploads\\\/2024\\\/04\\\/21550r17-michelin-pilot-sport-5-95y-xl-vasaras-riepas.jpg\",\"contentUrl\":\"https:\\\/\\\/mmkriepas.lv\\\/wp-content\\\/uploads\\\/2024\\\/04\\\/21550r17-michelin-pilot-sport-5-95y-xl-vasaras-riepas.jpg\",\"width\":1000,\"height\":750,\"caption\":\"MAIN\"},{\"@type\":\"BreadcrumbList\",\"@id\":\"https:\\\/\\\/mmkriepas.lv\\\/en\\\/p\\\/255-40r19-michelin-pilot-sport-5-100y-xl-2\\\/#breadcrumb\",\"itemListElement\":[{\"@type\":\"ListItem\",\"position\":1,\"name\":\"S\u0101kums\",\"item\":\"https:\\\/\\\/mmkriepas.lv\\\/en\\\/\"},{\"@type\":\"ListItem\",\"position\":2,\"name\":\"255\\\/40R19 Michelin Pilot Sport 5 100Y XL RP\"}]},{\"@type\":\"WebSite\",\"@id\":\"https:\\\/\\\/mmkriepas.lv\\\/en\\\/#website\",\"url\":\"https:\\\/\\\/mmkriepas.lv\\\/en\\\/\",\"name\":\"MMK Riepas\",\"description\":\"MMK Riepas\",\"alternateName\":\"MMK Riepu Serviss\",\"potentialAction\":[{\"@type\":\"SearchAction\",\"target\":{\"@type\":\"EntryPoint\",\"urlTemplate\":\"https:\\\/\\\/mmkriepas.lv\\\/en\\\/?s={search_term_string}\"},\"query-input\":{\"@type\":\"PropertyValueSpecification\",\"valueRequired\":true,\"valueName\":\"search_term_string\"}}],\"inLanguage\":\"en-US\"},{\"@type\":\"ImageObject\",\"inLanguage\":\"en-US\",\"@id\":\"https:\\\/\\\/mmkriepas.lv\\\/en\\\/p\\\/255-40r19-michelin-pilot-sport-5-100y-xl-2\\\/#local-main-organization-logo\",\"url\":\"\",\"contentUrl\":\"\",\"caption\":\"MMK Riepas\"}]}<\/script>\n<meta property=\"product:brand\" content=\"Michelin Pilot Sport 5\" \/>\n<meta property=\"product:price:amount\" content=\"207.00\" \/>\n<meta property=\"product:price:currency\" content=\"EUR\" \/>\n<meta property=\"og:availability\" content=\"instock\" \/>\n<meta property=\"product:availability\" content=\"instock\" \/>\n<meta property=\"product:retailer_item_id\" content=\"TS2554019MICHE-L20505\" \/>\n<meta property=\"product:condition\" content=\"new\" \/>\n<!-- \/ Yoast SEO Premium plugin. -->","yoast_head_json":{"title":"255\/40R19 Michelin Pilot Sport 5 100Y XL RP &#8226; MMK Riepas","robots":{"index":"index","follow":"follow","max-snippet":"max-snippet:-1","max-image-preview":"max-image-preview:large","max-video-preview":"max-video-preview:-1"},"canonical":"https:\/\/mmkriepas.lv\/en\/p\/255-40r19-michelin-pilot-sport-5-100y-xl-2\/","og_locale":"en_US","og_type":"article","og_title":"255\/40R19 Michelin Pilot Sport 5 100Y XL RP","og_description":"Michelin Pilot Sport 5 \u2013\u00a0jaun\u0101kais augstas veiktsp\u0113jas vasaras Michelin riepu modelis. Paredz\u0113ts sportiskai un dinamiskai brauk\u0161anai ar jaud\u012bg\u0101m automa\u0161\u012bn\u0101m lielos brauk\u0161anas \u0101trumos. Izce\u013cas ar augst\u0101kaj\u0101m sa\u0137eres, nodilumiztur\u012bbas un brauk\u0161anas komforta \u012bpa\u0161\u012bb\u0101m sav\u0101 klas\u0113.\u00a0\u00a0","og_url":"https:\/\/mmkriepas.lv\/en\/p\/255-40r19-michelin-pilot-sport-5-100y-xl-2\/","og_site_name":"MMK Riepas","article_publisher":"https:\/\/www.facebook.com\/mmkserviss\/","article_modified_time":"2026-03-27T11:14:11+00:00","og_image":[{"width":1000,"height":750,"url":"https:\/\/mmkriepas.lv\/wp-content\/uploads\/2024\/04\/21550r17-michelin-pilot-sport-5-95y-xl-vasaras-riepas.jpg","type":"image\/jpeg"}],"twitter_card":"summary_large_image","twitter_misc":{"Price":"&euro;207.00","Availability":"In stock"},"schema":{"@context":"https:\/\/schema.org","@graph":[{"@type":"WebPage","@id":"https:\/\/mmkriepas.lv\/en\/p\/255-40r19-michelin-pilot-sport-5-100y-xl-2\/","url":"https:\/\/mmkriepas.lv\/en\/p\/255-40r19-michelin-pilot-sport-5-100y-xl-2\/","name":"255\/40R19 Michelin Pilot Sport 5 100Y XL RP &#8226; MMK Riepas","isPartOf":{"@id":"https:\/\/mmkriepas.lv\/en\/#website"},"primaryImageOfPage":{"@id":"https:\/\/mmkriepas.lv\/en\/p\/255-40r19-michelin-pilot-sport-5-100y-xl-2\/#primaryimage"},"image":{"@id":"https:\/\/mmkriepas.lv\/en\/p\/255-40r19-michelin-pilot-sport-5-100y-xl-2\/#primaryimage"},"thumbnailUrl":"https:\/\/mmkriepas.lv\/wp-content\/uploads\/2024\/04\/21550r17-michelin-pilot-sport-5-95y-xl-vasaras-riepas.jpg","datePublished":"2023-02-15T13:20:36+00:00","dateModified":"2026-03-27T11:14:11+00:00","breadcrumb":{"@id":"https:\/\/mmkriepas.lv\/en\/p\/255-40r19-michelin-pilot-sport-5-100y-xl-2\/#breadcrumb"},"inLanguage":"en-US","potentialAction":[{"@type":"ReadAction","target":["https:\/\/mmkriepas.lv\/en\/p\/255-40r19-michelin-pilot-sport-5-100y-xl-2\/"]}]},{"@type":"ImageObject","inLanguage":"en-US","@id":"https:\/\/mmkriepas.lv\/en\/p\/255-40r19-michelin-pilot-sport-5-100y-xl-2\/#primaryimage","url":"https:\/\/mmkriepas.lv\/wp-content\/uploads\/2024\/04\/21550r17-michelin-pilot-sport-5-95y-xl-vasaras-riepas.jpg","contentUrl":"https:\/\/mmkriepas.lv\/wp-content\/uploads\/2024\/04\/21550r17-michelin-pilot-sport-5-95y-xl-vasaras-riepas.jpg","width":1000,"height":750,"caption":"MAIN"},{"@type":"BreadcrumbList","@id":"https:\/\/mmkriepas.lv\/en\/p\/255-40r19-michelin-pilot-sport-5-100y-xl-2\/#breadcrumb","itemListElement":[{"@type":"ListItem","position":1,"name":"S\u0101kums","item":"https:\/\/mmkriepas.lv\/en\/"},{"@type":"ListItem","position":2,"name":"255\/40R19 Michelin Pilot Sport 5 100Y XL RP"}]},{"@type":"WebSite","@id":"https:\/\/mmkriepas.lv\/en\/#website","url":"https:\/\/mmkriepas.lv\/en\/","name":"MMK Riepas","description":"MMK Riepas","alternateName":"MMK Riepu Serviss","potentialAction":[{"@type":"SearchAction","target":{"@type":"EntryPoint","urlTemplate":"https:\/\/mmkriepas.lv\/en\/?s={search_term_string}"},"query-input":{"@type":"PropertyValueSpecification","valueRequired":true,"valueName":"search_term_string"}}],"inLanguage":"en-US"},{"@type":"ImageObject","inLanguage":"en-US","@id":"https:\/\/mmkriepas.lv\/en\/p\/255-40r19-michelin-pilot-sport-5-100y-xl-2\/#local-main-organization-logo","url":"","contentUrl":"","caption":"MMK Riepas"}]},"product_brand":"Michelin Pilot Sport 5","product_price_amount":"207.00","product_price_currency":"EUR","og_availability":"instock","product_availability":"instock","product_retailer_item_id":"TS2554019MICHE-L20505","product_condition":"new"},"_links":{"self":[{"href":"https:\/\/mmkriepas.lv\/en\/wp-json\/wp\/v2\/product\/622813","targetHints":{"allow":["GET"]}}],"collection":[{"href":"https:\/\/mmkriepas.lv\/en\/wp-json\/wp\/v2\/product"}],"about":[{"href":"https:\/\/mmkriepas.lv\/en\/wp-json\/wp\/v2\/types\/product"}],"wp:featuredmedia":[{"embeddable":true,"href":"https:\/\/mmkriepas.lv\/en\/wp-json\/wp\/v2\/media\/891247"}],"wp:attachment":[{"href":"https:\/\/mmkriepas.lv\/en\/wp-json\/wp\/v2\/media?parent=622813"}],"wp:term":[{"taxonomy":"product_brand","embeddable":true,"href":"https:\/\/mmkriepas.lv\/en\/wp-json\/wp\/v2\/product_brand?post=622813"},{"taxonomy":"product_cat","embeddable":true,"href":"https:\/\/mmkriepas.lv\/en\/wp-json\/wp\/v2\/product_cat?post=622813"},{"taxonomy":"product_tag","embeddable":true,"href":"https:\/\/mmkriepas.lv\/en\/wp-json\/wp\/v2\/product_tag?post=622813"}],"curies":[{"name":"wp","href":"https:\/\/api.w.org\/{rel}","templated":true}]}}