{"id":622633,"date":"2023-02-15T15:15:06","date_gmt":"2023-02-15T13:15:06","guid":{"rendered":"https:\/\/mmkserviss.lv\/?post_type=product&#038;p=622633"},"modified":"2026-03-27T13:13:34","modified_gmt":"2026-03-27T11:13:34","slug":"215-55r18-michelin-primacy-4-99v-xl-2","status":"publish","type":"product","link":"https:\/\/mmkriepas.lv\/en\/p\/215-55r18-michelin-primacy-4-99v-xl-2\/","title":{"rendered":"215\/55R18 Michelin Primacy 4 99V XL VOL"},"content":{"rendered":"<p style=\"margin: 12.0pt 0cm 12.0pt 0cm;\"><b><span style=\"font-size: 11.0pt; font-family: 'Arial',sans-serif; color: black;\">Michelin Primacy 4 <\/span><\/b><span style=\"font-size: 11.0pt; font-family: 'Arial',sans-serif; color: black;\">&#8211; Augst\u0101k\u0101s kvalit\u0101tes, premium klases vasaras riepas. Paredz\u0113tas sportiska rakstura vieglaj\u0101m automa\u0161\u012bn\u0101m, dro\u0161ai un komfortablai brauk\u0161anai ar \u0101trumu l\u012bdz pat 300km\/h. \u0160is riepu modelis izce\u013cas ar teicam\u0101m sa\u0137eres, nodilumiztur\u012bbas un brauk\u0161anas komforta \u012bpa\u0161\u012bb\u0101m.<\/span><o:p><\/o:p><\/p>\n<h3 style=\"margin: 14.0pt 0cm 4.0pt 0cm;\"><span style=\"font-size: 13.0pt; font-family: 'Arial',sans-serif; color: black;\">Michelin Primacy 4 galven\u0101s \u012bpa\u0161\u012bbas:<\/span><o:p><\/o:p><\/h3>\n<p style=\"margin: 12.0pt 0cm 12.0pt 0cm;\"><span style=\"font-size: 11.0pt; font-family: 'Arial',sans-serif; color: black;\">+ Pasaules liel\u0101k\u0101 riepu ra\u017eot\u0101ja augst\u0101k\u0101s kvalit\u0101tes premium klases vasaras riepas.<\/span><o:p><\/o:p><\/p>\n<p style=\"margin: 12.0pt 0cm 12.0pt 0cm;\"><span style=\"font-size: 11.0pt; font-family: 'Arial',sans-serif; color: black;\">+\u00a0 Optimiz\u0113tas bremz\u0113\u0161anas un sa\u0137eres \u012bpa\u0161\u012bbas, kas pan\u0101ktas, izmantojot jaunu gumijas sast\u0101vu un protektora dizainu.<\/span><o:p><\/o:p><\/p>\n<p style=\"margin: 12.0pt 0cm 12.0pt 0cm;\"><span style=\"font-size: 11.0pt; font-family: 'Arial',sans-serif; color: black;\">+ Palielin\u0101ts brauk\u0161anas resurss jeb nodilumiztur\u012bba.<\/span><o:p><\/o:p><\/p>\n<p style=\"margin: 12.0pt 0cm 12.0pt 0cm;\"><span style=\"font-size: 11.0pt; font-family: 'Arial',sans-serif; color: black;\">+ Divpak\u0101pju nodiluma indikatora sist\u0113ma.<\/span><o:p><\/o:p><\/p>\n<p style=\"margin: 12.0pt 0cm 12.0pt 0cm;\"><span style=\"font-size: 11.0pt; font-family: 'Arial',sans-serif; color: black;\">+ Uzlabota notur\u012bba pret akvaplan\u0113\u0161anu, pateicoties att\u012bst\u012btai dren\u0101\u017eas sist\u0113mai.<\/span><o:p><\/o:p><\/p>\n<p style=\"margin: 12.0pt 0cm 12.0pt 0cm;\"><span style=\"font-size: 11.0pt; font-family: 'Arial',sans-serif; color: black;\">+ Asimetrisks protektora dizains, kas garant\u0113 sa\u0137eri gan uz sausas, gan slapjas virsmas vasar\u0101.<\/span><o:p><\/o:p><\/p>\n<p style=\"margin: 12.0pt 0cm 12.0pt 0cm;\"><span style=\"font-size: 11.0pt; font-family: 'Arial',sans-serif; color: black;\">+ Palielin\u0101ts akustiskais un brauk\u0161anas komforts.<\/span><o:p><\/o:p><\/p>\n<p style=\"margin: 12.0pt 0cm 12.0pt 0cm;\"><span style=\"font-size: 11.0pt; font-family: 'Arial',sans-serif; color: black;\">+ Modern\u0101k\u0101s Michelin tehnolo\u0123ijas.<\/span><o:p><\/o:p><\/p>\n<h3 style=\"margin: 14.0pt 0cm 4.0pt 0cm;\"><span style=\"font-size: 13.0pt; font-family: 'Arial',sans-serif; color: black;\">Primacy 4 apr\u012bkojums<\/span><o:p><\/o:p><\/h3>\n<p style=\"margin: 12.0pt 0cm 12.0pt 0cm;\"><b><span style=\"font-size: 11.0pt; font-family: 'Arial',sans-serif; color: black;\">Michelin Primacy 4<\/span><\/b><span style=\"font-size: 11.0pt; font-family: 'Arial',sans-serif; color: black;\"> gumijas sast\u0101vam pievienoti \u012bpa\u0161i elastom\u0113ri, lai samazin\u0101tu bremz\u0113\u0161anas ce\u013cu, k\u0101 ar\u012b palielin\u0101tu sa\u0137eres \u012bpa\u0161\u012bbas. \u0160im pa\u0161am nol\u016bkam protektor\u0101 ir divu veidu dren\u0101\u017eas kan\u0101lu pamatnes. Vienai no t\u0101m ir kvadr\u0101tveida profils, bet otrai ir nedaudz konusveida. \u0160\u012b strukt\u016bra nodro\u0161ina ne tikai efekt\u012bvu \u016bdens izvadi brauk\u0161anas laik\u0101, bet ar\u012b samazina abraz\u012bvo nodilumu. Tas savuk\u0101rt iev\u0113rojami pagarina riepas kalpo\u0161anas laiku, kas p\u0113c neatkar\u012bgu ekspertu v\u0113rt\u0113juma ir vid\u0113ji par 18&#8217;000 km liel\u0101ks, nek\u0101 konkurentiem.<\/span><\/p>\n","protected":false},"excerpt":{"rendered":"<p><b><span style=\"font-size: 11.0pt; font-family: 'Arial',sans-serif; color: black;\">Michelin Primacy 4 <\/span><\/b><span style=\"font-size: 11.0pt; font-family: 'Arial',sans-serif; color: black;\">&#8211; Augst\u0101k\u0101s kvalit\u0101tes, premium klases vasaras riepas. Paredz\u0113tas sportiska rakstura vieglaj\u0101m automa\u0161\u012bn\u0101m, dro\u0161ai un komfortablai brauk\u0161anai ar \u0101trumu l\u012bdz pat 300km\/h. \u0160is riepu modelis izce\u013cas ar teicam\u0101m sa\u0137eres, nodilumiztur\u012bbas un brauk\u0161anas komforta \u012bpa\u0161\u012bb\u0101m.<\/span><\/p>\n","protected":false},"featured_media":890541,"template":"","meta":{"_acf_changed":false,"ngg_post_thumbnail":0},"product_brand":[],"product_cat":[46],"product_tag":[],"class_list":{"0":"post-622633","1":"product","2":"type-product","3":"status-publish","4":"has-post-thumbnail","6":"product_cat-vasaras-riepas","8":"first","9":"instock","10":"sale","11":"taxable","12":"shipping-taxable","13":"purchasable","14":"product-type-simple"},"acf":[],"yoast_head":"<!-- This site is optimized with the Yoast SEO Premium plugin v22.6 (Yoast SEO v27.3) - https:\/\/yoast.com\/product\/yoast-seo-premium-wordpress\/ -->\n<title>215\/55R18 Michelin Primacy 4 99V XL VOL &#8226; MMK Riepas<\/title>\n<meta name=\"robots\" content=\"index, follow, max-snippet:-1, max-image-preview:large, max-video-preview:-1\" \/>\n<link rel=\"canonical\" href=\"https:\/\/mmkriepas.lv\/en\/p\/215-55r18-michelin-primacy-4-99v-xl-2\/\" \/>\n<meta property=\"og:locale\" content=\"en_US\" \/>\n<meta property=\"og:type\" content=\"article\" \/>\n<meta property=\"og:title\" content=\"215\/55R18 Michelin Primacy 4 99V XL VOL\" \/>\n<meta property=\"og:description\" content=\"Michelin Primacy 4 - Augst\u0101k\u0101s kvalit\u0101tes, premium klases vasaras riepas. Paredz\u0113tas sportiska rakstura vieglaj\u0101m automa\u0161\u012bn\u0101m, dro\u0161ai un komfortablai brauk\u0161anai ar \u0101trumu l\u012bdz pat 300km\/h. \u0160is riepu modelis izce\u013cas ar teicam\u0101m sa\u0137eres, nodilumiztur\u012bbas un brauk\u0161anas komforta \u012bpa\u0161\u012bb\u0101m.\" \/>\n<meta property=\"og:url\" content=\"https:\/\/mmkriepas.lv\/en\/p\/215-55r18-michelin-primacy-4-99v-xl-2\/\" \/>\n<meta property=\"og:site_name\" content=\"MMK Riepas\" \/>\n<meta property=\"article:publisher\" content=\"https:\/\/www.facebook.com\/mmkserviss\/\" \/>\n<meta property=\"article:modified_time\" content=\"2026-03-27T11:13:34+00:00\" \/>\n<meta property=\"og:image\" content=\"https:\/\/mmkriepas.lv\/wp-content\/uploads\/2024\/04\/18560r15-michelin-primacy-4-84h-vasaras-riepas.jpg\" \/>\n\t<meta property=\"og:image:width\" content=\"1000\" \/>\n\t<meta property=\"og:image:height\" content=\"781\" \/>\n\t<meta property=\"og:image:type\" content=\"image\/jpeg\" \/>\n<meta name=\"twitter:card\" content=\"summary_large_image\" \/>\n<meta name=\"twitter:label1\" content=\"Price\" \/>\n\t<meta name=\"twitter:data1\" content=\"&euro;159.00\" \/>\n\t<meta name=\"twitter:label2\" content=\"Availability\" \/>\n\t<meta name=\"twitter:data2\" content=\"In stock\" \/>\n<script type=\"application\/ld+json\" class=\"yoast-schema-graph\">{\"@context\":\"https:\\\/\\\/schema.org\",\"@graph\":[{\"@type\":\"WebPage\",\"@id\":\"https:\\\/\\\/mmkriepas.lv\\\/en\\\/p\\\/215-55r18-michelin-primacy-4-99v-xl-2\\\/\",\"url\":\"https:\\\/\\\/mmkriepas.lv\\\/en\\\/p\\\/215-55r18-michelin-primacy-4-99v-xl-2\\\/\",\"name\":\"215\\\/55R18 Michelin Primacy 4 99V XL VOL &#8226; MMK Riepas\",\"isPartOf\":{\"@id\":\"https:\\\/\\\/mmkriepas.lv\\\/en\\\/#website\"},\"primaryImageOfPage\":{\"@id\":\"https:\\\/\\\/mmkriepas.lv\\\/en\\\/p\\\/215-55r18-michelin-primacy-4-99v-xl-2\\\/#primaryimage\"},\"image\":{\"@id\":\"https:\\\/\\\/mmkriepas.lv\\\/en\\\/p\\\/215-55r18-michelin-primacy-4-99v-xl-2\\\/#primaryimage\"},\"thumbnailUrl\":\"https:\\\/\\\/mmkriepas.lv\\\/wp-content\\\/uploads\\\/2024\\\/04\\\/18560r15-michelin-primacy-4-84h-vasaras-riepas.jpg\",\"datePublished\":\"2023-02-15T13:15:06+00:00\",\"dateModified\":\"2026-03-27T11:13:34+00:00\",\"breadcrumb\":{\"@id\":\"https:\\\/\\\/mmkriepas.lv\\\/en\\\/p\\\/215-55r18-michelin-primacy-4-99v-xl-2\\\/#breadcrumb\"},\"inLanguage\":\"en-US\",\"potentialAction\":[{\"@type\":\"ReadAction\",\"target\":[\"https:\\\/\\\/mmkriepas.lv\\\/en\\\/p\\\/215-55r18-michelin-primacy-4-99v-xl-2\\\/\"]}]},{\"@type\":\"ImageObject\",\"inLanguage\":\"en-US\",\"@id\":\"https:\\\/\\\/mmkriepas.lv\\\/en\\\/p\\\/215-55r18-michelin-primacy-4-99v-xl-2\\\/#primaryimage\",\"url\":\"https:\\\/\\\/mmkriepas.lv\\\/wp-content\\\/uploads\\\/2024\\\/04\\\/18560r15-michelin-primacy-4-84h-vasaras-riepas.jpg\",\"contentUrl\":\"https:\\\/\\\/mmkriepas.lv\\\/wp-content\\\/uploads\\\/2024\\\/04\\\/18560r15-michelin-primacy-4-84h-vasaras-riepas.jpg\",\"width\":1000,\"height\":781,\"caption\":\"MAIN\"},{\"@type\":\"BreadcrumbList\",\"@id\":\"https:\\\/\\\/mmkriepas.lv\\\/en\\\/p\\\/215-55r18-michelin-primacy-4-99v-xl-2\\\/#breadcrumb\",\"itemListElement\":[{\"@type\":\"ListItem\",\"position\":1,\"name\":\"S\u0101kums\",\"item\":\"https:\\\/\\\/mmkriepas.lv\\\/en\\\/\"},{\"@type\":\"ListItem\",\"position\":2,\"name\":\"215\\\/55R18 Michelin Primacy 4 99V XL VOL\"}]},{\"@type\":\"WebSite\",\"@id\":\"https:\\\/\\\/mmkriepas.lv\\\/en\\\/#website\",\"url\":\"https:\\\/\\\/mmkriepas.lv\\\/en\\\/\",\"name\":\"MMK Riepas\",\"description\":\"MMK Riepas\",\"alternateName\":\"MMK Riepu Serviss\",\"potentialAction\":[{\"@type\":\"SearchAction\",\"target\":{\"@type\":\"EntryPoint\",\"urlTemplate\":\"https:\\\/\\\/mmkriepas.lv\\\/en\\\/?s={search_term_string}\"},\"query-input\":{\"@type\":\"PropertyValueSpecification\",\"valueRequired\":true,\"valueName\":\"search_term_string\"}}],\"inLanguage\":\"en-US\"},{\"@type\":\"ImageObject\",\"inLanguage\":\"en-US\",\"@id\":\"https:\\\/\\\/mmkriepas.lv\\\/en\\\/p\\\/215-55r18-michelin-primacy-4-99v-xl-2\\\/#local-main-organization-logo\",\"url\":\"\",\"contentUrl\":\"\",\"caption\":\"MMK Riepas\"}]}<\/script>\n<meta property=\"product:brand\" content=\"Michelin Primacy 4\" \/>\n<meta property=\"product:price:amount\" content=\"159.00\" \/>\n<meta property=\"product:price:currency\" content=\"EUR\" \/>\n<meta property=\"og:availability\" content=\"instock\" \/>\n<meta property=\"product:availability\" content=\"instock\" \/>\n<meta property=\"product:retailer_item_id\" content=\"TS2155518MICHE-L20455\" \/>\n<meta property=\"product:condition\" content=\"new\" \/>\n<!-- \/ Yoast SEO Premium plugin. -->","yoast_head_json":{"title":"215\/55R18 Michelin Primacy 4 99V XL VOL &#8226; MMK Riepas","robots":{"index":"index","follow":"follow","max-snippet":"max-snippet:-1","max-image-preview":"max-image-preview:large","max-video-preview":"max-video-preview:-1"},"canonical":"https:\/\/mmkriepas.lv\/en\/p\/215-55r18-michelin-primacy-4-99v-xl-2\/","og_locale":"en_US","og_type":"article","og_title":"215\/55R18 Michelin Primacy 4 99V XL VOL","og_description":"Michelin Primacy 4 - Augst\u0101k\u0101s kvalit\u0101tes, premium klases vasaras riepas. Paredz\u0113tas sportiska rakstura vieglaj\u0101m automa\u0161\u012bn\u0101m, dro\u0161ai un komfortablai brauk\u0161anai ar \u0101trumu l\u012bdz pat 300km\/h. \u0160is riepu modelis izce\u013cas ar teicam\u0101m sa\u0137eres, nodilumiztur\u012bbas un brauk\u0161anas komforta \u012bpa\u0161\u012bb\u0101m.","og_url":"https:\/\/mmkriepas.lv\/en\/p\/215-55r18-michelin-primacy-4-99v-xl-2\/","og_site_name":"MMK Riepas","article_publisher":"https:\/\/www.facebook.com\/mmkserviss\/","article_modified_time":"2026-03-27T11:13:34+00:00","og_image":[{"width":1000,"height":781,"url":"https:\/\/mmkriepas.lv\/wp-content\/uploads\/2024\/04\/18560r15-michelin-primacy-4-84h-vasaras-riepas.jpg","type":"image\/jpeg"}],"twitter_card":"summary_large_image","twitter_misc":{"Price":"&euro;159.00","Availability":"In stock"},"schema":{"@context":"https:\/\/schema.org","@graph":[{"@type":"WebPage","@id":"https:\/\/mmkriepas.lv\/en\/p\/215-55r18-michelin-primacy-4-99v-xl-2\/","url":"https:\/\/mmkriepas.lv\/en\/p\/215-55r18-michelin-primacy-4-99v-xl-2\/","name":"215\/55R18 Michelin Primacy 4 99V XL VOL &#8226; MMK Riepas","isPartOf":{"@id":"https:\/\/mmkriepas.lv\/en\/#website"},"primaryImageOfPage":{"@id":"https:\/\/mmkriepas.lv\/en\/p\/215-55r18-michelin-primacy-4-99v-xl-2\/#primaryimage"},"image":{"@id":"https:\/\/mmkriepas.lv\/en\/p\/215-55r18-michelin-primacy-4-99v-xl-2\/#primaryimage"},"thumbnailUrl":"https:\/\/mmkriepas.lv\/wp-content\/uploads\/2024\/04\/18560r15-michelin-primacy-4-84h-vasaras-riepas.jpg","datePublished":"2023-02-15T13:15:06+00:00","dateModified":"2026-03-27T11:13:34+00:00","breadcrumb":{"@id":"https:\/\/mmkriepas.lv\/en\/p\/215-55r18-michelin-primacy-4-99v-xl-2\/#breadcrumb"},"inLanguage":"en-US","potentialAction":[{"@type":"ReadAction","target":["https:\/\/mmkriepas.lv\/en\/p\/215-55r18-michelin-primacy-4-99v-xl-2\/"]}]},{"@type":"ImageObject","inLanguage":"en-US","@id":"https:\/\/mmkriepas.lv\/en\/p\/215-55r18-michelin-primacy-4-99v-xl-2\/#primaryimage","url":"https:\/\/mmkriepas.lv\/wp-content\/uploads\/2024\/04\/18560r15-michelin-primacy-4-84h-vasaras-riepas.jpg","contentUrl":"https:\/\/mmkriepas.lv\/wp-content\/uploads\/2024\/04\/18560r15-michelin-primacy-4-84h-vasaras-riepas.jpg","width":1000,"height":781,"caption":"MAIN"},{"@type":"BreadcrumbList","@id":"https:\/\/mmkriepas.lv\/en\/p\/215-55r18-michelin-primacy-4-99v-xl-2\/#breadcrumb","itemListElement":[{"@type":"ListItem","position":1,"name":"S\u0101kums","item":"https:\/\/mmkriepas.lv\/en\/"},{"@type":"ListItem","position":2,"name":"215\/55R18 Michelin Primacy 4 99V XL VOL"}]},{"@type":"WebSite","@id":"https:\/\/mmkriepas.lv\/en\/#website","url":"https:\/\/mmkriepas.lv\/en\/","name":"MMK Riepas","description":"MMK Riepas","alternateName":"MMK Riepu Serviss","potentialAction":[{"@type":"SearchAction","target":{"@type":"EntryPoint","urlTemplate":"https:\/\/mmkriepas.lv\/en\/?s={search_term_string}"},"query-input":{"@type":"PropertyValueSpecification","valueRequired":true,"valueName":"search_term_string"}}],"inLanguage":"en-US"},{"@type":"ImageObject","inLanguage":"en-US","@id":"https:\/\/mmkriepas.lv\/en\/p\/215-55r18-michelin-primacy-4-99v-xl-2\/#local-main-organization-logo","url":"","contentUrl":"","caption":"MMK Riepas"}]},"product_brand":"Michelin Primacy 4","product_price_amount":"159.00","product_price_currency":"EUR","og_availability":"instock","product_availability":"instock","product_retailer_item_id":"TS2155518MICHE-L20455","product_condition":"new"},"_links":{"self":[{"href":"https:\/\/mmkriepas.lv\/en\/wp-json\/wp\/v2\/product\/622633","targetHints":{"allow":["GET"]}}],"collection":[{"href":"https:\/\/mmkriepas.lv\/en\/wp-json\/wp\/v2\/product"}],"about":[{"href":"https:\/\/mmkriepas.lv\/en\/wp-json\/wp\/v2\/types\/product"}],"wp:featuredmedia":[{"embeddable":true,"href":"https:\/\/mmkriepas.lv\/en\/wp-json\/wp\/v2\/media\/890541"}],"wp:attachment":[{"href":"https:\/\/mmkriepas.lv\/en\/wp-json\/wp\/v2\/media?parent=622633"}],"wp:term":[{"taxonomy":"product_brand","embeddable":true,"href":"https:\/\/mmkriepas.lv\/en\/wp-json\/wp\/v2\/product_brand?post=622633"},{"taxonomy":"product_cat","embeddable":true,"href":"https:\/\/mmkriepas.lv\/en\/wp-json\/wp\/v2\/product_cat?post=622633"},{"taxonomy":"product_tag","embeddable":true,"href":"https:\/\/mmkriepas.lv\/en\/wp-json\/wp\/v2\/product_tag?post=622633"}],"curies":[{"name":"wp","href":"https:\/\/api.w.org\/{rel}","templated":true}]}}