{"id":622519,"date":"2023-02-15T15:11:58","date_gmt":"2023-02-15T13:11:58","guid":{"rendered":"https:\/\/mmkserviss.lv\/?post_type=product&#038;p=622519"},"modified":"2024-11-13T20:50:51","modified_gmt":"2024-11-13T18:50:51","slug":"225-40r19-marshal-wi31-93t-xl-ar-radzem-kumho","status":"publish","type":"product","link":"https:\/\/mmkriepas.lv\/en\/p\/225-40r19-marshal-wi31-93t-xl-ar-radzem-kumho\/","title":{"rendered":"225\/40R19 Marshal WinterCraft ice Wi31+ 93T XL ar radz\u0113m (Kumho)"},"content":{"rendered":"<p><span style=\"font-weight: 400;\">Ziemas riepu mode\u013ca <strong>Marshal <\/strong><\/span><b>Wintercraft Ice WI31+<\/b><span style=\"font-weight: 400;\"> n\u0101k\u0161ana tirg\u016b bija ar lielu nepaciet\u012bbu gaid\u012bta, jo \u0161is modelis aizst\u0101j daudzu autobrauc\u0113ju absol\u016btu favor\u012btu- Wintercraft Ice WI 31. Vadoties p\u0113c atz\u012bt\u0101kajiem riepu testiem, Wintercraft Ice WI 31+ uzr\u0101da v\u0113l augst\u0101kus r\u0101d\u012bt\u0101jus visos iesp\u0113jamajos aspektos.<\/span><\/p>\n<h3><b><span style=\"font-weight: 400;\"><strong>Marshal<\/strong><\/span> Wintercraft Ice WI31+ galven\u0101s iez\u012bmes<\/b><\/h3>\n<ul>\n<li style=\"font-weight: 400;\"><span style=\"font-weight: 400;\">Lieliska veiktsp\u0113ja uz ledus, pateicoties radz\u0113m, kuras izvietotas <\/span><b>20 rind\u0101s!<\/b><\/li>\n<li style=\"font-weight: 400;\"><span style=\"font-weight: 400;\">Bl\u012bvi izvietotas tr\u012bspak\u0101pju lameles uzlabo veiktsp\u0113ju uz nobliet\u0113ta sniega, uzlabojot ar;i manevr\u0113tsp\u0113ju uz asfalta!<\/span><\/li>\n<li style=\"font-weight: 400;\"><span style=\"font-weight: 400;\">Uzlabota aero un hidro-dinamika, lai samazin\u0101tu akvaplan\u0113\u0161anas risku!<\/span><\/li>\n<li style=\"font-weight: 400;\"><span style=\"font-weight: 400;\">Palielin\u0101ts rad\u017eu skaits!<\/span><\/li>\n<\/ul>\n<h3><b><span style=\"font-weight: 400;\"><strong>Marshal <\/strong><\/span>Wintercraft Ice WI31+ uzlabojumi<\/b><\/h3>\n<p><span style=\"font-weight: 400;\">Lai \u0161o ziemas riepu padar\u012btu v\u0113l veiksm\u012bg\u0101ku par t\u0101s pirsmteci, Dienvidkorejas in\u017eenieri n\u0101ku\u0161i klaj\u0101 ar veselu virkni inovat\u012bvu risin\u0101jumu, viens no kuriem ir unik\u0101lais rad\u017eu izvietojums.<\/span> <span style=\"font-weight: 400;\">\u0145emot piem\u0113ru no k\u0101da Somu riepu ra\u017eot\u0101ja, <strong>Marshal<\/strong><\/span><b>\u00a0Wintercraft Ice WI31+<\/b><span style=\"font-weight: 400;\"> rad\u017eu skaits krietni palielin\u0101ts, samazinot to izm\u0113ru.\u00a0 200 Radzes izdevies izvietot vesel\u0101s 20 rind\u0101s, turkl\u0101t to da\u013ca atrodas riepas centr\u0101laj\u0101 protektora bloku virkn\u0113.\u00a0 Tas piedevis riepai paaugstin\u0101tu sa\u0137eri uz ledus, padarot \u0161o riepu par izcilu sabiedroto c\u012b\u0146\u0101 ar apledoju\u0161iem vai net\u012br\u012btiem lauku ce\u013ciem.<\/span> <span style=\"font-weight: 400;\">Tr\u012bs-pak\u0101pju lameles \u0161o riepu padara manevr\u0113tsp\u0113j\u012bg\u0101ku gan uz nobliet\u0113ta sniega, gan vienk\u0101r\u0161i uz pils\u0113tas asfalta. T\u0101s, tand\u0113m\u0101 ar plataj\u0101m dren\u0101\u017eas riev\u0101m, sausina kontakta virsmu, sa\u0137eri padarot v\u0113l cie\u0161\u0101ku.<\/span> <span style=\"color: #ff0000;\"><strong>\u0160is modelis pieejams gan ar radz\u0113m, gan ar\u012b bez t\u0101m!<\/strong><\/span> <b><span style=\"font-weight: 400;\"><strong>Marshal<\/strong><\/span> Wintercraft Ice WI31+<\/b><span style=\"font-weight: 400;\"> mode\u013ca lieto\u0161anas dro\u0161\u012bbu ziemas laika apst\u0101k\u013cos un t\u0101 atbilst\u012bbu valst\u012bm ar oblig\u0101tu sezon\u0101lo riepu mai\u0146u apstiprina mar\u0137\u0113jums sniegp\u0101rslas form\u0101 uz kalna fona ar trim virsotn\u0113m (3PMSF).<\/span> &gt; <b><span style=\"font-weight: 400;\"><strong>Marshal<\/strong><\/span> Wintercraft Ice WI31+<\/b><span style=\"font-weight: 400;\">-vid\u0113j\u0101s klases ziemas riepa ar premium klases veiktsp\u0113jas \u012bpa\u0161\u012bb\u0101m! MMK riepu centros, visos izm\u0113ros, par vislab\u0101ko cenu!<\/span><\/p>\n","protected":false},"excerpt":{"rendered":"<p><span style=\"font-weight: 400;\">Ziemas riepu mode\u013ca <strong>Marshal <\/strong><\/span><b>Wintercraft Ice WI31+<\/b><span style=\"font-weight: 400;\"> n\u0101k\u0161ana tirg\u016b bija ar lielu nepaciet\u012bbu gaid\u012bta, jo \u0161is modelis aizst\u0101j daudzu autobrauc\u0113ju absol\u016btu favor\u012btu- Wintercraft Ice WI 31. Vadoties p\u0113c atz\u012bt\u0101kajiem riepu testiem, Wintercraft Ice WI 31+ uzr\u0101da v\u0113l augst\u0101kus r\u0101d\u012bt\u0101jus visos iesp\u0113jamajos aspektos.<\/span><\/p>\n","protected":false},"featured_media":1116020,"template":"","meta":{"_acf_changed":false,"ngg_post_thumbnail":0},"product_brand":[],"product_cat":[23643,23673],"product_tag":[],"class_list":{"0":"post-622519","1":"product","2":"type-product","3":"status-publish","4":"has-post-thumbnail","6":"product_cat-winter-tyres","7":"product_cat-studded-winter-tyres","9":"first","10":"instock","11":"taxable","12":"shipping-taxable","13":"product-type-simple"},"acf":[],"yoast_head":"<!-- This site is optimized with the Yoast SEO Premium plugin v22.6 (Yoast SEO v27.3) - https:\/\/yoast.com\/product\/yoast-seo-premium-wordpress\/ -->\n<title>225\/40R19 Marshal WinterCraft ice Wi31+ 93T XL ar radz\u0113m (Kumho) &#8226; MMK Riepas<\/title>\n<meta name=\"robots\" content=\"index, follow, max-snippet:-1, max-image-preview:large, max-video-preview:-1\" \/>\n<link rel=\"canonical\" href=\"https:\/\/mmkriepas.lv\/en\/p\/225-40r19-marshal-wi31-93t-xl-ar-radzem-kumho\/\" \/>\n<meta property=\"og:locale\" content=\"en_US\" \/>\n<meta property=\"og:type\" content=\"article\" \/>\n<meta property=\"og:title\" content=\"225\/40R19 Marshal WinterCraft ice Wi31+ 93T XL ar radz\u0113m (Kumho)\" \/>\n<meta property=\"og:description\" content=\"Ziemas riepu mode\u013ca Marshal Wintercraft Ice WI31+ n\u0101k\u0161ana tirg\u016b bija ar lielu nepaciet\u012bbu gaid\u012bta, jo \u0161is modelis aizst\u0101j daudzu autobrauc\u0113ju absol\u016btu favor\u012btu- Wintercraft Ice WI 31. Vadoties p\u0113c atz\u012bt\u0101kajiem riepu testiem, Wintercraft Ice WI 31+ uzr\u0101da v\u0113l augst\u0101kus r\u0101d\u012bt\u0101jus visos iesp\u0113jamajos aspektos.\" \/>\n<meta property=\"og:url\" content=\"https:\/\/mmkriepas.lv\/en\/p\/225-40r19-marshal-wi31-93t-xl-ar-radzem-kumho\/\" \/>\n<meta property=\"og:site_name\" content=\"MMK Riepas\" \/>\n<meta property=\"article:publisher\" content=\"https:\/\/www.facebook.com\/mmkserviss\/\" \/>\n<meta property=\"article:modified_time\" content=\"2024-11-13T18:50:51+00:00\" \/>\n<meta property=\"og:image\" content=\"https:\/\/mmkriepas.lv\/wp-content\/uploads\/2024\/10\/24540r19-marshal-wintercraft-ice-wi31-98t-xl-ar-radzem-kumho-ziemas-riepas-ziemas-ar-radzem-riepas.jpg\" \/>\n\t<meta property=\"og:image:width\" content=\"900\" \/>\n\t<meta property=\"og:image:height\" content=\"720\" \/>\n\t<meta property=\"og:image:type\" content=\"image\/jpeg\" \/>\n<meta name=\"twitter:card\" content=\"summary_large_image\" \/>\n<meta name=\"twitter:label1\" content=\"Price\" \/>\n\t<meta name=\"twitter:data1\" content=\"&euro;115.00\" \/>\n\t<meta name=\"twitter:label2\" content=\"Availability\" \/>\n\t<meta name=\"twitter:data2\" content=\"In stock\" \/>\n<script type=\"application\/ld+json\" class=\"yoast-schema-graph\">{\"@context\":\"https:\\\/\\\/schema.org\",\"@graph\":[{\"@type\":\"WebPage\",\"@id\":\"https:\\\/\\\/mmkriepas.lv\\\/en\\\/p\\\/225-40r19-marshal-wi31-93t-xl-ar-radzem-kumho\\\/\",\"url\":\"https:\\\/\\\/mmkriepas.lv\\\/en\\\/p\\\/225-40r19-marshal-wi31-93t-xl-ar-radzem-kumho\\\/\",\"name\":\"225\\\/40R19 Marshal WinterCraft ice Wi31+ 93T XL ar radz\u0113m (Kumho) &#8226; MMK Riepas\",\"isPartOf\":{\"@id\":\"https:\\\/\\\/mmkriepas.lv\\\/en\\\/#website\"},\"primaryImageOfPage\":{\"@id\":\"https:\\\/\\\/mmkriepas.lv\\\/en\\\/p\\\/225-40r19-marshal-wi31-93t-xl-ar-radzem-kumho\\\/#primaryimage\"},\"image\":{\"@id\":\"https:\\\/\\\/mmkriepas.lv\\\/en\\\/p\\\/225-40r19-marshal-wi31-93t-xl-ar-radzem-kumho\\\/#primaryimage\"},\"thumbnailUrl\":\"https:\\\/\\\/mmkriepas.lv\\\/wp-content\\\/uploads\\\/2024\\\/10\\\/24540r19-marshal-wintercraft-ice-wi31-98t-xl-ar-radzem-kumho-ziemas-riepas-ziemas-ar-radzem-riepas.jpg\",\"datePublished\":\"2023-02-15T13:11:58+00:00\",\"dateModified\":\"2024-11-13T18:50:51+00:00\",\"breadcrumb\":{\"@id\":\"https:\\\/\\\/mmkriepas.lv\\\/en\\\/p\\\/225-40r19-marshal-wi31-93t-xl-ar-radzem-kumho\\\/#breadcrumb\"},\"inLanguage\":\"en-US\",\"potentialAction\":[{\"@type\":\"ReadAction\",\"target\":[\"https:\\\/\\\/mmkriepas.lv\\\/en\\\/p\\\/225-40r19-marshal-wi31-93t-xl-ar-radzem-kumho\\\/\"]}]},{\"@type\":\"ImageObject\",\"inLanguage\":\"en-US\",\"@id\":\"https:\\\/\\\/mmkriepas.lv\\\/en\\\/p\\\/225-40r19-marshal-wi31-93t-xl-ar-radzem-kumho\\\/#primaryimage\",\"url\":\"https:\\\/\\\/mmkriepas.lv\\\/wp-content\\\/uploads\\\/2024\\\/10\\\/24540r19-marshal-wintercraft-ice-wi31-98t-xl-ar-radzem-kumho-ziemas-riepas-ziemas-ar-radzem-riepas.jpg\",\"contentUrl\":\"https:\\\/\\\/mmkriepas.lv\\\/wp-content\\\/uploads\\\/2024\\\/10\\\/24540r19-marshal-wintercraft-ice-wi31-98t-xl-ar-radzem-kumho-ziemas-riepas-ziemas-ar-radzem-riepas.jpg\",\"width\":900,\"height\":720,\"caption\":\"MAIN\"},{\"@type\":\"BreadcrumbList\",\"@id\":\"https:\\\/\\\/mmkriepas.lv\\\/en\\\/p\\\/225-40r19-marshal-wi31-93t-xl-ar-radzem-kumho\\\/#breadcrumb\",\"itemListElement\":[{\"@type\":\"ListItem\",\"position\":1,\"name\":\"S\u0101kums\",\"item\":\"https:\\\/\\\/mmkriepas.lv\\\/en\\\/\"},{\"@type\":\"ListItem\",\"position\":2,\"name\":\"225\\\/40R19 Marshal WinterCraft ice Wi31+ 93T XL ar radz\u0113m (Kumho)\"}]},{\"@type\":\"WebSite\",\"@id\":\"https:\\\/\\\/mmkriepas.lv\\\/en\\\/#website\",\"url\":\"https:\\\/\\\/mmkriepas.lv\\\/en\\\/\",\"name\":\"MMK Riepas\",\"description\":\"MMK Riepas\",\"alternateName\":\"MMK Riepu Serviss\",\"potentialAction\":[{\"@type\":\"SearchAction\",\"target\":{\"@type\":\"EntryPoint\",\"urlTemplate\":\"https:\\\/\\\/mmkriepas.lv\\\/en\\\/?s={search_term_string}\"},\"query-input\":{\"@type\":\"PropertyValueSpecification\",\"valueRequired\":true,\"valueName\":\"search_term_string\"}}],\"inLanguage\":\"en-US\"},{\"@type\":\"ImageObject\",\"inLanguage\":\"en-US\",\"@id\":\"https:\\\/\\\/mmkriepas.lv\\\/en\\\/p\\\/225-40r19-marshal-wi31-93t-xl-ar-radzem-kumho\\\/#local-main-organization-logo\",\"url\":\"\",\"contentUrl\":\"\",\"caption\":\"MMK Riepas\"}]}<\/script>\n<meta property=\"product:brand\" content=\"Marshal WinterCraft ice Wi31+\" \/>\n<meta property=\"product:price:amount\" content=\"115.00\" \/>\n<meta property=\"product:price:currency\" content=\"EUR\" \/>\n<meta property=\"og:availability\" content=\"instock\" \/>\n<meta property=\"product:availability\" content=\"instock\" \/>\n<meta property=\"product:retailer_item_id\" content=\"TR2254019Marsh-E20424\" \/>\n<meta property=\"product:condition\" content=\"new\" \/>\n<!-- \/ Yoast SEO Premium plugin. -->","yoast_head_json":{"title":"225\/40R19 Marshal WinterCraft ice Wi31+ 93T XL ar radz\u0113m (Kumho) &#8226; MMK Riepas","robots":{"index":"index","follow":"follow","max-snippet":"max-snippet:-1","max-image-preview":"max-image-preview:large","max-video-preview":"max-video-preview:-1"},"canonical":"https:\/\/mmkriepas.lv\/en\/p\/225-40r19-marshal-wi31-93t-xl-ar-radzem-kumho\/","og_locale":"en_US","og_type":"article","og_title":"225\/40R19 Marshal WinterCraft ice Wi31+ 93T XL ar radz\u0113m (Kumho)","og_description":"Ziemas riepu mode\u013ca Marshal Wintercraft Ice WI31+ n\u0101k\u0161ana tirg\u016b bija ar lielu nepaciet\u012bbu gaid\u012bta, jo \u0161is modelis aizst\u0101j daudzu autobrauc\u0113ju absol\u016btu favor\u012btu- Wintercraft Ice WI 31. Vadoties p\u0113c atz\u012bt\u0101kajiem riepu testiem, Wintercraft Ice WI 31+ uzr\u0101da v\u0113l augst\u0101kus r\u0101d\u012bt\u0101jus visos iesp\u0113jamajos aspektos.","og_url":"https:\/\/mmkriepas.lv\/en\/p\/225-40r19-marshal-wi31-93t-xl-ar-radzem-kumho\/","og_site_name":"MMK Riepas","article_publisher":"https:\/\/www.facebook.com\/mmkserviss\/","article_modified_time":"2024-11-13T18:50:51+00:00","og_image":[{"width":900,"height":720,"url":"https:\/\/mmkriepas.lv\/wp-content\/uploads\/2024\/10\/24540r19-marshal-wintercraft-ice-wi31-98t-xl-ar-radzem-kumho-ziemas-riepas-ziemas-ar-radzem-riepas.jpg","type":"image\/jpeg"}],"twitter_card":"summary_large_image","twitter_misc":{"Price":"&euro;115.00","Availability":"In stock"},"schema":{"@context":"https:\/\/schema.org","@graph":[{"@type":"WebPage","@id":"https:\/\/mmkriepas.lv\/en\/p\/225-40r19-marshal-wi31-93t-xl-ar-radzem-kumho\/","url":"https:\/\/mmkriepas.lv\/en\/p\/225-40r19-marshal-wi31-93t-xl-ar-radzem-kumho\/","name":"225\/40R19 Marshal WinterCraft ice Wi31+ 93T XL ar radz\u0113m (Kumho) &#8226; MMK Riepas","isPartOf":{"@id":"https:\/\/mmkriepas.lv\/en\/#website"},"primaryImageOfPage":{"@id":"https:\/\/mmkriepas.lv\/en\/p\/225-40r19-marshal-wi31-93t-xl-ar-radzem-kumho\/#primaryimage"},"image":{"@id":"https:\/\/mmkriepas.lv\/en\/p\/225-40r19-marshal-wi31-93t-xl-ar-radzem-kumho\/#primaryimage"},"thumbnailUrl":"https:\/\/mmkriepas.lv\/wp-content\/uploads\/2024\/10\/24540r19-marshal-wintercraft-ice-wi31-98t-xl-ar-radzem-kumho-ziemas-riepas-ziemas-ar-radzem-riepas.jpg","datePublished":"2023-02-15T13:11:58+00:00","dateModified":"2024-11-13T18:50:51+00:00","breadcrumb":{"@id":"https:\/\/mmkriepas.lv\/en\/p\/225-40r19-marshal-wi31-93t-xl-ar-radzem-kumho\/#breadcrumb"},"inLanguage":"en-US","potentialAction":[{"@type":"ReadAction","target":["https:\/\/mmkriepas.lv\/en\/p\/225-40r19-marshal-wi31-93t-xl-ar-radzem-kumho\/"]}]},{"@type":"ImageObject","inLanguage":"en-US","@id":"https:\/\/mmkriepas.lv\/en\/p\/225-40r19-marshal-wi31-93t-xl-ar-radzem-kumho\/#primaryimage","url":"https:\/\/mmkriepas.lv\/wp-content\/uploads\/2024\/10\/24540r19-marshal-wintercraft-ice-wi31-98t-xl-ar-radzem-kumho-ziemas-riepas-ziemas-ar-radzem-riepas.jpg","contentUrl":"https:\/\/mmkriepas.lv\/wp-content\/uploads\/2024\/10\/24540r19-marshal-wintercraft-ice-wi31-98t-xl-ar-radzem-kumho-ziemas-riepas-ziemas-ar-radzem-riepas.jpg","width":900,"height":720,"caption":"MAIN"},{"@type":"BreadcrumbList","@id":"https:\/\/mmkriepas.lv\/en\/p\/225-40r19-marshal-wi31-93t-xl-ar-radzem-kumho\/#breadcrumb","itemListElement":[{"@type":"ListItem","position":1,"name":"S\u0101kums","item":"https:\/\/mmkriepas.lv\/en\/"},{"@type":"ListItem","position":2,"name":"225\/40R19 Marshal WinterCraft ice Wi31+ 93T XL ar radz\u0113m (Kumho)"}]},{"@type":"WebSite","@id":"https:\/\/mmkriepas.lv\/en\/#website","url":"https:\/\/mmkriepas.lv\/en\/","name":"MMK Riepas","description":"MMK Riepas","alternateName":"MMK Riepu Serviss","potentialAction":[{"@type":"SearchAction","target":{"@type":"EntryPoint","urlTemplate":"https:\/\/mmkriepas.lv\/en\/?s={search_term_string}"},"query-input":{"@type":"PropertyValueSpecification","valueRequired":true,"valueName":"search_term_string"}}],"inLanguage":"en-US"},{"@type":"ImageObject","inLanguage":"en-US","@id":"https:\/\/mmkriepas.lv\/en\/p\/225-40r19-marshal-wi31-93t-xl-ar-radzem-kumho\/#local-main-organization-logo","url":"","contentUrl":"","caption":"MMK Riepas"}]},"product_brand":"Marshal WinterCraft ice Wi31+","product_price_amount":"115.00","product_price_currency":"EUR","og_availability":"instock","product_availability":"instock","product_retailer_item_id":"TR2254019Marsh-E20424","product_condition":"new"},"_links":{"self":[{"href":"https:\/\/mmkriepas.lv\/en\/wp-json\/wp\/v2\/product\/622519","targetHints":{"allow":["GET"]}}],"collection":[{"href":"https:\/\/mmkriepas.lv\/en\/wp-json\/wp\/v2\/product"}],"about":[{"href":"https:\/\/mmkriepas.lv\/en\/wp-json\/wp\/v2\/types\/product"}],"wp:featuredmedia":[{"embeddable":true,"href":"https:\/\/mmkriepas.lv\/en\/wp-json\/wp\/v2\/media\/1116020"}],"wp:attachment":[{"href":"https:\/\/mmkriepas.lv\/en\/wp-json\/wp\/v2\/media?parent=622519"}],"wp:term":[{"taxonomy":"product_brand","embeddable":true,"href":"https:\/\/mmkriepas.lv\/en\/wp-json\/wp\/v2\/product_brand?post=622519"},{"taxonomy":"product_cat","embeddable":true,"href":"https:\/\/mmkriepas.lv\/en\/wp-json\/wp\/v2\/product_cat?post=622519"},{"taxonomy":"product_tag","embeddable":true,"href":"https:\/\/mmkriepas.lv\/en\/wp-json\/wp\/v2\/product_tag?post=622519"}],"curies":[{"name":"wp","href":"https:\/\/api.w.org\/{rel}","templated":true}]}}