{"id":612254,"date":"2023-02-12T21:05:48","date_gmt":"2023-02-12T19:05:48","guid":{"rendered":"https:\/\/mmkserviss.lv\/?post_type=product&#038;p=612254"},"modified":"2026-03-19T11:24:43","modified_gmt":"2026-03-19T09:24:43","slug":"245-40r20-kumho-ecsta-ps91-99y-xl","status":"publish","type":"product","link":"https:\/\/mmkriepas.lv\/en\/p\/245-40r20-kumho-ecsta-ps91-99y-xl\/","title":{"rendered":"245\/40R20 Kumho ECSTA PS91 99Y XL"},"content":{"rendered":"<p class=\"western\"><span style=\"font-family: Arial, serif;\"><b><span>Kumho E<\/span><\/b><\/span><span style=\"font-family: Arial, serif;\"><b><span>CSTA<\/span><\/b><\/span><span style=\"font-family: Arial, serif;\"><b><span> PS91<\/span><\/b><\/span><span style=\"font-family: Arial, serif;\"><span> ir teicamas kvalit\u0101tes, vid\u0113j\u0101s klases UHP jeb augstas veiktsp\u0113jas vasaras riepu modelis. Tas izce\u013cas ar teicamiem brauk\u0161anas komforta, degvielas ekonomijas, sa\u0137eres un manevr\u0113tsp\u0113jas r\u0101d\u012bt\u0101jiem gan uz sausa, gan slapja asfalta pat lielos brauk\u0161anas \u0101trumos. \u0160is riepu modelis pieejams izm\u0113ru kl\u0101st\u0101 no R18 l\u012bdz R21. Tas piem\u0113rots gan sportiskiem sedaniem un kupej\u0101m, k\u0101 ar\u012b apvidus automa\u0161\u012bn\u0101m jeb SUV.<\/span><\/span><\/p>\n<h3 class=\"western\"><span style=\"font-family: Arial, serif;\"><span>Kumho E<\/span><\/span><span style=\"font-family: Arial, serif;\"><span>CSTA<\/span><\/span><span style=\"font-family: Arial, serif;\"><span> PS91 galven\u0101s \u012bpa\u0161\u012bbas<\/span><\/span><\/h3>\n<p class=\"western\"><span style=\"font-family: Arial, serif;\"><span>+ Teicama sa\u0137ere un manevr\u0113tsp\u0113ja gan uz sausa, gan slapja asfalta pat lielos brauk\u0161anas \u0101trumos.<br \/>+ Izteikti komfortabla un klusa gaita.<br \/>+ Zems degvielas pat\u0113ri\u0146\u0161.<br \/>+ Zems akvaplan\u0113\u0161anas risks.<br \/>+ Laba nodilumiztur\u012bba.<\/span><\/span><\/p>\n<h3 class=\"western\"><span style=\"font-family: Arial, serif;\"><span>E<\/span><\/span><span style=\"font-family: Arial, serif;\"><span>CSTA<\/span><\/span><span style=\"font-family: Arial, serif;\"><span> PS91 apr\u012bkojums<\/span><\/span><\/h3>\n<p class=\"western\"><span style=\"font-family: Arial, serif;\"><span>Kumho Ecsta PS91 UHP vasaras riepas apr\u012bkotas ar \u0161im riepu segmentam ierastu asimetrisko protektora rakstu. \u0160\u0101ds dizains sev\u012b apvieno teicamas brauk\u0161anas komforta un veiktsp\u0113jas \u012bpa\u0161\u012bbas vasaras apst\u0101k\u013cos. Turkl\u0101t, \u0161is riepu modelis uzlabots ar virkni riepu giganta Kumho tehnolo\u0123iskajiem risin\u0101jumiem.<\/span><\/span><\/p>\n<p class=\"western\"><span style=\"font-family: Arial, serif;\"><span>Riepas centr\u0101l\u0101 da\u013ca veidota no stingr\u0101kas gumijas, nek\u0101 t\u0101s s\u0101nu da\u013cas. Tas dar\u012bts, lai uzlabotu virziena stabilit\u0101ti liel\u0101 brauk\u0161anas \u0101trum\u0101. Kopum\u0101, riepas darin\u0101tas no nodilumiztur\u012bga, bet elast\u012bga gumijas sakaus\u0113juma. K\u0101 zin\u0101ms, elast\u012bga riepa lab\u0101k veido sa\u0137eri ar ce\u013cu un dilst vienm\u0113r\u012bg\u0101k.<\/span><\/span><\/p>\n<p class=\"western\"><span style=\"font-family: Arial, serif;\"><span>Starp asimetriski izvietotaj\u0101m protektora virkn\u0113m izvietota uzlabota dren\u0101\u017eas jeb \u016bdens novadkan\u0101lu sist\u0113ma. T\u0101 \u0101tri un efekt\u012bvi atbr\u012bvo riepu kontakta virsmu ar ce\u013cu no \u016bdens, samazinot akvaplan\u0113\u0161anas risku.<\/span><\/span><\/p>\n","protected":false},"excerpt":{"rendered":"<p class=\"western\"><span style=\"font-family: Arial, serif;\"><b><span>Kumho E<\/span><\/b><\/span><span style=\"font-family: Arial, serif;\"><b><span>CSTA<\/span><\/b><\/span><span style=\"font-family: Arial, serif;\"><b><span> PS91<\/span><\/b><\/span><span style=\"font-family: Arial, serif;\"><span> ir teicamas kvalit\u0101tes, vid\u0113j\u0101s klases UHP jeb augstas veiktsp\u0113jas vasaras riepu modelis. Tas izce\u013cas ar teicamiem brauk\u0161anas komforta, degvielas ekonomijas, sa\u0137eres un manevr\u0113tsp\u0113jas r\u0101d\u012bt\u0101jiem gan uz sausa, gan slapja asfalta pat lielos brauk\u0161anas \u0101trumos. \u0160is riepu modelis pieejams izm\u0113ru kl\u0101st\u0101 no R18 l\u012bdz R21. Tas piem\u0113rots gan sportiskiem sedaniem un kupej\u0101m, k\u0101 ar\u012b apvidus automa\u0161\u012bn\u0101m jeb SUV.<\/span><\/span><\/p>\n","protected":false},"featured_media":871313,"template":"","meta":{"_acf_changed":false,"ngg_post_thumbnail":0},"product_brand":[],"product_cat":[46],"product_tag":[],"class_list":{"0":"post-612254","1":"product","2":"type-product","3":"status-publish","4":"has-post-thumbnail","6":"product_cat-vasaras-riepas","8":"first","9":"instock","10":"sale","11":"taxable","12":"shipping-taxable","13":"product-type-simple"},"acf":[],"yoast_head":"<!-- This site is optimized with the Yoast SEO Premium plugin v22.6 (Yoast SEO v27.3) - https:\/\/yoast.com\/product\/yoast-seo-premium-wordpress\/ -->\n<title>245\/40R20 Kumho ECSTA PS91 99Y XL &#8226; MMK Riepas<\/title>\n<meta name=\"robots\" content=\"index, follow, max-snippet:-1, max-image-preview:large, max-video-preview:-1\" \/>\n<link rel=\"canonical\" href=\"https:\/\/mmkriepas.lv\/en\/p\/245-40r20-kumho-ecsta-ps91-99y-xl\/\" \/>\n<meta property=\"og:locale\" content=\"en_US\" \/>\n<meta property=\"og:type\" content=\"article\" \/>\n<meta property=\"og:title\" content=\"245\/40R20 Kumho ECSTA PS91 99Y XL\" \/>\n<meta property=\"og:description\" content=\"Kumho ECSTA PS91 ir teicamas kvalit\u0101tes, vid\u0113j\u0101s klases UHP jeb augstas veiktsp\u0113jas vasaras riepu modelis. Tas izce\u013cas ar teicamiem brauk\u0161anas komforta, degvielas ekonomijas, sa\u0137eres un manevr\u0113tsp\u0113jas r\u0101d\u012bt\u0101jiem gan uz sausa, gan slapja asfalta pat lielos brauk\u0161anas \u0101trumos. \u0160is riepu modelis pieejams izm\u0113ru kl\u0101st\u0101 no R18 l\u012bdz R21. Tas piem\u0113rots gan sportiskiem sedaniem un kupej\u0101m, k\u0101 ar\u012b apvidus automa\u0161\u012bn\u0101m jeb SUV.\" \/>\n<meta property=\"og:url\" content=\"https:\/\/mmkriepas.lv\/en\/p\/245-40r20-kumho-ecsta-ps91-99y-xl\/\" \/>\n<meta property=\"og:site_name\" content=\"MMK Riepas\" \/>\n<meta property=\"article:publisher\" content=\"https:\/\/www.facebook.com\/mmkserviss\/\" \/>\n<meta property=\"article:modified_time\" content=\"2026-03-19T09:24:43+00:00\" \/>\n<meta property=\"og:image\" content=\"https:\/\/mmkriepas.lv\/wp-content\/uploads\/2024\/03\/25530r19-kumho-ecsta-ps91-91y-xl-vasaras-riepas.jpg\" \/>\n\t<meta property=\"og:image:width\" content=\"1000\" \/>\n\t<meta property=\"og:image:height\" content=\"750\" \/>\n\t<meta property=\"og:image:type\" content=\"image\/jpeg\" \/>\n<meta name=\"twitter:card\" content=\"summary_large_image\" \/>\n<meta name=\"twitter:label1\" content=\"Price\" \/>\n\t<meta name=\"twitter:data1\" content=\"&euro;172.00\" \/>\n\t<meta name=\"twitter:label2\" content=\"Availability\" \/>\n\t<meta name=\"twitter:data2\" content=\"In stock\" \/>\n<script type=\"application\/ld+json\" class=\"yoast-schema-graph\">{\"@context\":\"https:\\\/\\\/schema.org\",\"@graph\":[{\"@type\":\"WebPage\",\"@id\":\"https:\\\/\\\/mmkriepas.lv\\\/en\\\/p\\\/245-40r20-kumho-ecsta-ps91-99y-xl\\\/\",\"url\":\"https:\\\/\\\/mmkriepas.lv\\\/en\\\/p\\\/245-40r20-kumho-ecsta-ps91-99y-xl\\\/\",\"name\":\"245\\\/40R20 Kumho ECSTA PS91 99Y XL &#8226; MMK Riepas\",\"isPartOf\":{\"@id\":\"https:\\\/\\\/mmkriepas.lv\\\/en\\\/#website\"},\"primaryImageOfPage\":{\"@id\":\"https:\\\/\\\/mmkriepas.lv\\\/en\\\/p\\\/245-40r20-kumho-ecsta-ps91-99y-xl\\\/#primaryimage\"},\"image\":{\"@id\":\"https:\\\/\\\/mmkriepas.lv\\\/en\\\/p\\\/245-40r20-kumho-ecsta-ps91-99y-xl\\\/#primaryimage\"},\"thumbnailUrl\":\"https:\\\/\\\/mmkriepas.lv\\\/wp-content\\\/uploads\\\/2024\\\/03\\\/25530r19-kumho-ecsta-ps91-91y-xl-vasaras-riepas.jpg\",\"datePublished\":\"2023-02-12T19:05:48+00:00\",\"dateModified\":\"2026-03-19T09:24:43+00:00\",\"breadcrumb\":{\"@id\":\"https:\\\/\\\/mmkriepas.lv\\\/en\\\/p\\\/245-40r20-kumho-ecsta-ps91-99y-xl\\\/#breadcrumb\"},\"inLanguage\":\"en-US\",\"potentialAction\":[{\"@type\":\"ReadAction\",\"target\":[\"https:\\\/\\\/mmkriepas.lv\\\/en\\\/p\\\/245-40r20-kumho-ecsta-ps91-99y-xl\\\/\"]}]},{\"@type\":\"ImageObject\",\"inLanguage\":\"en-US\",\"@id\":\"https:\\\/\\\/mmkriepas.lv\\\/en\\\/p\\\/245-40r20-kumho-ecsta-ps91-99y-xl\\\/#primaryimage\",\"url\":\"https:\\\/\\\/mmkriepas.lv\\\/wp-content\\\/uploads\\\/2024\\\/03\\\/25530r19-kumho-ecsta-ps91-91y-xl-vasaras-riepas.jpg\",\"contentUrl\":\"https:\\\/\\\/mmkriepas.lv\\\/wp-content\\\/uploads\\\/2024\\\/03\\\/25530r19-kumho-ecsta-ps91-91y-xl-vasaras-riepas.jpg\",\"width\":1000,\"height\":750,\"caption\":\"MAIN\"},{\"@type\":\"BreadcrumbList\",\"@id\":\"https:\\\/\\\/mmkriepas.lv\\\/en\\\/p\\\/245-40r20-kumho-ecsta-ps91-99y-xl\\\/#breadcrumb\",\"itemListElement\":[{\"@type\":\"ListItem\",\"position\":1,\"name\":\"S\u0101kums\",\"item\":\"https:\\\/\\\/mmkriepas.lv\\\/en\\\/\"},{\"@type\":\"ListItem\",\"position\":2,\"name\":\"245\\\/40R20 Kumho ECSTA PS91 99Y XL\"}]},{\"@type\":\"WebSite\",\"@id\":\"https:\\\/\\\/mmkriepas.lv\\\/en\\\/#website\",\"url\":\"https:\\\/\\\/mmkriepas.lv\\\/en\\\/\",\"name\":\"MMK Riepas\",\"description\":\"MMK Riepas\",\"alternateName\":\"MMK Riepu Serviss\",\"potentialAction\":[{\"@type\":\"SearchAction\",\"target\":{\"@type\":\"EntryPoint\",\"urlTemplate\":\"https:\\\/\\\/mmkriepas.lv\\\/en\\\/?s={search_term_string}\"},\"query-input\":{\"@type\":\"PropertyValueSpecification\",\"valueRequired\":true,\"valueName\":\"search_term_string\"}}],\"inLanguage\":\"en-US\"},{\"@type\":\"ImageObject\",\"inLanguage\":\"en-US\",\"@id\":\"https:\\\/\\\/mmkriepas.lv\\\/en\\\/p\\\/245-40r20-kumho-ecsta-ps91-99y-xl\\\/#local-main-organization-logo\",\"url\":\"\",\"contentUrl\":\"\",\"caption\":\"MMK Riepas\"}]}<\/script>\n<meta property=\"product:brand\" content=\"Kumho ECSTA PS91\" \/>\n<meta property=\"product:price:amount\" content=\"172.00\" \/>\n<meta property=\"product:price:currency\" content=\"EUR\" \/>\n<meta property=\"og:availability\" content=\"instock\" \/>\n<meta property=\"product:availability\" content=\"instock\" \/>\n<meta property=\"product:retailer_item_id\" content=\"TS2454020KUMHO-L20378\" \/>\n<meta property=\"product:condition\" content=\"new\" \/>\n<!-- \/ Yoast SEO Premium plugin. -->","yoast_head_json":{"title":"245\/40R20 Kumho ECSTA PS91 99Y XL &#8226; MMK Riepas","robots":{"index":"index","follow":"follow","max-snippet":"max-snippet:-1","max-image-preview":"max-image-preview:large","max-video-preview":"max-video-preview:-1"},"canonical":"https:\/\/mmkriepas.lv\/en\/p\/245-40r20-kumho-ecsta-ps91-99y-xl\/","og_locale":"en_US","og_type":"article","og_title":"245\/40R20 Kumho ECSTA PS91 99Y XL","og_description":"Kumho ECSTA PS91 ir teicamas kvalit\u0101tes, vid\u0113j\u0101s klases UHP jeb augstas veiktsp\u0113jas vasaras riepu modelis. Tas izce\u013cas ar teicamiem brauk\u0161anas komforta, degvielas ekonomijas, sa\u0137eres un manevr\u0113tsp\u0113jas r\u0101d\u012bt\u0101jiem gan uz sausa, gan slapja asfalta pat lielos brauk\u0161anas \u0101trumos. \u0160is riepu modelis pieejams izm\u0113ru kl\u0101st\u0101 no R18 l\u012bdz R21. Tas piem\u0113rots gan sportiskiem sedaniem un kupej\u0101m, k\u0101 ar\u012b apvidus automa\u0161\u012bn\u0101m jeb SUV.","og_url":"https:\/\/mmkriepas.lv\/en\/p\/245-40r20-kumho-ecsta-ps91-99y-xl\/","og_site_name":"MMK Riepas","article_publisher":"https:\/\/www.facebook.com\/mmkserviss\/","article_modified_time":"2026-03-19T09:24:43+00:00","og_image":[{"width":1000,"height":750,"url":"https:\/\/mmkriepas.lv\/wp-content\/uploads\/2024\/03\/25530r19-kumho-ecsta-ps91-91y-xl-vasaras-riepas.jpg","type":"image\/jpeg"}],"twitter_card":"summary_large_image","twitter_misc":{"Price":"&euro;172.00","Availability":"In stock"},"schema":{"@context":"https:\/\/schema.org","@graph":[{"@type":"WebPage","@id":"https:\/\/mmkriepas.lv\/en\/p\/245-40r20-kumho-ecsta-ps91-99y-xl\/","url":"https:\/\/mmkriepas.lv\/en\/p\/245-40r20-kumho-ecsta-ps91-99y-xl\/","name":"245\/40R20 Kumho ECSTA PS91 99Y XL &#8226; MMK Riepas","isPartOf":{"@id":"https:\/\/mmkriepas.lv\/en\/#website"},"primaryImageOfPage":{"@id":"https:\/\/mmkriepas.lv\/en\/p\/245-40r20-kumho-ecsta-ps91-99y-xl\/#primaryimage"},"image":{"@id":"https:\/\/mmkriepas.lv\/en\/p\/245-40r20-kumho-ecsta-ps91-99y-xl\/#primaryimage"},"thumbnailUrl":"https:\/\/mmkriepas.lv\/wp-content\/uploads\/2024\/03\/25530r19-kumho-ecsta-ps91-91y-xl-vasaras-riepas.jpg","datePublished":"2023-02-12T19:05:48+00:00","dateModified":"2026-03-19T09:24:43+00:00","breadcrumb":{"@id":"https:\/\/mmkriepas.lv\/en\/p\/245-40r20-kumho-ecsta-ps91-99y-xl\/#breadcrumb"},"inLanguage":"en-US","potentialAction":[{"@type":"ReadAction","target":["https:\/\/mmkriepas.lv\/en\/p\/245-40r20-kumho-ecsta-ps91-99y-xl\/"]}]},{"@type":"ImageObject","inLanguage":"en-US","@id":"https:\/\/mmkriepas.lv\/en\/p\/245-40r20-kumho-ecsta-ps91-99y-xl\/#primaryimage","url":"https:\/\/mmkriepas.lv\/wp-content\/uploads\/2024\/03\/25530r19-kumho-ecsta-ps91-91y-xl-vasaras-riepas.jpg","contentUrl":"https:\/\/mmkriepas.lv\/wp-content\/uploads\/2024\/03\/25530r19-kumho-ecsta-ps91-91y-xl-vasaras-riepas.jpg","width":1000,"height":750,"caption":"MAIN"},{"@type":"BreadcrumbList","@id":"https:\/\/mmkriepas.lv\/en\/p\/245-40r20-kumho-ecsta-ps91-99y-xl\/#breadcrumb","itemListElement":[{"@type":"ListItem","position":1,"name":"S\u0101kums","item":"https:\/\/mmkriepas.lv\/en\/"},{"@type":"ListItem","position":2,"name":"245\/40R20 Kumho ECSTA PS91 99Y XL"}]},{"@type":"WebSite","@id":"https:\/\/mmkriepas.lv\/en\/#website","url":"https:\/\/mmkriepas.lv\/en\/","name":"MMK Riepas","description":"MMK Riepas","alternateName":"MMK Riepu Serviss","potentialAction":[{"@type":"SearchAction","target":{"@type":"EntryPoint","urlTemplate":"https:\/\/mmkriepas.lv\/en\/?s={search_term_string}"},"query-input":{"@type":"PropertyValueSpecification","valueRequired":true,"valueName":"search_term_string"}}],"inLanguage":"en-US"},{"@type":"ImageObject","inLanguage":"en-US","@id":"https:\/\/mmkriepas.lv\/en\/p\/245-40r20-kumho-ecsta-ps91-99y-xl\/#local-main-organization-logo","url":"","contentUrl":"","caption":"MMK Riepas"}]},"product_brand":"Kumho ECSTA PS91","product_price_amount":"172.00","product_price_currency":"EUR","og_availability":"instock","product_availability":"instock","product_retailer_item_id":"TS2454020KUMHO-L20378","product_condition":"new"},"_links":{"self":[{"href":"https:\/\/mmkriepas.lv\/en\/wp-json\/wp\/v2\/product\/612254","targetHints":{"allow":["GET"]}}],"collection":[{"href":"https:\/\/mmkriepas.lv\/en\/wp-json\/wp\/v2\/product"}],"about":[{"href":"https:\/\/mmkriepas.lv\/en\/wp-json\/wp\/v2\/types\/product"}],"wp:featuredmedia":[{"embeddable":true,"href":"https:\/\/mmkriepas.lv\/en\/wp-json\/wp\/v2\/media\/871313"}],"wp:attachment":[{"href":"https:\/\/mmkriepas.lv\/en\/wp-json\/wp\/v2\/media?parent=612254"}],"wp:term":[{"taxonomy":"product_brand","embeddable":true,"href":"https:\/\/mmkriepas.lv\/en\/wp-json\/wp\/v2\/product_brand?post=612254"},{"taxonomy":"product_cat","embeddable":true,"href":"https:\/\/mmkriepas.lv\/en\/wp-json\/wp\/v2\/product_cat?post=612254"},{"taxonomy":"product_tag","embeddable":true,"href":"https:\/\/mmkriepas.lv\/en\/wp-json\/wp\/v2\/product_tag?post=612254"}],"curies":[{"name":"wp","href":"https:\/\/api.w.org\/{rel}","templated":true}]}}