{"id":611735,"date":"2023-02-12T20:49:38","date_gmt":"2023-02-12T18:49:38","guid":{"rendered":"https:\/\/mmkserviss.lv\/?post_type=product&#038;p=611735"},"modified":"2026-03-27T13:11:35","modified_gmt":"2026-03-27T11:11:35","slug":"225-40r18-goodyear-eagle-f1-asymmetric-6-92y-xl","status":"publish","type":"product","link":"https:\/\/mmkriepas.lv\/en\/p\/225-40r18-goodyear-eagle-f1-asymmetric-6-92y-xl\/","title":{"rendered":"225\/40R18 Goodyear Eagle F1 Asymmetric 6 92Y XL FP"},"content":{"rendered":"<p class=\"western\"><strong><span style=\"color: #000000;\"><span style=\"font-family: Arial, sans-serif;\"><span style=\"font-size: small;\">Goodyear Eagle F1 Asymmetric 6\u00a0<\/span><\/span><\/span><\/strong><span style=\"color: #000000;\"><span style=\"font-family: Arial, sans-serif;\"><span style=\"font-size: small;\">ir augst\u0101k\u0101s kvalit\u0101tes, premium klases UHP vasaras riepu modelis. Tas izce\u013cas ar izcil\u0101m brauk\u0161anas komforta, degvielas ekonomijas, manevr\u0113tsp\u0113jas un sa\u0137eres \u012bpa\u0161\u012bb\u0101m gan uz sausa, gan ar\u012b uz slapja asfalta. \u0160is riepu modelis pieejams izm\u0113ru kl\u0101st\u0101 no R17 l\u012bdz R19. Tas paredz\u0113ts luksus klases kupej\u0101m un sedaniem.<\/span><\/span><\/span><\/p>\n<h3 class=\"western\"><strong><span style=\"font-family: Arial, sans-serif;\">Goodyear Eagle F1 Asymmetric 6 galven\u0101s \u012bpa\u0161\u012bbas<\/span><\/strong><\/h3>\n<p class=\"western\"><span style=\"font-family: Arial, sans-serif;\">+ Izcilas sa\u0137eres \u012bpa\u0161\u012bbas gan uz sausa, gan slapja asfalta, pateicoties Goodyear vado\u0161aj\u0101m tehnolo\u0123ij\u0101m.<br \/>+ Zems akvaplan\u0113\u0161anas risks.<br \/>+ Izteikts akustiskais un brauk\u0161anas gaitas komforts.<br \/>+ Zems degvielas pat\u0113ri\u0146\u0161.<br \/>+ Palielin\u0101ta nodilumiztur\u012bba.<\/span><\/p>\n<h3 class=\"western\"><strong><span style=\"color: #000000;\"><span style=\"font-family: Arial, sans-serif;\"><span style=\"font-size: small;\">F1 Asymmetric 6 apr\u012bkojums<\/span><\/span><\/span><\/strong><\/h3>\n<p class=\"western\"><strong><span style=\"font-family: Arial, sans-serif;\">Goodyear Eagle F1 Asymmetric 6\u00a0<\/span><\/strong><span style=\"font-family: Arial, sans-serif;\">UHP jeb augstas veiktsp\u0113jas vasaras riepas ir apr\u012bkotas ar uzlabotu asimetrisko protektora rakstu. \u0160\u0101ds dizains, tand\u0113m\u0101 ar riepu giganta Goodyear tehnolo\u0123ij\u0101m, sev\u012b apvieno izcilas sa\u0137eres un brauk\u0161anas komforta \u012bpa\u0161\u012bbas uz sausa un slapja asfalta pat lielos brauk\u0161anas \u0101trumos.<\/span><\/p>\n<p class=\"western\"><span style=\"font-family: Arial, sans-serif;\">Asimetriskais protektora raksts veidots p\u0113c Goodyear Contact Patch tehnolo\u0123ijas. \u0160\u012b tehnolo\u0123ija nodro\u0161ina piln\u012bgu riepu kontakta virsmas adapt\u0101ciju ce\u013ca segumam. Kontakta virsma k\u013cuvusi ar\u012b liel\u0101ka un, k\u0101 zin\u0101ms, liel\u0101ka kontakta virsma ar ce\u013cu uzlabo gan sa\u0137eri, gan manevr\u0113tsp\u0113ju.<\/span><\/p>\n<p class=\"western\"><span style=\"font-family: Arial, sans-serif;\">Wet Braking Pro tehnolo\u0123ija uzlabo riepu sa\u0137eri ar slapju asfaltu. Riepu gumijas mais\u012bjumam pievienotie \u0137\u012bmiskie elementi ne tikai uzlabo sa\u0137eri, bet ar\u012b padara riepu elast\u012bgu un nodilumiztur\u012bgu. K\u0101 zin\u0101ms, elast\u012bga riepa daudz lab\u0101k veido sa\u0137eri ar ce\u013cu.<\/span><\/p>\n","protected":false},"excerpt":{"rendered":"<p><strong><span style=\"color: #000000;\"><span style=\"font-family: Arial, sans-serif;\"><span style=\"font-size: small;\">Goodyear Eagle F1 Asymmetric 6\u00a0<\/span><\/span><\/span><\/strong><span style=\"color: #000000;\"><span style=\"font-family: Arial, sans-serif;\"><span style=\"font-size: small;\">ir augst\u0101k\u0101s kvalit\u0101tes, premium klases UHP vasaras riepu modelis. Tas izce\u013cas ar izcil\u0101m brauk\u0161anas komforta, degvielas ekonomijas, manevr\u0113tsp\u0113jas un sa\u0137eres \u012bpa\u0161\u012bb\u0101m gan uz sausa, gan ar\u012b uz slapja asfalta. \u0160is riepu modelis pieejams izm\u0113ru kl\u0101st\u0101 no R17 l\u012bdz R19. Tas paredz\u0113ts luksus klases kupej\u0101m un sedaniem.<\/span><\/span><\/span><\/p>\n","protected":false},"featured_media":684194,"template":"","meta":{"_acf_changed":false,"ngg_post_thumbnail":0},"product_brand":[],"product_cat":[46],"product_tag":[],"class_list":{"0":"post-611735","1":"product","2":"type-product","3":"status-publish","4":"has-post-thumbnail","6":"product_cat-vasaras-riepas","8":"first","9":"instock","10":"sale","11":"taxable","12":"shipping-taxable","13":"purchasable","14":"product-type-simple"},"acf":[],"yoast_head":"<!-- This site is optimized with the Yoast SEO Premium plugin v22.6 (Yoast SEO v27.3) - https:\/\/yoast.com\/product\/yoast-seo-premium-wordpress\/ -->\n<title>225\/40R18 Goodyear Eagle F1 Asymmetric 6 92Y XL FP &#8226; MMK Riepas<\/title>\n<meta name=\"robots\" content=\"index, follow, max-snippet:-1, max-image-preview:large, max-video-preview:-1\" \/>\n<link rel=\"canonical\" href=\"https:\/\/mmkriepas.lv\/en\/p\/225-40r18-goodyear-eagle-f1-asymmetric-6-92y-xl\/\" \/>\n<meta property=\"og:locale\" content=\"en_US\" \/>\n<meta property=\"og:type\" content=\"article\" \/>\n<meta property=\"og:title\" content=\"225\/40R18 Goodyear Eagle F1 Asymmetric 6 92Y XL FP\" \/>\n<meta property=\"og:description\" content=\"Goodyear Eagle F1 Asymmetric 6\u00a0ir augst\u0101k\u0101s kvalit\u0101tes, premium klases UHP vasaras riepu modelis. Tas izce\u013cas ar izcil\u0101m brauk\u0161anas komforta, degvielas ekonomijas, manevr\u0113tsp\u0113jas un sa\u0137eres \u012bpa\u0161\u012bb\u0101m gan uz sausa, gan ar\u012b uz slapja asfalta. \u0160is riepu modelis pieejams izm\u0113ru kl\u0101st\u0101 no R17 l\u012bdz R19. Tas paredz\u0113ts luksus klases kupej\u0101m un sedaniem.\" \/>\n<meta property=\"og:url\" content=\"https:\/\/mmkriepas.lv\/en\/p\/225-40r18-goodyear-eagle-f1-asymmetric-6-92y-xl\/\" \/>\n<meta property=\"og:site_name\" content=\"MMK Riepas\" \/>\n<meta property=\"article:publisher\" content=\"https:\/\/www.facebook.com\/mmkserviss\/\" \/>\n<meta property=\"article:modified_time\" content=\"2026-03-27T11:11:35+00:00\" \/>\n<meta property=\"og:image\" content=\"https:\/\/mmkriepas.lv\/wp-content\/uploads\/2023\/03\/23540r18-goodyear-eagle-f1-asymmetric-6-95y-xl-vasaras-riepas.jpeg\" \/>\n\t<meta property=\"og:image:width\" content=\"1920\" \/>\n\t<meta property=\"og:image:height\" content=\"1440\" \/>\n\t<meta property=\"og:image:type\" content=\"image\/jpeg\" \/>\n<meta name=\"twitter:card\" content=\"summary_large_image\" \/>\n<meta name=\"twitter:label1\" content=\"Price\" \/>\n\t<meta name=\"twitter:data1\" content=\"&euro;116.00\" \/>\n\t<meta name=\"twitter:label2\" content=\"Availability\" \/>\n\t<meta name=\"twitter:data2\" content=\"In stock\" \/>\n<script type=\"application\/ld+json\" class=\"yoast-schema-graph\">{\"@context\":\"https:\\\/\\\/schema.org\",\"@graph\":[{\"@type\":\"WebPage\",\"@id\":\"https:\\\/\\\/mmkriepas.lv\\\/en\\\/p\\\/225-40r18-goodyear-eagle-f1-asymmetric-6-92y-xl\\\/\",\"url\":\"https:\\\/\\\/mmkriepas.lv\\\/en\\\/p\\\/225-40r18-goodyear-eagle-f1-asymmetric-6-92y-xl\\\/\",\"name\":\"225\\\/40R18 Goodyear Eagle F1 Asymmetric 6 92Y XL FP &#8226; MMK Riepas\",\"isPartOf\":{\"@id\":\"https:\\\/\\\/mmkriepas.lv\\\/en\\\/#website\"},\"primaryImageOfPage\":{\"@id\":\"https:\\\/\\\/mmkriepas.lv\\\/en\\\/p\\\/225-40r18-goodyear-eagle-f1-asymmetric-6-92y-xl\\\/#primaryimage\"},\"image\":{\"@id\":\"https:\\\/\\\/mmkriepas.lv\\\/en\\\/p\\\/225-40r18-goodyear-eagle-f1-asymmetric-6-92y-xl\\\/#primaryimage\"},\"thumbnailUrl\":\"https:\\\/\\\/mmkriepas.lv\\\/wp-content\\\/uploads\\\/2023\\\/03\\\/23540r18-goodyear-eagle-f1-asymmetric-6-95y-xl-vasaras-riepas.jpeg\",\"datePublished\":\"2023-02-12T18:49:38+00:00\",\"dateModified\":\"2026-03-27T11:11:35+00:00\",\"breadcrumb\":{\"@id\":\"https:\\\/\\\/mmkriepas.lv\\\/en\\\/p\\\/225-40r18-goodyear-eagle-f1-asymmetric-6-92y-xl\\\/#breadcrumb\"},\"inLanguage\":\"en-US\",\"potentialAction\":[{\"@type\":\"ReadAction\",\"target\":[\"https:\\\/\\\/mmkriepas.lv\\\/en\\\/p\\\/225-40r18-goodyear-eagle-f1-asymmetric-6-92y-xl\\\/\"]}]},{\"@type\":\"ImageObject\",\"inLanguage\":\"en-US\",\"@id\":\"https:\\\/\\\/mmkriepas.lv\\\/en\\\/p\\\/225-40r18-goodyear-eagle-f1-asymmetric-6-92y-xl\\\/#primaryimage\",\"url\":\"https:\\\/\\\/mmkriepas.lv\\\/wp-content\\\/uploads\\\/2023\\\/03\\\/23540r18-goodyear-eagle-f1-asymmetric-6-95y-xl-vasaras-riepas.jpeg\",\"contentUrl\":\"https:\\\/\\\/mmkriepas.lv\\\/wp-content\\\/uploads\\\/2023\\\/03\\\/23540r18-goodyear-eagle-f1-asymmetric-6-95y-xl-vasaras-riepas.jpeg\",\"width\":1920,\"height\":1440,\"caption\":\"MAIN\"},{\"@type\":\"BreadcrumbList\",\"@id\":\"https:\\\/\\\/mmkriepas.lv\\\/en\\\/p\\\/225-40r18-goodyear-eagle-f1-asymmetric-6-92y-xl\\\/#breadcrumb\",\"itemListElement\":[{\"@type\":\"ListItem\",\"position\":1,\"name\":\"S\u0101kums\",\"item\":\"https:\\\/\\\/mmkriepas.lv\\\/en\\\/\"},{\"@type\":\"ListItem\",\"position\":2,\"name\":\"225\\\/40R18 Goodyear Eagle F1 Asymmetric 6 92Y XL FP\"}]},{\"@type\":\"WebSite\",\"@id\":\"https:\\\/\\\/mmkriepas.lv\\\/en\\\/#website\",\"url\":\"https:\\\/\\\/mmkriepas.lv\\\/en\\\/\",\"name\":\"MMK Riepas\",\"description\":\"MMK Riepas\",\"alternateName\":\"MMK Riepu Serviss\",\"potentialAction\":[{\"@type\":\"SearchAction\",\"target\":{\"@type\":\"EntryPoint\",\"urlTemplate\":\"https:\\\/\\\/mmkriepas.lv\\\/en\\\/?s={search_term_string}\"},\"query-input\":{\"@type\":\"PropertyValueSpecification\",\"valueRequired\":true,\"valueName\":\"search_term_string\"}}],\"inLanguage\":\"en-US\"},{\"@type\":\"ImageObject\",\"inLanguage\":\"en-US\",\"@id\":\"https:\\\/\\\/mmkriepas.lv\\\/en\\\/p\\\/225-40r18-goodyear-eagle-f1-asymmetric-6-92y-xl\\\/#local-main-organization-logo\",\"url\":\"\",\"contentUrl\":\"\",\"caption\":\"MMK Riepas\"}]}<\/script>\n<meta property=\"product:brand\" content=\"Goodyear Eagle F1 Asymmetric 6\" \/>\n<meta property=\"product:price:amount\" content=\"116.00\" \/>\n<meta property=\"product:price:currency\" content=\"EUR\" \/>\n<meta property=\"og:availability\" content=\"instock\" \/>\n<meta property=\"product:availability\" content=\"instock\" \/>\n<meta property=\"product:retailer_item_id\" content=\"TS2254018GOODY-L20213\" \/>\n<meta property=\"product:condition\" content=\"new\" \/>\n<!-- \/ Yoast SEO Premium plugin. -->","yoast_head_json":{"title":"225\/40R18 Goodyear Eagle F1 Asymmetric 6 92Y XL FP &#8226; MMK Riepas","robots":{"index":"index","follow":"follow","max-snippet":"max-snippet:-1","max-image-preview":"max-image-preview:large","max-video-preview":"max-video-preview:-1"},"canonical":"https:\/\/mmkriepas.lv\/en\/p\/225-40r18-goodyear-eagle-f1-asymmetric-6-92y-xl\/","og_locale":"en_US","og_type":"article","og_title":"225\/40R18 Goodyear Eagle F1 Asymmetric 6 92Y XL FP","og_description":"Goodyear Eagle F1 Asymmetric 6\u00a0ir augst\u0101k\u0101s kvalit\u0101tes, premium klases UHP vasaras riepu modelis. Tas izce\u013cas ar izcil\u0101m brauk\u0161anas komforta, degvielas ekonomijas, manevr\u0113tsp\u0113jas un sa\u0137eres \u012bpa\u0161\u012bb\u0101m gan uz sausa, gan ar\u012b uz slapja asfalta. \u0160is riepu modelis pieejams izm\u0113ru kl\u0101st\u0101 no R17 l\u012bdz R19. Tas paredz\u0113ts luksus klases kupej\u0101m un sedaniem.","og_url":"https:\/\/mmkriepas.lv\/en\/p\/225-40r18-goodyear-eagle-f1-asymmetric-6-92y-xl\/","og_site_name":"MMK Riepas","article_publisher":"https:\/\/www.facebook.com\/mmkserviss\/","article_modified_time":"2026-03-27T11:11:35+00:00","og_image":[{"width":1920,"height":1440,"url":"https:\/\/mmkriepas.lv\/wp-content\/uploads\/2023\/03\/23540r18-goodyear-eagle-f1-asymmetric-6-95y-xl-vasaras-riepas.jpeg","type":"image\/jpeg"}],"twitter_card":"summary_large_image","twitter_misc":{"Price":"&euro;116.00","Availability":"In stock"},"schema":{"@context":"https:\/\/schema.org","@graph":[{"@type":"WebPage","@id":"https:\/\/mmkriepas.lv\/en\/p\/225-40r18-goodyear-eagle-f1-asymmetric-6-92y-xl\/","url":"https:\/\/mmkriepas.lv\/en\/p\/225-40r18-goodyear-eagle-f1-asymmetric-6-92y-xl\/","name":"225\/40R18 Goodyear Eagle F1 Asymmetric 6 92Y XL FP &#8226; MMK Riepas","isPartOf":{"@id":"https:\/\/mmkriepas.lv\/en\/#website"},"primaryImageOfPage":{"@id":"https:\/\/mmkriepas.lv\/en\/p\/225-40r18-goodyear-eagle-f1-asymmetric-6-92y-xl\/#primaryimage"},"image":{"@id":"https:\/\/mmkriepas.lv\/en\/p\/225-40r18-goodyear-eagle-f1-asymmetric-6-92y-xl\/#primaryimage"},"thumbnailUrl":"https:\/\/mmkriepas.lv\/wp-content\/uploads\/2023\/03\/23540r18-goodyear-eagle-f1-asymmetric-6-95y-xl-vasaras-riepas.jpeg","datePublished":"2023-02-12T18:49:38+00:00","dateModified":"2026-03-27T11:11:35+00:00","breadcrumb":{"@id":"https:\/\/mmkriepas.lv\/en\/p\/225-40r18-goodyear-eagle-f1-asymmetric-6-92y-xl\/#breadcrumb"},"inLanguage":"en-US","potentialAction":[{"@type":"ReadAction","target":["https:\/\/mmkriepas.lv\/en\/p\/225-40r18-goodyear-eagle-f1-asymmetric-6-92y-xl\/"]}]},{"@type":"ImageObject","inLanguage":"en-US","@id":"https:\/\/mmkriepas.lv\/en\/p\/225-40r18-goodyear-eagle-f1-asymmetric-6-92y-xl\/#primaryimage","url":"https:\/\/mmkriepas.lv\/wp-content\/uploads\/2023\/03\/23540r18-goodyear-eagle-f1-asymmetric-6-95y-xl-vasaras-riepas.jpeg","contentUrl":"https:\/\/mmkriepas.lv\/wp-content\/uploads\/2023\/03\/23540r18-goodyear-eagle-f1-asymmetric-6-95y-xl-vasaras-riepas.jpeg","width":1920,"height":1440,"caption":"MAIN"},{"@type":"BreadcrumbList","@id":"https:\/\/mmkriepas.lv\/en\/p\/225-40r18-goodyear-eagle-f1-asymmetric-6-92y-xl\/#breadcrumb","itemListElement":[{"@type":"ListItem","position":1,"name":"S\u0101kums","item":"https:\/\/mmkriepas.lv\/en\/"},{"@type":"ListItem","position":2,"name":"225\/40R18 Goodyear Eagle F1 Asymmetric 6 92Y XL FP"}]},{"@type":"WebSite","@id":"https:\/\/mmkriepas.lv\/en\/#website","url":"https:\/\/mmkriepas.lv\/en\/","name":"MMK Riepas","description":"MMK Riepas","alternateName":"MMK Riepu Serviss","potentialAction":[{"@type":"SearchAction","target":{"@type":"EntryPoint","urlTemplate":"https:\/\/mmkriepas.lv\/en\/?s={search_term_string}"},"query-input":{"@type":"PropertyValueSpecification","valueRequired":true,"valueName":"search_term_string"}}],"inLanguage":"en-US"},{"@type":"ImageObject","inLanguage":"en-US","@id":"https:\/\/mmkriepas.lv\/en\/p\/225-40r18-goodyear-eagle-f1-asymmetric-6-92y-xl\/#local-main-organization-logo","url":"","contentUrl":"","caption":"MMK Riepas"}]},"product_brand":"Goodyear Eagle F1 Asymmetric 6","product_price_amount":"116.00","product_price_currency":"EUR","og_availability":"instock","product_availability":"instock","product_retailer_item_id":"TS2254018GOODY-L20213","product_condition":"new"},"_links":{"self":[{"href":"https:\/\/mmkriepas.lv\/en\/wp-json\/wp\/v2\/product\/611735","targetHints":{"allow":["GET"]}}],"collection":[{"href":"https:\/\/mmkriepas.lv\/en\/wp-json\/wp\/v2\/product"}],"about":[{"href":"https:\/\/mmkriepas.lv\/en\/wp-json\/wp\/v2\/types\/product"}],"wp:featuredmedia":[{"embeddable":true,"href":"https:\/\/mmkriepas.lv\/en\/wp-json\/wp\/v2\/media\/684194"}],"wp:attachment":[{"href":"https:\/\/mmkriepas.lv\/en\/wp-json\/wp\/v2\/media?parent=611735"}],"wp:term":[{"taxonomy":"product_brand","embeddable":true,"href":"https:\/\/mmkriepas.lv\/en\/wp-json\/wp\/v2\/product_brand?post=611735"},{"taxonomy":"product_cat","embeddable":true,"href":"https:\/\/mmkriepas.lv\/en\/wp-json\/wp\/v2\/product_cat?post=611735"},{"taxonomy":"product_tag","embeddable":true,"href":"https:\/\/mmkriepas.lv\/en\/wp-json\/wp\/v2\/product_tag?post=611735"}],"curies":[{"name":"wp","href":"https:\/\/api.w.org\/{rel}","templated":true}]}}