{"id":604012,"date":"2023-02-10T00:42:56","date_gmt":"2023-02-09T22:42:56","guid":{"rendered":"https:\/\/mmkserviss.lv\/?post_type=product&#038;p=604012"},"modified":"2025-08-28T22:09:55","modified_gmt":"2025-08-28T19:09:55","slug":"225-65r16c-windforce-snowblazer-max-112-110r","status":"publish","type":"product","link":"https:\/\/mmkriepas.lv\/en\/p\/225-65r16c-windforce-snowblazer-max-112-110r\/","title":{"rendered":"225\/65R16C Windforce Snowblazer Max 112\/110R"},"content":{"rendered":"<p style=\"margin: 12.0pt 0cm 12.0pt 0cm;\"><b><span style=\"font-size: 11.0pt; font-family: 'Arial',sans-serif; color: black;\">Windforce Snowblazer Max <\/span><\/b><span style=\"font-size: 11.0pt; font-family: 'Arial',sans-serif; color: black;\">ir ziemas komerctransporta jeb c indeksa riepu modelis. Tas izce\u013cas ar paaugstin\u0101tu kravnes\u012bbu, nodilumiztur\u012bbu un dro\u0161\u012bbas l\u012bmeni visda\u017e\u0101d\u0101kajos brauk\u0161anas apst\u0101k\u013cos.<\/span><o:p><\/o:p><\/p>\n<h3 style=\"margin: 14.0pt 0cm 4.0pt 0cm;\"><span style=\"font-size: 13.0pt; font-family: 'Arial',sans-serif; color: black;\">Snowblazer Max galven\u0101s iez\u012bmes<\/span><o:p><\/o:p><\/h3>\n<p style=\"margin: 12.0pt 0cm 12.0pt 0cm;\"><span style=\"font-size: 11.0pt; font-family: 'Arial',sans-serif; color: black;\">+ Paaugstin\u0101ti kravnes\u012bbas indeksi \u013cauj p\u0101rvad\u0101t smag\u0101kas kravas intens\u012bvos ekspluat\u0101cijas apst\u0101k\u013cos,<\/span><o:p><\/o:p><\/p>\n<p style=\"margin: 12.0pt 0cm 12.0pt 0cm;\"><span style=\"font-size: 11.0pt; font-family: 'Arial',sans-serif; color: black;\">+ Degvielas ekonomija,<\/span><o:p><\/o:p><\/p>\n<p style=\"margin: 12.0pt 0cm 12.0pt 0cm;\"><span style=\"font-size: 11.0pt; font-family: 'Arial',sans-serif; color: black;\">+ Palielin\u0101ta nodilumiztur\u012bba,<\/span><o:p><\/o:p><\/p>\n<p style=\"margin: 12.0pt 0cm 12.0pt 0cm;\"><span style=\"font-size: 11.0pt; font-family: 'Arial',sans-serif; color: black;\">+ Asas s\u0101nu kantes un lamel\u0113ti, mas\u012bvi protektora bloki uzlabo sa\u0137eres \u012bpa\u0161\u012bbas skarbos ziemas apst\u0101k\u013cos, un braucot pa grants vai me\u017ea ce\u013ciem.<\/span><o:p><\/o:p><\/p>\n<p style=\"margin: 12.0pt 0cm 12.0pt 0cm;\"><span style=\"font-size: 11.0pt; font-family: 'Arial',sans-serif; color: black;\">+ Izcila cenas un veiktsp\u0113jas attiec\u012bba.<\/span><o:p><\/o:p><\/p>\n<h3 style=\"margin: 14.0pt 0cm 4.0pt 0cm;\"><span style=\"font-size: 13.0pt; font-family: 'Arial',sans-serif; color: black;\">Snowblazer Max apr\u012bkojums<\/span><o:p><\/o:p><\/h3>\n<p style=\"margin: 12.0pt 0cm 12.0pt 0cm;\"><span style=\"font-size: 11.0pt; font-family: 'Arial',sans-serif; color: black;\">Komerctransporta riepas apr\u012bkotas ar c indeksa riep\u0101m rakstur\u012bgo un desmitgad\u0113m ilgi p\u0101rbaud\u012bto simetrisko protektora rakstu.<\/span><o:p><\/o:p><\/p>\n<p style=\"margin: 12.0pt 0cm 12.0pt 0cm;\"><span style=\"font-size: 11.0pt; font-family: 'Arial',sans-serif; color: black;\">Mas\u012bvajos, simetriski izvietotajos protektora blokos, da\u017e\u0101dos virzienos bl\u012bvi izvietotas lameles. T\u0101s, tand\u0113m\u0101 ar as\u0101m s\u0101nu kant\u0113m, izcili veido sa\u0137eri un uzlabo manevr\u0113tsp\u0113ju, c\u012b\u0146\u0101 ar skarbiem ziemas apst\u0101k\u013ciem &#8211; net\u012br\u012btiem vai apledoju\u0161iem ce\u013ca posmiem.<\/span><o:p><\/o:p><\/p>\n<p style=\"margin: 12.0pt 0cm 12.0pt 0cm;\"><b><span style=\"font-size: 11.0pt; font-family: 'Arial',sans-serif; color: black;\">Windforce Snowblazer Max <\/span><\/b><span style=\"font-size: 11.0pt; font-family: 'Arial',sans-serif; color: black;\">pamat\u0101 izmantots \u012bpa\u0161i iztur\u012bgs un kravnes\u012bgs karkass. Tas papildin\u0101ts ar ekstra kordu jeb brekera sl\u0101\u0146iem, \u013caujot p\u0101rvad\u0101t smagas kravas intens\u012bvas ekspluat\u0101cijas apst\u0101k\u013cos.<\/span><span style=\"font-family: 'Arial',sans-serif; color: black;\">Riepas karkass iet\u0113rpts nodilumiztur\u012bg\u0101 un elast\u012bg\u0101 gumijas sakaus\u0113jum\u0101, uzlabojot riepas ilgtsp\u0113j\u012bbu un dro\u0161\u012bbu pla\u0161\u0101 temperat\u016bru diapazon\u0101.<\/span><\/p>\n","protected":false},"excerpt":{"rendered":"<p><b><span style=\"font-size: 11.0pt; font-family: 'Arial',sans-serif; color: black;\">Windforce Snowblazer Max <\/span><\/b><span style=\"font-size: 11.0pt; font-family: 'Arial',sans-serif; color: black;\">ir ziemas komerctransporta jeb c indeksa riepu modelis. Tas izce\u013cas ar paaugstin\u0101tu kravnes\u012bbu, nodilumiztur\u012bbu un dro\u0161\u012bbas l\u012bmeni visda\u017e\u0101d\u0101kajos brauk\u0161anas apst\u0101k\u013cos.<\/span><\/p>\n","protected":false},"featured_media":851428,"template":"","meta":{"_acf_changed":false,"ngg_post_thumbnail":0},"product_brand":[],"product_cat":[47,45],"product_tag":[],"class_list":{"0":"post-604012","1":"product","2":"type-product","3":"status-publish","4":"has-post-thumbnail","6":"product_cat-vissezonas-riepas","7":"product_cat-ziemas-riepas","9":"first","10":"instock","11":"taxable","12":"shipping-taxable","13":"product-type-simple"},"acf":[],"yoast_head":"<!-- This site is optimized with the Yoast SEO Premium plugin v22.6 (Yoast SEO v27.3) - https:\/\/yoast.com\/product\/yoast-seo-premium-wordpress\/ -->\n<title>225\/65R16C Windforce Snowblazer Max 112\/110R &#8226; MMK Riepas<\/title>\n<meta name=\"robots\" content=\"index, follow, max-snippet:-1, max-image-preview:large, max-video-preview:-1\" \/>\n<link rel=\"canonical\" href=\"https:\/\/mmkriepas.lv\/en\/p\/225-65r16c-windforce-snowblazer-max-112-110r\/\" \/>\n<meta property=\"og:locale\" content=\"en_US\" \/>\n<meta property=\"og:type\" content=\"article\" \/>\n<meta property=\"og:title\" content=\"225\/65R16C Windforce Snowblazer Max 112\/110R\" \/>\n<meta property=\"og:description\" content=\"Windforce Snowblazer Max ir ziemas komerctransporta jeb c indeksa riepu modelis. Tas izce\u013cas ar paaugstin\u0101tu kravnes\u012bbu, nodilumiztur\u012bbu un dro\u0161\u012bbas l\u012bmeni visda\u017e\u0101d\u0101kajos brauk\u0161anas apst\u0101k\u013cos.\" \/>\n<meta property=\"og:url\" content=\"https:\/\/mmkriepas.lv\/en\/p\/225-65r16c-windforce-snowblazer-max-112-110r\/\" \/>\n<meta property=\"og:site_name\" content=\"MMK Riepas\" \/>\n<meta property=\"article:publisher\" content=\"https:\/\/www.facebook.com\/mmkserviss\/\" \/>\n<meta property=\"article:modified_time\" content=\"2025-08-28T19:09:55+00:00\" \/>\n<meta property=\"og:image\" content=\"https:\/\/mmkriepas.lv\/wp-content\/uploads\/2024\/01\/23565r16c-windforce-snowblazer-max-115113r-ziemas-riepas.jpg\" \/>\n\t<meta property=\"og:image:width\" content=\"1920\" \/>\n\t<meta property=\"og:image:height\" content=\"1440\" \/>\n\t<meta property=\"og:image:type\" content=\"image\/jpeg\" \/>\n<meta name=\"twitter:card\" content=\"summary_large_image\" \/>\n<meta name=\"twitter:label1\" content=\"Price\" \/>\n\t<meta name=\"twitter:data1\" content=\"&euro;78.00\" \/>\n\t<meta name=\"twitter:label2\" content=\"Availability\" \/>\n\t<meta name=\"twitter:data2\" content=\"In stock\" \/>\n<script type=\"application\/ld+json\" class=\"yoast-schema-graph\">{\"@context\":\"https:\\\/\\\/schema.org\",\"@graph\":[{\"@type\":\"WebPage\",\"@id\":\"https:\\\/\\\/mmkriepas.lv\\\/en\\\/p\\\/225-65r16c-windforce-snowblazer-max-112-110r\\\/\",\"url\":\"https:\\\/\\\/mmkriepas.lv\\\/en\\\/p\\\/225-65r16c-windforce-snowblazer-max-112-110r\\\/\",\"name\":\"225\\\/65R16C Windforce Snowblazer Max 112\\\/110R &#8226; MMK Riepas\",\"isPartOf\":{\"@id\":\"https:\\\/\\\/mmkriepas.lv\\\/en\\\/#website\"},\"primaryImageOfPage\":{\"@id\":\"https:\\\/\\\/mmkriepas.lv\\\/en\\\/p\\\/225-65r16c-windforce-snowblazer-max-112-110r\\\/#primaryimage\"},\"image\":{\"@id\":\"https:\\\/\\\/mmkriepas.lv\\\/en\\\/p\\\/225-65r16c-windforce-snowblazer-max-112-110r\\\/#primaryimage\"},\"thumbnailUrl\":\"https:\\\/\\\/mmkriepas.lv\\\/wp-content\\\/uploads\\\/2024\\\/01\\\/23565r16c-windforce-snowblazer-max-115113r-ziemas-riepas.jpg\",\"datePublished\":\"2023-02-09T22:42:56+00:00\",\"dateModified\":\"2025-08-28T19:09:55+00:00\",\"breadcrumb\":{\"@id\":\"https:\\\/\\\/mmkriepas.lv\\\/en\\\/p\\\/225-65r16c-windforce-snowblazer-max-112-110r\\\/#breadcrumb\"},\"inLanguage\":\"en-US\",\"potentialAction\":[{\"@type\":\"ReadAction\",\"target\":[\"https:\\\/\\\/mmkriepas.lv\\\/en\\\/p\\\/225-65r16c-windforce-snowblazer-max-112-110r\\\/\"]}]},{\"@type\":\"ImageObject\",\"inLanguage\":\"en-US\",\"@id\":\"https:\\\/\\\/mmkriepas.lv\\\/en\\\/p\\\/225-65r16c-windforce-snowblazer-max-112-110r\\\/#primaryimage\",\"url\":\"https:\\\/\\\/mmkriepas.lv\\\/wp-content\\\/uploads\\\/2024\\\/01\\\/23565r16c-windforce-snowblazer-max-115113r-ziemas-riepas.jpg\",\"contentUrl\":\"https:\\\/\\\/mmkriepas.lv\\\/wp-content\\\/uploads\\\/2024\\\/01\\\/23565r16c-windforce-snowblazer-max-115113r-ziemas-riepas.jpg\",\"width\":1920,\"height\":1440,\"caption\":\"235\\\/65R16C Windforce Snowblazer Max 115\\\/113R - Vissezonas riepas \\\/ Ziemas riepas\"},{\"@type\":\"BreadcrumbList\",\"@id\":\"https:\\\/\\\/mmkriepas.lv\\\/en\\\/p\\\/225-65r16c-windforce-snowblazer-max-112-110r\\\/#breadcrumb\",\"itemListElement\":[{\"@type\":\"ListItem\",\"position\":1,\"name\":\"S\u0101kums\",\"item\":\"https:\\\/\\\/mmkriepas.lv\\\/en\\\/\"},{\"@type\":\"ListItem\",\"position\":2,\"name\":\"225\\\/65R16C Windforce Snowblazer Max 112\\\/110R\"}]},{\"@type\":\"WebSite\",\"@id\":\"https:\\\/\\\/mmkriepas.lv\\\/en\\\/#website\",\"url\":\"https:\\\/\\\/mmkriepas.lv\\\/en\\\/\",\"name\":\"MMK Riepas\",\"description\":\"MMK Riepas\",\"alternateName\":\"MMK Riepu Serviss\",\"potentialAction\":[{\"@type\":\"SearchAction\",\"target\":{\"@type\":\"EntryPoint\",\"urlTemplate\":\"https:\\\/\\\/mmkriepas.lv\\\/en\\\/?s={search_term_string}\"},\"query-input\":{\"@type\":\"PropertyValueSpecification\",\"valueRequired\":true,\"valueName\":\"search_term_string\"}}],\"inLanguage\":\"en-US\"},{\"@type\":\"ImageObject\",\"inLanguage\":\"en-US\",\"@id\":\"https:\\\/\\\/mmkriepas.lv\\\/en\\\/p\\\/225-65r16c-windforce-snowblazer-max-112-110r\\\/#local-main-organization-logo\",\"url\":\"\",\"contentUrl\":\"\",\"caption\":\"MMK Riepas\"}]}<\/script>\n<meta property=\"product:brand\" content=\"Windforce Snowblazer Max\" \/>\n<meta property=\"product:price:amount\" content=\"78.00\" \/>\n<meta property=\"product:price:currency\" content=\"EUR\" \/>\n<meta property=\"og:availability\" content=\"instock\" \/>\n<meta property=\"product:availability\" content=\"instock\" \/>\n<meta property=\"product:retailer_item_id\" content=\"TW2256516CWindf-E20140\" \/>\n<meta property=\"product:condition\" content=\"new\" \/>\n<!-- \/ Yoast SEO Premium plugin. -->","yoast_head_json":{"title":"225\/65R16C Windforce Snowblazer Max 112\/110R &#8226; MMK Riepas","robots":{"index":"index","follow":"follow","max-snippet":"max-snippet:-1","max-image-preview":"max-image-preview:large","max-video-preview":"max-video-preview:-1"},"canonical":"https:\/\/mmkriepas.lv\/en\/p\/225-65r16c-windforce-snowblazer-max-112-110r\/","og_locale":"en_US","og_type":"article","og_title":"225\/65R16C Windforce Snowblazer Max 112\/110R","og_description":"Windforce Snowblazer Max ir ziemas komerctransporta jeb c indeksa riepu modelis. Tas izce\u013cas ar paaugstin\u0101tu kravnes\u012bbu, nodilumiztur\u012bbu un dro\u0161\u012bbas l\u012bmeni visda\u017e\u0101d\u0101kajos brauk\u0161anas apst\u0101k\u013cos.","og_url":"https:\/\/mmkriepas.lv\/en\/p\/225-65r16c-windforce-snowblazer-max-112-110r\/","og_site_name":"MMK Riepas","article_publisher":"https:\/\/www.facebook.com\/mmkserviss\/","article_modified_time":"2025-08-28T19:09:55+00:00","og_image":[{"width":1920,"height":1440,"url":"https:\/\/mmkriepas.lv\/wp-content\/uploads\/2024\/01\/23565r16c-windforce-snowblazer-max-115113r-ziemas-riepas.jpg","type":"image\/jpeg"}],"twitter_card":"summary_large_image","twitter_misc":{"Price":"&euro;78.00","Availability":"In stock"},"schema":{"@context":"https:\/\/schema.org","@graph":[{"@type":"WebPage","@id":"https:\/\/mmkriepas.lv\/en\/p\/225-65r16c-windforce-snowblazer-max-112-110r\/","url":"https:\/\/mmkriepas.lv\/en\/p\/225-65r16c-windforce-snowblazer-max-112-110r\/","name":"225\/65R16C Windforce Snowblazer Max 112\/110R &#8226; MMK Riepas","isPartOf":{"@id":"https:\/\/mmkriepas.lv\/en\/#website"},"primaryImageOfPage":{"@id":"https:\/\/mmkriepas.lv\/en\/p\/225-65r16c-windforce-snowblazer-max-112-110r\/#primaryimage"},"image":{"@id":"https:\/\/mmkriepas.lv\/en\/p\/225-65r16c-windforce-snowblazer-max-112-110r\/#primaryimage"},"thumbnailUrl":"https:\/\/mmkriepas.lv\/wp-content\/uploads\/2024\/01\/23565r16c-windforce-snowblazer-max-115113r-ziemas-riepas.jpg","datePublished":"2023-02-09T22:42:56+00:00","dateModified":"2025-08-28T19:09:55+00:00","breadcrumb":{"@id":"https:\/\/mmkriepas.lv\/en\/p\/225-65r16c-windforce-snowblazer-max-112-110r\/#breadcrumb"},"inLanguage":"en-US","potentialAction":[{"@type":"ReadAction","target":["https:\/\/mmkriepas.lv\/en\/p\/225-65r16c-windforce-snowblazer-max-112-110r\/"]}]},{"@type":"ImageObject","inLanguage":"en-US","@id":"https:\/\/mmkriepas.lv\/en\/p\/225-65r16c-windforce-snowblazer-max-112-110r\/#primaryimage","url":"https:\/\/mmkriepas.lv\/wp-content\/uploads\/2024\/01\/23565r16c-windforce-snowblazer-max-115113r-ziemas-riepas.jpg","contentUrl":"https:\/\/mmkriepas.lv\/wp-content\/uploads\/2024\/01\/23565r16c-windforce-snowblazer-max-115113r-ziemas-riepas.jpg","width":1920,"height":1440,"caption":"235\/65R16C Windforce Snowblazer Max 115\/113R - Vissezonas riepas \/ Ziemas riepas"},{"@type":"BreadcrumbList","@id":"https:\/\/mmkriepas.lv\/en\/p\/225-65r16c-windforce-snowblazer-max-112-110r\/#breadcrumb","itemListElement":[{"@type":"ListItem","position":1,"name":"S\u0101kums","item":"https:\/\/mmkriepas.lv\/en\/"},{"@type":"ListItem","position":2,"name":"225\/65R16C Windforce Snowblazer Max 112\/110R"}]},{"@type":"WebSite","@id":"https:\/\/mmkriepas.lv\/en\/#website","url":"https:\/\/mmkriepas.lv\/en\/","name":"MMK Riepas","description":"MMK Riepas","alternateName":"MMK Riepu Serviss","potentialAction":[{"@type":"SearchAction","target":{"@type":"EntryPoint","urlTemplate":"https:\/\/mmkriepas.lv\/en\/?s={search_term_string}"},"query-input":{"@type":"PropertyValueSpecification","valueRequired":true,"valueName":"search_term_string"}}],"inLanguage":"en-US"},{"@type":"ImageObject","inLanguage":"en-US","@id":"https:\/\/mmkriepas.lv\/en\/p\/225-65r16c-windforce-snowblazer-max-112-110r\/#local-main-organization-logo","url":"","contentUrl":"","caption":"MMK Riepas"}]},"product_brand":"Windforce Snowblazer Max","product_price_amount":"78.00","product_price_currency":"EUR","og_availability":"instock","product_availability":"instock","product_retailer_item_id":"TW2256516CWindf-E20140","product_condition":"new"},"_links":{"self":[{"href":"https:\/\/mmkriepas.lv\/en\/wp-json\/wp\/v2\/product\/604012","targetHints":{"allow":["GET"]}}],"collection":[{"href":"https:\/\/mmkriepas.lv\/en\/wp-json\/wp\/v2\/product"}],"about":[{"href":"https:\/\/mmkriepas.lv\/en\/wp-json\/wp\/v2\/types\/product"}],"wp:featuredmedia":[{"embeddable":true,"href":"https:\/\/mmkriepas.lv\/en\/wp-json\/wp\/v2\/media\/851428"}],"wp:attachment":[{"href":"https:\/\/mmkriepas.lv\/en\/wp-json\/wp\/v2\/media?parent=604012"}],"wp:term":[{"taxonomy":"product_brand","embeddable":true,"href":"https:\/\/mmkriepas.lv\/en\/wp-json\/wp\/v2\/product_brand?post=604012"},{"taxonomy":"product_cat","embeddable":true,"href":"https:\/\/mmkriepas.lv\/en\/wp-json\/wp\/v2\/product_cat?post=604012"},{"taxonomy":"product_tag","embeddable":true,"href":"https:\/\/mmkriepas.lv\/en\/wp-json\/wp\/v2\/product_tag?post=604012"}],"curies":[{"name":"wp","href":"https:\/\/api.w.org\/{rel}","templated":true}]}}