{"id":603209,"date":"2023-02-10T00:21:12","date_gmt":"2023-02-09T22:21:12","guid":{"rendered":"https:\/\/mmkserviss.lv\/?post_type=product&#038;p=603209"},"modified":"2024-06-06T00:02:00","modified_gmt":"2024-06-05T21:02:00","slug":"255-40r18-superia-sport-sa-37-99y-xl-dot","status":"publish","type":"product","link":"https:\/\/mmkriepas.lv\/en\/p\/255-40r18-superia-sport-sa-37-99y-xl-dot\/","title":{"rendered":"255\/40R18 Superia Sport SA-37 99Y XL DOT"},"content":{"rendered":"<p>Riepu ra\u017eot\u0101js:<strong> Superia<\/strong><\/p>\n<p>Riepu modelis: <strong>SA37 Sport<\/strong><\/p>\n<p><strong>MMK Serviss nov\u0113rt\u0113jums:<\/strong>\u00a0<em>&#8221;Labas vasaras riepas par \u013coti labu cenu. Kvalit\u0101te augst\u0101ka par samaks\u0101to naudu&#8221;.<\/em><\/p>\n<p>MMK Serviss pied\u0101v\u0101 vienas no lab\u0101kaj\u0101m bud\u017eeta klases riep\u0101m Westlake. Eirop\u0101 un Latvij\u0101 paz\u012bstams jau vair\u0101k k\u0101 12 gadus. Westlake ir uzticams riepu ra\u017eot\u0101js, sevi ir pier\u0101d\u012bjis ar augstu kvalit\u0101ti par \u013coti labu cenu. \u013boti laba kvalit\u0101tes un cenas attiec\u012bba.<\/p>\n<p><strong>Superia SA37 Sport<\/strong>\u00a0\u012bpa\u0161\u012bbas:<\/p>\n<p>+ sportiskas riepas \u013coti labi sa\u0137eres r\u0101d\u012bt\u0101ji, stabilit\u0101te l\u012bkumos<\/p>\n<p>+ \u012bss bremz\u0113\u0161anas ce\u013c\u0161<\/p>\n<p>+ degvielas ekonomija, zema rites pretest\u012bba<\/p>\n<p>+ klusas riepas<\/p>\n<p>+ augsta triecieniztur\u012bba\u00a0pasarg\u0101s riepu no p\u0101rsi\u0161anas bedr\u0113s<\/p>\n<p>+ riepas izce\u013c\u0101s ar zemiem dilst\u012bbas r\u0101d\u012bt\u0101jiem, kas noz\u012bm\u0113 daudzu t\u016bksto\u0161u kilometru nobraukumu<\/p>\n<p>+ izteikta disku izsargmala<\/p>\n<p>+ Dro\u0161a vad\u0101m\u012bb\u0101 gan uz sausa, gan mitra seguma<\/p>\n<p>+ augsta notur\u012bba pret akvaplan\u0113\u0161anu<\/p>\n<p><strong>Rekomend\u0113jam \u0161o modeli! &#8221;<\/strong><em>Augsta kvalit\u0101te par zemu cenu.&#8221;\u00a0<\/em><\/p>\n","protected":false},"excerpt":{"rendered":"<p><b><span style=\"font-family: 'Arial',sans-serif;\">Superia SA37 Sport<\/span><\/b><span style=\"font-family: 'Arial',sans-serif;\"> vasaras riepas ir paredz\u0113ta vieglajam pasa\u017eieru transportam un pils\u0113tas d\u017eipiem. Modelis tiek pied\u0101v\u0101ts da\u017e\u0101dos izm\u0113ros rite\u0146iem ar diametru no 16 l\u012bdz pat 20 coll\u0101m. Tam ir uzlabota sa\u0137ere ar slapju ce\u013cu un sportiska, \u0113rta vad\u0101m\u012bba.<\/span><\/p>\n","protected":false},"featured_media":671228,"template":"","meta":{"_acf_changed":false,"ngg_post_thumbnail":0},"product_brand":[],"product_cat":[46],"product_tag":[],"class_list":{"0":"post-603209","1":"product","2":"type-product","3":"status-publish","4":"has-post-thumbnail","6":"product_cat-vasaras-riepas","8":"first","9":"instock","10":"sale","11":"taxable","12":"shipping-taxable","13":"product-type-simple"},"acf":[],"yoast_head":"<!-- This site is optimized with the Yoast SEO Premium plugin v22.6 (Yoast SEO v27.3) - https:\/\/yoast.com\/product\/yoast-seo-premium-wordpress\/ -->\n<title>255\/40R18 Superia Sport SA-37 99Y XL DOT &#8226; MMK Riepas<\/title>\n<meta name=\"robots\" content=\"index, follow, max-snippet:-1, max-image-preview:large, max-video-preview:-1\" \/>\n<link rel=\"canonical\" href=\"https:\/\/mmkriepas.lv\/en\/p\/255-40r18-superia-sport-sa-37-99y-xl-dot\/\" \/>\n<meta property=\"og:locale\" content=\"en_US\" \/>\n<meta property=\"og:type\" content=\"article\" \/>\n<meta property=\"og:title\" content=\"255\/40R18 Superia Sport SA-37 99Y XL DOT\" \/>\n<meta property=\"og:description\" content=\"Superia SA37 Sport vasaras riepas ir paredz\u0113ta vieglajam pasa\u017eieru transportam un pils\u0113tas d\u017eipiem. Modelis tiek pied\u0101v\u0101ts da\u017e\u0101dos izm\u0113ros rite\u0146iem ar diametru no 16 l\u012bdz pat 20 coll\u0101m. Tam ir uzlabota sa\u0137ere ar slapju ce\u013cu un sportiska, \u0113rta vad\u0101m\u012bba.\" \/>\n<meta property=\"og:url\" content=\"https:\/\/mmkriepas.lv\/en\/p\/255-40r18-superia-sport-sa-37-99y-xl-dot\/\" \/>\n<meta property=\"og:site_name\" content=\"MMK Riepas\" \/>\n<meta property=\"article:publisher\" content=\"https:\/\/www.facebook.com\/mmkserviss\/\" \/>\n<meta property=\"article:modified_time\" content=\"2024-06-05T21:02:00+00:00\" \/>\n<meta property=\"og:image\" content=\"https:\/\/mmkriepas.lv\/wp-content\/uploads\/2023\/03\/23550r17-superia-sport-sa-37-96v-dot-vasaras-riepas.jpg\" \/>\n\t<meta property=\"og:image:width\" content=\"1920\" \/>\n\t<meta property=\"og:image:height\" content=\"1440\" \/>\n\t<meta property=\"og:image:type\" content=\"image\/jpeg\" \/>\n<meta name=\"twitter:card\" content=\"summary_large_image\" \/>\n<meta name=\"twitter:label1\" content=\"Price\" \/>\n\t<meta name=\"twitter:data1\" content=\"&euro;63.00\" \/>\n\t<meta name=\"twitter:label2\" content=\"Availability\" \/>\n\t<meta name=\"twitter:data2\" content=\"In stock\" \/>\n<script type=\"application\/ld+json\" class=\"yoast-schema-graph\">{\"@context\":\"https:\\\/\\\/schema.org\",\"@graph\":[{\"@type\":\"WebPage\",\"@id\":\"https:\\\/\\\/mmkriepas.lv\\\/en\\\/p\\\/255-40r18-superia-sport-sa-37-99y-xl-dot\\\/\",\"url\":\"https:\\\/\\\/mmkriepas.lv\\\/en\\\/p\\\/255-40r18-superia-sport-sa-37-99y-xl-dot\\\/\",\"name\":\"255\\\/40R18 Superia Sport SA-37 99Y XL DOT &#8226; MMK Riepas\",\"isPartOf\":{\"@id\":\"https:\\\/\\\/mmkriepas.lv\\\/en\\\/#website\"},\"primaryImageOfPage\":{\"@id\":\"https:\\\/\\\/mmkriepas.lv\\\/en\\\/p\\\/255-40r18-superia-sport-sa-37-99y-xl-dot\\\/#primaryimage\"},\"image\":{\"@id\":\"https:\\\/\\\/mmkriepas.lv\\\/en\\\/p\\\/255-40r18-superia-sport-sa-37-99y-xl-dot\\\/#primaryimage\"},\"thumbnailUrl\":\"https:\\\/\\\/mmkriepas.lv\\\/wp-content\\\/uploads\\\/2023\\\/03\\\/23550r17-superia-sport-sa-37-96v-dot-vasaras-riepas.jpg\",\"datePublished\":\"2023-02-09T22:21:12+00:00\",\"dateModified\":\"2024-06-05T21:02:00+00:00\",\"breadcrumb\":{\"@id\":\"https:\\\/\\\/mmkriepas.lv\\\/en\\\/p\\\/255-40r18-superia-sport-sa-37-99y-xl-dot\\\/#breadcrumb\"},\"inLanguage\":\"en-US\",\"potentialAction\":[{\"@type\":\"ReadAction\",\"target\":[\"https:\\\/\\\/mmkriepas.lv\\\/en\\\/p\\\/255-40r18-superia-sport-sa-37-99y-xl-dot\\\/\"]}]},{\"@type\":\"ImageObject\",\"inLanguage\":\"en-US\",\"@id\":\"https:\\\/\\\/mmkriepas.lv\\\/en\\\/p\\\/255-40r18-superia-sport-sa-37-99y-xl-dot\\\/#primaryimage\",\"url\":\"https:\\\/\\\/mmkriepas.lv\\\/wp-content\\\/uploads\\\/2023\\\/03\\\/23550r17-superia-sport-sa-37-96v-dot-vasaras-riepas.jpg\",\"contentUrl\":\"https:\\\/\\\/mmkriepas.lv\\\/wp-content\\\/uploads\\\/2023\\\/03\\\/23550r17-superia-sport-sa-37-96v-dot-vasaras-riepas.jpg\",\"width\":1920,\"height\":1440,\"caption\":\"235\\\/50R17 Superia Sport SA-37 96V DOT - Vasaras riepas\"},{\"@type\":\"BreadcrumbList\",\"@id\":\"https:\\\/\\\/mmkriepas.lv\\\/en\\\/p\\\/255-40r18-superia-sport-sa-37-99y-xl-dot\\\/#breadcrumb\",\"itemListElement\":[{\"@type\":\"ListItem\",\"position\":1,\"name\":\"S\u0101kums\",\"item\":\"https:\\\/\\\/mmkriepas.lv\\\/en\\\/\"},{\"@type\":\"ListItem\",\"position\":2,\"name\":\"255\\\/40R18 Superia Sport SA-37 99Y XL DOT\"}]},{\"@type\":\"WebSite\",\"@id\":\"https:\\\/\\\/mmkriepas.lv\\\/en\\\/#website\",\"url\":\"https:\\\/\\\/mmkriepas.lv\\\/en\\\/\",\"name\":\"MMK Riepas\",\"description\":\"MMK Riepas\",\"alternateName\":\"MMK Riepu Serviss\",\"potentialAction\":[{\"@type\":\"SearchAction\",\"target\":{\"@type\":\"EntryPoint\",\"urlTemplate\":\"https:\\\/\\\/mmkriepas.lv\\\/en\\\/?s={search_term_string}\"},\"query-input\":{\"@type\":\"PropertyValueSpecification\",\"valueRequired\":true,\"valueName\":\"search_term_string\"}}],\"inLanguage\":\"en-US\"},{\"@type\":\"ImageObject\",\"inLanguage\":\"en-US\",\"@id\":\"https:\\\/\\\/mmkriepas.lv\\\/en\\\/p\\\/255-40r18-superia-sport-sa-37-99y-xl-dot\\\/#local-main-organization-logo\",\"url\":\"\",\"contentUrl\":\"\",\"caption\":\"MMK Riepas\"}]}<\/script>\n<meta property=\"product:brand\" content=\"Superia Sport SA37\" \/>\n<meta property=\"product:price:amount\" content=\"63.00\" \/>\n<meta property=\"product:price:currency\" content=\"EUR\" \/>\n<meta property=\"og:availability\" content=\"instock\" \/>\n<meta property=\"product:availability\" content=\"instock\" \/>\n<meta property=\"product:retailer_item_id\" content=\"TS2554018Super-E19875\" \/>\n<meta property=\"product:condition\" content=\"new\" \/>\n<!-- \/ Yoast SEO Premium plugin. -->","yoast_head_json":{"title":"255\/40R18 Superia Sport SA-37 99Y XL DOT &#8226; MMK Riepas","robots":{"index":"index","follow":"follow","max-snippet":"max-snippet:-1","max-image-preview":"max-image-preview:large","max-video-preview":"max-video-preview:-1"},"canonical":"https:\/\/mmkriepas.lv\/en\/p\/255-40r18-superia-sport-sa-37-99y-xl-dot\/","og_locale":"en_US","og_type":"article","og_title":"255\/40R18 Superia Sport SA-37 99Y XL DOT","og_description":"Superia SA37 Sport vasaras riepas ir paredz\u0113ta vieglajam pasa\u017eieru transportam un pils\u0113tas d\u017eipiem. Modelis tiek pied\u0101v\u0101ts da\u017e\u0101dos izm\u0113ros rite\u0146iem ar diametru no 16 l\u012bdz pat 20 coll\u0101m. Tam ir uzlabota sa\u0137ere ar slapju ce\u013cu un sportiska, \u0113rta vad\u0101m\u012bba.","og_url":"https:\/\/mmkriepas.lv\/en\/p\/255-40r18-superia-sport-sa-37-99y-xl-dot\/","og_site_name":"MMK Riepas","article_publisher":"https:\/\/www.facebook.com\/mmkserviss\/","article_modified_time":"2024-06-05T21:02:00+00:00","og_image":[{"width":1920,"height":1440,"url":"https:\/\/mmkriepas.lv\/wp-content\/uploads\/2023\/03\/23550r17-superia-sport-sa-37-96v-dot-vasaras-riepas.jpg","type":"image\/jpeg"}],"twitter_card":"summary_large_image","twitter_misc":{"Price":"&euro;63.00","Availability":"In stock"},"schema":{"@context":"https:\/\/schema.org","@graph":[{"@type":"WebPage","@id":"https:\/\/mmkriepas.lv\/en\/p\/255-40r18-superia-sport-sa-37-99y-xl-dot\/","url":"https:\/\/mmkriepas.lv\/en\/p\/255-40r18-superia-sport-sa-37-99y-xl-dot\/","name":"255\/40R18 Superia Sport SA-37 99Y XL DOT &#8226; MMK Riepas","isPartOf":{"@id":"https:\/\/mmkriepas.lv\/en\/#website"},"primaryImageOfPage":{"@id":"https:\/\/mmkriepas.lv\/en\/p\/255-40r18-superia-sport-sa-37-99y-xl-dot\/#primaryimage"},"image":{"@id":"https:\/\/mmkriepas.lv\/en\/p\/255-40r18-superia-sport-sa-37-99y-xl-dot\/#primaryimage"},"thumbnailUrl":"https:\/\/mmkriepas.lv\/wp-content\/uploads\/2023\/03\/23550r17-superia-sport-sa-37-96v-dot-vasaras-riepas.jpg","datePublished":"2023-02-09T22:21:12+00:00","dateModified":"2024-06-05T21:02:00+00:00","breadcrumb":{"@id":"https:\/\/mmkriepas.lv\/en\/p\/255-40r18-superia-sport-sa-37-99y-xl-dot\/#breadcrumb"},"inLanguage":"en-US","potentialAction":[{"@type":"ReadAction","target":["https:\/\/mmkriepas.lv\/en\/p\/255-40r18-superia-sport-sa-37-99y-xl-dot\/"]}]},{"@type":"ImageObject","inLanguage":"en-US","@id":"https:\/\/mmkriepas.lv\/en\/p\/255-40r18-superia-sport-sa-37-99y-xl-dot\/#primaryimage","url":"https:\/\/mmkriepas.lv\/wp-content\/uploads\/2023\/03\/23550r17-superia-sport-sa-37-96v-dot-vasaras-riepas.jpg","contentUrl":"https:\/\/mmkriepas.lv\/wp-content\/uploads\/2023\/03\/23550r17-superia-sport-sa-37-96v-dot-vasaras-riepas.jpg","width":1920,"height":1440,"caption":"235\/50R17 Superia Sport SA-37 96V DOT - Vasaras riepas"},{"@type":"BreadcrumbList","@id":"https:\/\/mmkriepas.lv\/en\/p\/255-40r18-superia-sport-sa-37-99y-xl-dot\/#breadcrumb","itemListElement":[{"@type":"ListItem","position":1,"name":"S\u0101kums","item":"https:\/\/mmkriepas.lv\/en\/"},{"@type":"ListItem","position":2,"name":"255\/40R18 Superia Sport SA-37 99Y XL DOT"}]},{"@type":"WebSite","@id":"https:\/\/mmkriepas.lv\/en\/#website","url":"https:\/\/mmkriepas.lv\/en\/","name":"MMK Riepas","description":"MMK Riepas","alternateName":"MMK Riepu Serviss","potentialAction":[{"@type":"SearchAction","target":{"@type":"EntryPoint","urlTemplate":"https:\/\/mmkriepas.lv\/en\/?s={search_term_string}"},"query-input":{"@type":"PropertyValueSpecification","valueRequired":true,"valueName":"search_term_string"}}],"inLanguage":"en-US"},{"@type":"ImageObject","inLanguage":"en-US","@id":"https:\/\/mmkriepas.lv\/en\/p\/255-40r18-superia-sport-sa-37-99y-xl-dot\/#local-main-organization-logo","url":"","contentUrl":"","caption":"MMK Riepas"}]},"product_brand":"Superia Sport SA37","product_price_amount":"63.00","product_price_currency":"EUR","og_availability":"instock","product_availability":"instock","product_retailer_item_id":"TS2554018Super-E19875","product_condition":"new"},"_links":{"self":[{"href":"https:\/\/mmkriepas.lv\/en\/wp-json\/wp\/v2\/product\/603209","targetHints":{"allow":["GET"]}}],"collection":[{"href":"https:\/\/mmkriepas.lv\/en\/wp-json\/wp\/v2\/product"}],"about":[{"href":"https:\/\/mmkriepas.lv\/en\/wp-json\/wp\/v2\/types\/product"}],"wp:featuredmedia":[{"embeddable":true,"href":"https:\/\/mmkriepas.lv\/en\/wp-json\/wp\/v2\/media\/671228"}],"wp:attachment":[{"href":"https:\/\/mmkriepas.lv\/en\/wp-json\/wp\/v2\/media?parent=603209"}],"wp:term":[{"taxonomy":"product_brand","embeddable":true,"href":"https:\/\/mmkriepas.lv\/en\/wp-json\/wp\/v2\/product_brand?post=603209"},{"taxonomy":"product_cat","embeddable":true,"href":"https:\/\/mmkriepas.lv\/en\/wp-json\/wp\/v2\/product_cat?post=603209"},{"taxonomy":"product_tag","embeddable":true,"href":"https:\/\/mmkriepas.lv\/en\/wp-json\/wp\/v2\/product_tag?post=603209"}],"curies":[{"name":"wp","href":"https:\/\/api.w.org\/{rel}","templated":true}]}}