{"id":603188,"date":"2023-02-10T00:20:38","date_gmt":"2023-02-09T22:20:38","guid":{"rendered":"https:\/\/mmkserviss.lv\/?post_type=product&#038;p=603188"},"modified":"2026-04-05T20:43:17","modified_gmt":"2026-04-05T17:43:17","slug":"225-65r17-superia-bluewin-suv-102h-dot20","status":"publish","type":"product","link":"https:\/\/mmkriepas.lv\/en\/p\/225-65r17-superia-bluewin-suv-102h-dot20\/","title":{"rendered":"225\/65R17 Superia Bluewin SUV 102H"},"content":{"rendered":"<p style=\"margin: 12.0pt 0cm 12.0pt 0cm;\"><b><span style=\"font-size: 11.0pt; font-family: 'Arial',sans-serif; color: black;\">Superia Bluewin SUV <\/span><\/b><span style=\"white-space: pre-wrap;\"><span style=\"font-size: 11.0pt; font-family: 'Arial',sans-serif; color: black;\">ir labas kvalit\u0101tes, bud\u017eeta klases ziemas riepu modelis. Tas, pateicoties agres\u012bvam protektora rakstam, izce\u013cas ar lab\u0101m sa\u0137eres un manevr\u0113tsp\u0113jas \u012bpa\u0161\u012bb\u0101m skarbos ziemas brauk\u0161anas apst\u0101k\u013cos. K\u0101 jau p\u0113c nosaukuma sprie\u017eams, \u0161is riepu modelis paredz\u0113ts uzst\u0101d\u012b\u0161anai apvidus automa\u0161\u012bn\u0101m jeb SUV.<\/span><\/span><o:p><\/o:p><\/p>\n<h3 style=\"margin: 14.0pt 0cm 4.0pt 0cm;\"><span style=\"white-space: pre-wrap;\"><span style=\"font-size: 13.0pt; font-family: 'Arial',sans-serif; color: black;\">Superia Bluewin SUV galven\u0101s iez\u012bmes<\/span><\/span><o:p><\/o:p><\/h3>\n<p style=\"margin: 12.0pt 0cm 12.0pt 0cm;\"><span style=\"white-space: pre-wrap;\"><span style=\"font-size: 11.0pt; font-family: 'Arial',sans-serif; color: black;\">+ Laba sa\u0137ere un manevr\u0113tsp\u0113ja skarbos ziemas brauk\u0161anas apst\u0101k\u013cos.<\/span><\/span><o:p><\/o:p><\/p>\n<p style=\"margin: 12.0pt 0cm 12.0pt 0cm;\"><span style=\"white-space: pre-wrap;\"><span style=\"font-size: 11.0pt; font-family: 'Arial',sans-serif; color: black;\">+ Zems akvaplan\u0113\u0161anas risks.<\/span><\/span><o:p><\/o:p><\/p>\n<p style=\"margin: 12.0pt 0cm 12.0pt 0cm;\"><span style=\"white-space: pre-wrap;\"><span style=\"font-size: 11.0pt; font-family: 'Arial',sans-serif; color: black;\">+ Palielin\u0101ta nodilumiztur\u012bba.<\/span><\/span><o:p><\/o:p><\/p>\n<p style=\"margin: 12.0pt 0cm 12.0pt 0cm;\"><span style=\"white-space: pre-wrap;\"><span style=\"font-size: 11.0pt; font-family: 'Arial',sans-serif; color: black;\">+ Dzi\u013c\u0161 un agres\u012bvs protektora dizains.<\/span><\/span><o:p><\/o:p><\/p>\n<p style=\"margin: 12.0pt 0cm 12.0pt 0cm;\"><span style=\"white-space: pre-wrap;\"><span style=\"font-size: 11.0pt; font-family: 'Arial',sans-serif; color: black;\">+ Kvalit\u0101te atbilst par to samaks\u0101tajai cenai.<\/span><\/span><o:p><\/o:p><\/p>\n<h3 style=\"margin: 14.0pt 0cm 4.0pt 0cm;\"><span style=\"white-space: pre-wrap;\"><span style=\"font-size: 13.0pt; font-family: 'Arial',sans-serif; color: black;\">Bluewin SUV apr\u012bkojums<\/span><\/span><o:p><\/o:p><\/h3>\n<p style=\"margin: 12.0pt 0cm 12.0pt 0cm;\"><span style=\"white-space: pre-wrap;\"><b><span style=\"font-size: 11.0pt; font-family: 'Arial',sans-serif; color: black;\">Superia Bluewin SUV <\/span><\/b><\/span><span style=\"white-space: pre-wrap;\"><span style=\"font-size: 11.0pt; font-family: 'Arial',sans-serif; color: black;\">m\u012bkst\u0101 sast\u0101va jeb Skandin\u0101vijas tipa ziemas riepas apr\u012bkotas ar \u012bpa\u0161i agres\u012bvu un dzi\u013cu protektora rakstu. \u0160\u0101ds dizains izv\u0113l\u0113ts, lai nodro\u0161in\u0101tu augstu veiktsp\u0113ju dzi\u013c\u0101 snieg\u0101 un slapjdra\u0146\u0137\u012b jeb sniega putr\u0101.<\/span><\/span><o:p><\/o:p><\/p>\n<p style=\"margin: 12.0pt 0cm 12.0pt 0cm;\"><span style=\"white-space: pre-wrap;\"><span style=\"font-size: 11.0pt; font-family: 'Arial',sans-serif; color: black;\">Mas\u012bvie, V-veid\u0101 izvietotie protektora bloki &#8220;bru\u0146oti&#8221; ar vair\u0101kiem t\u016bksto\u0161iem s\u012bku iegriezumu jeb lame\u013cu. T\u0101s ar as\u0101m kant\u0113m iec\u0113rtas sabliet\u0113t\u0101 snieg\u0101 un led\u016b, ar slidenaj\u0101m virsm\u0101m veidojot cie\u0161u sa\u0137eri.\u00a0<\/span><\/span><o:p><\/o:p><\/p>\n<p style=\"margin: 12.0pt 0cm 12.0pt 0cm;\"><span style=\"white-space: pre-wrap;\"><span style=\"font-size: 11.0pt; font-family: 'Arial',sans-serif; color: black;\">Protektora elementi darin\u0101ti no augstas kvalit\u0101tes gumijas sakaus\u0113juma. Tam pievienotie elastrom\u0113ri pal\u012bdz riep\u0101m saglab\u0101t elast\u012bbu pat zem\u0101s gaisa temperat\u016br\u0101s. K\u0101 zin\u0101ms, elast\u012bga riepa daudz lab\u0101k veido sa\u0137eri ar ce\u013cu, k\u0101 ar\u012b dilst vienm\u0113r\u012bg\u0101k.\u00a0<\/span><\/span><\/p>\n","protected":false},"excerpt":{"rendered":"<p><b><span style=\"font-size: 11.0pt; font-family: 'Arial',sans-serif; color: black;\">Superia Bluewin SUV <\/span><\/b><span style=\"white-space: pre-wrap;\"><span style=\"font-size: 11.0pt; font-family: 'Arial',sans-serif; color: black;\">ir labas kvalit\u0101tes, bud\u017eeta klases ziemas riepu modelis. Tas, pateicoties agres\u012bvam protektora rakstam, izce\u013cas ar lab\u0101m sa\u0137eres un manevr\u0113tsp\u0113jas \u012bpa\u0161\u012bb\u0101m skarbos ziemas brauk\u0161anas apst\u0101k\u013cos. K\u0101 jau p\u0113c nosaukuma sprie\u017eams, \u0161is riepu modelis paredz\u0113ts uzst\u0101d\u012b\u0161anai apvidus automa\u0161\u012bn\u0101m jeb SUV.<\/span><\/span><\/p>\n","protected":false},"featured_media":687027,"template":"","meta":{"_acf_changed":false,"ngg_post_thumbnail":0},"product_brand":[],"product_cat":[47,45],"product_tag":[],"class_list":{"0":"post-603188","1":"product","2":"type-product","3":"status-publish","4":"has-post-thumbnail","6":"product_cat-vissezonas-riepas","7":"product_cat-ziemas-riepas","9":"first","10":"instock","11":"sale","12":"taxable","13":"shipping-taxable","14":"purchasable","15":"product-type-simple"},"acf":[],"yoast_head":"<!-- This site is optimized with the Yoast SEO Premium plugin v22.6 (Yoast SEO v27.3) - https:\/\/yoast.com\/product\/yoast-seo-premium-wordpress\/ -->\n<title>225\/65R17 Superia Bluewin SUV 102H &#8226; MMK Riepas<\/title>\n<meta name=\"robots\" content=\"index, follow, max-snippet:-1, max-image-preview:large, max-video-preview:-1\" \/>\n<link rel=\"canonical\" href=\"https:\/\/mmkriepas.lv\/en\/p\/225-65r17-superia-bluewin-suv-102h-dot20\/\" \/>\n<meta property=\"og:locale\" content=\"en_US\" \/>\n<meta property=\"og:type\" content=\"article\" \/>\n<meta property=\"og:title\" content=\"225\/65R17 Superia Bluewin SUV 102H\" \/>\n<meta property=\"og:description\" content=\"Superia Bluewin SUV ir labas kvalit\u0101tes, bud\u017eeta klases ziemas riepu modelis. Tas, pateicoties agres\u012bvam protektora rakstam, izce\u013cas ar lab\u0101m sa\u0137eres un manevr\u0113tsp\u0113jas \u012bpa\u0161\u012bb\u0101m skarbos ziemas brauk\u0161anas apst\u0101k\u013cos. K\u0101 jau p\u0113c nosaukuma sprie\u017eams, \u0161is riepu modelis paredz\u0113ts uzst\u0101d\u012b\u0161anai apvidus automa\u0161\u012bn\u0101m jeb SUV.\" \/>\n<meta property=\"og:url\" content=\"https:\/\/mmkriepas.lv\/en\/p\/225-65r17-superia-bluewin-suv-102h-dot20\/\" \/>\n<meta property=\"og:site_name\" content=\"MMK Riepas\" \/>\n<meta property=\"article:publisher\" content=\"https:\/\/www.facebook.com\/mmkserviss\/\" \/>\n<meta property=\"article:modified_time\" content=\"2026-04-05T17:43:17+00:00\" \/>\n<meta property=\"og:image\" content=\"https:\/\/mmkriepas.lv\/wp-content\/uploads\/2023\/04\/21560r17-superia-bluewin-suv-96h-ziemas-riepas.jpeg\" \/>\n\t<meta property=\"og:image:width\" content=\"1920\" \/>\n\t<meta property=\"og:image:height\" content=\"1416\" \/>\n\t<meta property=\"og:image:type\" content=\"image\/jpeg\" \/>\n<meta name=\"twitter:card\" content=\"summary_large_image\" \/>\n<meta name=\"twitter:label1\" content=\"Price\" \/>\n\t<meta name=\"twitter:data1\" content=\"&euro;65.00\" \/>\n\t<meta name=\"twitter:label2\" content=\"Availability\" \/>\n\t<meta name=\"twitter:data2\" content=\"In stock\" \/>\n<script type=\"application\/ld+json\" class=\"yoast-schema-graph\">{\"@context\":\"https:\\\/\\\/schema.org\",\"@graph\":[{\"@type\":\"WebPage\",\"@id\":\"https:\\\/\\\/mmkriepas.lv\\\/en\\\/p\\\/225-65r17-superia-bluewin-suv-102h-dot20\\\/\",\"url\":\"https:\\\/\\\/mmkriepas.lv\\\/en\\\/p\\\/225-65r17-superia-bluewin-suv-102h-dot20\\\/\",\"name\":\"225\\\/65R17 Superia Bluewin SUV 102H &#8226; MMK Riepas\",\"isPartOf\":{\"@id\":\"https:\\\/\\\/mmkriepas.lv\\\/en\\\/#website\"},\"primaryImageOfPage\":{\"@id\":\"https:\\\/\\\/mmkriepas.lv\\\/en\\\/p\\\/225-65r17-superia-bluewin-suv-102h-dot20\\\/#primaryimage\"},\"image\":{\"@id\":\"https:\\\/\\\/mmkriepas.lv\\\/en\\\/p\\\/225-65r17-superia-bluewin-suv-102h-dot20\\\/#primaryimage\"},\"thumbnailUrl\":\"https:\\\/\\\/mmkriepas.lv\\\/wp-content\\\/uploads\\\/2023\\\/04\\\/21560r17-superia-bluewin-suv-96h-ziemas-riepas.jpeg\",\"datePublished\":\"2023-02-09T22:20:38+00:00\",\"dateModified\":\"2026-04-05T17:43:17+00:00\",\"breadcrumb\":{\"@id\":\"https:\\\/\\\/mmkriepas.lv\\\/en\\\/p\\\/225-65r17-superia-bluewin-suv-102h-dot20\\\/#breadcrumb\"},\"inLanguage\":\"en-US\",\"potentialAction\":[{\"@type\":\"ReadAction\",\"target\":[\"https:\\\/\\\/mmkriepas.lv\\\/en\\\/p\\\/225-65r17-superia-bluewin-suv-102h-dot20\\\/\"]}]},{\"@type\":\"ImageObject\",\"inLanguage\":\"en-US\",\"@id\":\"https:\\\/\\\/mmkriepas.lv\\\/en\\\/p\\\/225-65r17-superia-bluewin-suv-102h-dot20\\\/#primaryimage\",\"url\":\"https:\\\/\\\/mmkriepas.lv\\\/wp-content\\\/uploads\\\/2023\\\/04\\\/21560r17-superia-bluewin-suv-96h-ziemas-riepas.jpeg\",\"contentUrl\":\"https:\\\/\\\/mmkriepas.lv\\\/wp-content\\\/uploads\\\/2023\\\/04\\\/21560r17-superia-bluewin-suv-96h-ziemas-riepas.jpeg\",\"width\":1920,\"height\":1416,\"caption\":\"215\\\/60R17 Superia Bluewin SUV 96H - Vissezonas riepas \\\/ Ziemas riepas\"},{\"@type\":\"BreadcrumbList\",\"@id\":\"https:\\\/\\\/mmkriepas.lv\\\/en\\\/p\\\/225-65r17-superia-bluewin-suv-102h-dot20\\\/#breadcrumb\",\"itemListElement\":[{\"@type\":\"ListItem\",\"position\":1,\"name\":\"S\u0101kums\",\"item\":\"https:\\\/\\\/mmkriepas.lv\\\/en\\\/\"},{\"@type\":\"ListItem\",\"position\":2,\"name\":\"225\\\/65R17 Superia Bluewin SUV 102H\"}]},{\"@type\":\"WebSite\",\"@id\":\"https:\\\/\\\/mmkriepas.lv\\\/en\\\/#website\",\"url\":\"https:\\\/\\\/mmkriepas.lv\\\/en\\\/\",\"name\":\"MMK Riepas\",\"description\":\"MMK Riepas\",\"alternateName\":\"MMK Riepu Serviss\",\"potentialAction\":[{\"@type\":\"SearchAction\",\"target\":{\"@type\":\"EntryPoint\",\"urlTemplate\":\"https:\\\/\\\/mmkriepas.lv\\\/en\\\/?s={search_term_string}\"},\"query-input\":{\"@type\":\"PropertyValueSpecification\",\"valueRequired\":true,\"valueName\":\"search_term_string\"}}],\"inLanguage\":\"en-US\"},{\"@type\":\"ImageObject\",\"inLanguage\":\"en-US\",\"@id\":\"https:\\\/\\\/mmkriepas.lv\\\/en\\\/p\\\/225-65r17-superia-bluewin-suv-102h-dot20\\\/#local-main-organization-logo\",\"url\":\"\",\"contentUrl\":\"\",\"caption\":\"MMK Riepas\"}]}<\/script>\n<meta property=\"product:brand\" content=\"Superia Bluewin SUV\" \/>\n<meta property=\"product:price:amount\" content=\"65.00\" \/>\n<meta property=\"product:price:currency\" content=\"EUR\" \/>\n<meta property=\"og:availability\" content=\"instock\" \/>\n<meta property=\"product:availability\" content=\"instock\" \/>\n<meta property=\"product:retailer_item_id\" content=\"TW2256517Super-E19868\" \/>\n<meta property=\"product:condition\" content=\"new\" \/>\n<!-- \/ Yoast SEO Premium plugin. -->","yoast_head_json":{"title":"225\/65R17 Superia Bluewin SUV 102H &#8226; MMK Riepas","robots":{"index":"index","follow":"follow","max-snippet":"max-snippet:-1","max-image-preview":"max-image-preview:large","max-video-preview":"max-video-preview:-1"},"canonical":"https:\/\/mmkriepas.lv\/en\/p\/225-65r17-superia-bluewin-suv-102h-dot20\/","og_locale":"en_US","og_type":"article","og_title":"225\/65R17 Superia Bluewin SUV 102H","og_description":"Superia Bluewin SUV ir labas kvalit\u0101tes, bud\u017eeta klases ziemas riepu modelis. Tas, pateicoties agres\u012bvam protektora rakstam, izce\u013cas ar lab\u0101m sa\u0137eres un manevr\u0113tsp\u0113jas \u012bpa\u0161\u012bb\u0101m skarbos ziemas brauk\u0161anas apst\u0101k\u013cos. K\u0101 jau p\u0113c nosaukuma sprie\u017eams, \u0161is riepu modelis paredz\u0113ts uzst\u0101d\u012b\u0161anai apvidus automa\u0161\u012bn\u0101m jeb SUV.","og_url":"https:\/\/mmkriepas.lv\/en\/p\/225-65r17-superia-bluewin-suv-102h-dot20\/","og_site_name":"MMK Riepas","article_publisher":"https:\/\/www.facebook.com\/mmkserviss\/","article_modified_time":"2026-04-05T17:43:17+00:00","og_image":[{"width":1920,"height":1416,"url":"https:\/\/mmkriepas.lv\/wp-content\/uploads\/2023\/04\/21560r17-superia-bluewin-suv-96h-ziemas-riepas.jpeg","type":"image\/jpeg"}],"twitter_card":"summary_large_image","twitter_misc":{"Price":"&euro;65.00","Availability":"In stock"},"schema":{"@context":"https:\/\/schema.org","@graph":[{"@type":"WebPage","@id":"https:\/\/mmkriepas.lv\/en\/p\/225-65r17-superia-bluewin-suv-102h-dot20\/","url":"https:\/\/mmkriepas.lv\/en\/p\/225-65r17-superia-bluewin-suv-102h-dot20\/","name":"225\/65R17 Superia Bluewin SUV 102H &#8226; MMK Riepas","isPartOf":{"@id":"https:\/\/mmkriepas.lv\/en\/#website"},"primaryImageOfPage":{"@id":"https:\/\/mmkriepas.lv\/en\/p\/225-65r17-superia-bluewin-suv-102h-dot20\/#primaryimage"},"image":{"@id":"https:\/\/mmkriepas.lv\/en\/p\/225-65r17-superia-bluewin-suv-102h-dot20\/#primaryimage"},"thumbnailUrl":"https:\/\/mmkriepas.lv\/wp-content\/uploads\/2023\/04\/21560r17-superia-bluewin-suv-96h-ziemas-riepas.jpeg","datePublished":"2023-02-09T22:20:38+00:00","dateModified":"2026-04-05T17:43:17+00:00","breadcrumb":{"@id":"https:\/\/mmkriepas.lv\/en\/p\/225-65r17-superia-bluewin-suv-102h-dot20\/#breadcrumb"},"inLanguage":"en-US","potentialAction":[{"@type":"ReadAction","target":["https:\/\/mmkriepas.lv\/en\/p\/225-65r17-superia-bluewin-suv-102h-dot20\/"]}]},{"@type":"ImageObject","inLanguage":"en-US","@id":"https:\/\/mmkriepas.lv\/en\/p\/225-65r17-superia-bluewin-suv-102h-dot20\/#primaryimage","url":"https:\/\/mmkriepas.lv\/wp-content\/uploads\/2023\/04\/21560r17-superia-bluewin-suv-96h-ziemas-riepas.jpeg","contentUrl":"https:\/\/mmkriepas.lv\/wp-content\/uploads\/2023\/04\/21560r17-superia-bluewin-suv-96h-ziemas-riepas.jpeg","width":1920,"height":1416,"caption":"215\/60R17 Superia Bluewin SUV 96H - Vissezonas riepas \/ Ziemas riepas"},{"@type":"BreadcrumbList","@id":"https:\/\/mmkriepas.lv\/en\/p\/225-65r17-superia-bluewin-suv-102h-dot20\/#breadcrumb","itemListElement":[{"@type":"ListItem","position":1,"name":"S\u0101kums","item":"https:\/\/mmkriepas.lv\/en\/"},{"@type":"ListItem","position":2,"name":"225\/65R17 Superia Bluewin SUV 102H"}]},{"@type":"WebSite","@id":"https:\/\/mmkriepas.lv\/en\/#website","url":"https:\/\/mmkriepas.lv\/en\/","name":"MMK Riepas","description":"MMK Riepas","alternateName":"MMK Riepu Serviss","potentialAction":[{"@type":"SearchAction","target":{"@type":"EntryPoint","urlTemplate":"https:\/\/mmkriepas.lv\/en\/?s={search_term_string}"},"query-input":{"@type":"PropertyValueSpecification","valueRequired":true,"valueName":"search_term_string"}}],"inLanguage":"en-US"},{"@type":"ImageObject","inLanguage":"en-US","@id":"https:\/\/mmkriepas.lv\/en\/p\/225-65r17-superia-bluewin-suv-102h-dot20\/#local-main-organization-logo","url":"","contentUrl":"","caption":"MMK Riepas"}]},"product_brand":"Superia Bluewin SUV","product_price_amount":"65.00","product_price_currency":"EUR","og_availability":"instock","product_availability":"instock","product_retailer_item_id":"TW2256517Super-E19868","product_condition":"new"},"_links":{"self":[{"href":"https:\/\/mmkriepas.lv\/en\/wp-json\/wp\/v2\/product\/603188","targetHints":{"allow":["GET"]}}],"collection":[{"href":"https:\/\/mmkriepas.lv\/en\/wp-json\/wp\/v2\/product"}],"about":[{"href":"https:\/\/mmkriepas.lv\/en\/wp-json\/wp\/v2\/types\/product"}],"wp:featuredmedia":[{"embeddable":true,"href":"https:\/\/mmkriepas.lv\/en\/wp-json\/wp\/v2\/media\/687027"}],"wp:attachment":[{"href":"https:\/\/mmkriepas.lv\/en\/wp-json\/wp\/v2\/media?parent=603188"}],"wp:term":[{"taxonomy":"product_brand","embeddable":true,"href":"https:\/\/mmkriepas.lv\/en\/wp-json\/wp\/v2\/product_brand?post=603188"},{"taxonomy":"product_cat","embeddable":true,"href":"https:\/\/mmkriepas.lv\/en\/wp-json\/wp\/v2\/product_cat?post=603188"},{"taxonomy":"product_tag","embeddable":true,"href":"https:\/\/mmkriepas.lv\/en\/wp-json\/wp\/v2\/product_tag?post=603188"}],"curies":[{"name":"wp","href":"https:\/\/api.w.org\/{rel}","templated":true}]}}