{"id":603095,"date":"2023-02-10T00:18:09","date_gmt":"2023-02-09T22:18:09","guid":{"rendered":"https:\/\/mmkserviss.lv\/?post_type=product&#038;p=603095"},"modified":"2025-05-29T17:06:10","modified_gmt":"2025-05-29T14:06:10","slug":"255-55r19-superia-ecoblue-uhp-2-111w-xl","status":"publish","type":"product","link":"https:\/\/mmkriepas.lv\/en\/p\/255-55r19-superia-ecoblue-uhp-2-111w-xl\/","title":{"rendered":"255\/55R19 Superia Ecoblue UHP2 111W XL"},"content":{"rendered":"<p style=\"margin: 12.0pt 0cm 12.0pt 0cm;\"><b><span style=\"font-size: 11.0pt; font-family: 'Arial',sans-serif; color: black;\">Superia Ecoblue UHP 2<\/span><\/b><span style=\"font-size: 11.0pt; font-family: 'Arial',sans-serif; color: black;\"> ir vasaras riepu modelis, kas izce\u013cas ar teicamu veiktsp\u0113ju gan uz slapja, gan sausa asfalta, palielin\u0101tu nodilumiztur\u012bbu un brauk\u0161anas komfortu. Pieejamas pla\u0161\u0101 izm\u0113ru kl\u0101st\u0101 un piem\u0113rotas gan vieglaj\u0101m, gan apvidus jeb SUV automa\u0161\u012bn\u0101m.<\/span><span style=\"font-family: 'Arial',sans-serif;\"><o:p><\/o:p><\/span><\/p>\n<h3 style=\"margin: 14.0pt 0cm 4.0pt 0cm;\"><span style=\"font-size: 13.0pt; font-family: 'Arial',sans-serif; color: black;\">Ecoblue UHP 2 galven\u0101s \u012bpa\u0161\u012bbas<\/span><span style=\"font-family: 'Arial',sans-serif;\"><o:p><\/o:p><\/span><\/h3>\n<p style=\"margin: 12.0pt 0cm 12.0pt 0cm;\"><span style=\"font-size: 11.0pt; font-family: 'Arial',sans-serif; color: black;\">+ Augsts cenas un veiktsp\u0113jas koeficents.<\/span><span style=\"font-family: 'Arial',sans-serif;\"><o:p><\/o:p><\/span><\/p>\n<p style=\"margin: 12.0pt 0cm 12.0pt 0cm;\"><span style=\"font-size: 11.0pt; font-family: 'Arial',sans-serif; color: black;\">+ Sa\u012bsin\u0101ts bremz\u0113\u0161anas ce\u013c\u0161 gan uz sauca, gan slapja asfalta.<\/span><span style=\"font-family: 'Arial',sans-serif;\"><o:p><\/o:p><\/span><\/p>\n<p style=\"margin: 12.0pt 0cm 12.0pt 0cm;\"><span style=\"font-size: 11.0pt; font-family: 'Arial',sans-serif; color: black;\">+ Degvielas ekonomija.<\/span><span style=\"font-family: 'Arial',sans-serif;\"><o:p><\/o:p><\/span><\/p>\n<p style=\"margin: 12.0pt 0cm 12.0pt 0cm;\"><span style=\"font-size: 11.0pt; font-family: 'Arial',sans-serif; color: black;\">+ Teicama veiktsp\u0113ja ar\u012b uz grants ce\u013ciem.<\/span><span style=\"font-family: 'Arial',sans-serif;\"><o:p><\/o:p><\/span><\/p>\n<p style=\"margin: 12.0pt 0cm 12.0pt 0cm;\"><span style=\"font-size: 11.0pt; font-family: 'Arial',sans-serif; color: black;\">+ Att\u012bst\u012bta dren\u0101\u017eas jeb \u016bdens novadkan\u0101lu sist\u0113ma, kas b\u016btiski samazina akvaplan\u0113\u0161anas risku pat lielos brauk\u0161anas \u0101trumos.<\/span><span style=\"font-family: 'Arial',sans-serif;\"><o:p><\/o:p><\/span><\/p>\n<h3 style=\"margin: 14.0pt 0cm 4.0pt 0cm;\"><span style=\"font-size: 13.0pt; font-family: 'Arial',sans-serif; color: black;\">Ecoblue UHP 2 apr\u012bkojums<\/span><span style=\"font-family: 'Arial',sans-serif;\"><o:p><\/o:p><\/span><\/h3>\n<p style=\"margin: 12.0pt 0cm 12.0pt 0cm;\"><b><span style=\"font-size: 11.0pt; font-family: 'Arial',sans-serif; color: black;\">Superia Ecoblue UHP 2 <\/span><\/b><span style=\"font-size: 11.0pt; font-family: 'Arial',sans-serif; color: black;\">vasaras riepas apr\u012bkotas ar unik\u0101la dizaina asimetrisku protektora rakstu. Tam palielin\u0101ts \u016bdens novadrievu skaits, kas pal\u012bdz gan samazin\u0101t akvaplan\u0113\u0161anas risku, gan uzlabot sa\u0137eri ar irden\u0101m ce\u013ca virsm\u0101m &#8211; grants vai me\u017ea ce\u013ciem. <\/span><span style=\"font-family: 'Arial',sans-serif; color: black;\">Protektors veidots no ausgtas kvalit\u0101tes gumijas un sil\u012bcija sajaukuma. Tam pievienota virkne elementu, kuri vienlaikus uzlabo nodilumiztur\u012bbu un sa\u0137eres \u012bpa\u0161\u012bbas uz da\u017e\u0101d\u0101m ce\u013ca virsm\u0101m.<\/span><span style=\"font-family: 'Arial',sans-serif;\"><o:p><\/o:p><\/span><\/p>\n","protected":false},"excerpt":{"rendered":"<p style=\"margin: 12.0pt 0cm 12.0pt 0cm;\"><b><span style=\"font-size: 11.0pt; font-family: 'Arial',sans-serif; color: black;\">Superia Ecoblue UHP 2<\/span><\/b><span style=\"font-size: 11.0pt; font-family: 'Arial',sans-serif; color: black;\"> ir vasaras riepu modelis, kas izce\u013cas ar teicamu veiktsp\u0113ju gan uz slapja, gan sausa asfalta, palielin\u0101tu nodilumiztur\u012bbu un brauk\u0161anas komfortu. Pieejamas pla\u0161\u0101 izm\u0113ru kl\u0101st\u0101 un piem\u0113rotas gan vieglaj\u0101m, gan apvidus jeb SUV automa\u0161\u012bn\u0101m.<\/span><span style=\"font-family: 'Arial',sans-serif;\"><o:p><\/o:p><\/span><\/p>\n","protected":false},"featured_media":1240964,"template":"","meta":{"_acf_changed":false,"ngg_post_thumbnail":0},"product_brand":[],"product_cat":[46],"product_tag":[],"class_list":{"0":"post-603095","1":"product","2":"type-product","3":"status-publish","4":"has-post-thumbnail","6":"product_cat-vasaras-riepas","8":"first","9":"instock","10":"sale","11":"taxable","12":"shipping-taxable","13":"product-type-simple"},"acf":[],"yoast_head":"<!-- This site is optimized with the Yoast SEO Premium plugin v22.6 (Yoast SEO v27.3) - https:\/\/yoast.com\/product\/yoast-seo-premium-wordpress\/ -->\n<title>255\/55R19 Superia Ecoblue UHP2 111W XL &#8226; MMK Riepas<\/title>\n<meta name=\"robots\" content=\"index, follow, max-snippet:-1, max-image-preview:large, max-video-preview:-1\" \/>\n<link rel=\"canonical\" href=\"https:\/\/mmkriepas.lv\/en\/p\/255-55r19-superia-ecoblue-uhp-2-111w-xl\/\" \/>\n<meta property=\"og:locale\" content=\"en_US\" \/>\n<meta property=\"og:type\" content=\"article\" \/>\n<meta property=\"og:title\" content=\"255\/55R19 Superia Ecoblue UHP2 111W XL\" \/>\n<meta property=\"og:description\" content=\"Superia Ecoblue UHP 2 ir vasaras riepu modelis, kas izce\u013cas ar teicamu veiktsp\u0113ju gan uz slapja, gan sausa asfalta, palielin\u0101tu nodilumiztur\u012bbu un brauk\u0161anas komfortu. Pieejamas pla\u0161\u0101 izm\u0113ru kl\u0101st\u0101 un piem\u0113rotas gan vieglaj\u0101m, gan apvidus jeb SUV automa\u0161\u012bn\u0101m.\" \/>\n<meta property=\"og:url\" content=\"https:\/\/mmkriepas.lv\/en\/p\/255-55r19-superia-ecoblue-uhp-2-111w-xl\/\" \/>\n<meta property=\"og:site_name\" content=\"MMK Riepas\" \/>\n<meta property=\"article:publisher\" content=\"https:\/\/www.facebook.com\/mmkserviss\/\" \/>\n<meta property=\"article:modified_time\" content=\"2025-05-29T14:06:10+00:00\" \/>\n<meta property=\"og:image\" content=\"https:\/\/mmkriepas.lv\/wp-content\/uploads\/2025\/05\/25555r19-superia-ecoblue-uhp2-111w-xl-vasaras-riepas.jpg\" \/>\n\t<meta property=\"og:image:width\" content=\"900\" \/>\n\t<meta property=\"og:image:height\" content=\"720\" \/>\n\t<meta property=\"og:image:type\" content=\"image\/jpeg\" \/>\n<meta name=\"twitter:card\" content=\"summary_large_image\" \/>\n<meta name=\"twitter:label1\" content=\"Price\" \/>\n\t<meta name=\"twitter:data1\" content=\"&euro;80.00\" \/>\n\t<meta name=\"twitter:label2\" content=\"Availability\" \/>\n\t<meta name=\"twitter:data2\" content=\"In stock\" \/>\n<script type=\"application\/ld+json\" class=\"yoast-schema-graph\">{\"@context\":\"https:\\\/\\\/schema.org\",\"@graph\":[{\"@type\":\"WebPage\",\"@id\":\"https:\\\/\\\/mmkriepas.lv\\\/en\\\/p\\\/255-55r19-superia-ecoblue-uhp-2-111w-xl\\\/\",\"url\":\"https:\\\/\\\/mmkriepas.lv\\\/en\\\/p\\\/255-55r19-superia-ecoblue-uhp-2-111w-xl\\\/\",\"name\":\"255\\\/55R19 Superia Ecoblue UHP2 111W XL &#8226; MMK Riepas\",\"isPartOf\":{\"@id\":\"https:\\\/\\\/mmkriepas.lv\\\/en\\\/#website\"},\"primaryImageOfPage\":{\"@id\":\"https:\\\/\\\/mmkriepas.lv\\\/en\\\/p\\\/255-55r19-superia-ecoblue-uhp-2-111w-xl\\\/#primaryimage\"},\"image\":{\"@id\":\"https:\\\/\\\/mmkriepas.lv\\\/en\\\/p\\\/255-55r19-superia-ecoblue-uhp-2-111w-xl\\\/#primaryimage\"},\"thumbnailUrl\":\"https:\\\/\\\/mmkriepas.lv\\\/wp-content\\\/uploads\\\/2025\\\/05\\\/25555r19-superia-ecoblue-uhp2-111w-xl-vasaras-riepas.jpg\",\"datePublished\":\"2023-02-09T22:18:09+00:00\",\"dateModified\":\"2025-05-29T14:06:10+00:00\",\"breadcrumb\":{\"@id\":\"https:\\\/\\\/mmkriepas.lv\\\/en\\\/p\\\/255-55r19-superia-ecoblue-uhp-2-111w-xl\\\/#breadcrumb\"},\"inLanguage\":\"en-US\",\"potentialAction\":[{\"@type\":\"ReadAction\",\"target\":[\"https:\\\/\\\/mmkriepas.lv\\\/en\\\/p\\\/255-55r19-superia-ecoblue-uhp-2-111w-xl\\\/\"]}]},{\"@type\":\"ImageObject\",\"inLanguage\":\"en-US\",\"@id\":\"https:\\\/\\\/mmkriepas.lv\\\/en\\\/p\\\/255-55r19-superia-ecoblue-uhp-2-111w-xl\\\/#primaryimage\",\"url\":\"https:\\\/\\\/mmkriepas.lv\\\/wp-content\\\/uploads\\\/2025\\\/05\\\/25555r19-superia-ecoblue-uhp2-111w-xl-vasaras-riepas.jpg\",\"contentUrl\":\"https:\\\/\\\/mmkriepas.lv\\\/wp-content\\\/uploads\\\/2025\\\/05\\\/25555r19-superia-ecoblue-uhp2-111w-xl-vasaras-riepas.jpg\",\"width\":900,\"height\":720,\"caption\":\"MAIN\"},{\"@type\":\"BreadcrumbList\",\"@id\":\"https:\\\/\\\/mmkriepas.lv\\\/en\\\/p\\\/255-55r19-superia-ecoblue-uhp-2-111w-xl\\\/#breadcrumb\",\"itemListElement\":[{\"@type\":\"ListItem\",\"position\":1,\"name\":\"S\u0101kums\",\"item\":\"https:\\\/\\\/mmkriepas.lv\\\/en\\\/\"},{\"@type\":\"ListItem\",\"position\":2,\"name\":\"255\\\/55R19 Superia Ecoblue UHP2 111W XL\"}]},{\"@type\":\"WebSite\",\"@id\":\"https:\\\/\\\/mmkriepas.lv\\\/en\\\/#website\",\"url\":\"https:\\\/\\\/mmkriepas.lv\\\/en\\\/\",\"name\":\"MMK Riepas\",\"description\":\"MMK Riepas\",\"alternateName\":\"MMK Riepu Serviss\",\"potentialAction\":[{\"@type\":\"SearchAction\",\"target\":{\"@type\":\"EntryPoint\",\"urlTemplate\":\"https:\\\/\\\/mmkriepas.lv\\\/en\\\/?s={search_term_string}\"},\"query-input\":{\"@type\":\"PropertyValueSpecification\",\"valueRequired\":true,\"valueName\":\"search_term_string\"}}],\"inLanguage\":\"en-US\"},{\"@type\":\"ImageObject\",\"inLanguage\":\"en-US\",\"@id\":\"https:\\\/\\\/mmkriepas.lv\\\/en\\\/p\\\/255-55r19-superia-ecoblue-uhp-2-111w-xl\\\/#local-main-organization-logo\",\"url\":\"\",\"contentUrl\":\"\",\"caption\":\"MMK Riepas\"}]}<\/script>\n<meta property=\"product:brand\" content=\"Superia Ecoblue UHP2\" \/>\n<meta property=\"product:price:amount\" content=\"80.00\" \/>\n<meta property=\"product:price:currency\" content=\"EUR\" \/>\n<meta property=\"og:availability\" content=\"instock\" \/>\n<meta property=\"product:availability\" content=\"instock\" \/>\n<meta property=\"product:retailer_item_id\" content=\"TS2555519Super-E19837\" \/>\n<meta property=\"product:condition\" content=\"new\" \/>\n<!-- \/ Yoast SEO Premium plugin. -->","yoast_head_json":{"title":"255\/55R19 Superia Ecoblue UHP2 111W XL &#8226; MMK Riepas","robots":{"index":"index","follow":"follow","max-snippet":"max-snippet:-1","max-image-preview":"max-image-preview:large","max-video-preview":"max-video-preview:-1"},"canonical":"https:\/\/mmkriepas.lv\/en\/p\/255-55r19-superia-ecoblue-uhp-2-111w-xl\/","og_locale":"en_US","og_type":"article","og_title":"255\/55R19 Superia Ecoblue UHP2 111W XL","og_description":"Superia Ecoblue UHP 2 ir vasaras riepu modelis, kas izce\u013cas ar teicamu veiktsp\u0113ju gan uz slapja, gan sausa asfalta, palielin\u0101tu nodilumiztur\u012bbu un brauk\u0161anas komfortu. Pieejamas pla\u0161\u0101 izm\u0113ru kl\u0101st\u0101 un piem\u0113rotas gan vieglaj\u0101m, gan apvidus jeb SUV automa\u0161\u012bn\u0101m.","og_url":"https:\/\/mmkriepas.lv\/en\/p\/255-55r19-superia-ecoblue-uhp-2-111w-xl\/","og_site_name":"MMK Riepas","article_publisher":"https:\/\/www.facebook.com\/mmkserviss\/","article_modified_time":"2025-05-29T14:06:10+00:00","og_image":[{"width":900,"height":720,"url":"https:\/\/mmkriepas.lv\/wp-content\/uploads\/2025\/05\/25555r19-superia-ecoblue-uhp2-111w-xl-vasaras-riepas.jpg","type":"image\/jpeg"}],"twitter_card":"summary_large_image","twitter_misc":{"Price":"&euro;80.00","Availability":"In stock"},"schema":{"@context":"https:\/\/schema.org","@graph":[{"@type":"WebPage","@id":"https:\/\/mmkriepas.lv\/en\/p\/255-55r19-superia-ecoblue-uhp-2-111w-xl\/","url":"https:\/\/mmkriepas.lv\/en\/p\/255-55r19-superia-ecoblue-uhp-2-111w-xl\/","name":"255\/55R19 Superia Ecoblue UHP2 111W XL &#8226; MMK Riepas","isPartOf":{"@id":"https:\/\/mmkriepas.lv\/en\/#website"},"primaryImageOfPage":{"@id":"https:\/\/mmkriepas.lv\/en\/p\/255-55r19-superia-ecoblue-uhp-2-111w-xl\/#primaryimage"},"image":{"@id":"https:\/\/mmkriepas.lv\/en\/p\/255-55r19-superia-ecoblue-uhp-2-111w-xl\/#primaryimage"},"thumbnailUrl":"https:\/\/mmkriepas.lv\/wp-content\/uploads\/2025\/05\/25555r19-superia-ecoblue-uhp2-111w-xl-vasaras-riepas.jpg","datePublished":"2023-02-09T22:18:09+00:00","dateModified":"2025-05-29T14:06:10+00:00","breadcrumb":{"@id":"https:\/\/mmkriepas.lv\/en\/p\/255-55r19-superia-ecoblue-uhp-2-111w-xl\/#breadcrumb"},"inLanguage":"en-US","potentialAction":[{"@type":"ReadAction","target":["https:\/\/mmkriepas.lv\/en\/p\/255-55r19-superia-ecoblue-uhp-2-111w-xl\/"]}]},{"@type":"ImageObject","inLanguage":"en-US","@id":"https:\/\/mmkriepas.lv\/en\/p\/255-55r19-superia-ecoblue-uhp-2-111w-xl\/#primaryimage","url":"https:\/\/mmkriepas.lv\/wp-content\/uploads\/2025\/05\/25555r19-superia-ecoblue-uhp2-111w-xl-vasaras-riepas.jpg","contentUrl":"https:\/\/mmkriepas.lv\/wp-content\/uploads\/2025\/05\/25555r19-superia-ecoblue-uhp2-111w-xl-vasaras-riepas.jpg","width":900,"height":720,"caption":"MAIN"},{"@type":"BreadcrumbList","@id":"https:\/\/mmkriepas.lv\/en\/p\/255-55r19-superia-ecoblue-uhp-2-111w-xl\/#breadcrumb","itemListElement":[{"@type":"ListItem","position":1,"name":"S\u0101kums","item":"https:\/\/mmkriepas.lv\/en\/"},{"@type":"ListItem","position":2,"name":"255\/55R19 Superia Ecoblue UHP2 111W XL"}]},{"@type":"WebSite","@id":"https:\/\/mmkriepas.lv\/en\/#website","url":"https:\/\/mmkriepas.lv\/en\/","name":"MMK Riepas","description":"MMK Riepas","alternateName":"MMK Riepu Serviss","potentialAction":[{"@type":"SearchAction","target":{"@type":"EntryPoint","urlTemplate":"https:\/\/mmkriepas.lv\/en\/?s={search_term_string}"},"query-input":{"@type":"PropertyValueSpecification","valueRequired":true,"valueName":"search_term_string"}}],"inLanguage":"en-US"},{"@type":"ImageObject","inLanguage":"en-US","@id":"https:\/\/mmkriepas.lv\/en\/p\/255-55r19-superia-ecoblue-uhp-2-111w-xl\/#local-main-organization-logo","url":"","contentUrl":"","caption":"MMK Riepas"}]},"product_brand":"Superia Ecoblue UHP2","product_price_amount":"80.00","product_price_currency":"EUR","og_availability":"instock","product_availability":"instock","product_retailer_item_id":"TS2555519Super-E19837","product_condition":"new"},"_links":{"self":[{"href":"https:\/\/mmkriepas.lv\/en\/wp-json\/wp\/v2\/product\/603095","targetHints":{"allow":["GET"]}}],"collection":[{"href":"https:\/\/mmkriepas.lv\/en\/wp-json\/wp\/v2\/product"}],"about":[{"href":"https:\/\/mmkriepas.lv\/en\/wp-json\/wp\/v2\/types\/product"}],"wp:featuredmedia":[{"embeddable":true,"href":"https:\/\/mmkriepas.lv\/en\/wp-json\/wp\/v2\/media\/1240964"}],"wp:attachment":[{"href":"https:\/\/mmkriepas.lv\/en\/wp-json\/wp\/v2\/media?parent=603095"}],"wp:term":[{"taxonomy":"product_brand","embeddable":true,"href":"https:\/\/mmkriepas.lv\/en\/wp-json\/wp\/v2\/product_brand?post=603095"},{"taxonomy":"product_cat","embeddable":true,"href":"https:\/\/mmkriepas.lv\/en\/wp-json\/wp\/v2\/product_cat?post=603095"},{"taxonomy":"product_tag","embeddable":true,"href":"https:\/\/mmkriepas.lv\/en\/wp-json\/wp\/v2\/product_tag?post=603095"}],"curies":[{"name":"wp","href":"https:\/\/api.w.org\/{rel}","templated":true}]}}