{"id":603064,"date":"2023-02-10T00:17:20","date_gmt":"2023-02-09T22:17:20","guid":{"rendered":"https:\/\/mmkserviss.lv\/?post_type=product&#038;p=603064"},"modified":"2026-04-05T21:06:30","modified_gmt":"2026-04-05T18:06:30","slug":"215-65r15c-sunwide-vansnow-104-102r","status":"publish","type":"product","link":"https:\/\/mmkriepas.lv\/en\/p\/215-65r15c-sunwide-vansnow-104-102r\/","title":{"rendered":"215\/65R15C Sunwide Vansnow 104\/102R"},"content":{"rendered":"<p><strong>Sunwide Vansnow<\/strong> ir ziemas riepu modelis, kas paredz\u0113ts komerctransportam- mikroautobusiem un vieglajiem kravas auto. \u0160is modelis izce\u013cas ar lielu kravnes\u012bbu, paildzin\u0101tu kalpotsp\u0113ju un izciliem veiktsp\u0113jas r\u0101d\u012bt\u0101jiem visda\u017e\u0101d\u0101kajos brauk\u0161anas apst\u0101k\u013cos.<\/p>\n<h3>Vansnow galven\u0101s iez\u012bmes:<\/h3>\n<p>+ Lieliska veiktsp\u0113ja snieg\u0101 un uz ledus!<\/p>\n<p>+ Palielin\u0101ta kontakta virsma, palielinot riepas kravnes\u012bbu!<\/p>\n<p>+ Uzlabots gumijas sast\u0101vs nodro\u0161ina l\u0113n\u0101ku nodiluma veido\u0161anos!<\/p>\n<p>+ Degvielas ekonomija!<\/p>\n<p>\u00a0+ Augsts dro\u0161\u012bbas l\u012bmenis!<\/p>\n<h3>Vansnow apr\u012bkojums:<\/h3>\n<p>Sunwide Vansnow protektora raksts izveidots klasisk\u0101 stil\u0101, uzlabojot kravnes\u012bbu. Riepas protektora blokos iestr\u0101d\u0101tas lameles, kuras, tand\u0113m\u0101 ar riepas att\u012bst\u012bto dren\u0101\u017eas kan\u0101lu sist\u0113mu, sausina sa\u0137eres virsmu, no t\u0101s novadot lieko \u016bdeni un sniegu. Lameles uzlabo ar\u012b dro\u0161\u012bbu uz ledus, ar vair\u0101kiem t\u016bksto\u0161iem asu kan\u0161u iec\u0113rtoties slidenaj\u0101 virsm\u0101. Riepas konstrukcija pastiprin\u0101ta ar vair\u0101kiem papildus kordu jeb brekera sl\u0101\u0146iem, padarot to triecieniztur\u012bg\u0101ku. Pati riepa darin\u0101ta no augstas kvalit\u0101tes gumijas mais\u012bjuma. Tas dar\u012bts ar m\u0113r\u0137i likt riepai saglab\u0101t elast\u012bbu pla\u0161\u0101 temperat\u016bru diapazon\u0101 un padar\u012bt riepu nodilumiztur\u012bg\u0101ku.\u00a0<\/p>\n","protected":false},"excerpt":{"rendered":"<p><b>Sunwide Vansnow<\/b> ir ziemas riepu modelis, kas paredz\u0113ts komerctransportam- mikroautobusiem un vieglajiem kravas auto. \u0160is modelis izce\u013cas ar lielu kravnes\u012bbu, paildzin\u0101tu kalpotsp\u0113ju un izciliem veiktsp\u0113jas r\u0101d\u012bt\u0101jiem visda\u017e\u0101d\u0101kajos brauk\u0161anas apst\u0101k\u013cos.<o:p><\/o:p><\/p>\n","protected":false},"featured_media":320235,"template":"","meta":{"_acf_changed":false,"ngg_post_thumbnail":0},"product_brand":[],"product_cat":[47,45],"product_tag":[],"class_list":{"0":"post-603064","1":"product","2":"type-product","3":"status-publish","4":"has-post-thumbnail","6":"product_cat-vissezonas-riepas","7":"product_cat-ziemas-riepas","9":"first","10":"instock","11":"sale","12":"taxable","13":"shipping-taxable","14":"purchasable","15":"product-type-simple"},"acf":[],"yoast_head":"<!-- This site is optimized with the Yoast SEO Premium plugin v22.6 (Yoast SEO v27.3) - https:\/\/yoast.com\/product\/yoast-seo-premium-wordpress\/ -->\n<title>215\/65R15C Sunwide Vansnow 104\/102R &#8226; MMK Riepas<\/title>\n<meta name=\"robots\" content=\"index, follow, max-snippet:-1, max-image-preview:large, max-video-preview:-1\" \/>\n<link rel=\"canonical\" href=\"https:\/\/mmkriepas.lv\/en\/p\/215-65r15c-sunwide-vansnow-104-102r\/\" \/>\n<meta property=\"og:locale\" content=\"en_US\" \/>\n<meta property=\"og:type\" content=\"article\" \/>\n<meta property=\"og:title\" content=\"215\/65R15C Sunwide Vansnow 104\/102R\" \/>\n<meta property=\"og:description\" content=\"Sunwide Vansnow ir ziemas riepu modelis, kas paredz\u0113ts komerctransportam- mikroautobusiem un vieglajiem kravas auto. \u0160is modelis izce\u013cas ar lielu kravnes\u012bbu, paildzin\u0101tu kalpotsp\u0113ju un izciliem veiktsp\u0113jas r\u0101d\u012bt\u0101jiem visda\u017e\u0101d\u0101kajos brauk\u0161anas apst\u0101k\u013cos.\" \/>\n<meta property=\"og:url\" content=\"https:\/\/mmkriepas.lv\/en\/p\/215-65r15c-sunwide-vansnow-104-102r\/\" \/>\n<meta property=\"og:site_name\" content=\"MMK Riepas\" \/>\n<meta property=\"article:publisher\" content=\"https:\/\/www.facebook.com\/mmkserviss\/\" \/>\n<meta property=\"article:modified_time\" content=\"2026-04-05T18:06:30+00:00\" \/>\n<meta property=\"og:image\" content=\"https:\/\/mmkriepas.lv\/wp-content\/uploads\/2022\/09\/21565r16c-sunwide-vansnow-109107t-ziemas-riepas-2.jpg\" \/>\n\t<meta property=\"og:image:width\" content=\"1920\" \/>\n\t<meta property=\"og:image:height\" content=\"1440\" \/>\n\t<meta property=\"og:image:type\" content=\"image\/jpeg\" \/>\n<meta name=\"twitter:card\" content=\"summary_large_image\" \/>\n<meta name=\"twitter:label1\" content=\"Price\" \/>\n\t<meta name=\"twitter:data1\" content=\"&euro;70.00\" \/>\n\t<meta name=\"twitter:label2\" content=\"Availability\" \/>\n\t<meta name=\"twitter:data2\" content=\"In stock\" \/>\n<script type=\"application\/ld+json\" class=\"yoast-schema-graph\">{\"@context\":\"https:\\\/\\\/schema.org\",\"@graph\":[{\"@type\":\"WebPage\",\"@id\":\"https:\\\/\\\/mmkriepas.lv\\\/en\\\/p\\\/215-65r15c-sunwide-vansnow-104-102r\\\/\",\"url\":\"https:\\\/\\\/mmkriepas.lv\\\/en\\\/p\\\/215-65r15c-sunwide-vansnow-104-102r\\\/\",\"name\":\"215\\\/65R15C Sunwide Vansnow 104\\\/102R &#8226; MMK Riepas\",\"isPartOf\":{\"@id\":\"https:\\\/\\\/mmkriepas.lv\\\/en\\\/#website\"},\"primaryImageOfPage\":{\"@id\":\"https:\\\/\\\/mmkriepas.lv\\\/en\\\/p\\\/215-65r15c-sunwide-vansnow-104-102r\\\/#primaryimage\"},\"image\":{\"@id\":\"https:\\\/\\\/mmkriepas.lv\\\/en\\\/p\\\/215-65r15c-sunwide-vansnow-104-102r\\\/#primaryimage\"},\"thumbnailUrl\":\"https:\\\/\\\/mmkriepas.lv\\\/wp-content\\\/uploads\\\/2022\\\/09\\\/21565r16c-sunwide-vansnow-109107t-ziemas-riepas-2.jpg\",\"datePublished\":\"2023-02-09T22:17:20+00:00\",\"dateModified\":\"2026-04-05T18:06:30+00:00\",\"breadcrumb\":{\"@id\":\"https:\\\/\\\/mmkriepas.lv\\\/en\\\/p\\\/215-65r15c-sunwide-vansnow-104-102r\\\/#breadcrumb\"},\"inLanguage\":\"en-US\",\"potentialAction\":[{\"@type\":\"ReadAction\",\"target\":[\"https:\\\/\\\/mmkriepas.lv\\\/en\\\/p\\\/215-65r15c-sunwide-vansnow-104-102r\\\/\"]}]},{\"@type\":\"ImageObject\",\"inLanguage\":\"en-US\",\"@id\":\"https:\\\/\\\/mmkriepas.lv\\\/en\\\/p\\\/215-65r15c-sunwide-vansnow-104-102r\\\/#primaryimage\",\"url\":\"https:\\\/\\\/mmkriepas.lv\\\/wp-content\\\/uploads\\\/2022\\\/09\\\/21565r16c-sunwide-vansnow-109107t-ziemas-riepas-2.jpg\",\"contentUrl\":\"https:\\\/\\\/mmkriepas.lv\\\/wp-content\\\/uploads\\\/2022\\\/09\\\/21565r16c-sunwide-vansnow-109107t-ziemas-riepas-2.jpg\",\"width\":1920,\"height\":1440,\"caption\":\"215\\\/65R16C Sunwide VanSnow 109\\\/107T - Vissezonas riepas \\\/ Ziemas riepas\"},{\"@type\":\"BreadcrumbList\",\"@id\":\"https:\\\/\\\/mmkriepas.lv\\\/en\\\/p\\\/215-65r15c-sunwide-vansnow-104-102r\\\/#breadcrumb\",\"itemListElement\":[{\"@type\":\"ListItem\",\"position\":1,\"name\":\"S\u0101kums\",\"item\":\"https:\\\/\\\/mmkriepas.lv\\\/en\\\/\"},{\"@type\":\"ListItem\",\"position\":2,\"name\":\"215\\\/65R15C Sunwide Vansnow 104\\\/102R\"}]},{\"@type\":\"WebSite\",\"@id\":\"https:\\\/\\\/mmkriepas.lv\\\/en\\\/#website\",\"url\":\"https:\\\/\\\/mmkriepas.lv\\\/en\\\/\",\"name\":\"MMK Riepas\",\"description\":\"MMK Riepas\",\"alternateName\":\"MMK Riepu Serviss\",\"potentialAction\":[{\"@type\":\"SearchAction\",\"target\":{\"@type\":\"EntryPoint\",\"urlTemplate\":\"https:\\\/\\\/mmkriepas.lv\\\/en\\\/?s={search_term_string}\"},\"query-input\":{\"@type\":\"PropertyValueSpecification\",\"valueRequired\":true,\"valueName\":\"search_term_string\"}}],\"inLanguage\":\"en-US\"},{\"@type\":\"ImageObject\",\"inLanguage\":\"en-US\",\"@id\":\"https:\\\/\\\/mmkriepas.lv\\\/en\\\/p\\\/215-65r15c-sunwide-vansnow-104-102r\\\/#local-main-organization-logo\",\"url\":\"\",\"contentUrl\":\"\",\"caption\":\"MMK Riepas\"}]}<\/script>\n<meta property=\"product:brand\" content=\"Sunwide Vansnow\" \/>\n<meta property=\"product:price:amount\" content=\"70.00\" \/>\n<meta property=\"product:price:currency\" content=\"EUR\" \/>\n<meta property=\"og:availability\" content=\"instock\" \/>\n<meta property=\"product:availability\" content=\"instock\" \/>\n<meta property=\"product:retailer_item_id\" content=\"TW2156515CSunwi-E19827\" \/>\n<meta property=\"product:condition\" content=\"new\" \/>\n<!-- \/ Yoast SEO Premium plugin. -->","yoast_head_json":{"title":"215\/65R15C Sunwide Vansnow 104\/102R &#8226; MMK Riepas","robots":{"index":"index","follow":"follow","max-snippet":"max-snippet:-1","max-image-preview":"max-image-preview:large","max-video-preview":"max-video-preview:-1"},"canonical":"https:\/\/mmkriepas.lv\/en\/p\/215-65r15c-sunwide-vansnow-104-102r\/","og_locale":"en_US","og_type":"article","og_title":"215\/65R15C Sunwide Vansnow 104\/102R","og_description":"Sunwide Vansnow ir ziemas riepu modelis, kas paredz\u0113ts komerctransportam- mikroautobusiem un vieglajiem kravas auto. \u0160is modelis izce\u013cas ar lielu kravnes\u012bbu, paildzin\u0101tu kalpotsp\u0113ju un izciliem veiktsp\u0113jas r\u0101d\u012bt\u0101jiem visda\u017e\u0101d\u0101kajos brauk\u0161anas apst\u0101k\u013cos.","og_url":"https:\/\/mmkriepas.lv\/en\/p\/215-65r15c-sunwide-vansnow-104-102r\/","og_site_name":"MMK Riepas","article_publisher":"https:\/\/www.facebook.com\/mmkserviss\/","article_modified_time":"2026-04-05T18:06:30+00:00","og_image":[{"width":1920,"height":1440,"url":"https:\/\/mmkriepas.lv\/wp-content\/uploads\/2022\/09\/21565r16c-sunwide-vansnow-109107t-ziemas-riepas-2.jpg","type":"image\/jpeg"}],"twitter_card":"summary_large_image","twitter_misc":{"Price":"&euro;70.00","Availability":"In stock"},"schema":{"@context":"https:\/\/schema.org","@graph":[{"@type":"WebPage","@id":"https:\/\/mmkriepas.lv\/en\/p\/215-65r15c-sunwide-vansnow-104-102r\/","url":"https:\/\/mmkriepas.lv\/en\/p\/215-65r15c-sunwide-vansnow-104-102r\/","name":"215\/65R15C Sunwide Vansnow 104\/102R &#8226; MMK Riepas","isPartOf":{"@id":"https:\/\/mmkriepas.lv\/en\/#website"},"primaryImageOfPage":{"@id":"https:\/\/mmkriepas.lv\/en\/p\/215-65r15c-sunwide-vansnow-104-102r\/#primaryimage"},"image":{"@id":"https:\/\/mmkriepas.lv\/en\/p\/215-65r15c-sunwide-vansnow-104-102r\/#primaryimage"},"thumbnailUrl":"https:\/\/mmkriepas.lv\/wp-content\/uploads\/2022\/09\/21565r16c-sunwide-vansnow-109107t-ziemas-riepas-2.jpg","datePublished":"2023-02-09T22:17:20+00:00","dateModified":"2026-04-05T18:06:30+00:00","breadcrumb":{"@id":"https:\/\/mmkriepas.lv\/en\/p\/215-65r15c-sunwide-vansnow-104-102r\/#breadcrumb"},"inLanguage":"en-US","potentialAction":[{"@type":"ReadAction","target":["https:\/\/mmkriepas.lv\/en\/p\/215-65r15c-sunwide-vansnow-104-102r\/"]}]},{"@type":"ImageObject","inLanguage":"en-US","@id":"https:\/\/mmkriepas.lv\/en\/p\/215-65r15c-sunwide-vansnow-104-102r\/#primaryimage","url":"https:\/\/mmkriepas.lv\/wp-content\/uploads\/2022\/09\/21565r16c-sunwide-vansnow-109107t-ziemas-riepas-2.jpg","contentUrl":"https:\/\/mmkriepas.lv\/wp-content\/uploads\/2022\/09\/21565r16c-sunwide-vansnow-109107t-ziemas-riepas-2.jpg","width":1920,"height":1440,"caption":"215\/65R16C Sunwide VanSnow 109\/107T - Vissezonas riepas \/ Ziemas riepas"},{"@type":"BreadcrumbList","@id":"https:\/\/mmkriepas.lv\/en\/p\/215-65r15c-sunwide-vansnow-104-102r\/#breadcrumb","itemListElement":[{"@type":"ListItem","position":1,"name":"S\u0101kums","item":"https:\/\/mmkriepas.lv\/en\/"},{"@type":"ListItem","position":2,"name":"215\/65R15C Sunwide Vansnow 104\/102R"}]},{"@type":"WebSite","@id":"https:\/\/mmkriepas.lv\/en\/#website","url":"https:\/\/mmkriepas.lv\/en\/","name":"MMK Riepas","description":"MMK Riepas","alternateName":"MMK Riepu Serviss","potentialAction":[{"@type":"SearchAction","target":{"@type":"EntryPoint","urlTemplate":"https:\/\/mmkriepas.lv\/en\/?s={search_term_string}"},"query-input":{"@type":"PropertyValueSpecification","valueRequired":true,"valueName":"search_term_string"}}],"inLanguage":"en-US"},{"@type":"ImageObject","inLanguage":"en-US","@id":"https:\/\/mmkriepas.lv\/en\/p\/215-65r15c-sunwide-vansnow-104-102r\/#local-main-organization-logo","url":"","contentUrl":"","caption":"MMK Riepas"}]},"product_brand":"Sunwide Vansnow","product_price_amount":"70.00","product_price_currency":"EUR","og_availability":"instock","product_availability":"instock","product_retailer_item_id":"TW2156515CSunwi-E19827","product_condition":"new"},"_links":{"self":[{"href":"https:\/\/mmkriepas.lv\/en\/wp-json\/wp\/v2\/product\/603064","targetHints":{"allow":["GET"]}}],"collection":[{"href":"https:\/\/mmkriepas.lv\/en\/wp-json\/wp\/v2\/product"}],"about":[{"href":"https:\/\/mmkriepas.lv\/en\/wp-json\/wp\/v2\/types\/product"}],"wp:featuredmedia":[{"embeddable":true,"href":"https:\/\/mmkriepas.lv\/en\/wp-json\/wp\/v2\/media\/320235"}],"wp:attachment":[{"href":"https:\/\/mmkriepas.lv\/en\/wp-json\/wp\/v2\/media?parent=603064"}],"wp:term":[{"taxonomy":"product_brand","embeddable":true,"href":"https:\/\/mmkriepas.lv\/en\/wp-json\/wp\/v2\/product_brand?post=603064"},{"taxonomy":"product_cat","embeddable":true,"href":"https:\/\/mmkriepas.lv\/en\/wp-json\/wp\/v2\/product_cat?post=603064"},{"taxonomy":"product_tag","embeddable":true,"href":"https:\/\/mmkriepas.lv\/en\/wp-json\/wp\/v2\/product_tag?post=603064"}],"curies":[{"name":"wp","href":"https:\/\/api.w.org\/{rel}","templated":true}]}}