{"id":602912,"date":"2023-02-10T00:13:18","date_gmt":"2023-02-09T22:13:18","guid":{"rendered":"https:\/\/mmkserviss.lv\/?post_type=product&#038;p=602912"},"modified":"2024-06-06T00:05:20","modified_gmt":"2024-06-05T21:05:20","slug":"195-80r14c-seiberling-van-winter-106-104r-dot18","status":"publish","type":"product","link":"https:\/\/mmkriepas.lv\/en\/p\/195-80r14c-seiberling-van-winter-106-104r-dot18\/","title":{"rendered":"195\/80R14C Seiberling Van Winter 106\/104R DOT18"},"content":{"rendered":"<p><strong>Seiberling Winter<\/strong> ir ziemas riepu modelis, kur\u0161 ra\u017eots sadarb\u012bb\u0101 ar <strong>Bridgestone. <\/strong>\u0160is ziemas riepu modelis izce\u013cas ar stabiliem veiktsp\u0113jas r\u0101d\u012bt\u0101jiem pla\u0161\u0101 ziemas brauk\u0161anas apst\u0101k\u013cu diapazon\u0101.<\/p>\n<p><strong>Seiberling Winter galven\u0101s iez\u012bmes<\/strong><\/p>\n<p>+Optimiz\u0113ts virz\u012bta veida protektora dizains uzlabo sa\u0137eres \u012bpa\u0161\u012bbas snieg\u0101.<\/p>\n<p>+Att\u012bst\u012bta dren\u0101\u017eas kan\u0101lu sist\u0113ma samazina akvaplan\u0113\u0161anas risku.<\/p>\n<p>+Protektora rakst\u0101 iestr\u0101d\u0101ti vair\u0101ki t\u016bksto\u0161i lame\u013cu.<\/p>\n<p>+Bud\u017eeta klases riepa!<\/p>\n<p><strong>Seiberling Winter apr\u012bkojums<\/strong><\/p>\n<p><strong>Seiberling Winter<\/strong> ziemas riepa apr\u012bkota ar virz\u012bta stila protektora rakstu. V-veid\u0101 izvietotajos protektora blokos bl\u012bvi iestr\u0101d\u0101ti vair\u0101ki t\u016bksto\u0161i lame\u013cu, kuras ar as\u0101m kant\u0113m, aizvietojot radzes, iec\u0113rtas led\u016b, ar slideno virsmu veidojot cie\u0161u sa\u0137eri.\u00a0 Starp protektora blokiem atrodas augsti att\u012bst\u012bta dren\u0101\u017eas kan\u0101lu sist\u0113ma, kas, tand\u0113m\u0101 ar jau iepriek\u0161 min\u0113taj\u0101m lamel\u0113m, novada \u016bdeni un sniegu no kontakta virsmas, to sausinot. Sausa kontakta virsma noz\u012bm\u0113 daudz lab\u0101ku sa\u0137eri ar ce\u013cu. Riepa izgatavota no augstas kvalit\u0101tes gumijas mais\u012bjuma, kas bag\u0101tin\u0101ts ar veselu virkni elastrom\u0113ru. Tas dar\u012bts ar m\u0113r\u0137i likt riepai saglab\u0101t elast\u012bbu pla\u0161\u0101 temperat\u016bru diapazon\u0101. Tas ziem\u0101 ir \u013coti svar\u012bgi, jo elast\u012bga riepa daudz lab\u0101k veido sa\u0137eri ar ce\u013cu.<\/p>\n<p><strong>Seiberling Winter<\/strong> mode\u013ca lieto\u0161anas dro\u0161\u012bbu ziemas laika apst\u0101k\u013cos un t\u0101 atbilst\u012bbu valst\u012bm ar oblig\u0101tu sezon\u0101lo riepu mai\u0146u apstiprina mar\u0137\u0113jums sniegp\u0101rslas form\u0101 uz kalna fona ar trim virsotn\u0113m (3PMSF).<\/p>\n","protected":false},"excerpt":{"rendered":"<p><strong>Seiberling Winter<\/strong> ir ziemas riepu modelis, kur\u0161 ra\u017eots sadarb\u012bb\u0101 ar <strong>Bridgestone. <\/strong>\u0160is ziemas riepu modelis izce\u013cas ar stabiliem veiktsp\u0113jas r\u0101d\u012bt\u0101jiem pla\u0161\u0101 ziemas brauk\u0161anas apst\u0101k\u013cu diapazon\u0101.<\/p>\n","protected":false},"featured_media":602911,"template":"","meta":{"_acf_changed":false,"ngg_post_thumbnail":0},"product_brand":[],"product_cat":[47,45],"product_tag":[],"class_list":{"0":"post-602912","1":"product","2":"type-product","3":"status-publish","4":"has-post-thumbnail","6":"product_cat-vissezonas-riepas","7":"product_cat-ziemas-riepas","9":"first","10":"instock","11":"taxable","12":"shipping-taxable","13":"product-type-simple"},"acf":[],"yoast_head":"<!-- This site is optimized with the Yoast SEO Premium plugin v22.6 (Yoast SEO v27.3) - https:\/\/yoast.com\/product\/yoast-seo-premium-wordpress\/ -->\n<title>195\/80R14C Seiberling Van Winter 106\/104R DOT18 &#8226; MMK Riepas<\/title>\n<meta name=\"robots\" content=\"index, follow, max-snippet:-1, max-image-preview:large, max-video-preview:-1\" \/>\n<link rel=\"canonical\" href=\"https:\/\/mmkriepas.lv\/en\/p\/195-80r14c-seiberling-van-winter-106-104r-dot18\/\" \/>\n<meta property=\"og:locale\" content=\"en_US\" \/>\n<meta property=\"og:type\" content=\"article\" \/>\n<meta property=\"og:title\" content=\"195\/80R14C Seiberling Van Winter 106\/104R DOT18\" \/>\n<meta property=\"og:description\" content=\"Seiberling Winter ir ziemas riepu modelis, kur\u0161 ra\u017eots sadarb\u012bb\u0101 ar Bridgestone. \u0160is ziemas riepu modelis izce\u013cas ar stabiliem veiktsp\u0113jas r\u0101d\u012bt\u0101jiem pla\u0161\u0101 ziemas brauk\u0161anas apst\u0101k\u013cu diapazon\u0101.\" \/>\n<meta property=\"og:url\" content=\"https:\/\/mmkriepas.lv\/en\/p\/195-80r14c-seiberling-van-winter-106-104r-dot18\/\" \/>\n<meta property=\"og:site_name\" content=\"MMK Riepas\" \/>\n<meta property=\"article:publisher\" content=\"https:\/\/www.facebook.com\/mmkserviss\/\" \/>\n<meta property=\"article:modified_time\" content=\"2024-06-05T21:05:20+00:00\" \/>\n<meta property=\"og:image\" content=\"https:\/\/mmkriepas.lv\/wp-content\/uploads\/2023\/02\/19580r14c-seiberling-van-winter-106104r-dot18-ziemas-riepas.jpg\" \/>\n\t<meta property=\"og:image:width\" content=\"188\" \/>\n\t<meta property=\"og:image:height\" content=\"250\" \/>\n\t<meta property=\"og:image:type\" content=\"image\/jpeg\" \/>\n<meta name=\"twitter:card\" content=\"summary_large_image\" \/>\n<meta name=\"twitter:label1\" content=\"Price\" \/>\n\t<meta name=\"twitter:data1\" content=\"&euro;64.00\" \/>\n\t<meta name=\"twitter:label2\" content=\"Availability\" \/>\n\t<meta name=\"twitter:data2\" content=\"In stock\" \/>\n<script type=\"application\/ld+json\" class=\"yoast-schema-graph\">{\"@context\":\"https:\\\/\\\/schema.org\",\"@graph\":[{\"@type\":\"WebPage\",\"@id\":\"https:\\\/\\\/mmkriepas.lv\\\/en\\\/p\\\/195-80r14c-seiberling-van-winter-106-104r-dot18\\\/\",\"url\":\"https:\\\/\\\/mmkriepas.lv\\\/en\\\/p\\\/195-80r14c-seiberling-van-winter-106-104r-dot18\\\/\",\"name\":\"195\\\/80R14C Seiberling Van Winter 106\\\/104R DOT18 &#8226; MMK Riepas\",\"isPartOf\":{\"@id\":\"https:\\\/\\\/mmkriepas.lv\\\/en\\\/#website\"},\"primaryImageOfPage\":{\"@id\":\"https:\\\/\\\/mmkriepas.lv\\\/en\\\/p\\\/195-80r14c-seiberling-van-winter-106-104r-dot18\\\/#primaryimage\"},\"image\":{\"@id\":\"https:\\\/\\\/mmkriepas.lv\\\/en\\\/p\\\/195-80r14c-seiberling-van-winter-106-104r-dot18\\\/#primaryimage\"},\"thumbnailUrl\":\"https:\\\/\\\/mmkriepas.lv\\\/wp-content\\\/uploads\\\/2023\\\/02\\\/19580r14c-seiberling-van-winter-106104r-dot18-ziemas-riepas.jpg\",\"datePublished\":\"2023-02-09T22:13:18+00:00\",\"dateModified\":\"2024-06-05T21:05:20+00:00\",\"breadcrumb\":{\"@id\":\"https:\\\/\\\/mmkriepas.lv\\\/en\\\/p\\\/195-80r14c-seiberling-van-winter-106-104r-dot18\\\/#breadcrumb\"},\"inLanguage\":\"en-US\",\"potentialAction\":[{\"@type\":\"ReadAction\",\"target\":[\"https:\\\/\\\/mmkriepas.lv\\\/en\\\/p\\\/195-80r14c-seiberling-van-winter-106-104r-dot18\\\/\"]}]},{\"@type\":\"ImageObject\",\"inLanguage\":\"en-US\",\"@id\":\"https:\\\/\\\/mmkriepas.lv\\\/en\\\/p\\\/195-80r14c-seiberling-van-winter-106-104r-dot18\\\/#primaryimage\",\"url\":\"https:\\\/\\\/mmkriepas.lv\\\/wp-content\\\/uploads\\\/2023\\\/02\\\/19580r14c-seiberling-van-winter-106104r-dot18-ziemas-riepas.jpg\",\"contentUrl\":\"https:\\\/\\\/mmkriepas.lv\\\/wp-content\\\/uploads\\\/2023\\\/02\\\/19580r14c-seiberling-van-winter-106104r-dot18-ziemas-riepas.jpg\",\"width\":188,\"height\":250,\"caption\":\"195\\\/80R14C Seiberling VAN WINTER 106\\\/104R dot18 - Ziemas riepas\"},{\"@type\":\"BreadcrumbList\",\"@id\":\"https:\\\/\\\/mmkriepas.lv\\\/en\\\/p\\\/195-80r14c-seiberling-van-winter-106-104r-dot18\\\/#breadcrumb\",\"itemListElement\":[{\"@type\":\"ListItem\",\"position\":1,\"name\":\"S\u0101kums\",\"item\":\"https:\\\/\\\/mmkriepas.lv\\\/en\\\/\"},{\"@type\":\"ListItem\",\"position\":2,\"name\":\"195\\\/80R14C Seiberling Van Winter 106\\\/104R DOT18\"}]},{\"@type\":\"WebSite\",\"@id\":\"https:\\\/\\\/mmkriepas.lv\\\/en\\\/#website\",\"url\":\"https:\\\/\\\/mmkriepas.lv\\\/en\\\/\",\"name\":\"MMK Riepas\",\"description\":\"MMK Riepas\",\"alternateName\":\"MMK Riepu Serviss\",\"potentialAction\":[{\"@type\":\"SearchAction\",\"target\":{\"@type\":\"EntryPoint\",\"urlTemplate\":\"https:\\\/\\\/mmkriepas.lv\\\/en\\\/?s={search_term_string}\"},\"query-input\":{\"@type\":\"PropertyValueSpecification\",\"valueRequired\":true,\"valueName\":\"search_term_string\"}}],\"inLanguage\":\"en-US\"},{\"@type\":\"ImageObject\",\"inLanguage\":\"en-US\",\"@id\":\"https:\\\/\\\/mmkriepas.lv\\\/en\\\/p\\\/195-80r14c-seiberling-van-winter-106-104r-dot18\\\/#local-main-organization-logo\",\"url\":\"\",\"contentUrl\":\"\",\"caption\":\"MMK Riepas\"}]}<\/script>\n<meta property=\"product:brand\" content=\"Seiberling Winter\" \/>\n<meta property=\"product:price:amount\" content=\"64.00\" \/>\n<meta property=\"product:price:currency\" content=\"EUR\" \/>\n<meta property=\"og:availability\" content=\"instock\" \/>\n<meta property=\"product:availability\" content=\"instock\" \/>\n<meta property=\"product:retailer_item_id\" content=\"TW1958014CSeibe-E19778\" \/>\n<meta property=\"product:condition\" content=\"new\" \/>\n<!-- \/ Yoast SEO Premium plugin. -->","yoast_head_json":{"title":"195\/80R14C Seiberling Van Winter 106\/104R DOT18 &#8226; MMK Riepas","robots":{"index":"index","follow":"follow","max-snippet":"max-snippet:-1","max-image-preview":"max-image-preview:large","max-video-preview":"max-video-preview:-1"},"canonical":"https:\/\/mmkriepas.lv\/en\/p\/195-80r14c-seiberling-van-winter-106-104r-dot18\/","og_locale":"en_US","og_type":"article","og_title":"195\/80R14C Seiberling Van Winter 106\/104R DOT18","og_description":"Seiberling Winter ir ziemas riepu modelis, kur\u0161 ra\u017eots sadarb\u012bb\u0101 ar Bridgestone. \u0160is ziemas riepu modelis izce\u013cas ar stabiliem veiktsp\u0113jas r\u0101d\u012bt\u0101jiem pla\u0161\u0101 ziemas brauk\u0161anas apst\u0101k\u013cu diapazon\u0101.","og_url":"https:\/\/mmkriepas.lv\/en\/p\/195-80r14c-seiberling-van-winter-106-104r-dot18\/","og_site_name":"MMK Riepas","article_publisher":"https:\/\/www.facebook.com\/mmkserviss\/","article_modified_time":"2024-06-05T21:05:20+00:00","og_image":[{"width":188,"height":250,"url":"https:\/\/mmkriepas.lv\/wp-content\/uploads\/2023\/02\/19580r14c-seiberling-van-winter-106104r-dot18-ziemas-riepas.jpg","type":"image\/jpeg"}],"twitter_card":"summary_large_image","twitter_misc":{"Price":"&euro;64.00","Availability":"In stock"},"schema":{"@context":"https:\/\/schema.org","@graph":[{"@type":"WebPage","@id":"https:\/\/mmkriepas.lv\/en\/p\/195-80r14c-seiberling-van-winter-106-104r-dot18\/","url":"https:\/\/mmkriepas.lv\/en\/p\/195-80r14c-seiberling-van-winter-106-104r-dot18\/","name":"195\/80R14C Seiberling Van Winter 106\/104R DOT18 &#8226; MMK Riepas","isPartOf":{"@id":"https:\/\/mmkriepas.lv\/en\/#website"},"primaryImageOfPage":{"@id":"https:\/\/mmkriepas.lv\/en\/p\/195-80r14c-seiberling-van-winter-106-104r-dot18\/#primaryimage"},"image":{"@id":"https:\/\/mmkriepas.lv\/en\/p\/195-80r14c-seiberling-van-winter-106-104r-dot18\/#primaryimage"},"thumbnailUrl":"https:\/\/mmkriepas.lv\/wp-content\/uploads\/2023\/02\/19580r14c-seiberling-van-winter-106104r-dot18-ziemas-riepas.jpg","datePublished":"2023-02-09T22:13:18+00:00","dateModified":"2024-06-05T21:05:20+00:00","breadcrumb":{"@id":"https:\/\/mmkriepas.lv\/en\/p\/195-80r14c-seiberling-van-winter-106-104r-dot18\/#breadcrumb"},"inLanguage":"en-US","potentialAction":[{"@type":"ReadAction","target":["https:\/\/mmkriepas.lv\/en\/p\/195-80r14c-seiberling-van-winter-106-104r-dot18\/"]}]},{"@type":"ImageObject","inLanguage":"en-US","@id":"https:\/\/mmkriepas.lv\/en\/p\/195-80r14c-seiberling-van-winter-106-104r-dot18\/#primaryimage","url":"https:\/\/mmkriepas.lv\/wp-content\/uploads\/2023\/02\/19580r14c-seiberling-van-winter-106104r-dot18-ziemas-riepas.jpg","contentUrl":"https:\/\/mmkriepas.lv\/wp-content\/uploads\/2023\/02\/19580r14c-seiberling-van-winter-106104r-dot18-ziemas-riepas.jpg","width":188,"height":250,"caption":"195\/80R14C Seiberling VAN WINTER 106\/104R dot18 - Ziemas riepas"},{"@type":"BreadcrumbList","@id":"https:\/\/mmkriepas.lv\/en\/p\/195-80r14c-seiberling-van-winter-106-104r-dot18\/#breadcrumb","itemListElement":[{"@type":"ListItem","position":1,"name":"S\u0101kums","item":"https:\/\/mmkriepas.lv\/en\/"},{"@type":"ListItem","position":2,"name":"195\/80R14C Seiberling Van Winter 106\/104R DOT18"}]},{"@type":"WebSite","@id":"https:\/\/mmkriepas.lv\/en\/#website","url":"https:\/\/mmkriepas.lv\/en\/","name":"MMK Riepas","description":"MMK Riepas","alternateName":"MMK Riepu Serviss","potentialAction":[{"@type":"SearchAction","target":{"@type":"EntryPoint","urlTemplate":"https:\/\/mmkriepas.lv\/en\/?s={search_term_string}"},"query-input":{"@type":"PropertyValueSpecification","valueRequired":true,"valueName":"search_term_string"}}],"inLanguage":"en-US"},{"@type":"ImageObject","inLanguage":"en-US","@id":"https:\/\/mmkriepas.lv\/en\/p\/195-80r14c-seiberling-van-winter-106-104r-dot18\/#local-main-organization-logo","url":"","contentUrl":"","caption":"MMK Riepas"}]},"product_brand":"Seiberling Winter","product_price_amount":"64.00","product_price_currency":"EUR","og_availability":"instock","product_availability":"instock","product_retailer_item_id":"TW1958014CSeibe-E19778","product_condition":"new"},"_links":{"self":[{"href":"https:\/\/mmkriepas.lv\/en\/wp-json\/wp\/v2\/product\/602912","targetHints":{"allow":["GET"]}}],"collection":[{"href":"https:\/\/mmkriepas.lv\/en\/wp-json\/wp\/v2\/product"}],"about":[{"href":"https:\/\/mmkriepas.lv\/en\/wp-json\/wp\/v2\/types\/product"}],"wp:featuredmedia":[{"embeddable":true,"href":"https:\/\/mmkriepas.lv\/en\/wp-json\/wp\/v2\/media\/602911"}],"wp:attachment":[{"href":"https:\/\/mmkriepas.lv\/en\/wp-json\/wp\/v2\/media?parent=602912"}],"wp:term":[{"taxonomy":"product_brand","embeddable":true,"href":"https:\/\/mmkriepas.lv\/en\/wp-json\/wp\/v2\/product_brand?post=602912"},{"taxonomy":"product_cat","embeddable":true,"href":"https:\/\/mmkriepas.lv\/en\/wp-json\/wp\/v2\/product_cat?post=602912"},{"taxonomy":"product_tag","embeddable":true,"href":"https:\/\/mmkriepas.lv\/en\/wp-json\/wp\/v2\/product_tag?post=602912"}],"curies":[{"name":"wp","href":"https:\/\/api.w.org\/{rel}","templated":true}]}}