{"id":602900,"date":"2023-02-10T00:12:58","date_gmt":"2023-02-09T22:12:58","guid":{"rendered":"https:\/\/mmkserviss.lv\/?post_type=product&#038;p=602900"},"modified":"2025-03-14T11:39:19","modified_gmt":"2025-03-14T09:39:19","slug":"235-45r17-sava-intensa-uhp-2-97y-xl","status":"publish","type":"product","link":"https:\/\/mmkriepas.lv\/en\/p\/235-45r17-sava-intensa-uhp-2-97y-xl\/","title":{"rendered":"235\/45R17 Sava Intensa UHP 2 97Y XL"},"content":{"rendered":"<h2>Sava Intensa UHP 2 priek\u0161roc\u012bbas<\/h2>\n<p><strong>Jaun\u0101 UHP riepa, kas ir draudz\u012bga j\u016bsu maci\u0146am un nesamazina veiktsp\u0113ju.<\/strong><\/p>\n<ul>\n<li>P\u0101rliecino\u0161a \u012bpa\u0161i augsta veiktsp\u0113ja uz sausiem un slapjiem ce\u013ciem<\/li>\n<li>Eiropas kvalit\u0101te par bud\u017eeta cenu, kas pied\u0101v\u0101 izdev\u012bgu cenas un v\u0113rt\u012bbas attiec\u012bbu<\/li>\n<li>Konkur\u0113tsp\u0113j\u012bgas mar\u0137\u0113juma klases<\/li>\n<li>Sp\u0113c\u012bga bremz\u0113\u0161ana uz sausa ce\u013ca<\/li>\n<li>Stingrie \u0101r\u0113jie plecu bloki nodro\u0161ina lab\u0101ku sp\u0113ka p\u0101rnesi, lai nodro\u0161in\u0101tu labu bremz\u0113\u0161anas jaudu uz sausiem ce\u013ciem.<\/li>\n<\/ul>\n<p><strong>P\u0101rliecino\u0161a brauk\u0161ana uz slapjiem ce\u013ciem<\/strong><\/p>\n<ul>\n<li>Pateicoties optimiz\u0113tam dobumam, p\u0113das nospiedums pak\u0101peniski piel\u0101gojas main\u012bgajiem \u0101r\u0113jiem sp\u0113kiem, \u013caujot uzlabot kontroli uz slapjiem ce\u013ciem.<\/li>\n<\/ul>\n<p><strong>L\u012bdzsvarota veiktsp\u0113ja uz slapja un sausa ce\u013ca<\/strong><\/p>\n<ul>\n<li>Ar uzlabotu riepas konstrukciju un protektora mais\u012bjumu slapja ce\u013ca seguma gad\u012bjum\u0101 jauna sp\u0113c\u012bga viena stieples karkasa nodro\u0161ina vad\u0101m\u012bbu uz sausa ce\u013ca, bet sil\u012bcija oks\u012bda protektora mais\u012bjuma tehnolo\u0123ija &#8211; veiktsp\u0113ju uz slapja ce\u013ca.<\/li>\n<\/ul>\n<p><strong>Liels nobraukums un degvielas pat\u0113ri\u0146\u0161<\/strong><\/p>\n<ul>\n<li>Optimiz\u0113t\u0101 riepas konstrukcija regul\u0113 ener\u0123ijas zudumus un berzi, t\u0101d\u0113j\u0101di nodro\u0161inot liel\u0101ku degvielas pat\u0113ri\u0146u un liel\u0101ku nobraukumu.<\/li>\n<\/ul>\n","protected":false},"excerpt":{"rendered":"<p><strong>Sava Intensa UHP 2<\/strong> ir \u012bpa\u0161i augstas veiktsp\u0113jas riepa, kas ir draudz\u012bga naudas makam, ta\u010du neatk\u0101pjas no veiktsp\u0113jas. \u0160\u012bs riepas ir riepu izstr\u0101des avangard\u0101, pied\u0101v\u0101jot vislab\u0101ko sa\u0137eri, dro\u0161\u012bbu un lielisku vad\u0101m\u012bbu pie lieliem \u0101trumiem. Sava Intensa UHP 2 riepas ir piem\u0113rotas gan sausiem, gan slapjiem ce\u013ciem, un t\u0101m ir zems trok\u0161\u0146a l\u012bmenis.<\/p>\n<p>Sava Intensa UHP 2&nbsp; ir laba izv\u0113le dro\u0161ai un efekt\u012bvai brauk\u0161anai par zemu cenu. T\u0101s ir ekonomiskas un efekt\u012bvas riepas.<\/p>\n","protected":false},"featured_media":602899,"template":"","meta":{"_acf_changed":false,"ngg_post_thumbnail":0},"product_brand":[],"product_cat":[46],"product_tag":[],"class_list":{"0":"post-602900","1":"product","2":"type-product","3":"status-publish","4":"has-post-thumbnail","6":"product_cat-vasaras-riepas","8":"first","9":"instock","10":"taxable","11":"shipping-taxable","12":"product-type-simple"},"acf":[],"yoast_head":"<!-- This site is optimized with the Yoast SEO Premium plugin v22.6 (Yoast SEO v27.3) - https:\/\/yoast.com\/product\/yoast-seo-premium-wordpress\/ -->\n<title>235\/45R17 Sava Intensa UHP 2 97Y XL &#8226; MMK Riepas<\/title>\n<meta name=\"description\" content=\"235\/45R17 Sava Intensa UHP 2 97Y XL riepas b\u016bs lieliska izv\u0113le, kas b\u016bs draudz\u012bga Tavam maci\u0146am, bet nodro\u0161in\u0101s augst\u0101ko dro\u0161\u012bbu uz ce\u013ca.\" \/>\n<meta name=\"robots\" content=\"index, follow, max-snippet:-1, max-image-preview:large, max-video-preview:-1\" \/>\n<link rel=\"canonical\" href=\"https:\/\/mmkriepas.lv\/en\/p\/235-45r17-sava-intensa-uhp-2-97y-xl\/\" \/>\n<meta property=\"og:locale\" content=\"en_US\" \/>\n<meta property=\"og:type\" content=\"article\" \/>\n<meta property=\"og:title\" content=\"235\/45R17 Sava Intensa UHP 2 97Y XL\" \/>\n<meta property=\"og:description\" content=\"235\/45R17 Sava Intensa UHP 2 97Y XL riepas b\u016bs lieliska izv\u0113le, kas b\u016bs draudz\u012bga Tavam maci\u0146am, bet nodro\u0161in\u0101s augst\u0101ko dro\u0161\u012bbu uz ce\u013ca.\" \/>\n<meta property=\"og:url\" content=\"https:\/\/mmkriepas.lv\/en\/p\/235-45r17-sava-intensa-uhp-2-97y-xl\/\" \/>\n<meta property=\"og:site_name\" content=\"MMK Riepas\" \/>\n<meta property=\"article:publisher\" content=\"https:\/\/www.facebook.com\/mmkserviss\/\" \/>\n<meta property=\"article:modified_time\" content=\"2025-03-14T09:39:19+00:00\" \/>\n<meta property=\"og:image\" content=\"https:\/\/mmkriepas.lv\/wp-content\/uploads\/2023\/02\/23545r17-sava-intensa-uhp-2-97y-xl-vasaras-riepas.jpg\" \/>\n\t<meta property=\"og:image:width\" content=\"188\" \/>\n\t<meta property=\"og:image:height\" content=\"256\" \/>\n\t<meta property=\"og:image:type\" content=\"image\/jpeg\" \/>\n<meta name=\"twitter:card\" content=\"summary_large_image\" \/>\n<meta name=\"twitter:label1\" content=\"Price\" \/>\n\t<meta name=\"twitter:data1\" content=\"&euro;86.00\" \/>\n\t<meta name=\"twitter:label2\" content=\"Availability\" \/>\n\t<meta name=\"twitter:data2\" content=\"In stock\" \/>\n<script type=\"application\/ld+json\" class=\"yoast-schema-graph\">{\"@context\":\"https:\\\/\\\/schema.org\",\"@graph\":[{\"@type\":\"WebPage\",\"@id\":\"https:\\\/\\\/mmkriepas.lv\\\/en\\\/p\\\/235-45r17-sava-intensa-uhp-2-97y-xl\\\/\",\"url\":\"https:\\\/\\\/mmkriepas.lv\\\/en\\\/p\\\/235-45r17-sava-intensa-uhp-2-97y-xl\\\/\",\"name\":\"235\\\/45R17 Sava Intensa UHP 2 97Y XL &#8226; MMK Riepas\",\"isPartOf\":{\"@id\":\"https:\\\/\\\/mmkriepas.lv\\\/en\\\/#website\"},\"primaryImageOfPage\":{\"@id\":\"https:\\\/\\\/mmkriepas.lv\\\/en\\\/p\\\/235-45r17-sava-intensa-uhp-2-97y-xl\\\/#primaryimage\"},\"image\":{\"@id\":\"https:\\\/\\\/mmkriepas.lv\\\/en\\\/p\\\/235-45r17-sava-intensa-uhp-2-97y-xl\\\/#primaryimage\"},\"thumbnailUrl\":\"https:\\\/\\\/mmkriepas.lv\\\/wp-content\\\/uploads\\\/2023\\\/02\\\/23545r17-sava-intensa-uhp-2-97y-xl-vasaras-riepas.jpg\",\"datePublished\":\"2023-02-09T22:12:58+00:00\",\"dateModified\":\"2025-03-14T09:39:19+00:00\",\"description\":\"235\\\/45R17 Sava Intensa UHP 2 97Y XL riepas b\u016bs lieliska izv\u0113le, kas b\u016bs draudz\u012bga Tavam maci\u0146am, bet nodro\u0161in\u0101s augst\u0101ko dro\u0161\u012bbu uz ce\u013ca.\",\"breadcrumb\":{\"@id\":\"https:\\\/\\\/mmkriepas.lv\\\/en\\\/p\\\/235-45r17-sava-intensa-uhp-2-97y-xl\\\/#breadcrumb\"},\"inLanguage\":\"en-US\",\"potentialAction\":[{\"@type\":\"ReadAction\",\"target\":[\"https:\\\/\\\/mmkriepas.lv\\\/en\\\/p\\\/235-45r17-sava-intensa-uhp-2-97y-xl\\\/\"]}]},{\"@type\":\"ImageObject\",\"inLanguage\":\"en-US\",\"@id\":\"https:\\\/\\\/mmkriepas.lv\\\/en\\\/p\\\/235-45r17-sava-intensa-uhp-2-97y-xl\\\/#primaryimage\",\"url\":\"https:\\\/\\\/mmkriepas.lv\\\/wp-content\\\/uploads\\\/2023\\\/02\\\/23545r17-sava-intensa-uhp-2-97y-xl-vasaras-riepas.jpg\",\"contentUrl\":\"https:\\\/\\\/mmkriepas.lv\\\/wp-content\\\/uploads\\\/2023\\\/02\\\/23545r17-sava-intensa-uhp-2-97y-xl-vasaras-riepas.jpg\",\"width\":188,\"height\":256,\"caption\":\"235\\\/45R17 Sava Intensa UHP 2 97Y XL - Vasaras riepas\"},{\"@type\":\"BreadcrumbList\",\"@id\":\"https:\\\/\\\/mmkriepas.lv\\\/en\\\/p\\\/235-45r17-sava-intensa-uhp-2-97y-xl\\\/#breadcrumb\",\"itemListElement\":[{\"@type\":\"ListItem\",\"position\":1,\"name\":\"S\u0101kums\",\"item\":\"https:\\\/\\\/mmkriepas.lv\\\/en\\\/\"},{\"@type\":\"ListItem\",\"position\":2,\"name\":\"235\\\/45R17 Sava Intensa UHP 2 97Y XL\"}]},{\"@type\":\"WebSite\",\"@id\":\"https:\\\/\\\/mmkriepas.lv\\\/en\\\/#website\",\"url\":\"https:\\\/\\\/mmkriepas.lv\\\/en\\\/\",\"name\":\"MMK Riepas\",\"description\":\"MMK Riepas\",\"alternateName\":\"MMK Riepu Serviss\",\"potentialAction\":[{\"@type\":\"SearchAction\",\"target\":{\"@type\":\"EntryPoint\",\"urlTemplate\":\"https:\\\/\\\/mmkriepas.lv\\\/en\\\/?s={search_term_string}\"},\"query-input\":{\"@type\":\"PropertyValueSpecification\",\"valueRequired\":true,\"valueName\":\"search_term_string\"}}],\"inLanguage\":\"en-US\"},{\"@type\":\"ImageObject\",\"inLanguage\":\"en-US\",\"@id\":\"https:\\\/\\\/mmkriepas.lv\\\/en\\\/p\\\/235-45r17-sava-intensa-uhp-2-97y-xl\\\/#local-main-organization-logo\",\"url\":\"\",\"contentUrl\":\"\",\"caption\":\"MMK Riepas\"}]}<\/script>\n<meta property=\"product:price:amount\" content=\"86.00\" \/>\n<meta property=\"product:price:currency\" content=\"EUR\" \/>\n<meta property=\"og:availability\" content=\"instock\" \/>\n<meta property=\"product:availability\" content=\"instock\" \/>\n<meta property=\"product:retailer_item_id\" content=\"TS2354517Sava-E19774\" \/>\n<meta property=\"product:condition\" content=\"new\" \/>\n<!-- \/ Yoast SEO Premium plugin. -->","yoast_head_json":{"title":"235\/45R17 Sava Intensa UHP 2 97Y XL &#8226; MMK Riepas","description":"235\/45R17 Sava Intensa UHP 2 97Y XL riepas b\u016bs lieliska izv\u0113le, kas b\u016bs draudz\u012bga Tavam maci\u0146am, bet nodro\u0161in\u0101s augst\u0101ko dro\u0161\u012bbu uz ce\u013ca.","robots":{"index":"index","follow":"follow","max-snippet":"max-snippet:-1","max-image-preview":"max-image-preview:large","max-video-preview":"max-video-preview:-1"},"canonical":"https:\/\/mmkriepas.lv\/en\/p\/235-45r17-sava-intensa-uhp-2-97y-xl\/","og_locale":"en_US","og_type":"article","og_title":"235\/45R17 Sava Intensa UHP 2 97Y XL","og_description":"235\/45R17 Sava Intensa UHP 2 97Y XL riepas b\u016bs lieliska izv\u0113le, kas b\u016bs draudz\u012bga Tavam maci\u0146am, bet nodro\u0161in\u0101s augst\u0101ko dro\u0161\u012bbu uz ce\u013ca.","og_url":"https:\/\/mmkriepas.lv\/en\/p\/235-45r17-sava-intensa-uhp-2-97y-xl\/","og_site_name":"MMK Riepas","article_publisher":"https:\/\/www.facebook.com\/mmkserviss\/","article_modified_time":"2025-03-14T09:39:19+00:00","og_image":[{"width":188,"height":256,"url":"https:\/\/mmkriepas.lv\/wp-content\/uploads\/2023\/02\/23545r17-sava-intensa-uhp-2-97y-xl-vasaras-riepas.jpg","type":"image\/jpeg"}],"twitter_card":"summary_large_image","twitter_misc":{"Price":"&euro;86.00","Availability":"In stock"},"schema":{"@context":"https:\/\/schema.org","@graph":[{"@type":"WebPage","@id":"https:\/\/mmkriepas.lv\/en\/p\/235-45r17-sava-intensa-uhp-2-97y-xl\/","url":"https:\/\/mmkriepas.lv\/en\/p\/235-45r17-sava-intensa-uhp-2-97y-xl\/","name":"235\/45R17 Sava Intensa UHP 2 97Y XL &#8226; MMK Riepas","isPartOf":{"@id":"https:\/\/mmkriepas.lv\/en\/#website"},"primaryImageOfPage":{"@id":"https:\/\/mmkriepas.lv\/en\/p\/235-45r17-sava-intensa-uhp-2-97y-xl\/#primaryimage"},"image":{"@id":"https:\/\/mmkriepas.lv\/en\/p\/235-45r17-sava-intensa-uhp-2-97y-xl\/#primaryimage"},"thumbnailUrl":"https:\/\/mmkriepas.lv\/wp-content\/uploads\/2023\/02\/23545r17-sava-intensa-uhp-2-97y-xl-vasaras-riepas.jpg","datePublished":"2023-02-09T22:12:58+00:00","dateModified":"2025-03-14T09:39:19+00:00","description":"235\/45R17 Sava Intensa UHP 2 97Y XL riepas b\u016bs lieliska izv\u0113le, kas b\u016bs draudz\u012bga Tavam maci\u0146am, bet nodro\u0161in\u0101s augst\u0101ko dro\u0161\u012bbu uz ce\u013ca.","breadcrumb":{"@id":"https:\/\/mmkriepas.lv\/en\/p\/235-45r17-sava-intensa-uhp-2-97y-xl\/#breadcrumb"},"inLanguage":"en-US","potentialAction":[{"@type":"ReadAction","target":["https:\/\/mmkriepas.lv\/en\/p\/235-45r17-sava-intensa-uhp-2-97y-xl\/"]}]},{"@type":"ImageObject","inLanguage":"en-US","@id":"https:\/\/mmkriepas.lv\/en\/p\/235-45r17-sava-intensa-uhp-2-97y-xl\/#primaryimage","url":"https:\/\/mmkriepas.lv\/wp-content\/uploads\/2023\/02\/23545r17-sava-intensa-uhp-2-97y-xl-vasaras-riepas.jpg","contentUrl":"https:\/\/mmkriepas.lv\/wp-content\/uploads\/2023\/02\/23545r17-sava-intensa-uhp-2-97y-xl-vasaras-riepas.jpg","width":188,"height":256,"caption":"235\/45R17 Sava Intensa UHP 2 97Y XL - Vasaras riepas"},{"@type":"BreadcrumbList","@id":"https:\/\/mmkriepas.lv\/en\/p\/235-45r17-sava-intensa-uhp-2-97y-xl\/#breadcrumb","itemListElement":[{"@type":"ListItem","position":1,"name":"S\u0101kums","item":"https:\/\/mmkriepas.lv\/en\/"},{"@type":"ListItem","position":2,"name":"235\/45R17 Sava Intensa UHP 2 97Y XL"}]},{"@type":"WebSite","@id":"https:\/\/mmkriepas.lv\/en\/#website","url":"https:\/\/mmkriepas.lv\/en\/","name":"MMK Riepas","description":"MMK Riepas","alternateName":"MMK Riepu Serviss","potentialAction":[{"@type":"SearchAction","target":{"@type":"EntryPoint","urlTemplate":"https:\/\/mmkriepas.lv\/en\/?s={search_term_string}"},"query-input":{"@type":"PropertyValueSpecification","valueRequired":true,"valueName":"search_term_string"}}],"inLanguage":"en-US"},{"@type":"ImageObject","inLanguage":"en-US","@id":"https:\/\/mmkriepas.lv\/en\/p\/235-45r17-sava-intensa-uhp-2-97y-xl\/#local-main-organization-logo","url":"","contentUrl":"","caption":"MMK Riepas"}]},"product_price_amount":"86.00","product_price_currency":"EUR","og_availability":"instock","product_availability":"instock","product_retailer_item_id":"TS2354517Sava-E19774","product_condition":"new"},"_links":{"self":[{"href":"https:\/\/mmkriepas.lv\/en\/wp-json\/wp\/v2\/product\/602900","targetHints":{"allow":["GET"]}}],"collection":[{"href":"https:\/\/mmkriepas.lv\/en\/wp-json\/wp\/v2\/product"}],"about":[{"href":"https:\/\/mmkriepas.lv\/en\/wp-json\/wp\/v2\/types\/product"}],"wp:featuredmedia":[{"embeddable":true,"href":"https:\/\/mmkriepas.lv\/en\/wp-json\/wp\/v2\/media\/602899"}],"wp:attachment":[{"href":"https:\/\/mmkriepas.lv\/en\/wp-json\/wp\/v2\/media?parent=602900"}],"wp:term":[{"taxonomy":"product_brand","embeddable":true,"href":"https:\/\/mmkriepas.lv\/en\/wp-json\/wp\/v2\/product_brand?post=602900"},{"taxonomy":"product_cat","embeddable":true,"href":"https:\/\/mmkriepas.lv\/en\/wp-json\/wp\/v2\/product_cat?post=602900"},{"taxonomy":"product_tag","embeddable":true,"href":"https:\/\/mmkriepas.lv\/en\/wp-json\/wp\/v2\/product_tag?post=602900"}],"curies":[{"name":"wp","href":"https:\/\/api.w.org\/{rel}","templated":true}]}}