{"id":602818,"date":"2023-02-10T00:10:42","date_gmt":"2023-02-09T22:10:42","guid":{"rendered":"https:\/\/mmkserviss.lv\/?post_type=product&#038;p=602818"},"modified":"2026-04-05T21:30:49","modified_gmt":"2026-04-05T18:30:49","slug":"215-65r16-sava-eskimo-ice-98t","status":"publish","type":"product","link":"https:\/\/mmkriepas.lv\/en\/p\/215-65r16-sava-eskimo-ice-98t\/","title":{"rendered":"215\/65R16 Sava Eskimo Ice 98T"},"content":{"rendered":"<p><span style=\"font-family: Arial, sans-serif;\"><b>Sava Eskimo Ice<\/b> ir ziemas riepas, kas paredz\u0113tas vieglaj\u0101m automa\u0161\u012bn\u0101m un izce\u013cas ar lab\u0101m veiktsp\u0113jas \u012bpa\u0161\u012bb\u0101m teju jebk\u0101dos brauk\u0161anas apst\u0101k\u013cos. \u0160\u012b mode\u013ca izgatavo\u0161an\u0101 piedal\u012bj\u0101s <b>Goodyear<\/b> in\u017eenieri.<\/span><\/p>\n<h3 class=\"western\"><span style=\"font-family: Arial, sans-serif;\"><b>Sava Eskimo Ice galven\u0101s iez\u012bmes<\/b><\/span><\/h3>\n<p><span style=\"font-family: Arial, sans-serif;\">+ Laba manevr\u0113tsp\u0113ja un sa\u0137ere snieg\u0101 un uz mitra seguma!<\/span><\/p>\n<p><span style=\"font-family: Arial, sans-serif;\">+ Degvielas ekonomija!<\/span><\/p>\n<p><span style=\"font-family: Arial, sans-serif;\">+ Goodyear tehnolo\u0123ijas!<\/span><\/p>\n<p><span style=\"font-family: Arial, sans-serif;\">+ Liels lame\u013cu skaits!<\/span><\/p>\n<p><span style=\"font-family: Arial, sans-serif;\">+ Palielin\u0101ts protektora dzi\u013cums!<\/span><\/p>\n<p><span style=\"font-family: Arial, sans-serif;\">+ Palielin\u0101ta sa\u0137eres virsma!<\/span><\/p>\n<h3 class=\"western\"><span style=\"font-family: Arial, sans-serif;\"><b>Eskimo Ice apr\u012bkojums<\/b><\/span><\/h3>\n<p><span style=\"font-family: Arial, sans-serif;\"><b>Sava Eskimo Ice<\/b> protetora raksts apr\u012bkots ar ziemas riep\u0101m izplat\u012bto virz\u012bto protektora rakstu, ta\u010du tam veikta vesela virkne uzlabojumu. Protektora bloku forma izveidota ar as\u0101m mal\u0101m, kas lieliski veido sa\u0137eri ar sniegu. Protektora blokos iestr\u0101d\u0101ts milz\u012bgs skaits lame\u013cu, kas, aizvietojot radzes, ar as\u0101m kant\u0113m iec\u0113rtas led\u016b, ar slideno virsmu veidojot sa\u0137eri. Riepa izgatavota no augstas kvalit\u0101tes gumijas mais\u012bjuma, kas papildin\u0101ts ar elementiem, liekot riepai saglab\u0101t elast\u012bbu zem\u0101s gaisa temperat\u016br\u0101s. Elast\u012bga riepa daudz lab\u0101k veido sa\u0137eri ar ce\u013cu.<\/span><\/p>\n<p><span style=\"font-family: Arial, sans-serif;\"><b>Sava Eskimo Ice<\/b> mode\u013ca lieto\u0161anas dro\u0161\u012bbu ziemas laika apst\u0101k\u013cos un t\u0101 atbilst\u012bbu valst\u012bm ar oblig\u0101tu sezon\u0101lo riepu mai\u0146u apstiprina mar\u0137\u0113jums sniegp\u0101rslas form\u0101 uz kalna fona ar trim virsotn\u0113m (3PMSF).<\/span><\/p>\n","protected":false},"excerpt":{"rendered":"<p><span style=\"font-family: Arial, sans-serif;\"><b>Sava Eskimo Ice<\/b> ir ziemas riepas, kas paredz\u0113tas vieglaj\u0101m automa\u0161\u012bn\u0101m un izce\u013cas ar lab\u0101m veiktsp\u0113jas \u012bpa\u0161\u012bb\u0101m teju jebk\u0101dos brauk\u0161anas apst\u0101k\u013cos. \u0160\u012b mode\u013ca izgatavo\u0161an\u0101 piedal\u012bj\u0101s <b>Goodyear<\/b> in\u017eenieri.<\/span><\/p>\n","protected":false},"featured_media":1148896,"template":"","meta":{"_acf_changed":false,"ngg_post_thumbnail":0},"product_brand":[],"product_cat":[47,45],"product_tag":[],"class_list":{"0":"post-602818","1":"product","2":"type-product","3":"status-publish","4":"has-post-thumbnail","6":"product_cat-vissezonas-riepas","7":"product_cat-ziemas-riepas","9":"first","10":"instock","11":"sale","12":"taxable","13":"shipping-taxable","14":"purchasable","15":"product-type-simple"},"acf":[],"yoast_head":"<!-- This site is optimized with the Yoast SEO Premium plugin v22.6 (Yoast SEO v27.3) - https:\/\/yoast.com\/product\/yoast-seo-premium-wordpress\/ -->\n<title>215\/65R16 Sava Eskimo Ice 98T &#8226; MMK Riepas<\/title>\n<meta name=\"robots\" content=\"index, follow, max-snippet:-1, max-image-preview:large, max-video-preview:-1\" \/>\n<link rel=\"canonical\" href=\"https:\/\/mmkriepas.lv\/en\/p\/215-65r16-sava-eskimo-ice-98t\/\" \/>\n<meta property=\"og:locale\" content=\"en_US\" \/>\n<meta property=\"og:type\" content=\"article\" \/>\n<meta property=\"og:title\" content=\"215\/65R16 Sava Eskimo Ice 98T\" \/>\n<meta property=\"og:description\" content=\"Sava Eskimo Ice ir ziemas riepas, kas paredz\u0113tas vieglaj\u0101m automa\u0161\u012bn\u0101m un izce\u013cas ar lab\u0101m veiktsp\u0113jas \u012bpa\u0161\u012bb\u0101m teju jebk\u0101dos brauk\u0161anas apst\u0101k\u013cos. \u0160\u012b mode\u013ca izgatavo\u0161an\u0101 piedal\u012bj\u0101s Goodyear in\u017eenieri.\" \/>\n<meta property=\"og:url\" content=\"https:\/\/mmkriepas.lv\/en\/p\/215-65r16-sava-eskimo-ice-98t\/\" \/>\n<meta property=\"og:site_name\" content=\"MMK Riepas\" \/>\n<meta property=\"article:publisher\" content=\"https:\/\/www.facebook.com\/mmkserviss\/\" \/>\n<meta property=\"article:modified_time\" content=\"2026-04-05T18:30:49+00:00\" \/>\n<meta property=\"og:image\" content=\"https:\/\/mmkriepas.lv\/wp-content\/uploads\/2025\/01\/SAVA-ESKIMO-ICE.jpg\" \/>\n\t<meta property=\"og:image:width\" content=\"900\" \/>\n\t<meta property=\"og:image:height\" content=\"720\" \/>\n\t<meta property=\"og:image:type\" content=\"image\/jpeg\" \/>\n<meta name=\"twitter:card\" content=\"summary_large_image\" \/>\n<meta name=\"twitter:label1\" content=\"Price\" \/>\n\t<meta name=\"twitter:data1\" content=\"&euro;95.00\" \/>\n\t<meta name=\"twitter:label2\" content=\"Availability\" \/>\n\t<meta name=\"twitter:data2\" content=\"In stock\" \/>\n<script type=\"application\/ld+json\" class=\"yoast-schema-graph\">{\"@context\":\"https:\\\/\\\/schema.org\",\"@graph\":[{\"@type\":\"WebPage\",\"@id\":\"https:\\\/\\\/mmkriepas.lv\\\/en\\\/p\\\/215-65r16-sava-eskimo-ice-98t\\\/\",\"url\":\"https:\\\/\\\/mmkriepas.lv\\\/en\\\/p\\\/215-65r16-sava-eskimo-ice-98t\\\/\",\"name\":\"215\\\/65R16 Sava Eskimo Ice 98T &#8226; MMK Riepas\",\"isPartOf\":{\"@id\":\"https:\\\/\\\/mmkriepas.lv\\\/en\\\/#website\"},\"primaryImageOfPage\":{\"@id\":\"https:\\\/\\\/mmkriepas.lv\\\/en\\\/p\\\/215-65r16-sava-eskimo-ice-98t\\\/#primaryimage\"},\"image\":{\"@id\":\"https:\\\/\\\/mmkriepas.lv\\\/en\\\/p\\\/215-65r16-sava-eskimo-ice-98t\\\/#primaryimage\"},\"thumbnailUrl\":\"https:\\\/\\\/mmkriepas.lv\\\/wp-content\\\/uploads\\\/2025\\\/01\\\/SAVA-ESKIMO-ICE.jpg\",\"datePublished\":\"2023-02-09T22:10:42+00:00\",\"dateModified\":\"2026-04-05T18:30:49+00:00\",\"breadcrumb\":{\"@id\":\"https:\\\/\\\/mmkriepas.lv\\\/en\\\/p\\\/215-65r16-sava-eskimo-ice-98t\\\/#breadcrumb\"},\"inLanguage\":\"en-US\",\"potentialAction\":[{\"@type\":\"ReadAction\",\"target\":[\"https:\\\/\\\/mmkriepas.lv\\\/en\\\/p\\\/215-65r16-sava-eskimo-ice-98t\\\/\"]}]},{\"@type\":\"ImageObject\",\"inLanguage\":\"en-US\",\"@id\":\"https:\\\/\\\/mmkriepas.lv\\\/en\\\/p\\\/215-65r16-sava-eskimo-ice-98t\\\/#primaryimage\",\"url\":\"https:\\\/\\\/mmkriepas.lv\\\/wp-content\\\/uploads\\\/2025\\\/01\\\/SAVA-ESKIMO-ICE.jpg\",\"contentUrl\":\"https:\\\/\\\/mmkriepas.lv\\\/wp-content\\\/uploads\\\/2025\\\/01\\\/SAVA-ESKIMO-ICE.jpg\",\"width\":900,\"height\":720,\"caption\":\"MAIN\"},{\"@type\":\"BreadcrumbList\",\"@id\":\"https:\\\/\\\/mmkriepas.lv\\\/en\\\/p\\\/215-65r16-sava-eskimo-ice-98t\\\/#breadcrumb\",\"itemListElement\":[{\"@type\":\"ListItem\",\"position\":1,\"name\":\"S\u0101kums\",\"item\":\"https:\\\/\\\/mmkriepas.lv\\\/en\\\/\"},{\"@type\":\"ListItem\",\"position\":2,\"name\":\"215\\\/65R16 Sava Eskimo Ice 98T\"}]},{\"@type\":\"WebSite\",\"@id\":\"https:\\\/\\\/mmkriepas.lv\\\/en\\\/#website\",\"url\":\"https:\\\/\\\/mmkriepas.lv\\\/en\\\/\",\"name\":\"MMK Riepas\",\"description\":\"MMK Riepas\",\"alternateName\":\"MMK Riepu Serviss\",\"potentialAction\":[{\"@type\":\"SearchAction\",\"target\":{\"@type\":\"EntryPoint\",\"urlTemplate\":\"https:\\\/\\\/mmkriepas.lv\\\/en\\\/?s={search_term_string}\"},\"query-input\":{\"@type\":\"PropertyValueSpecification\",\"valueRequired\":true,\"valueName\":\"search_term_string\"}}],\"inLanguage\":\"en-US\"},{\"@type\":\"ImageObject\",\"inLanguage\":\"en-US\",\"@id\":\"https:\\\/\\\/mmkriepas.lv\\\/en\\\/p\\\/215-65r16-sava-eskimo-ice-98t\\\/#local-main-organization-logo\",\"url\":\"\",\"contentUrl\":\"\",\"caption\":\"MMK Riepas\"}]}<\/script>\n<meta property=\"product:brand\" content=\"Sava Eskimo Ice\" \/>\n<meta property=\"product:price:amount\" content=\"95.00\" \/>\n<meta property=\"product:price:currency\" content=\"EUR\" \/>\n<meta property=\"og:availability\" content=\"instock\" \/>\n<meta property=\"product:availability\" content=\"instock\" \/>\n<meta property=\"product:retailer_item_id\" content=\"TW2156516Sava-E19747\" \/>\n<meta property=\"product:condition\" content=\"new\" \/>\n<!-- \/ Yoast SEO Premium plugin. -->","yoast_head_json":{"title":"215\/65R16 Sava Eskimo Ice 98T &#8226; MMK Riepas","robots":{"index":"index","follow":"follow","max-snippet":"max-snippet:-1","max-image-preview":"max-image-preview:large","max-video-preview":"max-video-preview:-1"},"canonical":"https:\/\/mmkriepas.lv\/en\/p\/215-65r16-sava-eskimo-ice-98t\/","og_locale":"en_US","og_type":"article","og_title":"215\/65R16 Sava Eskimo Ice 98T","og_description":"Sava Eskimo Ice ir ziemas riepas, kas paredz\u0113tas vieglaj\u0101m automa\u0161\u012bn\u0101m un izce\u013cas ar lab\u0101m veiktsp\u0113jas \u012bpa\u0161\u012bb\u0101m teju jebk\u0101dos brauk\u0161anas apst\u0101k\u013cos. \u0160\u012b mode\u013ca izgatavo\u0161an\u0101 piedal\u012bj\u0101s Goodyear in\u017eenieri.","og_url":"https:\/\/mmkriepas.lv\/en\/p\/215-65r16-sava-eskimo-ice-98t\/","og_site_name":"MMK Riepas","article_publisher":"https:\/\/www.facebook.com\/mmkserviss\/","article_modified_time":"2026-04-05T18:30:49+00:00","og_image":[{"width":900,"height":720,"url":"https:\/\/mmkriepas.lv\/wp-content\/uploads\/2025\/01\/SAVA-ESKIMO-ICE.jpg","type":"image\/jpeg"}],"twitter_card":"summary_large_image","twitter_misc":{"Price":"&euro;95.00","Availability":"In stock"},"schema":{"@context":"https:\/\/schema.org","@graph":[{"@type":"WebPage","@id":"https:\/\/mmkriepas.lv\/en\/p\/215-65r16-sava-eskimo-ice-98t\/","url":"https:\/\/mmkriepas.lv\/en\/p\/215-65r16-sava-eskimo-ice-98t\/","name":"215\/65R16 Sava Eskimo Ice 98T &#8226; MMK Riepas","isPartOf":{"@id":"https:\/\/mmkriepas.lv\/en\/#website"},"primaryImageOfPage":{"@id":"https:\/\/mmkriepas.lv\/en\/p\/215-65r16-sava-eskimo-ice-98t\/#primaryimage"},"image":{"@id":"https:\/\/mmkriepas.lv\/en\/p\/215-65r16-sava-eskimo-ice-98t\/#primaryimage"},"thumbnailUrl":"https:\/\/mmkriepas.lv\/wp-content\/uploads\/2025\/01\/SAVA-ESKIMO-ICE.jpg","datePublished":"2023-02-09T22:10:42+00:00","dateModified":"2026-04-05T18:30:49+00:00","breadcrumb":{"@id":"https:\/\/mmkriepas.lv\/en\/p\/215-65r16-sava-eskimo-ice-98t\/#breadcrumb"},"inLanguage":"en-US","potentialAction":[{"@type":"ReadAction","target":["https:\/\/mmkriepas.lv\/en\/p\/215-65r16-sava-eskimo-ice-98t\/"]}]},{"@type":"ImageObject","inLanguage":"en-US","@id":"https:\/\/mmkriepas.lv\/en\/p\/215-65r16-sava-eskimo-ice-98t\/#primaryimage","url":"https:\/\/mmkriepas.lv\/wp-content\/uploads\/2025\/01\/SAVA-ESKIMO-ICE.jpg","contentUrl":"https:\/\/mmkriepas.lv\/wp-content\/uploads\/2025\/01\/SAVA-ESKIMO-ICE.jpg","width":900,"height":720,"caption":"MAIN"},{"@type":"BreadcrumbList","@id":"https:\/\/mmkriepas.lv\/en\/p\/215-65r16-sava-eskimo-ice-98t\/#breadcrumb","itemListElement":[{"@type":"ListItem","position":1,"name":"S\u0101kums","item":"https:\/\/mmkriepas.lv\/en\/"},{"@type":"ListItem","position":2,"name":"215\/65R16 Sava Eskimo Ice 98T"}]},{"@type":"WebSite","@id":"https:\/\/mmkriepas.lv\/en\/#website","url":"https:\/\/mmkriepas.lv\/en\/","name":"MMK Riepas","description":"MMK Riepas","alternateName":"MMK Riepu Serviss","potentialAction":[{"@type":"SearchAction","target":{"@type":"EntryPoint","urlTemplate":"https:\/\/mmkriepas.lv\/en\/?s={search_term_string}"},"query-input":{"@type":"PropertyValueSpecification","valueRequired":true,"valueName":"search_term_string"}}],"inLanguage":"en-US"},{"@type":"ImageObject","inLanguage":"en-US","@id":"https:\/\/mmkriepas.lv\/en\/p\/215-65r16-sava-eskimo-ice-98t\/#local-main-organization-logo","url":"","contentUrl":"","caption":"MMK Riepas"}]},"product_brand":"Sava Eskimo Ice","product_price_amount":"95.00","product_price_currency":"EUR","og_availability":"instock","product_availability":"instock","product_retailer_item_id":"TW2156516Sava-E19747","product_condition":"new"},"_links":{"self":[{"href":"https:\/\/mmkriepas.lv\/en\/wp-json\/wp\/v2\/product\/602818","targetHints":{"allow":["GET"]}}],"collection":[{"href":"https:\/\/mmkriepas.lv\/en\/wp-json\/wp\/v2\/product"}],"about":[{"href":"https:\/\/mmkriepas.lv\/en\/wp-json\/wp\/v2\/types\/product"}],"wp:featuredmedia":[{"embeddable":true,"href":"https:\/\/mmkriepas.lv\/en\/wp-json\/wp\/v2\/media\/1148896"}],"wp:attachment":[{"href":"https:\/\/mmkriepas.lv\/en\/wp-json\/wp\/v2\/media?parent=602818"}],"wp:term":[{"taxonomy":"product_brand","embeddable":true,"href":"https:\/\/mmkriepas.lv\/en\/wp-json\/wp\/v2\/product_brand?post=602818"},{"taxonomy":"product_cat","embeddable":true,"href":"https:\/\/mmkriepas.lv\/en\/wp-json\/wp\/v2\/product_cat?post=602818"},{"taxonomy":"product_tag","embeddable":true,"href":"https:\/\/mmkriepas.lv\/en\/wp-json\/wp\/v2\/product_tag?post=602818"}],"curies":[{"name":"wp","href":"https:\/\/api.w.org\/{rel}","templated":true}]}}