{"id":602800,"date":"2023-02-10T00:10:12","date_gmt":"2023-02-09T22:10:12","guid":{"rendered":"https:\/\/mmkserviss.lv\/?post_type=product&#038;p=602800"},"modified":"2026-04-05T20:36:29","modified_gmt":"2026-04-05T17:36:29","slug":"205-55r16-sava-eskimo-stud-91t-ar-radzem","status":"publish","type":"product","link":"https:\/\/mmkriepas.lv\/en\/p\/205-55r16-sava-eskimo-stud-91t-ar-radzem\/","title":{"rendered":"205\/55R16 Sava Eskimo Stud 91T ar radz\u0113m"},"content":{"rendered":"<p><b>Sava Eskimo Stud<\/b><span style=\"font-weight: 400;\"> ir rad\u017eojams ziemas riepu modelis, kas piem\u0113rots vieglaj\u0101m automa\u0161\u012bn\u0101m un izce\u013cas ar augst\u0101m veiktsp\u0113jas \u012bpa\u0161\u012bb\u0101m skarb\u0101kajos brauk\u0161anas apst\u0101k\u013cos. \u0160is modelis ir moderniz\u0113ta <\/span><b>Goodyear UltraGrip Extreme<\/b><span style=\"font-weight: 400;\"> versija.<\/span><\/p>\n<h3><b>Sava Eskimo Stud galven\u0101s iez\u012bmes<\/b><\/h3>\n<p><span style=\"font-weight: 400;\">+ Laba cenas\/veiktsp\u0113jas attiec\u012bba!<\/span><\/p>\n<p><span style=\"font-weight: 400;\">+ Goodyear tehnolo\u0123ijas!<\/span><\/p>\n<p><span style=\"font-weight: 400;\">+ Optimiz\u0113ts V-veida protektora raksts!<\/span><\/p>\n<p><span style=\"font-weight: 400;\">+ Uzlabots gumijas sast\u0101vs!<\/span><\/p>\n<p><span style=\"font-weight: 400;\">+ Jau atz\u012bts un sabiedr\u012bbai paz\u012bstams ziemas riepu modelis!<\/span><\/p>\n<h3><b>Eskimo Stud apr\u012bkojums<\/b><\/h3>\n<p><span style=\"font-weight: 400;\">T\u0101 k\u0101 \u0161is ra\u017eot\u0101js pieder Goodyear grupai, Sava Eskimo Stud ziemas riepas ir balst\u012btas uz jau iepriek\u0161 veiksm\u012bgo Goodyear Ultra Grip Extreme modeli. Eskimo Stud ir apr\u012bkotas ar V- veida protektora rakstu ar augsti att\u012bst\u012btu dren\u0101\u017eas kan\u0101lu sist\u0113mu un radz\u0113m.<\/span> <span style=\"font-weight: 400;\">Riepas darin\u0101tas un elastrom\u0113riem bag\u0101ta gumijas mais\u012bjuma, kas liek riepai saglab\u0101t elast\u012bbu zem\u0101s gaisa temperat\u016br\u0101s. Elast\u012bga riepa daudz lab\u0101k veido sa\u0137eri ar ce\u013ca virsmu.<\/span> <span style=\"font-weight: 400;\">V- veid\u0101 izvietotajos protektora blokos bl\u012bvi iestr\u0101d\u0101ti vair\u0101ki t\u016bksto\u0161i lame\u013cu, kas ne tikai uzlabo sa\u0137eri ar ledu, bet ar\u012b pal\u012bdz no sa\u0137eres virsmas novad\u012bt \u016bdeni. \u0160\u012bs lameles veidotas p\u0113c 3D-Bis tehnologijas, kas gaitu padara klus\u0101ku un bremz\u0113\u0161anas ce\u013cu- \u012bs\u0101ku.<\/span> <span style=\"font-weight: 400;\">Riepas rad\u017eo\u0161anai izmantota <\/span><b>Active Stud<\/b><span style=\"font-weight: 400;\"> tehnolo\u0123ija. \u0160o tehnolo\u0123iju Goodyear izmanto jau gadiem un t\u0101 ir pier\u0101d\u012bjusi sevi skarb\u0101kajos no brauk\u0161anas apst\u0101k\u013ciem. \u0160\u012bs riepas radz\u0113m piem\u012bt se\u0161as kantes, kas iec\u0113rtas led\u016b, ar slideno virsmu veidojot dzel\u0161ainu sa\u0137eri.<\/span><\/p><\/p>\n","protected":false},"excerpt":{"rendered":"<p><b>Sava Eskimo Stud<\/b><span style=\"font-weight: 400;\"> ir rad\u017eojams ziemas riepu modelis, kas piem\u0113rots vieglaj\u0101m automa\u0161\u012bn\u0101m un izce\u013cas ar augst\u0101m veiktsp\u0113jas \u012bpa\u0161\u012bb\u0101m skarb\u0101kajos brauk\u0161anas apst\u0101k\u013cos. \u0160is modelis ir moderniz\u0113ta <\/span><b>Goodyear UltraGrip Extreme<\/b><span style=\"font-weight: 400;\"> versija.<\/span><\/p>\n","protected":false},"featured_media":1079612,"template":"","meta":{"_acf_changed":false,"ngg_post_thumbnail":0},"product_brand":[],"product_cat":[45,48],"product_tag":[],"class_list":{"0":"post-602800","1":"product","2":"type-product","3":"status-publish","4":"has-post-thumbnail","6":"product_cat-ziemas-riepas","7":"product_cat-ziemas-ar-radzem","9":"first","10":"instock","11":"sale","12":"taxable","13":"shipping-taxable","14":"purchasable","15":"product-type-simple"},"acf":[],"yoast_head":"<!-- This site is optimized with the Yoast SEO Premium plugin v22.6 (Yoast SEO v27.3) - https:\/\/yoast.com\/product\/yoast-seo-premium-wordpress\/ -->\n<title>205\/55R16 Sava Eskimo Stud 91T ar radz\u0113m &#8226; MMK Riepas<\/title>\n<meta name=\"robots\" content=\"index, follow, max-snippet:-1, max-image-preview:large, max-video-preview:-1\" \/>\n<link rel=\"canonical\" href=\"https:\/\/mmkriepas.lv\/en\/p\/205-55r16-sava-eskimo-stud-91t-ar-radzem\/\" \/>\n<meta property=\"og:locale\" content=\"en_US\" \/>\n<meta property=\"og:type\" content=\"article\" \/>\n<meta property=\"og:title\" content=\"205\/55R16 Sava Eskimo Stud 91T ar radz\u0113m\" \/>\n<meta property=\"og:description\" content=\"Sava Eskimo Stud ir rad\u017eojams ziemas riepu modelis, kas piem\u0113rots vieglaj\u0101m automa\u0161\u012bn\u0101m un izce\u013cas ar augst\u0101m veiktsp\u0113jas \u012bpa\u0161\u012bb\u0101m skarb\u0101kajos brauk\u0161anas apst\u0101k\u013cos. \u0160is modelis ir moderniz\u0113ta Goodyear UltraGrip Extreme versija.\" \/>\n<meta property=\"og:url\" content=\"https:\/\/mmkriepas.lv\/en\/p\/205-55r16-sava-eskimo-stud-91t-ar-radzem\/\" \/>\n<meta property=\"og:site_name\" content=\"MMK Riepas\" \/>\n<meta property=\"article:publisher\" content=\"https:\/\/www.facebook.com\/mmkserviss\/\" \/>\n<meta property=\"article:modified_time\" content=\"2026-04-05T17:36:29+00:00\" \/>\n<meta property=\"og:image\" content=\"https:\/\/mmkriepas.lv\/wp-content\/uploads\/2024\/09\/SAVA-ESKIMO-STUD-AR-RADZEM.jpg\" \/>\n\t<meta property=\"og:image:width\" content=\"900\" \/>\n\t<meta property=\"og:image:height\" content=\"720\" \/>\n\t<meta property=\"og:image:type\" content=\"image\/jpeg\" \/>\n<meta name=\"twitter:card\" content=\"summary_large_image\" \/>\n<meta name=\"twitter:label1\" content=\"Price\" \/>\n\t<meta name=\"twitter:data1\" content=\"&euro;86.00\" \/>\n\t<meta name=\"twitter:label2\" content=\"Availability\" \/>\n\t<meta name=\"twitter:data2\" content=\"In stock\" \/>\n<script type=\"application\/ld+json\" class=\"yoast-schema-graph\">{\"@context\":\"https:\\\/\\\/schema.org\",\"@graph\":[{\"@type\":\"WebPage\",\"@id\":\"https:\\\/\\\/mmkriepas.lv\\\/en\\\/p\\\/205-55r16-sava-eskimo-stud-91t-ar-radzem\\\/\",\"url\":\"https:\\\/\\\/mmkriepas.lv\\\/en\\\/p\\\/205-55r16-sava-eskimo-stud-91t-ar-radzem\\\/\",\"name\":\"205\\\/55R16 Sava Eskimo Stud 91T ar radz\u0113m &#8226; MMK Riepas\",\"isPartOf\":{\"@id\":\"https:\\\/\\\/mmkriepas.lv\\\/en\\\/#website\"},\"primaryImageOfPage\":{\"@id\":\"https:\\\/\\\/mmkriepas.lv\\\/en\\\/p\\\/205-55r16-sava-eskimo-stud-91t-ar-radzem\\\/#primaryimage\"},\"image\":{\"@id\":\"https:\\\/\\\/mmkriepas.lv\\\/en\\\/p\\\/205-55r16-sava-eskimo-stud-91t-ar-radzem\\\/#primaryimage\"},\"thumbnailUrl\":\"https:\\\/\\\/mmkriepas.lv\\\/wp-content\\\/uploads\\\/2024\\\/09\\\/SAVA-ESKIMO-STUD-AR-RADZEM.jpg\",\"datePublished\":\"2023-02-09T22:10:12+00:00\",\"dateModified\":\"2026-04-05T17:36:29+00:00\",\"breadcrumb\":{\"@id\":\"https:\\\/\\\/mmkriepas.lv\\\/en\\\/p\\\/205-55r16-sava-eskimo-stud-91t-ar-radzem\\\/#breadcrumb\"},\"inLanguage\":\"en-US\",\"potentialAction\":[{\"@type\":\"ReadAction\",\"target\":[\"https:\\\/\\\/mmkriepas.lv\\\/en\\\/p\\\/205-55r16-sava-eskimo-stud-91t-ar-radzem\\\/\"]}]},{\"@type\":\"ImageObject\",\"inLanguage\":\"en-US\",\"@id\":\"https:\\\/\\\/mmkriepas.lv\\\/en\\\/p\\\/205-55r16-sava-eskimo-stud-91t-ar-radzem\\\/#primaryimage\",\"url\":\"https:\\\/\\\/mmkriepas.lv\\\/wp-content\\\/uploads\\\/2024\\\/09\\\/SAVA-ESKIMO-STUD-AR-RADZEM.jpg\",\"contentUrl\":\"https:\\\/\\\/mmkriepas.lv\\\/wp-content\\\/uploads\\\/2024\\\/09\\\/SAVA-ESKIMO-STUD-AR-RADZEM.jpg\",\"width\":900,\"height\":720,\"caption\":\"MAIN\"},{\"@type\":\"BreadcrumbList\",\"@id\":\"https:\\\/\\\/mmkriepas.lv\\\/en\\\/p\\\/205-55r16-sava-eskimo-stud-91t-ar-radzem\\\/#breadcrumb\",\"itemListElement\":[{\"@type\":\"ListItem\",\"position\":1,\"name\":\"S\u0101kums\",\"item\":\"https:\\\/\\\/mmkriepas.lv\\\/en\\\/\"},{\"@type\":\"ListItem\",\"position\":2,\"name\":\"205\\\/55R16 Sava Eskimo Stud 91T ar radz\u0113m\"}]},{\"@type\":\"WebSite\",\"@id\":\"https:\\\/\\\/mmkriepas.lv\\\/en\\\/#website\",\"url\":\"https:\\\/\\\/mmkriepas.lv\\\/en\\\/\",\"name\":\"MMK Riepas\",\"description\":\"MMK Riepas\",\"alternateName\":\"MMK Riepu Serviss\",\"potentialAction\":[{\"@type\":\"SearchAction\",\"target\":{\"@type\":\"EntryPoint\",\"urlTemplate\":\"https:\\\/\\\/mmkriepas.lv\\\/en\\\/?s={search_term_string}\"},\"query-input\":{\"@type\":\"PropertyValueSpecification\",\"valueRequired\":true,\"valueName\":\"search_term_string\"}}],\"inLanguage\":\"en-US\"},{\"@type\":\"ImageObject\",\"inLanguage\":\"en-US\",\"@id\":\"https:\\\/\\\/mmkriepas.lv\\\/en\\\/p\\\/205-55r16-sava-eskimo-stud-91t-ar-radzem\\\/#local-main-organization-logo\",\"url\":\"\",\"contentUrl\":\"\",\"caption\":\"MMK Riepas\"}]}<\/script>\n<meta property=\"product:brand\" content=\"Sava Eskimo Stud\" \/>\n<meta property=\"product:price:amount\" content=\"86.00\" \/>\n<meta property=\"product:price:currency\" content=\"EUR\" \/>\n<meta property=\"og:availability\" content=\"instock\" \/>\n<meta property=\"product:availability\" content=\"instock\" \/>\n<meta property=\"product:retailer_item_id\" content=\"TR2055516Sava-E19741\" \/>\n<meta property=\"product:condition\" content=\"new\" \/>\n<!-- \/ Yoast SEO Premium plugin. -->","yoast_head_json":{"title":"205\/55R16 Sava Eskimo Stud 91T ar radz\u0113m &#8226; MMK Riepas","robots":{"index":"index","follow":"follow","max-snippet":"max-snippet:-1","max-image-preview":"max-image-preview:large","max-video-preview":"max-video-preview:-1"},"canonical":"https:\/\/mmkriepas.lv\/en\/p\/205-55r16-sava-eskimo-stud-91t-ar-radzem\/","og_locale":"en_US","og_type":"article","og_title":"205\/55R16 Sava Eskimo Stud 91T ar radz\u0113m","og_description":"Sava Eskimo Stud ir rad\u017eojams ziemas riepu modelis, kas piem\u0113rots vieglaj\u0101m automa\u0161\u012bn\u0101m un izce\u013cas ar augst\u0101m veiktsp\u0113jas \u012bpa\u0161\u012bb\u0101m skarb\u0101kajos brauk\u0161anas apst\u0101k\u013cos. \u0160is modelis ir moderniz\u0113ta Goodyear UltraGrip Extreme versija.","og_url":"https:\/\/mmkriepas.lv\/en\/p\/205-55r16-sava-eskimo-stud-91t-ar-radzem\/","og_site_name":"MMK Riepas","article_publisher":"https:\/\/www.facebook.com\/mmkserviss\/","article_modified_time":"2026-04-05T17:36:29+00:00","og_image":[{"width":900,"height":720,"url":"https:\/\/mmkriepas.lv\/wp-content\/uploads\/2024\/09\/SAVA-ESKIMO-STUD-AR-RADZEM.jpg","type":"image\/jpeg"}],"twitter_card":"summary_large_image","twitter_misc":{"Price":"&euro;86.00","Availability":"In stock"},"schema":{"@context":"https:\/\/schema.org","@graph":[{"@type":"WebPage","@id":"https:\/\/mmkriepas.lv\/en\/p\/205-55r16-sava-eskimo-stud-91t-ar-radzem\/","url":"https:\/\/mmkriepas.lv\/en\/p\/205-55r16-sava-eskimo-stud-91t-ar-radzem\/","name":"205\/55R16 Sava Eskimo Stud 91T ar radz\u0113m &#8226; MMK Riepas","isPartOf":{"@id":"https:\/\/mmkriepas.lv\/en\/#website"},"primaryImageOfPage":{"@id":"https:\/\/mmkriepas.lv\/en\/p\/205-55r16-sava-eskimo-stud-91t-ar-radzem\/#primaryimage"},"image":{"@id":"https:\/\/mmkriepas.lv\/en\/p\/205-55r16-sava-eskimo-stud-91t-ar-radzem\/#primaryimage"},"thumbnailUrl":"https:\/\/mmkriepas.lv\/wp-content\/uploads\/2024\/09\/SAVA-ESKIMO-STUD-AR-RADZEM.jpg","datePublished":"2023-02-09T22:10:12+00:00","dateModified":"2026-04-05T17:36:29+00:00","breadcrumb":{"@id":"https:\/\/mmkriepas.lv\/en\/p\/205-55r16-sava-eskimo-stud-91t-ar-radzem\/#breadcrumb"},"inLanguage":"en-US","potentialAction":[{"@type":"ReadAction","target":["https:\/\/mmkriepas.lv\/en\/p\/205-55r16-sava-eskimo-stud-91t-ar-radzem\/"]}]},{"@type":"ImageObject","inLanguage":"en-US","@id":"https:\/\/mmkriepas.lv\/en\/p\/205-55r16-sava-eskimo-stud-91t-ar-radzem\/#primaryimage","url":"https:\/\/mmkriepas.lv\/wp-content\/uploads\/2024\/09\/SAVA-ESKIMO-STUD-AR-RADZEM.jpg","contentUrl":"https:\/\/mmkriepas.lv\/wp-content\/uploads\/2024\/09\/SAVA-ESKIMO-STUD-AR-RADZEM.jpg","width":900,"height":720,"caption":"MAIN"},{"@type":"BreadcrumbList","@id":"https:\/\/mmkriepas.lv\/en\/p\/205-55r16-sava-eskimo-stud-91t-ar-radzem\/#breadcrumb","itemListElement":[{"@type":"ListItem","position":1,"name":"S\u0101kums","item":"https:\/\/mmkriepas.lv\/en\/"},{"@type":"ListItem","position":2,"name":"205\/55R16 Sava Eskimo Stud 91T ar radz\u0113m"}]},{"@type":"WebSite","@id":"https:\/\/mmkriepas.lv\/en\/#website","url":"https:\/\/mmkriepas.lv\/en\/","name":"MMK Riepas","description":"MMK Riepas","alternateName":"MMK Riepu Serviss","potentialAction":[{"@type":"SearchAction","target":{"@type":"EntryPoint","urlTemplate":"https:\/\/mmkriepas.lv\/en\/?s={search_term_string}"},"query-input":{"@type":"PropertyValueSpecification","valueRequired":true,"valueName":"search_term_string"}}],"inLanguage":"en-US"},{"@type":"ImageObject","inLanguage":"en-US","@id":"https:\/\/mmkriepas.lv\/en\/p\/205-55r16-sava-eskimo-stud-91t-ar-radzem\/#local-main-organization-logo","url":"","contentUrl":"","caption":"MMK Riepas"}]},"product_brand":"Sava Eskimo Stud","product_price_amount":"86.00","product_price_currency":"EUR","og_availability":"instock","product_availability":"instock","product_retailer_item_id":"TR2055516Sava-E19741","product_condition":"new"},"_links":{"self":[{"href":"https:\/\/mmkriepas.lv\/en\/wp-json\/wp\/v2\/product\/602800","targetHints":{"allow":["GET"]}}],"collection":[{"href":"https:\/\/mmkriepas.lv\/en\/wp-json\/wp\/v2\/product"}],"about":[{"href":"https:\/\/mmkriepas.lv\/en\/wp-json\/wp\/v2\/types\/product"}],"wp:featuredmedia":[{"embeddable":true,"href":"https:\/\/mmkriepas.lv\/en\/wp-json\/wp\/v2\/media\/1079612"}],"wp:attachment":[{"href":"https:\/\/mmkriepas.lv\/en\/wp-json\/wp\/v2\/media?parent=602800"}],"wp:term":[{"taxonomy":"product_brand","embeddable":true,"href":"https:\/\/mmkriepas.lv\/en\/wp-json\/wp\/v2\/product_brand?post=602800"},{"taxonomy":"product_cat","embeddable":true,"href":"https:\/\/mmkriepas.lv\/en\/wp-json\/wp\/v2\/product_cat?post=602800"},{"taxonomy":"product_tag","embeddable":true,"href":"https:\/\/mmkriepas.lv\/en\/wp-json\/wp\/v2\/product_tag?post=602800"}],"curies":[{"name":"wp","href":"https:\/\/api.w.org\/{rel}","templated":true}]}}