{"id":602233,"date":"2023-02-09T23:54:53","date_gmt":"2023-02-09T21:54:53","guid":{"rendered":"https:\/\/mmkserviss.lv\/?post_type=product&#038;p=602233"},"modified":"2026-03-22T11:04:45","modified_gmt":"2026-03-22T09:04:45","slug":"255-70r18-powertrac-cityrover-113h-dot17","status":"publish","type":"product","link":"https:\/\/mmkriepas.lv\/en\/p\/255-70r18-powertrac-cityrover-113h-dot17\/","title":{"rendered":"255\/70R18 Powertrac CityRover 113H DOT17"},"content":{"rendered":"<h2>Vasaras riepas\u00a0Powertrac CityRover<\/h2>\n<p>\u00a0 Riepu ra\u017eot\u0101js un modelis:<strong>\u00a0<\/strong>Powertrac CityRover<strong>.<\/strong> Pieejami vair\u0101k k\u0101 23 izm\u0113ri! Kvalitat\u012bva riepu mont\u0101\u017ea uz vietas. <strong>MMK Serviss nov\u0113rt\u0113jums:<\/strong>\u00a0<em>&#8221;Labas vasaras riepas par \u013coti zemu cenu&#8221;.<\/em> <strong>\u00a0Powertrac CityRover\u00a0<\/strong>riepu \u012bpa\u0161\u012bbas: + laba cena + disku aizsargmalas + sal\u012bdzino\u0161i klusas riepas + uzlabots gumija sast\u0101vs, augsta nodilumistur\u012bba + \u013coti laba vad\u0101m\u012bba lietus apst\u0101k\u013cos + augsta triecieniztur\u012bba + stabilit\u0101te braucot pa nel\u012bdzenu ce\u013ca segumu + garantija<\/p>\n","protected":false},"excerpt":{"rendered":"<p>Vasaras riepas\u00a0Powertrac CityRover \u00a0 Riepu ra\u017eot\u0101js un modelis:\u00a0Powertrac CityRover. Pieejami vair\u0101k k\u0101 23 izm\u0113ri! Kvalitat\u012bva riepu mont\u0101\u017ea uz vietas. MMK Serviss nov\u0113rt\u0113jums:\u00a0&#8221;Labas vasaras riepas par \u013coti zemu cenu&#8221;. \u00a0Powertrac CityRover\u00a0riepu<\/p>\n","protected":false},"featured_media":7946,"template":"","meta":{"_acf_changed":false,"ngg_post_thumbnail":0},"product_brand":[],"product_cat":[46],"product_tag":[],"class_list":{"0":"post-602233","1":"product","2":"type-product","3":"status-publish","4":"has-post-thumbnail","6":"product_cat-vasaras-riepas","8":"first","9":"instock","10":"sale","11":"taxable","12":"shipping-taxable","13":"purchasable","14":"product-type-simple"},"acf":[],"yoast_head":"<!-- This site is optimized with the Yoast SEO Premium plugin v22.6 (Yoast SEO v27.3) - https:\/\/yoast.com\/product\/yoast-seo-premium-wordpress\/ -->\n<title>255\/70R18 Powertrac CityRover 113H DOT17 &#8226; MMK Riepas<\/title>\n<meta name=\"robots\" content=\"index, follow, max-snippet:-1, max-image-preview:large, max-video-preview:-1\" \/>\n<link rel=\"canonical\" href=\"https:\/\/mmkriepas.lv\/en\/p\/255-70r18-powertrac-cityrover-113h-dot17\/\" \/>\n<meta property=\"og:locale\" content=\"en_US\" \/>\n<meta property=\"og:type\" content=\"article\" \/>\n<meta property=\"og:title\" content=\"255\/70R18 Powertrac CityRover 113H DOT17\" \/>\n<meta property=\"og:description\" content=\"Vasaras riepas\u00a0Powertrac CityRover \u00a0 Riepu ra\u017eot\u0101js un modelis:\u00a0Powertrac CityRover. Pieejami vair\u0101k k\u0101 23 izm\u0113ri! Kvalitat\u012bva riepu mont\u0101\u017ea uz vietas. MMK Serviss nov\u0113rt\u0113jums:\u00a0&#8221;Labas vasaras riepas par \u013coti zemu cenu&#8221;. \u00a0Powertrac CityRover\u00a0riepu\" \/>\n<meta property=\"og:url\" content=\"https:\/\/mmkriepas.lv\/en\/p\/255-70r18-powertrac-cityrover-113h-dot17\/\" \/>\n<meta property=\"og:site_name\" content=\"MMK Riepas\" \/>\n<meta property=\"article:publisher\" content=\"https:\/\/www.facebook.com\/mmkserviss\/\" \/>\n<meta property=\"article:modified_time\" content=\"2026-03-22T09:04:45+00:00\" \/>\n<meta property=\"og:image\" content=\"https:\/\/mmkriepas.lv\/wp-content\/uploads\/2017\/03\/23565r17-powertrac-cityrover-104h-xl-vasaras-riepas.jpg\" \/>\n\t<meta property=\"og:image:width\" content=\"1920\" \/>\n\t<meta property=\"og:image:height\" content=\"1440\" \/>\n\t<meta property=\"og:image:type\" content=\"image\/jpeg\" \/>\n<meta name=\"twitter:card\" content=\"summary_large_image\" \/>\n<meta name=\"twitter:label1\" content=\"Price\" \/>\n\t<meta name=\"twitter:data1\" content=\"&euro;82.00\" \/>\n\t<meta name=\"twitter:label2\" content=\"Availability\" \/>\n\t<meta name=\"twitter:data2\" content=\"In stock\" \/>\n<script type=\"application\/ld+json\" class=\"yoast-schema-graph\">{\"@context\":\"https:\\\/\\\/schema.org\",\"@graph\":[{\"@type\":\"WebPage\",\"@id\":\"https:\\\/\\\/mmkriepas.lv\\\/en\\\/p\\\/255-70r18-powertrac-cityrover-113h-dot17\\\/\",\"url\":\"https:\\\/\\\/mmkriepas.lv\\\/en\\\/p\\\/255-70r18-powertrac-cityrover-113h-dot17\\\/\",\"name\":\"255\\\/70R18 Powertrac CityRover 113H DOT17 &#8226; MMK Riepas\",\"isPartOf\":{\"@id\":\"https:\\\/\\\/mmkriepas.lv\\\/en\\\/#website\"},\"primaryImageOfPage\":{\"@id\":\"https:\\\/\\\/mmkriepas.lv\\\/en\\\/p\\\/255-70r18-powertrac-cityrover-113h-dot17\\\/#primaryimage\"},\"image\":{\"@id\":\"https:\\\/\\\/mmkriepas.lv\\\/en\\\/p\\\/255-70r18-powertrac-cityrover-113h-dot17\\\/#primaryimage\"},\"thumbnailUrl\":\"https:\\\/\\\/mmkriepas.lv\\\/wp-content\\\/uploads\\\/2017\\\/03\\\/23565r17-powertrac-cityrover-104h-xl-vasaras-riepas.jpg\",\"datePublished\":\"2023-02-09T21:54:53+00:00\",\"dateModified\":\"2026-03-22T09:04:45+00:00\",\"breadcrumb\":{\"@id\":\"https:\\\/\\\/mmkriepas.lv\\\/en\\\/p\\\/255-70r18-powertrac-cityrover-113h-dot17\\\/#breadcrumb\"},\"inLanguage\":\"en-US\",\"potentialAction\":[{\"@type\":\"ReadAction\",\"target\":[\"https:\\\/\\\/mmkriepas.lv\\\/en\\\/p\\\/255-70r18-powertrac-cityrover-113h-dot17\\\/\"]}]},{\"@type\":\"ImageObject\",\"inLanguage\":\"en-US\",\"@id\":\"https:\\\/\\\/mmkriepas.lv\\\/en\\\/p\\\/255-70r18-powertrac-cityrover-113h-dot17\\\/#primaryimage\",\"url\":\"https:\\\/\\\/mmkriepas.lv\\\/wp-content\\\/uploads\\\/2017\\\/03\\\/23565r17-powertrac-cityrover-104h-xl-vasaras-riepas.jpg\",\"contentUrl\":\"https:\\\/\\\/mmkriepas.lv\\\/wp-content\\\/uploads\\\/2017\\\/03\\\/23565r17-powertrac-cityrover-104h-xl-vasaras-riepas.jpg\",\"width\":1920,\"height\":1440,\"caption\":\"235\\\/65R17 Powertrac CityRover 104H XL - Vasaras riepas\"},{\"@type\":\"BreadcrumbList\",\"@id\":\"https:\\\/\\\/mmkriepas.lv\\\/en\\\/p\\\/255-70r18-powertrac-cityrover-113h-dot17\\\/#breadcrumb\",\"itemListElement\":[{\"@type\":\"ListItem\",\"position\":1,\"name\":\"S\u0101kums\",\"item\":\"https:\\\/\\\/mmkriepas.lv\\\/en\\\/\"},{\"@type\":\"ListItem\",\"position\":2,\"name\":\"255\\\/70R18 Powertrac CityRover 113H DOT17\"}]},{\"@type\":\"WebSite\",\"@id\":\"https:\\\/\\\/mmkriepas.lv\\\/en\\\/#website\",\"url\":\"https:\\\/\\\/mmkriepas.lv\\\/en\\\/\",\"name\":\"MMK Riepas\",\"description\":\"MMK Riepas\",\"alternateName\":\"MMK Riepu Serviss\",\"potentialAction\":[{\"@type\":\"SearchAction\",\"target\":{\"@type\":\"EntryPoint\",\"urlTemplate\":\"https:\\\/\\\/mmkriepas.lv\\\/en\\\/?s={search_term_string}\"},\"query-input\":{\"@type\":\"PropertyValueSpecification\",\"valueRequired\":true,\"valueName\":\"search_term_string\"}}],\"inLanguage\":\"en-US\"},{\"@type\":\"ImageObject\",\"inLanguage\":\"en-US\",\"@id\":\"https:\\\/\\\/mmkriepas.lv\\\/en\\\/p\\\/255-70r18-powertrac-cityrover-113h-dot17\\\/#local-main-organization-logo\",\"url\":\"\",\"contentUrl\":\"\",\"caption\":\"MMK Riepas\"}]}<\/script>\n<meta property=\"product:brand\" content=\"City Rover\" \/>\n<meta property=\"product:price:amount\" content=\"82.00\" \/>\n<meta property=\"product:price:currency\" content=\"EUR\" \/>\n<meta property=\"og:availability\" content=\"instock\" \/>\n<meta property=\"product:availability\" content=\"instock\" \/>\n<meta property=\"product:retailer_item_id\" content=\"TS2557018Power-E19557\" \/>\n<meta property=\"product:condition\" content=\"new\" \/>\n<!-- \/ Yoast SEO Premium plugin. -->","yoast_head_json":{"title":"255\/70R18 Powertrac CityRover 113H DOT17 &#8226; MMK Riepas","robots":{"index":"index","follow":"follow","max-snippet":"max-snippet:-1","max-image-preview":"max-image-preview:large","max-video-preview":"max-video-preview:-1"},"canonical":"https:\/\/mmkriepas.lv\/en\/p\/255-70r18-powertrac-cityrover-113h-dot17\/","og_locale":"en_US","og_type":"article","og_title":"255\/70R18 Powertrac CityRover 113H DOT17","og_description":"Vasaras riepas\u00a0Powertrac CityRover \u00a0 Riepu ra\u017eot\u0101js un modelis:\u00a0Powertrac CityRover. Pieejami vair\u0101k k\u0101 23 izm\u0113ri! Kvalitat\u012bva riepu mont\u0101\u017ea uz vietas. MMK Serviss nov\u0113rt\u0113jums:\u00a0&#8221;Labas vasaras riepas par \u013coti zemu cenu&#8221;. \u00a0Powertrac CityRover\u00a0riepu","og_url":"https:\/\/mmkriepas.lv\/en\/p\/255-70r18-powertrac-cityrover-113h-dot17\/","og_site_name":"MMK Riepas","article_publisher":"https:\/\/www.facebook.com\/mmkserviss\/","article_modified_time":"2026-03-22T09:04:45+00:00","og_image":[{"width":1920,"height":1440,"url":"https:\/\/mmkriepas.lv\/wp-content\/uploads\/2017\/03\/23565r17-powertrac-cityrover-104h-xl-vasaras-riepas.jpg","type":"image\/jpeg"}],"twitter_card":"summary_large_image","twitter_misc":{"Price":"&euro;82.00","Availability":"In stock"},"schema":{"@context":"https:\/\/schema.org","@graph":[{"@type":"WebPage","@id":"https:\/\/mmkriepas.lv\/en\/p\/255-70r18-powertrac-cityrover-113h-dot17\/","url":"https:\/\/mmkriepas.lv\/en\/p\/255-70r18-powertrac-cityrover-113h-dot17\/","name":"255\/70R18 Powertrac CityRover 113H DOT17 &#8226; MMK Riepas","isPartOf":{"@id":"https:\/\/mmkriepas.lv\/en\/#website"},"primaryImageOfPage":{"@id":"https:\/\/mmkriepas.lv\/en\/p\/255-70r18-powertrac-cityrover-113h-dot17\/#primaryimage"},"image":{"@id":"https:\/\/mmkriepas.lv\/en\/p\/255-70r18-powertrac-cityrover-113h-dot17\/#primaryimage"},"thumbnailUrl":"https:\/\/mmkriepas.lv\/wp-content\/uploads\/2017\/03\/23565r17-powertrac-cityrover-104h-xl-vasaras-riepas.jpg","datePublished":"2023-02-09T21:54:53+00:00","dateModified":"2026-03-22T09:04:45+00:00","breadcrumb":{"@id":"https:\/\/mmkriepas.lv\/en\/p\/255-70r18-powertrac-cityrover-113h-dot17\/#breadcrumb"},"inLanguage":"en-US","potentialAction":[{"@type":"ReadAction","target":["https:\/\/mmkriepas.lv\/en\/p\/255-70r18-powertrac-cityrover-113h-dot17\/"]}]},{"@type":"ImageObject","inLanguage":"en-US","@id":"https:\/\/mmkriepas.lv\/en\/p\/255-70r18-powertrac-cityrover-113h-dot17\/#primaryimage","url":"https:\/\/mmkriepas.lv\/wp-content\/uploads\/2017\/03\/23565r17-powertrac-cityrover-104h-xl-vasaras-riepas.jpg","contentUrl":"https:\/\/mmkriepas.lv\/wp-content\/uploads\/2017\/03\/23565r17-powertrac-cityrover-104h-xl-vasaras-riepas.jpg","width":1920,"height":1440,"caption":"235\/65R17 Powertrac CityRover 104H XL - Vasaras riepas"},{"@type":"BreadcrumbList","@id":"https:\/\/mmkriepas.lv\/en\/p\/255-70r18-powertrac-cityrover-113h-dot17\/#breadcrumb","itemListElement":[{"@type":"ListItem","position":1,"name":"S\u0101kums","item":"https:\/\/mmkriepas.lv\/en\/"},{"@type":"ListItem","position":2,"name":"255\/70R18 Powertrac CityRover 113H DOT17"}]},{"@type":"WebSite","@id":"https:\/\/mmkriepas.lv\/en\/#website","url":"https:\/\/mmkriepas.lv\/en\/","name":"MMK Riepas","description":"MMK Riepas","alternateName":"MMK Riepu Serviss","potentialAction":[{"@type":"SearchAction","target":{"@type":"EntryPoint","urlTemplate":"https:\/\/mmkriepas.lv\/en\/?s={search_term_string}"},"query-input":{"@type":"PropertyValueSpecification","valueRequired":true,"valueName":"search_term_string"}}],"inLanguage":"en-US"},{"@type":"ImageObject","inLanguage":"en-US","@id":"https:\/\/mmkriepas.lv\/en\/p\/255-70r18-powertrac-cityrover-113h-dot17\/#local-main-organization-logo","url":"","contentUrl":"","caption":"MMK Riepas"}]},"product_brand":"City Rover","product_price_amount":"82.00","product_price_currency":"EUR","og_availability":"instock","product_availability":"instock","product_retailer_item_id":"TS2557018Power-E19557","product_condition":"new"},"_links":{"self":[{"href":"https:\/\/mmkriepas.lv\/en\/wp-json\/wp\/v2\/product\/602233","targetHints":{"allow":["GET"]}}],"collection":[{"href":"https:\/\/mmkriepas.lv\/en\/wp-json\/wp\/v2\/product"}],"about":[{"href":"https:\/\/mmkriepas.lv\/en\/wp-json\/wp\/v2\/types\/product"}],"wp:featuredmedia":[{"embeddable":true,"href":"https:\/\/mmkriepas.lv\/en\/wp-json\/wp\/v2\/media\/7946"}],"wp:attachment":[{"href":"https:\/\/mmkriepas.lv\/en\/wp-json\/wp\/v2\/media?parent=602233"}],"wp:term":[{"taxonomy":"product_brand","embeddable":true,"href":"https:\/\/mmkriepas.lv\/en\/wp-json\/wp\/v2\/product_brand?post=602233"},{"taxonomy":"product_cat","embeddable":true,"href":"https:\/\/mmkriepas.lv\/en\/wp-json\/wp\/v2\/product_cat?post=602233"},{"taxonomy":"product_tag","embeddable":true,"href":"https:\/\/mmkriepas.lv\/en\/wp-json\/wp\/v2\/product_tag?post=602233"}],"curies":[{"name":"wp","href":"https:\/\/api.w.org\/{rel}","templated":true}]}}