{"id":602161,"date":"2023-02-09T23:52:57","date_gmt":"2023-02-09T21:52:57","guid":{"rendered":"https:\/\/mmkserviss.lv\/?post_type=product&#038;p=602161"},"modified":"2026-04-05T21:02:22","modified_gmt":"2026-04-05T18:02:22","slug":"275-65r18-powertrac-snowtour-123-120s-xl","status":"publish","type":"product","link":"https:\/\/mmkriepas.lv\/en\/p\/275-65r18-powertrac-snowtour-123-120s-xl\/","title":{"rendered":"275\/65R18 Powertrac Snowtour 123\/120S XL"},"content":{"rendered":"<p><b>Powertrac Snowtour<\/b> ir ziemas riepa,kas piem\u0113rota liel\u0101kajai da\u013cai popul\u0101r\u0101ko vieglo auto mode\u013cu un paredz\u0113ta brauk\u0161anai Eiropas klimata apst\u0101k\u013cos. Riepa demonstr\u0113 lielisku veiktsp\u0113ju uz asfalt\u0113tiem un apsnigu\u0161iem ce\u013ciem.<o:p><\/o:p><\/p>\n<h3>Snowtour galven\u0101s iez\u012bmes<o:p><\/o:p><\/h3>\n<p>+Z\u0101\u0123veida dren\u0101\u017eas rievas riepas centr\u0101laj\u0101 da\u013c\u0101 samazina akvaplan\u0113\u0161anas risku.<o:p><\/o:p><\/p>\n<p>+Bl\u012bvi izvietot\u0101s lameles uzr\u0101da augstu veiktsp\u0113ju uz ce\u013ciem ar zemu sa\u0137eres koeficentu.<o:p><\/o:p><\/p>\n<p>+Unik\u0101lie s\u0101nu bloki samazina s\u0101nsl\u012b\u017eu risku manevr\u0113\u0161anas laik\u0101.<o:p><\/o:p><\/p>\n<h3>Snowtour protektora raksts<o:p><\/o:p><\/h3>\n<p>Powertrac Snowtour riepas protektora dizains ir virz\u012bts un papildin\u0101ts ar plat\u0101m dren\u0101\u017eas riev\u0101m riepas centr\u0101laj\u0101 da\u013c\u0101, kas uzlabo \u016bdens un sniega novadi, k\u0101 ar\u012b samazina akvaplan\u0113\u0161anas risku, vienlaikus ar\u012b uzlabojot sa\u0137eri, it \u012bpa\u0161i uz apsnigu\u0161\u0101m ce\u013ca virsm\u0101m. Neskaitot plat\u0101s dren\u0101\u017eas rievas, protektor\u0101 bl\u012bvi iestr\u0101d\u0101tas <b>vi\u013c\u0146veida lameles<\/b>, kas uzlabo sa\u0137eri ne tikai ar sniegu, bet ar\u012b ledu. Bloki riepas plecu zon\u0101 ir izvietoti pa p\u0101riem, kas palielina kontaktvirsmu un uzlabo manevr\u0113tsp\u0113ju. <o:p><\/o:p><\/p>\n<p><b>Powertrac Snowtour<\/b> mode\u013ca lieto\u0161anas dro\u0161\u012bbu ziemas laika apst\u0101k\u013cos un t\u0101 atbilst\u012bbu valst\u012bm ar oblig\u0101tu sezon\u0101lo riepu mai\u0146u apstiprina mar\u0137\u0113jums sniegp\u0101rslas form\u0101 uz kalna fona ar trim virsotn\u0113m (3PMSF).<\/p>\n","protected":false},"excerpt":{"rendered":"<p><b>Powertrac Snowtour<\/b> ir ziemas riepa,kas piem\u0113rota liel\u0101kajai da\u013cai popul\u0101r\u0101ko vieglo auto mode\u013cu un paredz\u0113ta brauk\u0161anai Eiropas klimata apst\u0101k\u013cos. Riepa demonstr\u0113 lielisku veiktsp\u0113ju uz asfalt\u0113tiem un apsnigu\u0161iem ce\u013ciem.<\/p>\n","protected":false},"featured_media":669359,"template":"","meta":{"_acf_changed":false,"ngg_post_thumbnail":0},"product_brand":[],"product_cat":[47,45],"product_tag":[],"class_list":{"0":"post-602161","1":"product","2":"type-product","3":"status-publish","4":"has-post-thumbnail","6":"product_cat-vissezonas-riepas","7":"product_cat-ziemas-riepas","9":"first","10":"instock","11":"sale","12":"taxable","13":"shipping-taxable","14":"purchasable","15":"product-type-simple"},"acf":[],"yoast_head":"<!-- This site is optimized with the Yoast SEO Premium plugin v22.6 (Yoast SEO v27.3) - https:\/\/yoast.com\/product\/yoast-seo-premium-wordpress\/ -->\n<title>275\/65R18 Powertrac Snowtour 123\/120S XL &#8226; MMK Riepas<\/title>\n<meta name=\"description\" content=\"Powertrac Snowtour - uzticams vissezonas modelis, pieejams MMK riepu centros visos izm\u0113ros, par viszem\u0101kaj\u0101m cen\u0101m!\" \/>\n<meta name=\"robots\" content=\"index, follow, max-snippet:-1, max-image-preview:large, max-video-preview:-1\" \/>\n<link rel=\"canonical\" href=\"https:\/\/mmkriepas.lv\/en\/p\/275-65r18-powertrac-snowtour-123-120s-xl\/\" \/>\n<meta property=\"og:locale\" content=\"en_US\" \/>\n<meta property=\"og:type\" content=\"article\" \/>\n<meta property=\"og:title\" content=\"275\/65R18 Powertrac Snowtour 123\/120S XL\" \/>\n<meta property=\"og:description\" content=\"Powertrac Snowtour - uzticams vissezonas modelis, pieejams MMK riepu centros visos izm\u0113ros, par viszem\u0101kaj\u0101m cen\u0101m!\" \/>\n<meta property=\"og:url\" content=\"https:\/\/mmkriepas.lv\/en\/p\/275-65r18-powertrac-snowtour-123-120s-xl\/\" \/>\n<meta property=\"og:site_name\" content=\"MMK Riepas\" \/>\n<meta property=\"article:publisher\" content=\"https:\/\/www.facebook.com\/mmkserviss\/\" \/>\n<meta property=\"article:modified_time\" content=\"2026-04-05T18:02:22+00:00\" \/>\n<meta property=\"og:image\" content=\"https:\/\/mmkriepas.lv\/wp-content\/uploads\/2023\/03\/20560r16-powertrac-snowtour-96h-xl-ziemas-riepas.jpeg\" \/>\n\t<meta property=\"og:image:width\" content=\"1600\" \/>\n\t<meta property=\"og:image:height\" content=\"1200\" \/>\n\t<meta property=\"og:image:type\" content=\"image\/jpeg\" \/>\n<meta name=\"twitter:card\" content=\"summary_large_image\" \/>\n<meta name=\"twitter:label1\" content=\"Price\" \/>\n\t<meta name=\"twitter:data1\" content=\"&euro;98.00\" \/>\n\t<meta name=\"twitter:label2\" content=\"Availability\" \/>\n\t<meta name=\"twitter:data2\" content=\"In stock\" \/>\n<script type=\"application\/ld+json\" class=\"yoast-schema-graph\">{\"@context\":\"https:\\\/\\\/schema.org\",\"@graph\":[{\"@type\":\"WebPage\",\"@id\":\"https:\\\/\\\/mmkriepas.lv\\\/en\\\/p\\\/275-65r18-powertrac-snowtour-123-120s-xl\\\/\",\"url\":\"https:\\\/\\\/mmkriepas.lv\\\/en\\\/p\\\/275-65r18-powertrac-snowtour-123-120s-xl\\\/\",\"name\":\"275\\\/65R18 Powertrac Snowtour 123\\\/120S XL &#8226; MMK Riepas\",\"isPartOf\":{\"@id\":\"https:\\\/\\\/mmkriepas.lv\\\/en\\\/#website\"},\"primaryImageOfPage\":{\"@id\":\"https:\\\/\\\/mmkriepas.lv\\\/en\\\/p\\\/275-65r18-powertrac-snowtour-123-120s-xl\\\/#primaryimage\"},\"image\":{\"@id\":\"https:\\\/\\\/mmkriepas.lv\\\/en\\\/p\\\/275-65r18-powertrac-snowtour-123-120s-xl\\\/#primaryimage\"},\"thumbnailUrl\":\"https:\\\/\\\/mmkriepas.lv\\\/wp-content\\\/uploads\\\/2023\\\/03\\\/20560r16-powertrac-snowtour-96h-xl-ziemas-riepas.jpeg\",\"datePublished\":\"2023-02-09T21:52:57+00:00\",\"dateModified\":\"2026-04-05T18:02:22+00:00\",\"description\":\"Powertrac Snowtour - uzticams vissezonas modelis, pieejams MMK riepu centros visos izm\u0113ros, par viszem\u0101kaj\u0101m cen\u0101m!\",\"breadcrumb\":{\"@id\":\"https:\\\/\\\/mmkriepas.lv\\\/en\\\/p\\\/275-65r18-powertrac-snowtour-123-120s-xl\\\/#breadcrumb\"},\"inLanguage\":\"en-US\",\"potentialAction\":[{\"@type\":\"ReadAction\",\"target\":[\"https:\\\/\\\/mmkriepas.lv\\\/en\\\/p\\\/275-65r18-powertrac-snowtour-123-120s-xl\\\/\"]}]},{\"@type\":\"ImageObject\",\"inLanguage\":\"en-US\",\"@id\":\"https:\\\/\\\/mmkriepas.lv\\\/en\\\/p\\\/275-65r18-powertrac-snowtour-123-120s-xl\\\/#primaryimage\",\"url\":\"https:\\\/\\\/mmkriepas.lv\\\/wp-content\\\/uploads\\\/2023\\\/03\\\/20560r16-powertrac-snowtour-96h-xl-ziemas-riepas.jpeg\",\"contentUrl\":\"https:\\\/\\\/mmkriepas.lv\\\/wp-content\\\/uploads\\\/2023\\\/03\\\/20560r16-powertrac-snowtour-96h-xl-ziemas-riepas.jpeg\",\"width\":1600,\"height\":1200,\"caption\":\"205\\\/60R16 Powertrac Snowtour 96H XL - Vissezonas riepas \\\/ Ziemas riepas\"},{\"@type\":\"BreadcrumbList\",\"@id\":\"https:\\\/\\\/mmkriepas.lv\\\/en\\\/p\\\/275-65r18-powertrac-snowtour-123-120s-xl\\\/#breadcrumb\",\"itemListElement\":[{\"@type\":\"ListItem\",\"position\":1,\"name\":\"S\u0101kums\",\"item\":\"https:\\\/\\\/mmkriepas.lv\\\/en\\\/\"},{\"@type\":\"ListItem\",\"position\":2,\"name\":\"275\\\/65R18 Powertrac Snowtour 123\\\/120S XL\"}]},{\"@type\":\"WebSite\",\"@id\":\"https:\\\/\\\/mmkriepas.lv\\\/en\\\/#website\",\"url\":\"https:\\\/\\\/mmkriepas.lv\\\/en\\\/\",\"name\":\"MMK Riepas\",\"description\":\"MMK Riepas\",\"alternateName\":\"MMK Riepu Serviss\",\"potentialAction\":[{\"@type\":\"SearchAction\",\"target\":{\"@type\":\"EntryPoint\",\"urlTemplate\":\"https:\\\/\\\/mmkriepas.lv\\\/en\\\/?s={search_term_string}\"},\"query-input\":{\"@type\":\"PropertyValueSpecification\",\"valueRequired\":true,\"valueName\":\"search_term_string\"}}],\"inLanguage\":\"en-US\"},{\"@type\":\"ImageObject\",\"inLanguage\":\"en-US\",\"@id\":\"https:\\\/\\\/mmkriepas.lv\\\/en\\\/p\\\/275-65r18-powertrac-snowtour-123-120s-xl\\\/#local-main-organization-logo\",\"url\":\"\",\"contentUrl\":\"\",\"caption\":\"MMK Riepas\"}]}<\/script>\n<meta property=\"product:brand\" content=\"Powertrac Snowtour\" \/>\n<meta property=\"product:price:amount\" content=\"98.00\" \/>\n<meta property=\"product:price:currency\" content=\"EUR\" \/>\n<meta property=\"og:availability\" content=\"instock\" \/>\n<meta property=\"product:availability\" content=\"instock\" \/>\n<meta property=\"product:retailer_item_id\" content=\"TW2756518Power-E19534\" \/>\n<meta property=\"product:condition\" content=\"new\" \/>\n<!-- \/ Yoast SEO Premium plugin. -->","yoast_head_json":{"title":"275\/65R18 Powertrac Snowtour 123\/120S XL &#8226; MMK Riepas","description":"Powertrac Snowtour - uzticams vissezonas modelis, pieejams MMK riepu centros visos izm\u0113ros, par viszem\u0101kaj\u0101m cen\u0101m!","robots":{"index":"index","follow":"follow","max-snippet":"max-snippet:-1","max-image-preview":"max-image-preview:large","max-video-preview":"max-video-preview:-1"},"canonical":"https:\/\/mmkriepas.lv\/en\/p\/275-65r18-powertrac-snowtour-123-120s-xl\/","og_locale":"en_US","og_type":"article","og_title":"275\/65R18 Powertrac Snowtour 123\/120S XL","og_description":"Powertrac Snowtour - uzticams vissezonas modelis, pieejams MMK riepu centros visos izm\u0113ros, par viszem\u0101kaj\u0101m cen\u0101m!","og_url":"https:\/\/mmkriepas.lv\/en\/p\/275-65r18-powertrac-snowtour-123-120s-xl\/","og_site_name":"MMK Riepas","article_publisher":"https:\/\/www.facebook.com\/mmkserviss\/","article_modified_time":"2026-04-05T18:02:22+00:00","og_image":[{"width":1600,"height":1200,"url":"https:\/\/mmkriepas.lv\/wp-content\/uploads\/2023\/03\/20560r16-powertrac-snowtour-96h-xl-ziemas-riepas.jpeg","type":"image\/jpeg"}],"twitter_card":"summary_large_image","twitter_misc":{"Price":"&euro;98.00","Availability":"In stock"},"schema":{"@context":"https:\/\/schema.org","@graph":[{"@type":"WebPage","@id":"https:\/\/mmkriepas.lv\/en\/p\/275-65r18-powertrac-snowtour-123-120s-xl\/","url":"https:\/\/mmkriepas.lv\/en\/p\/275-65r18-powertrac-snowtour-123-120s-xl\/","name":"275\/65R18 Powertrac Snowtour 123\/120S XL &#8226; MMK Riepas","isPartOf":{"@id":"https:\/\/mmkriepas.lv\/en\/#website"},"primaryImageOfPage":{"@id":"https:\/\/mmkriepas.lv\/en\/p\/275-65r18-powertrac-snowtour-123-120s-xl\/#primaryimage"},"image":{"@id":"https:\/\/mmkriepas.lv\/en\/p\/275-65r18-powertrac-snowtour-123-120s-xl\/#primaryimage"},"thumbnailUrl":"https:\/\/mmkriepas.lv\/wp-content\/uploads\/2023\/03\/20560r16-powertrac-snowtour-96h-xl-ziemas-riepas.jpeg","datePublished":"2023-02-09T21:52:57+00:00","dateModified":"2026-04-05T18:02:22+00:00","description":"Powertrac Snowtour - uzticams vissezonas modelis, pieejams MMK riepu centros visos izm\u0113ros, par viszem\u0101kaj\u0101m cen\u0101m!","breadcrumb":{"@id":"https:\/\/mmkriepas.lv\/en\/p\/275-65r18-powertrac-snowtour-123-120s-xl\/#breadcrumb"},"inLanguage":"en-US","potentialAction":[{"@type":"ReadAction","target":["https:\/\/mmkriepas.lv\/en\/p\/275-65r18-powertrac-snowtour-123-120s-xl\/"]}]},{"@type":"ImageObject","inLanguage":"en-US","@id":"https:\/\/mmkriepas.lv\/en\/p\/275-65r18-powertrac-snowtour-123-120s-xl\/#primaryimage","url":"https:\/\/mmkriepas.lv\/wp-content\/uploads\/2023\/03\/20560r16-powertrac-snowtour-96h-xl-ziemas-riepas.jpeg","contentUrl":"https:\/\/mmkriepas.lv\/wp-content\/uploads\/2023\/03\/20560r16-powertrac-snowtour-96h-xl-ziemas-riepas.jpeg","width":1600,"height":1200,"caption":"205\/60R16 Powertrac Snowtour 96H XL - Vissezonas riepas \/ Ziemas riepas"},{"@type":"BreadcrumbList","@id":"https:\/\/mmkriepas.lv\/en\/p\/275-65r18-powertrac-snowtour-123-120s-xl\/#breadcrumb","itemListElement":[{"@type":"ListItem","position":1,"name":"S\u0101kums","item":"https:\/\/mmkriepas.lv\/en\/"},{"@type":"ListItem","position":2,"name":"275\/65R18 Powertrac Snowtour 123\/120S XL"}]},{"@type":"WebSite","@id":"https:\/\/mmkriepas.lv\/en\/#website","url":"https:\/\/mmkriepas.lv\/en\/","name":"MMK Riepas","description":"MMK Riepas","alternateName":"MMK Riepu Serviss","potentialAction":[{"@type":"SearchAction","target":{"@type":"EntryPoint","urlTemplate":"https:\/\/mmkriepas.lv\/en\/?s={search_term_string}"},"query-input":{"@type":"PropertyValueSpecification","valueRequired":true,"valueName":"search_term_string"}}],"inLanguage":"en-US"},{"@type":"ImageObject","inLanguage":"en-US","@id":"https:\/\/mmkriepas.lv\/en\/p\/275-65r18-powertrac-snowtour-123-120s-xl\/#local-main-organization-logo","url":"","contentUrl":"","caption":"MMK Riepas"}]},"product_brand":"Powertrac Snowtour","product_price_amount":"98.00","product_price_currency":"EUR","og_availability":"instock","product_availability":"instock","product_retailer_item_id":"TW2756518Power-E19534","product_condition":"new"},"_links":{"self":[{"href":"https:\/\/mmkriepas.lv\/en\/wp-json\/wp\/v2\/product\/602161","targetHints":{"allow":["GET"]}}],"collection":[{"href":"https:\/\/mmkriepas.lv\/en\/wp-json\/wp\/v2\/product"}],"about":[{"href":"https:\/\/mmkriepas.lv\/en\/wp-json\/wp\/v2\/types\/product"}],"wp:featuredmedia":[{"embeddable":true,"href":"https:\/\/mmkriepas.lv\/en\/wp-json\/wp\/v2\/media\/669359"}],"wp:attachment":[{"href":"https:\/\/mmkriepas.lv\/en\/wp-json\/wp\/v2\/media?parent=602161"}],"wp:term":[{"taxonomy":"product_brand","embeddable":true,"href":"https:\/\/mmkriepas.lv\/en\/wp-json\/wp\/v2\/product_brand?post=602161"},{"taxonomy":"product_cat","embeddable":true,"href":"https:\/\/mmkriepas.lv\/en\/wp-json\/wp\/v2\/product_cat?post=602161"},{"taxonomy":"product_tag","embeddable":true,"href":"https:\/\/mmkriepas.lv\/en\/wp-json\/wp\/v2\/product_tag?post=602161"}],"curies":[{"name":"wp","href":"https:\/\/api.w.org\/{rel}","templated":true}]}}