{"id":602128,"date":"2023-02-09T23:52:02","date_gmt":"2023-02-09T21:52:02","guid":{"rendered":"https:\/\/mmkserviss.lv\/?post_type=product&#038;p=602128"},"modified":"2026-03-22T11:04:38","modified_gmt":"2026-03-22T09:04:38","slug":"265-45r21-powertrac-snowstar-108v-xl","status":"publish","type":"product","link":"https:\/\/mmkriepas.lv\/en\/p\/265-45r21-powertrac-snowstar-108v-xl\/","title":{"rendered":"265\/45R21 Powertrac Snowstar 108V XL"},"content":{"rendered":"<p><b>Powertrac Snowstar<\/b> ir ziemas riepu modelis, kas piem\u0113rots liel\u0101kajai da\u013cai vieglo auto, taj\u0101 skait\u0101 ar\u012b krosoveriem un apvidus auto (SUV). Snowstar <b>izce\u013cas ar lab\u0101m veiktsp\u0113jas \u012bpa\u0161\u012bb\u0101m uz apledoju\u0161\u0101m ce\u013ca virsm\u0101m<\/b>, pateicoties virknei riepas izgatavo\u0161an\u0101 izmantotu tehnolo\u0123iju.<o:p><\/o:p><\/p>\n<h3>Snowstar galven\u0101s iez\u012bmes<o:p><\/o:p><\/h3>\n<p>+Asimetriskais protektora raksts, saturo\u0161s funkcion\u0101las, nesl\u012bdo\u0161as zonas, kas uzlabo veiktsp\u0113ju jebk\u0101dos brauk\u0161anas apst\u0101k\u013cos. <o:p><\/o:p><\/p>\n<p>+Stingri riepas plecu zonas bloki, kas padara riepu stabil\u0101ku un iztur\u012bg\u0101ku. <o:p><\/o:p><\/p>\n<p>+Centr\u0101lie bloki izvietoti pa p\u0101riem- tas uzlabo sa\u0137eri un manevr\u0113tsp\u0113ju. <o:p><\/o:p><\/p>\n<p>+Liels daudzums vi\u013c\u0146veida lame\u013cu, kas uzlabo sa\u0137eri ar slapj\u0101m ce\u013ca virsm\u0101m.<o:p><\/o:p><\/p>\n<h3>Snowstar protektors<o:p><\/o:p><\/h3>\n<p>Powertrac Snowstar protektors sast\u0101v no diviem p\u0113c formas vien\u0101diem sl\u0101\u0146iem, ta\u010du tie at\u0161\u0137iras to elast\u012bb\u0101. B\u0101zes sl\u0101nis ir ciet\u0101ks, kas padara riepu iztur\u012bg\u0101ku, bet otrs- elast\u012bg\u0101ks, kas savuk\u0101rt uzlabo sa\u0137eri zem\u0101s gaisa temperat\u016br\u0101s. Turkl\u0101t Protektor\u0101 iestr\u0101d\u0101ti <b>vair\u0101ki t\u016bksto\u0161i lame\u013cu<\/b>, kas b\u016btiski uzlabo sa\u0137eri ar ledu. Riepas plecu zonas blokos izvietots \u012bpa\u0161s lame\u013cu tips- <b>pies\u016bcek\u0146i<\/b>, kas sausina kontaktvirsmu.<\/p>\n","protected":false},"excerpt":{"rendered":"<p><b>Powertrac Snowstar<\/b> ir ziemas riepu modelis, kas piem\u0113rots liel\u0101kajai da\u013cai vieglo auto, taj\u0101 skait\u0101 ar\u012b krosoveriem un apvidus auto (SUV). Snowstar <b>izce\u013cas ar lab\u0101m veiktsp\u0113jas \u012bpa\u0161\u012bb\u0101m uz apledoju\u0161\u0101m ce\u013ca virsm\u0101m<\/b>, pateicoties virknei riepas izgatavo\u0161an\u0101 izmantotu tehnolo\u0123iju.<o:p><\/o:p><\/p>\n","protected":false},"featured_media":668935,"template":"","meta":{"_acf_changed":false,"ngg_post_thumbnail":0},"product_brand":[],"product_cat":[47,45],"product_tag":[],"class_list":{"0":"post-602128","1":"product","2":"type-product","3":"status-publish","4":"has-post-thumbnail","6":"product_cat-vissezonas-riepas","7":"product_cat-ziemas-riepas","9":"first","10":"instock","11":"sale","12":"taxable","13":"shipping-taxable","14":"purchasable","15":"product-type-simple"},"acf":[],"yoast_head":"<!-- This site is optimized with the Yoast SEO Premium plugin v22.6 (Yoast SEO v27.3) - https:\/\/yoast.com\/product\/yoast-seo-premium-wordpress\/ -->\n<title>265\/45R21 Powertrac Snowstar 108V XL &#8226; MMK Riepas<\/title>\n<meta name=\"robots\" content=\"index, follow, max-snippet:-1, max-image-preview:large, max-video-preview:-1\" \/>\n<link rel=\"canonical\" href=\"https:\/\/mmkriepas.lv\/en\/p\/265-45r21-powertrac-snowstar-108v-xl\/\" \/>\n<meta property=\"og:locale\" content=\"en_US\" \/>\n<meta property=\"og:type\" content=\"article\" \/>\n<meta property=\"og:title\" content=\"265\/45R21 Powertrac Snowstar 108V XL\" \/>\n<meta property=\"og:description\" content=\"Powertrac Snowstar ir ziemas riepu modelis, kas piem\u0113rots liel\u0101kajai da\u013cai vieglo auto, taj\u0101 skait\u0101 ar\u012b krosoveriem un apvidus auto (SUV). Snowstar izce\u013cas ar lab\u0101m veiktsp\u0113jas \u012bpa\u0161\u012bb\u0101m uz apledoju\u0161\u0101m ce\u013ca virsm\u0101m, pateicoties virknei riepas izgatavo\u0161an\u0101 izmantotu tehnolo\u0123iju.\" \/>\n<meta property=\"og:url\" content=\"https:\/\/mmkriepas.lv\/en\/p\/265-45r21-powertrac-snowstar-108v-xl\/\" \/>\n<meta property=\"og:site_name\" content=\"MMK Riepas\" \/>\n<meta property=\"article:publisher\" content=\"https:\/\/www.facebook.com\/mmkserviss\/\" \/>\n<meta property=\"article:modified_time\" content=\"2026-03-22T09:04:38+00:00\" \/>\n<meta property=\"og:image\" content=\"https:\/\/mmkriepas.lv\/wp-content\/uploads\/2023\/03\/24540r18-powertrac-snowstar-97v-xl-ziemas-riepas.jpeg\" \/>\n\t<meta property=\"og:image:width\" content=\"1600\" \/>\n\t<meta property=\"og:image:height\" content=\"1200\" \/>\n\t<meta property=\"og:image:type\" content=\"image\/jpeg\" \/>\n<meta name=\"twitter:card\" content=\"summary_large_image\" \/>\n<meta name=\"twitter:label1\" content=\"Price\" \/>\n\t<meta name=\"twitter:data1\" content=\"&euro;86.00\" \/>\n\t<meta name=\"twitter:label2\" content=\"Availability\" \/>\n\t<meta name=\"twitter:data2\" content=\"In stock\" \/>\n<script type=\"application\/ld+json\" class=\"yoast-schema-graph\">{\"@context\":\"https:\\\/\\\/schema.org\",\"@graph\":[{\"@type\":\"WebPage\",\"@id\":\"https:\\\/\\\/mmkriepas.lv\\\/en\\\/p\\\/265-45r21-powertrac-snowstar-108v-xl\\\/\",\"url\":\"https:\\\/\\\/mmkriepas.lv\\\/en\\\/p\\\/265-45r21-powertrac-snowstar-108v-xl\\\/\",\"name\":\"265\\\/45R21 Powertrac Snowstar 108V XL &#8226; MMK Riepas\",\"isPartOf\":{\"@id\":\"https:\\\/\\\/mmkriepas.lv\\\/en\\\/#website\"},\"primaryImageOfPage\":{\"@id\":\"https:\\\/\\\/mmkriepas.lv\\\/en\\\/p\\\/265-45r21-powertrac-snowstar-108v-xl\\\/#primaryimage\"},\"image\":{\"@id\":\"https:\\\/\\\/mmkriepas.lv\\\/en\\\/p\\\/265-45r21-powertrac-snowstar-108v-xl\\\/#primaryimage\"},\"thumbnailUrl\":\"https:\\\/\\\/mmkriepas.lv\\\/wp-content\\\/uploads\\\/2023\\\/03\\\/24540r18-powertrac-snowstar-97v-xl-ziemas-riepas.jpeg\",\"datePublished\":\"2023-02-09T21:52:02+00:00\",\"dateModified\":\"2026-03-22T09:04:38+00:00\",\"breadcrumb\":{\"@id\":\"https:\\\/\\\/mmkriepas.lv\\\/en\\\/p\\\/265-45r21-powertrac-snowstar-108v-xl\\\/#breadcrumb\"},\"inLanguage\":\"en-US\",\"potentialAction\":[{\"@type\":\"ReadAction\",\"target\":[\"https:\\\/\\\/mmkriepas.lv\\\/en\\\/p\\\/265-45r21-powertrac-snowstar-108v-xl\\\/\"]}]},{\"@type\":\"ImageObject\",\"inLanguage\":\"en-US\",\"@id\":\"https:\\\/\\\/mmkriepas.lv\\\/en\\\/p\\\/265-45r21-powertrac-snowstar-108v-xl\\\/#primaryimage\",\"url\":\"https:\\\/\\\/mmkriepas.lv\\\/wp-content\\\/uploads\\\/2023\\\/03\\\/24540r18-powertrac-snowstar-97v-xl-ziemas-riepas.jpeg\",\"contentUrl\":\"https:\\\/\\\/mmkriepas.lv\\\/wp-content\\\/uploads\\\/2023\\\/03\\\/24540r18-powertrac-snowstar-97v-xl-ziemas-riepas.jpeg\",\"width\":1600,\"height\":1200,\"caption\":\"245\\\/40R18 Powertrac Snowstar 97V XL - Vissezonas riepas \\\/ Ziemas riepas\"},{\"@type\":\"BreadcrumbList\",\"@id\":\"https:\\\/\\\/mmkriepas.lv\\\/en\\\/p\\\/265-45r21-powertrac-snowstar-108v-xl\\\/#breadcrumb\",\"itemListElement\":[{\"@type\":\"ListItem\",\"position\":1,\"name\":\"S\u0101kums\",\"item\":\"https:\\\/\\\/mmkriepas.lv\\\/en\\\/\"},{\"@type\":\"ListItem\",\"position\":2,\"name\":\"265\\\/45R21 Powertrac Snowstar 108V XL\"}]},{\"@type\":\"WebSite\",\"@id\":\"https:\\\/\\\/mmkriepas.lv\\\/en\\\/#website\",\"url\":\"https:\\\/\\\/mmkriepas.lv\\\/en\\\/\",\"name\":\"MMK Riepas\",\"description\":\"MMK Riepas\",\"alternateName\":\"MMK Riepu Serviss\",\"potentialAction\":[{\"@type\":\"SearchAction\",\"target\":{\"@type\":\"EntryPoint\",\"urlTemplate\":\"https:\\\/\\\/mmkriepas.lv\\\/en\\\/?s={search_term_string}\"},\"query-input\":{\"@type\":\"PropertyValueSpecification\",\"valueRequired\":true,\"valueName\":\"search_term_string\"}}],\"inLanguage\":\"en-US\"},{\"@type\":\"ImageObject\",\"inLanguage\":\"en-US\",\"@id\":\"https:\\\/\\\/mmkriepas.lv\\\/en\\\/p\\\/265-45r21-powertrac-snowstar-108v-xl\\\/#local-main-organization-logo\",\"url\":\"\",\"contentUrl\":\"\",\"caption\":\"MMK Riepas\"}]}<\/script>\n<meta property=\"product:brand\" content=\"Powertrac Snowstar\" \/>\n<meta property=\"product:price:amount\" content=\"86.00\" \/>\n<meta property=\"product:price:currency\" content=\"EUR\" \/>\n<meta property=\"og:availability\" content=\"instock\" \/>\n<meta property=\"product:availability\" content=\"instock\" \/>\n<meta property=\"product:retailer_item_id\" content=\"TW2654521Power-E19523\" \/>\n<meta property=\"product:condition\" content=\"new\" \/>\n<!-- \/ Yoast SEO Premium plugin. -->","yoast_head_json":{"title":"265\/45R21 Powertrac Snowstar 108V XL &#8226; MMK Riepas","robots":{"index":"index","follow":"follow","max-snippet":"max-snippet:-1","max-image-preview":"max-image-preview:large","max-video-preview":"max-video-preview:-1"},"canonical":"https:\/\/mmkriepas.lv\/en\/p\/265-45r21-powertrac-snowstar-108v-xl\/","og_locale":"en_US","og_type":"article","og_title":"265\/45R21 Powertrac Snowstar 108V XL","og_description":"Powertrac Snowstar ir ziemas riepu modelis, kas piem\u0113rots liel\u0101kajai da\u013cai vieglo auto, taj\u0101 skait\u0101 ar\u012b krosoveriem un apvidus auto (SUV). Snowstar izce\u013cas ar lab\u0101m veiktsp\u0113jas \u012bpa\u0161\u012bb\u0101m uz apledoju\u0161\u0101m ce\u013ca virsm\u0101m, pateicoties virknei riepas izgatavo\u0161an\u0101 izmantotu tehnolo\u0123iju.","og_url":"https:\/\/mmkriepas.lv\/en\/p\/265-45r21-powertrac-snowstar-108v-xl\/","og_site_name":"MMK Riepas","article_publisher":"https:\/\/www.facebook.com\/mmkserviss\/","article_modified_time":"2026-03-22T09:04:38+00:00","og_image":[{"width":1600,"height":1200,"url":"https:\/\/mmkriepas.lv\/wp-content\/uploads\/2023\/03\/24540r18-powertrac-snowstar-97v-xl-ziemas-riepas.jpeg","type":"image\/jpeg"}],"twitter_card":"summary_large_image","twitter_misc":{"Price":"&euro;86.00","Availability":"In stock"},"schema":{"@context":"https:\/\/schema.org","@graph":[{"@type":"WebPage","@id":"https:\/\/mmkriepas.lv\/en\/p\/265-45r21-powertrac-snowstar-108v-xl\/","url":"https:\/\/mmkriepas.lv\/en\/p\/265-45r21-powertrac-snowstar-108v-xl\/","name":"265\/45R21 Powertrac Snowstar 108V XL &#8226; MMK Riepas","isPartOf":{"@id":"https:\/\/mmkriepas.lv\/en\/#website"},"primaryImageOfPage":{"@id":"https:\/\/mmkriepas.lv\/en\/p\/265-45r21-powertrac-snowstar-108v-xl\/#primaryimage"},"image":{"@id":"https:\/\/mmkriepas.lv\/en\/p\/265-45r21-powertrac-snowstar-108v-xl\/#primaryimage"},"thumbnailUrl":"https:\/\/mmkriepas.lv\/wp-content\/uploads\/2023\/03\/24540r18-powertrac-snowstar-97v-xl-ziemas-riepas.jpeg","datePublished":"2023-02-09T21:52:02+00:00","dateModified":"2026-03-22T09:04:38+00:00","breadcrumb":{"@id":"https:\/\/mmkriepas.lv\/en\/p\/265-45r21-powertrac-snowstar-108v-xl\/#breadcrumb"},"inLanguage":"en-US","potentialAction":[{"@type":"ReadAction","target":["https:\/\/mmkriepas.lv\/en\/p\/265-45r21-powertrac-snowstar-108v-xl\/"]}]},{"@type":"ImageObject","inLanguage":"en-US","@id":"https:\/\/mmkriepas.lv\/en\/p\/265-45r21-powertrac-snowstar-108v-xl\/#primaryimage","url":"https:\/\/mmkriepas.lv\/wp-content\/uploads\/2023\/03\/24540r18-powertrac-snowstar-97v-xl-ziemas-riepas.jpeg","contentUrl":"https:\/\/mmkriepas.lv\/wp-content\/uploads\/2023\/03\/24540r18-powertrac-snowstar-97v-xl-ziemas-riepas.jpeg","width":1600,"height":1200,"caption":"245\/40R18 Powertrac Snowstar 97V XL - Vissezonas riepas \/ Ziemas riepas"},{"@type":"BreadcrumbList","@id":"https:\/\/mmkriepas.lv\/en\/p\/265-45r21-powertrac-snowstar-108v-xl\/#breadcrumb","itemListElement":[{"@type":"ListItem","position":1,"name":"S\u0101kums","item":"https:\/\/mmkriepas.lv\/en\/"},{"@type":"ListItem","position":2,"name":"265\/45R21 Powertrac Snowstar 108V XL"}]},{"@type":"WebSite","@id":"https:\/\/mmkriepas.lv\/en\/#website","url":"https:\/\/mmkriepas.lv\/en\/","name":"MMK Riepas","description":"MMK Riepas","alternateName":"MMK Riepu Serviss","potentialAction":[{"@type":"SearchAction","target":{"@type":"EntryPoint","urlTemplate":"https:\/\/mmkriepas.lv\/en\/?s={search_term_string}"},"query-input":{"@type":"PropertyValueSpecification","valueRequired":true,"valueName":"search_term_string"}}],"inLanguage":"en-US"},{"@type":"ImageObject","inLanguage":"en-US","@id":"https:\/\/mmkriepas.lv\/en\/p\/265-45r21-powertrac-snowstar-108v-xl\/#local-main-organization-logo","url":"","contentUrl":"","caption":"MMK Riepas"}]},"product_brand":"Powertrac Snowstar","product_price_amount":"86.00","product_price_currency":"EUR","og_availability":"instock","product_availability":"instock","product_retailer_item_id":"TW2654521Power-E19523","product_condition":"new"},"_links":{"self":[{"href":"https:\/\/mmkriepas.lv\/en\/wp-json\/wp\/v2\/product\/602128","targetHints":{"allow":["GET"]}}],"collection":[{"href":"https:\/\/mmkriepas.lv\/en\/wp-json\/wp\/v2\/product"}],"about":[{"href":"https:\/\/mmkriepas.lv\/en\/wp-json\/wp\/v2\/types\/product"}],"wp:featuredmedia":[{"embeddable":true,"href":"https:\/\/mmkriepas.lv\/en\/wp-json\/wp\/v2\/media\/668935"}],"wp:attachment":[{"href":"https:\/\/mmkriepas.lv\/en\/wp-json\/wp\/v2\/media?parent=602128"}],"wp:term":[{"taxonomy":"product_brand","embeddable":true,"href":"https:\/\/mmkriepas.lv\/en\/wp-json\/wp\/v2\/product_brand?post=602128"},{"taxonomy":"product_cat","embeddable":true,"href":"https:\/\/mmkriepas.lv\/en\/wp-json\/wp\/v2\/product_cat?post=602128"},{"taxonomy":"product_tag","embeddable":true,"href":"https:\/\/mmkriepas.lv\/en\/wp-json\/wp\/v2\/product_tag?post=602128"}],"curies":[{"name":"wp","href":"https:\/\/api.w.org\/{rel}","templated":true}]}}