{"id":599475,"date":"2023-02-09T19:03:59","date_gmt":"2023-02-09T17:03:59","guid":{"rendered":"https:\/\/mmkserviss.lv\/?post_type=product&#038;p=599475"},"modified":"2026-03-06T01:02:01","modified_gmt":"2026-03-05T23:02:01","slug":"215-55r17-michelin-cross-climate-2-98w-xl","status":"publish","type":"product","link":"https:\/\/mmkriepas.lv\/en\/p\/215-55r17-michelin-cross-climate-2-98w-xl\/","title":{"rendered":"215\/55R17 Michelin CrossClimate 2 98W XL"},"content":{"rendered":"<p><b><span style=\"font-family: 'Arial',sans-serif;\">Michelin CrossClimate 2<\/span><\/b><span style=\"font-family: 'Arial',sans-serif;\"> ir viens no premium klas\u0113 lab\u0101kajiem vissezonas\/ziemas riepu mode\u013ciem pasaul\u0113. Balstoties uz neskait\u0101miem riepu testiem, \u0161is riepu modelis, citu vissezonas riepu vid\u016b, izce\u013cas ar teicamu veiktsp\u0113ju ziemas apst\u0101k\u013cos.<o:p><\/o:p><\/span><\/p>\n<h3><span style=\"font-family: 'Arial',sans-serif;\">CrossClimate 2 galven\u0101s iez\u012bmes:<o:p><\/o:p><\/span><\/h3>\n<p><span style=\"font-family: 'Arial',sans-serif;\">+ Teicama sa\u0137ere jebk\u0101dos brauk\u0161anas apst\u0101k\u013cos, <o:p><\/o:p><\/span><\/p>\n<p><span style=\"font-family: 'Arial',sans-serif;\">+ Samazin\u0101ts akvaplan\u0113\u0161as risks, pateicoties uzlabotai dren\u0101\u017eas kan\u0101lu sist\u0113mai. <o:p><\/o:p><\/span><\/p>\n<p><span style=\"font-family: 'Arial',sans-serif;\">+ Uzlabots virzienveida protektora dizains, kas lieliski kalpo gan vasar\u0101, gan ziem\u0101, <o:p><\/o:p><\/span><\/p>\n<p><span style=\"font-family: 'Arial',sans-serif;\">+ Divu sl\u0101\u0146u protektors, kam piem\u012bt ar\u012b termoizol\u0113jo\u0161as \u012bpa\u0161\u012bbas, <o:p><\/o:p><\/span><\/p>\n<p><span style=\"font-family: 'Arial',sans-serif;\">+ Samazin\u0101ta rites pretest\u012bba, kas rezult\u0113jas zem\u0101k\u0101 degvielas pat\u0113ri\u0146\u0101, <o:p><\/o:p><\/span><\/p>\n<p><span style=\"font-family: 'Arial',sans-serif;\">+ EverGrip tehnolo\u0123ija, kas at\u013cauj riep\u0101m lieliski veidot sa\u0137eri ar\u012b ar minim\u0101lo pie\u013caujamo protektora atlikumu, <o:p><\/o:p><\/span><\/p>\n<p><span style=\"font-family: 'Arial',sans-serif;\">+ \u012apa\u0161i nodilumiztur\u012bgs, uzlabots gumijas sakaus\u0113jums, <o:p><\/o:p><\/span><\/p>\n<p><span style=\"font-family: 'Arial',sans-serif;\">+ Augsts akustiskais komforts.<o:p><\/o:p><\/span><\/p>\n<h3><span style=\"font-family: 'Arial',sans-serif;\">CrossClimate 2 apr\u012bkojums<o:p><\/o:p><\/span><\/h3>\n<p><b><span style=\"font-family: 'Arial',sans-serif;\">Michelin CrossClimate 2 <\/span><\/b><span style=\"font-family: 'Arial',sans-serif;\">riepas apr\u012bkotas ar simetrisku, virzienveida protektora dizainu, kura mas\u012bvajos blokos iestr\u0101d\u0101tas EverGrip tehnolo\u0123ijas lameles. \u0160\u012bs lameles, protektoram dilstot, p\u0101rtop par dren\u0101\u017eas kan\u0101liem, \u013cauj riepai saglab\u0101t lielu da\u013cu sa\u0137eres \u012bpa\u0161\u012bbu pat ar minim\u0101lo pie\u013caujamo protektora dzi\u013cumu. Protektors izgatavots no diviem sl\u0101\u0146iem, kur aug\u0161\u0113jais bag\u0101tin\u0101ts ar elastrom\u0113riem. L\u012bdz ar to, riepas efekt\u012bv\u0101k saglab\u0101 elast\u012bbu zem\u0101s gaisa temperat\u016br\u0101s. Apak\u0161\u0113jais sl\u0101nis veidots no termoizol\u0113jo\u0161as k\u0101rtas, \u013caujot \u0161im riepu modelim teicami saglab\u0101t sa\u0137eri lielas slodzes un augstas temperat\u016bras apst\u0101k\u013cos. At\u0161\u0137ir\u012bb\u0101 no sava priek\u0161te\u010da, CrossClimate 2 gumijas sakaus\u0113jums padar\u012bts v\u0113l nodilumiztur\u012bg\u0101ks.\u00a0 Protektora blokiem izveidoti nelieli izvirz\u012bjumi jeb &#8220;sniega nagi&#8221;, kas b\u016btiski uzlabo veiktsp\u0113ju snieg\u0101 un uz ledus. \u0160is modelis ieguvis veselu virkni atzinumu un apbalvojumu, kas apliecina t\u0101 kvalit\u0101ti un piem\u0113rot\u012bbu teju jebk\u0101diem brauk\u0161anas apst\u0101k\u013ciem.\u00a0<\/span><\/p>\n","protected":false},"excerpt":{"rendered":"<p><b><span style=\"font-family: 'Arial',sans-serif;\">Michelin CrossClimate 2<\/span><\/b><span style=\"font-family: 'Arial',sans-serif;\"> ir viens no premium klas\u0113 lab\u0101kajiem vissezonas\/ziemas riepu mode\u013ciem pasaul\u0113. Balstoties uz neskait\u0101miem riepu testiem, \u0161is riepu modelis, citu vissezonas riepu vid\u016b, izce\u013cas ar teicamu veiktsp\u0113ju ziemas apst\u0101k\u013cos.<\/span><\/p>\n","protected":false},"featured_media":844238,"template":"","meta":{"_acf_changed":false,"ngg_post_thumbnail":0},"product_brand":[],"product_cat":[47,45],"product_tag":[],"class_list":{"0":"post-599475","1":"product","2":"type-product","3":"status-publish","4":"has-post-thumbnail","6":"product_cat-vissezonas-riepas","7":"product_cat-ziemas-riepas","9":"first","10":"instock","11":"sale","12":"taxable","13":"shipping-taxable","14":"product-type-simple"},"acf":[],"yoast_head":"<!-- This site is optimized with the Yoast SEO Premium plugin v22.6 (Yoast SEO v27.3) - https:\/\/yoast.com\/product\/yoast-seo-premium-wordpress\/ -->\n<title>215\/55R17 Michelin CrossClimate 2 98W XL &#8226; MMK Riepas<\/title>\n<meta name=\"robots\" content=\"index, follow, max-snippet:-1, max-image-preview:large, max-video-preview:-1\" \/>\n<link rel=\"canonical\" href=\"https:\/\/mmkriepas.lv\/en\/p\/215-55r17-michelin-cross-climate-2-98w-xl\/\" \/>\n<meta property=\"og:locale\" content=\"en_US\" \/>\n<meta property=\"og:type\" content=\"article\" \/>\n<meta property=\"og:title\" content=\"215\/55R17 Michelin CrossClimate 2 98W XL\" \/>\n<meta property=\"og:description\" content=\"Michelin CrossClimate 2 ir viens no premium klas\u0113 lab\u0101kajiem vissezonas\/ziemas riepu mode\u013ciem pasaul\u0113. Balstoties uz neskait\u0101miem riepu testiem, \u0161is riepu modelis, citu vissezonas riepu vid\u016b, izce\u013cas ar teicamu veiktsp\u0113ju ziemas apst\u0101k\u013cos.\" \/>\n<meta property=\"og:url\" content=\"https:\/\/mmkriepas.lv\/en\/p\/215-55r17-michelin-cross-climate-2-98w-xl\/\" \/>\n<meta property=\"og:site_name\" content=\"MMK Riepas\" \/>\n<meta property=\"article:publisher\" content=\"https:\/\/www.facebook.com\/mmkserviss\/\" \/>\n<meta property=\"article:modified_time\" content=\"2026-03-05T23:02:01+00:00\" \/>\n<meta property=\"og:image\" content=\"https:\/\/mmkriepas.lv\/wp-content\/uploads\/2024\/01\/21545r17-michelin-crossclimate-2-91y-ziemas-riepas.jpeg\" \/>\n\t<meta property=\"og:image:width\" content=\"1920\" \/>\n\t<meta property=\"og:image:height\" content=\"1901\" \/>\n\t<meta property=\"og:image:type\" content=\"image\/jpeg\" \/>\n<meta name=\"twitter:card\" content=\"summary_large_image\" \/>\n<meta name=\"twitter:label1\" content=\"Price\" \/>\n\t<meta name=\"twitter:data1\" content=\"&euro;169.00\" \/>\n\t<meta name=\"twitter:label2\" content=\"Availability\" \/>\n\t<meta name=\"twitter:data2\" content=\"In stock\" \/>\n<script type=\"application\/ld+json\" class=\"yoast-schema-graph\">{\"@context\":\"https:\\\/\\\/schema.org\",\"@graph\":[{\"@type\":\"WebPage\",\"@id\":\"https:\\\/\\\/mmkriepas.lv\\\/en\\\/p\\\/215-55r17-michelin-cross-climate-2-98w-xl\\\/\",\"url\":\"https:\\\/\\\/mmkriepas.lv\\\/en\\\/p\\\/215-55r17-michelin-cross-climate-2-98w-xl\\\/\",\"name\":\"215\\\/55R17 Michelin CrossClimate 2 98W XL &#8226; MMK Riepas\",\"isPartOf\":{\"@id\":\"https:\\\/\\\/mmkriepas.lv\\\/en\\\/#website\"},\"primaryImageOfPage\":{\"@id\":\"https:\\\/\\\/mmkriepas.lv\\\/en\\\/p\\\/215-55r17-michelin-cross-climate-2-98w-xl\\\/#primaryimage\"},\"image\":{\"@id\":\"https:\\\/\\\/mmkriepas.lv\\\/en\\\/p\\\/215-55r17-michelin-cross-climate-2-98w-xl\\\/#primaryimage\"},\"thumbnailUrl\":\"https:\\\/\\\/mmkriepas.lv\\\/wp-content\\\/uploads\\\/2024\\\/01\\\/21545r17-michelin-crossclimate-2-91y-ziemas-riepas.jpeg\",\"datePublished\":\"2023-02-09T17:03:59+00:00\",\"dateModified\":\"2026-03-05T23:02:01+00:00\",\"breadcrumb\":{\"@id\":\"https:\\\/\\\/mmkriepas.lv\\\/en\\\/p\\\/215-55r17-michelin-cross-climate-2-98w-xl\\\/#breadcrumb\"},\"inLanguage\":\"en-US\",\"potentialAction\":[{\"@type\":\"ReadAction\",\"target\":[\"https:\\\/\\\/mmkriepas.lv\\\/en\\\/p\\\/215-55r17-michelin-cross-climate-2-98w-xl\\\/\"]}]},{\"@type\":\"ImageObject\",\"inLanguage\":\"en-US\",\"@id\":\"https:\\\/\\\/mmkriepas.lv\\\/en\\\/p\\\/215-55r17-michelin-cross-climate-2-98w-xl\\\/#primaryimage\",\"url\":\"https:\\\/\\\/mmkriepas.lv\\\/wp-content\\\/uploads\\\/2024\\\/01\\\/21545r17-michelin-crossclimate-2-91y-ziemas-riepas.jpeg\",\"contentUrl\":\"https:\\\/\\\/mmkriepas.lv\\\/wp-content\\\/uploads\\\/2024\\\/01\\\/21545r17-michelin-crossclimate-2-91y-ziemas-riepas.jpeg\",\"width\":1920,\"height\":1901,\"caption\":\"MAIN\"},{\"@type\":\"BreadcrumbList\",\"@id\":\"https:\\\/\\\/mmkriepas.lv\\\/en\\\/p\\\/215-55r17-michelin-cross-climate-2-98w-xl\\\/#breadcrumb\",\"itemListElement\":[{\"@type\":\"ListItem\",\"position\":1,\"name\":\"S\u0101kums\",\"item\":\"https:\\\/\\\/mmkriepas.lv\\\/en\\\/\"},{\"@type\":\"ListItem\",\"position\":2,\"name\":\"215\\\/55R17 Michelin CrossClimate 2 98W XL\"}]},{\"@type\":\"WebSite\",\"@id\":\"https:\\\/\\\/mmkriepas.lv\\\/en\\\/#website\",\"url\":\"https:\\\/\\\/mmkriepas.lv\\\/en\\\/\",\"name\":\"MMK Riepas\",\"description\":\"MMK Riepas\",\"alternateName\":\"MMK Riepu Serviss\",\"potentialAction\":[{\"@type\":\"SearchAction\",\"target\":{\"@type\":\"EntryPoint\",\"urlTemplate\":\"https:\\\/\\\/mmkriepas.lv\\\/en\\\/?s={search_term_string}\"},\"query-input\":{\"@type\":\"PropertyValueSpecification\",\"valueRequired\":true,\"valueName\":\"search_term_string\"}}],\"inLanguage\":\"en-US\"},{\"@type\":\"ImageObject\",\"inLanguage\":\"en-US\",\"@id\":\"https:\\\/\\\/mmkriepas.lv\\\/en\\\/p\\\/215-55r17-michelin-cross-climate-2-98w-xl\\\/#local-main-organization-logo\",\"url\":\"\",\"contentUrl\":\"\",\"caption\":\"MMK Riepas\"}]}<\/script>\n<meta property=\"product:brand\" content=\"Michelin CrossClimate 2\" \/>\n<meta property=\"product:price:amount\" content=\"169.00\" \/>\n<meta property=\"product:price:currency\" content=\"EUR\" \/>\n<meta property=\"og:availability\" content=\"instock\" \/>\n<meta property=\"product:availability\" content=\"instock\" \/>\n<meta property=\"product:retailer_item_id\" content=\"TW2155517Miche-E18871\" \/>\n<meta property=\"product:condition\" content=\"new\" \/>\n<!-- \/ Yoast SEO Premium plugin. -->","yoast_head_json":{"title":"215\/55R17 Michelin CrossClimate 2 98W XL &#8226; MMK Riepas","robots":{"index":"index","follow":"follow","max-snippet":"max-snippet:-1","max-image-preview":"max-image-preview:large","max-video-preview":"max-video-preview:-1"},"canonical":"https:\/\/mmkriepas.lv\/en\/p\/215-55r17-michelin-cross-climate-2-98w-xl\/","og_locale":"en_US","og_type":"article","og_title":"215\/55R17 Michelin CrossClimate 2 98W XL","og_description":"Michelin CrossClimate 2 ir viens no premium klas\u0113 lab\u0101kajiem vissezonas\/ziemas riepu mode\u013ciem pasaul\u0113. Balstoties uz neskait\u0101miem riepu testiem, \u0161is riepu modelis, citu vissezonas riepu vid\u016b, izce\u013cas ar teicamu veiktsp\u0113ju ziemas apst\u0101k\u013cos.","og_url":"https:\/\/mmkriepas.lv\/en\/p\/215-55r17-michelin-cross-climate-2-98w-xl\/","og_site_name":"MMK Riepas","article_publisher":"https:\/\/www.facebook.com\/mmkserviss\/","article_modified_time":"2026-03-05T23:02:01+00:00","og_image":[{"width":1920,"height":1901,"url":"https:\/\/mmkriepas.lv\/wp-content\/uploads\/2024\/01\/21545r17-michelin-crossclimate-2-91y-ziemas-riepas.jpeg","type":"image\/jpeg"}],"twitter_card":"summary_large_image","twitter_misc":{"Price":"&euro;169.00","Availability":"In stock"},"schema":{"@context":"https:\/\/schema.org","@graph":[{"@type":"WebPage","@id":"https:\/\/mmkriepas.lv\/en\/p\/215-55r17-michelin-cross-climate-2-98w-xl\/","url":"https:\/\/mmkriepas.lv\/en\/p\/215-55r17-michelin-cross-climate-2-98w-xl\/","name":"215\/55R17 Michelin CrossClimate 2 98W XL &#8226; MMK Riepas","isPartOf":{"@id":"https:\/\/mmkriepas.lv\/en\/#website"},"primaryImageOfPage":{"@id":"https:\/\/mmkriepas.lv\/en\/p\/215-55r17-michelin-cross-climate-2-98w-xl\/#primaryimage"},"image":{"@id":"https:\/\/mmkriepas.lv\/en\/p\/215-55r17-michelin-cross-climate-2-98w-xl\/#primaryimage"},"thumbnailUrl":"https:\/\/mmkriepas.lv\/wp-content\/uploads\/2024\/01\/21545r17-michelin-crossclimate-2-91y-ziemas-riepas.jpeg","datePublished":"2023-02-09T17:03:59+00:00","dateModified":"2026-03-05T23:02:01+00:00","breadcrumb":{"@id":"https:\/\/mmkriepas.lv\/en\/p\/215-55r17-michelin-cross-climate-2-98w-xl\/#breadcrumb"},"inLanguage":"en-US","potentialAction":[{"@type":"ReadAction","target":["https:\/\/mmkriepas.lv\/en\/p\/215-55r17-michelin-cross-climate-2-98w-xl\/"]}]},{"@type":"ImageObject","inLanguage":"en-US","@id":"https:\/\/mmkriepas.lv\/en\/p\/215-55r17-michelin-cross-climate-2-98w-xl\/#primaryimage","url":"https:\/\/mmkriepas.lv\/wp-content\/uploads\/2024\/01\/21545r17-michelin-crossclimate-2-91y-ziemas-riepas.jpeg","contentUrl":"https:\/\/mmkriepas.lv\/wp-content\/uploads\/2024\/01\/21545r17-michelin-crossclimate-2-91y-ziemas-riepas.jpeg","width":1920,"height":1901,"caption":"MAIN"},{"@type":"BreadcrumbList","@id":"https:\/\/mmkriepas.lv\/en\/p\/215-55r17-michelin-cross-climate-2-98w-xl\/#breadcrumb","itemListElement":[{"@type":"ListItem","position":1,"name":"S\u0101kums","item":"https:\/\/mmkriepas.lv\/en\/"},{"@type":"ListItem","position":2,"name":"215\/55R17 Michelin CrossClimate 2 98W XL"}]},{"@type":"WebSite","@id":"https:\/\/mmkriepas.lv\/en\/#website","url":"https:\/\/mmkriepas.lv\/en\/","name":"MMK Riepas","description":"MMK Riepas","alternateName":"MMK Riepu Serviss","potentialAction":[{"@type":"SearchAction","target":{"@type":"EntryPoint","urlTemplate":"https:\/\/mmkriepas.lv\/en\/?s={search_term_string}"},"query-input":{"@type":"PropertyValueSpecification","valueRequired":true,"valueName":"search_term_string"}}],"inLanguage":"en-US"},{"@type":"ImageObject","inLanguage":"en-US","@id":"https:\/\/mmkriepas.lv\/en\/p\/215-55r17-michelin-cross-climate-2-98w-xl\/#local-main-organization-logo","url":"","contentUrl":"","caption":"MMK Riepas"}]},"product_brand":"Michelin CrossClimate 2","product_price_amount":"169.00","product_price_currency":"EUR","og_availability":"instock","product_availability":"instock","product_retailer_item_id":"TW2155517Miche-E18871","product_condition":"new"},"_links":{"self":[{"href":"https:\/\/mmkriepas.lv\/en\/wp-json\/wp\/v2\/product\/599475","targetHints":{"allow":["GET"]}}],"collection":[{"href":"https:\/\/mmkriepas.lv\/en\/wp-json\/wp\/v2\/product"}],"about":[{"href":"https:\/\/mmkriepas.lv\/en\/wp-json\/wp\/v2\/types\/product"}],"wp:featuredmedia":[{"embeddable":true,"href":"https:\/\/mmkriepas.lv\/en\/wp-json\/wp\/v2\/media\/844238"}],"wp:attachment":[{"href":"https:\/\/mmkriepas.lv\/en\/wp-json\/wp\/v2\/media?parent=599475"}],"wp:term":[{"taxonomy":"product_brand","embeddable":true,"href":"https:\/\/mmkriepas.lv\/en\/wp-json\/wp\/v2\/product_brand?post=599475"},{"taxonomy":"product_cat","embeddable":true,"href":"https:\/\/mmkriepas.lv\/en\/wp-json\/wp\/v2\/product_cat?post=599475"},{"taxonomy":"product_tag","embeddable":true,"href":"https:\/\/mmkriepas.lv\/en\/wp-json\/wp\/v2\/product_tag?post=599475"}],"curies":[{"name":"wp","href":"https:\/\/api.w.org\/{rel}","templated":true}]}}