{"id":599225,"date":"2023-02-09T18:57:55","date_gmt":"2023-02-09T16:57:55","guid":{"rendered":"https:\/\/mmkserviss.lv\/?post_type=product&#038;p=599225"},"modified":"2025-11-12T08:50:10","modified_gmt":"2025-11-12T06:50:10","slug":"225-55r18-michelin-x-ice-xi3-98h-dot19","status":"publish","type":"product","link":"https:\/\/mmkriepas.lv\/en\/p\/225-55r18-michelin-x-ice-xi3-98h-dot19\/","title":{"rendered":"225\/55R18 Michelin X-Ice XI3 98H DOT19"},"content":{"rendered":"<p class=\"western\"><strong><span style=\"font-family: Arial, sans-serif;\">Michelin X-Ice XI3<\/span><\/strong><span style=\"font-family: Arial, sans-serif;\"> ir augst\u0101k\u0101s kvalit\u0101tes jeb Premium klases ziemas riepu modelis. Tas izce\u013cas ar izciliem sa\u0137eres, manevr\u0113tsp\u0113jas, komforta un nodilumiztur\u012bbas r\u0101d\u012bt\u0101jiem pat skarbos ziemas brauk\u0161anas apst\u0101k\u013cos. Modelis pieejams pla\u0161\u0101 izm\u0113ru kl\u0101st\u0101 no R13, l\u012bdz R20 un paredz\u0113ts gan kompaktklases vieglaj\u0101m, gan apvidus automa\u0161\u012bn\u0101m jeb SUV.<\/span><\/p>\n<h3 class=\"western\"><span style=\"font-family: Arial, sans-serif;\">Michelin X-Ice XI3 galven\u0101s iez\u012bmes<\/span><\/h3>\n<p class=\"western\"><span style=\"font-family: Arial, sans-serif;\">+ Izcila sa\u0137ere un manevr\u0113tsp\u0113ja pat skarbos ziemas apst\u0101k\u013cos.<br \/>+ Vado\u0161\u0101s riepu giganta Michelin tehnolo\u0123ijas.<br \/>+ Zems akvaplan\u0113\u0161anas risks.<br \/>+ Augsta nodilumiztur\u012bba.<br \/>+ Izteikts akustiskais un brauk\u0161anas gaitas komforts.<\/span><\/p>\n<h3 class=\"western\"><span style=\"font-family: Arial, sans-serif;\">X-Ice XI3 apr\u012bkojums<\/span><\/h3>\n<p class=\"western\"><strong><span style=\"font-family: Arial, sans-serif;\">Michelin X-Ice XI3\u00a0<\/span><\/strong><span style=\"font-family: Arial, sans-serif;\">ziemas riepu modelis apr\u012bkots ar \u012bpa\u0161i agres\u012bvu virzienveida protektora rakstu. \u0160\u0101ds dizains izv\u0113l\u0113ts, lai uzlabotu riepu veiktsp\u0113jas r\u0101d\u012bt\u0101jus skarbos ziemas apst\u0101k\u013cos &#8211; dzi\u013c\u0101 snieg\u0101 un uz apledoju\u0161iem ce\u013ca posmiem.<\/span><\/p>\n<p class=\"western\"><span style=\"font-family: Arial, sans-serif;\">Mas\u012bvajos, V-veid\u0101 izvietotajos protektora blokos bl\u012bvi iestr\u0101d\u0101ti vair\u0101ki t\u016bksto\u0161i Michelin tehnolo\u0123ijas lame\u013cu. T\u0101s, darbojoties l\u012bdz\u012bgi radz\u0113m, ar as\u0101m kant\u0113m iec\u0113rtas sabliet\u0113t\u0101 snieg\u0101 un led\u016b, ar slidenaj\u0101m virsm\u0101m veidojot cie\u0161u sa\u0137eri.<\/span><\/p>\n<p class=\"western\"><span style=\"font-family: Arial, sans-serif;\">Starp protektora bloku virkn\u0113m izvietota augsti att\u012bst\u012bta dren\u0101\u017eas jeb \u016bdens novadkan\u0101lu sist\u0113ma. T\u0101 \u0101tri un efekt\u012bvi atbr\u012bvo riepu sa\u0137eres punku ar ce\u013cu no \u016bdens, sniega un slapjdra\u0146\u0137a, uzlabojot sa\u0137eri un samazinot akvaplan\u0113\u0161anas risku.<\/span><\/p>\n<p class=\"western\"><strong><span style=\"font-family: Arial, sans-serif;\">Michelin X-Ice XI3\u00a0<\/span><\/strong><span style=\"font-family: Arial, sans-serif;\">protektors darin\u0101ts no augst\u0101k\u0101 labuma gumijas sakaus\u0113juma. Tam pievienotie \u0137\u012bmiskie elementi ne tikai absorb\u0113 \u016bdeni un sl\u0101p\u0113 ska\u0146u, bet ar\u012b pal\u012bdz nezaud\u0113t elast\u012bbu zem\u0101s gaisa temperat\u016br\u0101s. K\u0101 zin\u0101ms, elast\u012bga riepa daudz lab\u0101k veido sa\u0137eri ar ce\u013cu, k\u0101 ar\u012b dilst vienm\u0113r\u012bg\u0101k.<\/span><\/p>\n","protected":false},"excerpt":{"rendered":"<p class=\"western\"><strong><span style=\"font-family: Arial, sans-serif;\">Michelin X-Ice XI3<\/span><\/strong><span style=\"font-family: Arial, sans-serif;\"> ir augst\u0101k\u0101s kvalit\u0101tes jeb Premium klases ziemas riepu modelis. Tas izce\u013cas ar izciliem sa\u0137eres, manevr\u0113tsp\u0113jas, komforta un nodilumiztur\u012bbas r\u0101d\u012bt\u0101jiem pat skarbos ziemas brauk\u0161anas apst\u0101k\u013cos. Modelis pieejams pla\u0161\u0101 izm\u0113ru kl\u0101st\u0101 no R13, l\u012bdz R20 un paredz\u0113ts gan kompaktklases vieglaj\u0101m, gan apvidus automa\u0161\u012bn\u0101m jeb SUV.<\/span><\/p>\n","protected":false},"featured_media":1124628,"template":"","meta":{"_acf_changed":false,"ngg_post_thumbnail":0},"product_brand":[],"product_cat":[47,45],"product_tag":[],"class_list":{"0":"post-599225","1":"product","2":"type-product","3":"status-publish","4":"has-post-thumbnail","6":"product_cat-vissezonas-riepas","7":"product_cat-ziemas-riepas","9":"first","10":"instock","11":"sale","12":"taxable","13":"shipping-taxable","14":"product-type-simple"},"acf":[],"yoast_head":"<!-- This site is optimized with the Yoast SEO Premium plugin v22.6 (Yoast SEO v27.3) - https:\/\/yoast.com\/product\/yoast-seo-premium-wordpress\/ -->\n<title>225\/55R18 Michelin X-Ice XI3 98H DOT19 &#8226; MMK Riepas<\/title>\n<meta name=\"robots\" content=\"index, follow, max-snippet:-1, max-image-preview:large, max-video-preview:-1\" \/>\n<link rel=\"canonical\" href=\"https:\/\/mmkriepas.lv\/en\/p\/225-55r18-michelin-x-ice-xi3-98h-dot19\/\" \/>\n<meta property=\"og:locale\" content=\"en_US\" \/>\n<meta property=\"og:type\" content=\"article\" \/>\n<meta property=\"og:title\" content=\"225\/55R18 Michelin X-Ice XI3 98H DOT19\" \/>\n<meta property=\"og:description\" content=\"Michelin X-Ice XI3 ir augst\u0101k\u0101s kvalit\u0101tes jeb Premium klases ziemas riepu modelis. Tas izce\u013cas ar izciliem sa\u0137eres, manevr\u0113tsp\u0113jas, komforta un nodilumiztur\u012bbas r\u0101d\u012bt\u0101jiem pat skarbos ziemas brauk\u0161anas apst\u0101k\u013cos. Modelis pieejams pla\u0161\u0101 izm\u0113ru kl\u0101st\u0101 no R13, l\u012bdz R20 un paredz\u0113ts gan kompaktklases vieglaj\u0101m, gan apvidus automa\u0161\u012bn\u0101m jeb SUV.\" \/>\n<meta property=\"og:url\" content=\"https:\/\/mmkriepas.lv\/en\/p\/225-55r18-michelin-x-ice-xi3-98h-dot19\/\" \/>\n<meta property=\"og:site_name\" content=\"MMK Riepas\" \/>\n<meta property=\"article:publisher\" content=\"https:\/\/www.facebook.com\/mmkserviss\/\" \/>\n<meta property=\"article:modified_time\" content=\"2025-11-12T06:50:10+00:00\" \/>\n<meta property=\"og:image\" content=\"https:\/\/mmkriepas.lv\/wp-content\/uploads\/2024\/11\/27540r20-michelin-x-ice-xi3-102h-runflat-ziemas-riepas.jpg\" \/>\n\t<meta property=\"og:image:width\" content=\"900\" \/>\n\t<meta property=\"og:image:height\" content=\"720\" \/>\n\t<meta property=\"og:image:type\" content=\"image\/jpeg\" \/>\n<meta name=\"twitter:card\" content=\"summary_large_image\" \/>\n<meta name=\"twitter:label1\" content=\"Price\" \/>\n\t<meta name=\"twitter:data1\" content=\"&euro;150.00\" \/>\n\t<meta name=\"twitter:label2\" content=\"Availability\" \/>\n\t<meta name=\"twitter:data2\" content=\"In stock\" \/>\n<script type=\"application\/ld+json\" class=\"yoast-schema-graph\">{\"@context\":\"https:\\\/\\\/schema.org\",\"@graph\":[{\"@type\":\"WebPage\",\"@id\":\"https:\\\/\\\/mmkriepas.lv\\\/en\\\/p\\\/225-55r18-michelin-x-ice-xi3-98h-dot19\\\/\",\"url\":\"https:\\\/\\\/mmkriepas.lv\\\/en\\\/p\\\/225-55r18-michelin-x-ice-xi3-98h-dot19\\\/\",\"name\":\"225\\\/55R18 Michelin X-Ice XI3 98H DOT19 &#8226; MMK Riepas\",\"isPartOf\":{\"@id\":\"https:\\\/\\\/mmkriepas.lv\\\/en\\\/#website\"},\"primaryImageOfPage\":{\"@id\":\"https:\\\/\\\/mmkriepas.lv\\\/en\\\/p\\\/225-55r18-michelin-x-ice-xi3-98h-dot19\\\/#primaryimage\"},\"image\":{\"@id\":\"https:\\\/\\\/mmkriepas.lv\\\/en\\\/p\\\/225-55r18-michelin-x-ice-xi3-98h-dot19\\\/#primaryimage\"},\"thumbnailUrl\":\"https:\\\/\\\/mmkriepas.lv\\\/wp-content\\\/uploads\\\/2024\\\/11\\\/27540r20-michelin-x-ice-xi3-102h-runflat-ziemas-riepas.jpg\",\"datePublished\":\"2023-02-09T16:57:55+00:00\",\"dateModified\":\"2025-11-12T06:50:10+00:00\",\"breadcrumb\":{\"@id\":\"https:\\\/\\\/mmkriepas.lv\\\/en\\\/p\\\/225-55r18-michelin-x-ice-xi3-98h-dot19\\\/#breadcrumb\"},\"inLanguage\":\"en-US\",\"potentialAction\":[{\"@type\":\"ReadAction\",\"target\":[\"https:\\\/\\\/mmkriepas.lv\\\/en\\\/p\\\/225-55r18-michelin-x-ice-xi3-98h-dot19\\\/\"]}]},{\"@type\":\"ImageObject\",\"inLanguage\":\"en-US\",\"@id\":\"https:\\\/\\\/mmkriepas.lv\\\/en\\\/p\\\/225-55r18-michelin-x-ice-xi3-98h-dot19\\\/#primaryimage\",\"url\":\"https:\\\/\\\/mmkriepas.lv\\\/wp-content\\\/uploads\\\/2024\\\/11\\\/27540r20-michelin-x-ice-xi3-102h-runflat-ziemas-riepas.jpg\",\"contentUrl\":\"https:\\\/\\\/mmkriepas.lv\\\/wp-content\\\/uploads\\\/2024\\\/11\\\/27540r20-michelin-x-ice-xi3-102h-runflat-ziemas-riepas.jpg\",\"width\":900,\"height\":720,\"caption\":\"MAIN\"},{\"@type\":\"BreadcrumbList\",\"@id\":\"https:\\\/\\\/mmkriepas.lv\\\/en\\\/p\\\/225-55r18-michelin-x-ice-xi3-98h-dot19\\\/#breadcrumb\",\"itemListElement\":[{\"@type\":\"ListItem\",\"position\":1,\"name\":\"S\u0101kums\",\"item\":\"https:\\\/\\\/mmkriepas.lv\\\/en\\\/\"},{\"@type\":\"ListItem\",\"position\":2,\"name\":\"225\\\/55R18 Michelin X-Ice XI3 98H DOT19\"}]},{\"@type\":\"WebSite\",\"@id\":\"https:\\\/\\\/mmkriepas.lv\\\/en\\\/#website\",\"url\":\"https:\\\/\\\/mmkriepas.lv\\\/en\\\/\",\"name\":\"MMK Riepas\",\"description\":\"MMK Riepas\",\"alternateName\":\"MMK Riepu Serviss\",\"potentialAction\":[{\"@type\":\"SearchAction\",\"target\":{\"@type\":\"EntryPoint\",\"urlTemplate\":\"https:\\\/\\\/mmkriepas.lv\\\/en\\\/?s={search_term_string}\"},\"query-input\":{\"@type\":\"PropertyValueSpecification\",\"valueRequired\":true,\"valueName\":\"search_term_string\"}}],\"inLanguage\":\"en-US\"},{\"@type\":\"ImageObject\",\"inLanguage\":\"en-US\",\"@id\":\"https:\\\/\\\/mmkriepas.lv\\\/en\\\/p\\\/225-55r18-michelin-x-ice-xi3-98h-dot19\\\/#local-main-organization-logo\",\"url\":\"\",\"contentUrl\":\"\",\"caption\":\"MMK Riepas\"}]}<\/script>\n<meta property=\"product:brand\" content=\"Michelin X-Ice XI3\" \/>\n<meta property=\"product:price:amount\" content=\"150.00\" \/>\n<meta property=\"product:price:currency\" content=\"EUR\" \/>\n<meta property=\"og:availability\" content=\"instock\" \/>\n<meta property=\"product:availability\" content=\"instock\" \/>\n<meta property=\"product:retailer_item_id\" content=\"TW2255518Miche-E18796\" \/>\n<meta property=\"product:condition\" content=\"new\" \/>\n<!-- \/ Yoast SEO Premium plugin. -->","yoast_head_json":{"title":"225\/55R18 Michelin X-Ice XI3 98H DOT19 &#8226; MMK Riepas","robots":{"index":"index","follow":"follow","max-snippet":"max-snippet:-1","max-image-preview":"max-image-preview:large","max-video-preview":"max-video-preview:-1"},"canonical":"https:\/\/mmkriepas.lv\/en\/p\/225-55r18-michelin-x-ice-xi3-98h-dot19\/","og_locale":"en_US","og_type":"article","og_title":"225\/55R18 Michelin X-Ice XI3 98H DOT19","og_description":"Michelin X-Ice XI3 ir augst\u0101k\u0101s kvalit\u0101tes jeb Premium klases ziemas riepu modelis. Tas izce\u013cas ar izciliem sa\u0137eres, manevr\u0113tsp\u0113jas, komforta un nodilumiztur\u012bbas r\u0101d\u012bt\u0101jiem pat skarbos ziemas brauk\u0161anas apst\u0101k\u013cos. Modelis pieejams pla\u0161\u0101 izm\u0113ru kl\u0101st\u0101 no R13, l\u012bdz R20 un paredz\u0113ts gan kompaktklases vieglaj\u0101m, gan apvidus automa\u0161\u012bn\u0101m jeb SUV.","og_url":"https:\/\/mmkriepas.lv\/en\/p\/225-55r18-michelin-x-ice-xi3-98h-dot19\/","og_site_name":"MMK Riepas","article_publisher":"https:\/\/www.facebook.com\/mmkserviss\/","article_modified_time":"2025-11-12T06:50:10+00:00","og_image":[{"width":900,"height":720,"url":"https:\/\/mmkriepas.lv\/wp-content\/uploads\/2024\/11\/27540r20-michelin-x-ice-xi3-102h-runflat-ziemas-riepas.jpg","type":"image\/jpeg"}],"twitter_card":"summary_large_image","twitter_misc":{"Price":"&euro;150.00","Availability":"In stock"},"schema":{"@context":"https:\/\/schema.org","@graph":[{"@type":"WebPage","@id":"https:\/\/mmkriepas.lv\/en\/p\/225-55r18-michelin-x-ice-xi3-98h-dot19\/","url":"https:\/\/mmkriepas.lv\/en\/p\/225-55r18-michelin-x-ice-xi3-98h-dot19\/","name":"225\/55R18 Michelin X-Ice XI3 98H DOT19 &#8226; MMK Riepas","isPartOf":{"@id":"https:\/\/mmkriepas.lv\/en\/#website"},"primaryImageOfPage":{"@id":"https:\/\/mmkriepas.lv\/en\/p\/225-55r18-michelin-x-ice-xi3-98h-dot19\/#primaryimage"},"image":{"@id":"https:\/\/mmkriepas.lv\/en\/p\/225-55r18-michelin-x-ice-xi3-98h-dot19\/#primaryimage"},"thumbnailUrl":"https:\/\/mmkriepas.lv\/wp-content\/uploads\/2024\/11\/27540r20-michelin-x-ice-xi3-102h-runflat-ziemas-riepas.jpg","datePublished":"2023-02-09T16:57:55+00:00","dateModified":"2025-11-12T06:50:10+00:00","breadcrumb":{"@id":"https:\/\/mmkriepas.lv\/en\/p\/225-55r18-michelin-x-ice-xi3-98h-dot19\/#breadcrumb"},"inLanguage":"en-US","potentialAction":[{"@type":"ReadAction","target":["https:\/\/mmkriepas.lv\/en\/p\/225-55r18-michelin-x-ice-xi3-98h-dot19\/"]}]},{"@type":"ImageObject","inLanguage":"en-US","@id":"https:\/\/mmkriepas.lv\/en\/p\/225-55r18-michelin-x-ice-xi3-98h-dot19\/#primaryimage","url":"https:\/\/mmkriepas.lv\/wp-content\/uploads\/2024\/11\/27540r20-michelin-x-ice-xi3-102h-runflat-ziemas-riepas.jpg","contentUrl":"https:\/\/mmkriepas.lv\/wp-content\/uploads\/2024\/11\/27540r20-michelin-x-ice-xi3-102h-runflat-ziemas-riepas.jpg","width":900,"height":720,"caption":"MAIN"},{"@type":"BreadcrumbList","@id":"https:\/\/mmkriepas.lv\/en\/p\/225-55r18-michelin-x-ice-xi3-98h-dot19\/#breadcrumb","itemListElement":[{"@type":"ListItem","position":1,"name":"S\u0101kums","item":"https:\/\/mmkriepas.lv\/en\/"},{"@type":"ListItem","position":2,"name":"225\/55R18 Michelin X-Ice XI3 98H DOT19"}]},{"@type":"WebSite","@id":"https:\/\/mmkriepas.lv\/en\/#website","url":"https:\/\/mmkriepas.lv\/en\/","name":"MMK Riepas","description":"MMK Riepas","alternateName":"MMK Riepu Serviss","potentialAction":[{"@type":"SearchAction","target":{"@type":"EntryPoint","urlTemplate":"https:\/\/mmkriepas.lv\/en\/?s={search_term_string}"},"query-input":{"@type":"PropertyValueSpecification","valueRequired":true,"valueName":"search_term_string"}}],"inLanguage":"en-US"},{"@type":"ImageObject","inLanguage":"en-US","@id":"https:\/\/mmkriepas.lv\/en\/p\/225-55r18-michelin-x-ice-xi3-98h-dot19\/#local-main-organization-logo","url":"","contentUrl":"","caption":"MMK Riepas"}]},"product_brand":"Michelin X-Ice XI3","product_price_amount":"150.00","product_price_currency":"EUR","og_availability":"instock","product_availability":"instock","product_retailer_item_id":"TW2255518Miche-E18796","product_condition":"new"},"_links":{"self":[{"href":"https:\/\/mmkriepas.lv\/en\/wp-json\/wp\/v2\/product\/599225","targetHints":{"allow":["GET"]}}],"collection":[{"href":"https:\/\/mmkriepas.lv\/en\/wp-json\/wp\/v2\/product"}],"about":[{"href":"https:\/\/mmkriepas.lv\/en\/wp-json\/wp\/v2\/types\/product"}],"wp:featuredmedia":[{"embeddable":true,"href":"https:\/\/mmkriepas.lv\/en\/wp-json\/wp\/v2\/media\/1124628"}],"wp:attachment":[{"href":"https:\/\/mmkriepas.lv\/en\/wp-json\/wp\/v2\/media?parent=599225"}],"wp:term":[{"taxonomy":"product_brand","embeddable":true,"href":"https:\/\/mmkriepas.lv\/en\/wp-json\/wp\/v2\/product_brand?post=599225"},{"taxonomy":"product_cat","embeddable":true,"href":"https:\/\/mmkriepas.lv\/en\/wp-json\/wp\/v2\/product_cat?post=599225"},{"taxonomy":"product_tag","embeddable":true,"href":"https:\/\/mmkriepas.lv\/en\/wp-json\/wp\/v2\/product_tag?post=599225"}],"curies":[{"name":"wp","href":"https:\/\/api.w.org\/{rel}","templated":true}]}}