{"id":599037,"date":"2023-02-09T18:53:31","date_gmt":"2023-02-09T16:53:31","guid":{"rendered":"https:\/\/mmkserviss.lv\/?post_type=product&#038;p=599037"},"modified":"2026-04-05T00:02:02","modified_gmt":"2026-04-04T21:02:02","slug":"155-70r19-michelin-alpin-6-88h-xl","status":"publish","type":"product","link":"https:\/\/mmkriepas.lv\/en\/p\/155-70r19-michelin-alpin-6-88h-xl\/","title":{"rendered":"155\/70R19 Michelin Alpin 6 88H XL"},"content":{"rendered":"<p><b>Michelin Alpin 6 \u2013<span>\u00a0<\/span><\/b><span>viens no lab\u0101kajiem ziemas\/vissezonas riepu mode\u013ciem. Izce\u013cas ar izcilu notur\u012bbu pret akvaplan\u0113\u0161anu, k\u0101 ar\u012b augst\u0101ko dro\u0161\u012bbas un p\u0101rliec\u012bbas l\u012bmeni visda\u017e\u0101d\u0101kajos brauk\u0161anas apst\u0101k\u013cos.<\/span><\/p>\n<h3><b>Michelin Alpin 6 galven\u0101s iez\u012bmes:<\/b><\/h3>\n<p><span>+ Teicama sa\u0137ere pla\u0161\u0101kaj\u0101 klimatisko apst\u0101k\u013cu diapazon\u0101,<\/span><\/p>\n<p><span>+ Viena no lab\u0101kaj\u0101m ziemas\/vissezonas riep\u0101m pasaul\u0113,<\/span><\/p>\n<p><span>+ Augsti att\u012bst\u012bta dren\u0101\u017eas jeb \u016bdens novadkan\u0101lu sist\u0113ma lieliskai notur\u012bbai pret akvaplan\u0113\u0161anu,<\/span><\/p>\n<p><span>+ Sensacion\u0101la nodilumiztur\u012bba,<\/span><\/p>\n<p><span>+ Jaun\u0101k\u0101s Michelin tehnolo\u0123ijas,<\/span><\/p>\n<p><span>+ Augsta veiktsp\u0113ja pat da\u013c\u0113ji nodilstot, pateicoties EverGrip tehnolo\u0123ijai,<\/span><\/p>\n<p><span>+ Izcils akustiskais komforts.<\/span><\/p>\n<h3><b>Alpin 6 apr\u012bkojums<\/b><\/h3>\n<p><b>Michelin Alpin 6<\/b><span>\u00a0ziemas\/vissezonas riepu modelis apr\u012bkots ar virzienveida protektora rakstu lab\u0101kai notur\u012bbai pret akvaplan\u0113\u0161anu un uzlabotai veiktsp\u0113jai snieg\u0101 un slapjdra\u0146\u0137\u012b.<\/span><\/p>\n<p><span>Riepu gumijas sast\u0101vam pievienota virkne \u0137\u012bmisku savienojumu, kas padar\u012bjusi \u0161\u012bs riepas sp\u0113j\u012bgas adapt\u0113ties pla\u0161am temperat\u016bru diapazonam. \u0160is riepu modelis lieliski saglab\u0101 elast\u012bbu \u0101rk\u0101rt\u012bgi zem\u0101s temperat\u016br\u0101s, izcili veidojot sa\u0137eri ar ledu un sniegu. Turkl\u0101t, \u0161is riepu modelis nezaud\u0113 formu ar\u012b paaugstin\u0101tas slodzes vai temperat\u016bras apst\u0101k\u013cos. Turkl\u0101t, gumijas mais\u012bjumam pievienoti ar\u012b elementi, kas to padara nodilumiztur\u012bg\u0101ku un sl\u0101p\u0113 ska\u0146u.<\/span><\/p>\n<p><span>Protektora blokos iestr\u0101d\u0101tas\u00a0<strong>EverGrip<\/strong>\u00a0tehnolo\u0123ijas lameles, kas, pak\u0101peniski veidojoties nodilumam, p\u0101rtop par dren\u0101\u017eas kan\u0101liem. \u0160\u0101d\u0101 veid\u0101, Alpin 6 saglab\u0101 veiktsp\u0113ju pat da\u013c\u0113ji nodilstot. Pateicoties tam, \u0161is riepu modelis uzr\u0101da augst\u0101kos veiktsp\u0113jas r\u0101d\u012bt\u0101jus ar minim\u0101lo pie\u013caujamo protektora dzi\u013cumu jeb atlikumu.<br \/><\/span><\/p>\n<p>Palielin\u0101ts ar\u012b riepu plecu zonas bloku izm\u0113rs, uzlabojot stabilit\u0101ti un manevr\u0113tsp\u0113ju lielos brauk\u0161anas \u0101trumos. \u0160is riepu modelis ieguvis veselu virkni apbalvojumu, apliecinot t\u0101 veiktsp\u0113ju da\u017e\u0101d\u0101kajos brauk\u0161anas \u0101trumos.<\/p>\n","protected":false},"excerpt":{"rendered":"<p><b>Michelin Alpin 6 \u2013<span>\u00a0<\/span><\/b><span>viens no lab\u0101kajiem ziemas\/vissezonas riepu mode\u013ciem. Izce\u013cas ar izcilu notur\u012bbu pret akvaplan\u0113\u0161anu, k\u0101 ar\u012b augst\u0101ko dro\u0161\u012bbas un p\u0101rliec\u012bbas l\u012bmeni jebk\u0101dos brauk\u0161anas apst\u0101k\u013cos.<\/span><\/p>\n","protected":false},"featured_media":305093,"template":"","meta":{"_acf_changed":false,"ngg_post_thumbnail":0},"product_brand":[],"product_cat":[47,45],"product_tag":[],"class_list":{"0":"post-599037","1":"product","2":"type-product","3":"status-publish","4":"has-post-thumbnail","6":"product_cat-vissezonas-riepas","7":"product_cat-ziemas-riepas","9":"first","10":"instock","11":"sale","12":"taxable","13":"shipping-taxable","14":"purchasable","15":"product-type-simple"},"acf":[],"yoast_head":"<!-- This site is optimized with the Yoast SEO Premium plugin v22.6 (Yoast SEO v27.3) - https:\/\/yoast.com\/product\/yoast-seo-premium-wordpress\/ -->\n<title>155\/70R19 Michelin Alpin 6 88H XL &#8226; MMK Riepas<\/title>\n<meta name=\"robots\" content=\"index, follow, max-snippet:-1, max-image-preview:large, max-video-preview:-1\" \/>\n<link rel=\"canonical\" href=\"https:\/\/mmkriepas.lv\/en\/p\/155-70r19-michelin-alpin-6-88h-xl\/\" \/>\n<meta property=\"og:locale\" content=\"en_US\" \/>\n<meta property=\"og:type\" content=\"article\" \/>\n<meta property=\"og:title\" content=\"155\/70R19 Michelin Alpin 6 88H XL\" \/>\n<meta property=\"og:description\" content=\"Michelin Alpin 6 \u2013\u00a0viens no lab\u0101kajiem ziemas\/vissezonas riepu mode\u013ciem. Izce\u013cas ar izcilu notur\u012bbu pret akvaplan\u0113\u0161anu, k\u0101 ar\u012b augst\u0101ko dro\u0161\u012bbas un p\u0101rliec\u012bbas l\u012bmeni jebk\u0101dos brauk\u0161anas apst\u0101k\u013cos.\" \/>\n<meta property=\"og:url\" content=\"https:\/\/mmkriepas.lv\/en\/p\/155-70r19-michelin-alpin-6-88h-xl\/\" \/>\n<meta property=\"og:site_name\" content=\"MMK Riepas\" \/>\n<meta property=\"article:publisher\" content=\"https:\/\/www.facebook.com\/mmkserviss\/\" \/>\n<meta property=\"article:modified_time\" content=\"2026-04-04T21:02:02+00:00\" \/>\n<meta property=\"og:image\" content=\"https:\/\/mmkriepas.lv\/wp-content\/uploads\/2022\/08\/22550r17-michelin-alpin-6-98v-xl-ziemas-riepas-2.jpg\" \/>\n\t<meta property=\"og:image:width\" content=\"1920\" \/>\n\t<meta property=\"og:image:height\" content=\"1277\" \/>\n\t<meta property=\"og:image:type\" content=\"image\/jpeg\" \/>\n<meta name=\"twitter:card\" content=\"summary_large_image\" \/>\n<meta name=\"twitter:label1\" content=\"Price\" \/>\n\t<meta name=\"twitter:data1\" content=\"&euro;179.00\" \/>\n\t<meta name=\"twitter:label2\" content=\"Availability\" \/>\n\t<meta name=\"twitter:data2\" content=\"In stock\" \/>\n<script type=\"application\/ld+json\" class=\"yoast-schema-graph\">{\"@context\":\"https:\\\/\\\/schema.org\",\"@graph\":[{\"@type\":\"WebPage\",\"@id\":\"https:\\\/\\\/mmkriepas.lv\\\/en\\\/p\\\/155-70r19-michelin-alpin-6-88h-xl\\\/\",\"url\":\"https:\\\/\\\/mmkriepas.lv\\\/en\\\/p\\\/155-70r19-michelin-alpin-6-88h-xl\\\/\",\"name\":\"155\\\/70R19 Michelin Alpin 6 88H XL &#8226; MMK Riepas\",\"isPartOf\":{\"@id\":\"https:\\\/\\\/mmkriepas.lv\\\/en\\\/#website\"},\"primaryImageOfPage\":{\"@id\":\"https:\\\/\\\/mmkriepas.lv\\\/en\\\/p\\\/155-70r19-michelin-alpin-6-88h-xl\\\/#primaryimage\"},\"image\":{\"@id\":\"https:\\\/\\\/mmkriepas.lv\\\/en\\\/p\\\/155-70r19-michelin-alpin-6-88h-xl\\\/#primaryimage\"},\"thumbnailUrl\":\"https:\\\/\\\/mmkriepas.lv\\\/wp-content\\\/uploads\\\/2022\\\/08\\\/22550r17-michelin-alpin-6-98v-xl-ziemas-riepas-2.jpg\",\"datePublished\":\"2023-02-09T16:53:31+00:00\",\"dateModified\":\"2026-04-04T21:02:02+00:00\",\"breadcrumb\":{\"@id\":\"https:\\\/\\\/mmkriepas.lv\\\/en\\\/p\\\/155-70r19-michelin-alpin-6-88h-xl\\\/#breadcrumb\"},\"inLanguage\":\"en-US\",\"potentialAction\":[{\"@type\":\"ReadAction\",\"target\":[\"https:\\\/\\\/mmkriepas.lv\\\/en\\\/p\\\/155-70r19-michelin-alpin-6-88h-xl\\\/\"]}]},{\"@type\":\"ImageObject\",\"inLanguage\":\"en-US\",\"@id\":\"https:\\\/\\\/mmkriepas.lv\\\/en\\\/p\\\/155-70r19-michelin-alpin-6-88h-xl\\\/#primaryimage\",\"url\":\"https:\\\/\\\/mmkriepas.lv\\\/wp-content\\\/uploads\\\/2022\\\/08\\\/22550r17-michelin-alpin-6-98v-xl-ziemas-riepas-2.jpg\",\"contentUrl\":\"https:\\\/\\\/mmkriepas.lv\\\/wp-content\\\/uploads\\\/2022\\\/08\\\/22550r17-michelin-alpin-6-98v-xl-ziemas-riepas-2.jpg\",\"width\":1920,\"height\":1277,\"caption\":\"Michelin aplin 6 ziemas vissezonas riepas\"},{\"@type\":\"BreadcrumbList\",\"@id\":\"https:\\\/\\\/mmkriepas.lv\\\/en\\\/p\\\/155-70r19-michelin-alpin-6-88h-xl\\\/#breadcrumb\",\"itemListElement\":[{\"@type\":\"ListItem\",\"position\":1,\"name\":\"S\u0101kums\",\"item\":\"https:\\\/\\\/mmkriepas.lv\\\/en\\\/\"},{\"@type\":\"ListItem\",\"position\":2,\"name\":\"155\\\/70R19 Michelin Alpin 6 88H XL\"}]},{\"@type\":\"WebSite\",\"@id\":\"https:\\\/\\\/mmkriepas.lv\\\/en\\\/#website\",\"url\":\"https:\\\/\\\/mmkriepas.lv\\\/en\\\/\",\"name\":\"MMK Riepas\",\"description\":\"MMK Riepas\",\"alternateName\":\"MMK Riepu Serviss\",\"potentialAction\":[{\"@type\":\"SearchAction\",\"target\":{\"@type\":\"EntryPoint\",\"urlTemplate\":\"https:\\\/\\\/mmkriepas.lv\\\/en\\\/?s={search_term_string}\"},\"query-input\":{\"@type\":\"PropertyValueSpecification\",\"valueRequired\":true,\"valueName\":\"search_term_string\"}}],\"inLanguage\":\"en-US\"},{\"@type\":\"ImageObject\",\"inLanguage\":\"en-US\",\"@id\":\"https:\\\/\\\/mmkriepas.lv\\\/en\\\/p\\\/155-70r19-michelin-alpin-6-88h-xl\\\/#local-main-organization-logo\",\"url\":\"\",\"contentUrl\":\"\",\"caption\":\"MMK Riepas\"}]}<\/script>\n<meta property=\"product:brand\" content=\"Michelin Alpin 6\" \/>\n<meta property=\"product:price:amount\" content=\"179.00\" \/>\n<meta property=\"product:price:currency\" content=\"EUR\" \/>\n<meta property=\"og:availability\" content=\"instock\" \/>\n<meta property=\"product:availability\" content=\"instock\" \/>\n<meta property=\"product:retailer_item_id\" content=\"TW1557019Miche-E18741\" \/>\n<meta property=\"product:condition\" content=\"new\" \/>\n<!-- \/ Yoast SEO Premium plugin. -->","yoast_head_json":{"title":"155\/70R19 Michelin Alpin 6 88H XL &#8226; MMK Riepas","robots":{"index":"index","follow":"follow","max-snippet":"max-snippet:-1","max-image-preview":"max-image-preview:large","max-video-preview":"max-video-preview:-1"},"canonical":"https:\/\/mmkriepas.lv\/en\/p\/155-70r19-michelin-alpin-6-88h-xl\/","og_locale":"en_US","og_type":"article","og_title":"155\/70R19 Michelin Alpin 6 88H XL","og_description":"Michelin Alpin 6 \u2013\u00a0viens no lab\u0101kajiem ziemas\/vissezonas riepu mode\u013ciem. Izce\u013cas ar izcilu notur\u012bbu pret akvaplan\u0113\u0161anu, k\u0101 ar\u012b augst\u0101ko dro\u0161\u012bbas un p\u0101rliec\u012bbas l\u012bmeni jebk\u0101dos brauk\u0161anas apst\u0101k\u013cos.","og_url":"https:\/\/mmkriepas.lv\/en\/p\/155-70r19-michelin-alpin-6-88h-xl\/","og_site_name":"MMK Riepas","article_publisher":"https:\/\/www.facebook.com\/mmkserviss\/","article_modified_time":"2026-04-04T21:02:02+00:00","og_image":[{"width":1920,"height":1277,"url":"https:\/\/mmkriepas.lv\/wp-content\/uploads\/2022\/08\/22550r17-michelin-alpin-6-98v-xl-ziemas-riepas-2.jpg","type":"image\/jpeg"}],"twitter_card":"summary_large_image","twitter_misc":{"Price":"&euro;179.00","Availability":"In stock"},"schema":{"@context":"https:\/\/schema.org","@graph":[{"@type":"WebPage","@id":"https:\/\/mmkriepas.lv\/en\/p\/155-70r19-michelin-alpin-6-88h-xl\/","url":"https:\/\/mmkriepas.lv\/en\/p\/155-70r19-michelin-alpin-6-88h-xl\/","name":"155\/70R19 Michelin Alpin 6 88H XL &#8226; MMK Riepas","isPartOf":{"@id":"https:\/\/mmkriepas.lv\/en\/#website"},"primaryImageOfPage":{"@id":"https:\/\/mmkriepas.lv\/en\/p\/155-70r19-michelin-alpin-6-88h-xl\/#primaryimage"},"image":{"@id":"https:\/\/mmkriepas.lv\/en\/p\/155-70r19-michelin-alpin-6-88h-xl\/#primaryimage"},"thumbnailUrl":"https:\/\/mmkriepas.lv\/wp-content\/uploads\/2022\/08\/22550r17-michelin-alpin-6-98v-xl-ziemas-riepas-2.jpg","datePublished":"2023-02-09T16:53:31+00:00","dateModified":"2026-04-04T21:02:02+00:00","breadcrumb":{"@id":"https:\/\/mmkriepas.lv\/en\/p\/155-70r19-michelin-alpin-6-88h-xl\/#breadcrumb"},"inLanguage":"en-US","potentialAction":[{"@type":"ReadAction","target":["https:\/\/mmkriepas.lv\/en\/p\/155-70r19-michelin-alpin-6-88h-xl\/"]}]},{"@type":"ImageObject","inLanguage":"en-US","@id":"https:\/\/mmkriepas.lv\/en\/p\/155-70r19-michelin-alpin-6-88h-xl\/#primaryimage","url":"https:\/\/mmkriepas.lv\/wp-content\/uploads\/2022\/08\/22550r17-michelin-alpin-6-98v-xl-ziemas-riepas-2.jpg","contentUrl":"https:\/\/mmkriepas.lv\/wp-content\/uploads\/2022\/08\/22550r17-michelin-alpin-6-98v-xl-ziemas-riepas-2.jpg","width":1920,"height":1277,"caption":"Michelin aplin 6 ziemas vissezonas riepas"},{"@type":"BreadcrumbList","@id":"https:\/\/mmkriepas.lv\/en\/p\/155-70r19-michelin-alpin-6-88h-xl\/#breadcrumb","itemListElement":[{"@type":"ListItem","position":1,"name":"S\u0101kums","item":"https:\/\/mmkriepas.lv\/en\/"},{"@type":"ListItem","position":2,"name":"155\/70R19 Michelin Alpin 6 88H XL"}]},{"@type":"WebSite","@id":"https:\/\/mmkriepas.lv\/en\/#website","url":"https:\/\/mmkriepas.lv\/en\/","name":"MMK Riepas","description":"MMK Riepas","alternateName":"MMK Riepu Serviss","potentialAction":[{"@type":"SearchAction","target":{"@type":"EntryPoint","urlTemplate":"https:\/\/mmkriepas.lv\/en\/?s={search_term_string}"},"query-input":{"@type":"PropertyValueSpecification","valueRequired":true,"valueName":"search_term_string"}}],"inLanguage":"en-US"},{"@type":"ImageObject","inLanguage":"en-US","@id":"https:\/\/mmkriepas.lv\/en\/p\/155-70r19-michelin-alpin-6-88h-xl\/#local-main-organization-logo","url":"","contentUrl":"","caption":"MMK Riepas"}]},"product_brand":"Michelin Alpin 6","product_price_amount":"179.00","product_price_currency":"EUR","og_availability":"instock","product_availability":"instock","product_retailer_item_id":"TW1557019Miche-E18741","product_condition":"new"},"_links":{"self":[{"href":"https:\/\/mmkriepas.lv\/en\/wp-json\/wp\/v2\/product\/599037","targetHints":{"allow":["GET"]}}],"collection":[{"href":"https:\/\/mmkriepas.lv\/en\/wp-json\/wp\/v2\/product"}],"about":[{"href":"https:\/\/mmkriepas.lv\/en\/wp-json\/wp\/v2\/types\/product"}],"wp:featuredmedia":[{"embeddable":true,"href":"https:\/\/mmkriepas.lv\/en\/wp-json\/wp\/v2\/media\/305093"}],"wp:attachment":[{"href":"https:\/\/mmkriepas.lv\/en\/wp-json\/wp\/v2\/media?parent=599037"}],"wp:term":[{"taxonomy":"product_brand","embeddable":true,"href":"https:\/\/mmkriepas.lv\/en\/wp-json\/wp\/v2\/product_brand?post=599037"},{"taxonomy":"product_cat","embeddable":true,"href":"https:\/\/mmkriepas.lv\/en\/wp-json\/wp\/v2\/product_cat?post=599037"},{"taxonomy":"product_tag","embeddable":true,"href":"https:\/\/mmkriepas.lv\/en\/wp-json\/wp\/v2\/product_tag?post=599037"}],"curies":[{"name":"wp","href":"https:\/\/api.w.org\/{rel}","templated":true}]}}