{"id":598485,"date":"2023-02-09T18:40:16","date_gmt":"2023-02-09T16:40:16","guid":{"rendered":"https:\/\/mmkserviss.lv\/?post_type=product&#038;p=598485"},"modified":"2026-03-30T16:15:18","modified_gmt":"2026-03-30T13:15:18","slug":"235-55r18-maxtrek-trek-m7-104t-xl","status":"publish","type":"product","link":"https:\/\/mmkriepas.lv\/en\/p\/235-55r18-maxtrek-trek-m7-104t-xl\/","title":{"rendered":"235\/55R18 Maxtrek Trek M7 104T XL"},"content":{"rendered":"<p><b>Maxtrek Trek M7<\/b><span style=\"font-weight: 400;\"> ir ziemas riepu modelis, kur\u0161 ieguvis lielu popularit\u0101ti autovad\u012bt\u0101ju starp\u0101, pateicoties lieliskai cenai, kuru p\u0101rsp\u0113j tikai t\u0101 veiktsp\u0113jas r\u0101d\u012bt\u0101ji.<\/span><\/p>\n<h3><b>Trek M7 galven\u0101s iez\u012bmes<\/b><\/h3>\n<p><span style=\"font-weight: 400;\">+ Lieliska cenas\/ veiktsp\u0113jas attiec\u012bba!<\/span><\/p>\n<p><span style=\"font-weight: 400;\">+ Labas veiktsp\u0113jas \u012bpa\u0161\u012bbas pat uz apledoju\u0161\u0101m ce\u013ca virsm\u0101m!<\/span><\/p>\n<p><span style=\"font-weight: 400;\">+ Degvielas ekonomija!<\/span><\/p>\n<p><span style=\"font-weight: 400;\">+ Uzlabots riepas gumijas sast\u0101vs!<\/span><\/p>\n<h3><b>Trek M7 apr\u012bkojums<\/b><\/h3>\n<p><span style=\"font-weight: 400;\">Riepas centr\u0101 atrodas divas platas, nep\u0101rtrauktas protektora bloku virknes, kas uzlabo riepas stabilit\u0101ti un manevr\u0113tsp\u0113ju. Virz\u012bt\u0101 veid\u0101 izvietotos protektora blokos bl\u012bvi iestr\u0101d\u0101ti vair\u0101ki t\u016bksto\u0161i lame\u013cu, kas ar as\u0101m kant\u0113m iec\u0113rtas led\u016b, ar slideno virsmu veidojot cie\u0161u sa\u0137eri.<\/span> <span style=\"font-weight: 400;\">Pati riepa izgatavota no augstas kvalit\u0101tes gumijas mais\u012bjuma, kura sast\u0101v\u0101 atrodama virkne elastrom\u0113ru. Tas at\u013c\u0101vis riepai saglab\u0101t elast\u012bbu pla\u0161\u0101 temperat\u016bru diapazon\u0101. Elast\u012bga riepa daudz lab\u0101k veido sa\u0137eri ar ce\u013ca virsmu.<\/span><\/p>\n<p>Maxtrek Trek M7<span style=\"font-weight: 400;\"> mode\u013ca lieto\u0161anas dro\u0161\u012bbu ziemas laika apst\u0101k\u013cos un t\u0101 atbilst\u012bbu valst\u012bm ar oblig\u0101tu sezon\u0101lo riepu mai\u0146u apstiprina mar\u0137\u0113jums sniegp\u0101rslas form\u0101 uz kalna fona ar trim virsotn\u0113m (3PMSF).<\/span><\/p>\n","protected":false},"excerpt":{"rendered":"<p><b>Maxtrek Trek M7<\/b><span style=\"font-weight: 400;\"> ir ziemas riepu modelis, kur\u0161 ieguvis lielu popularit\u0101ti autovad\u012bt\u0101ju starp\u0101, pateicoties lieliskai cenai, kuru p\u0101rsp\u0113j tikai t\u0101 veiktsp\u0113jas r\u0101d\u012bt\u0101ji.<\/span><\/p>\n","protected":false},"featured_media":850488,"template":"","meta":{"_acf_changed":false,"ngg_post_thumbnail":0},"product_brand":[],"product_cat":[47,45],"product_tag":[],"class_list":{"0":"post-598485","1":"product","2":"type-product","3":"status-publish","4":"has-post-thumbnail","6":"product_cat-vissezonas-riepas","7":"product_cat-ziemas-riepas","9":"first","10":"instock","11":"sale","12":"taxable","13":"shipping-taxable","14":"purchasable","15":"product-type-simple"},"acf":[],"yoast_head":"<!-- This site is optimized with the Yoast SEO Premium plugin v22.6 (Yoast SEO v27.3) - https:\/\/yoast.com\/product\/yoast-seo-premium-wordpress\/ -->\n<title>235\/55R18 Maxtrek Trek M7 104T XL &#8226; MMK Riepas<\/title>\n<meta name=\"robots\" content=\"index, follow, max-snippet:-1, max-image-preview:large, max-video-preview:-1\" \/>\n<link rel=\"canonical\" href=\"https:\/\/mmkriepas.lv\/en\/p\/235-55r18-maxtrek-trek-m7-104t-xl\/\" \/>\n<meta property=\"og:locale\" content=\"en_US\" \/>\n<meta property=\"og:type\" content=\"article\" \/>\n<meta property=\"og:title\" content=\"235\/55R18 Maxtrek Trek M7 104T XL\" \/>\n<meta property=\"og:description\" content=\"Maxtrek Trek M7 ir ziemas riepu modelis, kur\u0161 ieguvis lielu popularit\u0101ti autovad\u012bt\u0101ju starp\u0101, pateicoties lieliskai cenai, kuru p\u0101rsp\u0113j tikai t\u0101 veiktsp\u0113jas r\u0101d\u012bt\u0101ji.\" \/>\n<meta property=\"og:url\" content=\"https:\/\/mmkriepas.lv\/en\/p\/235-55r18-maxtrek-trek-m7-104t-xl\/\" \/>\n<meta property=\"og:site_name\" content=\"MMK Riepas\" \/>\n<meta property=\"article:publisher\" content=\"https:\/\/www.facebook.com\/mmkserviss\/\" \/>\n<meta property=\"article:modified_time\" content=\"2026-03-30T13:15:18+00:00\" \/>\n<meta property=\"og:image\" content=\"https:\/\/mmkriepas.lv\/wp-content\/uploads\/2024\/01\/22560r16-maxtrek-trek-m7-98t-ziemas-riepas.jpg\" \/>\n\t<meta property=\"og:image:width\" content=\"1920\" \/>\n\t<meta property=\"og:image:height\" content=\"1920\" \/>\n\t<meta property=\"og:image:type\" content=\"image\/jpeg\" \/>\n<meta name=\"twitter:card\" content=\"summary_large_image\" \/>\n<meta name=\"twitter:label1\" content=\"Price\" \/>\n\t<meta name=\"twitter:data1\" content=\"&euro;89.00\" \/>\n\t<meta name=\"twitter:label2\" content=\"Availability\" \/>\n\t<meta name=\"twitter:data2\" content=\"In stock\" \/>\n<script type=\"application\/ld+json\" class=\"yoast-schema-graph\">{\"@context\":\"https:\\\/\\\/schema.org\",\"@graph\":[{\"@type\":\"WebPage\",\"@id\":\"https:\\\/\\\/mmkriepas.lv\\\/en\\\/p\\\/235-55r18-maxtrek-trek-m7-104t-xl\\\/\",\"url\":\"https:\\\/\\\/mmkriepas.lv\\\/en\\\/p\\\/235-55r18-maxtrek-trek-m7-104t-xl\\\/\",\"name\":\"235\\\/55R18 Maxtrek Trek M7 104T XL &#8226; MMK Riepas\",\"isPartOf\":{\"@id\":\"https:\\\/\\\/mmkriepas.lv\\\/en\\\/#website\"},\"primaryImageOfPage\":{\"@id\":\"https:\\\/\\\/mmkriepas.lv\\\/en\\\/p\\\/235-55r18-maxtrek-trek-m7-104t-xl\\\/#primaryimage\"},\"image\":{\"@id\":\"https:\\\/\\\/mmkriepas.lv\\\/en\\\/p\\\/235-55r18-maxtrek-trek-m7-104t-xl\\\/#primaryimage\"},\"thumbnailUrl\":\"https:\\\/\\\/mmkriepas.lv\\\/wp-content\\\/uploads\\\/2024\\\/01\\\/22560r16-maxtrek-trek-m7-98t-ziemas-riepas.jpg\",\"datePublished\":\"2023-02-09T16:40:16+00:00\",\"dateModified\":\"2026-03-30T13:15:18+00:00\",\"breadcrumb\":{\"@id\":\"https:\\\/\\\/mmkriepas.lv\\\/en\\\/p\\\/235-55r18-maxtrek-trek-m7-104t-xl\\\/#breadcrumb\"},\"inLanguage\":\"en-US\",\"potentialAction\":[{\"@type\":\"ReadAction\",\"target\":[\"https:\\\/\\\/mmkriepas.lv\\\/en\\\/p\\\/235-55r18-maxtrek-trek-m7-104t-xl\\\/\"]}]},{\"@type\":\"ImageObject\",\"inLanguage\":\"en-US\",\"@id\":\"https:\\\/\\\/mmkriepas.lv\\\/en\\\/p\\\/235-55r18-maxtrek-trek-m7-104t-xl\\\/#primaryimage\",\"url\":\"https:\\\/\\\/mmkriepas.lv\\\/wp-content\\\/uploads\\\/2024\\\/01\\\/22560r16-maxtrek-trek-m7-98t-ziemas-riepas.jpg\",\"contentUrl\":\"https:\\\/\\\/mmkriepas.lv\\\/wp-content\\\/uploads\\\/2024\\\/01\\\/22560r16-maxtrek-trek-m7-98t-ziemas-riepas.jpg\",\"width\":1920,\"height\":1920,\"caption\":\"MAIN\"},{\"@type\":\"BreadcrumbList\",\"@id\":\"https:\\\/\\\/mmkriepas.lv\\\/en\\\/p\\\/235-55r18-maxtrek-trek-m7-104t-xl\\\/#breadcrumb\",\"itemListElement\":[{\"@type\":\"ListItem\",\"position\":1,\"name\":\"S\u0101kums\",\"item\":\"https:\\\/\\\/mmkriepas.lv\\\/en\\\/\"},{\"@type\":\"ListItem\",\"position\":2,\"name\":\"235\\\/55R18 Maxtrek Trek M7 104T XL\"}]},{\"@type\":\"WebSite\",\"@id\":\"https:\\\/\\\/mmkriepas.lv\\\/en\\\/#website\",\"url\":\"https:\\\/\\\/mmkriepas.lv\\\/en\\\/\",\"name\":\"MMK Riepas\",\"description\":\"MMK Riepas\",\"alternateName\":\"MMK Riepu Serviss\",\"potentialAction\":[{\"@type\":\"SearchAction\",\"target\":{\"@type\":\"EntryPoint\",\"urlTemplate\":\"https:\\\/\\\/mmkriepas.lv\\\/en\\\/?s={search_term_string}\"},\"query-input\":{\"@type\":\"PropertyValueSpecification\",\"valueRequired\":true,\"valueName\":\"search_term_string\"}}],\"inLanguage\":\"en-US\"},{\"@type\":\"ImageObject\",\"inLanguage\":\"en-US\",\"@id\":\"https:\\\/\\\/mmkriepas.lv\\\/en\\\/p\\\/235-55r18-maxtrek-trek-m7-104t-xl\\\/#local-main-organization-logo\",\"url\":\"\",\"contentUrl\":\"\",\"caption\":\"MMK Riepas\"}]}<\/script>\n<meta property=\"product:brand\" content=\"Maxtrek Trek M7\" \/>\n<meta property=\"product:price:amount\" content=\"89.00\" \/>\n<meta property=\"product:price:currency\" content=\"EUR\" \/>\n<meta property=\"og:availability\" content=\"instock\" \/>\n<meta property=\"product:availability\" content=\"instock\" \/>\n<meta property=\"product:retailer_item_id\" content=\"TW2355518Maxtr-E18577\" \/>\n<meta property=\"product:condition\" content=\"new\" \/>\n<!-- \/ Yoast SEO Premium plugin. -->","yoast_head_json":{"title":"235\/55R18 Maxtrek Trek M7 104T XL &#8226; MMK Riepas","robots":{"index":"index","follow":"follow","max-snippet":"max-snippet:-1","max-image-preview":"max-image-preview:large","max-video-preview":"max-video-preview:-1"},"canonical":"https:\/\/mmkriepas.lv\/en\/p\/235-55r18-maxtrek-trek-m7-104t-xl\/","og_locale":"en_US","og_type":"article","og_title":"235\/55R18 Maxtrek Trek M7 104T XL","og_description":"Maxtrek Trek M7 ir ziemas riepu modelis, kur\u0161 ieguvis lielu popularit\u0101ti autovad\u012bt\u0101ju starp\u0101, pateicoties lieliskai cenai, kuru p\u0101rsp\u0113j tikai t\u0101 veiktsp\u0113jas r\u0101d\u012bt\u0101ji.","og_url":"https:\/\/mmkriepas.lv\/en\/p\/235-55r18-maxtrek-trek-m7-104t-xl\/","og_site_name":"MMK Riepas","article_publisher":"https:\/\/www.facebook.com\/mmkserviss\/","article_modified_time":"2026-03-30T13:15:18+00:00","og_image":[{"width":1920,"height":1920,"url":"https:\/\/mmkriepas.lv\/wp-content\/uploads\/2024\/01\/22560r16-maxtrek-trek-m7-98t-ziemas-riepas.jpg","type":"image\/jpeg"}],"twitter_card":"summary_large_image","twitter_misc":{"Price":"&euro;89.00","Availability":"In stock"},"schema":{"@context":"https:\/\/schema.org","@graph":[{"@type":"WebPage","@id":"https:\/\/mmkriepas.lv\/en\/p\/235-55r18-maxtrek-trek-m7-104t-xl\/","url":"https:\/\/mmkriepas.lv\/en\/p\/235-55r18-maxtrek-trek-m7-104t-xl\/","name":"235\/55R18 Maxtrek Trek M7 104T XL &#8226; MMK Riepas","isPartOf":{"@id":"https:\/\/mmkriepas.lv\/en\/#website"},"primaryImageOfPage":{"@id":"https:\/\/mmkriepas.lv\/en\/p\/235-55r18-maxtrek-trek-m7-104t-xl\/#primaryimage"},"image":{"@id":"https:\/\/mmkriepas.lv\/en\/p\/235-55r18-maxtrek-trek-m7-104t-xl\/#primaryimage"},"thumbnailUrl":"https:\/\/mmkriepas.lv\/wp-content\/uploads\/2024\/01\/22560r16-maxtrek-trek-m7-98t-ziemas-riepas.jpg","datePublished":"2023-02-09T16:40:16+00:00","dateModified":"2026-03-30T13:15:18+00:00","breadcrumb":{"@id":"https:\/\/mmkriepas.lv\/en\/p\/235-55r18-maxtrek-trek-m7-104t-xl\/#breadcrumb"},"inLanguage":"en-US","potentialAction":[{"@type":"ReadAction","target":["https:\/\/mmkriepas.lv\/en\/p\/235-55r18-maxtrek-trek-m7-104t-xl\/"]}]},{"@type":"ImageObject","inLanguage":"en-US","@id":"https:\/\/mmkriepas.lv\/en\/p\/235-55r18-maxtrek-trek-m7-104t-xl\/#primaryimage","url":"https:\/\/mmkriepas.lv\/wp-content\/uploads\/2024\/01\/22560r16-maxtrek-trek-m7-98t-ziemas-riepas.jpg","contentUrl":"https:\/\/mmkriepas.lv\/wp-content\/uploads\/2024\/01\/22560r16-maxtrek-trek-m7-98t-ziemas-riepas.jpg","width":1920,"height":1920,"caption":"MAIN"},{"@type":"BreadcrumbList","@id":"https:\/\/mmkriepas.lv\/en\/p\/235-55r18-maxtrek-trek-m7-104t-xl\/#breadcrumb","itemListElement":[{"@type":"ListItem","position":1,"name":"S\u0101kums","item":"https:\/\/mmkriepas.lv\/en\/"},{"@type":"ListItem","position":2,"name":"235\/55R18 Maxtrek Trek M7 104T XL"}]},{"@type":"WebSite","@id":"https:\/\/mmkriepas.lv\/en\/#website","url":"https:\/\/mmkriepas.lv\/en\/","name":"MMK Riepas","description":"MMK Riepas","alternateName":"MMK Riepu Serviss","potentialAction":[{"@type":"SearchAction","target":{"@type":"EntryPoint","urlTemplate":"https:\/\/mmkriepas.lv\/en\/?s={search_term_string}"},"query-input":{"@type":"PropertyValueSpecification","valueRequired":true,"valueName":"search_term_string"}}],"inLanguage":"en-US"},{"@type":"ImageObject","inLanguage":"en-US","@id":"https:\/\/mmkriepas.lv\/en\/p\/235-55r18-maxtrek-trek-m7-104t-xl\/#local-main-organization-logo","url":"","contentUrl":"","caption":"MMK Riepas"}]},"product_brand":"Maxtrek Trek M7","product_price_amount":"89.00","product_price_currency":"EUR","og_availability":"instock","product_availability":"instock","product_retailer_item_id":"TW2355518Maxtr-E18577","product_condition":"new"},"_links":{"self":[{"href":"https:\/\/mmkriepas.lv\/en\/wp-json\/wp\/v2\/product\/598485","targetHints":{"allow":["GET"]}}],"collection":[{"href":"https:\/\/mmkriepas.lv\/en\/wp-json\/wp\/v2\/product"}],"about":[{"href":"https:\/\/mmkriepas.lv\/en\/wp-json\/wp\/v2\/types\/product"}],"wp:featuredmedia":[{"embeddable":true,"href":"https:\/\/mmkriepas.lv\/en\/wp-json\/wp\/v2\/media\/850488"}],"wp:attachment":[{"href":"https:\/\/mmkriepas.lv\/en\/wp-json\/wp\/v2\/media?parent=598485"}],"wp:term":[{"taxonomy":"product_brand","embeddable":true,"href":"https:\/\/mmkriepas.lv\/en\/wp-json\/wp\/v2\/product_brand?post=598485"},{"taxonomy":"product_cat","embeddable":true,"href":"https:\/\/mmkriepas.lv\/en\/wp-json\/wp\/v2\/product_cat?post=598485"},{"taxonomy":"product_tag","embeddable":true,"href":"https:\/\/mmkriepas.lv\/en\/wp-json\/wp\/v2\/product_tag?post=598485"}],"curies":[{"name":"wp","href":"https:\/\/api.w.org\/{rel}","templated":true}]}}