{"id":597938,"date":"2023-02-09T18:26:56","date_gmt":"2023-02-09T16:26:56","guid":{"rendered":"https:\/\/mmkserviss.lv\/?post_type=product&#038;p=597938"},"modified":"2025-07-08T00:17:58","modified_gmt":"2025-07-07T21:17:58","slug":"255-55r18-marshal-crugen-hp91-109w-xl-kumho","status":"publish","type":"product","link":"https:\/\/mmkriepas.lv\/en\/p\/255-55r18-marshal-crugen-hp91-109w-xl-kumho\/","title":{"rendered":"255\/55R18 Marshal CRUGEN HP91 109W XL (Kumho)"},"content":{"rendered":"<p class=\"western\"><span style=\"font-family: Arial, serif;\"><b><span>Marshal<\/span><\/b><\/span><span style=\"font-family: Arial, serif;\"><b><span> C<\/span><\/b><\/span><span style=\"font-family: Arial, serif;\"><b><span>RUGEN<\/span><\/b><\/span><span style=\"font-family: Arial, serif;\"><b><span> HP91<\/span><\/b><\/span><span style=\"font-family: Arial, serif;\"><span> ir teicamas kvalit\u0101tes, vid\u0113j\u0101s klases vasaras riepu modelis. Tas izce\u013cas ar teicamiem komforta, degvielas ekonomijas un sa\u0137eres r\u0101d\u012bt\u0101jiem uz sausa un slapja asfalta, k\u0101 ar\u012b uz grants ce\u013ciem. \u0160is riepu modelis pieejams pla\u0161\u0101 izm\u0113ru kl\u0101st\u0101 no R16 l\u012bdz pat R21. Tas paredz\u0113ts miniveniem, krosoveriem un apvidus automa\u0161\u012bnai jeb SUV. S\u0101kotn\u0113ji, \u0161is riepu modelis izstr\u0101d\u0101ts ASV tirgum, bet to iecien\u012bju\u0161i ar\u012b daudzi komforta cien\u012bt\u0101ji Eirop\u0101.<\/span><\/span><\/p>\n<h3 class=\"western\"><span style=\"font-family: Arial, serif;\"><span>Marshal<\/span><\/span><span style=\"font-family: Arial, serif;\"><span> C<\/span><\/span><span style=\"font-family: Arial, serif;\"><span>RUGEN<\/span><\/span><span style=\"font-family: Arial, serif;\"><span> HP91 galven\u0101s iez\u012bmes<\/span><\/span><\/h3>\n<p class=\"western\"><span style=\"font-family: Arial, serif;\"><span>+ Teicama sa\u0137ere un manevr\u0113tsp\u0113ja uz sausa un slapja asfalta, k\u0101 ar\u012b uz grants vai me\u017ea ce\u013ciem.<br \/>+ Zems akvaplan\u0113\u0161anas risks.<br \/>+ izteikts brauk\u0161anas gaitas komforts.<br \/>+ Labs akustiskais komforts (zems trok\u0161\u0146a l\u012bmenis).<br \/>+ Liela nodilumiztur\u012bba.<\/span><\/span><\/p>\n<h3 class=\"western\"><span style=\"font-family: Arial, serif;\"><span>C<\/span><\/span><span style=\"font-family: Arial, serif;\"><span>R<\/span><\/span><span style=\"font-family: Arial, serif;\"><span>UGEN<\/span><\/span><span style=\"font-family: Arial, serif;\"><span> HP91 apr\u012bkojums<\/span><\/span><\/h3>\n<p class=\"western\"><span style=\"font-family: Arial, serif;\"><span>Marshal<\/span><\/span><span style=\"font-family: Arial, serif;\"><span> C<\/span><\/span><span style=\"font-family: Arial, serif;\"><span>RUGEN<\/span><\/span><span style=\"font-family: Arial, serif;\"><span> HP91 vasaras riepu modelis apr\u012bkots ar sal\u012bdzino\u0161i rupju asimetrisko protektora rakstu. \u0160\u0101ds dizains sev\u012b apvieno teicamas \u016bdensizvades, brauk\u0161anas komforta un sa\u0137eres \u012bpa\u0161\u012bbas gan uz asfalta, gan grants ce\u013ciem.<\/span><\/span><\/p>\n<p class=\"western\"><span style=\"font-family: Arial, serif;\"><span>\u0160is riepu modelis darin\u0101ts no augstas kvalit\u0101tes gumijas kompoz\u012btmateri\u0101la. Tam pievienotie \u0137\u012bmiskie elementi veicina sa\u0137eri un paildzina riepu kalpo\u0161anas m\u016b\u017eu.<\/span><\/span><\/p>\n<p class=\"western\"><span style=\"font-family: Arial, serif;\"><span>Starp protektora blokiem izvietota efekt\u012bva dren\u0101\u017eas jeb \u016bdens izvades sist\u0113ma. T\u0101 \u0101tri atbr\u012bvo riepu kontakta virsmu ar ce\u013cu no \u016bdens, b\u016btiski samazinot akvaplan\u0113\u0161anas risku.<\/span><\/span><\/p>\n","protected":false},"excerpt":{"rendered":"<p class=\"western\"><span style=\"font-family: Arial, serif;\"><b><span>Marshal<\/span><\/b><\/span><span style=\"font-family: Arial, serif;\"><b><span> C<\/span><\/b><\/span><span style=\"font-family: Arial, serif;\"><b><span>RUGEN<\/span><\/b><\/span><span style=\"font-family: Arial, serif;\"><b><span> HP91<\/span><\/b><\/span><span style=\"font-family: Arial, serif;\"><span> ir teicamas kvalit\u0101tes, vid\u0113j\u0101s klases vasaras riepu modelis. Tas izce\u013cas ar teicamiem komforta, degvielas ekonomijas un sa\u0137eres r\u0101d\u012bt\u0101jiem uz sausa un slapja asfalta, k\u0101 ar\u012b uz grants ce\u013ciem. \u0160is riepu modelis pieejams pla\u0161\u0101 izm\u0113ru kl\u0101st\u0101 no R16 l\u012bdz pat R21. Tas paredz\u0113ts miniveniem, krosoveriem un apvidus automa\u0161\u012bnai jeb SUV. S\u0101kotn\u0113ji, \u0161is riepu modelis izstr\u0101d\u0101ts ASV tirgum, bet to iecien\u012bju\u0161i ar\u012b daudzi komforta cien\u012bt\u0101ji Eirop\u0101.<\/span><\/span><\/p>\n","protected":false},"featured_media":1213624,"template":"","meta":{"_acf_changed":false,"ngg_post_thumbnail":0},"product_brand":[],"product_cat":[46],"product_tag":[],"class_list":{"0":"post-597938","1":"product","2":"type-product","3":"status-publish","4":"has-post-thumbnail","6":"product_cat-vasaras-riepas","8":"first","9":"instock","10":"taxable","11":"shipping-taxable","12":"product-type-simple"},"acf":[],"yoast_head":"<!-- This site is optimized with the Yoast SEO Premium plugin v22.6 (Yoast SEO v27.3) - https:\/\/yoast.com\/product\/yoast-seo-premium-wordpress\/ -->\n<title>255\/55R18 Marshal CRUGEN HP91 109W XL (Kumho) &#8226; MMK Riepas<\/title>\n<meta name=\"robots\" content=\"index, follow, max-snippet:-1, max-image-preview:large, max-video-preview:-1\" \/>\n<link rel=\"canonical\" href=\"https:\/\/mmkriepas.lv\/en\/p\/255-55r18-marshal-crugen-hp91-109w-xl-kumho\/\" \/>\n<meta property=\"og:locale\" content=\"en_US\" \/>\n<meta property=\"og:type\" content=\"article\" \/>\n<meta property=\"og:title\" content=\"255\/55R18 Marshal CRUGEN HP91 109W XL (Kumho)\" \/>\n<meta property=\"og:description\" content=\"Marshal CRUGEN HP91 ir teicamas kvalit\u0101tes, vid\u0113j\u0101s klases vasaras riepu modelis. Tas izce\u013cas ar teicamiem komforta, degvielas ekonomijas un sa\u0137eres r\u0101d\u012bt\u0101jiem uz sausa un slapja asfalta, k\u0101 ar\u012b uz grants ce\u013ciem. \u0160is riepu modelis pieejams pla\u0161\u0101 izm\u0113ru kl\u0101st\u0101 no R16 l\u012bdz pat R21. Tas paredz\u0113ts miniveniem, krosoveriem un apvidus automa\u0161\u012bnai jeb SUV. S\u0101kotn\u0113ji, \u0161is riepu modelis izstr\u0101d\u0101ts ASV tirgum, bet to iecien\u012bju\u0161i ar\u012b daudzi komforta cien\u012bt\u0101ji Eirop\u0101.\" \/>\n<meta property=\"og:url\" content=\"https:\/\/mmkriepas.lv\/en\/p\/255-55r18-marshal-crugen-hp91-109w-xl-kumho\/\" \/>\n<meta property=\"og:site_name\" content=\"MMK Riepas\" \/>\n<meta property=\"article:publisher\" content=\"https:\/\/www.facebook.com\/mmkserviss\/\" \/>\n<meta property=\"article:modified_time\" content=\"2025-07-07T21:17:58+00:00\" \/>\n<meta property=\"og:image\" content=\"https:\/\/mmkriepas.lv\/wp-content\/uploads\/2025\/04\/27550r20-marshal-crugen-hp91-109w-dot20-kumho-vasaras-riepas.jpg\" \/>\n\t<meta property=\"og:image:width\" content=\"900\" \/>\n\t<meta property=\"og:image:height\" content=\"720\" \/>\n\t<meta property=\"og:image:type\" content=\"image\/jpeg\" \/>\n<meta name=\"twitter:card\" content=\"summary_large_image\" \/>\n<meta name=\"twitter:label1\" content=\"Price\" \/>\n\t<meta name=\"twitter:data1\" content=\"&euro;101.00\" \/>\n\t<meta name=\"twitter:label2\" content=\"Availability\" \/>\n\t<meta name=\"twitter:data2\" content=\"In stock\" \/>\n<script type=\"application\/ld+json\" class=\"yoast-schema-graph\">{\"@context\":\"https:\\\/\\\/schema.org\",\"@graph\":[{\"@type\":\"WebPage\",\"@id\":\"https:\\\/\\\/mmkriepas.lv\\\/en\\\/p\\\/255-55r18-marshal-crugen-hp91-109w-xl-kumho\\\/\",\"url\":\"https:\\\/\\\/mmkriepas.lv\\\/en\\\/p\\\/255-55r18-marshal-crugen-hp91-109w-xl-kumho\\\/\",\"name\":\"255\\\/55R18 Marshal CRUGEN HP91 109W XL (Kumho) &#8226; MMK Riepas\",\"isPartOf\":{\"@id\":\"https:\\\/\\\/mmkriepas.lv\\\/en\\\/#website\"},\"primaryImageOfPage\":{\"@id\":\"https:\\\/\\\/mmkriepas.lv\\\/en\\\/p\\\/255-55r18-marshal-crugen-hp91-109w-xl-kumho\\\/#primaryimage\"},\"image\":{\"@id\":\"https:\\\/\\\/mmkriepas.lv\\\/en\\\/p\\\/255-55r18-marshal-crugen-hp91-109w-xl-kumho\\\/#primaryimage\"},\"thumbnailUrl\":\"https:\\\/\\\/mmkriepas.lv\\\/wp-content\\\/uploads\\\/2025\\\/04\\\/27550r20-marshal-crugen-hp91-109w-dot20-kumho-vasaras-riepas.jpg\",\"datePublished\":\"2023-02-09T16:26:56+00:00\",\"dateModified\":\"2025-07-07T21:17:58+00:00\",\"breadcrumb\":{\"@id\":\"https:\\\/\\\/mmkriepas.lv\\\/en\\\/p\\\/255-55r18-marshal-crugen-hp91-109w-xl-kumho\\\/#breadcrumb\"},\"inLanguage\":\"en-US\",\"potentialAction\":[{\"@type\":\"ReadAction\",\"target\":[\"https:\\\/\\\/mmkriepas.lv\\\/en\\\/p\\\/255-55r18-marshal-crugen-hp91-109w-xl-kumho\\\/\"]}]},{\"@type\":\"ImageObject\",\"inLanguage\":\"en-US\",\"@id\":\"https:\\\/\\\/mmkriepas.lv\\\/en\\\/p\\\/255-55r18-marshal-crugen-hp91-109w-xl-kumho\\\/#primaryimage\",\"url\":\"https:\\\/\\\/mmkriepas.lv\\\/wp-content\\\/uploads\\\/2025\\\/04\\\/27550r20-marshal-crugen-hp91-109w-dot20-kumho-vasaras-riepas.jpg\",\"contentUrl\":\"https:\\\/\\\/mmkriepas.lv\\\/wp-content\\\/uploads\\\/2025\\\/04\\\/27550r20-marshal-crugen-hp91-109w-dot20-kumho-vasaras-riepas.jpg\",\"width\":900,\"height\":720,\"caption\":\"MAIN\"},{\"@type\":\"BreadcrumbList\",\"@id\":\"https:\\\/\\\/mmkriepas.lv\\\/en\\\/p\\\/255-55r18-marshal-crugen-hp91-109w-xl-kumho\\\/#breadcrumb\",\"itemListElement\":[{\"@type\":\"ListItem\",\"position\":1,\"name\":\"S\u0101kums\",\"item\":\"https:\\\/\\\/mmkriepas.lv\\\/en\\\/\"},{\"@type\":\"ListItem\",\"position\":2,\"name\":\"255\\\/55R18 Marshal CRUGEN HP91 109W XL (Kumho)\"}]},{\"@type\":\"WebSite\",\"@id\":\"https:\\\/\\\/mmkriepas.lv\\\/en\\\/#website\",\"url\":\"https:\\\/\\\/mmkriepas.lv\\\/en\\\/\",\"name\":\"MMK Riepas\",\"description\":\"MMK Riepas\",\"alternateName\":\"MMK Riepu Serviss\",\"potentialAction\":[{\"@type\":\"SearchAction\",\"target\":{\"@type\":\"EntryPoint\",\"urlTemplate\":\"https:\\\/\\\/mmkriepas.lv\\\/en\\\/?s={search_term_string}\"},\"query-input\":{\"@type\":\"PropertyValueSpecification\",\"valueRequired\":true,\"valueName\":\"search_term_string\"}}],\"inLanguage\":\"en-US\"},{\"@type\":\"ImageObject\",\"inLanguage\":\"en-US\",\"@id\":\"https:\\\/\\\/mmkriepas.lv\\\/en\\\/p\\\/255-55r18-marshal-crugen-hp91-109w-xl-kumho\\\/#local-main-organization-logo\",\"url\":\"\",\"contentUrl\":\"\",\"caption\":\"MMK Riepas\"}]}<\/script>\n<meta property=\"product:brand\" content=\"Marshal CRUGEN HP91\" \/>\n<meta property=\"product:price:amount\" content=\"101.00\" \/>\n<meta property=\"product:price:currency\" content=\"EUR\" \/>\n<meta property=\"og:availability\" content=\"instock\" \/>\n<meta property=\"product:availability\" content=\"instock\" \/>\n<meta property=\"product:retailer_item_id\" content=\"TS2555518Marsh-E18409\" \/>\n<meta property=\"product:condition\" content=\"new\" \/>\n<!-- \/ Yoast SEO Premium plugin. -->","yoast_head_json":{"title":"255\/55R18 Marshal CRUGEN HP91 109W XL (Kumho) &#8226; MMK Riepas","robots":{"index":"index","follow":"follow","max-snippet":"max-snippet:-1","max-image-preview":"max-image-preview:large","max-video-preview":"max-video-preview:-1"},"canonical":"https:\/\/mmkriepas.lv\/en\/p\/255-55r18-marshal-crugen-hp91-109w-xl-kumho\/","og_locale":"en_US","og_type":"article","og_title":"255\/55R18 Marshal CRUGEN HP91 109W XL (Kumho)","og_description":"Marshal CRUGEN HP91 ir teicamas kvalit\u0101tes, vid\u0113j\u0101s klases vasaras riepu modelis. Tas izce\u013cas ar teicamiem komforta, degvielas ekonomijas un sa\u0137eres r\u0101d\u012bt\u0101jiem uz sausa un slapja asfalta, k\u0101 ar\u012b uz grants ce\u013ciem. \u0160is riepu modelis pieejams pla\u0161\u0101 izm\u0113ru kl\u0101st\u0101 no R16 l\u012bdz pat R21. Tas paredz\u0113ts miniveniem, krosoveriem un apvidus automa\u0161\u012bnai jeb SUV. S\u0101kotn\u0113ji, \u0161is riepu modelis izstr\u0101d\u0101ts ASV tirgum, bet to iecien\u012bju\u0161i ar\u012b daudzi komforta cien\u012bt\u0101ji Eirop\u0101.","og_url":"https:\/\/mmkriepas.lv\/en\/p\/255-55r18-marshal-crugen-hp91-109w-xl-kumho\/","og_site_name":"MMK Riepas","article_publisher":"https:\/\/www.facebook.com\/mmkserviss\/","article_modified_time":"2025-07-07T21:17:58+00:00","og_image":[{"width":900,"height":720,"url":"https:\/\/mmkriepas.lv\/wp-content\/uploads\/2025\/04\/27550r20-marshal-crugen-hp91-109w-dot20-kumho-vasaras-riepas.jpg","type":"image\/jpeg"}],"twitter_card":"summary_large_image","twitter_misc":{"Price":"&euro;101.00","Availability":"In stock"},"schema":{"@context":"https:\/\/schema.org","@graph":[{"@type":"WebPage","@id":"https:\/\/mmkriepas.lv\/en\/p\/255-55r18-marshal-crugen-hp91-109w-xl-kumho\/","url":"https:\/\/mmkriepas.lv\/en\/p\/255-55r18-marshal-crugen-hp91-109w-xl-kumho\/","name":"255\/55R18 Marshal CRUGEN HP91 109W XL (Kumho) &#8226; MMK Riepas","isPartOf":{"@id":"https:\/\/mmkriepas.lv\/en\/#website"},"primaryImageOfPage":{"@id":"https:\/\/mmkriepas.lv\/en\/p\/255-55r18-marshal-crugen-hp91-109w-xl-kumho\/#primaryimage"},"image":{"@id":"https:\/\/mmkriepas.lv\/en\/p\/255-55r18-marshal-crugen-hp91-109w-xl-kumho\/#primaryimage"},"thumbnailUrl":"https:\/\/mmkriepas.lv\/wp-content\/uploads\/2025\/04\/27550r20-marshal-crugen-hp91-109w-dot20-kumho-vasaras-riepas.jpg","datePublished":"2023-02-09T16:26:56+00:00","dateModified":"2025-07-07T21:17:58+00:00","breadcrumb":{"@id":"https:\/\/mmkriepas.lv\/en\/p\/255-55r18-marshal-crugen-hp91-109w-xl-kumho\/#breadcrumb"},"inLanguage":"en-US","potentialAction":[{"@type":"ReadAction","target":["https:\/\/mmkriepas.lv\/en\/p\/255-55r18-marshal-crugen-hp91-109w-xl-kumho\/"]}]},{"@type":"ImageObject","inLanguage":"en-US","@id":"https:\/\/mmkriepas.lv\/en\/p\/255-55r18-marshal-crugen-hp91-109w-xl-kumho\/#primaryimage","url":"https:\/\/mmkriepas.lv\/wp-content\/uploads\/2025\/04\/27550r20-marshal-crugen-hp91-109w-dot20-kumho-vasaras-riepas.jpg","contentUrl":"https:\/\/mmkriepas.lv\/wp-content\/uploads\/2025\/04\/27550r20-marshal-crugen-hp91-109w-dot20-kumho-vasaras-riepas.jpg","width":900,"height":720,"caption":"MAIN"},{"@type":"BreadcrumbList","@id":"https:\/\/mmkriepas.lv\/en\/p\/255-55r18-marshal-crugen-hp91-109w-xl-kumho\/#breadcrumb","itemListElement":[{"@type":"ListItem","position":1,"name":"S\u0101kums","item":"https:\/\/mmkriepas.lv\/en\/"},{"@type":"ListItem","position":2,"name":"255\/55R18 Marshal CRUGEN HP91 109W XL (Kumho)"}]},{"@type":"WebSite","@id":"https:\/\/mmkriepas.lv\/en\/#website","url":"https:\/\/mmkriepas.lv\/en\/","name":"MMK Riepas","description":"MMK Riepas","alternateName":"MMK Riepu Serviss","potentialAction":[{"@type":"SearchAction","target":{"@type":"EntryPoint","urlTemplate":"https:\/\/mmkriepas.lv\/en\/?s={search_term_string}"},"query-input":{"@type":"PropertyValueSpecification","valueRequired":true,"valueName":"search_term_string"}}],"inLanguage":"en-US"},{"@type":"ImageObject","inLanguage":"en-US","@id":"https:\/\/mmkriepas.lv\/en\/p\/255-55r18-marshal-crugen-hp91-109w-xl-kumho\/#local-main-organization-logo","url":"","contentUrl":"","caption":"MMK Riepas"}]},"product_brand":"Marshal CRUGEN HP91","product_price_amount":"101.00","product_price_currency":"EUR","og_availability":"instock","product_availability":"instock","product_retailer_item_id":"TS2555518Marsh-E18409","product_condition":"new"},"_links":{"self":[{"href":"https:\/\/mmkriepas.lv\/en\/wp-json\/wp\/v2\/product\/597938","targetHints":{"allow":["GET"]}}],"collection":[{"href":"https:\/\/mmkriepas.lv\/en\/wp-json\/wp\/v2\/product"}],"about":[{"href":"https:\/\/mmkriepas.lv\/en\/wp-json\/wp\/v2\/types\/product"}],"wp:featuredmedia":[{"embeddable":true,"href":"https:\/\/mmkriepas.lv\/en\/wp-json\/wp\/v2\/media\/1213624"}],"wp:attachment":[{"href":"https:\/\/mmkriepas.lv\/en\/wp-json\/wp\/v2\/media?parent=597938"}],"wp:term":[{"taxonomy":"product_brand","embeddable":true,"href":"https:\/\/mmkriepas.lv\/en\/wp-json\/wp\/v2\/product_brand?post=597938"},{"taxonomy":"product_cat","embeddable":true,"href":"https:\/\/mmkriepas.lv\/en\/wp-json\/wp\/v2\/product_cat?post=597938"},{"taxonomy":"product_tag","embeddable":true,"href":"https:\/\/mmkriepas.lv\/en\/wp-json\/wp\/v2\/product_tag?post=597938"}],"curies":[{"name":"wp","href":"https:\/\/api.w.org\/{rel}","templated":true}]}}