{"id":597827,"date":"2023-02-09T18:24:26","date_gmt":"2023-02-09T16:24:26","guid":{"rendered":"https:\/\/mmkserviss.lv\/?post_type=product&#038;p=597827"},"modified":"2024-06-05T22:57:16","modified_gmt":"2024-06-05T19:57:16","slug":"215-45r16-marshal-mh15-90v-xl-kumho","status":"publish","type":"product","link":"https:\/\/mmkriepas.lv\/en\/p\/215-45r16-marshal-mh15-90v-xl-kumho\/","title":{"rendered":"215\/45R16 Marshal MH15 90V XL (Kumho)"},"content":{"rendered":"<p style=\"margin: 12.0pt 0cm 12.0pt 0cm;\"><b><span style=\"font-size: 11.0pt; font-family: 'Arial',sans-serif; color: black;\">Marshal MH15 <\/span><\/b><span style=\"font-size: 11.0pt; font-family: 'Arial',sans-serif; color: black;\">ir augstas kvalit\u0101tes vasaras riepu modelis. Tas veidots ar univers\u0101l\u0101m veiktsp\u0113jas \u012bpa\u0161\u012bb\u0101m gan uz sausa un slapja asfalta. \u0160is riepu modelis izce\u013cas ar\u012b ar komforta, nodilumiztur\u012bbas un degvielas ekonomijas r\u0101d\u012bt\u0101jiem. Modelis paredz\u0113ts kompaktklases un vid\u0113ja izm\u0113ra vieglaj\u0101m automa\u0161\u012bn\u0101m.\u00a0<\/span><u1:p><\/u1:p><span style=\"font-family: 'Arial',sans-serif;\"><o:p><\/o:p><\/span><\/p>\n<h3 style=\"margin: 14.0pt 0cm 4.0pt 0cm;\"><span style=\"font-size: 13.0pt; font-family: 'Arial',sans-serif; color: black;\">MH15 galven\u0101s iez\u012bmes<\/span><u1:p><\/u1:p><span style=\"font-family: 'Arial',sans-serif;\"><o:p><\/o:p><\/span><\/h3>\n<h3 style=\"margin: 14.0pt 0cm 4.0pt 0cm;\"><span style=\"font-size: 12.0pt; font-family: 'Arial',sans-serif; font-weight: normal;\">+ Jaun\u0101k\u0101s tehnolo\u0123ijas.<o:p><\/o:p><\/span><\/h3>\n<h3 style=\"margin: 14.0pt 0cm 4.0pt 0cm;\"><span style=\"font-size: 12.0pt; font-family: 'Arial',sans-serif; font-weight: normal;\">+ Uzlabots gumijas sast\u0101vs.<o:p><\/o:p><\/span><\/h3>\n<h3 style=\"margin: 14.0pt 0cm 4.0pt 0cm;\"><span style=\"font-size: 12.0pt; font-family: 'Arial',sans-serif; font-weight: normal;\">+ Laba sa\u0137ere slapj\u0101 laik\u0101 (nov\u0113rt\u0113jums C).<o:p><\/o:p><\/span><\/h3>\n<h3 style=\"margin: 14.0pt 0cm 4.0pt 0cm;\"><span style=\"font-size: 12.0pt; font-family: 'Arial',sans-serif; font-weight: normal;\">+ Dinamiska un dro\u0161a vad\u0101m\u012bb\u0101 gan uz sausa, gan mitra seguma.<o:p><\/o:p><\/span><\/h3>\n<h3 style=\"margin: 14.0pt 0cm 4.0pt 0cm;\"><span style=\"font-size: 12.0pt; font-family: 'Arial',sans-serif; font-weight: normal;\">+ Augsta notur\u012bba pret akvaplan\u0113\u0161anu.<o:p><\/o:p><\/span><\/h3>\n<h3 style=\"margin: 14.0pt 0cm 4.0pt 0cm;\"><span style=\"font-size: 12.0pt; font-family: 'Arial',sans-serif; font-weight: normal;\">+ Iztur\u012bgi borti.<o:p><\/o:p><\/span><\/h3>\n<h3 style=\"margin: 14.0pt 0cm 4.0pt 0cm;\"><span style=\"font-size: 12.0pt; font-family: 'Arial',sans-serif; font-weight: normal;\">+ Prec\u012bza reakcija uz st\u016bres kust\u012bb\u0101m.<o:p><\/o:p><\/span><\/h3>\n<h3 style=\"margin: 14.0pt 0cm 4.0pt 0cm;\"><span style=\"font-size: 12.0pt; font-family: 'Arial',sans-serif; font-weight: normal;\">+ Klusas riepas.<\/span><span style=\"font-size: 12.0pt; font-family: 'Arial',sans-serif; color: black;\"><o:p><\/o:p><\/span><\/h3>\n<h3 style=\"margin: 14.0pt 0cm 4.0pt 0cm;\"><span style=\"font-size: 13.0pt; font-family: 'Arial',sans-serif; color: black;\">MH15 apr\u012bkojums<\/span><u1:p><\/u1:p><span style=\"font-family: 'Arial',sans-serif;\"><o:p><\/o:p><\/span><\/h3>\n<p style=\"margin: 12.0pt 0cm 12.0pt 0cm;\"><b><span style=\"font-size: 11.0pt; font-family: 'Arial',sans-serif; color: black;\">Marshal MH15 <\/span><\/b><span style=\"font-size: 11.0pt; font-family: 'Arial',sans-serif; color: black;\">vasaras riepas apr\u012bkotas ar visai rupju asimetrisko protektora rakstu. \u0160\u0101ds dizains izv\u0113l\u0113ts, lai uzlabotu riepu veiktsp\u0113ju uz grants ce\u013ciem. Zemu akvaplan\u0113\u0161anas risku nodro\u0161ina asimetriski izvietotie dren\u0101\u017eas jeb \u016bdens novadkan\u0101li. Tie \u0101tri un efekt\u012bvi atbr\u012bvo riepas sa\u0137eres virsmu no \u016bdens, vienlaikus uzlabojot ar\u012b sa\u0137eri uz slapja asfalta.\u00a0<\/span><span style=\"font-family: 'Arial',sans-serif;\"><o:p><\/o:p><\/span><\/p>\n","protected":false},"excerpt":{"rendered":"<p style=\"margin: 12.0pt 0cm 12.0pt 0cm;\"><b><span style=\"font-size: 11.0pt; font-family: 'Arial',sans-serif; color: black;\">Marshal MH15 <\/span><\/b><span style=\"font-size: 11.0pt; font-family: 'Arial',sans-serif; color: black;\">ir augstas kvalit\u0101tes vasaras riepu modelis. Tas veidots ar univers\u0101l\u0101m veiktsp\u0113jas \u012bpa\u0161\u012bb\u0101m gan uz sausa un slapja asfalta. \u0160is riepu modelis izce\u013cas ar\u012b ar komforta, nodilumiztur\u012bbas un degvielas ekonomijas r\u0101d\u012bt\u0101jiem. Modelis paredz\u0113ts kompaktklases un vid\u0113ja izm\u0113ra vieglaj\u0101m automa\u0161\u012bn\u0101m.\u00a0<\/span><u1:p><\/u1:p><span style=\"font-family: 'Arial',sans-serif;\"><o:p><\/o:p><\/span><\/p>\n","protected":false},"featured_media":231781,"template":"","meta":{"_acf_changed":false,"ngg_post_thumbnail":0},"product_brand":[],"product_cat":[46],"product_tag":[],"class_list":{"0":"post-597827","1":"product","2":"type-product","3":"status-publish","4":"has-post-thumbnail","6":"product_cat-vasaras-riepas","8":"first","9":"instock","10":"taxable","11":"shipping-taxable","12":"product-type-simple"},"acf":[],"yoast_head":"<!-- This site is optimized with the Yoast SEO Premium plugin v22.6 (Yoast SEO v27.3) - https:\/\/yoast.com\/product\/yoast-seo-premium-wordpress\/ -->\n<title>215\/45R16 Marshal MH15 90V XL (Kumho) &#8226; MMK Riepas<\/title>\n<meta name=\"robots\" content=\"index, follow, max-snippet:-1, max-image-preview:large, max-video-preview:-1\" \/>\n<link rel=\"canonical\" href=\"https:\/\/mmkriepas.lv\/en\/p\/215-45r16-marshal-mh15-90v-xl-kumho\/\" \/>\n<meta property=\"og:locale\" content=\"en_US\" \/>\n<meta property=\"og:type\" content=\"article\" \/>\n<meta property=\"og:title\" content=\"215\/45R16 Marshal MH15 90V XL (Kumho)\" \/>\n<meta property=\"og:description\" content=\"Marshal MH15 ir augstas kvalit\u0101tes vasaras riepu modelis. Tas veidots ar univers\u0101l\u0101m veiktsp\u0113jas \u012bpa\u0161\u012bb\u0101m gan uz sausa un slapja asfalta. \u0160is riepu modelis izce\u013cas ar\u012b ar komforta, nodilumiztur\u012bbas un degvielas ekonomijas r\u0101d\u012bt\u0101jiem. Modelis paredz\u0113ts kompaktklases un vid\u0113ja izm\u0113ra vieglaj\u0101m automa\u0161\u012bn\u0101m.\u00a0\" \/>\n<meta property=\"og:url\" content=\"https:\/\/mmkriepas.lv\/en\/p\/215-45r16-marshal-mh15-90v-xl-kumho\/\" \/>\n<meta property=\"og:site_name\" content=\"MMK Riepas\" \/>\n<meta property=\"article:publisher\" content=\"https:\/\/www.facebook.com\/mmkserviss\/\" \/>\n<meta property=\"article:modified_time\" content=\"2024-06-05T19:57:16+00:00\" \/>\n<meta property=\"og:image\" content=\"https:\/\/mmkriepas.lv\/wp-content\/uploads\/2022\/04\/20555r16-marshal-mh15-91v-vasaras-riepas.jpeg\" \/>\n\t<meta property=\"og:image:width\" content=\"1920\" \/>\n\t<meta property=\"og:image:height\" content=\"1440\" \/>\n\t<meta property=\"og:image:type\" content=\"image\/jpeg\" \/>\n<meta name=\"twitter:card\" content=\"summary_large_image\" \/>\n<meta name=\"twitter:label1\" content=\"Price\" \/>\n\t<meta name=\"twitter:data1\" content=\"&euro;86.00\" \/>\n\t<meta name=\"twitter:label2\" content=\"Availability\" \/>\n\t<meta name=\"twitter:data2\" content=\"In stock\" \/>\n<script type=\"application\/ld+json\" class=\"yoast-schema-graph\">{\"@context\":\"https:\\\/\\\/schema.org\",\"@graph\":[{\"@type\":\"WebPage\",\"@id\":\"https:\\\/\\\/mmkriepas.lv\\\/en\\\/p\\\/215-45r16-marshal-mh15-90v-xl-kumho\\\/\",\"url\":\"https:\\\/\\\/mmkriepas.lv\\\/en\\\/p\\\/215-45r16-marshal-mh15-90v-xl-kumho\\\/\",\"name\":\"215\\\/45R16 Marshal MH15 90V XL (Kumho) &#8226; MMK Riepas\",\"isPartOf\":{\"@id\":\"https:\\\/\\\/mmkriepas.lv\\\/en\\\/#website\"},\"primaryImageOfPage\":{\"@id\":\"https:\\\/\\\/mmkriepas.lv\\\/en\\\/p\\\/215-45r16-marshal-mh15-90v-xl-kumho\\\/#primaryimage\"},\"image\":{\"@id\":\"https:\\\/\\\/mmkriepas.lv\\\/en\\\/p\\\/215-45r16-marshal-mh15-90v-xl-kumho\\\/#primaryimage\"},\"thumbnailUrl\":\"https:\\\/\\\/mmkriepas.lv\\\/wp-content\\\/uploads\\\/2022\\\/04\\\/20555r16-marshal-mh15-91v-vasaras-riepas.jpeg\",\"datePublished\":\"2023-02-09T16:24:26+00:00\",\"dateModified\":\"2024-06-05T19:57:16+00:00\",\"breadcrumb\":{\"@id\":\"https:\\\/\\\/mmkriepas.lv\\\/en\\\/p\\\/215-45r16-marshal-mh15-90v-xl-kumho\\\/#breadcrumb\"},\"inLanguage\":\"en-US\",\"potentialAction\":[{\"@type\":\"ReadAction\",\"target\":[\"https:\\\/\\\/mmkriepas.lv\\\/en\\\/p\\\/215-45r16-marshal-mh15-90v-xl-kumho\\\/\"]}]},{\"@type\":\"ImageObject\",\"inLanguage\":\"en-US\",\"@id\":\"https:\\\/\\\/mmkriepas.lv\\\/en\\\/p\\\/215-45r16-marshal-mh15-90v-xl-kumho\\\/#primaryimage\",\"url\":\"https:\\\/\\\/mmkriepas.lv\\\/wp-content\\\/uploads\\\/2022\\\/04\\\/20555r16-marshal-mh15-91v-vasaras-riepas.jpeg\",\"contentUrl\":\"https:\\\/\\\/mmkriepas.lv\\\/wp-content\\\/uploads\\\/2022\\\/04\\\/20555r16-marshal-mh15-91v-vasaras-riepas.jpeg\",\"width\":1920,\"height\":1440,\"caption\":\"MMK Marshal MH15 MAIN\"},{\"@type\":\"BreadcrumbList\",\"@id\":\"https:\\\/\\\/mmkriepas.lv\\\/en\\\/p\\\/215-45r16-marshal-mh15-90v-xl-kumho\\\/#breadcrumb\",\"itemListElement\":[{\"@type\":\"ListItem\",\"position\":1,\"name\":\"S\u0101kums\",\"item\":\"https:\\\/\\\/mmkriepas.lv\\\/en\\\/\"},{\"@type\":\"ListItem\",\"position\":2,\"name\":\"215\\\/45R16 Marshal MH15 90V XL (Kumho)\"}]},{\"@type\":\"WebSite\",\"@id\":\"https:\\\/\\\/mmkriepas.lv\\\/en\\\/#website\",\"url\":\"https:\\\/\\\/mmkriepas.lv\\\/en\\\/\",\"name\":\"MMK Riepas\",\"description\":\"MMK Riepas\",\"alternateName\":\"MMK Riepu Serviss\",\"potentialAction\":[{\"@type\":\"SearchAction\",\"target\":{\"@type\":\"EntryPoint\",\"urlTemplate\":\"https:\\\/\\\/mmkriepas.lv\\\/en\\\/?s={search_term_string}\"},\"query-input\":{\"@type\":\"PropertyValueSpecification\",\"valueRequired\":true,\"valueName\":\"search_term_string\"}}],\"inLanguage\":\"en-US\"},{\"@type\":\"ImageObject\",\"inLanguage\":\"en-US\",\"@id\":\"https:\\\/\\\/mmkriepas.lv\\\/en\\\/p\\\/215-45r16-marshal-mh15-90v-xl-kumho\\\/#local-main-organization-logo\",\"url\":\"\",\"contentUrl\":\"\",\"caption\":\"MMK Riepas\"}]}<\/script>\n<meta property=\"product:brand\" content=\"Marshal MH15\" \/>\n<meta property=\"product:price:amount\" content=\"86.00\" \/>\n<meta property=\"product:price:currency\" content=\"EUR\" \/>\n<meta property=\"og:availability\" content=\"instock\" \/>\n<meta property=\"product:availability\" content=\"instock\" \/>\n<meta property=\"product:retailer_item_id\" content=\"TS2154516Marsh-E18377\" \/>\n<meta property=\"product:condition\" content=\"new\" \/>\n<!-- \/ Yoast SEO Premium plugin. -->","yoast_head_json":{"title":"215\/45R16 Marshal MH15 90V XL (Kumho) &#8226; MMK Riepas","robots":{"index":"index","follow":"follow","max-snippet":"max-snippet:-1","max-image-preview":"max-image-preview:large","max-video-preview":"max-video-preview:-1"},"canonical":"https:\/\/mmkriepas.lv\/en\/p\/215-45r16-marshal-mh15-90v-xl-kumho\/","og_locale":"en_US","og_type":"article","og_title":"215\/45R16 Marshal MH15 90V XL (Kumho)","og_description":"Marshal MH15 ir augstas kvalit\u0101tes vasaras riepu modelis. Tas veidots ar univers\u0101l\u0101m veiktsp\u0113jas \u012bpa\u0161\u012bb\u0101m gan uz sausa un slapja asfalta. \u0160is riepu modelis izce\u013cas ar\u012b ar komforta, nodilumiztur\u012bbas un degvielas ekonomijas r\u0101d\u012bt\u0101jiem. Modelis paredz\u0113ts kompaktklases un vid\u0113ja izm\u0113ra vieglaj\u0101m automa\u0161\u012bn\u0101m.\u00a0","og_url":"https:\/\/mmkriepas.lv\/en\/p\/215-45r16-marshal-mh15-90v-xl-kumho\/","og_site_name":"MMK Riepas","article_publisher":"https:\/\/www.facebook.com\/mmkserviss\/","article_modified_time":"2024-06-05T19:57:16+00:00","og_image":[{"width":1920,"height":1440,"url":"https:\/\/mmkriepas.lv\/wp-content\/uploads\/2022\/04\/20555r16-marshal-mh15-91v-vasaras-riepas.jpeg","type":"image\/jpeg"}],"twitter_card":"summary_large_image","twitter_misc":{"Price":"&euro;86.00","Availability":"In stock"},"schema":{"@context":"https:\/\/schema.org","@graph":[{"@type":"WebPage","@id":"https:\/\/mmkriepas.lv\/en\/p\/215-45r16-marshal-mh15-90v-xl-kumho\/","url":"https:\/\/mmkriepas.lv\/en\/p\/215-45r16-marshal-mh15-90v-xl-kumho\/","name":"215\/45R16 Marshal MH15 90V XL (Kumho) &#8226; MMK Riepas","isPartOf":{"@id":"https:\/\/mmkriepas.lv\/en\/#website"},"primaryImageOfPage":{"@id":"https:\/\/mmkriepas.lv\/en\/p\/215-45r16-marshal-mh15-90v-xl-kumho\/#primaryimage"},"image":{"@id":"https:\/\/mmkriepas.lv\/en\/p\/215-45r16-marshal-mh15-90v-xl-kumho\/#primaryimage"},"thumbnailUrl":"https:\/\/mmkriepas.lv\/wp-content\/uploads\/2022\/04\/20555r16-marshal-mh15-91v-vasaras-riepas.jpeg","datePublished":"2023-02-09T16:24:26+00:00","dateModified":"2024-06-05T19:57:16+00:00","breadcrumb":{"@id":"https:\/\/mmkriepas.lv\/en\/p\/215-45r16-marshal-mh15-90v-xl-kumho\/#breadcrumb"},"inLanguage":"en-US","potentialAction":[{"@type":"ReadAction","target":["https:\/\/mmkriepas.lv\/en\/p\/215-45r16-marshal-mh15-90v-xl-kumho\/"]}]},{"@type":"ImageObject","inLanguage":"en-US","@id":"https:\/\/mmkriepas.lv\/en\/p\/215-45r16-marshal-mh15-90v-xl-kumho\/#primaryimage","url":"https:\/\/mmkriepas.lv\/wp-content\/uploads\/2022\/04\/20555r16-marshal-mh15-91v-vasaras-riepas.jpeg","contentUrl":"https:\/\/mmkriepas.lv\/wp-content\/uploads\/2022\/04\/20555r16-marshal-mh15-91v-vasaras-riepas.jpeg","width":1920,"height":1440,"caption":"MMK Marshal MH15 MAIN"},{"@type":"BreadcrumbList","@id":"https:\/\/mmkriepas.lv\/en\/p\/215-45r16-marshal-mh15-90v-xl-kumho\/#breadcrumb","itemListElement":[{"@type":"ListItem","position":1,"name":"S\u0101kums","item":"https:\/\/mmkriepas.lv\/en\/"},{"@type":"ListItem","position":2,"name":"215\/45R16 Marshal MH15 90V XL (Kumho)"}]},{"@type":"WebSite","@id":"https:\/\/mmkriepas.lv\/en\/#website","url":"https:\/\/mmkriepas.lv\/en\/","name":"MMK Riepas","description":"MMK Riepas","alternateName":"MMK Riepu Serviss","potentialAction":[{"@type":"SearchAction","target":{"@type":"EntryPoint","urlTemplate":"https:\/\/mmkriepas.lv\/en\/?s={search_term_string}"},"query-input":{"@type":"PropertyValueSpecification","valueRequired":true,"valueName":"search_term_string"}}],"inLanguage":"en-US"},{"@type":"ImageObject","inLanguage":"en-US","@id":"https:\/\/mmkriepas.lv\/en\/p\/215-45r16-marshal-mh15-90v-xl-kumho\/#local-main-organization-logo","url":"","contentUrl":"","caption":"MMK Riepas"}]},"product_brand":"Marshal MH15","product_price_amount":"86.00","product_price_currency":"EUR","og_availability":"instock","product_availability":"instock","product_retailer_item_id":"TS2154516Marsh-E18377","product_condition":"new"},"_links":{"self":[{"href":"https:\/\/mmkriepas.lv\/en\/wp-json\/wp\/v2\/product\/597827","targetHints":{"allow":["GET"]}}],"collection":[{"href":"https:\/\/mmkriepas.lv\/en\/wp-json\/wp\/v2\/product"}],"about":[{"href":"https:\/\/mmkriepas.lv\/en\/wp-json\/wp\/v2\/types\/product"}],"wp:featuredmedia":[{"embeddable":true,"href":"https:\/\/mmkriepas.lv\/en\/wp-json\/wp\/v2\/media\/231781"}],"wp:attachment":[{"href":"https:\/\/mmkriepas.lv\/en\/wp-json\/wp\/v2\/media?parent=597827"}],"wp:term":[{"taxonomy":"product_brand","embeddable":true,"href":"https:\/\/mmkriepas.lv\/en\/wp-json\/wp\/v2\/product_brand?post=597827"},{"taxonomy":"product_cat","embeddable":true,"href":"https:\/\/mmkriepas.lv\/en\/wp-json\/wp\/v2\/product_cat?post=597827"},{"taxonomy":"product_tag","embeddable":true,"href":"https:\/\/mmkriepas.lv\/en\/wp-json\/wp\/v2\/product_tag?post=597827"}],"curies":[{"name":"wp","href":"https:\/\/api.w.org\/{rel}","templated":true}]}}