{"id":597217,"date":"2023-02-09T18:09:52","date_gmt":"2023-02-09T16:09:52","guid":{"rendered":"https:\/\/mmkserviss.lv\/?post_type=product&#038;p=597217"},"modified":"2025-06-05T16:57:13","modified_gmt":"2025-06-05T13:57:13","slug":"195-65r15-marshal-i-zen-mw15-91t-kumho","status":"publish","type":"product","link":"https:\/\/mmkriepas.lv\/en\/p\/195-65r15-marshal-i-zen-mw15-91t-kumho\/","title":{"rendered":"195\/65R15 Marshal MW15 91T (Kumho)"},"content":{"rendered":"<p><strong>Marshal MW15<\/strong> ir \u013coti labas kvalit\u0101tes, vid\u0113j\u0101s klases vissezonas\/ziemas riepu modelis. Tas izce\u013cas ar teicamiem veiktsp\u0113jas r\u0101d\u012bt\u0101jiem gan uz slapja un sausa asfalta, gan ar\u012b snieg\u0101. Pieejams pla\u0161\u0101 izm\u0113ru kl\u0101st\u0101 no R14 l\u012bdz R19, \u0161is riepu modelis piem\u0113rots gan vieglaj\u0101m automa\u0161\u012bn\u0101m, gan krosoveriem.<\/p>\n<p><strong>Marshal MW15 galven\u0101s iez\u012bmes:<\/strong><\/p>\n<p>+ Teicamas sa\u0137eres \u012bpa\u0161\u012bbas gan vasaras, gan m\u0113renas ziemas brauk\u0161anas apst\u0101k\u013cos.<\/p>\n<p>+ Zems akvaplan\u0113\u0161anas risks, pateicoties augsti att\u012bst\u012btai dren\u0101\u017eas jeb \u016bdens novadkan\u0101lu sist\u0113mai.<\/p>\n<p>+ Degvielas ekonomija.<\/p>\n<p>+ Labs akustiskais komforts.<\/p>\n<p><strong>MW15 apr\u012bkojums<\/strong><\/p>\n<p><strong>Marshal MW15 <\/strong>m+s jeb vissezonas riepas apr\u012bkotas ar uzlabotu virzienveida protektora dizainu. Starp t\u0101 V-veida protektora blokiem atrodama augsti att\u012bst\u012bta dren\u0101\u017eas kan\u0101lu sist\u0113ma, kas vienlaikus samazina akvaplan\u0113\u0161anas risku un uzlabo veiktsp\u0113ju snieg\u0101.<\/p>\n<p>Uzlabots ne tikai protektors, bet ar\u012b karkass riepas pamat\u0101. Tam izmantoti iztur\u012bgi, bet viegli sint\u0113tiskie materi\u0101li. \u0160\u0101da izv\u0113le veikta, lai samazin\u0101tu rites pretest\u012bbu, un l\u012bdz ar to &#8211; degvielas pat\u0113ri\u0146u, k\u0101 ar\u012b lab\u0101k pasarg\u0101tu riepu pret negaid\u012btiem triecieniem.<\/p>\n<p>Atvieglotais karkass iet\u0113rpts elast\u012bg\u0101 gumijas sakaus\u0113jum\u0101, kas savu elast\u012bbu nezaud\u0113 ar\u012b \u013coti zem\u0101s gaisa temperat\u016br\u0101s. Elast\u012bga riepa, it \u012bpa\u0161i ziem\u0101, daudz lab\u0101k veido sa\u0137eri ar ce\u013cu. Turkl\u0101t protektora blokos iestr\u0101d\u0101t\u0101s lameles, da\u013c\u0113ji aizvietojot radzes, ar as\u0101m kant\u0113m iec\u0113rtas led\u016b un sabliet\u0113t\u0101 snieg\u0101, veidojot sa\u0137eri ar slidenaj\u0101m virsm\u0101m.<\/p>\n","protected":false},"excerpt":{"rendered":"<p><b>Marshal MW15<\/b><span style=\"font-weight: 400;\"> ir \u013coti labas kvalit\u0101tes, vid\u0113j\u0101s klases vissezonas\/ziemas riepu modelis. Tas izce\u013cas ar teicamiem veiktsp\u0113jas r\u0101d\u012bt\u0101jiem gan uz slapja un sausa asfalta, gan ar\u012b snieg\u0101. Pieejams pla\u0161\u0101 izm\u0113ru kl\u0101st\u0101 no R14 l\u012bdz R19, \u0161is riepu modelis piem\u0113rots gan vieglaj\u0101m automa\u0161\u012bn\u0101m, gan krosoveriem.<\/span><\/p>\n","protected":false},"featured_media":70729,"template":"","meta":{"_acf_changed":false,"ngg_post_thumbnail":0},"product_brand":[],"product_cat":[47,45],"product_tag":[],"class_list":{"0":"post-597217","1":"product","2":"type-product","3":"status-publish","4":"has-post-thumbnail","6":"product_cat-vissezonas-riepas","7":"product_cat-ziemas-riepas","9":"first","10":"instock","11":"sale","12":"taxable","13":"shipping-taxable","14":"product-type-simple"},"acf":[],"yoast_head":"<!-- This site is optimized with the Yoast SEO Premium plugin v22.6 (Yoast SEO v27.3) - https:\/\/yoast.com\/product\/yoast-seo-premium-wordpress\/ -->\n<title>195\/65R15 Marshal MW15 91T (Kumho) &#8226; MMK Riepas<\/title>\n<meta name=\"robots\" content=\"index, follow, max-snippet:-1, max-image-preview:large, max-video-preview:-1\" \/>\n<link rel=\"canonical\" href=\"https:\/\/mmkriepas.lv\/en\/p\/195-65r15-marshal-i-zen-mw15-91t-kumho\/\" \/>\n<meta property=\"og:locale\" content=\"en_US\" \/>\n<meta property=\"og:type\" content=\"article\" \/>\n<meta property=\"og:title\" content=\"195\/65R15 Marshal MW15 91T (Kumho)\" \/>\n<meta property=\"og:description\" content=\"Marshal MW15 ir \u013coti labas kvalit\u0101tes, vid\u0113j\u0101s klases vissezonas\/ziemas riepu modelis. Tas izce\u013cas ar teicamiem veiktsp\u0113jas r\u0101d\u012bt\u0101jiem gan uz slapja un sausa asfalta, gan ar\u012b snieg\u0101. Pieejams pla\u0161\u0101 izm\u0113ru kl\u0101st\u0101 no R14 l\u012bdz R19, \u0161is riepu modelis piem\u0113rots gan vieglaj\u0101m automa\u0161\u012bn\u0101m, gan krosoveriem.\" \/>\n<meta property=\"og:url\" content=\"https:\/\/mmkriepas.lv\/en\/p\/195-65r15-marshal-i-zen-mw15-91t-kumho\/\" \/>\n<meta property=\"og:site_name\" content=\"MMK Riepas\" \/>\n<meta property=\"article:publisher\" content=\"https:\/\/www.facebook.com\/mmkserviss\/\" \/>\n<meta property=\"article:modified_time\" content=\"2025-06-05T13:57:13+00:00\" \/>\n<meta property=\"og:image\" content=\"https:\/\/mmkriepas.lv\/wp-content\/uploads\/2018\/09\/22545r17-marshal-mw15-94v-xl-ziemas-riepas-3.jpg\" \/>\n\t<meta property=\"og:image:width\" content=\"1400\" \/>\n\t<meta property=\"og:image:height\" content=\"932\" \/>\n\t<meta property=\"og:image:type\" content=\"image\/jpeg\" \/>\n<meta name=\"twitter:card\" content=\"summary_large_image\" \/>\n<meta name=\"twitter:label1\" content=\"Price\" \/>\n\t<meta name=\"twitter:data1\" content=\"&euro;40.00\" \/>\n\t<meta name=\"twitter:label2\" content=\"Availability\" \/>\n\t<meta name=\"twitter:data2\" content=\"In stock\" \/>\n<script type=\"application\/ld+json\" class=\"yoast-schema-graph\">{\"@context\":\"https:\\\/\\\/schema.org\",\"@graph\":[{\"@type\":\"WebPage\",\"@id\":\"https:\\\/\\\/mmkriepas.lv\\\/en\\\/p\\\/195-65r15-marshal-i-zen-mw15-91t-kumho\\\/\",\"url\":\"https:\\\/\\\/mmkriepas.lv\\\/en\\\/p\\\/195-65r15-marshal-i-zen-mw15-91t-kumho\\\/\",\"name\":\"195\\\/65R15 Marshal MW15 91T (Kumho) &#8226; MMK Riepas\",\"isPartOf\":{\"@id\":\"https:\\\/\\\/mmkriepas.lv\\\/en\\\/#website\"},\"primaryImageOfPage\":{\"@id\":\"https:\\\/\\\/mmkriepas.lv\\\/en\\\/p\\\/195-65r15-marshal-i-zen-mw15-91t-kumho\\\/#primaryimage\"},\"image\":{\"@id\":\"https:\\\/\\\/mmkriepas.lv\\\/en\\\/p\\\/195-65r15-marshal-i-zen-mw15-91t-kumho\\\/#primaryimage\"},\"thumbnailUrl\":\"https:\\\/\\\/mmkriepas.lv\\\/wp-content\\\/uploads\\\/2018\\\/09\\\/22545r17-marshal-mw15-94v-xl-ziemas-riepas-3.jpg\",\"datePublished\":\"2023-02-09T16:09:52+00:00\",\"dateModified\":\"2025-06-05T13:57:13+00:00\",\"breadcrumb\":{\"@id\":\"https:\\\/\\\/mmkriepas.lv\\\/en\\\/p\\\/195-65r15-marshal-i-zen-mw15-91t-kumho\\\/#breadcrumb\"},\"inLanguage\":\"en-US\",\"potentialAction\":[{\"@type\":\"ReadAction\",\"target\":[\"https:\\\/\\\/mmkriepas.lv\\\/en\\\/p\\\/195-65r15-marshal-i-zen-mw15-91t-kumho\\\/\"]}]},{\"@type\":\"ImageObject\",\"inLanguage\":\"en-US\",\"@id\":\"https:\\\/\\\/mmkriepas.lv\\\/en\\\/p\\\/195-65r15-marshal-i-zen-mw15-91t-kumho\\\/#primaryimage\",\"url\":\"https:\\\/\\\/mmkriepas.lv\\\/wp-content\\\/uploads\\\/2018\\\/09\\\/22545r17-marshal-mw15-94v-xl-ziemas-riepas-3.jpg\",\"contentUrl\":\"https:\\\/\\\/mmkriepas.lv\\\/wp-content\\\/uploads\\\/2018\\\/09\\\/22545r17-marshal-mw15-94v-xl-ziemas-riepas-3.jpg\",\"width\":1400,\"height\":932,\"caption\":\"225\\\/45R17 Marshal MW15 94V XL - Vissezonas riepas \\\/ Ziemas riepas\"},{\"@type\":\"BreadcrumbList\",\"@id\":\"https:\\\/\\\/mmkriepas.lv\\\/en\\\/p\\\/195-65r15-marshal-i-zen-mw15-91t-kumho\\\/#breadcrumb\",\"itemListElement\":[{\"@type\":\"ListItem\",\"position\":1,\"name\":\"S\u0101kums\",\"item\":\"https:\\\/\\\/mmkriepas.lv\\\/en\\\/\"},{\"@type\":\"ListItem\",\"position\":2,\"name\":\"195\\\/65R15 Marshal MW15 91T (Kumho)\"}]},{\"@type\":\"WebSite\",\"@id\":\"https:\\\/\\\/mmkriepas.lv\\\/en\\\/#website\",\"url\":\"https:\\\/\\\/mmkriepas.lv\\\/en\\\/\",\"name\":\"MMK Riepas\",\"description\":\"MMK Riepas\",\"alternateName\":\"MMK Riepu Serviss\",\"potentialAction\":[{\"@type\":\"SearchAction\",\"target\":{\"@type\":\"EntryPoint\",\"urlTemplate\":\"https:\\\/\\\/mmkriepas.lv\\\/en\\\/?s={search_term_string}\"},\"query-input\":{\"@type\":\"PropertyValueSpecification\",\"valueRequired\":true,\"valueName\":\"search_term_string\"}}],\"inLanguage\":\"en-US\"},{\"@type\":\"ImageObject\",\"inLanguage\":\"en-US\",\"@id\":\"https:\\\/\\\/mmkriepas.lv\\\/en\\\/p\\\/195-65r15-marshal-i-zen-mw15-91t-kumho\\\/#local-main-organization-logo\",\"url\":\"\",\"contentUrl\":\"\",\"caption\":\"MMK Riepas\"}]}<\/script>\n<meta property=\"product:brand\" content=\"Marshal MW15\" \/>\n<meta property=\"product:price:amount\" content=\"40.00\" \/>\n<meta property=\"product:price:currency\" content=\"EUR\" \/>\n<meta property=\"og:availability\" content=\"instock\" \/>\n<meta property=\"product:availability\" content=\"instock\" \/>\n<meta property=\"product:retailer_item_id\" content=\"TW1956515Marsh-E18190\" \/>\n<meta property=\"product:condition\" content=\"new\" \/>\n<!-- \/ Yoast SEO Premium plugin. -->","yoast_head_json":{"title":"195\/65R15 Marshal MW15 91T (Kumho) &#8226; MMK Riepas","robots":{"index":"index","follow":"follow","max-snippet":"max-snippet:-1","max-image-preview":"max-image-preview:large","max-video-preview":"max-video-preview:-1"},"canonical":"https:\/\/mmkriepas.lv\/en\/p\/195-65r15-marshal-i-zen-mw15-91t-kumho\/","og_locale":"en_US","og_type":"article","og_title":"195\/65R15 Marshal MW15 91T (Kumho)","og_description":"Marshal MW15 ir \u013coti labas kvalit\u0101tes, vid\u0113j\u0101s klases vissezonas\/ziemas riepu modelis. Tas izce\u013cas ar teicamiem veiktsp\u0113jas r\u0101d\u012bt\u0101jiem gan uz slapja un sausa asfalta, gan ar\u012b snieg\u0101. Pieejams pla\u0161\u0101 izm\u0113ru kl\u0101st\u0101 no R14 l\u012bdz R19, \u0161is riepu modelis piem\u0113rots gan vieglaj\u0101m automa\u0161\u012bn\u0101m, gan krosoveriem.","og_url":"https:\/\/mmkriepas.lv\/en\/p\/195-65r15-marshal-i-zen-mw15-91t-kumho\/","og_site_name":"MMK Riepas","article_publisher":"https:\/\/www.facebook.com\/mmkserviss\/","article_modified_time":"2025-06-05T13:57:13+00:00","og_image":[{"width":1400,"height":932,"url":"https:\/\/mmkriepas.lv\/wp-content\/uploads\/2018\/09\/22545r17-marshal-mw15-94v-xl-ziemas-riepas-3.jpg","type":"image\/jpeg"}],"twitter_card":"summary_large_image","twitter_misc":{"Price":"&euro;40.00","Availability":"In stock"},"schema":{"@context":"https:\/\/schema.org","@graph":[{"@type":"WebPage","@id":"https:\/\/mmkriepas.lv\/en\/p\/195-65r15-marshal-i-zen-mw15-91t-kumho\/","url":"https:\/\/mmkriepas.lv\/en\/p\/195-65r15-marshal-i-zen-mw15-91t-kumho\/","name":"195\/65R15 Marshal MW15 91T (Kumho) &#8226; MMK Riepas","isPartOf":{"@id":"https:\/\/mmkriepas.lv\/en\/#website"},"primaryImageOfPage":{"@id":"https:\/\/mmkriepas.lv\/en\/p\/195-65r15-marshal-i-zen-mw15-91t-kumho\/#primaryimage"},"image":{"@id":"https:\/\/mmkriepas.lv\/en\/p\/195-65r15-marshal-i-zen-mw15-91t-kumho\/#primaryimage"},"thumbnailUrl":"https:\/\/mmkriepas.lv\/wp-content\/uploads\/2018\/09\/22545r17-marshal-mw15-94v-xl-ziemas-riepas-3.jpg","datePublished":"2023-02-09T16:09:52+00:00","dateModified":"2025-06-05T13:57:13+00:00","breadcrumb":{"@id":"https:\/\/mmkriepas.lv\/en\/p\/195-65r15-marshal-i-zen-mw15-91t-kumho\/#breadcrumb"},"inLanguage":"en-US","potentialAction":[{"@type":"ReadAction","target":["https:\/\/mmkriepas.lv\/en\/p\/195-65r15-marshal-i-zen-mw15-91t-kumho\/"]}]},{"@type":"ImageObject","inLanguage":"en-US","@id":"https:\/\/mmkriepas.lv\/en\/p\/195-65r15-marshal-i-zen-mw15-91t-kumho\/#primaryimage","url":"https:\/\/mmkriepas.lv\/wp-content\/uploads\/2018\/09\/22545r17-marshal-mw15-94v-xl-ziemas-riepas-3.jpg","contentUrl":"https:\/\/mmkriepas.lv\/wp-content\/uploads\/2018\/09\/22545r17-marshal-mw15-94v-xl-ziemas-riepas-3.jpg","width":1400,"height":932,"caption":"225\/45R17 Marshal MW15 94V XL - Vissezonas riepas \/ Ziemas riepas"},{"@type":"BreadcrumbList","@id":"https:\/\/mmkriepas.lv\/en\/p\/195-65r15-marshal-i-zen-mw15-91t-kumho\/#breadcrumb","itemListElement":[{"@type":"ListItem","position":1,"name":"S\u0101kums","item":"https:\/\/mmkriepas.lv\/en\/"},{"@type":"ListItem","position":2,"name":"195\/65R15 Marshal MW15 91T (Kumho)"}]},{"@type":"WebSite","@id":"https:\/\/mmkriepas.lv\/en\/#website","url":"https:\/\/mmkriepas.lv\/en\/","name":"MMK Riepas","description":"MMK Riepas","alternateName":"MMK Riepu Serviss","potentialAction":[{"@type":"SearchAction","target":{"@type":"EntryPoint","urlTemplate":"https:\/\/mmkriepas.lv\/en\/?s={search_term_string}"},"query-input":{"@type":"PropertyValueSpecification","valueRequired":true,"valueName":"search_term_string"}}],"inLanguage":"en-US"},{"@type":"ImageObject","inLanguage":"en-US","@id":"https:\/\/mmkriepas.lv\/en\/p\/195-65r15-marshal-i-zen-mw15-91t-kumho\/#local-main-organization-logo","url":"","contentUrl":"","caption":"MMK Riepas"}]},"product_brand":"Marshal MW15","product_price_amount":"40.00","product_price_currency":"EUR","og_availability":"instock","product_availability":"instock","product_retailer_item_id":"TW1956515Marsh-E18190","product_condition":"new"},"_links":{"self":[{"href":"https:\/\/mmkriepas.lv\/en\/wp-json\/wp\/v2\/product\/597217","targetHints":{"allow":["GET"]}}],"collection":[{"href":"https:\/\/mmkriepas.lv\/en\/wp-json\/wp\/v2\/product"}],"about":[{"href":"https:\/\/mmkriepas.lv\/en\/wp-json\/wp\/v2\/types\/product"}],"wp:featuredmedia":[{"embeddable":true,"href":"https:\/\/mmkriepas.lv\/en\/wp-json\/wp\/v2\/media\/70729"}],"wp:attachment":[{"href":"https:\/\/mmkriepas.lv\/en\/wp-json\/wp\/v2\/media?parent=597217"}],"wp:term":[{"taxonomy":"product_brand","embeddable":true,"href":"https:\/\/mmkriepas.lv\/en\/wp-json\/wp\/v2\/product_brand?post=597217"},{"taxonomy":"product_cat","embeddable":true,"href":"https:\/\/mmkriepas.lv\/en\/wp-json\/wp\/v2\/product_cat?post=597217"},{"taxonomy":"product_tag","embeddable":true,"href":"https:\/\/mmkriepas.lv\/en\/wp-json\/wp\/v2\/product_tag?post=597217"}],"curies":[{"name":"wp","href":"https:\/\/api.w.org\/{rel}","templated":true}]}}