{"id":597187,"date":"2023-02-09T18:09:05","date_gmt":"2023-02-09T16:09:05","guid":{"rendered":"https:\/\/mmkserviss.lv\/?post_type=product&#038;p=597187"},"modified":"2025-12-11T23:03:51","modified_gmt":"2025-12-11T21:03:51","slug":"265-50r20-marshal-matrac-fx-mu12-111v-xl-kumho-2","status":"publish","type":"product","link":"https:\/\/mmkriepas.lv\/en\/p\/265-50r20-marshal-matrac-fx-mu12-111v-xl-kumho-2\/","title":{"rendered":"265\/50R20 Marshal MU12 111V XL (Kumho)"},"content":{"rendered":"<p><strong>Marshal MU12 <\/strong>ir augstas veiktsp\u0113jas un kvalit\u0101tes vasaras riepu modelis. Tas veidots ar univers\u0101l\u0101m veiktsp\u0113jas \u012bpa\u0161\u012bb\u0101m gan uz sausa un slapja asfalta. \u0160is riepu modelis izce\u013cas ar\u012b ar komforta, nodilumiztur\u012bbas un degvielas ekonomijas r\u0101d\u012bt\u0101jiem. Modelis pieejams pla\u0161\u0101 izm\u0113ru kl\u0101st\u0101, s\u0101kot ar kompaktklases auto un beidzot ar SUV automa\u0161\u012bn\u0101m.<\/p>\n<h3>MU12 galven\u0101s iez\u012bmes<\/h3>\n<h3>+ Dinamiska un dro\u0161a vad\u0101m\u012bb\u0101 gan uz sausa, gan mitra seguma.<\/h3>\n<h3>+ Augsta notur\u012bba pret akvaplan\u0113\u0161anu.<\/h3>\n<h3>+ Iztur\u012bgi borti.<\/h3>\n<h3>+ Prec\u012bza reakcija uz st\u016bres kust\u012bb\u0101m.<\/h3>\n<h3>+ Klusas riepas.<\/h3>\n<h3>+ Laba sa\u0137ere slapj\u0101 laik\u0101.<\/h3>\n<h3>MU12 apr\u012bkojums<\/h3>\n<h3>\u00a0<\/h3>\n<p><strong>Marshal MU12 <\/strong>riepu mode\u013ca protektora dizains liel\u0101 m\u0113r\u0101 veicina trok\u0161\u0146u absorbciju, k\u0101 ar\u012b garant\u0113 brauk\u0161anas komfortu liel\u0101 \u0101trum\u0101 ar izcilu stabilit\u0101ti un vad\u0101m\u012bbu. Platas garenisk\u0101s rievas samazina hidropl\u0101no\u0161anas risku. Uzlabota protektora stingr\u012bba ir nodro\u0161in\u0101jusi rites pretest\u012bbas samazin\u0101\u0161anos.<\/p>\n","protected":false},"excerpt":{"rendered":"<p><b><span style=\"font-size: 11.0pt; font-family: 'Arial',sans-serif; color: black;\">Marshal MU12 <\/span><\/b><span style=\"font-size: 11.0pt; font-family: 'Arial',sans-serif; color: black;\">ir augstas veiktsp\u0113jas un kvalit\u0101tes vasaras riepu modelis. Tas veidots ar univers\u0101l\u0101m veiktsp\u0113jas \u012bpa\u0161\u012bb\u0101m gan uz sausa un slapja asfalta. \u0160is riepu modelis izce\u013cas ar\u012b ar komforta, nodilumiztur\u012bbas un degvielas ekonomijas r\u0101d\u012bt\u0101jiem. Modelis pieejams pla\u0161\u0101 izm\u0113ru kl\u0101st\u0101, s\u0101kot ar kompaktklases auto un beidzot ar SUV automa\u0161\u012bn\u0101m.<\/span><\/p>\n","protected":false},"featured_media":225504,"template":"","meta":{"_acf_changed":false,"ngg_post_thumbnail":0},"product_brand":[],"product_cat":[46],"product_tag":[],"class_list":{"0":"post-597187","1":"product","2":"type-product","3":"status-publish","4":"has-post-thumbnail","6":"product_cat-vasaras-riepas","8":"first","9":"instock","10":"sale","11":"taxable","12":"shipping-taxable","13":"product-type-simple"},"acf":[],"yoast_head":"<!-- This site is optimized with the Yoast SEO Premium plugin v22.6 (Yoast SEO v27.3) - https:\/\/yoast.com\/product\/yoast-seo-premium-wordpress\/ -->\n<title>265\/50R20 Marshal MU12 111V XL (Kumho) &#8226; MMK Riepas<\/title>\n<meta name=\"robots\" content=\"index, follow, max-snippet:-1, max-image-preview:large, max-video-preview:-1\" \/>\n<link rel=\"canonical\" href=\"https:\/\/mmkriepas.lv\/en\/p\/265-50r20-marshal-matrac-fx-mu12-111v-xl-kumho-2\/\" \/>\n<meta property=\"og:locale\" content=\"en_US\" \/>\n<meta property=\"og:type\" content=\"article\" \/>\n<meta property=\"og:title\" content=\"265\/50R20 Marshal MU12 111V XL (Kumho)\" \/>\n<meta property=\"og:description\" content=\"Marshal MU12 ir augstas veiktsp\u0113jas un kvalit\u0101tes vasaras riepu modelis. Tas veidots ar univers\u0101l\u0101m veiktsp\u0113jas \u012bpa\u0161\u012bb\u0101m gan uz sausa un slapja asfalta. \u0160is riepu modelis izce\u013cas ar\u012b ar komforta, nodilumiztur\u012bbas un degvielas ekonomijas r\u0101d\u012bt\u0101jiem. Modelis pieejams pla\u0161\u0101 izm\u0113ru kl\u0101st\u0101, s\u0101kot ar kompaktklases auto un beidzot ar SUV automa\u0161\u012bn\u0101m.\" \/>\n<meta property=\"og:url\" content=\"https:\/\/mmkriepas.lv\/en\/p\/265-50r20-marshal-matrac-fx-mu12-111v-xl-kumho-2\/\" \/>\n<meta property=\"og:site_name\" content=\"MMK Riepas\" \/>\n<meta property=\"article:publisher\" content=\"https:\/\/www.facebook.com\/mmkserviss\/\" \/>\n<meta property=\"article:modified_time\" content=\"2025-12-11T21:03:51+00:00\" \/>\n<meta property=\"og:image\" content=\"https:\/\/mmkriepas.lv\/wp-content\/uploads\/2022\/03\/19550r15-marshal-matrac-fx-mu12-86h-xl-vasaras-riepas.jpg\" \/>\n\t<meta property=\"og:image:width\" content=\"1920\" \/>\n\t<meta property=\"og:image:height\" content=\"1278\" \/>\n\t<meta property=\"og:image:type\" content=\"image\/jpeg\" \/>\n<meta name=\"twitter:card\" content=\"summary_large_image\" \/>\n<meta name=\"twitter:label1\" content=\"Price\" \/>\n\t<meta name=\"twitter:data1\" content=\"&euro;152.00\" \/>\n\t<meta name=\"twitter:label2\" content=\"Availability\" \/>\n\t<meta name=\"twitter:data2\" content=\"In stock\" \/>\n<script type=\"application\/ld+json\" class=\"yoast-schema-graph\">{\"@context\":\"https:\\\/\\\/schema.org\",\"@graph\":[{\"@type\":\"WebPage\",\"@id\":\"https:\\\/\\\/mmkriepas.lv\\\/en\\\/p\\\/265-50r20-marshal-matrac-fx-mu12-111v-xl-kumho-2\\\/\",\"url\":\"https:\\\/\\\/mmkriepas.lv\\\/en\\\/p\\\/265-50r20-marshal-matrac-fx-mu12-111v-xl-kumho-2\\\/\",\"name\":\"265\\\/50R20 Marshal MU12 111V XL (Kumho) &#8226; MMK Riepas\",\"isPartOf\":{\"@id\":\"https:\\\/\\\/mmkriepas.lv\\\/en\\\/#website\"},\"primaryImageOfPage\":{\"@id\":\"https:\\\/\\\/mmkriepas.lv\\\/en\\\/p\\\/265-50r20-marshal-matrac-fx-mu12-111v-xl-kumho-2\\\/#primaryimage\"},\"image\":{\"@id\":\"https:\\\/\\\/mmkriepas.lv\\\/en\\\/p\\\/265-50r20-marshal-matrac-fx-mu12-111v-xl-kumho-2\\\/#primaryimage\"},\"thumbnailUrl\":\"https:\\\/\\\/mmkriepas.lv\\\/wp-content\\\/uploads\\\/2022\\\/03\\\/19550r15-marshal-matrac-fx-mu12-86h-xl-vasaras-riepas.jpg\",\"datePublished\":\"2023-02-09T16:09:05+00:00\",\"dateModified\":\"2025-12-11T21:03:51+00:00\",\"breadcrumb\":{\"@id\":\"https:\\\/\\\/mmkriepas.lv\\\/en\\\/p\\\/265-50r20-marshal-matrac-fx-mu12-111v-xl-kumho-2\\\/#breadcrumb\"},\"inLanguage\":\"en-US\",\"potentialAction\":[{\"@type\":\"ReadAction\",\"target\":[\"https:\\\/\\\/mmkriepas.lv\\\/en\\\/p\\\/265-50r20-marshal-matrac-fx-mu12-111v-xl-kumho-2\\\/\"]}]},{\"@type\":\"ImageObject\",\"inLanguage\":\"en-US\",\"@id\":\"https:\\\/\\\/mmkriepas.lv\\\/en\\\/p\\\/265-50r20-marshal-matrac-fx-mu12-111v-xl-kumho-2\\\/#primaryimage\",\"url\":\"https:\\\/\\\/mmkriepas.lv\\\/wp-content\\\/uploads\\\/2022\\\/03\\\/19550r15-marshal-matrac-fx-mu12-86h-xl-vasaras-riepas.jpg\",\"contentUrl\":\"https:\\\/\\\/mmkriepas.lv\\\/wp-content\\\/uploads\\\/2022\\\/03\\\/19550r15-marshal-matrac-fx-mu12-86h-xl-vasaras-riepas.jpg\",\"width\":1920,\"height\":1278,\"caption\":\"Marshal MATRAC FX MU12\"},{\"@type\":\"BreadcrumbList\",\"@id\":\"https:\\\/\\\/mmkriepas.lv\\\/en\\\/p\\\/265-50r20-marshal-matrac-fx-mu12-111v-xl-kumho-2\\\/#breadcrumb\",\"itemListElement\":[{\"@type\":\"ListItem\",\"position\":1,\"name\":\"S\u0101kums\",\"item\":\"https:\\\/\\\/mmkriepas.lv\\\/en\\\/\"},{\"@type\":\"ListItem\",\"position\":2,\"name\":\"265\\\/50R20 Marshal MU12 111V XL (Kumho)\"}]},{\"@type\":\"WebSite\",\"@id\":\"https:\\\/\\\/mmkriepas.lv\\\/en\\\/#website\",\"url\":\"https:\\\/\\\/mmkriepas.lv\\\/en\\\/\",\"name\":\"MMK Riepas\",\"description\":\"MMK Riepas\",\"alternateName\":\"MMK Riepu Serviss\",\"potentialAction\":[{\"@type\":\"SearchAction\",\"target\":{\"@type\":\"EntryPoint\",\"urlTemplate\":\"https:\\\/\\\/mmkriepas.lv\\\/en\\\/?s={search_term_string}\"},\"query-input\":{\"@type\":\"PropertyValueSpecification\",\"valueRequired\":true,\"valueName\":\"search_term_string\"}}],\"inLanguage\":\"en-US\"},{\"@type\":\"ImageObject\",\"inLanguage\":\"en-US\",\"@id\":\"https:\\\/\\\/mmkriepas.lv\\\/en\\\/p\\\/265-50r20-marshal-matrac-fx-mu12-111v-xl-kumho-2\\\/#local-main-organization-logo\",\"url\":\"\",\"contentUrl\":\"\",\"caption\":\"MMK Riepas\"}]}<\/script>\n<meta property=\"product:brand\" content=\"Marshal MU12\" \/>\n<meta property=\"product:price:amount\" content=\"152.00\" \/>\n<meta property=\"product:price:currency\" content=\"EUR\" \/>\n<meta property=\"og:availability\" content=\"instock\" \/>\n<meta property=\"product:availability\" content=\"instock\" \/>\n<meta property=\"product:retailer_item_id\" content=\"TS2655020Marsh-E18180\" \/>\n<meta property=\"product:condition\" content=\"new\" \/>\n<!-- \/ Yoast SEO Premium plugin. -->","yoast_head_json":{"title":"265\/50R20 Marshal MU12 111V XL (Kumho) &#8226; MMK Riepas","robots":{"index":"index","follow":"follow","max-snippet":"max-snippet:-1","max-image-preview":"max-image-preview:large","max-video-preview":"max-video-preview:-1"},"canonical":"https:\/\/mmkriepas.lv\/en\/p\/265-50r20-marshal-matrac-fx-mu12-111v-xl-kumho-2\/","og_locale":"en_US","og_type":"article","og_title":"265\/50R20 Marshal MU12 111V XL (Kumho)","og_description":"Marshal MU12 ir augstas veiktsp\u0113jas un kvalit\u0101tes vasaras riepu modelis. Tas veidots ar univers\u0101l\u0101m veiktsp\u0113jas \u012bpa\u0161\u012bb\u0101m gan uz sausa un slapja asfalta. \u0160is riepu modelis izce\u013cas ar\u012b ar komforta, nodilumiztur\u012bbas un degvielas ekonomijas r\u0101d\u012bt\u0101jiem. Modelis pieejams pla\u0161\u0101 izm\u0113ru kl\u0101st\u0101, s\u0101kot ar kompaktklases auto un beidzot ar SUV automa\u0161\u012bn\u0101m.","og_url":"https:\/\/mmkriepas.lv\/en\/p\/265-50r20-marshal-matrac-fx-mu12-111v-xl-kumho-2\/","og_site_name":"MMK Riepas","article_publisher":"https:\/\/www.facebook.com\/mmkserviss\/","article_modified_time":"2025-12-11T21:03:51+00:00","og_image":[{"width":1920,"height":1278,"url":"https:\/\/mmkriepas.lv\/wp-content\/uploads\/2022\/03\/19550r15-marshal-matrac-fx-mu12-86h-xl-vasaras-riepas.jpg","type":"image\/jpeg"}],"twitter_card":"summary_large_image","twitter_misc":{"Price":"&euro;152.00","Availability":"In stock"},"schema":{"@context":"https:\/\/schema.org","@graph":[{"@type":"WebPage","@id":"https:\/\/mmkriepas.lv\/en\/p\/265-50r20-marshal-matrac-fx-mu12-111v-xl-kumho-2\/","url":"https:\/\/mmkriepas.lv\/en\/p\/265-50r20-marshal-matrac-fx-mu12-111v-xl-kumho-2\/","name":"265\/50R20 Marshal MU12 111V XL (Kumho) &#8226; MMK Riepas","isPartOf":{"@id":"https:\/\/mmkriepas.lv\/en\/#website"},"primaryImageOfPage":{"@id":"https:\/\/mmkriepas.lv\/en\/p\/265-50r20-marshal-matrac-fx-mu12-111v-xl-kumho-2\/#primaryimage"},"image":{"@id":"https:\/\/mmkriepas.lv\/en\/p\/265-50r20-marshal-matrac-fx-mu12-111v-xl-kumho-2\/#primaryimage"},"thumbnailUrl":"https:\/\/mmkriepas.lv\/wp-content\/uploads\/2022\/03\/19550r15-marshal-matrac-fx-mu12-86h-xl-vasaras-riepas.jpg","datePublished":"2023-02-09T16:09:05+00:00","dateModified":"2025-12-11T21:03:51+00:00","breadcrumb":{"@id":"https:\/\/mmkriepas.lv\/en\/p\/265-50r20-marshal-matrac-fx-mu12-111v-xl-kumho-2\/#breadcrumb"},"inLanguage":"en-US","potentialAction":[{"@type":"ReadAction","target":["https:\/\/mmkriepas.lv\/en\/p\/265-50r20-marshal-matrac-fx-mu12-111v-xl-kumho-2\/"]}]},{"@type":"ImageObject","inLanguage":"en-US","@id":"https:\/\/mmkriepas.lv\/en\/p\/265-50r20-marshal-matrac-fx-mu12-111v-xl-kumho-2\/#primaryimage","url":"https:\/\/mmkriepas.lv\/wp-content\/uploads\/2022\/03\/19550r15-marshal-matrac-fx-mu12-86h-xl-vasaras-riepas.jpg","contentUrl":"https:\/\/mmkriepas.lv\/wp-content\/uploads\/2022\/03\/19550r15-marshal-matrac-fx-mu12-86h-xl-vasaras-riepas.jpg","width":1920,"height":1278,"caption":"Marshal MATRAC FX MU12"},{"@type":"BreadcrumbList","@id":"https:\/\/mmkriepas.lv\/en\/p\/265-50r20-marshal-matrac-fx-mu12-111v-xl-kumho-2\/#breadcrumb","itemListElement":[{"@type":"ListItem","position":1,"name":"S\u0101kums","item":"https:\/\/mmkriepas.lv\/en\/"},{"@type":"ListItem","position":2,"name":"265\/50R20 Marshal MU12 111V XL (Kumho)"}]},{"@type":"WebSite","@id":"https:\/\/mmkriepas.lv\/en\/#website","url":"https:\/\/mmkriepas.lv\/en\/","name":"MMK Riepas","description":"MMK Riepas","alternateName":"MMK Riepu Serviss","potentialAction":[{"@type":"SearchAction","target":{"@type":"EntryPoint","urlTemplate":"https:\/\/mmkriepas.lv\/en\/?s={search_term_string}"},"query-input":{"@type":"PropertyValueSpecification","valueRequired":true,"valueName":"search_term_string"}}],"inLanguage":"en-US"},{"@type":"ImageObject","inLanguage":"en-US","@id":"https:\/\/mmkriepas.lv\/en\/p\/265-50r20-marshal-matrac-fx-mu12-111v-xl-kumho-2\/#local-main-organization-logo","url":"","contentUrl":"","caption":"MMK Riepas"}]},"product_brand":"Marshal MU12","product_price_amount":"152.00","product_price_currency":"EUR","og_availability":"instock","product_availability":"instock","product_retailer_item_id":"TS2655020Marsh-E18180","product_condition":"new"},"_links":{"self":[{"href":"https:\/\/mmkriepas.lv\/en\/wp-json\/wp\/v2\/product\/597187","targetHints":{"allow":["GET"]}}],"collection":[{"href":"https:\/\/mmkriepas.lv\/en\/wp-json\/wp\/v2\/product"}],"about":[{"href":"https:\/\/mmkriepas.lv\/en\/wp-json\/wp\/v2\/types\/product"}],"wp:featuredmedia":[{"embeddable":true,"href":"https:\/\/mmkriepas.lv\/en\/wp-json\/wp\/v2\/media\/225504"}],"wp:attachment":[{"href":"https:\/\/mmkriepas.lv\/en\/wp-json\/wp\/v2\/media?parent=597187"}],"wp:term":[{"taxonomy":"product_brand","embeddable":true,"href":"https:\/\/mmkriepas.lv\/en\/wp-json\/wp\/v2\/product_brand?post=597187"},{"taxonomy":"product_cat","embeddable":true,"href":"https:\/\/mmkriepas.lv\/en\/wp-json\/wp\/v2\/product_cat?post=597187"},{"taxonomy":"product_tag","embeddable":true,"href":"https:\/\/mmkriepas.lv\/en\/wp-json\/wp\/v2\/product_tag?post=597187"}],"curies":[{"name":"wp","href":"https:\/\/api.w.org\/{rel}","templated":true}]}}