{"id":596767,"date":"2023-02-09T17:58:42","date_gmt":"2023-02-09T15:58:42","guid":{"rendered":"https:\/\/mmkserviss.lv\/?post_type=product&#038;p=596767"},"modified":"2026-04-05T14:50:13","modified_gmt":"2026-04-05T11:50:13","slug":"275-45r20-leao-winter-defender-grip-suv-110t-xl","status":"publish","type":"product","link":"https:\/\/mmkriepas.lv\/en\/p\/275-45r20-leao-winter-defender-grip-suv-110t-xl\/","title":{"rendered":"275\/45R20 Leao Winter Defender Grip SUV 110T XL"},"content":{"rendered":"<p class=\"western\" align=\"left\"><strong><span style=\"font-family: Arial, sans-serif;\">Leao Winter Defender Grip<\/span><\/strong><strong><span style=\"font-family: Arial, sans-serif;\"> <\/span><\/strong><span style=\"font-family: Arial, sans-serif;\">ir rad\u017eojams ziemas riepu modelis ar \u012bpa\u0161i agres\u012bvu protektora rakstu, kas izstr\u0101d\u0101ts paaugstin\u0101tai veiktsp\u0113jai \u012bpa\u0161i skarbos ziemas brauk\u0161anas apst\u0101k\u013cos gan uz asfalta, gan lauku vai me\u017ea ce\u013ciem.<\/span><\/p>\n<h3 class=\"western\" align=\"left\"><strong><span style=\"font-family: Arial, sans-serif;\">Leao Winter Defender Grip<\/span><\/strong><strong><span style=\"font-family: Arial, sans-serif;\"> galven\u0101s iez\u012bmes:<\/span><\/strong><\/h3>\n<p class=\"western\" align=\"left\"><span style=\"font-family: Arial, sans-serif;\">+ \u012apa\u0161i agres\u012bvs protektora dizains, kas b\u016bs lielisks sabiedrotais c\u012b\u0146\u0101 ar skarbiem brauk\u0161anas apst\u0101k\u013ciem ziem\u0101,<\/span><\/p>\n<p class=\"western\" align=\"left\"><span style=\"font-family: Arial, sans-serif;\">+ Samazin\u0101ts akvaplan\u0113\u0161anas risks,<\/span><\/p>\n<p class=\"western\" align=\"left\"><span style=\"font-family: Arial, sans-serif;\">+ Uzlabots riepas gumijas sast\u0101vs,<\/span><\/p>\n<p class=\"western\" align=\"left\"><span style=\"font-family: Arial, sans-serif;\">+ Teicama veiktsp\u0113ja gan uz asfalta, gan uz lauku vai me\u017ea ce\u013ciem,<\/span><\/p>\n<p class=\"western\" align=\"left\"><span style=\"font-family: Arial, sans-serif;\">+ Lieliska cenas un veiktsp\u0113jas attiec\u012bba<\/span><\/p>\n<p class=\"western\" align=\"left\"><span style=\"font-family: Arial, sans-serif;\">+ Iesp\u0113ja protektora blokos iestr\u0101d\u0101t radzes, uzlabojot sa\u0137eri ar ledu un paildzinot riepu kalpo\u0161anas m\u016b\u017eu.<\/span><\/p>\n<h3 class=\"western\" align=\"left\"><strong><span style=\"font-family: Arial, sans-serif;\">Winter Defender Grip<\/span><\/strong><strong><span style=\"font-family: Arial, sans-serif;\"> apr\u012bkojums<\/span><\/strong><\/h3>\n<p class=\"western\" align=\"left\"><strong><span style=\"font-family: Arial, sans-serif;\">Leao Winter Defender Grip<\/span><\/strong><span style=\"font-family: Arial, sans-serif;\"> riepas apr\u012bkotas ar agres\u012bvu virzienveida protektora rakstu, kas izcili veido sa\u0137eri ar sniegot\u0101m un apledoju\u0161\u0101m ce\u013ca virsm\u0101m. Starp mas\u012bvajiem protektora blokiem atrodama uzlabota dren\u0101\u017eas kan\u0101lu sist\u0113ma, kas lieliski izvada \u016bdeni, sniegu un dub\u013cus, samazinot ar\u012b akvaplan\u0113\u0161anas risku un uzlabojot veiktsp\u0113ju slapjdra\u0146\u0137\u012b.<\/span><\/p>\n<p class=\"western\" align=\"left\"><span style=\"font-family: Arial, sans-serif;\">\u0160is riepu modelis izgatavots no elastrom\u0113riem bag\u0101ta gumijas sakaus\u0113juma, kas saglab\u0101 elast\u012bbu zem\u0101s gaisa temperat\u016br\u0101s, nodro\u0161inot uzlabotu sa\u0137eri ar asfalu, ledu un sniegu. Kompoz\u012btmateri\u0101lam pievienoti elementi, kas ne tikai apsl\u0101p\u0113 ska\u0146u, bet ar\u012b paildzina riepas kalpo\u0161anas m\u016b\u017eu, uzlabojot \u0161\u012b riepu mode\u013ca cenas un veiktsp\u0113jas attiec\u012bbu.<\/span><\/p>\n<p class=\"western\" align=\"left\"><span style=\"font-family: Arial, sans-serif;\">Protektora blokos iesp\u0113jams iestr\u0101d\u0101t radzes, v\u0113l vair\u0101k uzlabojot riepu veiktsp\u0113ju uz ledus, k\u0101 ar\u012b paildzinot riepu kalpo\u0161anas m\u016b\u017eu.<\/span><\/p>\n","protected":false},"excerpt":{"rendered":"<p><strong><span style=\"font-family: Arial, sans-serif;\">Leao Winter Defender Grip<\/span><\/strong><strong><span style=\"font-family: Arial, sans-serif;\"> <\/span><\/strong><span style=\"font-family: Arial, sans-serif;\">ir rad\u017eojams ziemas riepu modelis ar \u012bpa\u0161i agres\u012bvu protektora rakstu, kas izstr\u0101d\u0101ts paaugstin\u0101tai veiktsp\u0113jai \u012bpa\u0161i skarbos ziemas brauk\u0161anas apst\u0101k\u013cos gan uz asfalta, gan lauku vai me\u017ea ce\u013ciem.<\/span><\/p>\n","protected":false},"featured_media":1157501,"template":"","meta":{"_acf_changed":false,"ngg_post_thumbnail":0},"product_brand":[],"product_cat":[47,45],"product_tag":[],"class_list":{"0":"post-596767","1":"product","2":"type-product","3":"status-publish","4":"has-post-thumbnail","6":"product_cat-vissezonas-riepas","7":"product_cat-ziemas-riepas","9":"first","10":"instock","11":"sale","12":"taxable","13":"shipping-taxable","14":"purchasable","15":"product-type-simple"},"acf":[],"yoast_head":"<!-- This site is optimized with the Yoast SEO Premium plugin v22.6 (Yoast SEO v27.3) - https:\/\/yoast.com\/product\/yoast-seo-premium-wordpress\/ -->\n<title>275\/45R20 Leao Winter Defender Grip SUV 110T XL &#8226; MMK Riepas<\/title>\n<meta name=\"robots\" content=\"index, follow, max-snippet:-1, max-image-preview:large, max-video-preview:-1\" \/>\n<link rel=\"canonical\" href=\"https:\/\/mmkriepas.lv\/en\/p\/275-45r20-leao-winter-defender-grip-suv-110t-xl\/\" \/>\n<meta property=\"og:locale\" content=\"en_US\" \/>\n<meta property=\"og:type\" content=\"article\" \/>\n<meta property=\"og:title\" content=\"275\/45R20 Leao Winter Defender Grip SUV 110T XL\" \/>\n<meta property=\"og:description\" content=\"Leao Winter Defender Grip ir rad\u017eojams ziemas riepu modelis ar \u012bpa\u0161i agres\u012bvu protektora rakstu, kas izstr\u0101d\u0101ts paaugstin\u0101tai veiktsp\u0113jai \u012bpa\u0161i skarbos ziemas brauk\u0161anas apst\u0101k\u013cos gan uz asfalta, gan lauku vai me\u017ea ce\u013ciem.\" \/>\n<meta property=\"og:url\" content=\"https:\/\/mmkriepas.lv\/en\/p\/275-45r20-leao-winter-defender-grip-suv-110t-xl\/\" \/>\n<meta property=\"og:site_name\" content=\"MMK Riepas\" \/>\n<meta property=\"article:publisher\" content=\"https:\/\/www.facebook.com\/mmkserviss\/\" \/>\n<meta property=\"article:modified_time\" content=\"2026-04-05T11:50:13+00:00\" \/>\n<meta property=\"og:image\" content=\"https:\/\/mmkriepas.lv\/wp-content\/uploads\/2025\/01\/22555r18-leao-winter-defender-grip-suv-98t-ziemas-riepas.jpg\" \/>\n\t<meta property=\"og:image:width\" content=\"900\" \/>\n\t<meta property=\"og:image:height\" content=\"720\" \/>\n\t<meta property=\"og:image:type\" content=\"image\/jpeg\" \/>\n<meta name=\"twitter:card\" content=\"summary_large_image\" \/>\n<meta name=\"twitter:label1\" content=\"Price\" \/>\n\t<meta name=\"twitter:data1\" content=\"&euro;104.00\" \/>\n\t<meta name=\"twitter:label2\" content=\"Availability\" \/>\n\t<meta name=\"twitter:data2\" content=\"In stock\" \/>\n<script type=\"application\/ld+json\" class=\"yoast-schema-graph\">{\"@context\":\"https:\\\/\\\/schema.org\",\"@graph\":[{\"@type\":\"WebPage\",\"@id\":\"https:\\\/\\\/mmkriepas.lv\\\/en\\\/p\\\/275-45r20-leao-winter-defender-grip-suv-110t-xl\\\/\",\"url\":\"https:\\\/\\\/mmkriepas.lv\\\/en\\\/p\\\/275-45r20-leao-winter-defender-grip-suv-110t-xl\\\/\",\"name\":\"275\\\/45R20 Leao Winter Defender Grip SUV 110T XL &#8226; MMK Riepas\",\"isPartOf\":{\"@id\":\"https:\\\/\\\/mmkriepas.lv\\\/en\\\/#website\"},\"primaryImageOfPage\":{\"@id\":\"https:\\\/\\\/mmkriepas.lv\\\/en\\\/p\\\/275-45r20-leao-winter-defender-grip-suv-110t-xl\\\/#primaryimage\"},\"image\":{\"@id\":\"https:\\\/\\\/mmkriepas.lv\\\/en\\\/p\\\/275-45r20-leao-winter-defender-grip-suv-110t-xl\\\/#primaryimage\"},\"thumbnailUrl\":\"https:\\\/\\\/mmkriepas.lv\\\/wp-content\\\/uploads\\\/2025\\\/01\\\/22555r18-leao-winter-defender-grip-suv-98t-ziemas-riepas.jpg\",\"datePublished\":\"2023-02-09T15:58:42+00:00\",\"dateModified\":\"2026-04-05T11:50:13+00:00\",\"breadcrumb\":{\"@id\":\"https:\\\/\\\/mmkriepas.lv\\\/en\\\/p\\\/275-45r20-leao-winter-defender-grip-suv-110t-xl\\\/#breadcrumb\"},\"inLanguage\":\"en-US\",\"potentialAction\":[{\"@type\":\"ReadAction\",\"target\":[\"https:\\\/\\\/mmkriepas.lv\\\/en\\\/p\\\/275-45r20-leao-winter-defender-grip-suv-110t-xl\\\/\"]}]},{\"@type\":\"ImageObject\",\"inLanguage\":\"en-US\",\"@id\":\"https:\\\/\\\/mmkriepas.lv\\\/en\\\/p\\\/275-45r20-leao-winter-defender-grip-suv-110t-xl\\\/#primaryimage\",\"url\":\"https:\\\/\\\/mmkriepas.lv\\\/wp-content\\\/uploads\\\/2025\\\/01\\\/22555r18-leao-winter-defender-grip-suv-98t-ziemas-riepas.jpg\",\"contentUrl\":\"https:\\\/\\\/mmkriepas.lv\\\/wp-content\\\/uploads\\\/2025\\\/01\\\/22555r18-leao-winter-defender-grip-suv-98t-ziemas-riepas.jpg\",\"width\":900,\"height\":720,\"caption\":\"MAIN\"},{\"@type\":\"BreadcrumbList\",\"@id\":\"https:\\\/\\\/mmkriepas.lv\\\/en\\\/p\\\/275-45r20-leao-winter-defender-grip-suv-110t-xl\\\/#breadcrumb\",\"itemListElement\":[{\"@type\":\"ListItem\",\"position\":1,\"name\":\"S\u0101kums\",\"item\":\"https:\\\/\\\/mmkriepas.lv\\\/en\\\/\"},{\"@type\":\"ListItem\",\"position\":2,\"name\":\"275\\\/45R20 Leao Winter Defender Grip SUV 110T XL\"}]},{\"@type\":\"WebSite\",\"@id\":\"https:\\\/\\\/mmkriepas.lv\\\/en\\\/#website\",\"url\":\"https:\\\/\\\/mmkriepas.lv\\\/en\\\/\",\"name\":\"MMK Riepas\",\"description\":\"MMK Riepas\",\"alternateName\":\"MMK Riepu Serviss\",\"potentialAction\":[{\"@type\":\"SearchAction\",\"target\":{\"@type\":\"EntryPoint\",\"urlTemplate\":\"https:\\\/\\\/mmkriepas.lv\\\/en\\\/?s={search_term_string}\"},\"query-input\":{\"@type\":\"PropertyValueSpecification\",\"valueRequired\":true,\"valueName\":\"search_term_string\"}}],\"inLanguage\":\"en-US\"},{\"@type\":\"ImageObject\",\"inLanguage\":\"en-US\",\"@id\":\"https:\\\/\\\/mmkriepas.lv\\\/en\\\/p\\\/275-45r20-leao-winter-defender-grip-suv-110t-xl\\\/#local-main-organization-logo\",\"url\":\"\",\"contentUrl\":\"\",\"caption\":\"MMK Riepas\"}]}<\/script>\n<meta property=\"product:brand\" content=\"Leao Winter Defender Grip\" \/>\n<meta property=\"product:price:amount\" content=\"104.00\" \/>\n<meta property=\"product:price:currency\" content=\"EUR\" \/>\n<meta property=\"og:availability\" content=\"instock\" \/>\n<meta property=\"product:availability\" content=\"instock\" \/>\n<meta property=\"product:retailer_item_id\" content=\"TW2754520Leao-E18048\" \/>\n<meta property=\"product:condition\" content=\"new\" \/>\n<!-- \/ Yoast SEO Premium plugin. -->","yoast_head_json":{"title":"275\/45R20 Leao Winter Defender Grip SUV 110T XL &#8226; MMK Riepas","robots":{"index":"index","follow":"follow","max-snippet":"max-snippet:-1","max-image-preview":"max-image-preview:large","max-video-preview":"max-video-preview:-1"},"canonical":"https:\/\/mmkriepas.lv\/en\/p\/275-45r20-leao-winter-defender-grip-suv-110t-xl\/","og_locale":"en_US","og_type":"article","og_title":"275\/45R20 Leao Winter Defender Grip SUV 110T XL","og_description":"Leao Winter Defender Grip ir rad\u017eojams ziemas riepu modelis ar \u012bpa\u0161i agres\u012bvu protektora rakstu, kas izstr\u0101d\u0101ts paaugstin\u0101tai veiktsp\u0113jai \u012bpa\u0161i skarbos ziemas brauk\u0161anas apst\u0101k\u013cos gan uz asfalta, gan lauku vai me\u017ea ce\u013ciem.","og_url":"https:\/\/mmkriepas.lv\/en\/p\/275-45r20-leao-winter-defender-grip-suv-110t-xl\/","og_site_name":"MMK Riepas","article_publisher":"https:\/\/www.facebook.com\/mmkserviss\/","article_modified_time":"2026-04-05T11:50:13+00:00","og_image":[{"width":900,"height":720,"url":"https:\/\/mmkriepas.lv\/wp-content\/uploads\/2025\/01\/22555r18-leao-winter-defender-grip-suv-98t-ziemas-riepas.jpg","type":"image\/jpeg"}],"twitter_card":"summary_large_image","twitter_misc":{"Price":"&euro;104.00","Availability":"In stock"},"schema":{"@context":"https:\/\/schema.org","@graph":[{"@type":"WebPage","@id":"https:\/\/mmkriepas.lv\/en\/p\/275-45r20-leao-winter-defender-grip-suv-110t-xl\/","url":"https:\/\/mmkriepas.lv\/en\/p\/275-45r20-leao-winter-defender-grip-suv-110t-xl\/","name":"275\/45R20 Leao Winter Defender Grip SUV 110T XL &#8226; MMK Riepas","isPartOf":{"@id":"https:\/\/mmkriepas.lv\/en\/#website"},"primaryImageOfPage":{"@id":"https:\/\/mmkriepas.lv\/en\/p\/275-45r20-leao-winter-defender-grip-suv-110t-xl\/#primaryimage"},"image":{"@id":"https:\/\/mmkriepas.lv\/en\/p\/275-45r20-leao-winter-defender-grip-suv-110t-xl\/#primaryimage"},"thumbnailUrl":"https:\/\/mmkriepas.lv\/wp-content\/uploads\/2025\/01\/22555r18-leao-winter-defender-grip-suv-98t-ziemas-riepas.jpg","datePublished":"2023-02-09T15:58:42+00:00","dateModified":"2026-04-05T11:50:13+00:00","breadcrumb":{"@id":"https:\/\/mmkriepas.lv\/en\/p\/275-45r20-leao-winter-defender-grip-suv-110t-xl\/#breadcrumb"},"inLanguage":"en-US","potentialAction":[{"@type":"ReadAction","target":["https:\/\/mmkriepas.lv\/en\/p\/275-45r20-leao-winter-defender-grip-suv-110t-xl\/"]}]},{"@type":"ImageObject","inLanguage":"en-US","@id":"https:\/\/mmkriepas.lv\/en\/p\/275-45r20-leao-winter-defender-grip-suv-110t-xl\/#primaryimage","url":"https:\/\/mmkriepas.lv\/wp-content\/uploads\/2025\/01\/22555r18-leao-winter-defender-grip-suv-98t-ziemas-riepas.jpg","contentUrl":"https:\/\/mmkriepas.lv\/wp-content\/uploads\/2025\/01\/22555r18-leao-winter-defender-grip-suv-98t-ziemas-riepas.jpg","width":900,"height":720,"caption":"MAIN"},{"@type":"BreadcrumbList","@id":"https:\/\/mmkriepas.lv\/en\/p\/275-45r20-leao-winter-defender-grip-suv-110t-xl\/#breadcrumb","itemListElement":[{"@type":"ListItem","position":1,"name":"S\u0101kums","item":"https:\/\/mmkriepas.lv\/en\/"},{"@type":"ListItem","position":2,"name":"275\/45R20 Leao Winter Defender Grip SUV 110T XL"}]},{"@type":"WebSite","@id":"https:\/\/mmkriepas.lv\/en\/#website","url":"https:\/\/mmkriepas.lv\/en\/","name":"MMK Riepas","description":"MMK Riepas","alternateName":"MMK Riepu Serviss","potentialAction":[{"@type":"SearchAction","target":{"@type":"EntryPoint","urlTemplate":"https:\/\/mmkriepas.lv\/en\/?s={search_term_string}"},"query-input":{"@type":"PropertyValueSpecification","valueRequired":true,"valueName":"search_term_string"}}],"inLanguage":"en-US"},{"@type":"ImageObject","inLanguage":"en-US","@id":"https:\/\/mmkriepas.lv\/en\/p\/275-45r20-leao-winter-defender-grip-suv-110t-xl\/#local-main-organization-logo","url":"","contentUrl":"","caption":"MMK Riepas"}]},"product_brand":"Leao Winter Defender Grip","product_price_amount":"104.00","product_price_currency":"EUR","og_availability":"instock","product_availability":"instock","product_retailer_item_id":"TW2754520Leao-E18048","product_condition":"new"},"_links":{"self":[{"href":"https:\/\/mmkriepas.lv\/en\/wp-json\/wp\/v2\/product\/596767","targetHints":{"allow":["GET"]}}],"collection":[{"href":"https:\/\/mmkriepas.lv\/en\/wp-json\/wp\/v2\/product"}],"about":[{"href":"https:\/\/mmkriepas.lv\/en\/wp-json\/wp\/v2\/types\/product"}],"wp:featuredmedia":[{"embeddable":true,"href":"https:\/\/mmkriepas.lv\/en\/wp-json\/wp\/v2\/media\/1157501"}],"wp:attachment":[{"href":"https:\/\/mmkriepas.lv\/en\/wp-json\/wp\/v2\/media?parent=596767"}],"wp:term":[{"taxonomy":"product_brand","embeddable":true,"href":"https:\/\/mmkriepas.lv\/en\/wp-json\/wp\/v2\/product_brand?post=596767"},{"taxonomy":"product_cat","embeddable":true,"href":"https:\/\/mmkriepas.lv\/en\/wp-json\/wp\/v2\/product_cat?post=596767"},{"taxonomy":"product_tag","embeddable":true,"href":"https:\/\/mmkriepas.lv\/en\/wp-json\/wp\/v2\/product_tag?post=596767"}],"curies":[{"name":"wp","href":"https:\/\/api.w.org\/{rel}","templated":true}]}}