{"id":596504,"date":"2023-02-09T17:52:27","date_gmt":"2023-02-09T15:52:27","guid":{"rendered":"https:\/\/mmkserviss.lv\/?post_type=product&#038;p=596504"},"modified":"2026-04-05T20:09:33","modified_gmt":"2026-04-05T17:09:33","slug":"205-50r17-leao-nova-force-acro-93y-xl","status":"publish","type":"product","link":"https:\/\/mmkriepas.lv\/en\/p\/205-50r17-leao-nova-force-acro-93y-xl\/","title":{"rendered":"205\/50R17 Leao Nova-Force Acro 93Y XL"},"content":{"rendered":"<p class=\"western\"><span style=\"font-family: Arial, sans-serif;\"><b><span>Leao Nova-Force Acro<\/span><\/b><span> ir labas kvalit\u0101tes bud\u017eeta klases vasaras riepu modelis. Tas izce\u013cas ar labiem degvielas ekonomijas, nodilumiztur\u012bbas un sa\u0137eres r\u0101d\u012bt\u0101jiem gan uz sausa, gan slapja asfalta pat lielos brauk\u0161anas \u0101trumos. \u0160is riepu modelis pieejams pla\u0161\u0101 izm\u0113ru kl\u0101st\u0101 no R16 l\u012bdz R20 un paredz\u0113ts gan kompaktklases vieglajiem auto, gan ar\u012b apvidus auto jeb SUV.<\/span><\/span><\/p>\n<h3 class=\"western\"><span style=\"font-family: Arial, sans-serif;\"><span>Leao Nova-Force Acro galven\u0101s iez\u012bmes:<\/span><\/span><\/h3>\n<p class=\"western\"><span style=\"font-family: Arial, sans-serif;\"><span>+ Laba sa\u0137ere gan uz sausa, gan slapja asfalta pat lielos brauk\u0161anas \u0101trumos.<br \/>+ Izteikts akustiskais un brauk\u0161anas gaitas komforts.<br \/>+ Zems akvaplan\u0113\u0161anas risks, pateicoties efekt\u012bvai dren\u0101\u017eas jeb \u016bdens novadkan\u0101lu sist\u0113mai.<br \/>+ Degvielas ekonomija.<br \/>+ Palielin\u0101ta nodilumiztur\u012bba.<\/span><\/span><\/p>\n<h3 class=\"western\"><span style=\"font-family: Arial, sans-serif;\"><span>Nova-Force Acro apr\u012bkojums<\/span><\/span><\/h3>\n<p class=\"western\"><span style=\"font-family: Arial, sans-serif;\"><b><span>Leao Nova-Force Acro<\/span><\/b><span> vasaras riepu modelis apr\u012bkots ar sportisku asimetrisko protektora rakstu. \u0160\u0101ds dizains izv\u0113l\u0113ts, jo tas sev\u012b apvieno labas komforta un dro\u0161\u012bbas l\u012bme\u0146a \u012bpa\u0161\u012bbas gan uz sausa, gan slapja asfalta.<\/span><\/span><\/p>\n<p class=\"western\"><span style=\"font-family: Arial, sans-serif;\"><span>Starp protektora bloku virkn\u0113m izvietota efekt\u012bva \u016bdens novadkan\u0101lu jeb dren\u0101\u017eas sist\u0113ma. T\u0101 \u0101tri atbr\u012bvo riepu kontakta virsmu ar ce\u013cu no \u016bdens, b\u016btiski samazinot akvaplan\u0113\u0161anas risku pat lielos brauk\u0161anas \u0101trumos.<\/span><\/span><\/p>\n<p class=\"western\"><span style=\"font-family: Arial, sans-serif;\"><span>Riepas darin\u0101tas no nodilumiztur\u012bga gumijas sakaus\u0113juma, kas nezaud\u0113 formu pat augst\u0101s gaisa un ce\u013ca seguma temperat\u016br\u0101s. Gumijas sast\u0101vam pievienotie elastrom\u0113ri \u013cauj riepai b\u016bt elast\u012bgai, l\u012bdz ar ko uzlabojot sa\u0137eri un samazinot bremz\u0113\u0161anas ce\u013cu.<\/span><\/span><\/p>\n","protected":false},"excerpt":{"rendered":"<p class=\"western\"><span style=\"font-family: Arial, sans-serif;\"><b><span>Leao Nova-Force Acro<\/span><\/b><span> ir labas kvalit\u0101tes bud\u017eeta klases vasaras riepu modelis. Tas izce\u013cas ar labiem degvielas ekonomijas, nodilumiztur\u012bbas un sa\u0137eres r\u0101d\u012bt\u0101jiem gan uz sausa, gan slapja asfalta pat lielos brauk\u0161anas \u0101trumos. \u0160is riepu modelis pieejams pla\u0161\u0101 izm\u0113ru kl\u0101st\u0101 no R16 l\u012bdz R20 un paredz\u0113ts gan kompaktklases vieglajiem auto, gan ar\u012b apvidus auto jeb SUV.<\/span><\/span><\/p>\n","protected":false},"featured_media":850911,"template":"","meta":{"_acf_changed":false,"ngg_post_thumbnail":0},"product_brand":[],"product_cat":[23641],"product_tag":[],"class_list":{"0":"post-596504","1":"product","2":"type-product","3":"status-publish","4":"has-post-thumbnail","6":"product_cat-summer-tyres","8":"first","9":"instock","10":"sale","11":"taxable","12":"shipping-taxable","13":"purchasable","14":"product-type-simple"},"acf":[],"yoast_head":"<!-- This site is optimized with the Yoast SEO Premium plugin v22.6 (Yoast SEO v27.3) - https:\/\/yoast.com\/product\/yoast-seo-premium-wordpress\/ -->\n<title>205\/50R17 Leao Nova-Force Acro 93Y XL &#8226; MMK Riepas<\/title>\n<meta name=\"robots\" content=\"index, follow, max-snippet:-1, max-image-preview:large, max-video-preview:-1\" \/>\n<link rel=\"canonical\" href=\"https:\/\/mmkriepas.lv\/en\/p\/205-50r17-leao-nova-force-acro-93y-xl\/\" \/>\n<meta property=\"og:locale\" content=\"en_US\" \/>\n<meta property=\"og:type\" content=\"article\" \/>\n<meta property=\"og:title\" content=\"205\/50R17 Leao Nova-Force Acro 93Y XL\" \/>\n<meta property=\"og:description\" content=\"Leao Nova-Force Acro ir labas kvalit\u0101tes bud\u017eeta klases vasaras riepu modelis. Tas izce\u013cas ar labiem degvielas ekonomijas, nodilumiztur\u012bbas un sa\u0137eres r\u0101d\u012bt\u0101jiem gan uz sausa, gan slapja asfalta pat lielos brauk\u0161anas \u0101trumos. \u0160is riepu modelis pieejams pla\u0161\u0101 izm\u0113ru kl\u0101st\u0101 no R16 l\u012bdz R20 un paredz\u0113ts gan kompaktklases vieglajiem auto, gan ar\u012b apvidus auto jeb SUV.\" \/>\n<meta property=\"og:url\" content=\"https:\/\/mmkriepas.lv\/en\/p\/205-50r17-leao-nova-force-acro-93y-xl\/\" \/>\n<meta property=\"og:site_name\" content=\"MMK Riepas\" \/>\n<meta property=\"article:publisher\" content=\"https:\/\/www.facebook.com\/mmkserviss\/\" \/>\n<meta property=\"article:modified_time\" content=\"2026-04-05T17:09:33+00:00\" \/>\n<meta property=\"og:image\" content=\"https:\/\/mmkriepas.lv\/wp-content\/uploads\/2024\/01\/22545r18-leao-nova-force-acro-95y-xl-vasaras-riepas.jpeg\" \/>\n\t<meta property=\"og:image:width\" content=\"1920\" \/>\n\t<meta property=\"og:image:height\" content=\"1440\" \/>\n\t<meta property=\"og:image:type\" content=\"image\/jpeg\" \/>\n<meta name=\"twitter:card\" content=\"summary_large_image\" \/>\n<meta name=\"twitter:label1\" content=\"Price\" \/>\n\t<meta name=\"twitter:data1\" content=\"&euro;62.00\" \/>\n\t<meta name=\"twitter:label2\" content=\"Availability\" \/>\n\t<meta name=\"twitter:data2\" content=\"In stock\" \/>\n<script type=\"application\/ld+json\" class=\"yoast-schema-graph\">{\"@context\":\"https:\\\/\\\/schema.org\",\"@graph\":[{\"@type\":\"WebPage\",\"@id\":\"https:\\\/\\\/mmkriepas.lv\\\/en\\\/p\\\/205-50r17-leao-nova-force-acro-93y-xl\\\/\",\"url\":\"https:\\\/\\\/mmkriepas.lv\\\/en\\\/p\\\/205-50r17-leao-nova-force-acro-93y-xl\\\/\",\"name\":\"205\\\/50R17 Leao Nova-Force Acro 93Y XL &#8226; MMK Riepas\",\"isPartOf\":{\"@id\":\"https:\\\/\\\/mmkriepas.lv\\\/en\\\/#website\"},\"primaryImageOfPage\":{\"@id\":\"https:\\\/\\\/mmkriepas.lv\\\/en\\\/p\\\/205-50r17-leao-nova-force-acro-93y-xl\\\/#primaryimage\"},\"image\":{\"@id\":\"https:\\\/\\\/mmkriepas.lv\\\/en\\\/p\\\/205-50r17-leao-nova-force-acro-93y-xl\\\/#primaryimage\"},\"thumbnailUrl\":\"https:\\\/\\\/mmkriepas.lv\\\/wp-content\\\/uploads\\\/2024\\\/01\\\/22545r18-leao-nova-force-acro-95y-xl-vasaras-riepas.jpeg\",\"datePublished\":\"2023-02-09T15:52:27+00:00\",\"dateModified\":\"2026-04-05T17:09:33+00:00\",\"breadcrumb\":{\"@id\":\"https:\\\/\\\/mmkriepas.lv\\\/en\\\/p\\\/205-50r17-leao-nova-force-acro-93y-xl\\\/#breadcrumb\"},\"inLanguage\":\"en-US\",\"potentialAction\":[{\"@type\":\"ReadAction\",\"target\":[\"https:\\\/\\\/mmkriepas.lv\\\/en\\\/p\\\/205-50r17-leao-nova-force-acro-93y-xl\\\/\"]}]},{\"@type\":\"ImageObject\",\"inLanguage\":\"en-US\",\"@id\":\"https:\\\/\\\/mmkriepas.lv\\\/en\\\/p\\\/205-50r17-leao-nova-force-acro-93y-xl\\\/#primaryimage\",\"url\":\"https:\\\/\\\/mmkriepas.lv\\\/wp-content\\\/uploads\\\/2024\\\/01\\\/22545r18-leao-nova-force-acro-95y-xl-vasaras-riepas.jpeg\",\"contentUrl\":\"https:\\\/\\\/mmkriepas.lv\\\/wp-content\\\/uploads\\\/2024\\\/01\\\/22545r18-leao-nova-force-acro-95y-xl-vasaras-riepas.jpeg\",\"width\":1920,\"height\":1440,\"caption\":\"225\\\/45R18 Leao Nova-Force Acro 95Y XL - Vasaras riepas\"},{\"@type\":\"BreadcrumbList\",\"@id\":\"https:\\\/\\\/mmkriepas.lv\\\/en\\\/p\\\/205-50r17-leao-nova-force-acro-93y-xl\\\/#breadcrumb\",\"itemListElement\":[{\"@type\":\"ListItem\",\"position\":1,\"name\":\"S\u0101kums\",\"item\":\"https:\\\/\\\/mmkriepas.lv\\\/en\\\/\"},{\"@type\":\"ListItem\",\"position\":2,\"name\":\"205\\\/50R17 Leao Nova-Force Acro 93Y XL\"}]},{\"@type\":\"WebSite\",\"@id\":\"https:\\\/\\\/mmkriepas.lv\\\/en\\\/#website\",\"url\":\"https:\\\/\\\/mmkriepas.lv\\\/en\\\/\",\"name\":\"MMK Riepas\",\"description\":\"MMK Riepas\",\"alternateName\":\"MMK Riepu Serviss\",\"potentialAction\":[{\"@type\":\"SearchAction\",\"target\":{\"@type\":\"EntryPoint\",\"urlTemplate\":\"https:\\\/\\\/mmkriepas.lv\\\/en\\\/?s={search_term_string}\"},\"query-input\":{\"@type\":\"PropertyValueSpecification\",\"valueRequired\":true,\"valueName\":\"search_term_string\"}}],\"inLanguage\":\"en-US\"},{\"@type\":\"ImageObject\",\"inLanguage\":\"en-US\",\"@id\":\"https:\\\/\\\/mmkriepas.lv\\\/en\\\/p\\\/205-50r17-leao-nova-force-acro-93y-xl\\\/#local-main-organization-logo\",\"url\":\"\",\"contentUrl\":\"\",\"caption\":\"MMK Riepas\"}]}<\/script>\n<meta property=\"product:brand\" content=\"Leao Nova-Force Acro\" \/>\n<meta property=\"product:price:amount\" content=\"62.00\" \/>\n<meta property=\"product:price:currency\" content=\"EUR\" \/>\n<meta property=\"og:availability\" content=\"instock\" \/>\n<meta property=\"product:availability\" content=\"instock\" \/>\n<meta property=\"product:retailer_item_id\" content=\"TS2055017Leao-E17972\" \/>\n<meta property=\"product:condition\" content=\"new\" \/>\n<!-- \/ Yoast SEO Premium plugin. -->","yoast_head_json":{"title":"205\/50R17 Leao Nova-Force Acro 93Y XL &#8226; MMK Riepas","robots":{"index":"index","follow":"follow","max-snippet":"max-snippet:-1","max-image-preview":"max-image-preview:large","max-video-preview":"max-video-preview:-1"},"canonical":"https:\/\/mmkriepas.lv\/en\/p\/205-50r17-leao-nova-force-acro-93y-xl\/","og_locale":"en_US","og_type":"article","og_title":"205\/50R17 Leao Nova-Force Acro 93Y XL","og_description":"Leao Nova-Force Acro ir labas kvalit\u0101tes bud\u017eeta klases vasaras riepu modelis. Tas izce\u013cas ar labiem degvielas ekonomijas, nodilumiztur\u012bbas un sa\u0137eres r\u0101d\u012bt\u0101jiem gan uz sausa, gan slapja asfalta pat lielos brauk\u0161anas \u0101trumos. \u0160is riepu modelis pieejams pla\u0161\u0101 izm\u0113ru kl\u0101st\u0101 no R16 l\u012bdz R20 un paredz\u0113ts gan kompaktklases vieglajiem auto, gan ar\u012b apvidus auto jeb SUV.","og_url":"https:\/\/mmkriepas.lv\/en\/p\/205-50r17-leao-nova-force-acro-93y-xl\/","og_site_name":"MMK Riepas","article_publisher":"https:\/\/www.facebook.com\/mmkserviss\/","article_modified_time":"2026-04-05T17:09:33+00:00","og_image":[{"width":1920,"height":1440,"url":"https:\/\/mmkriepas.lv\/wp-content\/uploads\/2024\/01\/22545r18-leao-nova-force-acro-95y-xl-vasaras-riepas.jpeg","type":"image\/jpeg"}],"twitter_card":"summary_large_image","twitter_misc":{"Price":"&euro;62.00","Availability":"In stock"},"schema":{"@context":"https:\/\/schema.org","@graph":[{"@type":"WebPage","@id":"https:\/\/mmkriepas.lv\/en\/p\/205-50r17-leao-nova-force-acro-93y-xl\/","url":"https:\/\/mmkriepas.lv\/en\/p\/205-50r17-leao-nova-force-acro-93y-xl\/","name":"205\/50R17 Leao Nova-Force Acro 93Y XL &#8226; MMK Riepas","isPartOf":{"@id":"https:\/\/mmkriepas.lv\/en\/#website"},"primaryImageOfPage":{"@id":"https:\/\/mmkriepas.lv\/en\/p\/205-50r17-leao-nova-force-acro-93y-xl\/#primaryimage"},"image":{"@id":"https:\/\/mmkriepas.lv\/en\/p\/205-50r17-leao-nova-force-acro-93y-xl\/#primaryimage"},"thumbnailUrl":"https:\/\/mmkriepas.lv\/wp-content\/uploads\/2024\/01\/22545r18-leao-nova-force-acro-95y-xl-vasaras-riepas.jpeg","datePublished":"2023-02-09T15:52:27+00:00","dateModified":"2026-04-05T17:09:33+00:00","breadcrumb":{"@id":"https:\/\/mmkriepas.lv\/en\/p\/205-50r17-leao-nova-force-acro-93y-xl\/#breadcrumb"},"inLanguage":"en-US","potentialAction":[{"@type":"ReadAction","target":["https:\/\/mmkriepas.lv\/en\/p\/205-50r17-leao-nova-force-acro-93y-xl\/"]}]},{"@type":"ImageObject","inLanguage":"en-US","@id":"https:\/\/mmkriepas.lv\/en\/p\/205-50r17-leao-nova-force-acro-93y-xl\/#primaryimage","url":"https:\/\/mmkriepas.lv\/wp-content\/uploads\/2024\/01\/22545r18-leao-nova-force-acro-95y-xl-vasaras-riepas.jpeg","contentUrl":"https:\/\/mmkriepas.lv\/wp-content\/uploads\/2024\/01\/22545r18-leao-nova-force-acro-95y-xl-vasaras-riepas.jpeg","width":1920,"height":1440,"caption":"225\/45R18 Leao Nova-Force Acro 95Y XL - Vasaras riepas"},{"@type":"BreadcrumbList","@id":"https:\/\/mmkriepas.lv\/en\/p\/205-50r17-leao-nova-force-acro-93y-xl\/#breadcrumb","itemListElement":[{"@type":"ListItem","position":1,"name":"S\u0101kums","item":"https:\/\/mmkriepas.lv\/en\/"},{"@type":"ListItem","position":2,"name":"205\/50R17 Leao Nova-Force Acro 93Y XL"}]},{"@type":"WebSite","@id":"https:\/\/mmkriepas.lv\/en\/#website","url":"https:\/\/mmkriepas.lv\/en\/","name":"MMK Riepas","description":"MMK Riepas","alternateName":"MMK Riepu Serviss","potentialAction":[{"@type":"SearchAction","target":{"@type":"EntryPoint","urlTemplate":"https:\/\/mmkriepas.lv\/en\/?s={search_term_string}"},"query-input":{"@type":"PropertyValueSpecification","valueRequired":true,"valueName":"search_term_string"}}],"inLanguage":"en-US"},{"@type":"ImageObject","inLanguage":"en-US","@id":"https:\/\/mmkriepas.lv\/en\/p\/205-50r17-leao-nova-force-acro-93y-xl\/#local-main-organization-logo","url":"","contentUrl":"","caption":"MMK Riepas"}]},"product_brand":"Leao Nova-Force Acro","product_price_amount":"62.00","product_price_currency":"EUR","og_availability":"instock","product_availability":"instock","product_retailer_item_id":"TS2055017Leao-E17972","product_condition":"new"},"_links":{"self":[{"href":"https:\/\/mmkriepas.lv\/en\/wp-json\/wp\/v2\/product\/596504","targetHints":{"allow":["GET"]}}],"collection":[{"href":"https:\/\/mmkriepas.lv\/en\/wp-json\/wp\/v2\/product"}],"about":[{"href":"https:\/\/mmkriepas.lv\/en\/wp-json\/wp\/v2\/types\/product"}],"wp:featuredmedia":[{"embeddable":true,"href":"https:\/\/mmkriepas.lv\/en\/wp-json\/wp\/v2\/media\/850911"}],"wp:attachment":[{"href":"https:\/\/mmkriepas.lv\/en\/wp-json\/wp\/v2\/media?parent=596504"}],"wp:term":[{"taxonomy":"product_brand","embeddable":true,"href":"https:\/\/mmkriepas.lv\/en\/wp-json\/wp\/v2\/product_brand?post=596504"},{"taxonomy":"product_cat","embeddable":true,"href":"https:\/\/mmkriepas.lv\/en\/wp-json\/wp\/v2\/product_cat?post=596504"},{"taxonomy":"product_tag","embeddable":true,"href":"https:\/\/mmkriepas.lv\/en\/wp-json\/wp\/v2\/product_tag?post=596504"}],"curies":[{"name":"wp","href":"https:\/\/api.w.org\/{rel}","templated":true}]}}