{"id":596436,"date":"2023-02-09T17:51:05","date_gmt":"2023-02-09T15:51:05","guid":{"rendered":"https:\/\/mmkserviss.lv\/?post_type=product&#038;p=596436"},"modified":"2024-11-27T17:51:55","modified_gmt":"2024-11-27T15:51:55","slug":"235-60r17c-leao-winter-defender-grip-van-2-117-115q","status":"publish","type":"product","link":"https:\/\/mmkriepas.lv\/en\/p\/235-60r17c-leao-winter-defender-grip-van-2-117-115q\/","title":{"rendered":"235\/60R17C Leao Winter Defender Grip VAN 2 117\/115Q"},"content":{"rendered":"<p><b>Leao Winter Defender Grip VAN 2 <\/b><span style=\"font-weight: 400;\">ir teicamas kvalit\u0101tes, bud\u017eeta klases komerctransporta ziemas riepu modelis ar radz\u0113m. Tas izce\u013cas ar \u013coti labu nodilumiztur\u012bbu, kravnes\u012bbu, sa\u0137eres un manevr\u0113tsp\u0113jas \u012bpa\u0161\u012bb\u0101m pat skarbos ziemas brauk\u0161anas apst\u0101k\u013cos. \u0160is riepu modelis piem\u0113rots mikroautobusiem un pieejams izm\u0113ru kl\u0101st\u0101 no R15 l\u012bdz R17.<\/span><\/p>\n<h3><b>Leao Winter Defender Grip VAN 2 galven\u0101s \u012bpa\u0161\u012bbas:<\/b><\/h3>\n<p><span style=\"font-weight: 400;\">+ Palielin\u0101ti slodzes jeb kravnes\u012bbas indeksi, kas smagas kravas at\u013caus p\u0101rvad\u0101t pat intens\u012bvas ekspluat\u0101cijas apst\u0101k\u013cos.<\/span><span style=\"font-weight: 400;\"><br \/><\/span><span style=\"font-weight: 400;\">+ Dzi\u013c\u0161 un agres\u012bvs protektora raksts uzlabotai veiktsp\u0113jai skarbos ziemas brauk\u0161anas apst\u0101k\u013cos.<\/span><span style=\"font-weight: 400;\"><br \/><\/span><span style=\"font-weight: 400;\">+ Palielin\u0101ta nodilumiztur\u012bba.<\/span><span style=\"font-weight: 400;\"><br \/><\/span><span style=\"font-weight: 400;\">+ Zems akvaplan\u0113\u0161anas risks.<\/span><\/p>\n<h3><b>Winter Defender Grip VAN 2 apr\u012bkojums<\/b><\/h3>\n<p><b>Leao Winter Defender Grip VAN 2 <\/b><span style=\"font-weight: 400;\">komerctransporta jeb c indeksa riepu modelis apr\u012bkots ar \u012bpa\u0161i dzi\u013cu un agres\u012bvu protektora rakstu. \u0160\u0101ds dizains, protams, izv\u0113l\u0113ts paaugstin\u0101tai veiktsp\u0113jai skarbos ziemas apst\u0101k\u013cos &#8211; dzi\u013c\u0101 snieg\u0101 un uz apledoju\u0161iem ce\u013ca posmiem. Turkl\u0101t, veiktsp\u0113ju ziem\u0101 b\u016btiski uzlabo ar\u012b rad\u017eu kl\u0101tesam\u012bba protektor\u0101.<\/span><\/p>\n<p><span style=\"font-weight: 400;\">Neskaitot radzes, kas uzlabo ne tikai sa\u0137eres \u012bpa\u0161\u012bbas, bet ar\u012b nodilumiztur\u012bbu, mas\u012bvajos protektora blokos iestr\u0101d\u0101tas ar\u012b lameles. To darb\u012bba ir l\u012bdz\u012bga radz\u0113m. T\u0101s ar as\u0101m kant\u0113m iec\u0113rtas sabliet\u0113t\u0101 snieg\u0101 un led\u016b, uzlabojot sa\u0137eri un manevr\u0113tsp\u0113ju.<\/span><\/p>\n<p><span style=\"font-weight: 400;\">Agres\u012bv\u0101 protektora pamatn\u0113 atrodams ar vair\u0101kiem kordu jeb brekera sl\u0101\u0146iem pastiprin\u0101ts karkass. Tas paredz\u0113ts smagu kravu p\u0101rvad\u0101\u0161anai un ir vienlaikus ilgrsp\u0113j\u012bgs un triecieniztur\u012bgs.<\/span><\/p>\n","protected":false},"excerpt":{"rendered":"<p><b>Leao Winter Defender Grip VAN 2 <\/b><span style=\"font-weight: 400;\">ir teicamas kvalit\u0101tes, bud\u017eeta klases komerctransporta ziemas riepu modelis ar radz\u0113m. Tas izce\u013cas ar \u013coti labu nodilumiztur\u012bbu, kravnes\u012bbu, sa\u0137eres un manevr\u0113tsp\u0113jas \u012bpa\u0161\u012bb\u0101m pat skarbos ziemas brauk\u0161anas apst\u0101k\u013cos. \u0160is riepu modelis piem\u0113rots mikroautobusiem un pieejams izm\u0113ru kl\u0101st\u0101 no R15 l\u012bdz R17.<\/span><\/p>\n","protected":false},"featured_media":846101,"template":"","meta":{"_acf_changed":false,"ngg_post_thumbnail":0},"product_brand":[],"product_cat":[47,45],"product_tag":[],"class_list":{"0":"post-596436","1":"product","2":"type-product","3":"status-publish","4":"has-post-thumbnail","6":"product_cat-vissezonas-riepas","7":"product_cat-ziemas-riepas","9":"first","10":"instock","11":"taxable","12":"shipping-taxable","13":"product-type-simple"},"acf":[],"yoast_head":"<!-- This site is optimized with the Yoast SEO Premium plugin v22.6 (Yoast SEO v27.3) - https:\/\/yoast.com\/product\/yoast-seo-premium-wordpress\/ -->\n<title>235\/60R17C Leao Winter Defender Grip VAN 2 117\/115Q &#8226; MMK Riepas<\/title>\n<meta name=\"robots\" content=\"index, follow, max-snippet:-1, max-image-preview:large, max-video-preview:-1\" \/>\n<link rel=\"canonical\" href=\"https:\/\/mmkriepas.lv\/en\/p\/235-60r17c-leao-winter-defender-grip-van-2-117-115q\/\" \/>\n<meta property=\"og:locale\" content=\"en_US\" \/>\n<meta property=\"og:type\" content=\"article\" \/>\n<meta property=\"og:title\" content=\"235\/60R17C Leao Winter Defender Grip VAN 2 117\/115Q\" \/>\n<meta property=\"og:description\" content=\"Leao Winter Defender Grip VAN 2 ir teicamas kvalit\u0101tes, bud\u017eeta klases komerctransporta ziemas riepu modelis ar radz\u0113m. Tas izce\u013cas ar \u013coti labu nodilumiztur\u012bbu, kravnes\u012bbu, sa\u0137eres un manevr\u0113tsp\u0113jas \u012bpa\u0161\u012bb\u0101m pat skarbos ziemas brauk\u0161anas apst\u0101k\u013cos. \u0160is riepu modelis piem\u0113rots mikroautobusiem un pieejams izm\u0113ru kl\u0101st\u0101 no R15 l\u012bdz R17.\" \/>\n<meta property=\"og:url\" content=\"https:\/\/mmkriepas.lv\/en\/p\/235-60r17c-leao-winter-defender-grip-van-2-117-115q\/\" \/>\n<meta property=\"og:site_name\" content=\"MMK Riepas\" \/>\n<meta property=\"article:publisher\" content=\"https:\/\/www.facebook.com\/mmkserviss\/\" \/>\n<meta property=\"article:modified_time\" content=\"2024-11-27T15:51:55+00:00\" \/>\n<meta property=\"og:image\" content=\"https:\/\/mmkriepas.lv\/wp-content\/uploads\/2024\/01\/23565r16c-leao-winter-defender-grip-van-2-121119r-ar-radzem-ziemas-riepas-ziemas-ar-radzem-riepas.jpg\" \/>\n\t<meta property=\"og:image:width\" content=\"1920\" \/>\n\t<meta property=\"og:image:height\" content=\"1920\" \/>\n\t<meta property=\"og:image:type\" content=\"image\/jpeg\" \/>\n<meta name=\"twitter:card\" content=\"summary_large_image\" \/>\n<meta name=\"twitter:label1\" content=\"Price\" \/>\n\t<meta name=\"twitter:data1\" content=\"&euro;102.00\" \/>\n\t<meta name=\"twitter:label2\" content=\"Availability\" \/>\n\t<meta name=\"twitter:data2\" content=\"In stock\" \/>\n<script type=\"application\/ld+json\" class=\"yoast-schema-graph\">{\"@context\":\"https:\\\/\\\/schema.org\",\"@graph\":[{\"@type\":\"WebPage\",\"@id\":\"https:\\\/\\\/mmkriepas.lv\\\/en\\\/p\\\/235-60r17c-leao-winter-defender-grip-van-2-117-115q\\\/\",\"url\":\"https:\\\/\\\/mmkriepas.lv\\\/en\\\/p\\\/235-60r17c-leao-winter-defender-grip-van-2-117-115q\\\/\",\"name\":\"235\\\/60R17C Leao Winter Defender Grip VAN 2 117\\\/115Q &#8226; MMK Riepas\",\"isPartOf\":{\"@id\":\"https:\\\/\\\/mmkriepas.lv\\\/en\\\/#website\"},\"primaryImageOfPage\":{\"@id\":\"https:\\\/\\\/mmkriepas.lv\\\/en\\\/p\\\/235-60r17c-leao-winter-defender-grip-van-2-117-115q\\\/#primaryimage\"},\"image\":{\"@id\":\"https:\\\/\\\/mmkriepas.lv\\\/en\\\/p\\\/235-60r17c-leao-winter-defender-grip-van-2-117-115q\\\/#primaryimage\"},\"thumbnailUrl\":\"https:\\\/\\\/mmkriepas.lv\\\/wp-content\\\/uploads\\\/2024\\\/01\\\/23565r16c-leao-winter-defender-grip-van-2-121119r-ar-radzem-ziemas-riepas-ziemas-ar-radzem-riepas.jpg\",\"datePublished\":\"2023-02-09T15:51:05+00:00\",\"dateModified\":\"2024-11-27T15:51:55+00:00\",\"breadcrumb\":{\"@id\":\"https:\\\/\\\/mmkriepas.lv\\\/en\\\/p\\\/235-60r17c-leao-winter-defender-grip-van-2-117-115q\\\/#breadcrumb\"},\"inLanguage\":\"en-US\",\"potentialAction\":[{\"@type\":\"ReadAction\",\"target\":[\"https:\\\/\\\/mmkriepas.lv\\\/en\\\/p\\\/235-60r17c-leao-winter-defender-grip-van-2-117-115q\\\/\"]}]},{\"@type\":\"ImageObject\",\"inLanguage\":\"en-US\",\"@id\":\"https:\\\/\\\/mmkriepas.lv\\\/en\\\/p\\\/235-60r17c-leao-winter-defender-grip-van-2-117-115q\\\/#primaryimage\",\"url\":\"https:\\\/\\\/mmkriepas.lv\\\/wp-content\\\/uploads\\\/2024\\\/01\\\/23565r16c-leao-winter-defender-grip-van-2-121119r-ar-radzem-ziemas-riepas-ziemas-ar-radzem-riepas.jpg\",\"contentUrl\":\"https:\\\/\\\/mmkriepas.lv\\\/wp-content\\\/uploads\\\/2024\\\/01\\\/23565r16c-leao-winter-defender-grip-van-2-121119r-ar-radzem-ziemas-riepas-ziemas-ar-radzem-riepas.jpg\",\"width\":1920,\"height\":1920,\"caption\":\"235\\\/65R16C Leao Winter Defender Grip VAN 2 121\\\/119R ar radz\u0113m - Ziemas riepas \\\/ Ziemas ar radz\u0113m riepas\"},{\"@type\":\"BreadcrumbList\",\"@id\":\"https:\\\/\\\/mmkriepas.lv\\\/en\\\/p\\\/235-60r17c-leao-winter-defender-grip-van-2-117-115q\\\/#breadcrumb\",\"itemListElement\":[{\"@type\":\"ListItem\",\"position\":1,\"name\":\"S\u0101kums\",\"item\":\"https:\\\/\\\/mmkriepas.lv\\\/en\\\/\"},{\"@type\":\"ListItem\",\"position\":2,\"name\":\"235\\\/60R17C Leao Winter Defender Grip VAN 2 117\\\/115Q\"}]},{\"@type\":\"WebSite\",\"@id\":\"https:\\\/\\\/mmkriepas.lv\\\/en\\\/#website\",\"url\":\"https:\\\/\\\/mmkriepas.lv\\\/en\\\/\",\"name\":\"MMK Riepas\",\"description\":\"MMK Riepas\",\"alternateName\":\"MMK Riepu Serviss\",\"potentialAction\":[{\"@type\":\"SearchAction\",\"target\":{\"@type\":\"EntryPoint\",\"urlTemplate\":\"https:\\\/\\\/mmkriepas.lv\\\/en\\\/?s={search_term_string}\"},\"query-input\":{\"@type\":\"PropertyValueSpecification\",\"valueRequired\":true,\"valueName\":\"search_term_string\"}}],\"inLanguage\":\"en-US\"},{\"@type\":\"ImageObject\",\"inLanguage\":\"en-US\",\"@id\":\"https:\\\/\\\/mmkriepas.lv\\\/en\\\/p\\\/235-60r17c-leao-winter-defender-grip-van-2-117-115q\\\/#local-main-organization-logo\",\"url\":\"\",\"contentUrl\":\"\",\"caption\":\"MMK Riepas\"}]}<\/script>\n<meta property=\"product:brand\" content=\"Leao Winter Defender Grip Van 2\" \/>\n<meta property=\"product:price:amount\" content=\"102.00\" \/>\n<meta property=\"product:price:currency\" content=\"EUR\" \/>\n<meta property=\"og:availability\" content=\"instock\" \/>\n<meta property=\"product:availability\" content=\"instock\" \/>\n<meta property=\"product:retailer_item_id\" content=\"TW2356017CLeao-E17955\" \/>\n<meta property=\"product:condition\" content=\"new\" \/>\n<!-- \/ Yoast SEO Premium plugin. -->","yoast_head_json":{"title":"235\/60R17C Leao Winter Defender Grip VAN 2 117\/115Q &#8226; MMK Riepas","robots":{"index":"index","follow":"follow","max-snippet":"max-snippet:-1","max-image-preview":"max-image-preview:large","max-video-preview":"max-video-preview:-1"},"canonical":"https:\/\/mmkriepas.lv\/en\/p\/235-60r17c-leao-winter-defender-grip-van-2-117-115q\/","og_locale":"en_US","og_type":"article","og_title":"235\/60R17C Leao Winter Defender Grip VAN 2 117\/115Q","og_description":"Leao Winter Defender Grip VAN 2 ir teicamas kvalit\u0101tes, bud\u017eeta klases komerctransporta ziemas riepu modelis ar radz\u0113m. Tas izce\u013cas ar \u013coti labu nodilumiztur\u012bbu, kravnes\u012bbu, sa\u0137eres un manevr\u0113tsp\u0113jas \u012bpa\u0161\u012bb\u0101m pat skarbos ziemas brauk\u0161anas apst\u0101k\u013cos. \u0160is riepu modelis piem\u0113rots mikroautobusiem un pieejams izm\u0113ru kl\u0101st\u0101 no R15 l\u012bdz R17.","og_url":"https:\/\/mmkriepas.lv\/en\/p\/235-60r17c-leao-winter-defender-grip-van-2-117-115q\/","og_site_name":"MMK Riepas","article_publisher":"https:\/\/www.facebook.com\/mmkserviss\/","article_modified_time":"2024-11-27T15:51:55+00:00","og_image":[{"width":1920,"height":1920,"url":"https:\/\/mmkriepas.lv\/wp-content\/uploads\/2024\/01\/23565r16c-leao-winter-defender-grip-van-2-121119r-ar-radzem-ziemas-riepas-ziemas-ar-radzem-riepas.jpg","type":"image\/jpeg"}],"twitter_card":"summary_large_image","twitter_misc":{"Price":"&euro;102.00","Availability":"In stock"},"schema":{"@context":"https:\/\/schema.org","@graph":[{"@type":"WebPage","@id":"https:\/\/mmkriepas.lv\/en\/p\/235-60r17c-leao-winter-defender-grip-van-2-117-115q\/","url":"https:\/\/mmkriepas.lv\/en\/p\/235-60r17c-leao-winter-defender-grip-van-2-117-115q\/","name":"235\/60R17C Leao Winter Defender Grip VAN 2 117\/115Q &#8226; MMK Riepas","isPartOf":{"@id":"https:\/\/mmkriepas.lv\/en\/#website"},"primaryImageOfPage":{"@id":"https:\/\/mmkriepas.lv\/en\/p\/235-60r17c-leao-winter-defender-grip-van-2-117-115q\/#primaryimage"},"image":{"@id":"https:\/\/mmkriepas.lv\/en\/p\/235-60r17c-leao-winter-defender-grip-van-2-117-115q\/#primaryimage"},"thumbnailUrl":"https:\/\/mmkriepas.lv\/wp-content\/uploads\/2024\/01\/23565r16c-leao-winter-defender-grip-van-2-121119r-ar-radzem-ziemas-riepas-ziemas-ar-radzem-riepas.jpg","datePublished":"2023-02-09T15:51:05+00:00","dateModified":"2024-11-27T15:51:55+00:00","breadcrumb":{"@id":"https:\/\/mmkriepas.lv\/en\/p\/235-60r17c-leao-winter-defender-grip-van-2-117-115q\/#breadcrumb"},"inLanguage":"en-US","potentialAction":[{"@type":"ReadAction","target":["https:\/\/mmkriepas.lv\/en\/p\/235-60r17c-leao-winter-defender-grip-van-2-117-115q\/"]}]},{"@type":"ImageObject","inLanguage":"en-US","@id":"https:\/\/mmkriepas.lv\/en\/p\/235-60r17c-leao-winter-defender-grip-van-2-117-115q\/#primaryimage","url":"https:\/\/mmkriepas.lv\/wp-content\/uploads\/2024\/01\/23565r16c-leao-winter-defender-grip-van-2-121119r-ar-radzem-ziemas-riepas-ziemas-ar-radzem-riepas.jpg","contentUrl":"https:\/\/mmkriepas.lv\/wp-content\/uploads\/2024\/01\/23565r16c-leao-winter-defender-grip-van-2-121119r-ar-radzem-ziemas-riepas-ziemas-ar-radzem-riepas.jpg","width":1920,"height":1920,"caption":"235\/65R16C Leao Winter Defender Grip VAN 2 121\/119R ar radz\u0113m - Ziemas riepas \/ Ziemas ar radz\u0113m riepas"},{"@type":"BreadcrumbList","@id":"https:\/\/mmkriepas.lv\/en\/p\/235-60r17c-leao-winter-defender-grip-van-2-117-115q\/#breadcrumb","itemListElement":[{"@type":"ListItem","position":1,"name":"S\u0101kums","item":"https:\/\/mmkriepas.lv\/en\/"},{"@type":"ListItem","position":2,"name":"235\/60R17C Leao Winter Defender Grip VAN 2 117\/115Q"}]},{"@type":"WebSite","@id":"https:\/\/mmkriepas.lv\/en\/#website","url":"https:\/\/mmkriepas.lv\/en\/","name":"MMK Riepas","description":"MMK Riepas","alternateName":"MMK Riepu Serviss","potentialAction":[{"@type":"SearchAction","target":{"@type":"EntryPoint","urlTemplate":"https:\/\/mmkriepas.lv\/en\/?s={search_term_string}"},"query-input":{"@type":"PropertyValueSpecification","valueRequired":true,"valueName":"search_term_string"}}],"inLanguage":"en-US"},{"@type":"ImageObject","inLanguage":"en-US","@id":"https:\/\/mmkriepas.lv\/en\/p\/235-60r17c-leao-winter-defender-grip-van-2-117-115q\/#local-main-organization-logo","url":"","contentUrl":"","caption":"MMK Riepas"}]},"product_brand":"Leao Winter Defender Grip Van 2","product_price_amount":"102.00","product_price_currency":"EUR","og_availability":"instock","product_availability":"instock","product_retailer_item_id":"TW2356017CLeao-E17955","product_condition":"new"},"_links":{"self":[{"href":"https:\/\/mmkriepas.lv\/en\/wp-json\/wp\/v2\/product\/596436","targetHints":{"allow":["GET"]}}],"collection":[{"href":"https:\/\/mmkriepas.lv\/en\/wp-json\/wp\/v2\/product"}],"about":[{"href":"https:\/\/mmkriepas.lv\/en\/wp-json\/wp\/v2\/types\/product"}],"wp:featuredmedia":[{"embeddable":true,"href":"https:\/\/mmkriepas.lv\/en\/wp-json\/wp\/v2\/media\/846101"}],"wp:attachment":[{"href":"https:\/\/mmkriepas.lv\/en\/wp-json\/wp\/v2\/media?parent=596436"}],"wp:term":[{"taxonomy":"product_brand","embeddable":true,"href":"https:\/\/mmkriepas.lv\/en\/wp-json\/wp\/v2\/product_brand?post=596436"},{"taxonomy":"product_cat","embeddable":true,"href":"https:\/\/mmkriepas.lv\/en\/wp-json\/wp\/v2\/product_cat?post=596436"},{"taxonomy":"product_tag","embeddable":true,"href":"https:\/\/mmkriepas.lv\/en\/wp-json\/wp\/v2\/product_tag?post=596436"}],"curies":[{"name":"wp","href":"https:\/\/api.w.org\/{rel}","templated":true}]}}