{"id":596221,"date":"2023-02-09T17:45:51","date_gmt":"2023-02-09T15:45:51","guid":{"rendered":"https:\/\/mmkserviss.lv\/?post_type=product&#038;p=596221"},"modified":"2024-08-05T16:55:54","modified_gmt":"2024-08-05T13:55:54","slug":"275-60r20-lanvigator-catchfors-a-t-119t-xl","status":"publish","type":"product","link":"https:\/\/mmkriepas.lv\/en\/p\/275-60r20-lanvigator-catchfors-a-t-119t-xl\/","title":{"rendered":"275\/60R20 Lanvigator Catchfors A\/T ECO 119T XL"},"content":{"rendered":"<p style=\"margin: 12.0pt 0cm 12.0pt 0cm;\"><b><span style=\"font-size: 11.0pt; font-family: 'Arial',sans-serif; color: black;\">Lanvigator Catchfors A\/T ECO <\/span><\/b><span style=\"white-space: pre-wrap;\"><span style=\"font-size: 11.0pt; font-family: 'Arial',sans-serif; color: black;\">&#8211; apvidus jeb All-Terrain riepu modelis, kas izce\u013cas ar paaugstin\u0101tu veiktsp\u0113ju skarbos brauk\u0161anas apst\u0101k\u013cos &#8211; dub\u013cos, pa akme\u0146iem vai smilt\u012bs. Piem\u0113rots apvidus jeb SUV automa\u0161\u012bn\u0101m, kas nereti met izaicin\u0101jumu bezce\u013ciem un gr\u016bti izbraucamiem me\u017ea ce\u013ciem, saglab\u0101jot brauk\u0161anas komfortu ar\u012b uz asfalta.<\/span><\/span><o:p><\/o:p><\/p>\n<h3 style=\"margin: 14.0pt 0cm 4.0pt 0cm;\"><span style=\"white-space: pre-wrap;\"><span style=\"font-size: 13.0pt; font-family: 'Arial',sans-serif; color: black;\">Catchfors A\/T ECO galven\u0101s \u012bpa\u0161\u012bbas:<\/span><\/span><o:p><\/o:p><\/h3>\n<p style=\"margin: 12.0pt 0cm 12.0pt 0cm;\"><span style=\"white-space: pre-wrap;\"><span style=\"font-size: 11.0pt; font-family: 'Arial',sans-serif; color: black;\">+ Riepu modelis, kas rad\u012bts brauk\u0161anai gan pa bezce\u013ciem, gan ar\u012b pa pils\u0113tas asfaltu un \u0161oseju,<\/span><\/span><o:p><\/o:p><\/p>\n<p style=\"margin: 12.0pt 0cm 12.0pt 0cm;\"><span style=\"white-space: pre-wrap;\"><span style=\"font-size: 11.0pt; font-family: 'Arial',sans-serif; color: black;\">+ Dzi\u013c\u0161 un agres\u012bvs protektora dizains,<\/span><\/span><o:p><\/o:p><\/p>\n<p style=\"margin: 12.0pt 0cm 12.0pt 0cm;\"><span style=\"white-space: pre-wrap;\"><span style=\"font-size: 11.0pt; font-family: 'Arial',sans-serif; color: black;\">+ Palielin\u0101ta kravnes\u012bba, kas at\u013cauj \u0161\u012bs riepas uzst\u0101d\u012bt pat smag\u0101kajiem apvidus auto,<\/span><\/span><o:p><\/o:p><\/p>\n<p style=\"margin: 12.0pt 0cm 12.0pt 0cm;\"><span style=\"white-space: pre-wrap;\"><span style=\"font-size: 11.0pt; font-family: 'Arial',sans-serif; color: black;\">+ Uzlabots riepas gumijas sast\u0101vs, kas palielina t\u0101s ilgstp\u0113j\u012bbu.<\/span><\/span><o:p><\/o:p><\/p>\n<h3 style=\"margin: 14.0pt 0cm 4.0pt 0cm;\"><span style=\"white-space: pre-wrap;\"><span style=\"font-size: 13.0pt; font-family: 'Arial',sans-serif; color: black;\">Catchfors A\/T ECO apr\u012bkojums<\/span><\/span><o:p><\/o:p><\/h3>\n<p style=\"margin: 12.0pt 0cm 12.0pt 0cm;\"><span style=\"white-space: pre-wrap;\"><b><span style=\"font-size: 11.0pt; font-family: 'Arial',sans-serif; color: black;\">Lanvigator Catchfors A\/T ECO <\/span><\/b><\/span><span style=\"white-space: pre-wrap;\"><span style=\"font-size: 11.0pt; font-family: 'Arial',sans-serif; color: black;\">riepas apr\u012bkotas ar agres\u012bvu, simetrisku protektora dizainu. Protektora blokos izvietoti vair\u0101ki lame\u013cu tipi, kas vienlaikus pal\u012bdz samazin\u0101t akvaplan\u0113\u0161anas risku un uzlabot sa\u0137eri ar irdenu ce\u013ca virsmu &#8211; smilti, \u0161\u0137embu un pat dub\u013ciem.<\/span><\/span><o:p><\/o:p><\/p>\n<p style=\"margin: 12.0pt 0cm 12.0pt 0cm;\"><span style=\"white-space: pre-wrap;\"><span style=\"font-size: 11.0pt; font-family: 'Arial',sans-serif; color: black;\">Palielin\u0101tie trapecveida riepas plecu zonas protektora bloki uzlabo stabilit\u0101ti uz asfalta, k\u0101 ar\u012b palielina riepas kop\u0113jo sa\u0137eres virsmu, pal\u012bdzot c\u012b\u0146\u0101 ar bezce\u013ciem. Turkl\u0101t, \u0161is riepu modelis izce\u013cas ar neticami augstu cenas un veiktsp\u0113jas koeficentu, padarot to par lab\u0101ko apvidus riepu izv\u0113li bud\u017eeta klas\u0113.<\/span><\/span><\/p>\n","protected":false},"excerpt":{"rendered":"<p><b><span style=\"font-size: 11.0pt; font-family: 'Arial',sans-serif; color: black;\">Lanvigator Catchfors A\/T ECO <\/span><\/b><span style=\"white-space: pre-wrap;\"><span style=\"font-size: 11.0pt; font-family: 'Arial',sans-serif; color: black;\">&#8211; apvidus jeb All-Terrain riepu modelis, kas izce\u013cas ar paaugstin\u0101tu veiktsp\u0113ju skarbos brauk\u0161anas apst\u0101k\u013cos &#8211; dub\u013cos, pa akme\u0146iem vai smilt\u012bs. Piem\u0113rots apvidus jeb SUV automa\u0161\u012bn\u0101m, kas nereti met izaicin\u0101jumu bezce\u013ciem un gr\u016bti izbraucamiem me\u017ea ce\u013ciem, saglab\u0101jot brauk\u0161anas komfortu ar\u012b uz asfalta.<\/span><\/span><\/p>\n","protected":false},"featured_media":862276,"template":"","meta":{"_acf_changed":false,"ngg_post_thumbnail":0},"product_brand":[],"product_cat":[46],"product_tag":[],"class_list":{"0":"post-596221","1":"product","2":"type-product","3":"status-publish","4":"has-post-thumbnail","6":"product_cat-vasaras-riepas","8":"first","9":"instock","10":"taxable","11":"shipping-taxable","12":"product-type-simple"},"acf":[],"yoast_head":"<!-- This site is optimized with the Yoast SEO Premium plugin v22.6 (Yoast SEO v27.3) - https:\/\/yoast.com\/product\/yoast-seo-premium-wordpress\/ -->\n<title>275\/60R20 Lanvigator Catchfors A\/T ECO 119T XL &#8226; MMK Riepas<\/title>\n<meta name=\"robots\" content=\"index, follow, max-snippet:-1, max-image-preview:large, max-video-preview:-1\" \/>\n<link rel=\"canonical\" href=\"https:\/\/mmkriepas.lv\/en\/p\/275-60r20-lanvigator-catchfors-a-t-119t-xl\/\" \/>\n<meta property=\"og:locale\" content=\"en_US\" \/>\n<meta property=\"og:type\" content=\"article\" \/>\n<meta property=\"og:title\" content=\"275\/60R20 Lanvigator Catchfors A\/T ECO 119T XL\" \/>\n<meta property=\"og:description\" content=\"Lanvigator Catchfors A\/T ECO - apvidus jeb All-Terrain riepu modelis, kas izce\u013cas ar paaugstin\u0101tu veiktsp\u0113ju skarbos brauk\u0161anas apst\u0101k\u013cos - dub\u013cos, pa akme\u0146iem vai smilt\u012bs. Piem\u0113rots apvidus jeb SUV automa\u0161\u012bn\u0101m, kas nereti met izaicin\u0101jumu bezce\u013ciem un gr\u016bti izbraucamiem me\u017ea ce\u013ciem, saglab\u0101jot brauk\u0161anas komfortu ar\u012b uz asfalta.\" \/>\n<meta property=\"og:url\" content=\"https:\/\/mmkriepas.lv\/en\/p\/275-60r20-lanvigator-catchfors-a-t-119t-xl\/\" \/>\n<meta property=\"og:site_name\" content=\"MMK Riepas\" \/>\n<meta property=\"article:publisher\" content=\"https:\/\/www.facebook.com\/mmkserviss\/\" \/>\n<meta property=\"article:modified_time\" content=\"2024-08-05T13:55:54+00:00\" \/>\n<meta property=\"og:image\" content=\"https:\/\/mmkriepas.lv\/wp-content\/uploads\/2024\/02\/27560r20-lanvigator-catchfors-at-eco-119t-xl-all-terrain-riepas-vasaras-riepas.jpg\" \/>\n\t<meta property=\"og:image:width\" content=\"1920\" \/>\n\t<meta property=\"og:image:height\" content=\"1451\" \/>\n\t<meta property=\"og:image:type\" content=\"image\/jpeg\" \/>\n<meta name=\"twitter:card\" content=\"summary_large_image\" \/>\n<meta name=\"twitter:label1\" content=\"Price\" \/>\n\t<meta name=\"twitter:data1\" content=\"&euro;108.00\" \/>\n\t<meta name=\"twitter:label2\" content=\"Availability\" \/>\n\t<meta name=\"twitter:data2\" content=\"In stock\" \/>\n<script type=\"application\/ld+json\" class=\"yoast-schema-graph\">{\"@context\":\"https:\\\/\\\/schema.org\",\"@graph\":[{\"@type\":\"WebPage\",\"@id\":\"https:\\\/\\\/mmkriepas.lv\\\/en\\\/p\\\/275-60r20-lanvigator-catchfors-a-t-119t-xl\\\/\",\"url\":\"https:\\\/\\\/mmkriepas.lv\\\/en\\\/p\\\/275-60r20-lanvigator-catchfors-a-t-119t-xl\\\/\",\"name\":\"275\\\/60R20 Lanvigator Catchfors A\\\/T ECO 119T XL &#8226; MMK Riepas\",\"isPartOf\":{\"@id\":\"https:\\\/\\\/mmkriepas.lv\\\/en\\\/#website\"},\"primaryImageOfPage\":{\"@id\":\"https:\\\/\\\/mmkriepas.lv\\\/en\\\/p\\\/275-60r20-lanvigator-catchfors-a-t-119t-xl\\\/#primaryimage\"},\"image\":{\"@id\":\"https:\\\/\\\/mmkriepas.lv\\\/en\\\/p\\\/275-60r20-lanvigator-catchfors-a-t-119t-xl\\\/#primaryimage\"},\"thumbnailUrl\":\"https:\\\/\\\/mmkriepas.lv\\\/wp-content\\\/uploads\\\/2024\\\/02\\\/27560r20-lanvigator-catchfors-at-eco-119t-xl-all-terrain-riepas-vasaras-riepas.jpg\",\"datePublished\":\"2023-02-09T15:45:51+00:00\",\"dateModified\":\"2024-08-05T13:55:54+00:00\",\"breadcrumb\":{\"@id\":\"https:\\\/\\\/mmkriepas.lv\\\/en\\\/p\\\/275-60r20-lanvigator-catchfors-a-t-119t-xl\\\/#breadcrumb\"},\"inLanguage\":\"en-US\",\"potentialAction\":[{\"@type\":\"ReadAction\",\"target\":[\"https:\\\/\\\/mmkriepas.lv\\\/en\\\/p\\\/275-60r20-lanvigator-catchfors-a-t-119t-xl\\\/\"]}]},{\"@type\":\"ImageObject\",\"inLanguage\":\"en-US\",\"@id\":\"https:\\\/\\\/mmkriepas.lv\\\/en\\\/p\\\/275-60r20-lanvigator-catchfors-a-t-119t-xl\\\/#primaryimage\",\"url\":\"https:\\\/\\\/mmkriepas.lv\\\/wp-content\\\/uploads\\\/2024\\\/02\\\/27560r20-lanvigator-catchfors-at-eco-119t-xl-all-terrain-riepas-vasaras-riepas.jpg\",\"contentUrl\":\"https:\\\/\\\/mmkriepas.lv\\\/wp-content\\\/uploads\\\/2024\\\/02\\\/27560r20-lanvigator-catchfors-at-eco-119t-xl-all-terrain-riepas-vasaras-riepas.jpg\",\"width\":1920,\"height\":1451,\"caption\":\"?????????????????????????\"},{\"@type\":\"BreadcrumbList\",\"@id\":\"https:\\\/\\\/mmkriepas.lv\\\/en\\\/p\\\/275-60r20-lanvigator-catchfors-a-t-119t-xl\\\/#breadcrumb\",\"itemListElement\":[{\"@type\":\"ListItem\",\"position\":1,\"name\":\"S\u0101kums\",\"item\":\"https:\\\/\\\/mmkriepas.lv\\\/en\\\/\"},{\"@type\":\"ListItem\",\"position\":2,\"name\":\"275\\\/60R20 Lanvigator Catchfors A\\\/T ECO 119T XL\"}]},{\"@type\":\"WebSite\",\"@id\":\"https:\\\/\\\/mmkriepas.lv\\\/en\\\/#website\",\"url\":\"https:\\\/\\\/mmkriepas.lv\\\/en\\\/\",\"name\":\"MMK Riepas\",\"description\":\"MMK Riepas\",\"alternateName\":\"MMK Riepu Serviss\",\"potentialAction\":[{\"@type\":\"SearchAction\",\"target\":{\"@type\":\"EntryPoint\",\"urlTemplate\":\"https:\\\/\\\/mmkriepas.lv\\\/en\\\/?s={search_term_string}\"},\"query-input\":{\"@type\":\"PropertyValueSpecification\",\"valueRequired\":true,\"valueName\":\"search_term_string\"}}],\"inLanguage\":\"en-US\"},{\"@type\":\"ImageObject\",\"inLanguage\":\"en-US\",\"@id\":\"https:\\\/\\\/mmkriepas.lv\\\/en\\\/p\\\/275-60r20-lanvigator-catchfors-a-t-119t-xl\\\/#local-main-organization-logo\",\"url\":\"\",\"contentUrl\":\"\",\"caption\":\"MMK Riepas\"}]}<\/script>\n<meta property=\"product:brand\" content=\"Lanvigator Catchfors A\/T ECO\" \/>\n<meta property=\"product:price:amount\" content=\"108.00\" \/>\n<meta property=\"product:price:currency\" content=\"EUR\" \/>\n<meta property=\"og:availability\" content=\"instock\" \/>\n<meta property=\"product:availability\" content=\"instock\" \/>\n<meta property=\"product:retailer_item_id\" content=\"TW2756020Lanvi-E17889\" \/>\n<meta property=\"product:condition\" content=\"new\" \/>\n<!-- \/ Yoast SEO Premium plugin. -->","yoast_head_json":{"title":"275\/60R20 Lanvigator Catchfors A\/T ECO 119T XL &#8226; MMK Riepas","robots":{"index":"index","follow":"follow","max-snippet":"max-snippet:-1","max-image-preview":"max-image-preview:large","max-video-preview":"max-video-preview:-1"},"canonical":"https:\/\/mmkriepas.lv\/en\/p\/275-60r20-lanvigator-catchfors-a-t-119t-xl\/","og_locale":"en_US","og_type":"article","og_title":"275\/60R20 Lanvigator Catchfors A\/T ECO 119T XL","og_description":"Lanvigator Catchfors A\/T ECO - apvidus jeb All-Terrain riepu modelis, kas izce\u013cas ar paaugstin\u0101tu veiktsp\u0113ju skarbos brauk\u0161anas apst\u0101k\u013cos - dub\u013cos, pa akme\u0146iem vai smilt\u012bs. Piem\u0113rots apvidus jeb SUV automa\u0161\u012bn\u0101m, kas nereti met izaicin\u0101jumu bezce\u013ciem un gr\u016bti izbraucamiem me\u017ea ce\u013ciem, saglab\u0101jot brauk\u0161anas komfortu ar\u012b uz asfalta.","og_url":"https:\/\/mmkriepas.lv\/en\/p\/275-60r20-lanvigator-catchfors-a-t-119t-xl\/","og_site_name":"MMK Riepas","article_publisher":"https:\/\/www.facebook.com\/mmkserviss\/","article_modified_time":"2024-08-05T13:55:54+00:00","og_image":[{"width":1920,"height":1451,"url":"https:\/\/mmkriepas.lv\/wp-content\/uploads\/2024\/02\/27560r20-lanvigator-catchfors-at-eco-119t-xl-all-terrain-riepas-vasaras-riepas.jpg","type":"image\/jpeg"}],"twitter_card":"summary_large_image","twitter_misc":{"Price":"&euro;108.00","Availability":"In stock"},"schema":{"@context":"https:\/\/schema.org","@graph":[{"@type":"WebPage","@id":"https:\/\/mmkriepas.lv\/en\/p\/275-60r20-lanvigator-catchfors-a-t-119t-xl\/","url":"https:\/\/mmkriepas.lv\/en\/p\/275-60r20-lanvigator-catchfors-a-t-119t-xl\/","name":"275\/60R20 Lanvigator Catchfors A\/T ECO 119T XL &#8226; MMK Riepas","isPartOf":{"@id":"https:\/\/mmkriepas.lv\/en\/#website"},"primaryImageOfPage":{"@id":"https:\/\/mmkriepas.lv\/en\/p\/275-60r20-lanvigator-catchfors-a-t-119t-xl\/#primaryimage"},"image":{"@id":"https:\/\/mmkriepas.lv\/en\/p\/275-60r20-lanvigator-catchfors-a-t-119t-xl\/#primaryimage"},"thumbnailUrl":"https:\/\/mmkriepas.lv\/wp-content\/uploads\/2024\/02\/27560r20-lanvigator-catchfors-at-eco-119t-xl-all-terrain-riepas-vasaras-riepas.jpg","datePublished":"2023-02-09T15:45:51+00:00","dateModified":"2024-08-05T13:55:54+00:00","breadcrumb":{"@id":"https:\/\/mmkriepas.lv\/en\/p\/275-60r20-lanvigator-catchfors-a-t-119t-xl\/#breadcrumb"},"inLanguage":"en-US","potentialAction":[{"@type":"ReadAction","target":["https:\/\/mmkriepas.lv\/en\/p\/275-60r20-lanvigator-catchfors-a-t-119t-xl\/"]}]},{"@type":"ImageObject","inLanguage":"en-US","@id":"https:\/\/mmkriepas.lv\/en\/p\/275-60r20-lanvigator-catchfors-a-t-119t-xl\/#primaryimage","url":"https:\/\/mmkriepas.lv\/wp-content\/uploads\/2024\/02\/27560r20-lanvigator-catchfors-at-eco-119t-xl-all-terrain-riepas-vasaras-riepas.jpg","contentUrl":"https:\/\/mmkriepas.lv\/wp-content\/uploads\/2024\/02\/27560r20-lanvigator-catchfors-at-eco-119t-xl-all-terrain-riepas-vasaras-riepas.jpg","width":1920,"height":1451,"caption":"?????????????????????????"},{"@type":"BreadcrumbList","@id":"https:\/\/mmkriepas.lv\/en\/p\/275-60r20-lanvigator-catchfors-a-t-119t-xl\/#breadcrumb","itemListElement":[{"@type":"ListItem","position":1,"name":"S\u0101kums","item":"https:\/\/mmkriepas.lv\/en\/"},{"@type":"ListItem","position":2,"name":"275\/60R20 Lanvigator Catchfors A\/T ECO 119T XL"}]},{"@type":"WebSite","@id":"https:\/\/mmkriepas.lv\/en\/#website","url":"https:\/\/mmkriepas.lv\/en\/","name":"MMK Riepas","description":"MMK Riepas","alternateName":"MMK Riepu Serviss","potentialAction":[{"@type":"SearchAction","target":{"@type":"EntryPoint","urlTemplate":"https:\/\/mmkriepas.lv\/en\/?s={search_term_string}"},"query-input":{"@type":"PropertyValueSpecification","valueRequired":true,"valueName":"search_term_string"}}],"inLanguage":"en-US"},{"@type":"ImageObject","inLanguage":"en-US","@id":"https:\/\/mmkriepas.lv\/en\/p\/275-60r20-lanvigator-catchfors-a-t-119t-xl\/#local-main-organization-logo","url":"","contentUrl":"","caption":"MMK Riepas"}]},"product_brand":"Lanvigator Catchfors A\/T ECO","product_price_amount":"108.00","product_price_currency":"EUR","og_availability":"instock","product_availability":"instock","product_retailer_item_id":"TW2756020Lanvi-E17889","product_condition":"new"},"_links":{"self":[{"href":"https:\/\/mmkriepas.lv\/en\/wp-json\/wp\/v2\/product\/596221","targetHints":{"allow":["GET"]}}],"collection":[{"href":"https:\/\/mmkriepas.lv\/en\/wp-json\/wp\/v2\/product"}],"about":[{"href":"https:\/\/mmkriepas.lv\/en\/wp-json\/wp\/v2\/types\/product"}],"wp:featuredmedia":[{"embeddable":true,"href":"https:\/\/mmkriepas.lv\/en\/wp-json\/wp\/v2\/media\/862276"}],"wp:attachment":[{"href":"https:\/\/mmkriepas.lv\/en\/wp-json\/wp\/v2\/media?parent=596221"}],"wp:term":[{"taxonomy":"product_brand","embeddable":true,"href":"https:\/\/mmkriepas.lv\/en\/wp-json\/wp\/v2\/product_brand?post=596221"},{"taxonomy":"product_cat","embeddable":true,"href":"https:\/\/mmkriepas.lv\/en\/wp-json\/wp\/v2\/product_cat?post=596221"},{"taxonomy":"product_tag","embeddable":true,"href":"https:\/\/mmkriepas.lv\/en\/wp-json\/wp\/v2\/product_tag?post=596221"}],"curies":[{"name":"wp","href":"https:\/\/api.w.org\/{rel}","templated":true}]}}