{"id":595969,"date":"2023-02-09T17:40:01","date_gmt":"2023-02-09T15:40:01","guid":{"rendered":"https:\/\/mmkserviss.lv\/?post_type=product&#038;p=595969"},"modified":"2026-03-30T15:05:45","modified_gmt":"2026-03-30T12:05:45","slug":"265-50r20-kumho-wintercraft-ws71-111v-xl","status":"publish","type":"product","link":"https:\/\/mmkriepas.lv\/en\/p\/265-50r20-kumho-wintercraft-ws71-111v-xl\/","title":{"rendered":"265\/50R20 Kumho WinterCraft WS71 111V XL"},"content":{"rendered":"<p class=\"western\" align=\"left\"><span style=\"font-family: Arial, sans-serif;\"><b>Kumho WinterCraft WS71<\/b> ir ziemas riepa, kas paredz\u0113ta lielajiem apvidus auto jeb SUV. \u0160is modelis izce\u013cas ar ziemas riep\u0101m nerakstur\u012bgo asimetrisko protektora rakstu, komfortablu un klusu gaitu, un uzticam\u012bbu skarbos ziemas apst\u0101k\u013cos.<\/span><\/p>\n<h3 class=\"western\" align=\"left\"><span style=\"font-family: Arial, sans-serif;\"><b>Kumho WinterCraft WS71 galven\u0101s iez\u012bmes<\/b><\/span><\/h3>\n<p class=\"western\"><span style=\"font-family: Arial, sans-serif;\">+ Riepas, kas paredz\u0113tas tie\u0161i SUV.<\/span><\/p>\n<p class=\"western\"><span style=\"font-family: Arial, sans-serif;\">+ Palielin\u0101ts protektora bloku skaits, lai uzlabotu veiktsp\u0113ju snieg\u0101!<\/span><\/p>\n<p class=\"western\"><span style=\"font-family: Arial, sans-serif;\">+ Bl\u012bvi izvietotas 3d lameles, kas uzlabo veiktsp\u0113ju uz apledoju\u0161\u0101m ce\u013ca virsm\u0101m!<\/span><\/p>\n<p class=\"western\"><span style=\"font-family: Arial, sans-serif;\">+ Stabilit\u0101ti uzlabo un kalpotsp\u0113ju paildzina pastiprin\u0101tais riepas karkass!<\/span><\/p>\n<h3 class=\"western\" align=\"left\"><span style=\"font-family: Arial, sans-serif;\"><b>WinterCraft WS71 apr\u012bkojums<\/b><\/span><\/h3>\n<p class=\"western\" align=\"left\"><span style=\"font-family: Arial, sans-serif;\">\u0160is apvidus auto riepu modelis apr\u012bkots ar asimetrisku protektora dizainu, kas darin\u0101ts no augstas kvalit\u0101tes, elastrom\u0113riem bag\u0101ta gumijas mais\u012bjuma, kas savu elast\u012bbu saglab\u0101 pat \u013coti zem\u0101s gaisa temperat\u016br\u0101s. Tas ir svar\u012bgi, jo elast\u012bga riepa daudz lab\u0101k veido sa\u0137eri ar ce\u013cu. Asimetriski izvietotajos protektora blokos iestr\u0101d\u0101ti vair\u0101ki t\u016bksto\u0161i bl\u012bvi izvietotu lame\u013cu, kas, aizvietojot radzes, uzlabo sa\u0137eri ar ledu. Plat\u0101s dren\u0101\u017eas rievas, tand\u0113m\u0101 ar jau iepriek\u0161 piemin\u0113taj\u0101m lamel\u0113m, izcili tiek gal\u0101 ar \u016bdens un sniega novadi no kontakta virsmas, to sausinot.\u00a0 Pastiprin\u0101ts ar\u012b riepas karkass, padarot to triecieniztur\u012bg\u0101ku un liekot riepai kalpot ilg\u0101k.\u00a0<\/span><\/p>\n<p class=\"western\" align=\"left\"><span style=\"font-family: Arial, sans-serif;\"><b>Kumho Winter<\/b><b>C<\/b><b>raft WS71<\/b> mode\u013ca lieto\u0161anas dro\u0161\u012bbu ziemas laika apst\u0101k\u013cos un t\u0101 atbilst\u012bbu valst\u012bm ar oblig\u0101tu sezon\u0101lo riepu mai\u0146u apstiprina mar\u0137\u0113jums sniegp\u0101rslas form\u0101 uz kalna fona ar trim virsotn\u0113m (3PMSF).<\/span><\/p>\n","protected":false},"excerpt":{"rendered":"<p><span style=\"font-family: Arial, sans-serif;\"><b>Kumho WinterCraft WS71<\/b> ir ziemas riepa, kas paredz\u0113ta lielajiem apvidus auto jeb SUV. \u0160is modelis izce\u013cas ar ziemas riep\u0101m nerakstur\u012bgo asimetrisko protektora rakstu, komfortablu un klusu gaitu, un uzticam\u012bbu skarbos ziemas apst\u0101k\u013cos.<\/span><\/p>\n","protected":false},"featured_media":864316,"template":"","meta":{"_acf_changed":false,"ngg_post_thumbnail":0},"product_brand":[],"product_cat":[23644,23643],"product_tag":[],"class_list":{"0":"post-595969","1":"product","2":"type-product","3":"status-publish","4":"has-post-thumbnail","6":"product_cat-all-season-tyres","7":"product_cat-winter-tyres","9":"first","10":"instock","11":"taxable","12":"shipping-taxable","13":"purchasable","14":"product-type-simple"},"acf":[],"yoast_head":"<!-- This site is optimized with the Yoast SEO Premium plugin v22.6 (Yoast SEO v27.3) - https:\/\/yoast.com\/product\/yoast-seo-premium-wordpress\/ -->\n<title>265\/50R20 Kumho WinterCraft WS71 111V XL &#8226; MMK Riepas<\/title>\n<meta name=\"robots\" content=\"index, follow, max-snippet:-1, max-image-preview:large, max-video-preview:-1\" \/>\n<link rel=\"canonical\" href=\"https:\/\/mmkriepas.lv\/en\/p\/265-50r20-kumho-wintercraft-ws71-111v-xl\/\" \/>\n<meta property=\"og:locale\" content=\"en_US\" \/>\n<meta property=\"og:type\" content=\"article\" \/>\n<meta property=\"og:title\" content=\"265\/50R20 Kumho WinterCraft WS71 111V XL\" \/>\n<meta property=\"og:description\" content=\"Kumho WinterCraft WS71 ir ziemas riepa, kas paredz\u0113ta lielajiem apvidus auto jeb SUV. \u0160is modelis izce\u013cas ar ziemas riep\u0101m nerakstur\u012bgo asimetrisko protektora rakstu, komfortablu un klusu gaitu, un uzticam\u012bbu skarbos ziemas apst\u0101k\u013cos.\" \/>\n<meta property=\"og:url\" content=\"https:\/\/mmkriepas.lv\/en\/p\/265-50r20-kumho-wintercraft-ws71-111v-xl\/\" \/>\n<meta property=\"og:site_name\" content=\"MMK Riepas\" \/>\n<meta property=\"article:publisher\" content=\"https:\/\/www.facebook.com\/mmkserviss\/\" \/>\n<meta property=\"article:modified_time\" content=\"2026-03-30T12:05:45+00:00\" \/>\n<meta property=\"og:image\" content=\"https:\/\/mmkriepas.lv\/wp-content\/uploads\/2024\/02\/23550r19-kumho-wintercraft-ws71-103v-xl-ziemas-riepas.jpeg\" \/>\n\t<meta property=\"og:image:width\" content=\"1379\" \/>\n\t<meta property=\"og:image:height\" content=\"1040\" \/>\n\t<meta property=\"og:image:type\" content=\"image\/jpeg\" \/>\n<meta name=\"twitter:card\" content=\"summary_large_image\" \/>\n<meta name=\"twitter:label1\" content=\"Price\" \/>\n\t<meta name=\"twitter:data1\" content=\"&euro;213.00\" \/>\n\t<meta name=\"twitter:label2\" content=\"Availability\" \/>\n\t<meta name=\"twitter:data2\" content=\"In stock\" \/>\n<script type=\"application\/ld+json\" class=\"yoast-schema-graph\">{\"@context\":\"https:\\\/\\\/schema.org\",\"@graph\":[{\"@type\":\"WebPage\",\"@id\":\"https:\\\/\\\/mmkriepas.lv\\\/en\\\/p\\\/265-50r20-kumho-wintercraft-ws71-111v-xl\\\/\",\"url\":\"https:\\\/\\\/mmkriepas.lv\\\/en\\\/p\\\/265-50r20-kumho-wintercraft-ws71-111v-xl\\\/\",\"name\":\"265\\\/50R20 Kumho WinterCraft WS71 111V XL &#8226; MMK Riepas\",\"isPartOf\":{\"@id\":\"https:\\\/\\\/mmkriepas.lv\\\/en\\\/#website\"},\"primaryImageOfPage\":{\"@id\":\"https:\\\/\\\/mmkriepas.lv\\\/en\\\/p\\\/265-50r20-kumho-wintercraft-ws71-111v-xl\\\/#primaryimage\"},\"image\":{\"@id\":\"https:\\\/\\\/mmkriepas.lv\\\/en\\\/p\\\/265-50r20-kumho-wintercraft-ws71-111v-xl\\\/#primaryimage\"},\"thumbnailUrl\":\"https:\\\/\\\/mmkriepas.lv\\\/wp-content\\\/uploads\\\/2024\\\/02\\\/23550r19-kumho-wintercraft-ws71-103v-xl-ziemas-riepas.jpeg\",\"datePublished\":\"2023-02-09T15:40:01+00:00\",\"dateModified\":\"2026-03-30T12:05:45+00:00\",\"breadcrumb\":{\"@id\":\"https:\\\/\\\/mmkriepas.lv\\\/en\\\/p\\\/265-50r20-kumho-wintercraft-ws71-111v-xl\\\/#breadcrumb\"},\"inLanguage\":\"en-US\",\"potentialAction\":[{\"@type\":\"ReadAction\",\"target\":[\"https:\\\/\\\/mmkriepas.lv\\\/en\\\/p\\\/265-50r20-kumho-wintercraft-ws71-111v-xl\\\/\"]}]},{\"@type\":\"ImageObject\",\"inLanguage\":\"en-US\",\"@id\":\"https:\\\/\\\/mmkriepas.lv\\\/en\\\/p\\\/265-50r20-kumho-wintercraft-ws71-111v-xl\\\/#primaryimage\",\"url\":\"https:\\\/\\\/mmkriepas.lv\\\/wp-content\\\/uploads\\\/2024\\\/02\\\/23550r19-kumho-wintercraft-ws71-103v-xl-ziemas-riepas.jpeg\",\"contentUrl\":\"https:\\\/\\\/mmkriepas.lv\\\/wp-content\\\/uploads\\\/2024\\\/02\\\/23550r19-kumho-wintercraft-ws71-103v-xl-ziemas-riepas.jpeg\",\"width\":1379,\"height\":1040,\"caption\":\"235\\\/50R19 Kumho WinterCraft WS71 103V XL - Vissezonas riepas \\\/ Ziemas riepas\"},{\"@type\":\"BreadcrumbList\",\"@id\":\"https:\\\/\\\/mmkriepas.lv\\\/en\\\/p\\\/265-50r20-kumho-wintercraft-ws71-111v-xl\\\/#breadcrumb\",\"itemListElement\":[{\"@type\":\"ListItem\",\"position\":1,\"name\":\"S\u0101kums\",\"item\":\"https:\\\/\\\/mmkriepas.lv\\\/en\\\/\"},{\"@type\":\"ListItem\",\"position\":2,\"name\":\"265\\\/50R20 Kumho WinterCraft WS71 111V XL\"}]},{\"@type\":\"WebSite\",\"@id\":\"https:\\\/\\\/mmkriepas.lv\\\/en\\\/#website\",\"url\":\"https:\\\/\\\/mmkriepas.lv\\\/en\\\/\",\"name\":\"MMK Riepas\",\"description\":\"MMK Riepas\",\"alternateName\":\"MMK Riepu Serviss\",\"potentialAction\":[{\"@type\":\"SearchAction\",\"target\":{\"@type\":\"EntryPoint\",\"urlTemplate\":\"https:\\\/\\\/mmkriepas.lv\\\/en\\\/?s={search_term_string}\"},\"query-input\":{\"@type\":\"PropertyValueSpecification\",\"valueRequired\":true,\"valueName\":\"search_term_string\"}}],\"inLanguage\":\"en-US\"},{\"@type\":\"ImageObject\",\"inLanguage\":\"en-US\",\"@id\":\"https:\\\/\\\/mmkriepas.lv\\\/en\\\/p\\\/265-50r20-kumho-wintercraft-ws71-111v-xl\\\/#local-main-organization-logo\",\"url\":\"\",\"contentUrl\":\"\",\"caption\":\"MMK Riepas\"}]}<\/script>\n<meta property=\"product:brand\" content=\"Kumho WinterCraft WS71\" \/>\n<meta property=\"product:price:amount\" content=\"213.00\" \/>\n<meta property=\"product:price:currency\" content=\"EUR\" \/>\n<meta property=\"og:availability\" content=\"instock\" \/>\n<meta property=\"product:availability\" content=\"instock\" \/>\n<meta property=\"product:retailer_item_id\" content=\"TW2655020Kumho-E17814\" \/>\n<meta property=\"product:condition\" content=\"new\" \/>\n<!-- \/ Yoast SEO Premium plugin. -->","yoast_head_json":{"title":"265\/50R20 Kumho WinterCraft WS71 111V XL &#8226; MMK Riepas","robots":{"index":"index","follow":"follow","max-snippet":"max-snippet:-1","max-image-preview":"max-image-preview:large","max-video-preview":"max-video-preview:-1"},"canonical":"https:\/\/mmkriepas.lv\/en\/p\/265-50r20-kumho-wintercraft-ws71-111v-xl\/","og_locale":"en_US","og_type":"article","og_title":"265\/50R20 Kumho WinterCraft WS71 111V XL","og_description":"Kumho WinterCraft WS71 ir ziemas riepa, kas paredz\u0113ta lielajiem apvidus auto jeb SUV. \u0160is modelis izce\u013cas ar ziemas riep\u0101m nerakstur\u012bgo asimetrisko protektora rakstu, komfortablu un klusu gaitu, un uzticam\u012bbu skarbos ziemas apst\u0101k\u013cos.","og_url":"https:\/\/mmkriepas.lv\/en\/p\/265-50r20-kumho-wintercraft-ws71-111v-xl\/","og_site_name":"MMK Riepas","article_publisher":"https:\/\/www.facebook.com\/mmkserviss\/","article_modified_time":"2026-03-30T12:05:45+00:00","og_image":[{"width":1379,"height":1040,"url":"https:\/\/mmkriepas.lv\/wp-content\/uploads\/2024\/02\/23550r19-kumho-wintercraft-ws71-103v-xl-ziemas-riepas.jpeg","type":"image\/jpeg"}],"twitter_card":"summary_large_image","twitter_misc":{"Price":"&euro;213.00","Availability":"In stock"},"schema":{"@context":"https:\/\/schema.org","@graph":[{"@type":"WebPage","@id":"https:\/\/mmkriepas.lv\/en\/p\/265-50r20-kumho-wintercraft-ws71-111v-xl\/","url":"https:\/\/mmkriepas.lv\/en\/p\/265-50r20-kumho-wintercraft-ws71-111v-xl\/","name":"265\/50R20 Kumho WinterCraft WS71 111V XL &#8226; MMK Riepas","isPartOf":{"@id":"https:\/\/mmkriepas.lv\/en\/#website"},"primaryImageOfPage":{"@id":"https:\/\/mmkriepas.lv\/en\/p\/265-50r20-kumho-wintercraft-ws71-111v-xl\/#primaryimage"},"image":{"@id":"https:\/\/mmkriepas.lv\/en\/p\/265-50r20-kumho-wintercraft-ws71-111v-xl\/#primaryimage"},"thumbnailUrl":"https:\/\/mmkriepas.lv\/wp-content\/uploads\/2024\/02\/23550r19-kumho-wintercraft-ws71-103v-xl-ziemas-riepas.jpeg","datePublished":"2023-02-09T15:40:01+00:00","dateModified":"2026-03-30T12:05:45+00:00","breadcrumb":{"@id":"https:\/\/mmkriepas.lv\/en\/p\/265-50r20-kumho-wintercraft-ws71-111v-xl\/#breadcrumb"},"inLanguage":"en-US","potentialAction":[{"@type":"ReadAction","target":["https:\/\/mmkriepas.lv\/en\/p\/265-50r20-kumho-wintercraft-ws71-111v-xl\/"]}]},{"@type":"ImageObject","inLanguage":"en-US","@id":"https:\/\/mmkriepas.lv\/en\/p\/265-50r20-kumho-wintercraft-ws71-111v-xl\/#primaryimage","url":"https:\/\/mmkriepas.lv\/wp-content\/uploads\/2024\/02\/23550r19-kumho-wintercraft-ws71-103v-xl-ziemas-riepas.jpeg","contentUrl":"https:\/\/mmkriepas.lv\/wp-content\/uploads\/2024\/02\/23550r19-kumho-wintercraft-ws71-103v-xl-ziemas-riepas.jpeg","width":1379,"height":1040,"caption":"235\/50R19 Kumho WinterCraft WS71 103V XL - Vissezonas riepas \/ Ziemas riepas"},{"@type":"BreadcrumbList","@id":"https:\/\/mmkriepas.lv\/en\/p\/265-50r20-kumho-wintercraft-ws71-111v-xl\/#breadcrumb","itemListElement":[{"@type":"ListItem","position":1,"name":"S\u0101kums","item":"https:\/\/mmkriepas.lv\/en\/"},{"@type":"ListItem","position":2,"name":"265\/50R20 Kumho WinterCraft WS71 111V XL"}]},{"@type":"WebSite","@id":"https:\/\/mmkriepas.lv\/en\/#website","url":"https:\/\/mmkriepas.lv\/en\/","name":"MMK Riepas","description":"MMK Riepas","alternateName":"MMK Riepu Serviss","potentialAction":[{"@type":"SearchAction","target":{"@type":"EntryPoint","urlTemplate":"https:\/\/mmkriepas.lv\/en\/?s={search_term_string}"},"query-input":{"@type":"PropertyValueSpecification","valueRequired":true,"valueName":"search_term_string"}}],"inLanguage":"en-US"},{"@type":"ImageObject","inLanguage":"en-US","@id":"https:\/\/mmkriepas.lv\/en\/p\/265-50r20-kumho-wintercraft-ws71-111v-xl\/#local-main-organization-logo","url":"","contentUrl":"","caption":"MMK Riepas"}]},"product_brand":"Kumho WinterCraft WS71","product_price_amount":"213.00","product_price_currency":"EUR","og_availability":"instock","product_availability":"instock","product_retailer_item_id":"TW2655020Kumho-E17814","product_condition":"new"},"_links":{"self":[{"href":"https:\/\/mmkriepas.lv\/en\/wp-json\/wp\/v2\/product\/595969","targetHints":{"allow":["GET"]}}],"collection":[{"href":"https:\/\/mmkriepas.lv\/en\/wp-json\/wp\/v2\/product"}],"about":[{"href":"https:\/\/mmkriepas.lv\/en\/wp-json\/wp\/v2\/types\/product"}],"wp:featuredmedia":[{"embeddable":true,"href":"https:\/\/mmkriepas.lv\/en\/wp-json\/wp\/v2\/media\/864316"}],"wp:attachment":[{"href":"https:\/\/mmkriepas.lv\/en\/wp-json\/wp\/v2\/media?parent=595969"}],"wp:term":[{"taxonomy":"product_brand","embeddable":true,"href":"https:\/\/mmkriepas.lv\/en\/wp-json\/wp\/v2\/product_brand?post=595969"},{"taxonomy":"product_cat","embeddable":true,"href":"https:\/\/mmkriepas.lv\/en\/wp-json\/wp\/v2\/product_cat?post=595969"},{"taxonomy":"product_tag","embeddable":true,"href":"https:\/\/mmkriepas.lv\/en\/wp-json\/wp\/v2\/product_tag?post=595969"}],"curies":[{"name":"wp","href":"https:\/\/api.w.org\/{rel}","templated":true}]}}