{"id":595957,"date":"2023-02-09T17:39:48","date_gmt":"2023-02-09T15:39:48","guid":{"rendered":"https:\/\/mmkserviss.lv\/?post_type=product&#038;p=595957"},"modified":"2026-04-28T22:14:58","modified_gmt":"2026-04-28T19:14:58","slug":"195-65r16c-kumho-winter-portran-cw51-104-102t","status":"publish","type":"product","link":"https:\/\/mmkriepas.lv\/en\/p\/195-65r16c-kumho-winter-portran-cw51-104-102t\/","title":{"rendered":"195\/65R16C Kumho Winter Portran CW51 104\/102T DOT22"},"content":{"rendered":"<p><strong>Kumho Winter Portran CW51<\/strong> ir ziemas\/M+S riepu modelis, kas paredz\u0113ts komerctransportam. Riepas <strong>izce\u013cas ar sabalans\u0113t\u0101m eksplaut\u0101cijas \u012bpa\u0161\u012bb\u0101m<\/strong>, vienlaikus demonstr\u0113jot ar\u012b augstas komforta \u012bpa\u0161\u012bbas, palielin\u0101tu veiktsp\u0113ju un un uzticam\u012bbu skarb\u0101kos apst\u0101k\u013cos.<\/p>\n<h3><strong>Winter Portran CW51 galven\u0101s iez\u012bmes<\/strong><\/h3>\n<p>+Pastiprin\u0101ti protektora bloki, kas vienm\u0113r\u012bgi sadala slodzi kontakta virsm\u0101. +Z\u0101\u0123veida lameles uzlabo sa\u0137eri ar sliden\u0101m ce\u013ca virsm\u0101m. +Uzlabota veiktsp\u0113ja snieg\u0101, pateicoties protektora bloku augstumam un \u012bpa\u0161iem elementiem riepas plecu zon\u0101. + Augsta nodilum iztur\u012bba <strong>Kumho Winter Portran CW51<\/strong> protektora raksts izce\u013cas ar vair\u0101kiem t\u016bksto\u0161iem z\u0101\u0123veida formas lame\u013cu, kas b\u016btiski uzlabo sa\u0137eri ar sliden\u0101m ce\u013ca virsm\u0101m, ar kur\u0101m var n\u0101kties saskarties ziemas apst\u0101k\u013cos. Mode\u013ca lieto\u0161anas dro\u0161\u012bbu ziemas laika apst\u0101k\u013cos un t\u0101 atbilst\u012bbu valst\u012bm ar oblig\u0101tu sezon\u0101lo riepu mai\u0146u apstiprina mar\u0137\u0113jums sniegp\u0101rslas form\u0101 uz kalna fona ar trim virsotn\u0113m (3PMSF). <span><\/span><\/p>\n","protected":false},"excerpt":{"rendered":"<p><strong>Kumho Winter Portran CW51<\/strong> ir ziemas\/M+S riepu modelis, kas paredz\u0113ts komerctransportam. Riepas <strong>izce\u013cas ar sabalans\u0113t\u0101m eksplaut\u0101cijas \u012bpa\u0161\u012bb\u0101m<\/strong>, vienlaikus demonstr\u0113jot ar\u012b augstas komforta \u012bpa\u0161\u012bbas, palielin\u0101tu veiktsp\u0113ju un un uzticam\u012bbu skarb\u0101kos apst\u0101k\u013cos.<\/p>\n","protected":false},"featured_media":1158439,"template":"","meta":{"_acf_changed":false,"ngg_post_thumbnail":0},"product_brand":[],"product_cat":[47,45],"product_tag":[],"class_list":{"0":"post-595957","1":"product","2":"type-product","3":"status-publish","4":"has-post-thumbnail","6":"product_cat-vissezonas-riepas","7":"product_cat-ziemas-riepas","9":"first","10":"instock","11":"sale","12":"taxable","13":"shipping-taxable","14":"purchasable","15":"product-type-simple"},"acf":[],"yoast_head":"<!-- This site is optimized with the Yoast SEO Premium plugin v22.6 (Yoast SEO v27.3) - https:\/\/yoast.com\/product\/yoast-seo-premium-wordpress\/ -->\n<title>195\/65R16C Kumho Winter Portran CW51 104\/102T DOT22 &#8226; MMK Riepas<\/title>\n<meta name=\"robots\" content=\"index, follow, max-snippet:-1, max-image-preview:large, max-video-preview:-1\" \/>\n<link rel=\"canonical\" href=\"https:\/\/mmkriepas.lv\/en\/p\/195-65r16c-kumho-winter-portran-cw51-104-102t\/\" \/>\n<meta property=\"og:locale\" content=\"en_US\" \/>\n<meta property=\"og:type\" content=\"article\" \/>\n<meta property=\"og:title\" content=\"195\/65R16C Kumho Winter Portran CW51 104\/102T DOT22\" \/>\n<meta property=\"og:description\" content=\"Kumho Winter Portran CW51 ir ziemas\/M+S riepu modelis, kas paredz\u0113ts komerctransportam. Riepas izce\u013cas ar sabalans\u0113t\u0101m eksplaut\u0101cijas \u012bpa\u0161\u012bb\u0101m, vienlaikus demonstr\u0113jot ar\u012b augstas komforta \u012bpa\u0161\u012bbas, palielin\u0101tu veiktsp\u0113ju un un uzticam\u012bbu skarb\u0101kos apst\u0101k\u013cos.\" \/>\n<meta property=\"og:url\" content=\"https:\/\/mmkriepas.lv\/en\/p\/195-65r16c-kumho-winter-portran-cw51-104-102t\/\" \/>\n<meta property=\"og:site_name\" content=\"MMK Riepas\" \/>\n<meta property=\"article:publisher\" content=\"https:\/\/www.facebook.com\/mmkserviss\/\" \/>\n<meta property=\"article:modified_time\" content=\"2026-04-28T19:14:58+00:00\" \/>\n<meta property=\"og:image\" content=\"https:\/\/mmkriepas.lv\/wp-content\/uploads\/2025\/01\/20565r16c-kumho-winter-portran-cw51-107105t-ziemas-riepas.jpg\" \/>\n\t<meta property=\"og:image:width\" content=\"900\" \/>\n\t<meta property=\"og:image:height\" content=\"720\" \/>\n\t<meta property=\"og:image:type\" content=\"image\/jpeg\" \/>\n<meta name=\"twitter:card\" content=\"summary_large_image\" \/>\n<meta name=\"twitter:label1\" content=\"Price\" \/>\n\t<meta name=\"twitter:data1\" content=\"&euro;97.00\" \/>\n\t<meta name=\"twitter:label2\" content=\"Availability\" \/>\n\t<meta name=\"twitter:data2\" content=\"In stock\" \/>\n<script type=\"application\/ld+json\" class=\"yoast-schema-graph\">{\"@context\":\"https:\\\/\\\/schema.org\",\"@graph\":[{\"@type\":\"WebPage\",\"@id\":\"https:\\\/\\\/mmkriepas.lv\\\/en\\\/p\\\/195-65r16c-kumho-winter-portran-cw51-104-102t\\\/\",\"url\":\"https:\\\/\\\/mmkriepas.lv\\\/en\\\/p\\\/195-65r16c-kumho-winter-portran-cw51-104-102t\\\/\",\"name\":\"195\\\/65R16C Kumho Winter Portran CW51 104\\\/102T DOT22 &#8226; MMK Riepas\",\"isPartOf\":{\"@id\":\"https:\\\/\\\/mmkriepas.lv\\\/en\\\/#website\"},\"primaryImageOfPage\":{\"@id\":\"https:\\\/\\\/mmkriepas.lv\\\/en\\\/p\\\/195-65r16c-kumho-winter-portran-cw51-104-102t\\\/#primaryimage\"},\"image\":{\"@id\":\"https:\\\/\\\/mmkriepas.lv\\\/en\\\/p\\\/195-65r16c-kumho-winter-portran-cw51-104-102t\\\/#primaryimage\"},\"thumbnailUrl\":\"https:\\\/\\\/mmkriepas.lv\\\/wp-content\\\/uploads\\\/2025\\\/01\\\/20565r16c-kumho-winter-portran-cw51-107105t-ziemas-riepas.jpg\",\"datePublished\":\"2023-02-09T15:39:48+00:00\",\"dateModified\":\"2026-04-28T19:14:58+00:00\",\"breadcrumb\":{\"@id\":\"https:\\\/\\\/mmkriepas.lv\\\/en\\\/p\\\/195-65r16c-kumho-winter-portran-cw51-104-102t\\\/#breadcrumb\"},\"inLanguage\":\"en-US\",\"potentialAction\":[{\"@type\":\"ReadAction\",\"target\":[\"https:\\\/\\\/mmkriepas.lv\\\/en\\\/p\\\/195-65r16c-kumho-winter-portran-cw51-104-102t\\\/\"]}]},{\"@type\":\"ImageObject\",\"inLanguage\":\"en-US\",\"@id\":\"https:\\\/\\\/mmkriepas.lv\\\/en\\\/p\\\/195-65r16c-kumho-winter-portran-cw51-104-102t\\\/#primaryimage\",\"url\":\"https:\\\/\\\/mmkriepas.lv\\\/wp-content\\\/uploads\\\/2025\\\/01\\\/20565r16c-kumho-winter-portran-cw51-107105t-ziemas-riepas.jpg\",\"contentUrl\":\"https:\\\/\\\/mmkriepas.lv\\\/wp-content\\\/uploads\\\/2025\\\/01\\\/20565r16c-kumho-winter-portran-cw51-107105t-ziemas-riepas.jpg\",\"width\":900,\"height\":720,\"caption\":\"MAIN\"},{\"@type\":\"BreadcrumbList\",\"@id\":\"https:\\\/\\\/mmkriepas.lv\\\/en\\\/p\\\/195-65r16c-kumho-winter-portran-cw51-104-102t\\\/#breadcrumb\",\"itemListElement\":[{\"@type\":\"ListItem\",\"position\":1,\"name\":\"S\u0101kums\",\"item\":\"https:\\\/\\\/mmkriepas.lv\\\/en\\\/\"},{\"@type\":\"ListItem\",\"position\":2,\"name\":\"195\\\/65R16C Kumho Winter Portran CW51 104\\\/102T DOT22\"}]},{\"@type\":\"WebSite\",\"@id\":\"https:\\\/\\\/mmkriepas.lv\\\/en\\\/#website\",\"url\":\"https:\\\/\\\/mmkriepas.lv\\\/en\\\/\",\"name\":\"MMK Riepas\",\"description\":\"MMK Riepas\",\"alternateName\":\"MMK Riepu Serviss\",\"potentialAction\":[{\"@type\":\"SearchAction\",\"target\":{\"@type\":\"EntryPoint\",\"urlTemplate\":\"https:\\\/\\\/mmkriepas.lv\\\/en\\\/?s={search_term_string}\"},\"query-input\":{\"@type\":\"PropertyValueSpecification\",\"valueRequired\":true,\"valueName\":\"search_term_string\"}}],\"inLanguage\":\"en-US\"},{\"@type\":\"ImageObject\",\"inLanguage\":\"en-US\",\"@id\":\"https:\\\/\\\/mmkriepas.lv\\\/en\\\/p\\\/195-65r16c-kumho-winter-portran-cw51-104-102t\\\/#local-main-organization-logo\",\"url\":\"\",\"contentUrl\":\"\",\"caption\":\"MMK Riepas\"}]}<\/script>\n<meta property=\"product:brand\" content=\"Kumho Winter PorTran CW51\" \/>\n<meta property=\"product:price:amount\" content=\"97.00\" \/>\n<meta property=\"product:price:currency\" content=\"EUR\" \/>\n<meta property=\"og:availability\" content=\"instock\" \/>\n<meta property=\"product:availability\" content=\"instock\" \/>\n<meta property=\"product:retailer_item_id\" content=\"TW1956516CKumho-E17811\" \/>\n<meta property=\"product:condition\" content=\"new\" \/>\n<!-- \/ Yoast SEO Premium plugin. -->","yoast_head_json":{"title":"195\/65R16C Kumho Winter Portran CW51 104\/102T DOT22 &#8226; MMK Riepas","robots":{"index":"index","follow":"follow","max-snippet":"max-snippet:-1","max-image-preview":"max-image-preview:large","max-video-preview":"max-video-preview:-1"},"canonical":"https:\/\/mmkriepas.lv\/en\/p\/195-65r16c-kumho-winter-portran-cw51-104-102t\/","og_locale":"en_US","og_type":"article","og_title":"195\/65R16C Kumho Winter Portran CW51 104\/102T DOT22","og_description":"Kumho Winter Portran CW51 ir ziemas\/M+S riepu modelis, kas paredz\u0113ts komerctransportam. Riepas izce\u013cas ar sabalans\u0113t\u0101m eksplaut\u0101cijas \u012bpa\u0161\u012bb\u0101m, vienlaikus demonstr\u0113jot ar\u012b augstas komforta \u012bpa\u0161\u012bbas, palielin\u0101tu veiktsp\u0113ju un un uzticam\u012bbu skarb\u0101kos apst\u0101k\u013cos.","og_url":"https:\/\/mmkriepas.lv\/en\/p\/195-65r16c-kumho-winter-portran-cw51-104-102t\/","og_site_name":"MMK Riepas","article_publisher":"https:\/\/www.facebook.com\/mmkserviss\/","article_modified_time":"2026-04-28T19:14:58+00:00","og_image":[{"width":900,"height":720,"url":"https:\/\/mmkriepas.lv\/wp-content\/uploads\/2025\/01\/20565r16c-kumho-winter-portran-cw51-107105t-ziemas-riepas.jpg","type":"image\/jpeg"}],"twitter_card":"summary_large_image","twitter_misc":{"Price":"&euro;97.00","Availability":"In stock"},"schema":{"@context":"https:\/\/schema.org","@graph":[{"@type":"WebPage","@id":"https:\/\/mmkriepas.lv\/en\/p\/195-65r16c-kumho-winter-portran-cw51-104-102t\/","url":"https:\/\/mmkriepas.lv\/en\/p\/195-65r16c-kumho-winter-portran-cw51-104-102t\/","name":"195\/65R16C Kumho Winter Portran CW51 104\/102T DOT22 &#8226; MMK Riepas","isPartOf":{"@id":"https:\/\/mmkriepas.lv\/en\/#website"},"primaryImageOfPage":{"@id":"https:\/\/mmkriepas.lv\/en\/p\/195-65r16c-kumho-winter-portran-cw51-104-102t\/#primaryimage"},"image":{"@id":"https:\/\/mmkriepas.lv\/en\/p\/195-65r16c-kumho-winter-portran-cw51-104-102t\/#primaryimage"},"thumbnailUrl":"https:\/\/mmkriepas.lv\/wp-content\/uploads\/2025\/01\/20565r16c-kumho-winter-portran-cw51-107105t-ziemas-riepas.jpg","datePublished":"2023-02-09T15:39:48+00:00","dateModified":"2026-04-28T19:14:58+00:00","breadcrumb":{"@id":"https:\/\/mmkriepas.lv\/en\/p\/195-65r16c-kumho-winter-portran-cw51-104-102t\/#breadcrumb"},"inLanguage":"en-US","potentialAction":[{"@type":"ReadAction","target":["https:\/\/mmkriepas.lv\/en\/p\/195-65r16c-kumho-winter-portran-cw51-104-102t\/"]}]},{"@type":"ImageObject","inLanguage":"en-US","@id":"https:\/\/mmkriepas.lv\/en\/p\/195-65r16c-kumho-winter-portran-cw51-104-102t\/#primaryimage","url":"https:\/\/mmkriepas.lv\/wp-content\/uploads\/2025\/01\/20565r16c-kumho-winter-portran-cw51-107105t-ziemas-riepas.jpg","contentUrl":"https:\/\/mmkriepas.lv\/wp-content\/uploads\/2025\/01\/20565r16c-kumho-winter-portran-cw51-107105t-ziemas-riepas.jpg","width":900,"height":720,"caption":"MAIN"},{"@type":"BreadcrumbList","@id":"https:\/\/mmkriepas.lv\/en\/p\/195-65r16c-kumho-winter-portran-cw51-104-102t\/#breadcrumb","itemListElement":[{"@type":"ListItem","position":1,"name":"S\u0101kums","item":"https:\/\/mmkriepas.lv\/en\/"},{"@type":"ListItem","position":2,"name":"195\/65R16C Kumho Winter Portran CW51 104\/102T DOT22"}]},{"@type":"WebSite","@id":"https:\/\/mmkriepas.lv\/en\/#website","url":"https:\/\/mmkriepas.lv\/en\/","name":"MMK Riepas","description":"MMK Riepas","alternateName":"MMK Riepu Serviss","potentialAction":[{"@type":"SearchAction","target":{"@type":"EntryPoint","urlTemplate":"https:\/\/mmkriepas.lv\/en\/?s={search_term_string}"},"query-input":{"@type":"PropertyValueSpecification","valueRequired":true,"valueName":"search_term_string"}}],"inLanguage":"en-US"},{"@type":"ImageObject","inLanguage":"en-US","@id":"https:\/\/mmkriepas.lv\/en\/p\/195-65r16c-kumho-winter-portran-cw51-104-102t\/#local-main-organization-logo","url":"","contentUrl":"","caption":"MMK Riepas"}]},"product_brand":"Kumho Winter PorTran CW51","product_price_amount":"97.00","product_price_currency":"EUR","og_availability":"instock","product_availability":"instock","product_retailer_item_id":"TW1956516CKumho-E17811","product_condition":"new"},"_links":{"self":[{"href":"https:\/\/mmkriepas.lv\/en\/wp-json\/wp\/v2\/product\/595957","targetHints":{"allow":["GET"]}}],"collection":[{"href":"https:\/\/mmkriepas.lv\/en\/wp-json\/wp\/v2\/product"}],"about":[{"href":"https:\/\/mmkriepas.lv\/en\/wp-json\/wp\/v2\/types\/product"}],"wp:featuredmedia":[{"embeddable":true,"href":"https:\/\/mmkriepas.lv\/en\/wp-json\/wp\/v2\/media\/1158439"}],"wp:attachment":[{"href":"https:\/\/mmkriepas.lv\/en\/wp-json\/wp\/v2\/media?parent=595957"}],"wp:term":[{"taxonomy":"product_brand","embeddable":true,"href":"https:\/\/mmkriepas.lv\/en\/wp-json\/wp\/v2\/product_brand?post=595957"},{"taxonomy":"product_cat","embeddable":true,"href":"https:\/\/mmkriepas.lv\/en\/wp-json\/wp\/v2\/product_cat?post=595957"},{"taxonomy":"product_tag","embeddable":true,"href":"https:\/\/mmkriepas.lv\/en\/wp-json\/wp\/v2\/product_tag?post=595957"}],"curies":[{"name":"wp","href":"https:\/\/api.w.org\/{rel}","templated":true}]}}